{"id":2875,"date":"2025-09-17T13:18:34","date_gmt":"2025-09-17T12:18:34","guid":{"rendered":"https:\/\/swisslasik.ch\/laser-surgery-in-turkey\/laser-admission-facts\/"},"modified":"2026-01-05T23:39:37","modified_gmt":"2026-01-05T22:39:37","slug":"laser-admission-facts","status":"publish","type":"page","link":"https:\/\/swisslasik.ch\/en\/laser-surgery-in-turkey\/laser-admission-facts\/","title":{"rendered":"LASER ADMISSION: FACTS"},"content":{"rendered":"\t\t<div data-elementor-type=\"wp-page\" data-elementor-id=\"2875\" class=\"elementor elementor-2875 elementor-47\" data-elementor-post-type=\"page\">\n\t\t\t\t<div class=\"elementor-element elementor-element-1b5a558a e-flex e-con-boxed wpr-particle-no wpr-jarallax-no wpr-parallax-no wpr-sticky-section-no wpr-equal-height-no e-con e-parent\" data-id=\"1b5a558a\" data-element_type=\"container\" data-e-type=\"container\">\n\t\t\t\t\t<div class=\"e-con-inner\">\n\t\t<div class=\"elementor-element elementor-element-0c633ee e-con-full e-flex wpr-particle-no wpr-jarallax-no wpr-parallax-no wpr-sticky-section-no wpr-equal-height-no e-con e-child\" data-id=\"0c633ee\" data-element_type=\"container\" data-e-type=\"container\">\n\t\t\t\t<div class=\"elementor-element elementor-element-bbc9cf7 elementor-widget elementor-widget-button\" data-id=\"bbc9cf7\" data-element_type=\"widget\" data-e-type=\"widget\" data-widget_type=\"button.default\">\n\t\t\t\t\t\t\t\t\t\t<a class=\"elementor-button elementor-button-link elementor-size-sm\" href=\"https:\/\/swisslasik.ch\/lasern-in-istanbul\/medizintourismus\/\">\n\t\t\t\t\t\t<span class=\"elementor-button-content-wrapper\">\n\t\t\t\t\t\t\t\t\t<span class=\"elementor-button-text\">Medical tourism<\/span>\n\t\t\t\t\t<\/span>\n\t\t\t\t\t<\/a>\n\t\t\t\t\t\t\t\t<\/div>\n\t\t\t\t<div class=\"elementor-element elementor-element-ebc384b elementor-widget elementor-widget-button\" data-id=\"ebc384b\" data-element_type=\"widget\" data-e-type=\"widget\" data-widget_type=\"button.default\">\n\t\t\t\t\t\t\t\t\t\t<a class=\"elementor-button elementor-button-link elementor-size-sm\" href=\"https:\/\/swisslasik.ch\/en\/laser-surgery-in-turkey\/laser-admission-facts\/\">\n\t\t\t\t\t\t<span class=\"elementor-button-content-wrapper\">\n\t\t\t\t\t\t\t\t\t<span class=\"elementor-button-text\">LASER ADMISSION: FACTS<\/span>\n\t\t\t\t\t<\/span>\n\t\t\t\t\t<\/a>\n\t\t\t\t\t\t\t\t<\/div>\n\t\t\t\t<div class=\"elementor-element elementor-element-9b0fb99 elementor-widget elementor-widget-button\" data-id=\"9b0fb99\" data-element_type=\"widget\" data-e-type=\"widget\" data-widget_type=\"button.default\">\n\t\t\t\t\t\t\t\t\t\t<a class=\"elementor-button elementor-button-link elementor-size-sm\" href=\"https:\/\/swisslasik.ch\/lasern-in-istanbul\/staedte-der-tuerkei\/istanbul-als-stadt\/\">\n\t\t\t\t\t\t<span class=\"elementor-button-content-wrapper\">\n\t\t\t\t\t\t\t\t\t<span class=\"elementor-button-text\">Cities of T\u00fcrkiye<\/span>\n\t\t\t\t\t<\/span>\n\t\t\t\t\t<\/a>\n\t\t\t\t\t\t\t\t<\/div>\n\t\t\t\t<\/div>\n\t\t\t\t<div class=\"elementor-element elementor-element-23ab919b elementor-widget elementor-widget-text-editor\" data-id=\"23ab919b\" data-element_type=\"widget\" data-e-type=\"widget\" data-widget_type=\"text-editor.default\">\n\t\t\t\t\t\t\t\t\t\n<h2 class=\"wp-block-heading\">LASER ADMISSION: FACTS<\/h2>\n\n<p>Clich\u00e9s and facts about medical tourism to Istanbul. Crazy or smart? <\/p>\n\n<p>There are many clich\u00e9s about medical tourism to Istanbul. But the reality for us is quite different: <\/p>\n\n<p>Stereotype: You can never be sure about the quality in Istanbul! And what about hygiene standards? <br>Fact: Our eye laser clinic has international certification, which guarantees quality in every area.<\/p>\n\n<p>Stereotype: Swiss doctors certainly have more experience!<br>Fact: The clinic&#8217;s doctors have performed over 20,000 operations in the last 10 years and are internationally trained. No other local laser eye clinic has such a high number of operations and the associated experience. <\/p>\n\n<p>Stereotype: Abroad, it&#8217;s all about mass processing!<br>Fact: To ensure sufficient time for each patient, the clinic only accepts a few patients per day.<\/p>\n\n<p>Clich\u00e9: The devices are not new and were bought on the second-hand market!<br>Fact: The clinic owns the fastest eye laser devices in the world, the Allegretto Wave Eye-Q with 400 Hz. When the machine came onto the market, the clinic was one of the first in the world to own one. <\/p>\n\n<p>Stereotype: How can we even communicate? I don&#8217;t speak Turkish! <br>Fact: There is always someone in the clinic who speaks fluent German.<\/p>\n\n<p>Myth: There are surely more complications abroad than in Switzerland.<br>Fact: There is no scientific study that could prove this. The success rate in Switzerland is over 90 percent. At Swisslasik.ch, it&#8217;s even over 95 percent.  <\/p>\n\n<p>Myth: The number of post-operative procedures is higher abroad.<br>Fact: Only 2 percent of our patients required re-operation. Experts in Europe consider this rate 10 percent to be a success. <\/p>\n\n<p>Myth: Offering surgery without pre-operative assessment and follow-up examinations is incorrect! Unfortunately, this is often the case with medical tourism.<br>Fact: We offer both! You can have your eyes examined by our referring physicians before your trip. Thanks to our premium package, you also have follow-up examinations in Switzerland.   <\/p>\n\n<p>Stereotype: If I need a second operation, I have to pay for the travel and the operation again. There&#8217;s no saving money! <br>Fact: The clinic offers a second operation free of charge. Thanks to our premium offer, we cover your travel expenses in the event of a second operation. <\/p>\n\n<p>Stereotype: What? You&#8217;re getting laser eye surgery in Turkey? Are you crazy?<br>Fact: Please read the <a href=\"https:\/\/swisslasik.ch\/patientenberichte-augen-lasern\/\" data-type=\"page\" data-id=\"89\">testimonials from satisfied patients<\/a>. You can decide for yourself whether someone is &#8220;crazy&#8221; or &#8220;smart.&#8221;  <\/p>\n\n<p>Did you know that Istanbul was the European Capital of Culture in 2010? You can find more information <a href=\"https:\/\/swisslasik.ch\/patientenerfahrungen-augenoperation-tuerkei\/meine-augelaseroperation-in-istanbul-bericht-vom-samstag-06-februar-2010\/\" target=\"_blank\" rel=\"noreferrer noopener\">here<\/a>. <\/p>\n\n<figure class=\"wp-block-image size-full\"><img fetchpriority=\"high\" decoding=\"async\" width=\"300\" height=\"225\" class=\"wp-image-191\" src=\"https:\/\/swisslasik.ch\/wp-content\/uploads\/2025\/09\/lasik003.jpg\" alt=\"\"><\/figure>\n\n<p id=\"caption-attachment-155\">Myths and facts about medical tourism to Istanbul. Find out the facts. <\/p>\n\t\t\t\t\t\t\t\t<\/div>\n\t\t\t\t\t<\/div>\n\t\t\t\t<\/div>\n\t\t\t\t<\/div>\n\t\t","protected":false},"excerpt":{"rendered":"<p>Medical tourism LASER ADMISSION: FACTS Cities of T\u00fcrkiye LASER ADMISSION: FACTS Clich\u00e9s and facts about medical tourism to Istanbul. Crazy or smart? There are many clich\u00e9s about medical tourism to Istanbul. But the reality for us is quite different: Stereotype: You can never be sure about the quality in Istanbul! And what about hygiene standards? Fact: Our eye laser clinic has international certification, which guarantees quality in every area. Stereotype: Swiss doctors certainly have more experience!Fact: The clinic&#8217;s doctors have performed over 20,000 operations in the last 10 years and are internationally trained. No other local laser eye clinic has such a high number of operations and the associated experience. Stereotype: Abroad, it&#8217;s all about mass processing!Fact: To ensure sufficient time for each patient, the clinic only accepts a few patients per day. Clich\u00e9: The devices are not new and were bought on the second-hand market!Fact: The clinic owns the fastest eye laser devices in the world, the Allegretto Wave Eye-Q with 400 Hz. When the machine came onto the market, the clinic was one of the first in the world to own one. Stereotype: How can we even communicate? I don&#8217;t speak Turkish! Fact: There is always someone in the clinic who speaks fluent German. Myth: There are surely more complications abroad than in Switzerland.Fact: There is no scientific study that could prove this. The success rate in Switzerland is over 90 percent. At Swisslasik.ch, it&#8217;s even over 95 percent. Myth: The number of post-operative procedures is higher abroad.Fact: Only 2 percent of our patients required re-operation. Experts in Europe consider this rate 10 percent to be a success. Myth: Offering surgery without pre-operative assessment and follow-up examinations is incorrect! Unfortunately, this is often the case with medical tourism.Fact: We offer both! You can have your eyes examined by our referring physicians before your trip. Thanks to our premium package, you also have follow-up examinations in Switzerland. Stereotype: If I need a second operation, I have to pay for the travel and the operation again. There&#8217;s no saving money! Fact: The clinic offers a second operation free of charge. Thanks to our premium offer, we cover your travel expenses in the event of a second operation. Stereotype: What? You&#8217;re getting laser eye surgery in Turkey? Are you crazy?Fact: Please read the testimonials from satisfied patients. You can decide for yourself whether someone is &#8220;crazy&#8221; or &#8220;smart.&#8221; Did you know that Istanbul was the European Capital of Culture in 2010? You can find more information here. Myths and facts about medical tourism to Istanbul. Find out the facts.<\/p>\n","protected":false},"author":4,"featured_media":0,"parent":2870,"menu_order":0,"comment_status":"closed","ping_status":"closed","template":"","meta":{"_joinchat":[],"footnotes":""},"class_list":["post-2875","page","type-page","status-publish","hentry"],"acf":[],"_links":{"self":[{"href":"https:\/\/swisslasik.ch\/en\/wp-json\/wp\/v2\/pages\/2875","targetHints":{"allow":["GET"]}}],"collection":[{"href":"https:\/\/swisslasik.ch\/en\/wp-json\/wp\/v2\/pages"}],"about":[{"href":"https:\/\/swisslasik.ch\/en\/wp-json\/wp\/v2\/types\/page"}],"author":[{"embeddable":true,"href":"https:\/\/swisslasik.ch\/en\/wp-json\/wp\/v2\/users\/4"}],"replies":[{"embeddable":true,"href":"https:\/\/swisslasik.ch\/en\/wp-json\/wp\/v2\/comments?post=2875"}],"version-history":[{"count":3,"href":"https:\/\/swisslasik.ch\/en\/wp-json\/wp\/v2\/pages\/2875\/revisions"}],"predecessor-version":[{"id":2878,"href":"https:\/\/swisslasik.ch\/en\/wp-json\/wp\/v2\/pages\/2875\/revisions\/2878"}],"up":[{"embeddable":true,"href":"https:\/\/swisslasik.ch\/en\/wp-json\/wp\/v2\/pages\/2870"}],"wp:attachment":[{"href":"https:\/\/swisslasik.ch\/en\/wp-json\/wp\/v2\/media?parent=2875"}],"curies":[{"name":"wp","href":"https:\/\/api.w.org\/{rel}","templated":true}]}}