{"id":3332,"date":"2025-09-24T14:40:38","date_gmt":"2025-09-24T13:40:38","guid":{"rendered":"https:\/\/swisslasik.ch\/patientenerfahrungen-augenoperation-tuerkei-istanbul\/my-results-5-months-after-my-lasik-surgery-in-istanbul-report-from-wednesday-october-21-2009\/"},"modified":"2026-01-14T00:51:41","modified_gmt":"2026-01-13T23:51:41","slug":"my-results-5-months-after-my-lasik-surgery-in-istanbul-report-from-wednesday-october-21-2009","status":"publish","type":"page","link":"https:\/\/swisslasik.ch\/en\/patientenerfahrungen-augenoperation-tuerkei-istanbul\/my-results-5-months-after-my-lasik-surgery-in-istanbul-report-from-wednesday-october-21-2009\/","title":{"rendered":"My results 5 months after my LASIK surgery in Istanbul \u2013 report from Wednesday, October 21, 2009"},"content":{"rendered":"\n<h3 class=\"wp-block-heading\">My results 5 months after my LASIK surgery in Istanbul \u2013 report from Wednesday, October 21, 2009<\/h3>\n\n\n\n<p>Guten Tag Hier schreibe ich ihnen noch den letzten Bericht. Wie sie ja wissen, hatte ich im Mai meine Augenlaser-OP in Istanbul. Heute ging ich nun zum dritten und letzten Mal zum Zuweisungsarzt in Bern. Ich wurde auch von dieser Praxis und vom Arzt sehr gut und freundlich behandelt \u2013 ich wurde ja auch in Istanbul sehr gut und freundlich behandelt. Mit dem Resultat der OP bin ich immer noch mehr als zufrieden. Der Zuweisungsarzt hat auch gemeint es sei ein sehr gutes Resultat \u2013 er war zufrieden und hat mich heute aus der Behandlung entlassen. Ich selber habe vor der OP nicht gewagt zu denken dass ich so gut sehen k\u00f6nnte nach der OP \u2013 sagen wir mal so, ich wusste gar nicht dass man so gut sehen kann. Mit meiner Brille habe ich nie so gut gesehen und ich kann mich nicht erinnern dass ich je so gut gesehen h\u00e4tte \u2013 aber vielleicht habe ich einfach vergessen wie es war als j\u00fcngeres Kind. Ich sehe also jetzt sehr scharf, r\u00e4umlich gut, alles viel farbiger und auch in der Nacht habe ich keine Probleme. Am Anfang nach der OP hatte ich nachts um die Strassenlaternen oder Autolichter noch H\u00f6fe gesehen aber das hat sich auch gelegt. Interessant ist, dass ich viel weniger sch\u00fcchtern und \u00e4ngstlich bin (ist nicht nur meine Meinung) als vor der OP. Ich habe jetzt mehr Kontrolle \u00fcber eine bestimmte Situation da ich mehr sehe. Zum Beispiel bewegte ich mich immer etwas z\u00f6gerlich und heute sehe ich genau was wo ist (ich sehe mehr 3D \u2013 es t\u00f6nt etwas komisch da ich ja nicht eine so grosse Korrektur hatte aber f\u00fcr mich ist es alles ganz anders) \u2013 im Turnunterricht habe ich mich oft geweigert Ger\u00e4teturnen oder Bodenturnen zu machen, ich hatte einfach zu grosse Angst \u2013 heute weiss ich wieso, ich sah einfach nicht so gut und konnte deshalb Distanzen nicht so gut absch\u00e4tzen, war also sehr unsicher, und oft musste ich ja sowieso ohne Brille turnen. Alles in allem: Noch einmal besten Dank f\u00fcr die gute und schnelle Beratung, Reise, OP, Nachbehandlung, \u2026 und ich w\u00fcrde\/werde swisslasik noch immer allen empfehlen. Freundliche Gr\u00fcsse Petra Lutz             <\/p>\n\n\n\n<div class=\"wp-block-group is-layout-grid wp-container-core-group-is-layout-baef362d wp-block-group-is-layout-grid\">\n<p><a href=\"https:\/\/medicaltravel.at\/home\/agb\/\" data-type=\"page\" data-id=\"2191\" rel=\"nofollow noopener\" target=\"_blank\"><\/a><a href=\"https:\/\/swisslasik.ch\/en\/patientenerfahrungen-augenoperation-tuerkei-istanbul\/from-mole-to-eagle-report-from-monday-november-2-2009\/\" data-type=\"link\" data-id=\"https:\/\/swisslasik.ch\/en\/patientenerfahrungen-augenoperation-tuerkei-istanbul\/from-mole-to-eagle-report-from-monday-november-2-2009\/\">Previous report<\/a><\/p>\n\n\n\n<p class=\"has-text-align-right wp-container-content-5e2576f9\"><a href=\"https:\/\/medicaltravel.at\/home\/impressum\/\" data-type=\"page\" data-id=\"2193\" rel=\"nofollow noopener\" target=\"_blank\"><\/a><a href=\"https:\/\/medicaltravel.at\/home\/berichte-von-patienten\/erfahrungsberichte\/erfahrungsbericht-zahnbehandlung-in-istanbul\/\" data-type=\"page\" data-id=\"981\" rel=\"nofollow noopener\" target=\"_blank\"><\/a><a href=\"https:\/\/swisslasik.ch\/en\/patientenerfahrungen-augenoperation-tuerkei-istanbul\/a-dream-comes-true-eye-surgery-in-istanbul-on-june-15-2009-report-from-monday-july-13-2009\/\" data-type=\"link\" data-id=\"https:\/\/swisslasik.ch\/patientenerfahrungen-augenoperation-tuerkei\/ein-traum-wird-wahr-augenoperation-in-istanbul-am-15-6-2009-bericht-vom-montag-13-juli-2009\/\">Next report<\/a><\/p>\n<\/div>\n","protected":false},"excerpt":{"rendered":"<p>My results 5 months after my LASIK surgery in Istanbul \u2013 report from Wednesday, October 21, 2009 Guten Tag Hier schreibe ich ihnen noch den letzten Bericht. Wie sie ja wissen, hatte ich im Mai meine Augenlaser-OP in Istanbul. Heute ging ich nun zum dritten und letzten Mal zum Zuweisungsarzt in Bern. Ich wurde auch von dieser Praxis und vom Arzt sehr gut und freundlich behandelt \u2013 ich wurde ja auch in Istanbul sehr gut und freundlich behandelt. Mit dem Resultat der OP bin ich immer noch mehr als zufrieden. Der Zuweisungsarzt hat auch gemeint es sei ein sehr gutes Resultat \u2013 er war zufrieden und hat mich heute aus der Behandlung entlassen. Ich selber habe vor der OP nicht gewagt zu denken dass ich so gut sehen k\u00f6nnte nach der OP \u2013 sagen wir mal so, ich wusste gar nicht dass man so gut sehen kann. Mit meiner Brille habe ich nie so gut gesehen und ich kann mich nicht erinnern dass ich je so gut gesehen h\u00e4tte \u2013 aber vielleicht habe ich einfach vergessen wie es war als j\u00fcngeres Kind. Ich sehe also jetzt sehr scharf, r\u00e4umlich gut, alles viel farbiger und auch in der Nacht habe ich keine Probleme. Am Anfang nach der OP hatte ich nachts um die Strassenlaternen oder Autolichter noch H\u00f6fe gesehen aber das hat sich auch gelegt. Interessant ist, dass ich viel weniger sch\u00fcchtern und \u00e4ngstlich bin (ist nicht nur meine Meinung) als vor der OP. Ich habe jetzt mehr Kontrolle \u00fcber eine bestimmte Situation da ich mehr sehe. Zum Beispiel bewegte ich mich immer etwas z\u00f6gerlich und heute sehe ich genau was wo ist (ich sehe mehr 3D \u2013 es t\u00f6nt etwas komisch da ich ja nicht eine so grosse Korrektur hatte aber f\u00fcr mich ist es alles ganz anders) \u2013 im Turnunterricht habe ich mich oft geweigert Ger\u00e4teturnen oder Bodenturnen zu machen, ich hatte einfach zu grosse Angst \u2013 heute weiss ich wieso, ich sah einfach nicht so gut und konnte deshalb Distanzen nicht so gut absch\u00e4tzen, war also sehr unsicher, und oft musste ich ja sowieso ohne Brille turnen. Alles in allem: Noch einmal besten Dank f\u00fcr die gute und schnelle Beratung, Reise, OP, Nachbehandlung, \u2026 und ich w\u00fcrde\/werde swisslasik noch immer allen empfehlen. Freundliche Gr\u00fcsse Petra Lutz Previous report Next report<\/p>\n","protected":false},"author":4,"featured_media":0,"parent":3275,"menu_order":0,"comment_status":"closed","ping_status":"closed","template":"","meta":{"_joinchat":[],"footnotes":""},"class_list":["post-3332","page","type-page","status-publish","hentry"],"acf":[],"_links":{"self":[{"href":"https:\/\/swisslasik.ch\/en\/wp-json\/wp\/v2\/pages\/3332","targetHints":{"allow":["GET"]}}],"collection":[{"href":"https:\/\/swisslasik.ch\/en\/wp-json\/wp\/v2\/pages"}],"about":[{"href":"https:\/\/swisslasik.ch\/en\/wp-json\/wp\/v2\/types\/page"}],"author":[{"embeddable":true,"href":"https:\/\/swisslasik.ch\/en\/wp-json\/wp\/v2\/users\/4"}],"replies":[{"embeddable":true,"href":"https:\/\/swisslasik.ch\/en\/wp-json\/wp\/v2\/comments?post=3332"}],"version-history":[{"count":2,"href":"https:\/\/swisslasik.ch\/en\/wp-json\/wp\/v2\/pages\/3332\/revisions"}],"predecessor-version":[{"id":4579,"href":"https:\/\/swisslasik.ch\/en\/wp-json\/wp\/v2\/pages\/3332\/revisions\/4579"}],"up":[{"embeddable":true,"href":"https:\/\/swisslasik.ch\/en\/wp-json\/wp\/v2\/pages\/3275"}],"wp:attachment":[{"href":"https:\/\/swisslasik.ch\/en\/wp-json\/wp\/v2\/media?parent=3332"}],"curies":[{"name":"wp","href":"https:\/\/api.w.org\/{rel}","templated":true}]}}