{"id":3351,"date":"2025-11-11T13:32:24","date_gmt":"2025-11-11T12:32:24","guid":{"rendered":"https:\/\/swisslasik.ch\/agb\/"},"modified":"2026-01-07T15:36:19","modified_gmt":"2026-01-07T14:36:19","slug":"agb","status":"publish","type":"page","link":"https:\/\/swisslasik.ch\/tr\/agb\/","title":{"rendered":"AGB"},"content":{"rendered":"\t\t<div data-elementor-type=\"wp-page\" data-elementor-id=\"3351\" class=\"elementor elementor-3351 elementor-1551\" data-elementor-post-type=\"page\">\n\t\t\t\t<div class=\"elementor-element elementor-element-23f520dd e-flex e-con-boxed wpr-particle-no wpr-jarallax-no wpr-parallax-no wpr-sticky-section-no e-con e-parent\" data-id=\"23f520dd\" data-element_type=\"container\" data-e-type=\"container\">\n\t\t\t\t\t<div class=\"e-con-inner\">\n\t\t\t\t<div class=\"elementor-element elementor-element-5a8fa840 elementor-widget elementor-widget-text-editor\" data-id=\"5a8fa840\" data-element_type=\"widget\" data-e-type=\"widget\" data-widget_type=\"text-editor.default\">\n\t\t\t\t\t\t\t\t\t\n<p>MedicalTravel GmbH\u2019nin Genel \u0130\u015flem ve Hizmet \u015eartlar\u0131<br>Hizmetimiz yaln\u0131zca u\u00e7ak bileti organizasyonu, otel rezervasyonlar\u0131, klinik ve g\u00f6z doktorlar\u0131 ile randevu ayarlanmas\u0131 gibi ula\u015f\u0131m ve organizasyon hizmetlerinin arac\u0131l\u0131\u011f\u0131n\u0131 kapsamaktad\u0131r. Rezerve edilen seyahatin fiilen ger\u00e7ekle\u015ftirilmesi s\u00f6zle\u015fmesel y\u00fck\u00fcml\u00fcl\u00fcklerimiz aras\u0131nda yer almaz. Arac\u0131 firma bir tur operat\u00f6r\u00fc de\u011fildir. Yap\u0131lan rezervasyonlar ile seyahat \u015firketi veya havayolu, otel, klinik ve transfer firmalar\u0131yla ayr\u0131 ayr\u0131 s\u00f6zle\u015fmeler kurulmu\u015f olur. Arac\u0131l\u0131k edilen hizmetlerin kendisinin sunulmas\u0131, s\u00f6zle\u015fmesel sorumluluklar\u0131m\u0131z\u0131n bir par\u00e7as\u0131 de\u011fildir.    <\/p>\n\n<p>Arac\u0131l\u0131k edilen hizmet sa\u011flay\u0131c\u0131lar\u0131na ili\u015fkin bilgiler (fiyatlar vb.) tamamen ilgili hizmeti sunan sorumlu kurulu\u015flar\u0131n bize iletti\u011fi bilgilere dayanmaktad\u0131r. Arac\u0131l\u0131k edilen hizmetlerde, hizmet sa\u011flay\u0131c\u0131n\u0131n hizmeti usul\u00fcne uygun \u015fekilde yerine getirmemesinden dolay\u0131 taraf\u0131m\u0131z\u0131n herhangi bir sorumlulu\u011fu bulunmamaktad\u0131r. <\/p>\n\n<p>T\u0131bbi kurumlar taraf\u0131ndan sunulan tedavilere dayanan taleplerden do\u011fabilecek her t\u00fcrl\u00fc sorumluluk taraf\u0131m\u0131zdan a\u00e7\u0131k\u00e7a hari\u00e7 tutulmu\u015ftur. Uygulanacak t\u0131bbi tedavinin t\u00fcr\u00fcne ili\u015fkin karar tamamen m\u00fc\u015fteriye aittir. \u00d6zellikle tedavi hatalar\u0131na ili\u015fkin herhangi bir sorumlulu\u011fumuz bulunmamaktad\u0131r. Ameliyat, buna ba\u011fl\u0131 doktor muayeneleri, ameliyat \u00f6ncesi ve sonras\u0131 kontroller ile di\u011fer t\u00fcm t\u0131bbi yan hizmetler \u00fc\u00e7\u00fcnc\u00fc taraf hizmetleridir ve yaln\u0131zca arac\u0131l\u0131k kapsam\u0131nda sunulabilir. M\u00fc\u015fteri, seyahatin bu b\u00f6l\u00fcm\u00fcne ili\u015fkin s\u00f6zle\u015fmeyi do\u011frudan klinik ile yapar.    <\/p>\n\t\t\t\t\t\t\t\t<\/div>\n\t\t\t\t\t<\/div>\n\t\t\t\t<\/div>\n\t\t\t\t<\/div>\n\t\t","protected":false},"excerpt":{"rendered":"<p>MedicalTravel GmbH\u2019nin Genel \u0130\u015flem ve Hizmet \u015eartlar\u0131Hizmetimiz yaln\u0131zca u\u00e7ak bileti organizasyonu, otel rezervasyonlar\u0131, klinik ve g\u00f6z doktorlar\u0131 ile randevu ayarlanmas\u0131 gibi ula\u015f\u0131m ve organizasyon hizmetlerinin arac\u0131l\u0131\u011f\u0131n\u0131 kapsamaktad\u0131r. Rezerve edilen seyahatin fiilen ger\u00e7ekle\u015ftirilmesi s\u00f6zle\u015fmesel y\u00fck\u00fcml\u00fcl\u00fcklerimiz aras\u0131nda yer almaz. Arac\u0131 firma bir tur operat\u00f6r\u00fc de\u011fildir. Yap\u0131lan rezervasyonlar ile seyahat \u015firketi veya havayolu, otel, klinik ve transfer firmalar\u0131yla ayr\u0131 ayr\u0131 s\u00f6zle\u015fmeler kurulmu\u015f olur. Arac\u0131l\u0131k edilen hizmetlerin kendisinin sunulmas\u0131, s\u00f6zle\u015fmesel sorumluluklar\u0131m\u0131z\u0131n bir par\u00e7as\u0131 de\u011fildir. Arac\u0131l\u0131k edilen hizmet sa\u011flay\u0131c\u0131lar\u0131na ili\u015fkin bilgiler (fiyatlar vb.) tamamen ilgili hizmeti sunan sorumlu kurulu\u015flar\u0131n bize iletti\u011fi bilgilere dayanmaktad\u0131r. Arac\u0131l\u0131k edilen hizmetlerde, hizmet sa\u011flay\u0131c\u0131n\u0131n hizmeti usul\u00fcne uygun \u015fekilde yerine getirmemesinden dolay\u0131 taraf\u0131m\u0131z\u0131n herhangi bir sorumlulu\u011fu bulunmamaktad\u0131r. T\u0131bbi kurumlar taraf\u0131ndan sunulan tedavilere dayanan taleplerden do\u011fabilecek her t\u00fcrl\u00fc sorumluluk taraf\u0131m\u0131zdan a\u00e7\u0131k\u00e7a hari\u00e7 tutulmu\u015ftur. Uygulanacak t\u0131bbi tedavinin t\u00fcr\u00fcne ili\u015fkin karar tamamen m\u00fc\u015fteriye aittir. \u00d6zellikle tedavi hatalar\u0131na ili\u015fkin herhangi bir sorumlulu\u011fumuz bulunmamaktad\u0131r. Ameliyat, buna ba\u011fl\u0131 doktor muayeneleri, ameliyat \u00f6ncesi ve sonras\u0131 kontroller ile di\u011fer t\u00fcm t\u0131bbi yan hizmetler \u00fc\u00e7\u00fcnc\u00fc taraf hizmetleridir ve yaln\u0131zca arac\u0131l\u0131k kapsam\u0131nda sunulabilir. M\u00fc\u015fteri, seyahatin bu b\u00f6l\u00fcm\u00fcne ili\u015fkin s\u00f6zle\u015fmeyi do\u011frudan klinik ile yapar.<\/p>\n","protected":false},"author":4,"featured_media":0,"parent":0,"menu_order":0,"comment_status":"closed","ping_status":"closed","template":"","meta":{"_joinchat":[],"footnotes":""},"class_list":["post-3351","page","type-page","status-publish","hentry"],"acf":[],"_links":{"self":[{"href":"https:\/\/swisslasik.ch\/tr\/wp-json\/wp\/v2\/pages\/3351","targetHints":{"allow":["GET"]}}],"collection":[{"href":"https:\/\/swisslasik.ch\/tr\/wp-json\/wp\/v2\/pages"}],"about":[{"href":"https:\/\/swisslasik.ch\/tr\/wp-json\/wp\/v2\/types\/page"}],"author":[{"embeddable":true,"href":"https:\/\/swisslasik.ch\/tr\/wp-json\/wp\/v2\/users\/4"}],"replies":[{"embeddable":true,"href":"https:\/\/swisslasik.ch\/tr\/wp-json\/wp\/v2\/comments?post=3351"}],"version-history":[{"count":3,"href":"https:\/\/swisslasik.ch\/tr\/wp-json\/wp\/v2\/pages\/3351\/revisions"}],"predecessor-version":[{"id":3354,"href":"https:\/\/swisslasik.ch\/tr\/wp-json\/wp\/v2\/pages\/3351\/revisions\/3354"}],"wp:attachment":[{"href":"https:\/\/swisslasik.ch\/tr\/wp-json\/wp\/v2\/media?parent=3351"}],"curies":[{"name":"wp","href":"https:\/\/api.w.org\/{rel}","templated":true}]}}