{"id":3355,"date":"2025-09-17T13:54:28","date_gmt":"2025-09-17T12:54:28","guid":{"rendered":"https:\/\/swisslasik.ch\/yasli-hasta-raporlari-goez-klinigi-tuerkiye\/"},"modified":"2026-01-14T21:26:10","modified_gmt":"2026-01-14T20:26:10","slug":"yasli-hasta-raporlari-goez-klinigi-tuerkiye","status":"publish","type":"page","link":"https:\/\/swisslasik.ch\/tr\/yasli-hasta-raporlari-goez-klinigi-tuerkiye\/","title":{"rendered":"Ya\u015fl\u0131 Hasta Raporlar\u0131 G\u00f6z Klini\u011fi T\u00fcrkiye"},"content":{"rendered":"\t\t<div data-elementor-type=\"wp-page\" data-elementor-id=\"3355\" class=\"elementor elementor-3355 elementor-93\" data-elementor-post-type=\"page\">\n\t\t\t\t<div class=\"elementor-element elementor-element-7f46d8d0 e-flex e-con-boxed wpr-particle-no wpr-jarallax-no wpr-parallax-no wpr-sticky-section-no e-con e-parent\" data-id=\"7f46d8d0\" data-element_type=\"container\" data-e-type=\"container\">\n\t\t\t\t\t<div class=\"e-con-inner\">\n\t\t<div class=\"elementor-element elementor-element-3faa0f1 e-con-full e-flex wpr-particle-no wpr-jarallax-no wpr-parallax-no wpr-sticky-section-no e-con e-child\" data-id=\"3faa0f1\" data-element_type=\"container\" data-e-type=\"container\">\n\t\t\t\t<div class=\"elementor-element elementor-element-e5dbd2f elementor-widget elementor-widget-button\" data-id=\"e5dbd2f\" data-element_type=\"widget\" data-e-type=\"widget\" data-widget_type=\"button.default\">\n\t\t\t\t\t\t\t\t\t\t<a class=\"elementor-button elementor-button-link elementor-size-sm\" href=\"https:\/\/swisslasik.ch\/patientenberichte-lasik\/\">\n\t\t\t\t\t\t<span class=\"elementor-button-content-wrapper\">\n\t\t\t\t\t\t\t\t\t<span class=\"elementor-button-text\">LASIK hastalar\u0131n\u0131n g\u00f6r\u00fc\u015fleri<\/span>\n\t\t\t\t\t<\/span>\n\t\t\t\t\t<\/a>\n\t\t\t\t\t\t\t\t<\/div>\n\t\t\t\t<div class=\"elementor-element elementor-element-0878b7a elementor-widget elementor-widget-button\" data-id=\"0878b7a\" data-element_type=\"widget\" data-e-type=\"widget\" data-widget_type=\"button.default\">\n\t\t\t\t\t\t\t\t\t\t<a class=\"elementor-button elementor-button-link elementor-size-sm\" href=\"https:\/\/swisslasik.ch\/augenlasern-lasik-erfahrungen\/\">\n\t\t\t\t\t\t<span class=\"elementor-button-content-wrapper\">\n\t\t\t\t\t\t\t\t\t<span class=\"elementor-button-text\">Femto-LASIK Hasta Raporlar\u0131<\/span>\n\t\t\t\t\t<\/span>\n\t\t\t\t\t<\/a>\n\t\t\t\t\t\t\t\t<\/div>\n\t\t\t\t<div class=\"elementor-element elementor-element-48a9494 elementor-widget elementor-widget-button\" data-id=\"48a9494\" data-element_type=\"widget\" data-e-type=\"widget\" data-widget_type=\"button.default\">\n\t\t\t\t\t\t\t\t\t\t<a class=\"elementor-button elementor-button-link elementor-size-sm\" href=\"https:\/\/swisslasik.ch\/patientenberichte-augen-lasern\/\">\n\t\t\t\t\t\t<span class=\"elementor-button-content-wrapper\">\n\t\t\t\t\t\t\t\t\t<span class=\"elementor-button-text\">Hasta Raporlar\u0131<\/span>\n\t\t\t\t\t<\/span>\n\t\t\t\t\t<\/a>\n\t\t\t\t\t\t\t\t<\/div>\n\t\t\t\t<div class=\"elementor-element elementor-element-c7c50f0 elementor-widget elementor-widget-button\" data-id=\"c7c50f0\" data-element_type=\"widget\" data-e-type=\"widget\" data-widget_type=\"button.default\">\n\t\t\t\t\t\t\t\t\t\t<a class=\"elementor-button elementor-button-link elementor-size-sm\" href=\"https:\/\/swisslasik.ch\/patientenerfahrungen-augenoperation-tuerkei\/\">\n\t\t\t\t\t\t<span class=\"elementor-button-content-wrapper\">\n\t\t\t\t\t\t\t\t\t<span class=\"elementor-button-text\">Hasta Raporlar\u0131 2009-2010<\/span>\n\t\t\t\t\t<\/span>\n\t\t\t\t\t<\/a>\n\t\t\t\t\t\t\t\t<\/div>\n\t\t\t\t<div class=\"elementor-element elementor-element-488d5b8 elementor-widget elementor-widget-button\" data-id=\"488d5b8\" data-element_type=\"widget\" data-e-type=\"widget\" data-widget_type=\"button.default\">\n\t\t\t\t\t\t\t\t\t\t<a class=\"elementor-button elementor-button-link elementor-size-sm\" href=\"https:\/\/swisslasik.ch\/tr\/yasli-hasta-raporlari-goez-klinigi-tuerkiye\/\">\n\t\t\t\t\t\t<span class=\"elementor-button-content-wrapper\">\n\t\t\t\t\t\t\t\t\t<span class=\"elementor-button-text\">Eski hasta deneyimleri<\/span>\n\t\t\t\t\t<\/span>\n\t\t\t\t\t<\/a>\n\t\t\t\t\t\t\t\t<\/div>\n\t\t\t\t<\/div>\n\t\t\t\t<div class=\"elementor-element elementor-element-47434005 elementor-widget elementor-widget-text-editor\" data-id=\"47434005\" data-element_type=\"widget\" data-e-type=\"widget\" data-widget_type=\"text-editor.default\">\n\t\t\t\t\t\t\t\t\t<h2 class=\"wp-block-heading\"><strong>G\u00f6z kliniklerine ait hasta raporlar\u0131<\/strong><\/h2><ul class=\"wp-block-list\"><li><strong><a href=\"https:\/\/swisslasik.ch\/tr\/yasli-hasta-raporlari-goez-klinigi-tuerkiye\/istanbulda-lasik-ameliyatim-29-aralik-2008-pazartesi-tarihli-deneyim-raporu\/\" data-type=\"page\" data-id=\"610\">\u0130stanbul\u2019da LASIK ameliyat\u0131m <\/a>\u2013 29 Aral\u0131k 2008 Pazartesi tarihli deneyim raporu<\/strong><\/li><li><strong><a href=\"https:\/\/swisslasik.ch\/tr\/yasli-hasta-raporlari-goez-klinigi-tuerkiye\/istanbulda-goez-lazeri-deneyimi-22-aralik-2008-pazartesi-tarihli-deneyim-raporu\/\" data-type=\"page\" data-id=\"612\">\u0130stanbul\u2019da g\u00f6z lazeri deneyimi <\/a>\u2013 22 Aral\u0131k 2008 Pazartesi tarihli deneyim raporu<\/strong><\/li><li><strong><a href=\"https:\/\/swisslasik.ch\/tr\/yasli-hasta-raporlari-goez-klinigi-tuerkiye\/istanbulda-goez-lazeri-deneyimi-03-aralik-2008-carsamba-tarihli-deneyim-raporu\/\" data-type=\"page\" data-id=\"614\">\u0130stanbul\u2019da g\u00f6z lazeri deneyimi<\/a> \u2013 03 Aral\u0131k 2008 \u00c7ar\u015famba tarihli deneyim raporu<\/strong><\/li><li><strong><a href=\"https:\/\/swisslasik.ch\/tr\/yasli-hasta-raporlari-goez-klinigi-tuerkiye\/bir-hayal-gercek-oldu-16-kasim-2008-pazar-tarihli-deneyim-raporu\/\" data-type=\"page\" data-id=\"616\">Bir hayal ger\u00e7ek oldu<\/a> \u2013 16 Kas\u0131m 2008 Pazar tarihli deneyim raporu<\/strong><\/li><li><strong><a href=\"https:\/\/swisslasik.ch\/tr\/yasli-hasta-raporlari-goez-klinigi-tuerkiye\/sevincten-agladim-28-ekim-2008-sali-tarihli-deneyim-raporu\/\" data-type=\"page\" data-id=\"618\">Sevin\u00e7ten a\u011flad\u0131m<\/a> \u2013 28 Ekim 2008 Sal\u0131 tarihli deneyim raporu<\/strong><\/li><li><strong><a href=\"https:\/\/swisslasik.ch\/tr\/yasli-hasta-raporlari-goez-klinigi-tuerkiye\/goez-lazeri-seyahatimle-ilgili-notlarim-19-ekim-2008-pazar-tarihli-deneyim-raporu\/\" data-type=\"page\" data-id=\"620\">G\u00f6z lazeri seyahatimle ilgili notlar\u0131m <\/a>\u2013 19 Ekim 2008 Pazar tarihli deneyim raporu<\/strong><\/li><li><strong><a href=\"https:\/\/swisslasik.ch\/tr\/yasli-hasta-raporlari-goez-klinigi-tuerkiye\/istanbulda-goez-lazeri-deneyimi-19-ekim-2008-pazar-tarihli-deneyim-raporu\/\" data-type=\"page\" data-id=\"622\">\u0130stanbul\u2019da g\u00f6z lazeri deneyimi <\/a>\u2013 19 Ekim 2008 Pazar tarihli deneyim raporu<\/strong><\/li><li><strong><a href=\"https:\/\/swisslasik.ch\/tr\/yasli-hasta-raporlari-goez-klinigi-tuerkiye\/goez-lazeri-paket-programi-09-agustos-2008-cumartesi-tarihli-deneyim-raporu\/\" data-type=\"page\" data-id=\"624\">G\u00f6z lazeri paket program\u0131 <\/a>\u2013 09 A\u011fustos 2008 Cumartesi tarihli deneyim raporu<\/strong><\/li><li><strong><a href=\"https:\/\/swisslasik.ch\/tr\/yasli-hasta-raporlari-goez-klinigi-tuerkiye\/istanbuldaki-ameliyatima-dair-deneyim-raporu-04-temmuz-2008-cuma-tarihli-rapor\/\" data-type=\"page\" data-id=\"626\">\u0130stanbul\u2019daki ameliyat\u0131ma dair deneyim raporu<\/a> \u2013 04 Temmuz 2008 Cuma tarihli rapor<\/strong><\/li><li><strong><a href=\"https:\/\/swisslasik.ch\/tr\/yasli-hasta-raporlari-goez-klinigi-tuerkiye\/lasik-istanbul-deneyim-raporum-28-mayis-2008-carsamba-tarihli-rapor\/\" data-type=\"page\" data-id=\"628\">LASIK \u0130stanbul deneyim raporum<\/a> \u2013 28 May\u0131s 2008 \u00c7ar\u015famba tarihli rapor<\/strong><\/li><li><strong><a href=\"https:\/\/swisslasik.ch\/tr\/her-sey-lise-yillarinda-basladi-16-mayis-2008-cuma-tarihli-deneyim-raporu\/\" data-type=\"page\" data-id=\"630\">Her \u015fey lise y\u0131llar\u0131nda ba\u015flad\u0131 <\/a>\u2013 16 May\u0131s 2008 Cuma tarihli deneyim raporu<\/strong><\/li><li><strong><a href=\"https:\/\/swisslasik.ch\/tr\/yasli-hasta-raporlari-goez-klinigi-tuerkiye\/istanbulda-goez-lazeri-deneyimi-24-nisan-2008-persembe-tarihli-deneyim-raporu\/\" data-type=\"page\" data-id=\"632\">\u0130stanbul\u2019da g\u00f6z lazeri deneyimi <\/a>\u2013 24 Nisan 2008 Per\u015fembe tarihli deneyim raporu<\/strong><\/li><li><strong><a href=\"https:\/\/swisslasik.ch\/tr\/yasli-hasta-raporlari-goez-klinigi-tuerkiye\/08-04-2008-tarihinde-istanbulda-gecirdigim-goez-lasik-ameliyati-17-nisan-2008-persembe-tarihli-deneyim-raporu\/\" data-type=\"page\" data-id=\"634\">08.04.2008 tarihinde \u0130stanbul\u2019da ge\u00e7irdi\u011fim g\u00f6z LASIK ameliyat\u0131 <\/a>\u2013 17 Nisan 2008 Per\u015fembe tarihli deneyim raporu<\/strong><\/li><li><strong><a href=\"https:\/\/swisslasik.ch\/tr\/yasli-hasta-raporlari-goez-klinigi-tuerkiye\/ameliyatimla-ilgili-deneyim-raporum-15-nisan-2008-sali-tarihli-deneyim-raporu\/\" data-type=\"page\" data-id=\"636\">Ameliyat\u0131mla ilgili deneyim raporum <\/a>\u2013 15 Nisan 2008 Sal\u0131 tarihli deneyim raporu<\/strong><\/li><li><strong><a href=\"https:\/\/swisslasik.ch\/tr\/yasli-hasta-raporlari-goez-klinigi-tuerkiye\/istanbulda-lasik-ameliyatim-02-nisan-2008-carsamba-tarihli-deneyim-raporu\/\" data-type=\"page\" data-id=\"638\">\u0130stanbul\u2019da LASIK ameliyat\u0131m<\/a> \u2013 02 Nisan 2008 \u00c7ar\u015famba tarihli deneyim raporu<\/strong><\/li><li><strong><a href=\"https:\/\/swisslasik.ch\/tr\/yasli-hasta-raporlari-goez-klinigi-tuerkiye\/goez-lazeri-ameliyati-ile-ilgili-deneyimim-26-mart-2008-carsamba-tarihli-deneyim-raporu\/\" data-type=\"page\" data-id=\"640\">G\u00f6z lazeri ameliyat\u0131 ile ilgili deneyimim <\/a>\u2013 26 Mart 2008 \u00c7ar\u015famba tarihli deneyim raporu<\/strong><\/li><li><strong><a href=\"https:\/\/swisslasik.ch\/tr\/yasli-hasta-raporlari-goez-klinigi-tuerkiye\/kisa-ve-neredeyse-agrisiz-24-mart-2008-pazartesi-tarihli-deneyim-raporu\/\" data-type=\"page\" data-id=\"642\">K\u0131sa ve (neredeyse) a\u011fr\u0131s\u0131z<\/a> \u2013 24 Mart 2008 Pazartesi tarihli deneyim raporu<\/strong><\/li><li><strong><a href=\"https:\/\/swisslasik.ch\/tr\/yasli-hasta-raporlari-goez-klinigi-tuerkiye\/yaptim-gitti-17-mart-2008-pazartesi-tarihli-deneyim-raporu\/\" data-type=\"page\" data-id=\"644\">Yapt\u0131m gitti!!!<\/a> \u2013 17 Mart 2008 Pazartesi tarihli deneyim raporu<\/strong><\/li><li><strong><a href=\"https:\/\/swisslasik.ch\/tr\/yasli-hasta-raporlari-goez-klinigi-tuerkiye\/istanbuldaki-lasik-ameliyatimiz-06-mart-2008-persembe-tarihli-deneyim-raporu\/\" data-type=\"page\" data-id=\"646\">\u0130stanbul\u2019daki LASIK ameliyat\u0131m\u0131z<\/a> \u2013 06 Mart 2008 Per\u015fembe tarihli deneyim raporu<\/strong><\/li><li><strong><a href=\"https:\/\/swisslasik.ch\/tr\/yasli-hasta-raporlari-goez-klinigi-tuerkiye\/lasik-ameliyatima-dair-deneyim-raporu-05-ocak-2008-cumartesi-tarihli-deneyim-raporu\/\" data-type=\"page\" data-id=\"648\">LASIK ameliyat\u0131ma dair deneyim raporu <\/a>\u2013 05 Ocak 2008 Cumartesi tarihli deneyim raporu<\/strong><\/li><li><strong><a href=\"https:\/\/swisslasik.ch\/tr\/yasli-hasta-raporlari-goez-klinigi-tuerkiye\/aralik-ayinda-tuerkiyede-gecirdigim-lasik-ameliyatim-04-ocak-2008-cuma-tarihli-deneyim-raporu\/\" data-type=\"page\" data-id=\"650\">Aral\u0131k ay\u0131nda T\u00fcrkiye\u2019de ge\u00e7irdi\u011fim LASIK ameliyat\u0131m<\/a> \u2013 04 Ocak 2008 Cuma tarihli deneyim raporu<\/strong><\/li><li><strong><a href=\"https:\/\/swisslasik.ch\/tr\/yasli-hasta-raporlari-goez-klinigi-tuerkiye\/lasik-istanbuldaki-deneyimim-21-aralik-2007-cuma-tarihli-deneyim-raporu\/\" data-type=\"page\" data-id=\"652\">LASIK \u0130stanbul\u2019daki deneyimim<\/a> \u2013 21 Aral\u0131k 2007 Cuma tarihli deneyim raporu<\/strong><\/li><li><strong><a href=\"https:\/\/swisslasik.ch\/tr\/yasli-hasta-raporlari-goez-klinigi-tuerkiye\/goez-lazeri-14-aralik-2007-cuma-tarihli-deneyim-raporu\/\" data-type=\"page\" data-id=\"654\">G\u00f6z lazeri<\/a> \u2013 14 Aral\u0131k 2007 Cuma tarihli deneyim raporu<\/strong><\/li><li><strong><a href=\"https:\/\/swisslasik.ch\/tr\/yasli-hasta-raporlari-goez-klinigi-tuerkiye\/istanbuldaki-goez-lazeri-ameliyatimiz-28-kasim-2007-carsamba-tarihli-deneyim-raporu\/\" data-type=\"page\" data-id=\"656\">\u0130stanbul\u2019daki g\u00f6z lazeri ameliyat\u0131m\u0131z<\/a> \u2013 28 Kas\u0131m 2007 \u00c7ar\u015famba tarihli deneyim raporu<\/strong><\/li><li><strong><a href=\"https:\/\/swisslasik.ch\/tr\/yasli-hasta-raporlari-goez-klinigi-tuerkiye\/istanbulda-goez-ameliyati-19-kasim-2007-pazartesi-tarihli-deneyim-raporu\/\" data-type=\"page\" data-id=\"658\">\u0130stanbul\u2019da g\u00f6z ameliyat\u0131 <\/a>\u2013 19 Kas\u0131m 2007 Pazartesi tarihli deneyim raporu<\/strong><\/li><li><strong><a href=\"https:\/\/swisslasik.ch\/tr\/yasli-hasta-raporlari-goez-klinigi-tuerkiye\/istanbulda-goez-lazeri-ameliyatim-29-ekim-2007-pazartesi-tarihli-deneyim-raporu\/\" data-type=\"page\" data-id=\"660\">\u0130stanbul\u2019da g\u00f6z lazeri ameliyat\u0131m<\/a> \u2013 29 Ekim 2007 Pazartesi tarihli deneyim raporu<\/strong><\/li><li><strong><a href=\"https:\/\/swisslasik.ch\/tr\/yasli-hasta-raporlari-goez-klinigi-tuerkiye\/lasik-ameliyati-icin-istanbuldaki-deneyimim-28-ekim-2007-pazar-tarihli-deneyim-raporu\/\" data-type=\"page\" data-id=\"662\">LASIK ameliyat\u0131 i\u00e7in \u0130stanbul\u2019daki deneyimim <\/a>\u2013 28 Ekim 2007 Pazar tarihli deneyim raporu<\/strong><\/li><li><strong><a href=\"https:\/\/swisslasik.ch\/tr\/yasli-hasta-raporlari-goez-klinigi-tuerkiye\/tuerkiyede-goez-lazeri-deneyimi-02-ekim-2007-sali-tarihli-deneyim-raporu\/\" data-type=\"page\" data-id=\"664\">T\u00fcrkiye\u2019de g\u00f6z lazeri deneyimi <\/a>\u2013 02 Ekim 2007 Sal\u0131 tarihli deneyim raporu<\/strong><\/li><li><strong><a href=\"https:\/\/swisslasik.ch\/tr\/yasli-hasta-raporlari-goez-klinigi-tuerkiye\/tuerkiyede-goez-lazeri-deneyimi-27-temmuz-2007-cuma-tarihli-deneyim-raporu\/\" data-type=\"page\" data-id=\"666\">T\u00fcrkiye\u2019de g\u00f6z lazeri deneyimi <\/a>\u2013 27 Temmuz 2007 Cuma tarihli deneyim raporu<\/strong><\/li><li><strong><a href=\"https:\/\/swisslasik.ch\/tr\/yasli-hasta-raporlari-goez-klinigi-tuerkiye\/istanbuldan-goez-lazeri-deneyim-raporu-09-temmuz-2007-pazartesi-tarihli-rapor\/\" data-type=\"page\" data-id=\"668\">\u0130stanbul\u2019dan g\u00f6z lazeri deneyim raporu <\/a>\u2013 09 Temmuz 2007 Pazartesi tarihli rapor<\/strong><\/li><li><strong><a href=\"https:\/\/swisslasik.ch\/tr\/yasli-hasta-raporlari-goez-klinigi-tuerkiye\/lasik-istanbul-tuerkiye-deneyim-raporu-25-haziran-2007-pazartesi-tarihli-deneyim-raporu\/\" data-type=\"page\" data-id=\"670\">LASIK \u0130stanbul \/ T\u00fcrkiye deneyim raporu <\/a>\u2013 25 Haziran 2007 Pazartesi tarihli deneyim raporu<\/strong><\/li><li><strong><a href=\"https:\/\/swisslasik.ch\/tr\/yasli-hasta-raporlari-goez-klinigi-tuerkiye\/tuerkiyede-goez-lazeri-deneyimim-15-haziran-2007-cuma-tarihli-deneyim-raporu\/\" data-type=\"page\" data-id=\"672\">T\u00fcrkiye\u2019de g\u00f6z lazeri deneyimim <\/a>\u2013 15 Haziran 2007 Cuma tarihli deneyim raporu<\/strong><\/li><li><strong><a href=\"https:\/\/swisslasik.ch\/tr\/yasli-hasta-raporlari-goez-klinigi-tuerkiye\/tuerkiyede-goez-lazeri-anketi-24-mart-2007-cumartesi-tarihli-rapor\/\" data-type=\"page\" data-id=\"674\">T\u00fcrkiye\u2019de<\/a><a href=\"https:\/\/swisslasik.ch\/tr\/yasli-hasta-raporlari-goez-klinigi-tuerkiye\/tuerkiyede-goez-lazeri-anketi-24-mart-2007-cumartesi-tarihli-rapor\/\" data-type=\"page\" data-id=\"674\"> g<\/a><a href=\"https:\/\/swisslasik.ch\/tr\/yasli-hasta-raporlari-goez-klinigi-tuerkiye\/tuerkiyede-goez-lazeri-anketi-24-mart-2007-cumartesi-tarihli-rapor\/\" data-type=\"page\" data-id=\"674\">\u00f6z<\/a><a href=\"https:\/\/swisslasik.ch\/tr\/yasli-hasta-raporlari-goez-klinigi-tuerkiye\/tuerkiyede-goez-lazeri-anketi-24-mart-2007-cumartesi-tarihli-rapor\/\" data-type=\"page\" data-id=\"674\"> lazeri anketi <\/a>\u2013 24 Mart 2007 Cumartesi tarihli rapor<\/strong><\/li><li><strong><a href=\"https:\/\/swisslasik.ch\/tr\/yasli-hasta-raporlari-goez-klinigi-tuerkiye\/tuerkiyede-lasik-hasta-deneyim-raporu-20-mart-2007-sali-tarihli-rapor\/\" data-type=\"page\" data-id=\"602\">T\u00fcrkiye\u2019de LASIK hasta deneyim raporu <\/a>\u2013 20 Mart 2007 Sal\u0131 tarihli rapor<\/strong><\/li><li><strong><a href=\"https:\/\/swisslasik.ch\/tr\/yasli-hasta-raporlari-goez-klinigi-tuerkiye\/istanbulda-goez-lazeri-deneyimi-29-ocak-2007-pazartesi-tarihli-deneyim-raporu\/\" data-type=\"page\" data-id=\"604\">\u0130stanbul\u2019da g\u00f6z lazeri deneyimi <\/a>\u2013 29 Ocak 2007 Pazartesi tarihli deneyim raporu<\/strong><\/li><li><strong><a href=\"https:\/\/swisslasik.ch\/tr\/yasli-hasta-raporlari-goez-klinigi-tuerkiye\/istanbulda-lasik-ameliyati-05-aralik-2006-sali-tarihli-deneyim-raporu\/\" data-type=\"page\" data-id=\"606\">\u0130stanbul\u2019da LASIK ameliyat\u0131 <\/a>\u2013 05 Aral\u0131k 2006 Sal\u0131 tarihli deneyim raporu<\/strong><\/li><li><strong><a href=\"https:\/\/swisslasik.ch\/tr\/yasli-hasta-raporlari-goez-klinigi-tuerkiye\/lasik-istanbul-deneyim-raporu-29-kasim-2006-carsamba-tarihli-rapor\/\" data-type=\"page\" data-id=\"608\">LASIK \u0130stanbul deneyim raporu <\/a>\u2013 29 Kas\u0131m 2006 \u00c7ar\u015famba tarihli rapor<\/strong><\/li><\/ul>\t\t\t\t\t\t\t\t<\/div>\n\t\t\t\t\t<\/div>\n\t\t\t\t<\/div>\n\t\t\t\t<\/div>\n\t\t","protected":false},"excerpt":{"rendered":"<p>LASIK hastalar\u0131n\u0131n g\u00f6r\u00fc\u015fleri Femto-LASIK Hasta Raporlar\u0131 Hasta Raporlar\u0131 Hasta Raporlar\u0131 2009-2010 Eski hasta deneyimleri G\u00f6z kliniklerine ait hasta raporlar\u0131 \u0130stanbul\u2019da LASIK ameliyat\u0131m \u2013 29 Aral\u0131k 2008 Pazartesi tarihli deneyim raporu \u0130stanbul\u2019da g\u00f6z lazeri deneyimi \u2013 22 Aral\u0131k 2008 Pazartesi tarihli deneyim raporu \u0130stanbul\u2019da g\u00f6z lazeri deneyimi \u2013 03 Aral\u0131k 2008 \u00c7ar\u015famba tarihli deneyim raporu Bir hayal ger\u00e7ek oldu \u2013 16 Kas\u0131m 2008 Pazar tarihli deneyim raporu Sevin\u00e7ten a\u011flad\u0131m \u2013 28 Ekim 2008 Sal\u0131 tarihli deneyim raporu G\u00f6z lazeri seyahatimle ilgili notlar\u0131m \u2013 19 Ekim 2008 Pazar tarihli deneyim raporu \u0130stanbul\u2019da g\u00f6z lazeri deneyimi \u2013 19 Ekim 2008 Pazar tarihli deneyim raporu G\u00f6z lazeri paket program\u0131 \u2013 09 A\u011fustos 2008 Cumartesi tarihli deneyim raporu \u0130stanbul\u2019daki ameliyat\u0131ma dair deneyim raporu \u2013 04 Temmuz 2008 Cuma tarihli rapor LASIK \u0130stanbul deneyim raporum \u2013 28 May\u0131s 2008 \u00c7ar\u015famba tarihli rapor Her \u015fey lise y\u0131llar\u0131nda ba\u015flad\u0131 \u2013 16 May\u0131s 2008 Cuma tarihli deneyim raporu \u0130stanbul\u2019da g\u00f6z lazeri deneyimi \u2013 24 Nisan 2008 Per\u015fembe tarihli deneyim raporu 08.04.2008 tarihinde \u0130stanbul\u2019da ge\u00e7irdi\u011fim g\u00f6z LASIK ameliyat\u0131 \u2013 17 Nisan 2008 Per\u015fembe tarihli deneyim raporu Ameliyat\u0131mla ilgili deneyim raporum \u2013 15 Nisan 2008 Sal\u0131 tarihli deneyim raporu \u0130stanbul\u2019da LASIK ameliyat\u0131m \u2013 02 Nisan 2008 \u00c7ar\u015famba tarihli deneyim raporu G\u00f6z lazeri ameliyat\u0131 ile ilgili deneyimim \u2013 26 Mart 2008 \u00c7ar\u015famba tarihli deneyim raporu K\u0131sa ve (neredeyse) a\u011fr\u0131s\u0131z \u2013 24 Mart 2008 Pazartesi tarihli deneyim raporu Yapt\u0131m gitti!!! \u2013 17 Mart 2008 Pazartesi tarihli deneyim raporu \u0130stanbul\u2019daki LASIK ameliyat\u0131m\u0131z \u2013 06 Mart 2008 Per\u015fembe tarihli deneyim raporu LASIK ameliyat\u0131ma dair deneyim raporu \u2013 05 Ocak 2008 Cumartesi tarihli deneyim raporu Aral\u0131k ay\u0131nda T\u00fcrkiye\u2019de ge\u00e7irdi\u011fim LASIK ameliyat\u0131m \u2013 04 Ocak 2008 Cuma tarihli deneyim raporu LASIK \u0130stanbul\u2019daki deneyimim \u2013 21 Aral\u0131k 2007 Cuma tarihli deneyim raporu G\u00f6z lazeri \u2013 14 Aral\u0131k 2007 Cuma tarihli deneyim raporu \u0130stanbul\u2019daki g\u00f6z lazeri ameliyat\u0131m\u0131z \u2013 28 Kas\u0131m 2007 \u00c7ar\u015famba tarihli deneyim raporu \u0130stanbul\u2019da g\u00f6z ameliyat\u0131 \u2013 19 Kas\u0131m 2007 Pazartesi tarihli deneyim raporu \u0130stanbul\u2019da g\u00f6z lazeri ameliyat\u0131m \u2013 29 Ekim 2007 Pazartesi tarihli deneyim raporu LASIK ameliyat\u0131 i\u00e7in \u0130stanbul\u2019daki deneyimim \u2013 28 Ekim 2007 Pazar tarihli deneyim raporu T\u00fcrkiye\u2019de g\u00f6z lazeri deneyimi \u2013 02 Ekim 2007 Sal\u0131 tarihli deneyim raporu T\u00fcrkiye\u2019de g\u00f6z lazeri deneyimi \u2013 27 Temmuz 2007 Cuma tarihli deneyim raporu \u0130stanbul\u2019dan g\u00f6z lazeri deneyim raporu \u2013 09 Temmuz 2007 Pazartesi tarihli rapor LASIK \u0130stanbul \/ T\u00fcrkiye deneyim raporu \u2013 25 Haziran 2007 Pazartesi tarihli deneyim raporu T\u00fcrkiye\u2019de g\u00f6z lazeri deneyimim \u2013 15 Haziran 2007 Cuma tarihli deneyim raporu T\u00fcrkiye\u2019de g\u00f6z lazeri anketi \u2013 24 Mart 2007 Cumartesi tarihli rapor T\u00fcrkiye\u2019de LASIK hasta deneyim raporu \u2013 20 Mart 2007 Sal\u0131 tarihli rapor \u0130stanbul\u2019da g\u00f6z lazeri deneyimi \u2013 29 Ocak 2007 Pazartesi tarihli deneyim raporu \u0130stanbul\u2019da LASIK ameliyat\u0131 \u2013 05 Aral\u0131k 2006 Sal\u0131 tarihli deneyim raporu LASIK \u0130stanbul deneyim raporu \u2013 29 Kas\u0131m 2006 \u00c7ar\u015famba tarihli rapor<\/p>\n","protected":false},"author":4,"featured_media":0,"parent":0,"menu_order":0,"comment_status":"closed","ping_status":"closed","template":"","meta":{"_joinchat":[],"footnotes":""},"class_list":["post-3355","page","type-page","status-publish","hentry"],"acf":[],"_links":{"self":[{"href":"https:\/\/swisslasik.ch\/tr\/wp-json\/wp\/v2\/pages\/3355","targetHints":{"allow":["GET"]}}],"collection":[{"href":"https:\/\/swisslasik.ch\/tr\/wp-json\/wp\/v2\/pages"}],"about":[{"href":"https:\/\/swisslasik.ch\/tr\/wp-json\/wp\/v2\/types\/page"}],"author":[{"embeddable":true,"href":"https:\/\/swisslasik.ch\/tr\/wp-json\/wp\/v2\/users\/4"}],"replies":[{"embeddable":true,"href":"https:\/\/swisslasik.ch\/tr\/wp-json\/wp\/v2\/comments?post=3355"}],"version-history":[{"count":4,"href":"https:\/\/swisslasik.ch\/tr\/wp-json\/wp\/v2\/pages\/3355\/revisions"}],"predecessor-version":[{"id":4864,"href":"https:\/\/swisslasik.ch\/tr\/wp-json\/wp\/v2\/pages\/3355\/revisions\/4864"}],"wp:attachment":[{"href":"https:\/\/swisslasik.ch\/tr\/wp-json\/wp\/v2\/media?parent=3355"}],"curies":[{"name":"wp","href":"https:\/\/api.w.org\/{rel}","templated":true}]}}