{"id":3357,"date":"2025-09-24T15:19:45","date_gmt":"2025-09-24T14:19:45","guid":{"rendered":"https:\/\/swisslasik.ch\/yasli-hasta-raporlari-goez-klinigi-tuerkiye\/istanbulda-goez-ameliyati-19-kasim-2007-pazartesi-tarihli-deneyim-raporu\/"},"modified":"2026-01-14T21:01:19","modified_gmt":"2026-01-14T20:01:19","slug":"istanbulda-goez-ameliyati-19-kasim-2007-pazartesi-tarihli-deneyim-raporu","status":"publish","type":"page","link":"https:\/\/swisslasik.ch\/tr\/yasli-hasta-raporlari-goez-klinigi-tuerkiye\/istanbulda-goez-ameliyati-19-kasim-2007-pazartesi-tarihli-deneyim-raporu\/","title":{"rendered":"\u0130stanbul\u2019da g\u00f6z ameliyat\u0131 \u2013 19 Kas\u0131m 2007 Pazartesi tarihli deneyim raporu"},"content":{"rendered":"\n<h3 class=\"wp-block-heading\">\u0130stanbul\u2019da g\u00f6z ameliyat\u0131 \u2013 19 Kas\u0131m 2007 Pazartesi tarihli deneyim raporu<\/h3>\n\n\n\n<p>Hallo<\/p>\n\n\n\n<p>\u0130stanbul&#8217;daki EYEstar Klini\u011fi&#8217;nde Swisslasik ile yapt\u0131rd\u0131\u011f\u0131m Lasik ameliyat\u0131 sonras\u0131 deneyimime dair raporumu burada payla\u015f\u0131yorum.<\/p>\n\n\n\n<p>D\u00f6rt ya\u015f\u0131ndan beri g\u00f6zl\u00fck tak\u0131yorum ve uzun zamand\u0131r lazer g\u00f6z ameliyat\u0131 olmay\u0131 d\u00fc\u015f\u00fcn\u00fcyordum. Sonu\u00e7 olarak, g\u00f6zl\u00fck takman\u0131n olduk\u00e7a pratik olmad\u0131\u011f\u0131 dal\u0131\u015f tutkum beni bu ad\u0131m\u0131 atmaya motive etti, \u00f6zellikle de ameliyatlar\u0131 ba\u015far\u0131l\u0131 ge\u00e7en birka\u00e7 ki\u015fiyi tan\u0131d\u0131\u011f\u0131m i\u00e7in. <\/p>\n\n\n\n<p>\u015eimdi uygun bir klinik aray\u0131\u015f\u0131na girdim. Arkada\u015flar\u0131m sayesinde \u0130stanbul&#8217;da ameliyat olman\u0131n m\u00fcmk\u00fcn oldu\u011funu ve \u0130svi\u00e7re veya Almanya&#8217;ya g\u00f6re \u00e7ok daha ucuz oldu\u011funu biliyordum. Bu y\u00fczden internette ara\u015ft\u0131rmaya ve ba\u011f\u0131ms\u0131z forumlardaki yorumlar\u0131 okumaya ba\u015flad\u0131m. \u00d6znel de\u011ferlendirmeme dayanarak, Swisslasik&#8217;in (kalite a\u00e7\u0131s\u0131ndan) bana en iyi teklifi sundu\u011fu sonucuna vard\u0131m.   <\/p>\n\n\n\n<p>Sadece Z\u00fcrih&#8217;te ayarlanabilen (Lozan&#8217;da ya\u015fayan benim i\u00e7in pek uygun olmayan) \u00f6n muayene, g\u00f6z bebeklerimin \u00e7ok b\u00fcy\u00fck oldu\u011funu (ve gece g\u00f6r\u00fc\u015f\u00fcmde haleler olu\u015fma riski ta\u015f\u0131d\u0131\u011f\u0131m\u0131) ortaya \u00e7\u0131kard\u0131. Bu nedenle g\u00f6z doktoru, implante edilebilir bir kontakt lens \u00f6nerdi. Bu i\u015flemin \u00e7ok invaziv g\u00f6r\u00fcnd\u00fc\u011f\u00fc ve ayr\u0131ca iki kat daha pahal\u0131ya mal olaca\u011f\u0131 i\u00e7in, yapt\u0131rma konusunda tamamen ikna olmam\u0131\u015ft\u0131m. <\/p>\n\n\n\n<p>Yine de \u0130stanbul&#8217;a u\u00e7tum ve ameliyat\u0131 da yapacak olan g\u00f6z doktoruyla hangi y\u00f6ntemin benim i\u00e7in uygun olaca\u011f\u0131n\u0131 g\u00f6r\u00fc\u015ft\u00fcm. Doktor, g\u00f6z bebe\u011fimin b\u00fcy\u00fckl\u00fc\u011f\u00fcn\u00fcn LASIK ameliyat\u0131 i\u00e7in s\u0131n\u0131rda oldu\u011funu, ancak nispeten kal\u0131n korneam nedeniyle LASIK&#8217;in m\u00fcmk\u00fcn olabilece\u011fini s\u00f6yledi ve ben de LASIK&#8217;i tercih ettim. <\/p>\n\n\n\n<p>Ertesi g\u00fcn olduk\u00e7a heyecanl\u0131yd\u0131m ve bana \u00f6nerilen sakinle\u015ftirici hap\u0131 memnuniyetle kabul ettim. K\u0131sa bir s\u00fcre sonra haz\u0131rl\u0131k odas\u0131na al\u0131nd\u0131m, g\u00f6z \u00e7evrem dezenfekte edildi ve hemen ard\u0131ndan ameliyathaneye ge\u00e7ildi. Lazer i\u015flemi nispeten h\u0131zl\u0131 ge\u00e7ti ve birka\u00e7 dakika i\u00e7inde ameliyathaneden \u00e7\u0131kar\u0131larak karanl\u0131k bir dinlenme odas\u0131na al\u0131nd\u0131m. Ancak bunun i\u00e7in g\u00f6zlerimi a\u00e7mam gerekiyordu ve bu s\u0131rada olu\u015fan a\u011fr\u0131 bekledi\u011fimden daha fazlayd\u0131. Yine de benden hemen sonra ameliyat olan ki\u015filerin bu durumu benden biraz daha kolay atlatt\u0131\u011f\u0131 izlenimine kap\u0131ld\u0131m. \u0130lk 30 dakika olduk\u00e7a rahats\u0131z ediciydi, ancak ard\u0131ndan kontrol muayenesine \u00e7a\u011fr\u0131ld\u0131m, g\u00f6zlerime uyu\u015fturucu damlalar damlat\u0131ld\u0131 ve o andan itibaren her \u015fey giderek daha iyiye gitmeye ba\u015flad\u0131.    <\/p>\n\n\n\n<p>Ameliyattan sonraki ilk ak\u015fam olduk\u00e7a uzun ge\u00e7ti, \u00e7\u00fcnk\u00fc m\u00fcmk\u00fcn oldu\u011funca g\u00f6zleri kapal\u0131 tutmak gerekiyordu ve saat ak\u015fam 5 oldu\u011fu i\u00e7in uyumak i\u00e7in \u00e7ok erkendi. Ama bu zaten beklenen bir durumdu. <\/p>\n\n\n\n<p>Ertesi g\u00fcn saat 12.00\u2019de kontrol muayenem vard\u0131. \u015eimdiden olduk\u00e7a iyi g\u00f6rebiliyordum (g\u00f6z doktoruna g\u00f6re y\u00fczde 90, bana g\u00f6re ise biraz daha azd\u0131). G\u00fcn ilerledik\u00e7e ve takip eden g\u00fcnlerde g\u00f6r\u00fc\u015f\u00fcm giderek daha da iyile\u015fti. Hatta kontrol muayenesinden sonra \u00f6\u011fleden sonray\u0131 gezmeye ay\u0131rabildim ve olduk\u00e7a fazla yer g\u00f6rme f\u0131rsat\u0131 buldum.<\/p>\n\n\n\n<p>Ameliyatla ilgili t\u00fcm organizasyon \u00e7ok iyiydi. Zaman\u0131nda ger\u00e7ekle\u015fen u\u00e7u\u015fun ard\u0131ndan havaalan\u0131ndan hemen al\u0131nd\u0131m, ayr\u0131ca otelden klini\u011fe ve tekrar otele t\u00fcm transferler sorunsuz \u015fekilde sa\u011fland\u0131. \u015eof\u00f6r ayn\u0131 zamanda klinikte de yard\u0131mc\u0131 oldu\u011fu i\u00e7in bana bir\u00e7ok bilgi verebildi ve genel olarak olduk\u00e7a destekleyiciydi; klinikteki di\u011fer t\u00fcm personel de ayn\u0131 \u015fekilde \u00e7ok yard\u0131mc\u0131yd\u0131. Otel klasik anlamda bir 4 y\u0131ld\u0131zl\u0131 otel de\u011fildi, ancak beklentilerimi fazlas\u0131yla kar\u015f\u0131lad\u0131; temizdi, \u00f6zel banyosu vard\u0131 ve konfor a\u00e7\u0131s\u0131ndan yeterliydi.<\/p>\n\n\n\n<p>Ameliyattan 4 g\u00fcn sonra art\u0131k g\u00f6zl\u00fck ya da kontakt lens takmak zorunda olmaman\u0131n keyfini fazlas\u0131yla \u00e7\u0131kar\u0131yorum. Her g\u00fcn bir \u00f6nceki g\u00fcne g\u00f6re biraz daha iyi g\u00f6rd\u00fc\u011f\u00fcm\u00fc fark ediyorum ve \u015fu anda neredeyse ameliyattan \u00f6nce g\u00f6zl\u00fckle g\u00f6rd\u00fc\u011f\u00fcm kadar net g\u00f6r\u00fcyorum. Sol g\u00f6z\u00fcmde alt d\u0131\u015f k\u0131s\u0131mda zaman zaman bulan\u0131k bir leke g\u00f6r\u00fcyorum, ancak bu leke her ge\u00e7en g\u00fcn daha az fark edilir h\u00e2le geliyor ve yak\u0131nda tamamen kaybolmas\u0131n\u0131 umuyorum. Bunun d\u0131\u015f\u0131nda kendimi \u00e7ok iyi hissediyorum; herhangi bir iltihap, rahats\u0131zl\u0131k ya da ola\u011fand\u0131\u015f\u0131 bir durum yok. G\u00f6zlerim her zamanki gibi bembeyaz, k\u00fc\u00e7\u00fck k\u0131lcal damarlar da g\u00f6r\u00fcnm\u00fcyor.    <\/p>\n\n\n\n<p>Ki\u015fisel olarak EYEstar\u2019daki doktorlar\u0131n son derece iyi olduklar\u0131 ve \u00e7ok b\u00fcy\u00fck bir deneyime sahip olduklar\u0131 izlenimini edindim. Di\u011fer Avrupa \u00fclkelerinde bundan daha iyi doktorlar bulman\u0131n zor olaca\u011f\u0131n\u0131 d\u00fc\u015f\u00fcn\u00fcyorum.<\/p>\n\n\n\n<p>Karar\u0131n\u0131zda ba\u015far\u0131lar dilerim.<\/p>\n\n\n\n<p>Evet, hen\u00fcz hi\u00e7 hale g\u00f6rmedim.<\/p>\n\n\n\n<p>Hanne<\/p>\n\n\n\n<div class=\"wp-block-group is-layout-grid wp-container-core-group-is-layout-baef362d wp-block-group-is-layout-grid\">\n<p><a href=\"https:\/\/medicaltravel.at\/home\/agb\/\" data-type=\"page\" data-id=\"2191\" rel=\"nofollow noopener\" target=\"_blank\"><\/a><a href=\"https:\/\/swisslasik.ch\/tr\/yasli-hasta-raporlari-goez-klinigi-tuerkiye\/istanbuldaki-goez-lazeri-ameliyatimiz-28-kasim-2007-carsamba-tarihli-deneyim-raporu\/\" data-type=\"link\" data-id=\"https:\/\/swisslasik.ch\/tr\/yasli-hasta-raporlari-goez-klinigi-tuerkiye\/istanbuldaki-goez-lazeri-ameliyatimiz-28-kasim-2007-carsamba-tarihli-deneyim-raporu\/\">\u00d6nceki rapor<\/a><\/p>\n\n\n\n<p class=\"has-text-align-right wp-container-content-5e2576f9\"><a href=\"https:\/\/medicaltravel.at\/home\/impressum\/\" data-type=\"page\" data-id=\"2193\" rel=\"nofollow noopener\" target=\"_blank\"><\/a><a href=\"https:\/\/medicaltravel.at\/home\/berichte-von-patienten\/erfahrungsberichte\/erfahrungsbericht-zahnbehandlung-in-istanbul\/\" data-type=\"page\" data-id=\"981\" rel=\"nofollow noopener\" target=\"_blank\"><\/a><a href=\"https:\/\/swisslasik.ch\/tr\/yasli-hasta-raporlari-goez-klinigi-tuerkiye\/istanbulda-goez-lazeri-ameliyatim-29-ekim-2007-pazartesi-tarihli-deneyim-raporu\/\" data-type=\"link\" data-id=\"https:\/\/swisslasik.ch\/tr\/yasli-hasta-raporlari-goez-klinigi-tuerkiye\/istanbulda-goez-lazeri-ameliyatim-29-ekim-2007-pazartesi-tarihli-deneyim-raporu\/\">Bir Sonraki Rapor<br><\/a><\/p>\n<\/div>\n","protected":false},"excerpt":{"rendered":"<p>\u0130stanbul\u2019da g\u00f6z ameliyat\u0131 \u2013 19 Kas\u0131m 2007 Pazartesi tarihli deneyim raporu Hallo \u0130stanbul&#8217;daki EYEstar Klini\u011fi&#8217;nde Swisslasik ile yapt\u0131rd\u0131\u011f\u0131m Lasik ameliyat\u0131 sonras\u0131 deneyimime dair raporumu burada payla\u015f\u0131yorum. D\u00f6rt ya\u015f\u0131ndan beri g\u00f6zl\u00fck tak\u0131yorum ve uzun zamand\u0131r lazer g\u00f6z ameliyat\u0131 olmay\u0131 d\u00fc\u015f\u00fcn\u00fcyordum. Sonu\u00e7 olarak, g\u00f6zl\u00fck takman\u0131n olduk\u00e7a pratik olmad\u0131\u011f\u0131 dal\u0131\u015f tutkum beni bu ad\u0131m\u0131 atmaya motive etti, \u00f6zellikle de ameliyatlar\u0131 ba\u015far\u0131l\u0131 ge\u00e7en birka\u00e7 ki\u015fiyi tan\u0131d\u0131\u011f\u0131m i\u00e7in. \u015eimdi uygun bir klinik aray\u0131\u015f\u0131na girdim. Arkada\u015flar\u0131m sayesinde \u0130stanbul&#8217;da ameliyat olman\u0131n m\u00fcmk\u00fcn oldu\u011funu ve \u0130svi\u00e7re veya Almanya&#8217;ya g\u00f6re \u00e7ok daha ucuz oldu\u011funu biliyordum. Bu y\u00fczden internette ara\u015ft\u0131rmaya ve ba\u011f\u0131ms\u0131z forumlardaki yorumlar\u0131 okumaya ba\u015flad\u0131m. \u00d6znel de\u011ferlendirmeme dayanarak, Swisslasik&#8217;in (kalite a\u00e7\u0131s\u0131ndan) bana en iyi teklifi sundu\u011fu sonucuna vard\u0131m. Sadece Z\u00fcrih&#8217;te ayarlanabilen (Lozan&#8217;da ya\u015fayan benim i\u00e7in pek uygun olmayan) \u00f6n muayene, g\u00f6z bebeklerimin \u00e7ok b\u00fcy\u00fck oldu\u011funu (ve gece g\u00f6r\u00fc\u015f\u00fcmde haleler olu\u015fma riski ta\u015f\u0131d\u0131\u011f\u0131m\u0131) ortaya \u00e7\u0131kard\u0131. Bu nedenle g\u00f6z doktoru, implante edilebilir bir kontakt lens \u00f6nerdi. Bu i\u015flemin \u00e7ok invaziv g\u00f6r\u00fcnd\u00fc\u011f\u00fc ve ayr\u0131ca iki kat daha pahal\u0131ya mal olaca\u011f\u0131 i\u00e7in, yapt\u0131rma konusunda tamamen ikna olmam\u0131\u015ft\u0131m. Yine de \u0130stanbul&#8217;a u\u00e7tum ve ameliyat\u0131 da yapacak olan g\u00f6z doktoruyla hangi y\u00f6ntemin benim i\u00e7in uygun olaca\u011f\u0131n\u0131 g\u00f6r\u00fc\u015ft\u00fcm. Doktor, g\u00f6z bebe\u011fimin b\u00fcy\u00fckl\u00fc\u011f\u00fcn\u00fcn LASIK ameliyat\u0131 i\u00e7in s\u0131n\u0131rda oldu\u011funu, ancak nispeten kal\u0131n korneam nedeniyle LASIK&#8217;in m\u00fcmk\u00fcn olabilece\u011fini s\u00f6yledi ve ben de LASIK&#8217;i tercih ettim. Ertesi g\u00fcn olduk\u00e7a heyecanl\u0131yd\u0131m ve bana \u00f6nerilen sakinle\u015ftirici hap\u0131 memnuniyetle kabul ettim. K\u0131sa bir s\u00fcre sonra haz\u0131rl\u0131k odas\u0131na al\u0131nd\u0131m, g\u00f6z \u00e7evrem dezenfekte edildi ve hemen ard\u0131ndan ameliyathaneye ge\u00e7ildi. Lazer i\u015flemi nispeten h\u0131zl\u0131 ge\u00e7ti ve birka\u00e7 dakika i\u00e7inde ameliyathaneden \u00e7\u0131kar\u0131larak karanl\u0131k bir dinlenme odas\u0131na al\u0131nd\u0131m. Ancak bunun i\u00e7in g\u00f6zlerimi a\u00e7mam gerekiyordu ve bu s\u0131rada olu\u015fan a\u011fr\u0131 bekledi\u011fimden daha fazlayd\u0131. Yine de benden hemen sonra ameliyat olan ki\u015filerin bu durumu benden biraz daha kolay atlatt\u0131\u011f\u0131 izlenimine kap\u0131ld\u0131m. \u0130lk 30 dakika olduk\u00e7a rahats\u0131z ediciydi, ancak ard\u0131ndan kontrol muayenesine \u00e7a\u011fr\u0131ld\u0131m, g\u00f6zlerime uyu\u015fturucu damlalar damlat\u0131ld\u0131 ve o andan itibaren her \u015fey giderek daha iyiye gitmeye ba\u015flad\u0131. Ameliyattan sonraki ilk ak\u015fam olduk\u00e7a uzun ge\u00e7ti, \u00e7\u00fcnk\u00fc m\u00fcmk\u00fcn oldu\u011funca g\u00f6zleri kapal\u0131 tutmak gerekiyordu ve saat ak\u015fam 5 oldu\u011fu i\u00e7in uyumak i\u00e7in \u00e7ok erkendi. Ama bu zaten beklenen bir durumdu. Ertesi g\u00fcn saat 12.00\u2019de kontrol muayenem vard\u0131. \u015eimdiden olduk\u00e7a iyi g\u00f6rebiliyordum (g\u00f6z doktoruna g\u00f6re y\u00fczde 90, bana g\u00f6re ise biraz daha azd\u0131). G\u00fcn ilerledik\u00e7e ve takip eden g\u00fcnlerde g\u00f6r\u00fc\u015f\u00fcm giderek daha da iyile\u015fti. Hatta kontrol muayenesinden sonra \u00f6\u011fleden sonray\u0131 gezmeye ay\u0131rabildim ve olduk\u00e7a fazla yer g\u00f6rme f\u0131rsat\u0131 buldum. Ameliyatla ilgili t\u00fcm organizasyon \u00e7ok iyiydi. Zaman\u0131nda ger\u00e7ekle\u015fen u\u00e7u\u015fun ard\u0131ndan havaalan\u0131ndan hemen al\u0131nd\u0131m, ayr\u0131ca otelden klini\u011fe ve tekrar otele t\u00fcm transferler sorunsuz \u015fekilde sa\u011fland\u0131. \u015eof\u00f6r ayn\u0131 zamanda klinikte de yard\u0131mc\u0131 oldu\u011fu i\u00e7in bana bir\u00e7ok bilgi verebildi ve genel olarak olduk\u00e7a destekleyiciydi; klinikteki di\u011fer t\u00fcm personel de ayn\u0131 \u015fekilde \u00e7ok yard\u0131mc\u0131yd\u0131. Otel klasik anlamda bir 4 y\u0131ld\u0131zl\u0131 otel de\u011fildi, ancak beklentilerimi fazlas\u0131yla kar\u015f\u0131lad\u0131; temizdi, \u00f6zel banyosu vard\u0131 ve konfor a\u00e7\u0131s\u0131ndan yeterliydi. Ameliyattan 4 g\u00fcn sonra art\u0131k g\u00f6zl\u00fck ya da kontakt lens takmak zorunda olmaman\u0131n keyfini fazlas\u0131yla \u00e7\u0131kar\u0131yorum. Her g\u00fcn bir \u00f6nceki g\u00fcne g\u00f6re biraz daha iyi g\u00f6rd\u00fc\u011f\u00fcm\u00fc fark ediyorum ve \u015fu anda neredeyse ameliyattan \u00f6nce g\u00f6zl\u00fckle g\u00f6rd\u00fc\u011f\u00fcm kadar net g\u00f6r\u00fcyorum. Sol g\u00f6z\u00fcmde alt d\u0131\u015f k\u0131s\u0131mda zaman zaman bulan\u0131k bir leke g\u00f6r\u00fcyorum, ancak bu leke her ge\u00e7en g\u00fcn daha az fark edilir h\u00e2le geliyor ve yak\u0131nda tamamen kaybolmas\u0131n\u0131 umuyorum. Bunun d\u0131\u015f\u0131nda kendimi \u00e7ok iyi hissediyorum; herhangi bir iltihap, rahats\u0131zl\u0131k ya da ola\u011fand\u0131\u015f\u0131 bir durum yok. G\u00f6zlerim her zamanki gibi bembeyaz, k\u00fc\u00e7\u00fck k\u0131lcal damarlar da g\u00f6r\u00fcnm\u00fcyor. Ki\u015fisel olarak EYEstar\u2019daki doktorlar\u0131n son derece iyi olduklar\u0131 ve \u00e7ok b\u00fcy\u00fck bir deneyime sahip olduklar\u0131 izlenimini edindim. Di\u011fer Avrupa \u00fclkelerinde bundan daha iyi doktorlar bulman\u0131n zor olaca\u011f\u0131n\u0131 d\u00fc\u015f\u00fcn\u00fcyorum. Karar\u0131n\u0131zda ba\u015far\u0131lar dilerim. Evet, hen\u00fcz hi\u00e7 hale g\u00f6rmedim. Hanne \u00d6nceki rapor Bir Sonraki Rapor<\/p>\n","protected":false},"author":4,"featured_media":0,"parent":3355,"menu_order":0,"comment_status":"closed","ping_status":"closed","template":"","meta":{"_joinchat":[],"footnotes":""},"class_list":["post-3357","page","type-page","status-publish","hentry"],"acf":[],"_links":{"self":[{"href":"https:\/\/swisslasik.ch\/tr\/wp-json\/wp\/v2\/pages\/3357","targetHints":{"allow":["GET"]}}],"collection":[{"href":"https:\/\/swisslasik.ch\/tr\/wp-json\/wp\/v2\/pages"}],"about":[{"href":"https:\/\/swisslasik.ch\/tr\/wp-json\/wp\/v2\/types\/page"}],"author":[{"embeddable":true,"href":"https:\/\/swisslasik.ch\/tr\/wp-json\/wp\/v2\/users\/4"}],"replies":[{"embeddable":true,"href":"https:\/\/swisslasik.ch\/tr\/wp-json\/wp\/v2\/comments?post=3357"}],"version-history":[{"count":6,"href":"https:\/\/swisslasik.ch\/tr\/wp-json\/wp\/v2\/pages\/3357\/revisions"}],"predecessor-version":[{"id":4853,"href":"https:\/\/swisslasik.ch\/tr\/wp-json\/wp\/v2\/pages\/3357\/revisions\/4853"}],"up":[{"embeddable":true,"href":"https:\/\/swisslasik.ch\/tr\/wp-json\/wp\/v2\/pages\/3355"}],"wp:attachment":[{"href":"https:\/\/swisslasik.ch\/tr\/wp-json\/wp\/v2\/media?parent=3357"}],"curies":[{"name":"wp","href":"https:\/\/api.w.org\/{rel}","templated":true}]}}