{"id":3365,"date":"2025-09-24T15:24:37","date_gmt":"2025-09-24T14:24:37","guid":{"rendered":"https:\/\/swisslasik.ch\/yasli-hasta-raporlari-goez-klinigi-tuerkiye\/tuerkiyede-goez-lazeri-anketi-24-mart-2007-cumartesi-tarihli-rapor\/"},"modified":"2026-01-14T21:08:55","modified_gmt":"2026-01-14T20:08:55","slug":"tuerkiyede-goez-lazeri-anketi-24-mart-2007-cumartesi-tarihli-rapor","status":"publish","type":"page","link":"https:\/\/swisslasik.ch\/tr\/yasli-hasta-raporlari-goez-klinigi-tuerkiye\/tuerkiyede-goez-lazeri-anketi-24-mart-2007-cumartesi-tarihli-rapor\/","title":{"rendered":"T\u00fcrkiye\u2019de g\u00f6z lazeri anketi \u2013 24 Mart 2007 Cumartesi tarihli rapor"},"content":{"rendered":"\n<h3 class=\"wp-block-heading\">T\u00fcrkiye\u2019de g\u00f6z lazeri anketi \u2013 24 Mart 2007 Cumartesi tarihli rapor<\/h3>\n\n\n\n<p>Swisslasik.ch hasta anketi<\/p>\n\n\n\n<p>Karar s\u00fcreciniz<br>1 G\u00f6zlerinizi yurt d\u0131\u015f\u0131nda lazerle tedavi ettirmeye nas\u0131l ve neden karar verdiniz?<br>\u0130svi\u00e7re\u2019de \u00e7ok pahal\u0131 oldu\u011fu i\u00e7in. Zamanla g\u00f6zl\u00fck ve kontakt lens kullanmak zor gelmeye ba\u015flam\u0131\u015ft\u0131; ayr\u0131ca kontakt lensleri art\u0131k eskisi kadar iyi tolere edemiyordum.<\/p>\n\n\n\n<p>2 Bizi nas\u0131l se\u00e7tiniz?<br>\u0130nternet \u00fczerinden<\/p>\n\n\n\n<p>3 Bizi en \u00e7ok ikna eden \u015fey ne oldu?<br>H\u0131zl\u0131, an\u0131nda ve m\u00fckemmel hizmet. \u00c7ok te\u015fekk\u00fcr ederim.<br><\/p>\n\n\n\n<p>-4 swisslasik.ch gibi ba\u015fka sa\u011flay\u0131c\u0131lar buldunuz mu? swisslasik.ch&#8217;yi farkl\u0131 k\u0131lan nedir? <br>Ba\u015fka bir sa\u011flay\u0131c\u0131 bulamad\u0131m, ama daha fazla ara\u015ft\u0131rma yapmad\u0131m da. Swisslasik ba\u015ftan beri iyi bir izlenim b\u0131rakt\u0131! <\/p>\n\n\n\n<p>-5 \u0130stanbul&#8217;da bir\u00e7ok ki\u015fi hala lazerle g\u00f6z ameliyat\u0131 yapt\u0131rmaktan \u00e7ekiniyor. swisslasik.ch bu insanlara nas\u0131l daha iyi ula\u015fabilir?<br>Belki de dergilerde daha fazla makale yay\u0131nlayarak; \u00f6rne\u011fin &#8220;Das Beste&#8221; dergisinde. <\/p>\n\n\n\n<p>Otel<br>-6 Resepsiyonda Almanca veya \u0130ngilizce konu\u015fan biri var m\u0131yd\u0131?<br>Evet, ama \u0130ngilizceleri \u00e7ok iyi de\u011fildi, yine de ileti\u015fim kurabildik.<\/p>\n\n\n\n<p>-7 Otel ve oda temiz miydi?<br>Evet, oda biraz k\u00fc\u00e7\u00fck.<\/p>\n\n\n\n<p>-8 \u00c7al\u0131\u015fanlar yard\u0131msever ve g\u00fcler y\u00fczl\u00fc m\u00fcyd\u00fc?<br>\u00c7ok cana yak\u0131n ve yard\u0131msever.<\/p>\n\n\n\n<p>-9 Kahvalt\u0131 iyi miydi?<br>Her \u015fey yolundayd\u0131! Kutsal Cuma sabah\u0131 bir Noel m\u00fczikali dinledik: Sessiz Gece, vb., o da olduk\u00e7a e\u011flenceliydi! <\/p>\n\n\n\n<p>-10 Rahat\u00e7a uyuyabildiniz mi?<br>Ortam olduk\u00e7a g\u00fcr\u00fclt\u00fcl\u00fcyd\u00fc, bu g\u00fcr\u00fclt\u00fcn\u00fcn b\u00fcy\u00fck k\u0131sm\u0131 \u00e7o\u011funlukla gen\u00e7lerden olu\u015fan di\u011fer misafirlerden kaynaklan\u0131yordu.<\/p>\n\n\n\n<p>-11 Sizden ek para istendi mi?<br>Sauna ve sa\u011fl\u0131kl\u0131 ya\u015fam alan\u0131 i\u00e7in<\/p>\n\n\n\n<p>-12 Otelden genel olarak ne kadar memnunsunuz? (L\u00fctfen 1 ile 5 aras\u0131nda bir say\u0131 girin)<br>5 <\/p>\n\n\n\n<p>Servis hizmeti<br>-13 Ki\u015fi ge\u00e7 mi kald\u0131? Ge\u00e7 kald\u0131ysa, ne kadar? <br>HAYIR<\/p>\n\n\n\n<p>-14 Her zaman orada m\u0131yd\u0131, yard\u0131msever ve arkada\u015f canl\u0131s\u0131 m\u0131yd\u0131?<br>Evet, \u00e7ok cana yak\u0131n ve ne\u015feli!<\/p>\n\n\n\n<p>-15 Otel ile hastane aras\u0131nda her seferinde size e\u015flik etti mi?<br>Evet elbette<\/p>\n\n\n\n<p>-16 Arabay\u0131 iyi kulland\u0131 m\u0131?<br>Ve<\/p>\n\n\n\n<p>-17 Bagaj alan\u0131 konusunda sorun mu ya\u015f\u0131yorsunuz?<br>HAYIR<\/p>\n\n\n\n<p>-18 Genel olarak, kar\u015f\u0131lama hizmetinden ne kadar memnunsunuz? (L\u00fctfen 1 ile 5 aras\u0131nda bir say\u0131 girin)<br>5 <\/p>\n\n\n\n<p>Klinik<br>-19 Saatlerce nedenini bilmeden beklemek zorunda kald\u0131n\u0131z m\u0131?<br>Hay\u0131r<\/p>\n\n\n\n<p>-20 Personel ve doktor taraf\u0131ndan s\u0131cak bir \u015fekilde kar\u015f\u0131land\u0131n\u0131z m\u0131?<br>Evet, kesinlikle!<\/p>\n\n\n\n<p>-21 Ameliyattan \u00f6nce size yeterli bilgi verildi mi?<br>\u00c7ok h\u0131zl\u0131 ve verimli bir \u015fekilde ger\u00e7ekle\u015fti.<\/p>\n\n\n\n<p>-22 Ameliyat\u0131n sonucundan ne kadar memnunsunuz?<br>\u00c7ok memnun kald\u0131m.<\/p>\n\n\n\n<p>-23 Size Almanca m\u0131 bak\u0131ld\u0131?<br>Evet, \u0130ngilizce&#8217;de de m\u00fcmk\u00fcn olabilirdi. Bazen bu kadar \u00e7ok dil duymak biraz kafa kar\u0131\u015ft\u0131r\u0131c\u0131yd\u0131. <\/p>\n\n\n\n<p>-24 Herhangi bir ek \u00fccret \u00f6dediniz mi?<br>HAYIR.<\/p>\n\n\n\n<p>-25 Genel olarak klinikten ne kadar memnunsunuz? (L\u00fctfen 1 ile 5 aras\u0131nda bir say\u0131 girin)<br>5 <\/p>\n\n\n\n<p>Swisslasikpass<br>-26 Swisslasikpass&#8217;te hangi bilgileri faydal\u0131 buluyorsunuz?<br>Her bireye \u00f6zel olarak verilmesini \u00e7ok iyi, faydal\u0131 ve profesyonel buluyorum. T\u00fcm bilgiler \u00e7ok yararl\u0131! <\/p>\n\n\n\n<p>-27 Swisslasikpass&#8217;taki hangi bilgileri gereksiz buluyorsunuz?<br>HAYIR<\/p>\n\n\n\n<p>-28 Herhangi bir yanl\u0131\u015f bilgi var m\u0131?<br>Hay\u0131r, ama bir \u015fehir haritas\u0131 faydal\u0131 olurdu.<\/p>\n\n\n\n<p>-29 Daha iyi ne yapabiliriz?<br>Swisslasik.ch<\/p>\n\n\n\n<p>-30 \u00d6zellikle be\u011fendi\u011finiz neydi?<br>T\u00fcm bak\u0131m ekibi!<\/p>\n\n\n\n<p>-31 \u00d6zellikle k\u00f6t\u00fc olan neydi?<br>L\u00e4rm im Hotel.<\/p>\n\n\n\n<p>-32 Daha iyi ne yapabiliriz?<\/p>\n\n\n\n<p>-33 Genel olarak bizden ne kadar memnunsunuz? (L\u00fctfen 1 ile 5 aras\u0131nda bir say\u0131 girin) 5 <\/p>\n\n\n\n<p>-34 Bizi tavsiye eder misiniz?<br>Evet elbette!<\/p>\n\n\n\n<p>-35 Cevab\u0131n\u0131z\u0131 forum.swisslasik.ch adresinde yay\u0131nlayabilir miyiz?<br>Evet elbette!<\/p>\n\n\n\n<p>-36 Telefon numaran\u0131z\u0131\/e-posta adresinizi, swisslasik.ch hastalar\u0131yla g\u00f6r\u00fc\u015fmek isteyen ilgili taraflara verebilir miyiz?<br>Ve<\/p>\n\n\n\n<p>De\u011ferlendirme formu \u0130stanbul&#8217;da benzer sorularla zaten doldurulmu\u015ftu!<\/p>\n\n\n\n<p>Bizimle konu\u015fmak i\u00e7in zaman ay\u0131rd\u0131\u011f\u0131n\u0131z i\u00e7in \u00e7ok te\u015fekk\u00fcr ederiz!<\/p>\n\n\n\n<p>Swisslasik.ch<\/p>\n\n\n\n<div class=\"wp-block-group is-layout-grid wp-container-core-group-is-layout-baef362d wp-block-group-is-layout-grid\">\n<p><a href=\"https:\/\/medicaltravel.at\/home\/agb\/\" data-type=\"page\" data-id=\"2191\" rel=\"nofollow noopener\" target=\"_blank\"><\/a><a href=\"https:\/\/swisslasik.ch\/tr\/yasli-hasta-raporlari-goez-klinigi-tuerkiye\/tuerkiyede-goez-lazeri-deneyimim-15-haziran-2007-cuma-tarihli-deneyim-raporu\/\" data-type=\"link\" data-id=\"https:\/\/swisslasik.ch\/tr\/yasli-hasta-raporlari-goez-klinigi-tuerkiye\/tuerkiyede-goez-lazeri-deneyimim-15-haziran-2007-cuma-tarihli-deneyim-raporu\/\">\u00d6nceki rapor<\/a><\/p>\n\n\n\n<p class=\"has-text-align-right wp-container-content-5e2576f9\"><a href=\"https:\/\/medicaltravel.at\/home\/impressum\/\" data-type=\"page\" data-id=\"2193\" rel=\"nofollow noopener\" target=\"_blank\"><\/a><a href=\"https:\/\/medicaltravel.at\/home\/berichte-von-patienten\/erfahrungsberichte\/erfahrungsbericht-zahnbehandlung-in-istanbul\/\" data-type=\"page\" data-id=\"981\" rel=\"nofollow noopener\" target=\"_blank\"><\/a><a href=\"https:\/\/swisslasik.ch\/tr\/yasli-hasta-raporlari-goez-klinigi-tuerkiye\/tuerkiyede-lasik-hasta-deneyim-raporu-20-mart-2007-sali-tarihli-rapor\/\" data-type=\"link\" data-id=\"https:\/\/swisslasik.ch\/tr\/yasli-hasta-raporlari-goez-klinigi-tuerkiye\/tuerkiyede-lasik-hasta-deneyim-raporu-20-mart-2007-sali-tarihli-rapor\/\">Bir Sonraki Rapor<br><\/a><\/p>\n<\/div>\n","protected":false},"excerpt":{"rendered":"<p>T\u00fcrkiye\u2019de g\u00f6z lazeri anketi \u2013 24 Mart 2007 Cumartesi tarihli rapor Swisslasik.ch hasta anketi Karar s\u00fcreciniz1 G\u00f6zlerinizi yurt d\u0131\u015f\u0131nda lazerle tedavi ettirmeye nas\u0131l ve neden karar verdiniz?\u0130svi\u00e7re\u2019de \u00e7ok pahal\u0131 oldu\u011fu i\u00e7in. Zamanla g\u00f6zl\u00fck ve kontakt lens kullanmak zor gelmeye ba\u015flam\u0131\u015ft\u0131; ayr\u0131ca kontakt lensleri art\u0131k eskisi kadar iyi tolere edemiyordum. 2 Bizi nas\u0131l se\u00e7tiniz?\u0130nternet \u00fczerinden 3 Bizi en \u00e7ok ikna eden \u015fey ne oldu?H\u0131zl\u0131, an\u0131nda ve m\u00fckemmel hizmet. \u00c7ok te\u015fekk\u00fcr ederim. -4 swisslasik.ch gibi ba\u015fka sa\u011flay\u0131c\u0131lar buldunuz mu? swisslasik.ch&#8217;yi farkl\u0131 k\u0131lan nedir? Ba\u015fka bir sa\u011flay\u0131c\u0131 bulamad\u0131m, ama daha fazla ara\u015ft\u0131rma yapmad\u0131m da. Swisslasik ba\u015ftan beri iyi bir izlenim b\u0131rakt\u0131! -5 \u0130stanbul&#8217;da bir\u00e7ok ki\u015fi hala lazerle g\u00f6z ameliyat\u0131 yapt\u0131rmaktan \u00e7ekiniyor. swisslasik.ch bu insanlara nas\u0131l daha iyi ula\u015fabilir?Belki de dergilerde daha fazla makale yay\u0131nlayarak; \u00f6rne\u011fin &#8220;Das Beste&#8221; dergisinde. Otel-6 Resepsiyonda Almanca veya \u0130ngilizce konu\u015fan biri var m\u0131yd\u0131?Evet, ama \u0130ngilizceleri \u00e7ok iyi de\u011fildi, yine de ileti\u015fim kurabildik. -7 Otel ve oda temiz miydi?Evet, oda biraz k\u00fc\u00e7\u00fck. -8 \u00c7al\u0131\u015fanlar yard\u0131msever ve g\u00fcler y\u00fczl\u00fc m\u00fcyd\u00fc?\u00c7ok cana yak\u0131n ve yard\u0131msever. -9 Kahvalt\u0131 iyi miydi?Her \u015fey yolundayd\u0131! Kutsal Cuma sabah\u0131 bir Noel m\u00fczikali dinledik: Sessiz Gece, vb., o da olduk\u00e7a e\u011flenceliydi! -10 Rahat\u00e7a uyuyabildiniz mi?Ortam olduk\u00e7a g\u00fcr\u00fclt\u00fcl\u00fcyd\u00fc, bu g\u00fcr\u00fclt\u00fcn\u00fcn b\u00fcy\u00fck k\u0131sm\u0131 \u00e7o\u011funlukla gen\u00e7lerden olu\u015fan di\u011fer misafirlerden kaynaklan\u0131yordu. -11 Sizden ek para istendi mi?Sauna ve sa\u011fl\u0131kl\u0131 ya\u015fam alan\u0131 i\u00e7in -12 Otelden genel olarak ne kadar memnunsunuz? (L\u00fctfen 1 ile 5 aras\u0131nda bir say\u0131 girin)5 Servis hizmeti-13 Ki\u015fi ge\u00e7 mi kald\u0131? Ge\u00e7 kald\u0131ysa, ne kadar? HAYIR -14 Her zaman orada m\u0131yd\u0131, yard\u0131msever ve arkada\u015f canl\u0131s\u0131 m\u0131yd\u0131?Evet, \u00e7ok cana yak\u0131n ve ne\u015feli! -15 Otel ile hastane aras\u0131nda her seferinde size e\u015flik etti mi?Evet elbette -16 Arabay\u0131 iyi kulland\u0131 m\u0131?Ve -17 Bagaj alan\u0131 konusunda sorun mu ya\u015f\u0131yorsunuz?HAYIR -18 Genel olarak, kar\u015f\u0131lama hizmetinden ne kadar memnunsunuz? (L\u00fctfen 1 ile 5 aras\u0131nda bir say\u0131 girin)5 Klinik-19 Saatlerce nedenini bilmeden beklemek zorunda kald\u0131n\u0131z m\u0131?Hay\u0131r -20 Personel ve doktor taraf\u0131ndan s\u0131cak bir \u015fekilde kar\u015f\u0131land\u0131n\u0131z m\u0131?Evet, kesinlikle! -21 Ameliyattan \u00f6nce size yeterli bilgi verildi mi?\u00c7ok h\u0131zl\u0131 ve verimli bir \u015fekilde ger\u00e7ekle\u015fti. -22 Ameliyat\u0131n sonucundan ne kadar memnunsunuz?\u00c7ok memnun kald\u0131m. -23 Size Almanca m\u0131 bak\u0131ld\u0131?Evet, \u0130ngilizce&#8217;de de m\u00fcmk\u00fcn olabilirdi. Bazen bu kadar \u00e7ok dil duymak biraz kafa kar\u0131\u015ft\u0131r\u0131c\u0131yd\u0131. -24 Herhangi bir ek \u00fccret \u00f6dediniz mi?HAYIR. -25 Genel olarak klinikten ne kadar memnunsunuz? (L\u00fctfen 1 ile 5 aras\u0131nda bir say\u0131 girin)5 Swisslasikpass-26 Swisslasikpass&#8217;te hangi bilgileri faydal\u0131 buluyorsunuz?Her bireye \u00f6zel olarak verilmesini \u00e7ok iyi, faydal\u0131 ve profesyonel buluyorum. T\u00fcm bilgiler \u00e7ok yararl\u0131! -27 Swisslasikpass&#8217;taki hangi bilgileri gereksiz buluyorsunuz?HAYIR -28 Herhangi bir yanl\u0131\u015f bilgi var m\u0131?Hay\u0131r, ama bir \u015fehir haritas\u0131 faydal\u0131 olurdu. -29 Daha iyi ne yapabiliriz?Swisslasik.ch -30 \u00d6zellikle be\u011fendi\u011finiz neydi?T\u00fcm bak\u0131m ekibi! -31 \u00d6zellikle k\u00f6t\u00fc olan neydi?L\u00e4rm im Hotel. -32 Daha iyi ne yapabiliriz? -33 Genel olarak bizden ne kadar memnunsunuz? (L\u00fctfen 1 ile 5 aras\u0131nda bir say\u0131 girin) 5 -34 Bizi tavsiye eder misiniz?Evet elbette! -35 Cevab\u0131n\u0131z\u0131 forum.swisslasik.ch adresinde yay\u0131nlayabilir miyiz?Evet elbette! -36 Telefon numaran\u0131z\u0131\/e-posta adresinizi, swisslasik.ch hastalar\u0131yla g\u00f6r\u00fc\u015fmek isteyen ilgili taraflara verebilir miyiz?Ve De\u011ferlendirme formu \u0130stanbul&#8217;da benzer sorularla zaten doldurulmu\u015ftu! Bizimle konu\u015fmak i\u00e7in zaman ay\u0131rd\u0131\u011f\u0131n\u0131z i\u00e7in \u00e7ok te\u015fekk\u00fcr ederiz! Swisslasik.ch \u00d6nceki rapor Bir Sonraki Rapor<\/p>\n","protected":false},"author":4,"featured_media":0,"parent":3355,"menu_order":0,"comment_status":"closed","ping_status":"closed","template":"","meta":{"_joinchat":[],"footnotes":""},"class_list":["post-3365","page","type-page","status-publish","hentry"],"acf":[],"_links":{"self":[{"href":"https:\/\/swisslasik.ch\/tr\/wp-json\/wp\/v2\/pages\/3365","targetHints":{"allow":["GET"]}}],"collection":[{"href":"https:\/\/swisslasik.ch\/tr\/wp-json\/wp\/v2\/pages"}],"about":[{"href":"https:\/\/swisslasik.ch\/tr\/wp-json\/wp\/v2\/types\/page"}],"author":[{"embeddable":true,"href":"https:\/\/swisslasik.ch\/tr\/wp-json\/wp\/v2\/users\/4"}],"replies":[{"embeddable":true,"href":"https:\/\/swisslasik.ch\/tr\/wp-json\/wp\/v2\/comments?post=3365"}],"version-history":[{"count":2,"href":"https:\/\/swisslasik.ch\/tr\/wp-json\/wp\/v2\/pages\/3365\/revisions"}],"predecessor-version":[{"id":4858,"href":"https:\/\/swisslasik.ch\/tr\/wp-json\/wp\/v2\/pages\/3365\/revisions\/4858"}],"up":[{"embeddable":true,"href":"https:\/\/swisslasik.ch\/tr\/wp-json\/wp\/v2\/pages\/3355"}],"wp:attachment":[{"href":"https:\/\/swisslasik.ch\/tr\/wp-json\/wp\/v2\/media?parent=3365"}],"curies":[{"name":"wp","href":"https:\/\/api.w.org\/{rel}","templated":true}]}}