{"id":3367,"date":"2025-09-24T15:22:42","date_gmt":"2025-09-24T14:22:42","guid":{"rendered":"https:\/\/swisslasik.ch\/yasli-hasta-raporlari-goez-klinigi-tuerkiye\/istanbuldan-goez-lazeri-deneyim-raporu-09-temmuz-2007-pazartesi-tarihli-rapor\/"},"modified":"2026-01-14T21:05:44","modified_gmt":"2026-01-14T20:05:44","slug":"istanbuldan-goez-lazeri-deneyim-raporu-09-temmuz-2007-pazartesi-tarihli-rapor","status":"publish","type":"page","link":"https:\/\/swisslasik.ch\/tr\/yasli-hasta-raporlari-goez-klinigi-tuerkiye\/istanbuldan-goez-lazeri-deneyim-raporu-09-temmuz-2007-pazartesi-tarihli-rapor\/","title":{"rendered":"\u0130stanbul\u2019dan g\u00f6z lazeri deneyim raporu \u2013 09 Temmuz 2007 Pazartesi tarihli rapor"},"content":{"rendered":"\n<h3 class=\"wp-block-heading\">\u0130stanbul\u2019dan g\u00f6z lazeri deneyim raporu \u2013 09 Temmuz 2007 Pazartesi tarihli rapor<\/h3>\n\n\n\n<p>\u00d6ncelikle, \u0130stanbul&#8217;da yapt\u0131rd\u0131\u011f\u0131m LASIK i\u015fleminden son derece memnun oldu\u011fumu s\u00f6ylemeliyim. Ameliyat\u0131n \u00fczerinden 11 g\u00fcn ge\u00e7ti ve neredeyse her \u015fey yolunda gidiyor. <\/p>\n\n\n\n<p>\u0130stanbul&#8217;a iner inmez, daha u\u00e7aktan iner inmez telefonum \u00e7ald\u0131 ve arayan Arif&#8217;ti. Beni almaya gelecek olan oydu.<br>Almanca konu\u015fuyordu, bu y\u00fczden sorun yoktu.<br>Arif inan\u0131lmaz derecede arkada\u015f canl\u0131s\u0131yd\u0131 ve beni do\u011frudan otele g\u00f6t\u00fcrd\u00fc. Yolda bana \u0130stanbul i\u00e7in bir\u00e7ok ipucu verdi.  <\/p>\n\n\n\n<p>Ertesi g\u00fcn ameliyat g\u00fcn\u00fcyd\u00fc. Fred beni almaya geldi; klinik sadece 50 metre uzakl\u0131kta olmas\u0131na ra\u011fmen Bern Almancas\u0131 konu\u015fuyordu. Klinikte \u00e7ok s\u0131cak bir kar\u015f\u0131lama ald\u0131m ve her \u015fey bana Bern Almancas\u0131yla a\u00e7\u0131kland\u0131! Ameliyat \u00f6ncesi muayene sorunsuz ge\u00e7ti ve yava\u015f yava\u015f ameliyata haz\u0131rlanabildim. Ancak \u00f6nce, ameliyattan sonra kesinlikle y\u00fcr\u00fcyemeyece\u011fim i\u00e7in bir \u015feyler yemem istendi. Ameliyat saat 17:30 civar\u0131nda planlanm\u0131\u015ft\u0131.    <\/p>\n\n\n\n<p>Ameliyathaneye \u00e7a\u011fr\u0131ld\u0131\u011f\u0131mda art\u0131k biraz gergindim. \u00d6nce birka\u00e7 dakika masaj koltu\u011funda dinlenebildim, ard\u0131ndan ameliyat masas\u0131na yatmam gerekti. Burada da Fred yan\u0131mdayd\u0131; yine neler olaca\u011f\u0131n\u0131 ve hangi i\u015flemlerin yap\u0131laca\u011f\u0131n\u0131 bana tek tek anlatt\u0131. Bu ger\u00e7ekten \u00e7ok iyiydi ve ben de kendimi tamamen s\u00fcrece b\u0131rakt\u0131m. \u015ea\u015f\u0131rt\u0131c\u0131 \u015fekilde \u00e7ok fazla bir \u015fey hissetmedim, a\u011fr\u0131 ise hi\u00e7 yoktu. Sadece g\u00f6zde yap\u0131lan kesme i\u015flemi biraz rahats\u0131z ediciydi.<br>Sonras\u0131nda aya\u011fa kalk\u0131p yan bir odaya ge\u00e7tim. Oda olduk\u00e7a karanl\u0131kt\u0131 ve g\u00fczel m\u00fczik e\u015fli\u011finde yakla\u015f\u0131k on be\u015f dakika dinlenme f\u0131rsat\u0131 buldum. Ard\u0131ndan tekrar klini\u011fin normal b\u00f6l\u00fcm\u00fcne geri d\u00f6nd\u00fcm.     <\/p>\n\n\n\n<p>\u015ea\u015f\u0131rt\u0131c\u0131 bir \u015fekilde, gayet iyi g\u00f6rebiliyordum ve \u0131\u015f\u0131\u011f\u0131n g\u00f6z\u00fcm\u00fc kama\u015ft\u0131rd\u0131\u011f\u0131n\u0131 sanm\u0131\u015ft\u0131m.<\/p>\n\n\n\n<p>Yakla\u015f\u0131k bir saat sonra g\u00f6zlerim tekrar muayene edildi; Fred de tabii ki oradayd\u0131! Her \u015fey yolundayd\u0131, harika! <\/p>\n\n\n\n<p>Art\u0131k otele d\u00f6nebilirdim, tabii ki g\u00fcne\u015f g\u00f6zl\u00fc\u011f\u00fc takarak, \u00e7\u00fcnk\u00fc d\u0131\u015far\u0131s\u0131 \u00e7ok parlakt\u0131.<\/p>\n\n\n\n<p>Ertesi g\u00fcn \u0130stanbul&#8217;u ke\u015ffetmeye gittim. Her \u015feyi ne kadar iyi g\u00f6rebildi\u011fime inanamad\u0131m. <\/p>\n\n\n\n<p>Olduk\u00e7a tats\u0131z bir durum: Bir taksi \u015fof\u00f6r\u00fc taraf\u0131ndan olduk\u00e7a utanmazca doland\u0131r\u0131ld\u0131m ve kaz\u0131kland\u0131m. G\u00f6r\u00fcn\u00fc\u015fe g\u00f6re bu olduk\u00e7a s\u0131k oluyor. <\/p>\n\n\n\n<p>\u00d6\u011fleden sonra kontrol muayenesi i\u00e7in klini\u011fe geri d\u00f6nmem gerekti. Yine herkes inan\u0131lmaz derecede g\u00fcler y\u00fczl\u00fcyd\u00fc. Fred de oradayd\u0131, Arif de.  <\/p>\n\n\n\n<p>Her \u015fey m\u00fckemmel, %100 g\u00f6r\u00fc\u015f. Daha \u00f6nce her iki g\u00f6z\u00fcmde de -2.00 klirens vard\u0131. <\/p>\n\n\n\n<p>\u015eimdi daha olumlu bir \u015feyden bahsedelim: Arif&#8217;e taksi \u015fof\u00f6r\u00fcnden bahsetti\u011fimde, beni hemen ba\u015fka bir \u015fehir turuna g\u00f6t\u00fcrmeyi kabul etti. Onunla harika zaman ge\u00e7irdim. Otele neredeyse gece yar\u0131s\u0131na kadar d\u00f6nmedim. Arif&#8217;le harika zaman ge\u00e7irdim.  <\/p>\n\n\n\n<p>Ertesi g\u00fcn Arif beni otelden ald\u0131 ve havaalan\u0131na g\u00f6t\u00fcrd\u00fc. \u0130stanbul gezisi sona ermi\u015fti. <\/p>\n\n\n\n<p>Dolay\u0131s\u0131yla, g\u00f6z lazer tedavisi yapt\u0131rmak isteyen herkese bunu tavsiye edebilirim. \u0130stanbul&#8217;dan veya T\u00fcrkiye&#8217;den korkmay\u0131n. Swisslasik.ch&#8217;deki hizmet de \u00e7ok iyi. \u0130svi\u00e7re&#8217;de \u00f6nemli \u00f6l\u00e7\u00fcde daha fazla \u00f6deme yapman\u0131z i\u00e7in hi\u00e7bir sebep yok.   <\/p>\n\n\n\n<p>\u0130stanbul&#8217;daki ekibe ve Swisslasik.ch&#8217;ye \u00e7ok te\u015fekk\u00fcrler.<\/p>\n\n\n\n<div class=\"wp-block-group is-layout-grid wp-container-core-group-is-layout-baef362d wp-block-group-is-layout-grid\">\n<p><a href=\"https:\/\/medicaltravel.at\/home\/agb\/\" data-type=\"page\" data-id=\"2191\" rel=\"nofollow noopener\" target=\"_blank\"><\/a><a href=\"https:\/\/swisslasik.ch\/tr\/yasli-hasta-raporlari-goez-klinigi-tuerkiye\/tuerkiyede-goez-lazeri-deneyimi-27-temmuz-2007-cuma-tarihli-deneyim-raporu\/\" data-type=\"link\" data-id=\"https:\/\/swisslasik.ch\/tr\/yasli-hasta-raporlari-goez-klinigi-tuerkiye\/tuerkiyede-goez-lazeri-deneyimi-27-temmuz-2007-cuma-tarihli-deneyim-raporu\/\">\u00d6nceki rapor<\/a><\/p>\n\n\n\n<p class=\"has-text-align-right wp-container-content-5e2576f9\"><a href=\"https:\/\/medicaltravel.at\/home\/impressum\/\" data-type=\"page\" data-id=\"2193\" rel=\"nofollow noopener\" target=\"_blank\"><\/a><a href=\"https:\/\/medicaltravel.at\/home\/berichte-von-patienten\/erfahrungsberichte\/erfahrungsbericht-zahnbehandlung-in-istanbul\/\" data-type=\"page\" data-id=\"981\" rel=\"nofollow noopener\" target=\"_blank\"><\/a><a href=\"https:\/\/swisslasik.ch\/tr\/yasli-hasta-raporlari-goez-klinigi-tuerkiye\/lasik-istanbul-tuerkiye-deneyim-raporu-25-haziran-2007-pazartesi-tarihli-deneyim-raporu\/\" data-type=\"link\" data-id=\"https:\/\/swisslasik.ch\/tr\/yasli-hasta-raporlari-goez-klinigi-tuerkiye\/lasik-istanbul-tuerkiye-deneyim-raporu-25-haziran-2007-pazartesi-tarihli-deneyim-raporu\/\">Bir Sonraki Rapor<br><\/a><\/p>\n<\/div>\n","protected":false},"excerpt":{"rendered":"<p>\u0130stanbul\u2019dan g\u00f6z lazeri deneyim raporu \u2013 09 Temmuz 2007 Pazartesi tarihli rapor \u00d6ncelikle, \u0130stanbul&#8217;da yapt\u0131rd\u0131\u011f\u0131m LASIK i\u015fleminden son derece memnun oldu\u011fumu s\u00f6ylemeliyim. Ameliyat\u0131n \u00fczerinden 11 g\u00fcn ge\u00e7ti ve neredeyse her \u015fey yolunda gidiyor. \u0130stanbul&#8217;a iner inmez, daha u\u00e7aktan iner inmez telefonum \u00e7ald\u0131 ve arayan Arif&#8217;ti. Beni almaya gelecek olan oydu.Almanca konu\u015fuyordu, bu y\u00fczden sorun yoktu.Arif inan\u0131lmaz derecede arkada\u015f canl\u0131s\u0131yd\u0131 ve beni do\u011frudan otele g\u00f6t\u00fcrd\u00fc. Yolda bana \u0130stanbul i\u00e7in bir\u00e7ok ipucu verdi. Ertesi g\u00fcn ameliyat g\u00fcn\u00fcyd\u00fc. Fred beni almaya geldi; klinik sadece 50 metre uzakl\u0131kta olmas\u0131na ra\u011fmen Bern Almancas\u0131 konu\u015fuyordu. Klinikte \u00e7ok s\u0131cak bir kar\u015f\u0131lama ald\u0131m ve her \u015fey bana Bern Almancas\u0131yla a\u00e7\u0131kland\u0131! Ameliyat \u00f6ncesi muayene sorunsuz ge\u00e7ti ve yava\u015f yava\u015f ameliyata haz\u0131rlanabildim. Ancak \u00f6nce, ameliyattan sonra kesinlikle y\u00fcr\u00fcyemeyece\u011fim i\u00e7in bir \u015feyler yemem istendi. Ameliyat saat 17:30 civar\u0131nda planlanm\u0131\u015ft\u0131. Ameliyathaneye \u00e7a\u011fr\u0131ld\u0131\u011f\u0131mda art\u0131k biraz gergindim. \u00d6nce birka\u00e7 dakika masaj koltu\u011funda dinlenebildim, ard\u0131ndan ameliyat masas\u0131na yatmam gerekti. Burada da Fred yan\u0131mdayd\u0131; yine neler olaca\u011f\u0131n\u0131 ve hangi i\u015flemlerin yap\u0131laca\u011f\u0131n\u0131 bana tek tek anlatt\u0131. Bu ger\u00e7ekten \u00e7ok iyiydi ve ben de kendimi tamamen s\u00fcrece b\u0131rakt\u0131m. \u015ea\u015f\u0131rt\u0131c\u0131 \u015fekilde \u00e7ok fazla bir \u015fey hissetmedim, a\u011fr\u0131 ise hi\u00e7 yoktu. Sadece g\u00f6zde yap\u0131lan kesme i\u015flemi biraz rahats\u0131z ediciydi.Sonras\u0131nda aya\u011fa kalk\u0131p yan bir odaya ge\u00e7tim. Oda olduk\u00e7a karanl\u0131kt\u0131 ve g\u00fczel m\u00fczik e\u015fli\u011finde yakla\u015f\u0131k on be\u015f dakika dinlenme f\u0131rsat\u0131 buldum. Ard\u0131ndan tekrar klini\u011fin normal b\u00f6l\u00fcm\u00fcne geri d\u00f6nd\u00fcm. \u015ea\u015f\u0131rt\u0131c\u0131 bir \u015fekilde, gayet iyi g\u00f6rebiliyordum ve \u0131\u015f\u0131\u011f\u0131n g\u00f6z\u00fcm\u00fc kama\u015ft\u0131rd\u0131\u011f\u0131n\u0131 sanm\u0131\u015ft\u0131m. Yakla\u015f\u0131k bir saat sonra g\u00f6zlerim tekrar muayene edildi; Fred de tabii ki oradayd\u0131! Her \u015fey yolundayd\u0131, harika! Art\u0131k otele d\u00f6nebilirdim, tabii ki g\u00fcne\u015f g\u00f6zl\u00fc\u011f\u00fc takarak, \u00e7\u00fcnk\u00fc d\u0131\u015far\u0131s\u0131 \u00e7ok parlakt\u0131. Ertesi g\u00fcn \u0130stanbul&#8217;u ke\u015ffetmeye gittim. Her \u015feyi ne kadar iyi g\u00f6rebildi\u011fime inanamad\u0131m. Olduk\u00e7a tats\u0131z bir durum: Bir taksi \u015fof\u00f6r\u00fc taraf\u0131ndan olduk\u00e7a utanmazca doland\u0131r\u0131ld\u0131m ve kaz\u0131kland\u0131m. G\u00f6r\u00fcn\u00fc\u015fe g\u00f6re bu olduk\u00e7a s\u0131k oluyor. \u00d6\u011fleden sonra kontrol muayenesi i\u00e7in klini\u011fe geri d\u00f6nmem gerekti. Yine herkes inan\u0131lmaz derecede g\u00fcler y\u00fczl\u00fcyd\u00fc. Fred de oradayd\u0131, Arif de. Her \u015fey m\u00fckemmel, %100 g\u00f6r\u00fc\u015f. Daha \u00f6nce her iki g\u00f6z\u00fcmde de -2.00 klirens vard\u0131. \u015eimdi daha olumlu bir \u015feyden bahsedelim: Arif&#8217;e taksi \u015fof\u00f6r\u00fcnden bahsetti\u011fimde, beni hemen ba\u015fka bir \u015fehir turuna g\u00f6t\u00fcrmeyi kabul etti. Onunla harika zaman ge\u00e7irdim. Otele neredeyse gece yar\u0131s\u0131na kadar d\u00f6nmedim. Arif&#8217;le harika zaman ge\u00e7irdim. Ertesi g\u00fcn Arif beni otelden ald\u0131 ve havaalan\u0131na g\u00f6t\u00fcrd\u00fc. \u0130stanbul gezisi sona ermi\u015fti. Dolay\u0131s\u0131yla, g\u00f6z lazer tedavisi yapt\u0131rmak isteyen herkese bunu tavsiye edebilirim. \u0130stanbul&#8217;dan veya T\u00fcrkiye&#8217;den korkmay\u0131n. Swisslasik.ch&#8217;deki hizmet de \u00e7ok iyi. \u0130svi\u00e7re&#8217;de \u00f6nemli \u00f6l\u00e7\u00fcde daha fazla \u00f6deme yapman\u0131z i\u00e7in hi\u00e7bir sebep yok. \u0130stanbul&#8217;daki ekibe ve Swisslasik.ch&#8217;ye \u00e7ok te\u015fekk\u00fcrler. \u00d6nceki rapor Bir Sonraki Rapor<\/p>\n","protected":false},"author":4,"featured_media":0,"parent":3355,"menu_order":0,"comment_status":"closed","ping_status":"closed","template":"","meta":{"_joinchat":[],"footnotes":""},"class_list":["post-3367","page","type-page","status-publish","hentry"],"acf":[],"_links":{"self":[{"href":"https:\/\/swisslasik.ch\/tr\/wp-json\/wp\/v2\/pages\/3367","targetHints":{"allow":["GET"]}}],"collection":[{"href":"https:\/\/swisslasik.ch\/tr\/wp-json\/wp\/v2\/pages"}],"about":[{"href":"https:\/\/swisslasik.ch\/tr\/wp-json\/wp\/v2\/types\/page"}],"author":[{"embeddable":true,"href":"https:\/\/swisslasik.ch\/tr\/wp-json\/wp\/v2\/users\/4"}],"replies":[{"embeddable":true,"href":"https:\/\/swisslasik.ch\/tr\/wp-json\/wp\/v2\/comments?post=3367"}],"version-history":[{"count":2,"href":"https:\/\/swisslasik.ch\/tr\/wp-json\/wp\/v2\/pages\/3367\/revisions"}],"predecessor-version":[{"id":4856,"href":"https:\/\/swisslasik.ch\/tr\/wp-json\/wp\/v2\/pages\/3367\/revisions\/4856"}],"up":[{"embeddable":true,"href":"https:\/\/swisslasik.ch\/tr\/wp-json\/wp\/v2\/pages\/3355"}],"wp:attachment":[{"href":"https:\/\/swisslasik.ch\/tr\/wp-json\/wp\/v2\/media?parent=3367"}],"curies":[{"name":"wp","href":"https:\/\/api.w.org\/{rel}","templated":true}]}}