{"id":3371,"date":"2025-09-24T15:04:54","date_gmt":"2025-09-24T14:04:54","guid":{"rendered":"https:\/\/swisslasik.ch\/yasli-hasta-raporlari-goez-klinigi-tuerkiye\/bir-hayal-gercek-oldu-16-kasim-2008-pazar-tarihli-deneyim-raporu\/"},"modified":"2026-01-14T20:45:21","modified_gmt":"2026-01-14T19:45:21","slug":"bir-hayal-gercek-oldu-16-kasim-2008-pazar-tarihli-deneyim-raporu","status":"publish","type":"page","link":"https:\/\/swisslasik.ch\/tr\/yasli-hasta-raporlari-goez-klinigi-tuerkiye\/bir-hayal-gercek-oldu-16-kasim-2008-pazar-tarihli-deneyim-raporu\/","title":{"rendered":"Bir hayal ger\u00e7ek oldu 16 Kas\u0131m 2008 Pazar tarihli deneyim raporu"},"content":{"rendered":"\n<h3 class=\"wp-block-heading\"><g id=\"gid_0\"><g id=\"gid_1\">Bir hayal ger\u00e7ek oldu<\/g><\/g> \u2013 16 Kas\u0131m 2008 Pazar tarihli deneyim raporu <\/h3>\n\n<p>Bir hayal ger\u00e7ek oldu!<\/p>\n\n<p>Alt\u0131 ya\u015f\u0131ndan itibaren g\u00f6zl\u00fck takmak zorunda kald\u0131m. Hi\u00e7 unutmad\u0131\u011f\u0131m bir \u015fey var: G\u00f6zl\u00fckle ilk kez anaokuluna gitti\u011fimde, s\u0131n\u0131f arkada\u015flar\u0131mdan biri bana g\u00f6zl\u00fckl\u00fc y\u0131lan demi\u015fti. Kontakt lens kullanmaya ba\u015flayana kadar bu lakap \u00fczerimde kald\u0131, ancak lensleri de hi\u00e7bir zaman tam olarak tolere edemedim. Sahne \u00fczerindeki mesle\u011fim i\u00e7in g\u00f6zl\u00fck kesinlikle uygun de\u011fil. Bu da g\u00f6zlerimi lazerle tedavi ettirmeye karar vermemin nedenlerinden biriydi.    <\/p>\n\n<p>Bir arkada\u015f\u0131m Swisslasik\u2019ten randevu almam\u0131 tavsiye etti. Ba\u015flang\u0131\u00e7ta, g\u00f6zler gibi bu kadar \u00f6nemli bir \u015feyi T\u00fcrkiye\u2019de tedavi ettirmenin do\u011fru olup olmad\u0131\u011f\u0131 konusunda epey d\u00fc\u015f\u00fcnd\u00fcm. Bu y\u00fczden iyice ara\u015ft\u0131rd\u0131m ve bir\u00e7ok farkl\u0131 deneyim yaz\u0131s\u0131 okudum. \u00d6zellikle Facts dergisinde yer alan haber beni ikna etti. B\u00f6ylece ameliyat i\u00e7in kay\u0131t yapt\u0131rd\u0131m. Yolculuk planland\u0131 ve \u0130stanbul Havaliman\u0131\u2019nda bizi son derece g\u00fcler y\u00fczl\u00fc bir \u015fekilde kar\u015f\u0131lad\u0131lar. Otele giderken, \u015fehrin kendisi ve insanlar\u0131yla ilgili en \u00f6nemli bilgiler bize anlat\u0131ld\u0131. Yemek al\u0131\u015fkanl\u0131klar\u0131 hakk\u0131nda da bilgilendirildik. Klini\u011fe kar\u015f\u0131 biraz gergindim ve d\u0131\u015far\u0131dan bakt\u0131\u011f\u0131mda, Facts\u2019te g\u00f6rd\u00fc\u011f\u00fcm gibi g\u00f6r\u00fcnm\u00fcyordu. \u0130\u00e7imde bir huzursuzluk olu\u015ftu. Bize e\u015flik eden ve ak\u0131c\u0131 bir \u015fekilde Almanca konu\u015fan g\u00f6revli, binan\u0131n tarihi eser stat\u00fcs\u00fcnde oldu\u011funu ve bu nedenle modernize edilemedi\u011fini a\u00e7\u0131klad\u0131. Sonunda f\u00fct\u00fcristik g\u00f6r\u00fcn\u00fcml\u00fc otomatik bir kap\u0131dan klini\u011fin i\u00e7ine girdi\u011fimizde i\u00e7im rahatlad\u0131. Her \u015fey modern, ferah ve tertipliydi. Ekip kendini tan\u0131tt\u0131 ve bizi s\u0131cak bir \u015fekilde kar\u015f\u0131lad\u0131. Bir\u00e7o\u011fu Almanca konu\u015fuyordu. G\u00f6zlerim muayene edildi ve t\u00fcm s\u00fcrecin nas\u0131l ilerleyece\u011fi bana detayl\u0131ca anlat\u0131ld\u0131. G\u00f6rme kusurunun tamamen giderilip giderilemeyece\u011finin kesin olmad\u0131\u011f\u0131 s\u00f6ylendi. Ne yaz\u0131k ki korneam olduk\u00e7a inceydi ve ayr\u0131ca astigmat\u0131n da d\u00fczeltilmesi gerekiyordu. Ameliyat\u0131 yapacak doktor, verileri bilgisayarda bir kez daha kontrol edece\u011fini ve ertesi g\u00fcn nas\u0131l ilerleyece\u011fine karar verece\u011fini s\u00f6yledi. Ertesi g\u00fcn klini\u011fe tekrar gitti\u011fimde \u00e7ok gergindim. Neyse ki orada, el ele tutu\u015fup birbirimize destek olabilece\u011fimiz ba\u015fka bir hasta daha vard\u0131.                   <\/p>\n\n<p>Ameliyattan \u00f6nce beni bir masaj koltu\u011funa oturttular, her \u015fey bir kez daha ayr\u0131nt\u0131l\u0131 \u015fekilde anlat\u0131ld\u0131 ve s\u00fcrekli yan\u0131m\u0131zda olan g\u00f6revli bizi elinden geldi\u011fince sakinle\u015ftirmeye \u00e7al\u0131\u015ft\u0131. Ameliyat\u0131n kendisi olduk\u00e7a zorluydu. G\u00f6z\u00fcnde bir \u015feyler yap\u0131lmas\u0131 ger\u00e7ekten \u00e7ok rahats\u0131z edici bir his. Tamamen kas\u0131lm\u0131\u015f durumdayd\u0131m. Neyse ki i\u015flem k\u0131sa s\u00fcrd\u00fc. K\u0131sa bir s\u00fcre sonra otelimize g\u00f6nderildik. Orada \u00f6nce yakla\u015f\u0131k d\u00f6rt saat dinlenmemiz gerekiyordu. Bu olduk\u00e7a zorlay\u0131c\u0131yd\u0131, \u00e7\u00fcnk\u00fc g\u00f6zlerim a\u011fr\u0131yordu ve kesinlikle ovu\u015fturmak yasakt\u0131. Uyku zaten m\u00fcmk\u00fcn de\u011fildi. Daha sonra g\u00fcne\u015f g\u00f6zl\u00fcklerimizle birlikte ak\u015fam yeme\u011fine \u00e7\u0131kt\u0131k ve ard\u0131ndan erken saatlerde yatmaya gittik. Yap\u0131lan kontrol muayenesinde ameliyat\u0131n \u00e7ok ba\u015far\u0131l\u0131 ge\u00e7ti\u011fi ve art\u0131k lens takt\u0131\u011f\u0131m zamankinden bile daha iyi g\u00f6rd\u00fc\u011f\u00fcm teyit edildi. B\u00f6ylece g\u00f6rme yard\u0131mc\u0131s\u0131 olmadan yeni hayat\u0131m ba\u015flam\u0131\u015f oldu. Tabii \u015fimdilik g\u00fcne\u015f g\u00f6zl\u00fc\u011f\u00fc s\u00fcrekli yan\u0131mdayd\u0131. G\u00f6zlerim olduk\u00e7a hassast\u0131 ve \u0131\u015f\u0131\u011fa pek tahamm\u00fcl edemiyordu. Buna ra\u011fmen \u015fehri gezmekten vazge\u00e7medim. G\u00f6r\u00fclmeye de\u011fer \u00e7ok say\u0131da yer var. \u0130lk g\u00fcn, kontrol muayenesi i\u00e7in damlat\u0131lan damlalar y\u00fcz\u00fcnden g\u00f6z bebeklerim b\u00fcy\u00fcm\u00fc\u015f halde \u015fehri gezdim; son g\u00fcn ise biraz hassas ama tamamen yeni g\u00f6zlerle. \u015eimdi ise, aradan biraz zaman ge\u00e7tikten sonra, sabah uyan\u0131p her \u015feyi an\u0131nda net g\u00f6rebilmenin keyfini \u00e7\u0131kar\u0131yorum. Ak\u015fam yatakta uzan\u0131rken y\u0131ld\u0131zl\u0131 g\u00f6ky\u00fcz\u00fcn\u00fc g\u00f6rebiliyorum. Kontakt lenslerin getirdi\u011fi s\u00fcrekli stresten kurtulup her \u015feyi net g\u00f6rebilmek inan\u0131lmaz bir hediye. G\u00f6n\u00fcl rahatl\u0131\u011f\u0131yla tavsiye edebilirim. Klinik kesinlikle tavsiye edilecek d\u00fczeyde ve beni ameliyat eden doktor beni \u00e7ok etkiledi. Bu benim i\u00e7in \u00e7ok \u00f6nemliydi. \u0130lk andan itibaren ona g\u00fcven duydum. Tekrar olsa yine yapt\u0131r\u0131rd\u0131m. Bu ameliyat\u0131 yapt\u0131rmak benim i\u00e7in \u00e7ok do\u011fru bir karard\u0131.                         <\/p>\n\n<p>Tina, Eyl\u00fcl 2008\u2019de ameliyat oldu<\/p>\n\n<div class=\"wp-block-group is-layout-grid wp-container-core-group-is-layout-baef362d wp-block-group-is-layout-grid\">\n<p><a href=\"https:\/\/medicaltravel.at\/home\/agb\/\" data-type=\"page\" data-id=\"2191\" rel=\"nofollow noopener\" target=\"_blank\"><\/a><a href=\"https:\/\/swisslasik.ch\/tr\/yasli-hasta-raporlari-goez-klinigi-tuerkiye\/istanbulda-goez-lazeri-deneyimi-03-aralik-2008-carsamba-tarihli-deneyim-raporu\/\" data-type=\"link\" data-id=\"https:\/\/swisslasik.ch\/altere-patientenberichte-augenklinik-tuerkei\/erfahrungsbericht-augen-laser-istanbul-bericht-vom-mittwoch-03-dezember-2008\/\">\u00d6nceki rapor<\/a><\/p>\n\n\n\n<p class=\"has-text-align-right wp-container-content-5e2576f9\"><a href=\"https:\/\/medicaltravel.at\/home\/impressum\/\" data-type=\"page\" data-id=\"2193\" rel=\"nofollow noopener\" target=\"_blank\"><\/a><a href=\"https:\/\/medicaltravel.at\/home\/berichte-von-patienten\/erfahrungsberichte\/erfahrungsbericht-zahnbehandlung-in-istanbul\/\" data-type=\"page\" data-id=\"981\" rel=\"nofollow noopener\" target=\"_blank\"><\/a><a href=\"https:\/\/swisslasik.ch\/tr\/yasli-hasta-raporlari-goez-klinigi-tuerkiye\/sevincten-agladim-28-ekim-2008-sali-tarihli-deneyim-raporu\/\" data-type=\"link\" data-id=\"https:\/\/swisslasik.ch\/altere-patientenberichte-augenklinik-tuerkei\/vor-freude-geweint-bericht-vom-dienstag-28-oktober-2008\/\">Bir Sonraki Rapor<br\/><\/a><\/p>\n<\/div>\n","protected":false},"excerpt":{"rendered":"<p>Bir hayal ger\u00e7ek oldu \u2013 16 Kas\u0131m 2008 Pazar tarihli deneyim raporu Bir hayal ger\u00e7ek oldu! Alt\u0131 ya\u015f\u0131ndan itibaren g\u00f6zl\u00fck takmak zorunda kald\u0131m. Hi\u00e7 unutmad\u0131\u011f\u0131m bir \u015fey var: G\u00f6zl\u00fckle ilk kez anaokuluna gitti\u011fimde, s\u0131n\u0131f arkada\u015flar\u0131mdan biri bana g\u00f6zl\u00fckl\u00fc y\u0131lan demi\u015fti. Kontakt lens kullanmaya ba\u015flayana kadar bu lakap \u00fczerimde kald\u0131, ancak lensleri de hi\u00e7bir zaman tam olarak tolere edemedim. Sahne \u00fczerindeki mesle\u011fim i\u00e7in g\u00f6zl\u00fck kesinlikle uygun de\u011fil. Bu da g\u00f6zlerimi lazerle tedavi ettirmeye karar vermemin nedenlerinden biriydi. Bir arkada\u015f\u0131m Swisslasik\u2019ten randevu almam\u0131 tavsiye etti. Ba\u015flang\u0131\u00e7ta, g\u00f6zler gibi bu kadar \u00f6nemli bir \u015feyi T\u00fcrkiye\u2019de tedavi ettirmenin do\u011fru olup olmad\u0131\u011f\u0131 konusunda epey d\u00fc\u015f\u00fcnd\u00fcm. Bu y\u00fczden iyice ara\u015ft\u0131rd\u0131m ve bir\u00e7ok farkl\u0131 deneyim yaz\u0131s\u0131 okudum. \u00d6zellikle Facts dergisinde yer alan haber beni ikna etti. B\u00f6ylece ameliyat i\u00e7in kay\u0131t yapt\u0131rd\u0131m. Yolculuk planland\u0131 ve \u0130stanbul Havaliman\u0131\u2019nda bizi son derece g\u00fcler y\u00fczl\u00fc bir \u015fekilde kar\u015f\u0131lad\u0131lar. Otele giderken, \u015fehrin kendisi ve insanlar\u0131yla ilgili en \u00f6nemli bilgiler bize anlat\u0131ld\u0131. Yemek al\u0131\u015fkanl\u0131klar\u0131 hakk\u0131nda da bilgilendirildik. Klini\u011fe kar\u015f\u0131 biraz gergindim ve d\u0131\u015far\u0131dan bakt\u0131\u011f\u0131mda, Facts\u2019te g\u00f6rd\u00fc\u011f\u00fcm gibi g\u00f6r\u00fcnm\u00fcyordu. \u0130\u00e7imde bir huzursuzluk olu\u015ftu. Bize e\u015flik eden ve ak\u0131c\u0131 bir \u015fekilde Almanca konu\u015fan g\u00f6revli, binan\u0131n tarihi eser stat\u00fcs\u00fcnde oldu\u011funu ve bu nedenle modernize edilemedi\u011fini a\u00e7\u0131klad\u0131. Sonunda f\u00fct\u00fcristik g\u00f6r\u00fcn\u00fcml\u00fc otomatik bir kap\u0131dan klini\u011fin i\u00e7ine girdi\u011fimizde i\u00e7im rahatlad\u0131. Her \u015fey modern, ferah ve tertipliydi. Ekip kendini tan\u0131tt\u0131 ve bizi s\u0131cak bir \u015fekilde kar\u015f\u0131lad\u0131. Bir\u00e7o\u011fu Almanca konu\u015fuyordu. G\u00f6zlerim muayene edildi ve t\u00fcm s\u00fcrecin nas\u0131l ilerleyece\u011fi bana detayl\u0131ca anlat\u0131ld\u0131. G\u00f6rme kusurunun tamamen giderilip giderilemeyece\u011finin kesin olmad\u0131\u011f\u0131 s\u00f6ylendi. Ne yaz\u0131k ki korneam olduk\u00e7a inceydi ve ayr\u0131ca astigmat\u0131n da d\u00fczeltilmesi gerekiyordu. Ameliyat\u0131 yapacak doktor, verileri bilgisayarda bir kez daha kontrol edece\u011fini ve ertesi g\u00fcn nas\u0131l ilerleyece\u011fine karar verece\u011fini s\u00f6yledi. Ertesi g\u00fcn klini\u011fe tekrar gitti\u011fimde \u00e7ok gergindim. Neyse ki orada, el ele tutu\u015fup birbirimize destek olabilece\u011fimiz ba\u015fka bir hasta daha vard\u0131. Ameliyattan \u00f6nce beni bir masaj koltu\u011funa oturttular, her \u015fey bir kez daha ayr\u0131nt\u0131l\u0131 \u015fekilde anlat\u0131ld\u0131 ve s\u00fcrekli yan\u0131m\u0131zda olan g\u00f6revli bizi elinden geldi\u011fince sakinle\u015ftirmeye \u00e7al\u0131\u015ft\u0131. Ameliyat\u0131n kendisi olduk\u00e7a zorluydu. G\u00f6z\u00fcnde bir \u015feyler yap\u0131lmas\u0131 ger\u00e7ekten \u00e7ok rahats\u0131z edici bir his. Tamamen kas\u0131lm\u0131\u015f durumdayd\u0131m. Neyse ki i\u015flem k\u0131sa s\u00fcrd\u00fc. K\u0131sa bir s\u00fcre sonra otelimize g\u00f6nderildik. Orada \u00f6nce yakla\u015f\u0131k d\u00f6rt saat dinlenmemiz gerekiyordu. Bu olduk\u00e7a zorlay\u0131c\u0131yd\u0131, \u00e7\u00fcnk\u00fc g\u00f6zlerim a\u011fr\u0131yordu ve kesinlikle ovu\u015fturmak yasakt\u0131. Uyku zaten m\u00fcmk\u00fcn de\u011fildi. Daha sonra g\u00fcne\u015f g\u00f6zl\u00fcklerimizle birlikte ak\u015fam yeme\u011fine \u00e7\u0131kt\u0131k ve ard\u0131ndan erken saatlerde yatmaya gittik. Yap\u0131lan kontrol muayenesinde ameliyat\u0131n \u00e7ok ba\u015far\u0131l\u0131 ge\u00e7ti\u011fi ve art\u0131k lens takt\u0131\u011f\u0131m zamankinden bile daha iyi g\u00f6rd\u00fc\u011f\u00fcm teyit edildi. B\u00f6ylece g\u00f6rme yard\u0131mc\u0131s\u0131 olmadan yeni hayat\u0131m ba\u015flam\u0131\u015f oldu. Tabii \u015fimdilik g\u00fcne\u015f g\u00f6zl\u00fc\u011f\u00fc s\u00fcrekli yan\u0131mdayd\u0131. G\u00f6zlerim olduk\u00e7a hassast\u0131 ve \u0131\u015f\u0131\u011fa pek tahamm\u00fcl edemiyordu. Buna ra\u011fmen \u015fehri gezmekten vazge\u00e7medim. G\u00f6r\u00fclmeye de\u011fer \u00e7ok say\u0131da yer var. \u0130lk g\u00fcn, kontrol muayenesi i\u00e7in damlat\u0131lan damlalar y\u00fcz\u00fcnden g\u00f6z bebeklerim b\u00fcy\u00fcm\u00fc\u015f halde \u015fehri gezdim; son g\u00fcn ise biraz hassas ama tamamen yeni g\u00f6zlerle. \u015eimdi ise, aradan biraz zaman ge\u00e7tikten sonra, sabah uyan\u0131p her \u015feyi an\u0131nda net g\u00f6rebilmenin keyfini \u00e7\u0131kar\u0131yorum. Ak\u015fam yatakta uzan\u0131rken y\u0131ld\u0131zl\u0131 g\u00f6ky\u00fcz\u00fcn\u00fc g\u00f6rebiliyorum. Kontakt lenslerin getirdi\u011fi s\u00fcrekli stresten kurtulup her \u015feyi net g\u00f6rebilmek inan\u0131lmaz bir hediye. G\u00f6n\u00fcl rahatl\u0131\u011f\u0131yla tavsiye edebilirim. Klinik kesinlikle tavsiye edilecek d\u00fczeyde ve beni ameliyat eden doktor beni \u00e7ok etkiledi. Bu benim i\u00e7in \u00e7ok \u00f6nemliydi. \u0130lk andan itibaren ona g\u00fcven duydum. Tekrar olsa yine yapt\u0131r\u0131rd\u0131m. Bu ameliyat\u0131 yapt\u0131rmak benim i\u00e7in \u00e7ok do\u011fru bir karard\u0131. Tina, Eyl\u00fcl 2008\u2019de ameliyat oldu \u00d6nceki rapor Bir Sonraki Rapor<\/p>\n","protected":false},"author":4,"featured_media":0,"parent":3355,"menu_order":0,"comment_status":"closed","ping_status":"closed","template":"","meta":{"_joinchat":[],"footnotes":""},"class_list":["post-3371","page","type-page","status-publish","hentry"],"acf":[],"_links":{"self":[{"href":"https:\/\/swisslasik.ch\/tr\/wp-json\/wp\/v2\/pages\/3371","targetHints":{"allow":["GET"]}}],"collection":[{"href":"https:\/\/swisslasik.ch\/tr\/wp-json\/wp\/v2\/pages"}],"about":[{"href":"https:\/\/swisslasik.ch\/tr\/wp-json\/wp\/v2\/types\/page"}],"author":[{"embeddable":true,"href":"https:\/\/swisslasik.ch\/tr\/wp-json\/wp\/v2\/users\/4"}],"replies":[{"embeddable":true,"href":"https:\/\/swisslasik.ch\/tr\/wp-json\/wp\/v2\/comments?post=3371"}],"version-history":[{"count":3,"href":"https:\/\/swisslasik.ch\/tr\/wp-json\/wp\/v2\/pages\/3371\/revisions"}],"predecessor-version":[{"id":4839,"href":"https:\/\/swisslasik.ch\/tr\/wp-json\/wp\/v2\/pages\/3371\/revisions\/4839"}],"up":[{"embeddable":true,"href":"https:\/\/swisslasik.ch\/tr\/wp-json\/wp\/v2\/pages\/3355"}],"wp:attachment":[{"href":"https:\/\/swisslasik.ch\/tr\/wp-json\/wp\/v2\/media?parent=3371"}],"curies":[{"name":"wp","href":"https:\/\/api.w.org\/{rel}","templated":true}]}}