{"id":3373,"date":"2025-09-24T15:04:09","date_gmt":"2025-09-24T14:04:09","guid":{"rendered":"https:\/\/swisslasik.ch\/yasli-hasta-raporlari-goez-klinigi-tuerkiye\/istanbulda-goez-lazeri-deneyimi-03-aralik-2008-carsamba-tarihli-deneyim-raporu\/"},"modified":"2026-01-14T20:41:29","modified_gmt":"2026-01-14T19:41:29","slug":"istanbulda-goez-lazeri-deneyimi-03-aralik-2008-carsamba-tarihli-deneyim-raporu","status":"publish","type":"page","link":"https:\/\/swisslasik.ch\/tr\/yasli-hasta-raporlari-goez-klinigi-tuerkiye\/istanbulda-goez-lazeri-deneyimi-03-aralik-2008-carsamba-tarihli-deneyim-raporu\/","title":{"rendered":"\u0130stanbul\u2019da g\u00f6z lazeri deneyimi \u2013 03 Aral\u0131k 2008 \u00c7ar\u015famba tarihli deneyim raporu"},"content":{"rendered":"\n<h3 class=\"wp-block-heading\">\u0130stanbul\u2019da g\u00f6z lazeri deneyimi \u2013 03 Aral\u0131k 2008 \u00c7ar\u015famba tarihli deneyim raporu<\/h3>\n\n\n\n<p>P. Tarnutzer taraf\u0131ndan yap\u0131lan kullan\u0131c\u0131 yorumu<\/p>\n\n\n\n<p>Her \u015fey b\u00f6yle ba\u015flad\u0131&#8230;<\/p>\n\n\n\n<p>\u0130kinci s\u0131n\u0131ftan itibaren g\u00f6rme yetene\u011fim her y\u0131l giderek k\u00f6t\u00fcle\u015fti ve sonunda astigmatizma ile birlikte -7,50 diyoptri seviyesinde sabitlendi.<\/p>\n\n\n\n<p>Ne yaparsam yapay\u0131m, g\u00f6rsel yard\u0131mc\u0131 ara\u00e7lara ihtiyac\u0131m vard\u0131\u2026<\/p>\n\n\n\n<p>Evet, zaman zaman g\u00f6z ameliyat\u0131 hakk\u0131nda bir \u015feyler duyuyorum. Ama sadece g\u00f6zlerimi ameliyat ettirmek mi? Ya bir \u015feyler ters giderse? Riskler neler? Maliyetler ne kadar, vs.?    <\/p>\n\n\n\n<p>Bu sorular\u0131n cevaplar\u0131n\u0131 \u00f6\u011frenmek istiyordum, bu y\u00fczden internette biraz ara\u015ft\u0131rma yapt\u0131m ve Swisslasik web sitesine rastlad\u0131m. Tabii ki, hemen belgeleri sipari\u015f ettim ve birka\u00e7 g\u00fcn sonra posta kutuma ula\u015ft\u0131lar. Bu bir y\u0131ldan fazla zaman \u00f6nceydi!  <\/p>\n\n\n\n<p>Belgeleri dikkatlice inceledim ve operasyondan, tekliften ve T\u00fcrkiye&#8217;den \u00e7ok etkilendim. Heyecan\u0131m\u0131 aileme ve arkada\u015flar\u0131ma co\u015fkuyla anlatt\u0131m. <\/p>\n\n\n\n<p>Ancak bu co\u015fku olduk\u00e7a s\u0131n\u0131rl\u0131yd\u0131, \u00f6zellikle de &#8220;\u0130stanbul&#8217;da lazer cerrahisi&#8221;nden bahsetti\u011fimde. \u0130nsanlar tekrar \u015f\u00fcphe duymaya ba\u015flad\u0131lar, sonunda belgeleri bir \u00e7ekmeceye kald\u0131rd\u0131m. <\/p>\n\n\n\n<p>Yakla\u015f\u0131k iki ay \u00f6nce, annemin bir meslekta\u015f\u0131n\u0131n \u0130stanbul&#8217;da bu g\u00f6z ameliyat\u0131n\u0131 ge\u00e7irdi\u011fini ve sonu\u00e7lardan \u00e7ok memnun kald\u0131\u011f\u0131n\u0131 tesad\u00fcfen \u00f6\u011frendim. Do\u011fal olarak, ertesi g\u00fcn onu ziyaret ettim ve her \u015feyi sordum. Onun co\u015fkusu bula\u015f\u0131c\u0131yd\u0131, bu y\u00fczden ertesi g\u00fcn Say\u0131n Serdar Karaagadi-Leoni ile ileti\u015fime ge\u00e7tim. K\u0131sa s\u00fcre sonra, ameliyat\u0131n m\u00fcmk\u00fcn olup olmad\u0131\u011f\u0131n\u0131 belirlemek i\u00e7in \u00f6n muayene amac\u0131yla bir g\u00f6z doktoruyla randevu ald\u0131m.   <\/p>\n\n\n\n<p>\u015e\u00fck\u00fcrler olsun ki ameliyat\u0131 olabildim. Ayn\u0131 hafta, olas\u0131 bir ameliyat tarihi, u\u00e7u\u015f ve otel ayarlamak i\u00e7in Bay Serdar Karaagadi-Leoni ile tekrar ileti\u015fime ge\u00e7tim. Her \u015feyin art\u0131k h\u0131zla ger\u00e7ekle\u015fmesi gerekiyordu; sab\u0131rs\u0131zl\u0131kla bekliyordum.  <\/p>\n\n\n\n<p>Say\u0131n Serdar Karaagadi-Leoni, bir hafta i\u00e7inde \u0130stanbul&#8217;a u\u00e7mam\u0131 m\u00fcmk\u00fcn k\u0131ld\u0131.<\/p>\n\n\n\n<p>O ak\u015fam ge\u00e7 saatlerde \u0130stanbul&#8217;a vard\u0131\u011f\u0131mda Bisol beni zaten bekliyordu. \u00c7ok ho\u015f ve arkada\u015f canl\u0131s\u0131 bir insand\u0131. Otele giderken, \u0130stanbul&#8217;da nelere dikkat etmem gerekti\u011fi ve ertesi sabah \u00f6n muayene i\u00e7in beni ne zaman alaca\u011f\u0131 konusunda bana baz\u0131 yararl\u0131 ipu\u00e7lar\u0131 verdi. Tabii ki her \u015feyi Almanca anlatt\u0131 ;-).   <\/p>\n\n\n\n<p>Ertesi sabah geldi ve otel penceresinden d\u0131\u015far\u0131 bakt\u0131m \u2013 muhte\u015fem bir manzara, tek kelimeyle inan\u0131lmaz. Resepsiyona indim, Bisol zaten orada bekliyordu. Yakla\u015f\u0131k 10 dakikal\u0131k bir y\u00fcr\u00fcy\u00fc\u015ften sonra EyeSTAR klini\u011fine vard\u0131k. Burada da EyeSTAR ekibinin kar\u015f\u0131lamas\u0131 ve samimiyeti m\u00fckemmeldi. Hemen kendimizi rahat hissettik.    <\/p>\n\n\n\n<p>\u00d6n muayeneden sonra ameliyata haz\u0131rlanmak i\u00e7in yakla\u015f\u0131k iki saat vard\u0131. Sonunda iki saat ge\u00e7ti ve nabz\u0131m biraz y\u00fckselmeye ba\u015flad\u0131. <\/p>\n\n\n\n<p>Operasyona haz\u0131rl\u0131klar\u0131n ard\u0131ndan, ki\u015fi do\u011frudan bir sonraki odaya g\u00f6t\u00fcr\u00fcld\u00fc ve orada lazerin alt\u0131na yat\u0131r\u0131lmas\u0131 gerekiyordu.<\/p>\n\n\n\n<p>Operasyon ba\u015flad\u0131 ve daha ba\u015flamadan bitmi\u015fti bile. K\u0131sa bir an hissettiniz, g\u00f6zlerinizde hafif bir bask\u0131 hissettiniz, ama ba\u015fka hi\u00e7bir \u015fey, kesinlikle hi\u00e7bir \u015fey. <\/p>\n\n\n\n<p>Ard\u0131ndan karanl\u0131k bir odaya g\u00f6t\u00fcr\u00fcld\u00fcn\u00fcz, g\u00f6z damlas\u0131 verildi ve bir s\u00fcre uzanman\u0131z istendi. Ayr\u0131lman\u0131za izin verilmeden \u00f6nce, her \u015feyin yolunda oldu\u011fundan emin olmak i\u00e7in g\u00f6zleriniz tekrar kontrol edildi. <\/p>\n\n\n\n<p>\u015e\u00f6yle hayal edin: Klini\u011fe g\u00f6zl\u00fckle giriyorsunuz ve g\u00f6zl\u00fcks\u00fcz \u00e7\u0131k\u0131yorsunuz. Takman\u0131z gereken tek \u015fey g\u00fcne\u015f g\u00f6zl\u00fc\u011f\u00fc \u2013 g\u00f6zlerinizi korumak i\u00e7in.  <\/p>\n\n\n\n<p>Do\u011frudan otele gittim ve uyumaya, daha do\u011frusu g\u00f6zlerimi dinlendirmeye \u00e7al\u0131\u015ft\u0131m.<\/p>\n\n\n\n<p>Ertesi g\u00fcn ya\u015fad\u0131klar\u0131 tarif edilemezdi\u2026 bir hayali ger\u00e7ek oldu. 20 y\u0131ldan fazla bir s\u00fcre sonra art\u0131k g\u00f6zl\u00fck takm\u0131yordu.<\/p>\n\n\n\n<p>EyeSTAR klini\u011finde k\u0131sa bir kontrol muayenesinden sonra, eve d\u00f6nmeden \u00f6nce \u0130stanbul&#8217;u ke\u015ffetmek i\u00e7in dolu dolu bir g\u00fcn ge\u00e7irebildim.<\/p>\n\n\n\n<p>Sunabilece\u011fim veya sunmak istedi\u011fim hi\u00e7bir ele\u015ftiri yok ger\u00e7ekten. Her \u015fey m\u00fckemmel bir \u015fekilde organize edilmi\u015fti ve bak\u0131m birinci s\u0131n\u0131ft\u0131, hepsi Almanca olarak yap\u0131ld\u0131. Gerek Bay Serdar Karaagadi-Leoni&#8217;den gerekse EyeSTAR ekibinden, kendinizi asla yaln\u0131z hissetmediniz, ki bu b\u00f6yle bir operasyon s\u0131ras\u0131nda kesinlikle \u00e7ok \u00f6nemli bir nokta!  <\/p>\n\n\n\n<p>Son bir \u015fey daha&#8230; \u015eu anda bir g\u00f6z\u00fcmde neredeyse %100 g\u00f6rme yetisi var, di\u011fer g\u00f6z\u00fcmde ise yakla\u015f\u0131k %85, umar\u0131m bu da %100&#8217;e ula\u015f\u0131r.<\/p>\n\n\n\n<p>Tekrar \u00e7ok te\u015fekk\u00fcr ederim!<\/p>\n\n\n\n<p>P.Tarnutzer, 01.12.08<\/p>\n\n\n\n<div class=\"wp-block-group is-layout-grid wp-container-core-group-is-layout-baef362d wp-block-group-is-layout-grid\">\n<p><a href=\"https:\/\/medicaltravel.at\/home\/agb\/\" data-type=\"page\" data-id=\"2191\" rel=\"nofollow noopener\" target=\"_blank\"><\/a><a href=\"https:\/\/swisslasik.ch\/tr\/yasli-hasta-raporlari-goez-klinigi-tuerkiye\/istanbulda-goez-lazeri-deneyimi-22-aralik-2008-pazartesi-tarihli-deneyim-raporu\/\" data-type=\"link\" data-id=\"https:\/\/swisslasik.ch\/tr\/yasli-hasta-raporlari-goez-klinigi-tuerkiye\/istanbulda-goez-lazeri-deneyimi-22-aralik-2008-pazartesi-tarihli-deneyim-raporu\/\">\u00d6nceki rapor<\/a><\/p>\n\n\n\n<p class=\"has-text-align-right wp-container-content-5e2576f9\"><a href=\"https:\/\/medicaltravel.at\/home\/impressum\/\" data-type=\"page\" data-id=\"2193\" rel=\"nofollow noopener\" target=\"_blank\"><\/a><a href=\"https:\/\/medicaltravel.at\/home\/berichte-von-patienten\/erfahrungsberichte\/erfahrungsbericht-zahnbehandlung-in-istanbul\/\" data-type=\"page\" data-id=\"981\" rel=\"nofollow noopener\" target=\"_blank\"><\/a><a href=\"https:\/\/swisslasik.ch\/tr\/yasli-hasta-raporlari-goez-klinigi-tuerkiye\/bir-hayal-gercek-oldu-16-kasim-2008-pazar-tarihli-deneyim-raporu\/\" data-type=\"link\" data-id=\"https:\/\/swisslasik.ch\/altere-patientenberichte-augenklinik-tuerkei\/ein-traum-wurde-wahr-bericht-vom-sonntag-16-november-2008\/\">Bir Sonraki Rapor<br><\/a><\/p>\n<\/div>\n","protected":false},"excerpt":{"rendered":"<p>\u0130stanbul\u2019da g\u00f6z lazeri deneyimi \u2013 03 Aral\u0131k 2008 \u00c7ar\u015famba tarihli deneyim raporu P. Tarnutzer taraf\u0131ndan yap\u0131lan kullan\u0131c\u0131 yorumu Her \u015fey b\u00f6yle ba\u015flad\u0131&#8230; \u0130kinci s\u0131n\u0131ftan itibaren g\u00f6rme yetene\u011fim her y\u0131l giderek k\u00f6t\u00fcle\u015fti ve sonunda astigmatizma ile birlikte -7,50 diyoptri seviyesinde sabitlendi. Ne yaparsam yapay\u0131m, g\u00f6rsel yard\u0131mc\u0131 ara\u00e7lara ihtiyac\u0131m vard\u0131\u2026 Evet, zaman zaman g\u00f6z ameliyat\u0131 hakk\u0131nda bir \u015feyler duyuyorum. Ama sadece g\u00f6zlerimi ameliyat ettirmek mi? Ya bir \u015feyler ters giderse? Riskler neler? Maliyetler ne kadar, vs.? Bu sorular\u0131n cevaplar\u0131n\u0131 \u00f6\u011frenmek istiyordum, bu y\u00fczden internette biraz ara\u015ft\u0131rma yapt\u0131m ve Swisslasik web sitesine rastlad\u0131m. Tabii ki, hemen belgeleri sipari\u015f ettim ve birka\u00e7 g\u00fcn sonra posta kutuma ula\u015ft\u0131lar. Bu bir y\u0131ldan fazla zaman \u00f6nceydi! Belgeleri dikkatlice inceledim ve operasyondan, tekliften ve T\u00fcrkiye&#8217;den \u00e7ok etkilendim. Heyecan\u0131m\u0131 aileme ve arkada\u015flar\u0131ma co\u015fkuyla anlatt\u0131m. Ancak bu co\u015fku olduk\u00e7a s\u0131n\u0131rl\u0131yd\u0131, \u00f6zellikle de &#8220;\u0130stanbul&#8217;da lazer cerrahisi&#8221;nden bahsetti\u011fimde. \u0130nsanlar tekrar \u015f\u00fcphe duymaya ba\u015flad\u0131lar, sonunda belgeleri bir \u00e7ekmeceye kald\u0131rd\u0131m. Yakla\u015f\u0131k iki ay \u00f6nce, annemin bir meslekta\u015f\u0131n\u0131n \u0130stanbul&#8217;da bu g\u00f6z ameliyat\u0131n\u0131 ge\u00e7irdi\u011fini ve sonu\u00e7lardan \u00e7ok memnun kald\u0131\u011f\u0131n\u0131 tesad\u00fcfen \u00f6\u011frendim. Do\u011fal olarak, ertesi g\u00fcn onu ziyaret ettim ve her \u015feyi sordum. Onun co\u015fkusu bula\u015f\u0131c\u0131yd\u0131, bu y\u00fczden ertesi g\u00fcn Say\u0131n Serdar Karaagadi-Leoni ile ileti\u015fime ge\u00e7tim. K\u0131sa s\u00fcre sonra, ameliyat\u0131n m\u00fcmk\u00fcn olup olmad\u0131\u011f\u0131n\u0131 belirlemek i\u00e7in \u00f6n muayene amac\u0131yla bir g\u00f6z doktoruyla randevu ald\u0131m. \u015e\u00fck\u00fcrler olsun ki ameliyat\u0131 olabildim. Ayn\u0131 hafta, olas\u0131 bir ameliyat tarihi, u\u00e7u\u015f ve otel ayarlamak i\u00e7in Bay Serdar Karaagadi-Leoni ile tekrar ileti\u015fime ge\u00e7tim. Her \u015feyin art\u0131k h\u0131zla ger\u00e7ekle\u015fmesi gerekiyordu; sab\u0131rs\u0131zl\u0131kla bekliyordum. Say\u0131n Serdar Karaagadi-Leoni, bir hafta i\u00e7inde \u0130stanbul&#8217;a u\u00e7mam\u0131 m\u00fcmk\u00fcn k\u0131ld\u0131. O ak\u015fam ge\u00e7 saatlerde \u0130stanbul&#8217;a vard\u0131\u011f\u0131mda Bisol beni zaten bekliyordu. \u00c7ok ho\u015f ve arkada\u015f canl\u0131s\u0131 bir insand\u0131. Otele giderken, \u0130stanbul&#8217;da nelere dikkat etmem gerekti\u011fi ve ertesi sabah \u00f6n muayene i\u00e7in beni ne zaman alaca\u011f\u0131 konusunda bana baz\u0131 yararl\u0131 ipu\u00e7lar\u0131 verdi. Tabii ki her \u015feyi Almanca anlatt\u0131 ;-). Ertesi sabah geldi ve otel penceresinden d\u0131\u015far\u0131 bakt\u0131m \u2013 muhte\u015fem bir manzara, tek kelimeyle inan\u0131lmaz. Resepsiyona indim, Bisol zaten orada bekliyordu. Yakla\u015f\u0131k 10 dakikal\u0131k bir y\u00fcr\u00fcy\u00fc\u015ften sonra EyeSTAR klini\u011fine vard\u0131k. Burada da EyeSTAR ekibinin kar\u015f\u0131lamas\u0131 ve samimiyeti m\u00fckemmeldi. Hemen kendimizi rahat hissettik. \u00d6n muayeneden sonra ameliyata haz\u0131rlanmak i\u00e7in yakla\u015f\u0131k iki saat vard\u0131. Sonunda iki saat ge\u00e7ti ve nabz\u0131m biraz y\u00fckselmeye ba\u015flad\u0131. Operasyona haz\u0131rl\u0131klar\u0131n ard\u0131ndan, ki\u015fi do\u011frudan bir sonraki odaya g\u00f6t\u00fcr\u00fcld\u00fc ve orada lazerin alt\u0131na yat\u0131r\u0131lmas\u0131 gerekiyordu. Operasyon ba\u015flad\u0131 ve daha ba\u015flamadan bitmi\u015fti bile. K\u0131sa bir an hissettiniz, g\u00f6zlerinizde hafif bir bask\u0131 hissettiniz, ama ba\u015fka hi\u00e7bir \u015fey, kesinlikle hi\u00e7bir \u015fey. Ard\u0131ndan karanl\u0131k bir odaya g\u00f6t\u00fcr\u00fcld\u00fcn\u00fcz, g\u00f6z damlas\u0131 verildi ve bir s\u00fcre uzanman\u0131z istendi. Ayr\u0131lman\u0131za izin verilmeden \u00f6nce, her \u015feyin yolunda oldu\u011fundan emin olmak i\u00e7in g\u00f6zleriniz tekrar kontrol edildi. \u015e\u00f6yle hayal edin: Klini\u011fe g\u00f6zl\u00fckle giriyorsunuz ve g\u00f6zl\u00fcks\u00fcz \u00e7\u0131k\u0131yorsunuz. Takman\u0131z gereken tek \u015fey g\u00fcne\u015f g\u00f6zl\u00fc\u011f\u00fc \u2013 g\u00f6zlerinizi korumak i\u00e7in. Do\u011frudan otele gittim ve uyumaya, daha do\u011frusu g\u00f6zlerimi dinlendirmeye \u00e7al\u0131\u015ft\u0131m. Ertesi g\u00fcn ya\u015fad\u0131klar\u0131 tarif edilemezdi\u2026 bir hayali ger\u00e7ek oldu. 20 y\u0131ldan fazla bir s\u00fcre sonra art\u0131k g\u00f6zl\u00fck takm\u0131yordu. EyeSTAR klini\u011finde k\u0131sa bir kontrol muayenesinden sonra, eve d\u00f6nmeden \u00f6nce \u0130stanbul&#8217;u ke\u015ffetmek i\u00e7in dolu dolu bir g\u00fcn ge\u00e7irebildim. Sunabilece\u011fim veya sunmak istedi\u011fim hi\u00e7bir ele\u015ftiri yok ger\u00e7ekten. Her \u015fey m\u00fckemmel bir \u015fekilde organize edilmi\u015fti ve bak\u0131m birinci s\u0131n\u0131ft\u0131, hepsi Almanca olarak yap\u0131ld\u0131. Gerek Bay Serdar Karaagadi-Leoni&#8217;den gerekse EyeSTAR ekibinden, kendinizi asla yaln\u0131z hissetmediniz, ki bu b\u00f6yle bir operasyon s\u0131ras\u0131nda kesinlikle \u00e7ok \u00f6nemli bir nokta! Son bir \u015fey daha&#8230; \u015eu anda bir g\u00f6z\u00fcmde neredeyse %100 g\u00f6rme yetisi var, di\u011fer g\u00f6z\u00fcmde ise yakla\u015f\u0131k %85, umar\u0131m bu da %100&#8217;e ula\u015f\u0131r. Tekrar \u00e7ok te\u015fekk\u00fcr ederim! P.Tarnutzer, 01.12.08 \u00d6nceki rapor Bir Sonraki Rapor<\/p>\n","protected":false},"author":4,"featured_media":0,"parent":3355,"menu_order":0,"comment_status":"closed","ping_status":"closed","template":"","meta":{"_joinchat":[],"footnotes":""},"class_list":["post-3373","page","type-page","status-publish","hentry"],"acf":[],"_links":{"self":[{"href":"https:\/\/swisslasik.ch\/tr\/wp-json\/wp\/v2\/pages\/3373","targetHints":{"allow":["GET"]}}],"collection":[{"href":"https:\/\/swisslasik.ch\/tr\/wp-json\/wp\/v2\/pages"}],"about":[{"href":"https:\/\/swisslasik.ch\/tr\/wp-json\/wp\/v2\/types\/page"}],"author":[{"embeddable":true,"href":"https:\/\/swisslasik.ch\/tr\/wp-json\/wp\/v2\/users\/4"}],"replies":[{"embeddable":true,"href":"https:\/\/swisslasik.ch\/tr\/wp-json\/wp\/v2\/comments?post=3373"}],"version-history":[{"count":2,"href":"https:\/\/swisslasik.ch\/tr\/wp-json\/wp\/v2\/pages\/3373\/revisions"}],"predecessor-version":[{"id":4838,"href":"https:\/\/swisslasik.ch\/tr\/wp-json\/wp\/v2\/pages\/3373\/revisions\/4838"}],"up":[{"embeddable":true,"href":"https:\/\/swisslasik.ch\/tr\/wp-json\/wp\/v2\/pages\/3355"}],"wp:attachment":[{"href":"https:\/\/swisslasik.ch\/tr\/wp-json\/wp\/v2\/media?parent=3373"}],"curies":[{"name":"wp","href":"https:\/\/api.w.org\/{rel}","templated":true}]}}