{"id":3375,"date":"2025-09-24T15:21:36","date_gmt":"2025-09-24T14:21:36","guid":{"rendered":"https:\/\/swisslasik.ch\/yasli-hasta-raporlari-goez-klinigi-tuerkiye\/tuerkiyede-goez-lazeri-deneyimi-02-ekim-2007-sali-tarihli-deneyim-raporu\/"},"modified":"2026-01-14T21:28:34","modified_gmt":"2026-01-14T20:28:34","slug":"tuerkiyede-goez-lazeri-deneyimi-02-ekim-2007-sali-tarihli-deneyim-raporu","status":"publish","type":"page","link":"https:\/\/swisslasik.ch\/tr\/yasli-hasta-raporlari-goez-klinigi-tuerkiye\/tuerkiyede-goez-lazeri-deneyimi-02-ekim-2007-sali-tarihli-deneyim-raporu\/","title":{"rendered":"T\u00fcrkiye\u2019de g\u00f6z lazeri deneyimi \u2013 02 Ekim 2007 Sal\u0131 tarihli deneyim raporu"},"content":{"rendered":"\n<h3 class=\"wp-block-heading\">T\u00fcrkiye\u2019de g\u00f6z lazeri deneyimi \u2013 02 Ekim 2007 Sal\u0131 tarihli deneyim raporu<\/h3>\n\n\n\n<p>Ne? \u0130stanbul\u2019da g\u00f6z ameliyat\u0131 m\u0131? Akl\u0131n\u0131 m\u0131 ka\u00e7\u0131rd\u0131n? Ben asla orada yapt\u0131rmam. Sonu\u00e7ta sadece iki g\u00f6z\u00fcn var. \u0130stanbul\u2019daki Eye-Star Klini\u011fi\u2019nde g\u00f6zlerimi ameliyat ettirmeyi planlad\u0131\u011f\u0131m\u0131 ilk ki\u015filere s\u00f6yledi\u011fimde, buna benzer tepkiler ald\u0131m. Kendim her ne kadar kararl\u0131 olsam da yine de biraz gergindim, bu y\u00fczden ba\u015fka kimseye bundan bahsetmemeye karar verdim. Bu t\u00fcr yorumlar beni pek sakinle\u015ftirmiyordu. Nas\u0131l olsa her \u015fey bittikten sonra anlatabilirdim.   <\/p>\n\n\n\n<p>Birka\u00e7 y\u0131l \u00f6nce, miyoplu\u011fumu lazer ameliyat\u0131yla d\u00fczelttirmeyi d\u00fc\u015f\u00fcnm\u00fc\u015ft\u00fcm, ancak y\u00fcksek maliyetler nedeniyle bu fikri bir kenara b\u0131rakm\u0131\u015ft\u0131m.<\/p>\n\n\n\n<p>\u0130svi\u00e7re televizyonundaki Puls program\u0131 sayesinde Swisslasik\u2019i fark etti\u011fimde ve ayr\u0131ca Facts dergisinde yay\u0131mlanan bir haberi de okudu\u011fumda, karar\u0131m\u0131 vermem \u00e7ok uzun s\u00fcrmedi.<\/p>\n\n\n\n<p>\u00d6n muayene yapt\u0131rmak i\u00e7in Z\u00fcrih\u2019te bir g\u00f6z doktorundan randevu ald\u0131m. Miyop derecem \u00e7ok y\u00fcksek oldu\u011fu i\u00e7in ameliyat\u0131n ger\u00e7ekten m\u00fcmk\u00fcn olup olmayaca\u011f\u0131ndan emin de\u011fildim. Sonu\u00e7 olumlu \u00e7\u0131karsa \u0130stanbul\u2019a gitmeyi, olumsuz olursa da bu konuyu tamamen kapatmay\u0131 d\u00fc\u015f\u00fcn\u00fcyordum.  <\/p>\n\n\n\n<p>Bu muayenede g\u00f6zlerim ayr\u0131nt\u0131l\u0131 \u015fekilde incelendi ve \u00f6l\u00e7\u00fcmleri yap\u0131ld\u0131; lazerle tedavinin m\u00fcmk\u00fcn oldu\u011fu y\u00f6n\u00fcnde olumlu sonu\u00e7 ald\u0131m.<\/p>\n\n\n\n<p>Bunun \u00fczerine Swisslasik\u2019ten Say\u0131n Karaaga\u00e7li-Leoni ile ileti\u015fime ge\u00e7tim. Kendisi ameliyat s\u00fcrecini \u00e7ok h\u0131zl\u0131 ve profesyonel bir \u015fekilde organize etti; \u0130stanbul\u2019daki konaklama ve ameliyatla ilgili t\u00fcm sorular\u0131m\u0131 da her zaman hemen ve son derece nazik bir \u015fekilde yan\u0131tlad\u0131. <\/p>\n\n\n\n<p>\u0130stanbul\u2019daki konaklamamdan \u00f6nce, konaklama s\u0131ras\u0131nda ve sonras\u0131nda kendimi \u00e7ok iyi \u015fekilde y\u00f6nlendirilmi\u015f ve desteklenmi\u015f hissettim; bu benim i\u00e7in ger\u00e7ekten \u00e7ok \u00f6nemliydi.<\/p>\n\n\n\n<p>Eye-Star Klini\u011fi\u2019ndeki personel, benim ve bana e\u015flik eden ki\u015finin kendimizi rahat hissetmesi i\u00e7in her \u015feyi yapt\u0131. Bizi son derece g\u00fcler y\u00fczl\u00fc kar\u015f\u0131lad\u0131lar ve \u00e7al\u0131\u015fanlar\u0131n yabanc\u0131 dil bilgisi beni ger\u00e7ekten \u00e7ok etkiledi. \u0130svi\u00e7re Almancas\u0131, Almanca, \u0130ngilizce, Frans\u0131zca\u2026 Sanki t\u00fcm dilleri konu\u015fuyor gibiydiler.  <\/p>\n\n\n\n<p>Her zaman tam zaman\u0131nda al\u0131nd\u0131k ve transfer hizmetinden ger\u00e7ekten \u00e7ok memnun kald\u0131k.<\/p>\n\n\n\n<p>Klinikte, g\u00f6z ameliyat\u0131n\u0131 daha \u00f6nce yapt\u0131rm\u0131\u015f ve kontrol muayenesi i\u00e7in gelmi\u015f birka\u00e7 ki\u015fiyle de kar\u015f\u0131la\u015ft\u0131m. Onlar\u0131n \u00e7ok olumlu ve heyecanl\u0131 anlat\u0131mlar\u0131, ameliyat \u00f6ncesinde beni ayr\u0131ca rahatlatt\u0131. <\/p>\n\n\n\n<p>\u015eimdi \u0130stanbul\u2019dan geri d\u00f6nd\u00fcm ve pi\u015fman oldu\u011fum tek \u015fey, bu ameliyat\u0131 \u00e7ok daha \u00f6nce yapt\u0131rmam\u0131\u015f olmam. Ameliyattan sadece birka\u00e7 saat sonra \u0130stanbul\u2019da dola\u015fabiliyor, sokak tabelalar\u0131n\u0131 ve benzeri yaz\u0131lar\u0131 okuyabiliyordum. 20 y\u0131l\u0131 a\u015fk\u0131n bir s\u00fcreden sonra ilk kez ne g\u00f6zl\u00fck ne de kontakt lens kullan\u0131yorum; \u00fcstelik g\u00fcnde 24 saat net g\u00f6r\u00fcyorum. Bu, miyop derecemin -8 diyoptri oldu\u011fu d\u00fc\u015f\u00fcn\u00fcl\u00fcrse benim i\u00e7in inan\u0131lmaz bir sonu\u00e7. Ameliyat y\u00fczde y\u00fcz ba\u015far\u0131l\u0131 ge\u00e7ti ve g\u00f6rme yard\u0131mc\u0131s\u0131 olmadan ya\u015fad\u0131\u011f\u0131m bu hayattan b\u00fcy\u00fck mutluluk duyuyorum. Banyoda yere d\u00fc\u015fen bir lensi aramak i\u00e7in yerde s\u00fcr\u00fcnmek ya da sabah\u0131n erken saatlerinde g\u00f6zl\u00fc\u011f\u00fcm\u00fc el yordam\u0131yla aramak art\u0131k ge\u00e7mi\u015fte kald\u0131. \u00d6n\u00fcm\u00fczdeki yaz ilk kez, lenslerimle ilgili endi\u015fe duymadan y\u00fczebilece\u011fim ve lens sol\u00fcsyonlar\u0131 gibi \u015feyleri d\u00fc\u015f\u00fcnmeden seyahate \u00e7\u0131kabilece\u011fim.     <\/p>\n\n\n\n<p>Swisslasik\u2019i ve Eye-Star Klini\u011fi\u2019ni herkese g\u00f6n\u00fcl rahatl\u0131\u011f\u0131yla tavsiye edebilirim. Bu deneyim yaz\u0131s\u0131yla, T\u00fcrkiye\u2019de g\u00f6z ameliyat\u0131 yapt\u0131rmaya kar\u015f\u0131 baz\u0131 ki\u015filerin sahip oldu\u011fu \u00f6nyarg\u0131lar\u0131 bir nebze olsun azaltabilmeyi umuyorum.<\/p>\n\n\n\n<p>Son olarak \u015funu da eklemek isterim: \u0130stanbul \u00e7ok g\u00fczel ve b\u00fcy\u00fcleyici bir \u015fehir ve bir g\u00fcn mutlaka tekrar gelece\u011fim.<\/p>\n\n\n\n<p>Sevgilerimle<\/p>\n\n\n\n<p>Eva Thoma<\/p>\n\n\n\n<div class=\"wp-block-group is-layout-grid wp-container-core-group-is-layout-baef362d wp-block-group-is-layout-grid\">\n<p><a href=\"https:\/\/medicaltravel.at\/home\/agb\/\" data-type=\"page\" data-id=\"2191\" rel=\"nofollow noopener\" target=\"_blank\"><\/a><a href=\"https:\/\/swisslasik.ch\/tr\/yasli-hasta-raporlari-goez-klinigi-tuerkiye\/lasik-ameliyati-icin-istanbuldaki-deneyimim-28-ekim-2007-pazar-tarihli-deneyim-raporu\/\" data-type=\"link\" data-id=\"https:\/\/swisslasik.ch\/tr\/yasli-hasta-raporlari-goez-klinigi-tuerkiye\/lasik-ameliyati-icin-istanbuldaki-deneyimim-28-ekim-2007-pazar-tarihli-deneyim-raporu\/\">\u00d6nceki rapor<\/a><\/p>\n\n\n\n<p class=\"has-text-align-right wp-container-content-5e2576f9\"><a href=\"https:\/\/medicaltravel.at\/home\/impressum\/\" data-type=\"page\" data-id=\"2193\" rel=\"nofollow noopener\" target=\"_blank\"><\/a><a href=\"https:\/\/medicaltravel.at\/home\/berichte-von-patienten\/erfahrungsberichte\/erfahrungsbericht-zahnbehandlung-in-istanbul\/\" data-type=\"page\" data-id=\"981\" rel=\"nofollow noopener\" target=\"_blank\"><\/a><a href=\"https:\/\/swisslasik.ch\/tr\/yasli-hasta-raporlari-goez-klinigi-tuerkiye\/tuerkiyede-goez-lazeri-deneyimi-27-temmuz-2007-cuma-tarihli-deneyim-raporu\/\" data-type=\"link\" data-id=\"https:\/\/swisslasik.ch\/altere-patientenberichte-augenklinik-tuerkei\/erfahrungsbericht-augenlaser-turkei-bericht-vom-freitag-27-juli-2007\/\">Bir Sonraki Rapor<br><\/a><\/p>\n<\/div>\n","protected":false},"excerpt":{"rendered":"<p>T\u00fcrkiye\u2019de g\u00f6z lazeri deneyimi \u2013 02 Ekim 2007 Sal\u0131 tarihli deneyim raporu Ne? \u0130stanbul\u2019da g\u00f6z ameliyat\u0131 m\u0131? Akl\u0131n\u0131 m\u0131 ka\u00e7\u0131rd\u0131n? Ben asla orada yapt\u0131rmam. Sonu\u00e7ta sadece iki g\u00f6z\u00fcn var. \u0130stanbul\u2019daki Eye-Star Klini\u011fi\u2019nde g\u00f6zlerimi ameliyat ettirmeyi planlad\u0131\u011f\u0131m\u0131 ilk ki\u015filere s\u00f6yledi\u011fimde, buna benzer tepkiler ald\u0131m. Kendim her ne kadar kararl\u0131 olsam da yine de biraz gergindim, bu y\u00fczden ba\u015fka kimseye bundan bahsetmemeye karar verdim. Bu t\u00fcr yorumlar beni pek sakinle\u015ftirmiyordu. Nas\u0131l olsa her \u015fey bittikten sonra anlatabilirdim. Birka\u00e7 y\u0131l \u00f6nce, miyoplu\u011fumu lazer ameliyat\u0131yla d\u00fczelttirmeyi d\u00fc\u015f\u00fcnm\u00fc\u015ft\u00fcm, ancak y\u00fcksek maliyetler nedeniyle bu fikri bir kenara b\u0131rakm\u0131\u015ft\u0131m. \u0130svi\u00e7re televizyonundaki Puls program\u0131 sayesinde Swisslasik\u2019i fark etti\u011fimde ve ayr\u0131ca Facts dergisinde yay\u0131mlanan bir haberi de okudu\u011fumda, karar\u0131m\u0131 vermem \u00e7ok uzun s\u00fcrmedi. \u00d6n muayene yapt\u0131rmak i\u00e7in Z\u00fcrih\u2019te bir g\u00f6z doktorundan randevu ald\u0131m. Miyop derecem \u00e7ok y\u00fcksek oldu\u011fu i\u00e7in ameliyat\u0131n ger\u00e7ekten m\u00fcmk\u00fcn olup olmayaca\u011f\u0131ndan emin de\u011fildim. Sonu\u00e7 olumlu \u00e7\u0131karsa \u0130stanbul\u2019a gitmeyi, olumsuz olursa da bu konuyu tamamen kapatmay\u0131 d\u00fc\u015f\u00fcn\u00fcyordum. Bu muayenede g\u00f6zlerim ayr\u0131nt\u0131l\u0131 \u015fekilde incelendi ve \u00f6l\u00e7\u00fcmleri yap\u0131ld\u0131; lazerle tedavinin m\u00fcmk\u00fcn oldu\u011fu y\u00f6n\u00fcnde olumlu sonu\u00e7 ald\u0131m. Bunun \u00fczerine Swisslasik\u2019ten Say\u0131n Karaaga\u00e7li-Leoni ile ileti\u015fime ge\u00e7tim. Kendisi ameliyat s\u00fcrecini \u00e7ok h\u0131zl\u0131 ve profesyonel bir \u015fekilde organize etti; \u0130stanbul\u2019daki konaklama ve ameliyatla ilgili t\u00fcm sorular\u0131m\u0131 da her zaman hemen ve son derece nazik bir \u015fekilde yan\u0131tlad\u0131. \u0130stanbul\u2019daki konaklamamdan \u00f6nce, konaklama s\u0131ras\u0131nda ve sonras\u0131nda kendimi \u00e7ok iyi \u015fekilde y\u00f6nlendirilmi\u015f ve desteklenmi\u015f hissettim; bu benim i\u00e7in ger\u00e7ekten \u00e7ok \u00f6nemliydi. Eye-Star Klini\u011fi\u2019ndeki personel, benim ve bana e\u015flik eden ki\u015finin kendimizi rahat hissetmesi i\u00e7in her \u015feyi yapt\u0131. Bizi son derece g\u00fcler y\u00fczl\u00fc kar\u015f\u0131lad\u0131lar ve \u00e7al\u0131\u015fanlar\u0131n yabanc\u0131 dil bilgisi beni ger\u00e7ekten \u00e7ok etkiledi. \u0130svi\u00e7re Almancas\u0131, Almanca, \u0130ngilizce, Frans\u0131zca\u2026 Sanki t\u00fcm dilleri konu\u015fuyor gibiydiler. Her zaman tam zaman\u0131nda al\u0131nd\u0131k ve transfer hizmetinden ger\u00e7ekten \u00e7ok memnun kald\u0131k. Klinikte, g\u00f6z ameliyat\u0131n\u0131 daha \u00f6nce yapt\u0131rm\u0131\u015f ve kontrol muayenesi i\u00e7in gelmi\u015f birka\u00e7 ki\u015fiyle de kar\u015f\u0131la\u015ft\u0131m. Onlar\u0131n \u00e7ok olumlu ve heyecanl\u0131 anlat\u0131mlar\u0131, ameliyat \u00f6ncesinde beni ayr\u0131ca rahatlatt\u0131. \u015eimdi \u0130stanbul\u2019dan geri d\u00f6nd\u00fcm ve pi\u015fman oldu\u011fum tek \u015fey, bu ameliyat\u0131 \u00e7ok daha \u00f6nce yapt\u0131rmam\u0131\u015f olmam. Ameliyattan sadece birka\u00e7 saat sonra \u0130stanbul\u2019da dola\u015fabiliyor, sokak tabelalar\u0131n\u0131 ve benzeri yaz\u0131lar\u0131 okuyabiliyordum. 20 y\u0131l\u0131 a\u015fk\u0131n bir s\u00fcreden sonra ilk kez ne g\u00f6zl\u00fck ne de kontakt lens kullan\u0131yorum; \u00fcstelik g\u00fcnde 24 saat net g\u00f6r\u00fcyorum. Bu, miyop derecemin -8 diyoptri oldu\u011fu d\u00fc\u015f\u00fcn\u00fcl\u00fcrse benim i\u00e7in inan\u0131lmaz bir sonu\u00e7. Ameliyat y\u00fczde y\u00fcz ba\u015far\u0131l\u0131 ge\u00e7ti ve g\u00f6rme yard\u0131mc\u0131s\u0131 olmadan ya\u015fad\u0131\u011f\u0131m bu hayattan b\u00fcy\u00fck mutluluk duyuyorum. Banyoda yere d\u00fc\u015fen bir lensi aramak i\u00e7in yerde s\u00fcr\u00fcnmek ya da sabah\u0131n erken saatlerinde g\u00f6zl\u00fc\u011f\u00fcm\u00fc el yordam\u0131yla aramak art\u0131k ge\u00e7mi\u015fte kald\u0131. \u00d6n\u00fcm\u00fczdeki yaz ilk kez, lenslerimle ilgili endi\u015fe duymadan y\u00fczebilece\u011fim ve lens sol\u00fcsyonlar\u0131 gibi \u015feyleri d\u00fc\u015f\u00fcnmeden seyahate \u00e7\u0131kabilece\u011fim. Swisslasik\u2019i ve Eye-Star Klini\u011fi\u2019ni herkese g\u00f6n\u00fcl rahatl\u0131\u011f\u0131yla tavsiye edebilirim. Bu deneyim yaz\u0131s\u0131yla, T\u00fcrkiye\u2019de g\u00f6z ameliyat\u0131 yapt\u0131rmaya kar\u015f\u0131 baz\u0131 ki\u015filerin sahip oldu\u011fu \u00f6nyarg\u0131lar\u0131 bir nebze olsun azaltabilmeyi umuyorum. Son olarak \u015funu da eklemek isterim: \u0130stanbul \u00e7ok g\u00fczel ve b\u00fcy\u00fcleyici bir \u015fehir ve bir g\u00fcn mutlaka tekrar gelece\u011fim. Sevgilerimle Eva Thoma \u00d6nceki rapor Bir Sonraki Rapor<\/p>\n","protected":false},"author":4,"featured_media":0,"parent":3355,"menu_order":0,"comment_status":"closed","ping_status":"closed","template":"","meta":{"_joinchat":[],"footnotes":""},"class_list":["post-3375","page","type-page","status-publish","hentry"],"acf":[],"_links":{"self":[{"href":"https:\/\/swisslasik.ch\/tr\/wp-json\/wp\/v2\/pages\/3375","targetHints":{"allow":["GET"]}}],"collection":[{"href":"https:\/\/swisslasik.ch\/tr\/wp-json\/wp\/v2\/pages"}],"about":[{"href":"https:\/\/swisslasik.ch\/tr\/wp-json\/wp\/v2\/types\/page"}],"author":[{"embeddable":true,"href":"https:\/\/swisslasik.ch\/tr\/wp-json\/wp\/v2\/users\/4"}],"replies":[{"embeddable":true,"href":"https:\/\/swisslasik.ch\/tr\/wp-json\/wp\/v2\/comments?post=3375"}],"version-history":[{"count":3,"href":"https:\/\/swisslasik.ch\/tr\/wp-json\/wp\/v2\/pages\/3375\/revisions"}],"predecessor-version":[{"id":4866,"href":"https:\/\/swisslasik.ch\/tr\/wp-json\/wp\/v2\/pages\/3375\/revisions\/4866"}],"up":[{"embeddable":true,"href":"https:\/\/swisslasik.ch\/tr\/wp-json\/wp\/v2\/pages\/3355"}],"wp:attachment":[{"href":"https:\/\/swisslasik.ch\/tr\/wp-json\/wp\/v2\/media?parent=3375"}],"curies":[{"name":"wp","href":"https:\/\/api.w.org\/{rel}","templated":true}]}}