{"id":3377,"date":"2025-09-24T15:10:20","date_gmt":"2025-09-24T14:10:20","guid":{"rendered":"https:\/\/swisslasik.ch\/yasli-hasta-raporlari-goez-klinigi-tuerkiye\/istanbulda-goez-lazeri-deneyimi-24-nisan-2008-persembe-tarihli-deneyim-raporu\/"},"modified":"2026-01-14T20:51:27","modified_gmt":"2026-01-14T19:51:27","slug":"istanbulda-goez-lazeri-deneyimi-24-nisan-2008-persembe-tarihli-deneyim-raporu","status":"publish","type":"page","link":"https:\/\/swisslasik.ch\/tr\/yasli-hasta-raporlari-goez-klinigi-tuerkiye\/istanbulda-goez-lazeri-deneyimi-24-nisan-2008-persembe-tarihli-deneyim-raporu\/","title":{"rendered":"\u0130stanbul\u2019da g\u00f6z lazeri deneyimi \u2013 24 Nisan 2008 Per\u015fembe tarihli deneyim raporu"},"content":{"rendered":"\n<h3 class=\"wp-block-heading\">\u0130stanbul\u2019da g\u00f6z lazeri deneyimi \u2013 24 Nisan 2008 Per\u015fembe tarihli deneyim raporu<\/h3>\n\n\n\n<p>Deneyim raporu: \u0130stanbul&#8217;da lazer g\u00f6z ameliyat\u0131<\/p>\n\n\n\n<p>Yakla\u015f\u0131k 22 ya\u015f\u0131ndayken araba kullanmak i\u00e7in bir g\u00f6rme yard\u0131m\u0131na, yani g\u00f6zl\u00fc\u011fe ihtiya\u00e7 duymaya ba\u015flad\u0131m. Ba\u015fta g\u00f6zl\u00fc\u011f\u00fc sadece araba kullan\u0131rken ya da sinemaya gitti\u011fimde tak\u0131yordum. G\u00fcn\u00fcn geri kalan\u0131nda g\u00f6zl\u00fc\u011fe gerek duymuyordum. Zamanla g\u00f6zlerim daha da zay\u0131flad\u0131 ve g\u00f6zl\u00fc\u011f\u00fc g\u00fcn boyu takmaya ba\u015flad\u0131m. Baz\u0131 spor dallar\u0131nda (\u00f6rne\u011fin y\u00fczme ya da ko\u015fu s\u0131ras\u0131nda) g\u00f6zl\u00fck rahats\u0131z edici oldu\u011fu i\u00e7in ayl\u0131k kontakt lens kullanmaya karar verdim. Ayl\u0131k lenslerle kendimi daha \u00f6zg\u00fcr ve k\u0131s\u0131tlanmam\u0131\u015f hissediyordum. Bu benim i\u00e7in tamamen yeni bir histi. Ancak ayl\u0131k lenslerle de zaman zaman rahats\u0131z edici durumlar ya\u015fan\u0131yordu. Ama ne yapal\u0131m, estetik nedenlerle art\u0131k g\u00f6zl\u00fck takmak istemedi\u011fim i\u00e7in buna katlanmak zorundayd\u0131m. Yakla\u015f\u0131k \u00fc\u00e7 y\u0131l \u00f6nce, \u00e7e\u015fitli dergilerde g\u00f6z lazeri tedavileriyle ilgili reklamlar her yerde g\u00f6r\u00fcnmeye ba\u015flad\u0131. Hepsini dikkatle okuyor, bu konuyla yak\u0131ndan ilgileniyordum. Derken iyi bir arkada\u015f\u0131m, Bern\u2019de yapt\u0131rd\u0131\u011f\u0131 g\u00f6z lazeri ameliyat\u0131yla ilgili deneyimlerini benimle payla\u015ft\u0131 ve her \u015feyi detayl\u0131ca anlatt\u0131; maliyetin yakla\u015f\u0131k 8.000 \u0130svi\u00e7re Frang\u0131 olaca\u011f\u0131n\u0131 da s\u00f6yledi. Ancak o noktaya gelene kadar \u00f6nce bir s\u00fcre birikim yapmak gerekiyordu.              <\/p>\n\n\n\n<p>Tesad\u00fcfen 25 Haziran 2007\u2019de \u0130svi\u00e7re televizyonunda PULS program\u0131nda, \u0130stanbul\u2019da yap\u0131lan g\u00f6z lazeri ameliyatlar\u0131yla ilgili bir belgesel izledim. B\u00f6ylece www.swisslasik.ch internet sitesine ula\u015ft\u0131m. Uzun s\u00fcre karars\u0131z kald\u0131ktan sonra, Eyl\u00fcl ay\u0131n\u0131n sonunda Z\u00fcrih\u2019te \u00f6n muayene i\u00e7in randevu almaya karar verdim. Yap\u0131lan muayenede, ameliyat\u0131n benim i\u00e7in herhangi bir sorun te\u015fkil etmedi\u011fi ortaya \u00e7\u0131kt\u0131. G\u00f6z doktoru, gerekli tetkiklerin yan\u0131 s\u0131ra lazer ameliyat\u0131n\u0131n avantajlar\u0131 ve dezavantajlar\u0131 hakk\u0131nda da beni bilgilendirdi. Z\u00fcrih\u2019teki muayeneden sonra h\u00e2l\u00e2 tam olarak ikna olmam\u0131\u015ft\u0131m. \u00c7evremden de \u0130stanbul\u2019da g\u00f6z lazeri mi, akl\u0131n\u0131 m\u0131 ka\u00e7\u0131rd\u0131n, bu \u00e7ok tehlikeli gibi yorumlar d\u0131\u015f\u0131nda pek olumlu bir \u015fey duyamad\u0131m. Swisslasik\u2019in forumundaki deneyim yaz\u0131lar\u0131n\u0131 defalarca okudum. Her ikna edici yaz\u0131yla birlikte karar\u0131m da biraz daha netle\u015fti: ya \u015fimdi ya hi\u00e7. Ocak 2008\u2019in ba\u015f\u0131nda Say\u0131n Karaagacli ile ileti\u015fime ge\u00e7tim ve 31 Mart 2008 tarihinde \u0130stanbul\u2019da g\u00f6z lazeri ameliyat\u0131 olmak istedi\u011fimi bildirdim. Kendisi u\u00e7u\u015fu, oteli (Taksim G\u00f6nen) ve ameliyat randevusunu organize etti. Her \u015fey kusursuz \u015fekilde ayarlanm\u0131\u015ft\u0131. Mart ay\u0131n\u0131n ba\u015f\u0131nda ise, \u0130stanbul\u2019daki konaklamam i\u00e7in gerekli ve faydal\u0131 t\u00fcm bilgileri i\u00e7eren, \u015fahs\u0131ma \u00f6zel haz\u0131rlanm\u0131\u015f Swisslasik pasaportunu ald\u0131m. H\u0131zl\u0131 ve g\u00fcler y\u00fczl\u00fc e-postalar\u0131 ve m\u00fckemmel organizasyon i\u00e7in Say\u0131n Karaagacli\u2019ye i\u00e7ten te\u015fekk\u00fcr ederim.             <\/p>\n\n\n\n<p>30 Mart 2008 Pazar g\u00fcn\u00fc e\u015fimle birlikte \u0130stanbul\u2019a u\u00e7tuk. Havaliman\u0131nda bizi Say\u0131n Cayli kar\u015f\u0131lad\u0131 ve otele g\u00f6t\u00fcrd\u00fc. Kendisi ak\u0131c\u0131 bir \u015fekilde Almanca konu\u015fuyordu ve yakla\u015f\u0131k 25 dakikal\u0131k ara\u00e7 yolculu\u011fu s\u0131ras\u0131nda EyeStar G\u00f6z Klini\u011fi ve ameliyat\u0131n nas\u0131l ilerleyece\u011fi hakk\u0131nda bizi bilgilendirdi. Ameliyat pazartesi g\u00fcn\u00fc planland\u0131\u011f\u0131 i\u00e7in pazar \u00f6\u011fleden sonras\u0131 bize serbestti ve Taksim Meydan\u0131 \u00e7evresindeki sokaklar\u0131 gezdik. Ertesi sabah, 31 Mart 2008\u2019de saat 11.00\u2019de Fred taraf\u0131ndan otelden al\u0131nd\u0131k. G\u00f6z klini\u011fine y\u00fcr\u00fcyerek sadece yakla\u015f\u0131k 200 metre vard\u0131. Yolda, benim gibi ameliyat\u0131 o pazartesi g\u00fcn\u00fc planlanan Almanya\u2019dan iki han\u0131m daha bize kat\u0131ld\u0131. Klinikte bizi s\u0131cak ve rahat bir ortamda kar\u015f\u0131lad\u0131lar. \u00d6nce bir fincan kahve ikram edildi, ard\u0131ndan g\u00f6zlerimiz detayl\u0131 \u015fekilde muayene edildi. Daha sonra \u00f6\u011fle aras\u0131 verildi ve \u00f6\u011fleden sonra saat 15.30 civar\u0131nda s\u0131ra geldi. Bana ye\u015fil bir ameliyat \u00f6nl\u00fc\u011f\u00fc ve sa\u00e7 bonesi giydirildi, ard\u0131ndan bir masaj koltu\u011funa oturtuldum. Burada Say\u0131n Cayli g\u00f6zlerimi dezenfekte etti ve sakinle\u015ftirici s\u00f6zlerle beni rahatlatmaya \u00e7al\u0131\u015ft\u0131.            <\/p>\n\n\n\n<p>Daha sonra lazer i\u015flemi i\u00e7in ameliyathaneye ge\u00e7tik. G\u00f6z doktoru yap\u0131lan her ad\u0131m\u0131 \u0130ngilizce olarak anlatt\u0131 ve Say\u0131n Fred t\u00fcm talimatlar\u0131 bana Almanca olarak \u00e7evirdi. G\u00f6z kapa\u011f\u0131n\u0131 a\u00e7\u0131k tutan aparatlar ve g\u00f6z\u00fc sabitleyen k\u00fc\u00e7\u00fck cihaz yerle\u015ftirildi\u011finde rahats\u0131z edici bir bask\u0131 hissettim. Bunun d\u0131\u015f\u0131nda her \u015fey sorunsuz ilerledi. Her iki g\u00f6z\u00fcm de s\u0131rayla ameliyat edildi.    <\/p>\n\n\n\n<p>Daha sonra lazer i\u015flemi i\u00e7in ameliyathaneye ge\u00e7tik. G\u00f6z doktoru yap\u0131lan her ad\u0131m\u0131 \u0130ngilizce olarak anlatt\u0131 ve Say\u0131n Fred t\u00fcm talimatlar\u0131 bana Almanca olarak \u00e7evirdi. G\u00f6z kapa\u011f\u0131n\u0131 a\u00e7\u0131k tutan aparatlar ve g\u00f6z\u00fc sabitleyen k\u00fc\u00e7\u00fck cihaz yerle\u015ftirildi\u011finde rahats\u0131z edici bir bask\u0131 hissettim. Bunun d\u0131\u015f\u0131nda her \u015fey sorunsuz ilerledi. Her iki g\u00f6z\u00fcm de s\u0131rayla ameliyat edildi.  <\/p>\n\n\n\n<p>Ertesi sabah g\u00f6rme g\u00fcc\u00fcm tamamen yerine gelmi\u015fti ve hi\u00e7bir \u015fik\u00e2yetim yoktu. Kontrol muayenesinde g\u00f6z doktoru da g\u00f6rme g\u00fcc\u00fcm\u00fcn y\u00fczde 100\u2019e ula\u015ft\u0131\u011f\u0131n\u0131 teyit etti. Tam g\u00f6rme g\u00fcc\u00fcne sahip olmak, hi\u00e7bir rahats\u0131zl\u0131k ya da a\u011fr\u0131 hissetmemek, g\u00f6zlerde sulanma veya yanma olmamas\u0131 ve t\u00fcm bunlar\u0131n ameliyattan sadece bir g\u00fcn sonra ger\u00e7ekle\u015fmesi inan\u0131lmaz bir duyguydu.  <\/p>\n\n\n\n<p>G\u00fcn\u00fcn geri kalan k\u0131sm\u0131 bize serbestti, bu sayede ertesi g\u00fcn tekrar \u0130svi\u00e7re\u2019ye d\u00f6nmeden \u00f6nce \u0130stanbul\u2019un turistik yerlerini gezmeye vaktimiz oldu.<\/p>\n\n\n\n<p>Sonradan g\u00f6n\u00fcl rahatl\u0131\u011f\u0131yla herkese \u015funu s\u00f6yleyebilirim: \u0130stanbul\u2019a kadar gitmeye kesinlikle de\u011fdi. Her \u015fey \u00e7ok iyi organize edilmi\u015fti ve g\u00f6z klini\u011finde herkes son derece g\u00fcler y\u00fczl\u00fc, yard\u0131msever ve i\u015finin ehliydi. G\u00f6rme yard\u0131mc\u0131s\u0131 olmadan yeni bir hayat ba\u015flayabilir\u2026.  <\/p>\n\n\n\n<p>Ingrid Salzmann, Baltschieder, 20 Nisan 2008<\/p>\n\n\n\n<div class=\"wp-block-group is-layout-grid wp-container-core-group-is-layout-baef362d wp-block-group-is-layout-grid\">\n<p><a href=\"https:\/\/medicaltravel.at\/home\/agb\/\" data-type=\"page\" data-id=\"2191\" rel=\"nofollow noopener\" target=\"_blank\"><\/a><a href=\"https:\/\/swisslasik.ch\/tr\/her-sey-lise-yillarinda-basladi-16-mayis-2008-cuma-tarihli-deneyim-raporu\/\" data-type=\"link\" data-id=\"https:\/\/swisslasik.ch\/tr\/her-sey-lise-yillarinda-basladi-16-mayis-2008-cuma-tarihli-deneyim-raporu\/\">\u00d6nceki rapor<\/a><\/p>\n\n\n\n<p class=\"has-text-align-right wp-container-content-5e2576f9\"><a href=\"https:\/\/medicaltravel.at\/home\/impressum\/\" data-type=\"page\" data-id=\"2193\" rel=\"nofollow noopener\" target=\"_blank\"><\/a><a href=\"https:\/\/medicaltravel.at\/home\/berichte-von-patienten\/erfahrungsberichte\/erfahrungsbericht-zahnbehandlung-in-istanbul\/\" data-type=\"page\" data-id=\"981\" rel=\"nofollow noopener\" target=\"_blank\"><\/a><a href=\"https:\/\/swisslasik.ch\/tr\/yasli-hasta-raporlari-goez-klinigi-tuerkiye\/08-04-2008-tarihinde-istanbulda-gecirdigim-goez-lasik-ameliyati-17-nisan-2008-persembe-tarihli-deneyim-raporu\/\" data-type=\"link\" data-id=\"https:\/\/swisslasik.ch\/tr\/yasli-hasta-raporlari-goez-klinigi-tuerkiye\/08-04-2008-tarihinde-istanbulda-gecirdigim-goez-lasik-ameliyati-17-nisan-2008-persembe-tarihli-deneyim-raporu\/\">Bir Sonraki Rapor<br><\/a><\/p>\n<\/div>\n","protected":false},"excerpt":{"rendered":"<p>\u0130stanbul\u2019da g\u00f6z lazeri deneyimi \u2013 24 Nisan 2008 Per\u015fembe tarihli deneyim raporu Deneyim raporu: \u0130stanbul&#8217;da lazer g\u00f6z ameliyat\u0131 Yakla\u015f\u0131k 22 ya\u015f\u0131ndayken araba kullanmak i\u00e7in bir g\u00f6rme yard\u0131m\u0131na, yani g\u00f6zl\u00fc\u011fe ihtiya\u00e7 duymaya ba\u015flad\u0131m. Ba\u015fta g\u00f6zl\u00fc\u011f\u00fc sadece araba kullan\u0131rken ya da sinemaya gitti\u011fimde tak\u0131yordum. G\u00fcn\u00fcn geri kalan\u0131nda g\u00f6zl\u00fc\u011fe gerek duymuyordum. Zamanla g\u00f6zlerim daha da zay\u0131flad\u0131 ve g\u00f6zl\u00fc\u011f\u00fc g\u00fcn boyu takmaya ba\u015flad\u0131m. Baz\u0131 spor dallar\u0131nda (\u00f6rne\u011fin y\u00fczme ya da ko\u015fu s\u0131ras\u0131nda) g\u00f6zl\u00fck rahats\u0131z edici oldu\u011fu i\u00e7in ayl\u0131k kontakt lens kullanmaya karar verdim. Ayl\u0131k lenslerle kendimi daha \u00f6zg\u00fcr ve k\u0131s\u0131tlanmam\u0131\u015f hissediyordum. Bu benim i\u00e7in tamamen yeni bir histi. Ancak ayl\u0131k lenslerle de zaman zaman rahats\u0131z edici durumlar ya\u015fan\u0131yordu. Ama ne yapal\u0131m, estetik nedenlerle art\u0131k g\u00f6zl\u00fck takmak istemedi\u011fim i\u00e7in buna katlanmak zorundayd\u0131m. Yakla\u015f\u0131k \u00fc\u00e7 y\u0131l \u00f6nce, \u00e7e\u015fitli dergilerde g\u00f6z lazeri tedavileriyle ilgili reklamlar her yerde g\u00f6r\u00fcnmeye ba\u015flad\u0131. Hepsini dikkatle okuyor, bu konuyla yak\u0131ndan ilgileniyordum. Derken iyi bir arkada\u015f\u0131m, Bern\u2019de yapt\u0131rd\u0131\u011f\u0131 g\u00f6z lazeri ameliyat\u0131yla ilgili deneyimlerini benimle payla\u015ft\u0131 ve her \u015feyi detayl\u0131ca anlatt\u0131; maliyetin yakla\u015f\u0131k 8.000 \u0130svi\u00e7re Frang\u0131 olaca\u011f\u0131n\u0131 da s\u00f6yledi. Ancak o noktaya gelene kadar \u00f6nce bir s\u00fcre birikim yapmak gerekiyordu. Tesad\u00fcfen 25 Haziran 2007\u2019de \u0130svi\u00e7re televizyonunda PULS program\u0131nda, \u0130stanbul\u2019da yap\u0131lan g\u00f6z lazeri ameliyatlar\u0131yla ilgili bir belgesel izledim. B\u00f6ylece www.swisslasik.ch internet sitesine ula\u015ft\u0131m. Uzun s\u00fcre karars\u0131z kald\u0131ktan sonra, Eyl\u00fcl ay\u0131n\u0131n sonunda Z\u00fcrih\u2019te \u00f6n muayene i\u00e7in randevu almaya karar verdim. Yap\u0131lan muayenede, ameliyat\u0131n benim i\u00e7in herhangi bir sorun te\u015fkil etmedi\u011fi ortaya \u00e7\u0131kt\u0131. G\u00f6z doktoru, gerekli tetkiklerin yan\u0131 s\u0131ra lazer ameliyat\u0131n\u0131n avantajlar\u0131 ve dezavantajlar\u0131 hakk\u0131nda da beni bilgilendirdi. Z\u00fcrih\u2019teki muayeneden sonra h\u00e2l\u00e2 tam olarak ikna olmam\u0131\u015ft\u0131m. \u00c7evremden de \u0130stanbul\u2019da g\u00f6z lazeri mi, akl\u0131n\u0131 m\u0131 ka\u00e7\u0131rd\u0131n, bu \u00e7ok tehlikeli gibi yorumlar d\u0131\u015f\u0131nda pek olumlu bir \u015fey duyamad\u0131m. Swisslasik\u2019in forumundaki deneyim yaz\u0131lar\u0131n\u0131 defalarca okudum. Her ikna edici yaz\u0131yla birlikte karar\u0131m da biraz daha netle\u015fti: ya \u015fimdi ya hi\u00e7. Ocak 2008\u2019in ba\u015f\u0131nda Say\u0131n Karaagacli ile ileti\u015fime ge\u00e7tim ve 31 Mart 2008 tarihinde \u0130stanbul\u2019da g\u00f6z lazeri ameliyat\u0131 olmak istedi\u011fimi bildirdim. Kendisi u\u00e7u\u015fu, oteli (Taksim G\u00f6nen) ve ameliyat randevusunu organize etti. Her \u015fey kusursuz \u015fekilde ayarlanm\u0131\u015ft\u0131. Mart ay\u0131n\u0131n ba\u015f\u0131nda ise, \u0130stanbul\u2019daki konaklamam i\u00e7in gerekli ve faydal\u0131 t\u00fcm bilgileri i\u00e7eren, \u015fahs\u0131ma \u00f6zel haz\u0131rlanm\u0131\u015f Swisslasik pasaportunu ald\u0131m. H\u0131zl\u0131 ve g\u00fcler y\u00fczl\u00fc e-postalar\u0131 ve m\u00fckemmel organizasyon i\u00e7in Say\u0131n Karaagacli\u2019ye i\u00e7ten te\u015fekk\u00fcr ederim. 30 Mart 2008 Pazar g\u00fcn\u00fc e\u015fimle birlikte \u0130stanbul\u2019a u\u00e7tuk. Havaliman\u0131nda bizi Say\u0131n Cayli kar\u015f\u0131lad\u0131 ve otele g\u00f6t\u00fcrd\u00fc. Kendisi ak\u0131c\u0131 bir \u015fekilde Almanca konu\u015fuyordu ve yakla\u015f\u0131k 25 dakikal\u0131k ara\u00e7 yolculu\u011fu s\u0131ras\u0131nda EyeStar G\u00f6z Klini\u011fi ve ameliyat\u0131n nas\u0131l ilerleyece\u011fi hakk\u0131nda bizi bilgilendirdi. Ameliyat pazartesi g\u00fcn\u00fc planland\u0131\u011f\u0131 i\u00e7in pazar \u00f6\u011fleden sonras\u0131 bize serbestti ve Taksim Meydan\u0131 \u00e7evresindeki sokaklar\u0131 gezdik. Ertesi sabah, 31 Mart 2008\u2019de saat 11.00\u2019de Fred taraf\u0131ndan otelden al\u0131nd\u0131k. G\u00f6z klini\u011fine y\u00fcr\u00fcyerek sadece yakla\u015f\u0131k 200 metre vard\u0131. Yolda, benim gibi ameliyat\u0131 o pazartesi g\u00fcn\u00fc planlanan Almanya\u2019dan iki han\u0131m daha bize kat\u0131ld\u0131. Klinikte bizi s\u0131cak ve rahat bir ortamda kar\u015f\u0131lad\u0131lar. \u00d6nce bir fincan kahve ikram edildi, ard\u0131ndan g\u00f6zlerimiz detayl\u0131 \u015fekilde muayene edildi. Daha sonra \u00f6\u011fle aras\u0131 verildi ve \u00f6\u011fleden sonra saat 15.30 civar\u0131nda s\u0131ra geldi. Bana ye\u015fil bir ameliyat \u00f6nl\u00fc\u011f\u00fc ve sa\u00e7 bonesi giydirildi, ard\u0131ndan bir masaj koltu\u011funa oturtuldum. Burada Say\u0131n Cayli g\u00f6zlerimi dezenfekte etti ve sakinle\u015ftirici s\u00f6zlerle beni rahatlatmaya \u00e7al\u0131\u015ft\u0131. Daha sonra lazer i\u015flemi i\u00e7in ameliyathaneye ge\u00e7tik. G\u00f6z doktoru yap\u0131lan her ad\u0131m\u0131 \u0130ngilizce olarak anlatt\u0131 ve Say\u0131n Fred t\u00fcm talimatlar\u0131 bana Almanca olarak \u00e7evirdi. G\u00f6z kapa\u011f\u0131n\u0131 a\u00e7\u0131k tutan aparatlar ve g\u00f6z\u00fc sabitleyen k\u00fc\u00e7\u00fck cihaz yerle\u015ftirildi\u011finde rahats\u0131z edici bir bask\u0131 hissettim. Bunun d\u0131\u015f\u0131nda her \u015fey sorunsuz ilerledi. Her iki g\u00f6z\u00fcm de s\u0131rayla ameliyat edildi. Daha sonra lazer i\u015flemi i\u00e7in ameliyathaneye ge\u00e7tik. G\u00f6z doktoru yap\u0131lan her ad\u0131m\u0131 \u0130ngilizce olarak anlatt\u0131 ve Say\u0131n Fred t\u00fcm talimatlar\u0131 bana Almanca olarak \u00e7evirdi. G\u00f6z kapa\u011f\u0131n\u0131 a\u00e7\u0131k tutan aparatlar ve g\u00f6z\u00fc sabitleyen k\u00fc\u00e7\u00fck cihaz yerle\u015ftirildi\u011finde rahats\u0131z edici bir bask\u0131 hissettim. Bunun d\u0131\u015f\u0131nda her \u015fey sorunsuz ilerledi. Her iki g\u00f6z\u00fcm de s\u0131rayla ameliyat edildi. Ertesi sabah g\u00f6rme g\u00fcc\u00fcm tamamen yerine gelmi\u015fti ve hi\u00e7bir \u015fik\u00e2yetim yoktu. Kontrol muayenesinde g\u00f6z doktoru da g\u00f6rme g\u00fcc\u00fcm\u00fcn y\u00fczde 100\u2019e ula\u015ft\u0131\u011f\u0131n\u0131 teyit etti. Tam g\u00f6rme g\u00fcc\u00fcne sahip olmak, hi\u00e7bir rahats\u0131zl\u0131k ya da a\u011fr\u0131 hissetmemek, g\u00f6zlerde sulanma veya yanma olmamas\u0131 ve t\u00fcm bunlar\u0131n ameliyattan sadece bir g\u00fcn sonra ger\u00e7ekle\u015fmesi inan\u0131lmaz bir duyguydu. G\u00fcn\u00fcn geri kalan k\u0131sm\u0131 bize serbestti, bu sayede ertesi g\u00fcn tekrar \u0130svi\u00e7re\u2019ye d\u00f6nmeden \u00f6nce \u0130stanbul\u2019un turistik yerlerini gezmeye vaktimiz oldu. Sonradan g\u00f6n\u00fcl rahatl\u0131\u011f\u0131yla herkese \u015funu s\u00f6yleyebilirim: \u0130stanbul\u2019a kadar gitmeye kesinlikle de\u011fdi. Her \u015fey \u00e7ok iyi organize edilmi\u015fti ve g\u00f6z klini\u011finde herkes son derece g\u00fcler y\u00fczl\u00fc, yard\u0131msever ve i\u015finin ehliydi. G\u00f6rme yard\u0131mc\u0131s\u0131 olmadan yeni bir hayat ba\u015flayabilir\u2026. Ingrid Salzmann, Baltschieder, 20 Nisan 2008 \u00d6nceki rapor Bir Sonraki Rapor<\/p>\n","protected":false},"author":4,"featured_media":0,"parent":3355,"menu_order":0,"comment_status":"closed","ping_status":"closed","template":"","meta":{"_joinchat":[],"footnotes":""},"class_list":["post-3377","page","type-page","status-publish","hentry"],"acf":[],"_links":{"self":[{"href":"https:\/\/swisslasik.ch\/tr\/wp-json\/wp\/v2\/pages\/3377","targetHints":{"allow":["GET"]}}],"collection":[{"href":"https:\/\/swisslasik.ch\/tr\/wp-json\/wp\/v2\/pages"}],"about":[{"href":"https:\/\/swisslasik.ch\/tr\/wp-json\/wp\/v2\/types\/page"}],"author":[{"embeddable":true,"href":"https:\/\/swisslasik.ch\/tr\/wp-json\/wp\/v2\/users\/4"}],"replies":[{"embeddable":true,"href":"https:\/\/swisslasik.ch\/tr\/wp-json\/wp\/v2\/comments?post=3377"}],"version-history":[{"count":2,"href":"https:\/\/swisslasik.ch\/tr\/wp-json\/wp\/v2\/pages\/3377\/revisions"}],"predecessor-version":[{"id":4845,"href":"https:\/\/swisslasik.ch\/tr\/wp-json\/wp\/v2\/pages\/3377\/revisions\/4845"}],"up":[{"embeddable":true,"href":"https:\/\/swisslasik.ch\/tr\/wp-json\/wp\/v2\/pages\/3355"}],"wp:attachment":[{"href":"https:\/\/swisslasik.ch\/tr\/wp-json\/wp\/v2\/media?parent=3377"}],"curies":[{"name":"wp","href":"https:\/\/api.w.org\/{rel}","templated":true}]}}