{"id":3379,"date":"2025-09-24T14:58:16","date_gmt":"2025-09-24T13:58:16","guid":{"rendered":"https:\/\/swisslasik.ch\/yasli-hasta-raporlari-goez-klinigi-tuerkiye\/istanbulda-goez-lazeri-deneyimi-29-ocak-2007-pazartesi-tarihli-deneyim-raporu\/"},"modified":"2026-01-14T21:11:55","modified_gmt":"2026-01-14T20:11:55","slug":"istanbulda-goez-lazeri-deneyimi-29-ocak-2007-pazartesi-tarihli-deneyim-raporu","status":"publish","type":"page","link":"https:\/\/swisslasik.ch\/tr\/yasli-hasta-raporlari-goez-klinigi-tuerkiye\/istanbulda-goez-lazeri-deneyimi-29-ocak-2007-pazartesi-tarihli-deneyim-raporu\/","title":{"rendered":"\u0130stanbul\u2019da g\u00f6z lazeri deneyimi \u2013 29 Ocak 2007 Pazartesi tarihli deneyim raporu"},"content":{"rendered":"\n<h3 class=\"wp-block-heading\">\u0130stanbul\u2019da g\u00f6z lazeri deneyimi \u2013 29 Ocak 2007 Pazartesi tarihli deneyim raporu<\/h3>\n\n\n\n<p>Walterswil\u2019den hastam\u0131z I. Hiltbrunner, 29.01.2007 tarihinde saat 21:22\u2019de bize \u015fu \u015fekilde yazd\u0131:<\/p>\n\n\n\n<p>&#8211;Orijinal mesaj&#8211;<\/p>\n\n\n\n<p>G\u00f6nderilme tarihi: Pazartesi, 29 Ocak 2007, 21:22<br>Al\u0131c\u0131: info@swisslasik.ch<br>Konu: Deneyim Raporu<\/p>\n\n\n\n<p>Say\u0131n Karaagacli<\/p>\n\n\n\n<p>A\u015fa\u011f\u0131da deneyim raporumu bulacaks\u0131n\u0131z; diledi\u011finiz gibi \u00e7evrimi\u00e7i olarak yay\u0131nlayabilirsiniz.<\/p>\n\n\n\n<p>Deneyim raporu: \u0130stanbul&#8217;da LASIK<\/p>\n\n\n\n<p>30 y\u0131l\u0131 a\u015fk\u0131n bir s\u00fcredir g\u00f6rme yard\u0131m\u0131na ihtiya\u00e7 duyuyorum; miyop derecem 3,25 ile 3,75 diyoptri aras\u0131ndayd\u0131. Kontakt lensleri iyi tolere edemedi\u011fim i\u00e7in LASIK konusuyla defalarca ilgilendim, ancak bug\u00fcne kadar maliyetler nedeniyle bunu ciddi bir se\u00e7enek olarak de\u011ferlendirememi\u015ftim. <\/p>\n\n\n\n<p>K\u0131rkl\u0131 ya\u015flar\u0131m\u0131n ortalar\u0131nda bende de ya\u015fa ba\u011fl\u0131 yak\u0131n\u0131 g\u00f6rememe ba\u015flam\u0131\u015ft\u0131 ve yak\u0131nda progresif, yani \u00e7ok odakl\u0131 bir g\u00f6zl\u00fc\u011fe ihtiya\u00e7 duyacakt\u0131m. Bu durum beni LASIK konusunu yeniden ciddi \u015fekilde de\u011ferlendirmeye y\u00f6neltti. <\/p>\n\n\n\n<p>\u0130nternet \u00fczerinden ara\u015ft\u0131rma yaparken, T\u00fcrkiye\u2019de LASIK\u2019in buraya k\u0131yasla \u00e7ok daha uygun fiyatl\u0131 oldu\u011funu \u00f6\u011frendim ve bu sayede Swisslasik\u2019in internet sitesine ula\u015ftim.<\/p>\n\n\n\n<p>Baz\u0131 ara\u015ft\u0131rmalar ve \u0130svi\u00e7re\u2019de yapt\u0131rd\u0131\u011f\u0131m \u00f6n muayeneden sonra, ameliyat\u0131 Swisslasik arac\u0131l\u0131\u011f\u0131yla yapt\u0131rmaya karar verdim; \u00fcstelik benim gibi miyop olan o\u011flumla birlikte. S\u00f6zle\u015fmeyi imzalad\u0131k ve ard\u0131ndan seyahatimizle ilgili bir\u00e7ok faydal\u0131 bilginin yer ald\u0131\u011f\u0131 Swisslasik Pasaportu\u2019nu ald\u0131k. <\/p>\n\n\n\n<p>B\u00f6ylece o\u011flumla birlikte 13.12.2006 tarihinde \u0130stanbul\u2019a u\u00e7tuk. U\u00e7akta \u0130svi\u00e7re\u2019de ya\u015fayan bir T\u00fcrk han\u0131mla yan yana oturduk. Kendisi EyeStar Klini\u011fi\u2019ni kulaktan dolma da olsa tan\u0131yordu ve bunun T\u00fcrkiye\u2019deki en iyi g\u00f6z ameliyat\u0131 klini\u011fi oldu\u011funu s\u00f6yledi. Yani yolculu\u011fumuz olduk\u00e7a umut verici bir \u015fekilde ba\u015flam\u0131\u015f oldu.   <\/p>\n\n\n\n<p>Havaliman\u0131nda bizi, kusursuz Almanca konu\u015fan Do\u011fan kar\u015f\u0131lad\u0131 ve ameliyatla ilgili her konuda bize destek oldu. Bizi g\u00fcvenli bir \u015fekilde otele g\u00f6t\u00fcrd\u00fc ve ertesi g\u00fcn de otelden alarak klini\u011fe g\u00f6t\u00fcrd\u00fc. <\/p>\n\n\n\n<p>Klini\u011fe vard\u0131\u011f\u0131m\u0131zda g\u00f6zlerimiz bir\u00e7ok farkl\u0131 cihazla detayl\u0131 \u015fekilde muayene edildi, gece pupilla geni\u015fli\u011fi de \u00f6l\u00e7\u00fcld\u00fc. Do\u011fan her zaman yan\u0131m\u0131zdayd\u0131 ve terc\u00fcmanl\u0131k yapt\u0131. Ancak doktorun \u0130ngilizcesi de \u00e7ok iyi oldu\u011fu i\u00e7in onunla bu dilde ileti\u015fim kurmak da m\u00fcmk\u00fcnd\u00fc.  <\/p>\n\n\n\n<p>Sa\u011f g\u00f6z\u00fcmde kornea biraz inceydi (491 mikron). Bu nedenle doktor, mikrokeratom ile kesi yapman\u0131n m\u00fcmk\u00fcn olup olmad\u0131\u011f\u0131n\u0131 \u00e7ok dikkatli hesaplamak zorunda kald\u0131 ya da \u00f6rne\u011fin Femto-LASIK gibi ba\u015fka bir y\u00f6nteme ge\u00e7ilip ge\u00e7ilmeyece\u011fini de\u011ferlendirdi. Sonu\u00e7ta normal LASIK y\u00f6ntemine karar verdi; yani mikrokeratom ile kesi yap\u0131lacakt\u0131. \u00dcstelik klinik Femto-LASIK ile 400 Euro daha fazla gelir elde edebilecekken bunu tercih etmedi. Doktor bunun gerek\u00e7esi olarak, Femto y\u00f6ntemine ait uzun d\u00f6nem sonu\u00e7lar\u0131n hen\u00fcz yeterince bilinmedi\u011fini, buna kar\u015f\u0131l\u0131k klini\u011fin en yeni mikrokeratom cihaz\u0131na sahip oldu\u011funu ve bu cihazla olu\u015fturulan flap kal\u0131nl\u0131\u011f\u0131n\u0131n art\u0131k yakla\u015f\u0131k 100 mikron oldu\u011funu s\u00f6yledi.  <\/p>\n\n\n\n<p>\u00d6n muayene ile ameliyat aras\u0131nda g\u00f6zlerimizin dinlenmesi gerekti\u011fi i\u00e7in d\u0131\u015far\u0131 \u00e7\u0131k\u0131p bir \u015feyler yedik, ard\u0131ndan Taksim semtini ke\u015ffe \u00e7\u0131kt\u0131k.<\/p>\n\n\n\n<p>Daha sonra ameliyat programdayd\u0131. O\u011flum ameliyattan biraz korktu\u011fu i\u00e7in (birinin g\u00f6zlerine dokunmas\u0131ndan hi\u00e7 ho\u015flanmaz ve komutla uzun s\u00fcre belli bir noktaya bakmakta zorlan\u0131r), ona sakinle\u015ftirici bir hap verildi. Ameliyattan \u00f6nce bir masaj koltu\u011funa uzanma imk\u00e2n\u0131 da vard\u0131; bu da insan\u0131n rahatlamas\u0131na kesinlikle yard\u0131mc\u0131 oluyor. Bu \u015fekilde haz\u0131rland\u0131ktan sonra o\u011flum, hatta benden \u00f6nce ameliyata girmeyi bile g\u00f6ze ald\u0131. O\u011flum Roman, ameliyat\u0131n\u0131n video kayd\u0131n\u0131 almam\u0131 istedi. Bu da gayet m\u00fcmk\u00fcnd\u00fc; ameliyathane odas\u0131na bakan bir pencereden, duvardaki bir monit\u00f6r \u00fczerinden tedavi edilen g\u00f6z ve yap\u0131lan i\u015flemler net bir \u015fekilde g\u00f6r\u00fclebiliyordu.    <\/p>\n\n\n\n<p>Masaj koltu\u011funda k\u0131sa bir dinlenmeden sonra s\u0131ra bana geldi. Bu a\u015famada da Do\u011fan yan\u0131mdayd\u0131 ve ameliyat s\u0131ras\u0131nda yap\u0131lacak her ad\u0131m\u0131 bana tek tek anlatt\u0131. Ameliyat esnas\u0131nda, flap kesimi i\u00e7in k\u0131sa s\u00fcreli kullan\u0131lan vakum halkas\u0131 ve g\u00f6zleri a\u00e7\u0131k tutmak i\u00e7in yerle\u015ftirilen aparatlar d\u0131\u015f\u0131nda hi\u00e7bir \u015fey hissetmedim. Yakla\u015f\u0131k 20 dakika sonra her \u015fey tamamland\u0131 ve beni karart\u0131lm\u0131\u015f bir dinlenme odas\u0131na ald\u0131lar. Yakla\u015f\u0131k 20 dakika sonra ilk kontrol muayenesi yap\u0131ld\u0131 ve ard\u0131ndan otele g\u00f6t\u00fcr\u00fcld\u00fck. Ameliyattan sonra g\u00f6zler \u0131\u015f\u0131\u011fa \u00e7ok hassas oldu\u011fu i\u00e7in, bize yol i\u00e7in birer g\u00fcne\u015f g\u00f6zl\u00fc\u011f\u00fc de verildi.    <\/p>\n\n\n\n<p>Ameliyattan sonraki ilk d\u00f6rt saat boyunca g\u00f6zlerimiz suland\u0131, yand\u0131 ve batma hissi vard\u0131. Uyumaya \u00e7al\u0131\u015ft\u0131k, k\u0131smen de olsa bunu ba\u015farabildik. Bir saat kadar daha g\u00f6zlerimiz \u0131\u015f\u0131\u011fa kar\u015f\u0131 \u00e7ok hassast\u0131, ard\u0131ndan bu rahats\u0131zl\u0131klar da tamamen ge\u00e7ti.  <\/p>\n\n\n\n<p>Ya\u015fa ba\u011fl\u0131 yak\u0131n\u0131 g\u00f6rememe problemim nedeniyle monovizyon y\u00f6ntemini tercih etmi\u015ftim ve ba\u015f\u0131ndan itibaren kendimi bununla olduk\u00e7a rahat hissettim. Elbette monovizyona al\u0131\u015fmak i\u00e7in biraz zamana ihtiya\u00e7 var; yap\u0131lan i\u015fe g\u00f6re bazen hi\u00e7 fark edilmiyor, bazen ise hafif\u00e7e hissediliyor. Ancak hi\u00e7bir zaman ger\u00e7ek bir sorun olmad\u0131.  <\/p>\n\n\n\n<p>Ertesi g\u00fcn kontrol muayenesi vard\u0131 ve Do\u011fan bizi yine al\u0131p hastaneye g\u00f6t\u00fcrd\u00fc. G\u00f6rme keskinli\u011fimiz neredeyse y\u00fczde 100\u2019e ula\u015fm\u0131\u015ft\u0131. Art\u0131k yeni g\u00f6zlerimizle \u0130stanbul\u2019u ke\u015ffedebiliyorduk; bu nas\u0131l bir duyguydu anlat\u0131lmaz!  <\/p>\n\n\n\n<p>\u015eu ana kadar hi\u00e7bir \u015fik\u00e2yetimiz olmad\u0131. Zaman zaman hafif g\u00f6z kurulu\u011fu ya\u015fan\u0131yor, ancak bu giderek azal\u0131yor. \u00d6zellikle 40 ya\u015f \u00fczerindeki kad\u0131nlarda bu t\u00fcr bir belirtinin bir s\u00fcre g\u00f6r\u00fclmesi normal. Gece araba kullanmakta da herhangi bir sorun ya\u015fam\u0131yoruz; \u0131\u015f\u0131k halkalar\u0131 ya da rahats\u0131z edici parlamalar yok. G\u00f6rme keskinli\u011fimiz, g\u00f6zl\u00fckle oldu\u011fundan biraz daha d\u00fc\u015f\u00fck olsa da g\u00fcnl\u00fck ya\u015fam i\u00e7in fazlas\u0131yla yeterli.   <\/p>\n\n\n\n<p>Roman benden daha net g\u00f6r\u00fcyor; monovizyon nedeniyle ben maalesef keskinli\u011fin bir k\u0131sm\u0131n\u0131 kaybettim. Ancak dedi\u011fim gibi, ofiste, araba kullan\u0131rken ya da ev i\u015flerinde g\u00fcnl\u00fck hayat\u0131 rahat\u00e7a s\u00fcrd\u00fcrebilmek i\u00e7in h\u00e2l\u00e2 fazlas\u0131yla yeterli. <\/p>\n\n\n\n<p>G\u00f6zl\u00fcklerden kurtuldu\u011fumuza ikimiz de \u00e7ok sevindik.<\/p>\n\n\n\n<p>Bu vesileyle, g\u00f6sterilen iyi ilgi ve destek i\u00e7in klini\u011fe ve size, Say\u0131n Karaagacli, bir kez daha te\u015fekk\u00fcr etmek isteriz. <\/p>\n\n\n\n<p>\u015eubat ay\u0131n\u0131n ba\u015f\u0131nda \u0130svi\u00e7re\u2019de ilk kontrol muayenemiz olacak; sonras\u0131nda bununla ilgili sizi bilgilendirece\u011fim.<\/p>\n\n\n\n<p>O zamana kadar Walterswil\u2019den en i\u00e7ten selamlar.<\/p>\n\n\n\n<p>I. Hiltbrunner<\/p>\n\n\n\n<p>Not: Bu ger\u00e7ek bir deneyim yaz\u0131s\u0131d\u0131r. \u0130stenmesi halinde kan\u0131t i\u00e7in l\u00fctfen info@swisslasik.ch adresinden bilgi isteyiniz. <\/p>\n\n\n\n<div class=\"wp-block-group is-layout-grid wp-container-core-group-is-layout-baef362d wp-block-group-is-layout-grid\">\n<p><a href=\"https:\/\/medicaltravel.at\/home\/agb\/\" data-type=\"page\" data-id=\"2191\" rel=\"nofollow noopener\" target=\"_blank\"><\/a><a href=\"https:\/\/swisslasik.ch\/tr\/yasli-hasta-raporlari-goez-klinigi-tuerkiye\/tuerkiyede-lasik-hasta-deneyim-raporu-20-mart-2007-sali-tarihli-rapor\/\" data-type=\"link\" data-id=\"https:\/\/swisslasik.ch\/tr\/yasli-hasta-raporlari-goez-klinigi-tuerkiye\/tuerkiyede-lasik-hasta-deneyim-raporu-20-mart-2007-sali-tarihli-rapor\/\">\u00d6nceki rapor<\/a><\/p>\n\n\n\n<p class=\"has-text-align-right wp-container-content-5e2576f9\"><a href=\"https:\/\/medicaltravel.at\/home\/impressum\/\" data-type=\"page\" data-id=\"2193\" rel=\"nofollow noopener\" target=\"_blank\"><\/a><a href=\"https:\/\/medicaltravel.at\/home\/berichte-von-patienten\/erfahrungsberichte\/erfahrungsbericht-zahnbehandlung-in-istanbul\/\" data-type=\"page\" data-id=\"981\" rel=\"nofollow noopener\" target=\"_blank\"><\/a><a href=\"https:\/\/swisslasik.ch\/tr\/yasli-hasta-raporlari-goez-klinigi-tuerkiye\/istanbulda-lasik-ameliyati-05-aralik-2006-sali-tarihli-deneyim-raporu\/\" data-type=\"link\" data-id=\"https:\/\/swisslasik.ch\/tr\/yasli-hasta-raporlari-goez-klinigi-tuerkiye\/istanbulda-lasik-ameliyati-05-aralik-2006-sali-tarihli-deneyim-raporu\/\">Bir Sonraki Rapor<br><\/a><\/p>\n<\/div>\n","protected":false},"excerpt":{"rendered":"<p>\u0130stanbul\u2019da g\u00f6z lazeri deneyimi \u2013 29 Ocak 2007 Pazartesi tarihli deneyim raporu Walterswil\u2019den hastam\u0131z I. Hiltbrunner, 29.01.2007 tarihinde saat 21:22\u2019de bize \u015fu \u015fekilde yazd\u0131: &#8211;Orijinal mesaj&#8211; G\u00f6nderilme tarihi: Pazartesi, 29 Ocak 2007, 21:22Al\u0131c\u0131: info@swisslasik.chKonu: Deneyim Raporu Say\u0131n Karaagacli A\u015fa\u011f\u0131da deneyim raporumu bulacaks\u0131n\u0131z; diledi\u011finiz gibi \u00e7evrimi\u00e7i olarak yay\u0131nlayabilirsiniz. Deneyim raporu: \u0130stanbul&#8217;da LASIK 30 y\u0131l\u0131 a\u015fk\u0131n bir s\u00fcredir g\u00f6rme yard\u0131m\u0131na ihtiya\u00e7 duyuyorum; miyop derecem 3,25 ile 3,75 diyoptri aras\u0131ndayd\u0131. Kontakt lensleri iyi tolere edemedi\u011fim i\u00e7in LASIK konusuyla defalarca ilgilendim, ancak bug\u00fcne kadar maliyetler nedeniyle bunu ciddi bir se\u00e7enek olarak de\u011ferlendirememi\u015ftim. K\u0131rkl\u0131 ya\u015flar\u0131m\u0131n ortalar\u0131nda bende de ya\u015fa ba\u011fl\u0131 yak\u0131n\u0131 g\u00f6rememe ba\u015flam\u0131\u015ft\u0131 ve yak\u0131nda progresif, yani \u00e7ok odakl\u0131 bir g\u00f6zl\u00fc\u011fe ihtiya\u00e7 duyacakt\u0131m. Bu durum beni LASIK konusunu yeniden ciddi \u015fekilde de\u011ferlendirmeye y\u00f6neltti. \u0130nternet \u00fczerinden ara\u015ft\u0131rma yaparken, T\u00fcrkiye\u2019de LASIK\u2019in buraya k\u0131yasla \u00e7ok daha uygun fiyatl\u0131 oldu\u011funu \u00f6\u011frendim ve bu sayede Swisslasik\u2019in internet sitesine ula\u015ftim. Baz\u0131 ara\u015ft\u0131rmalar ve \u0130svi\u00e7re\u2019de yapt\u0131rd\u0131\u011f\u0131m \u00f6n muayeneden sonra, ameliyat\u0131 Swisslasik arac\u0131l\u0131\u011f\u0131yla yapt\u0131rmaya karar verdim; \u00fcstelik benim gibi miyop olan o\u011flumla birlikte. S\u00f6zle\u015fmeyi imzalad\u0131k ve ard\u0131ndan seyahatimizle ilgili bir\u00e7ok faydal\u0131 bilginin yer ald\u0131\u011f\u0131 Swisslasik Pasaportu\u2019nu ald\u0131k. B\u00f6ylece o\u011flumla birlikte 13.12.2006 tarihinde \u0130stanbul\u2019a u\u00e7tuk. U\u00e7akta \u0130svi\u00e7re\u2019de ya\u015fayan bir T\u00fcrk han\u0131mla yan yana oturduk. Kendisi EyeStar Klini\u011fi\u2019ni kulaktan dolma da olsa tan\u0131yordu ve bunun T\u00fcrkiye\u2019deki en iyi g\u00f6z ameliyat\u0131 klini\u011fi oldu\u011funu s\u00f6yledi. Yani yolculu\u011fumuz olduk\u00e7a umut verici bir \u015fekilde ba\u015flam\u0131\u015f oldu. Havaliman\u0131nda bizi, kusursuz Almanca konu\u015fan Do\u011fan kar\u015f\u0131lad\u0131 ve ameliyatla ilgili her konuda bize destek oldu. Bizi g\u00fcvenli bir \u015fekilde otele g\u00f6t\u00fcrd\u00fc ve ertesi g\u00fcn de otelden alarak klini\u011fe g\u00f6t\u00fcrd\u00fc. Klini\u011fe vard\u0131\u011f\u0131m\u0131zda g\u00f6zlerimiz bir\u00e7ok farkl\u0131 cihazla detayl\u0131 \u015fekilde muayene edildi, gece pupilla geni\u015fli\u011fi de \u00f6l\u00e7\u00fcld\u00fc. Do\u011fan her zaman yan\u0131m\u0131zdayd\u0131 ve terc\u00fcmanl\u0131k yapt\u0131. Ancak doktorun \u0130ngilizcesi de \u00e7ok iyi oldu\u011fu i\u00e7in onunla bu dilde ileti\u015fim kurmak da m\u00fcmk\u00fcnd\u00fc. Sa\u011f g\u00f6z\u00fcmde kornea biraz inceydi (491 mikron). Bu nedenle doktor, mikrokeratom ile kesi yapman\u0131n m\u00fcmk\u00fcn olup olmad\u0131\u011f\u0131n\u0131 \u00e7ok dikkatli hesaplamak zorunda kald\u0131 ya da \u00f6rne\u011fin Femto-LASIK gibi ba\u015fka bir y\u00f6nteme ge\u00e7ilip ge\u00e7ilmeyece\u011fini de\u011ferlendirdi. Sonu\u00e7ta normal LASIK y\u00f6ntemine karar verdi; yani mikrokeratom ile kesi yap\u0131lacakt\u0131. \u00dcstelik klinik Femto-LASIK ile 400 Euro daha fazla gelir elde edebilecekken bunu tercih etmedi. Doktor bunun gerek\u00e7esi olarak, Femto y\u00f6ntemine ait uzun d\u00f6nem sonu\u00e7lar\u0131n hen\u00fcz yeterince bilinmedi\u011fini, buna kar\u015f\u0131l\u0131k klini\u011fin en yeni mikrokeratom cihaz\u0131na sahip oldu\u011funu ve bu cihazla olu\u015fturulan flap kal\u0131nl\u0131\u011f\u0131n\u0131n art\u0131k yakla\u015f\u0131k 100 mikron oldu\u011funu s\u00f6yledi. \u00d6n muayene ile ameliyat aras\u0131nda g\u00f6zlerimizin dinlenmesi gerekti\u011fi i\u00e7in d\u0131\u015far\u0131 \u00e7\u0131k\u0131p bir \u015feyler yedik, ard\u0131ndan Taksim semtini ke\u015ffe \u00e7\u0131kt\u0131k. Daha sonra ameliyat programdayd\u0131. O\u011flum ameliyattan biraz korktu\u011fu i\u00e7in (birinin g\u00f6zlerine dokunmas\u0131ndan hi\u00e7 ho\u015flanmaz ve komutla uzun s\u00fcre belli bir noktaya bakmakta zorlan\u0131r), ona sakinle\u015ftirici bir hap verildi. Ameliyattan \u00f6nce bir masaj koltu\u011funa uzanma imk\u00e2n\u0131 da vard\u0131; bu da insan\u0131n rahatlamas\u0131na kesinlikle yard\u0131mc\u0131 oluyor. Bu \u015fekilde haz\u0131rland\u0131ktan sonra o\u011flum, hatta benden \u00f6nce ameliyata girmeyi bile g\u00f6ze ald\u0131. O\u011flum Roman, ameliyat\u0131n\u0131n video kayd\u0131n\u0131 almam\u0131 istedi. Bu da gayet m\u00fcmk\u00fcnd\u00fc; ameliyathane odas\u0131na bakan bir pencereden, duvardaki bir monit\u00f6r \u00fczerinden tedavi edilen g\u00f6z ve yap\u0131lan i\u015flemler net bir \u015fekilde g\u00f6r\u00fclebiliyordu. Masaj koltu\u011funda k\u0131sa bir dinlenmeden sonra s\u0131ra bana geldi. Bu a\u015famada da Do\u011fan yan\u0131mdayd\u0131 ve ameliyat s\u0131ras\u0131nda yap\u0131lacak her ad\u0131m\u0131 bana tek tek anlatt\u0131. Ameliyat esnas\u0131nda, flap kesimi i\u00e7in k\u0131sa s\u00fcreli kullan\u0131lan vakum halkas\u0131 ve g\u00f6zleri a\u00e7\u0131k tutmak i\u00e7in yerle\u015ftirilen aparatlar d\u0131\u015f\u0131nda hi\u00e7bir \u015fey hissetmedim. Yakla\u015f\u0131k 20 dakika sonra her \u015fey tamamland\u0131 ve beni karart\u0131lm\u0131\u015f bir dinlenme odas\u0131na ald\u0131lar. Yakla\u015f\u0131k 20 dakika sonra ilk kontrol muayenesi yap\u0131ld\u0131 ve ard\u0131ndan otele g\u00f6t\u00fcr\u00fcld\u00fck. Ameliyattan sonra g\u00f6zler \u0131\u015f\u0131\u011fa \u00e7ok hassas oldu\u011fu i\u00e7in, bize yol i\u00e7in birer g\u00fcne\u015f g\u00f6zl\u00fc\u011f\u00fc de verildi. Ameliyattan sonraki ilk d\u00f6rt saat boyunca g\u00f6zlerimiz suland\u0131, yand\u0131 ve batma hissi vard\u0131. Uyumaya \u00e7al\u0131\u015ft\u0131k, k\u0131smen de olsa bunu ba\u015farabildik. Bir saat kadar daha g\u00f6zlerimiz \u0131\u015f\u0131\u011fa kar\u015f\u0131 \u00e7ok hassast\u0131, ard\u0131ndan bu rahats\u0131zl\u0131klar da tamamen ge\u00e7ti. Ya\u015fa ba\u011fl\u0131 yak\u0131n\u0131 g\u00f6rememe problemim nedeniyle monovizyon y\u00f6ntemini tercih etmi\u015ftim ve ba\u015f\u0131ndan itibaren kendimi bununla olduk\u00e7a rahat hissettim. Elbette monovizyona al\u0131\u015fmak i\u00e7in biraz zamana ihtiya\u00e7 var; yap\u0131lan i\u015fe g\u00f6re bazen hi\u00e7 fark edilmiyor, bazen ise hafif\u00e7e hissediliyor. Ancak hi\u00e7bir zaman ger\u00e7ek bir sorun olmad\u0131. Ertesi g\u00fcn kontrol muayenesi vard\u0131 ve Do\u011fan bizi yine al\u0131p hastaneye g\u00f6t\u00fcrd\u00fc. G\u00f6rme keskinli\u011fimiz neredeyse y\u00fczde 100\u2019e ula\u015fm\u0131\u015ft\u0131. Art\u0131k yeni g\u00f6zlerimizle \u0130stanbul\u2019u ke\u015ffedebiliyorduk; bu nas\u0131l bir duyguydu anlat\u0131lmaz! \u015eu ana kadar hi\u00e7bir \u015fik\u00e2yetimiz olmad\u0131. Zaman zaman hafif g\u00f6z kurulu\u011fu ya\u015fan\u0131yor, ancak bu giderek azal\u0131yor. \u00d6zellikle 40 ya\u015f \u00fczerindeki kad\u0131nlarda bu t\u00fcr bir belirtinin bir s\u00fcre g\u00f6r\u00fclmesi normal. Gece araba kullanmakta da herhangi bir sorun ya\u015fam\u0131yoruz; \u0131\u015f\u0131k halkalar\u0131 ya da rahats\u0131z edici parlamalar yok. G\u00f6rme keskinli\u011fimiz, g\u00f6zl\u00fckle oldu\u011fundan biraz daha d\u00fc\u015f\u00fck olsa da g\u00fcnl\u00fck ya\u015fam i\u00e7in fazlas\u0131yla yeterli. Roman benden daha net g\u00f6r\u00fcyor; monovizyon nedeniyle ben maalesef keskinli\u011fin bir k\u0131sm\u0131n\u0131 kaybettim. Ancak dedi\u011fim gibi, ofiste, araba kullan\u0131rken ya da ev i\u015flerinde g\u00fcnl\u00fck hayat\u0131 rahat\u00e7a s\u00fcrd\u00fcrebilmek i\u00e7in h\u00e2l\u00e2 fazlas\u0131yla yeterli. G\u00f6zl\u00fcklerden kurtuldu\u011fumuza ikimiz de \u00e7ok sevindik. Bu vesileyle, g\u00f6sterilen iyi ilgi ve destek i\u00e7in klini\u011fe ve size, Say\u0131n Karaagacli, bir kez daha te\u015fekk\u00fcr etmek isteriz. \u015eubat ay\u0131n\u0131n ba\u015f\u0131nda \u0130svi\u00e7re\u2019de ilk kontrol muayenemiz olacak; sonras\u0131nda bununla ilgili sizi bilgilendirece\u011fim. O zamana kadar Walterswil\u2019den en i\u00e7ten selamlar. I. Hiltbrunner Not: Bu ger\u00e7ek bir deneyim yaz\u0131s\u0131d\u0131r. \u0130stenmesi halinde kan\u0131t i\u00e7in l\u00fctfen info@swisslasik.ch adresinden bilgi isteyiniz. \u00d6nceki rapor Bir Sonraki Rapor<\/p>\n","protected":false},"author":4,"featured_media":0,"parent":3355,"menu_order":0,"comment_status":"closed","ping_status":"closed","template":"","meta":{"_joinchat":[],"footnotes":""},"class_list":["post-3379","page","type-page","status-publish","hentry"],"acf":[],"_links":{"self":[{"href":"https:\/\/swisslasik.ch\/tr\/wp-json\/wp\/v2\/pages\/3379","targetHints":{"allow":["GET"]}}],"collection":[{"href":"https:\/\/swisslasik.ch\/tr\/wp-json\/wp\/v2\/pages"}],"about":[{"href":"https:\/\/swisslasik.ch\/tr\/wp-json\/wp\/v2\/types\/page"}],"author":[{"embeddable":true,"href":"https:\/\/swisslasik.ch\/tr\/wp-json\/wp\/v2\/users\/4"}],"replies":[{"embeddable":true,"href":"https:\/\/swisslasik.ch\/tr\/wp-json\/wp\/v2\/comments?post=3379"}],"version-history":[{"count":2,"href":"https:\/\/swisslasik.ch\/tr\/wp-json\/wp\/v2\/pages\/3379\/revisions"}],"predecessor-version":[{"id":4859,"href":"https:\/\/swisslasik.ch\/tr\/wp-json\/wp\/v2\/pages\/3379\/revisions\/4859"}],"up":[{"embeddable":true,"href":"https:\/\/swisslasik.ch\/tr\/wp-json\/wp\/v2\/pages\/3355"}],"wp:attachment":[{"href":"https:\/\/swisslasik.ch\/tr\/wp-json\/wp\/v2\/media?parent=3379"}],"curies":[{"name":"wp","href":"https:\/\/api.w.org\/{rel}","templated":true}]}}