{"id":3381,"date":"2025-09-24T15:22:08","date_gmt":"2025-09-24T14:22:08","guid":{"rendered":"https:\/\/swisslasik.ch\/yasli-hasta-raporlari-goez-klinigi-tuerkiye\/tuerkiyede-goez-lazeri-deneyimi-27-temmuz-2007-cuma-tarihli-deneyim-raporu\/"},"modified":"2026-01-14T21:04:59","modified_gmt":"2026-01-14T20:04:59","slug":"tuerkiyede-goez-lazeri-deneyimi-27-temmuz-2007-cuma-tarihli-deneyim-raporu","status":"publish","type":"page","link":"https:\/\/swisslasik.ch\/tr\/yasli-hasta-raporlari-goez-klinigi-tuerkiye\/tuerkiyede-goez-lazeri-deneyimi-27-temmuz-2007-cuma-tarihli-deneyim-raporu\/","title":{"rendered":"T\u00fcrkiye\u2019de g\u00f6z lazeri deneyimi \u2013 27 Temmuz 2007 Cuma tarihli deneyim raporu"},"content":{"rendered":"\n<h3 class=\"wp-block-heading\">T\u00fcrkiye\u2019de g\u00f6z lazeri deneyimi \u2013 27 Temmuz 2007 Cuma tarihli deneyim raporu<\/h3>\n\n<p>Eyestar Klini\u011fi\u2019nde \u0130stanbul\u2019da g\u00f6zlerimi lazerle tedavi ettirmemin \u00fczerinden \u015fimdi bir hafta ge\u00e7ti. H\u00e2l\u00e2 ak\u015famlar\u0131 lenslerimi \u00e7\u0131karmam gerekmedi\u011fini, sadece yata\u011fa girip uyuyabildi\u011fimi tam olarak idrak edebilmi\u015f de\u011filim. Sabah uyand\u0131\u011f\u0131mda ise art\u0131k bir k\u00f6stebek gibi banyoya do\u011fru el yordam\u0131yla gitmiyorum; d\u00fcnya kar\u015f\u0131ma daha ilk anda cam gibi net \u00e7\u0131k\u0131yor. Bu ger\u00e7ekten harika! Nihayet tatile giderken valize g\u00f6zl\u00fck, dereceli g\u00fcne\u015f g\u00f6zl\u00fc\u011f\u00fc, lensler, lens kab\u0131, lens sol\u00fcsyonu ve ayr\u0131ca normal bir g\u00fcne\u015f g\u00f6zl\u00fc\u011f\u00fc koymak zorunda kalm\u0131yorum! Nihayet geceleri sivrisinek av\u0131na \u00e7\u0131k\u0131p, o yarat\u0131klar\u0131 sadece duymakla kalmay\u0131p ger\u00e7ekten g\u00f6rebiliyorum! \u0130nan\u0131lmaz bir his!   <\/p>\n\n<p>Eyestar\u2019\u0131 ve Swisslasik\u2019i g\u00f6n\u00fcl rahatl\u0131\u011f\u0131yla tavsiye edebilirim. Profesyonellikleri beni daha en ba\u015fta ikna etmi\u015fti ve bu izlenim \u0130stanbul\u2019da da tamamen do\u011fruland\u0131. Ayn\u0131 zamanda \u0130svi\u00e7re\u2019deki bir klinikten de lazer ameliyat\u0131 hakk\u0131nda bilgi alm\u0131\u015ft\u0131m. Benim izlenimime g\u00f6re Eyestar ile \u0130svi\u00e7re\u2019deki klinik aras\u0131nda kalite a\u00e7\u0131s\u0131ndan hi\u00e7bir fark yoktu, ancak fiyat fark\u0131 ger\u00e7ekten \u00e7ok b\u00fcy\u00fckt\u00fc. Bu nedenle ameliyat\u0131 \u0130stanbul\u2019da yapt\u0131rmaya kesin olarak karar verdim. Swisslasik ayr\u0131ca beni \u015fu a\u00e7\u0131dan da cezbetti: her \u015fey ba\u015ftan sona organize ediliyor ve benim neredeyse hi\u00e7bir \u015feyle u\u011fra\u015fmam gerekmiyordu.     <\/p>\n\n<p>\u00d6n muayeneyi \u0130svi\u00e7re\u2019de yapt\u0131rd\u0131m ve bunu da g\u00f6n\u00fcl rahatl\u0131\u011f\u0131yla tavsiye edebilirim. B\u00f6ylece \u0130stanbul\u2019a gitti\u011finizde, birden fazla lazer tekni\u011finin s\u00f6z konusu olmas\u0131 durumunda strese girmiyorsunuz ve e\u011fer lazer ameliyat\u0131na uygun de\u011filseniz bo\u015funa T\u00fcrkiye\u2019ye gitmemi\u015f oluyorsunuz. Benim i\u00e7in \u00f6zellikle \u00f6nemli olan nokta, yap\u0131lan de\u011ferlendirmelerin tamamen tarafs\u0131z olmas\u0131yd\u0131. Ne Swisslasik taraf\u0131ndan ne de Z\u00fcrih\u2019teki doktor taraf\u0131ndan hi\u00e7bir zaman ameliyata zorland\u0131m ya da gere\u011finden fazla cazip g\u00f6sterilmeye \u00e7al\u0131\u015f\u0131ld\u0131.   <\/p>\n\n<p>\u0130stanbul\u2019da da her \u015fey sorunsuz ilerledi. Ben ve bana e\u015flik eden ki\u015fi havaliman\u0131ndan tam zaman\u0131nda al\u0131n\u0131p otele g\u00f6t\u00fcr\u00fcld\u00fck. Rezervasyon yapt\u0131rd\u0131\u011f\u0131m otelin dolu olmas\u0131 nedeniyle iki sokak \u00f6tede ba\u015fka bir otele yerle\u015ftirilmem benim i\u00e7in b\u00fcy\u00fck bir sorun olmad\u0131. Klinik yine de \u00e7ok yak\u0131nd\u0131, \u00f6zellikle ameliyattan sonra bu durum son derece rahatt\u0131. Klinikteki ortam \u00e7ok samimi ve \u00f6zellikle Fred insanla ger\u00e7ekten \u00e7ok yak\u0131ndan ilgileniyor. T\u00fcrk aksanl\u0131 Bern \u0130svi\u00e7re Almancas\u0131yla konu\u015fmas\u0131, insan\u0131n kendini hemen evinde hissetmesini sa\u011fl\u0131yor. S\u00fcre\u00e7 genel olarak olduk\u00e7a h\u0131zl\u0131 ilerliyor ve t\u00fcm evraklar\u0131 uzun uzun incelemeye pek vakit kalm\u0131yor. Tekrar yap\u0131lan \u00f6n muayene bende \u00e7ok fazla zaman almad\u0131. En uzun s\u00fcren k\u0131s\u0131m, g\u00f6z bebeklerini b\u00fcy\u00fcten ve sonras\u0131nda tekrar normale d\u00f6nd\u00fcren damlalar\u0131n etkisini g\u00f6stermesini beklemekti. \u00d6n muayeneden sonra bir \u015feyler yemek i\u00e7in zaman oluyor; bu arada klini\u011fin hemen alt\u0131ndaki \u0130talyan kafe bu i\u015f i\u00e7in olduk\u00e7a ideal.         <\/p>\n\n<p>Sonra ameliyat yava\u015f yava\u015f yakla\u015f\u0131yor. Ameliyat \u00f6ncesinde k\u0131sa bir s\u00fcre de olsa rahatlamay\u0131 sa\u011flayan masaj koltu\u011fu ger\u00e7ekten i\u015fin en g\u00fczel k\u0131sm\u0131. Cihaz harika! Ard\u0131ndan hemen ameliyathaneye al\u0131n\u0131yorsunuz. Orada da her \u015fey \u00e7ok h\u0131zl\u0131 ilerliyor; ne oldu\u011funu tam anlayamadan i\u015flem bitmi\u015f oluyor. En rahats\u0131z edici k\u0131s\u0131m, kornea flebinin kesildi\u011fi an. Lazer i\u015fleminin kendisi ise \u00e7ok k\u0131sa s\u00fcr\u00fcyor. En \u00f6nemli \u015fey, m\u00fcmk\u00fcn oldu\u011funca rahat kalmak ve s\u00fcrekli ye\u015fil noktaya bakmak. Ameliyattan sonra k\u0131sa bir s\u00fcre dinlenmek i\u00e7in karanl\u0131k bir odaya al\u0131n\u0131yorsunuz ve Fred g\u00f6z damlalar\u0131n\u0131 veriyor. K\u0131sa bir kontrol muayenesinin ard\u0131ndan her \u015fey tamamlanm\u0131\u015f oluyor ve otele d\u00f6nmenize izin veriliyor. Orada nihayet uzan\u0131p g\u00f6zlerinizi kapatabiliyorsunuz. \u00c7\u00fcnk\u00fc yanma ve sulanma nedeniyle g\u00f6zleri a\u00e7\u0131k tutmak olduk\u00e7a zor oluyor. Hemen uzan\u0131p dinlenince en zor k\u0131s\u0131m da h\u0131zl\u0131ca ge\u00e7iyor. Yakla\u015f\u0131k iki saat sonra yanma hissi azald\u0131, kendimi \u00e7ok daha iyi hissetmeye ba\u015flad\u0131m ve tekrar net g\u00f6rmeye ba\u015flad\u0131m.           <\/p>\n\n<p>Ertesi sabah bir kez daha kontrol muayenesi yap\u0131l\u0131yor ve her \u015fey yolundaysa \u0130stanbul\u2019un tad\u0131n\u0131 biraz daha \u00e7\u0131karabiliyorsunuz. Ben zaten ameliyattan bir g\u00fcn sonra bile \u00e7ok net g\u00f6rmeye ba\u015flam\u0131\u015ft\u0131m. <\/p>\n\n<p>D\u00fcn \u0130svi\u00e7re\u2019de ilk kontrol muayenem vard\u0131. Bu kontrolde sol g\u00f6z\u00fcn biraz fazla d\u00fczeltildi\u011fi ve bunun g\u00f6rme keskinli\u011fini az da olsa d\u00fc\u015f\u00fcrd\u00fc\u011f\u00fc tespit edildi. Bunun d\u0131\u015f\u0131nda her \u015fey yolundayd\u0131. Lazer ameliyat\u0131yla ilgili pi\u015fman oldu\u011fum tek bir \u015fey var: Allah a\u015fk\u0131na, bu fikre neden daha \u00f6nce gelmedim?  <\/p>\n\n<div class=\"wp-block-group is-layout-grid wp-container-core-group-is-layout-baef362d wp-block-group-is-layout-grid\">\n<p><a href=\"https:\/\/medicaltravel.at\/home\/agb\/\" data-type=\"page\" data-id=\"2191\" rel=\"nofollow noopener\" target=\"_blank\"><\/a><a href=\"https:\/\/swisslasik.ch\/tr\/yasli-hasta-raporlari-goez-klinigi-tuerkiye\/tuerkiyede-goez-lazeri-deneyimi-02-ekim-2007-sali-tarihli-deneyim-raporu\/\" data-type=\"link\" data-id=\"https:\/\/swisslasik.ch\/altere-patientenberichte-augenklinik-tuerkei\/erfahrungsbericht-augen-lasern-turkei-bericht-vom-dienstag-02-oktober-2007\/\">\u00d6nceki rapor<\/a><\/p>\n\n\n\n<p class=\"has-text-align-right wp-container-content-5e2576f9\"><a href=\"https:\/\/medicaltravel.at\/home\/impressum\/\" data-type=\"page\" data-id=\"2193\" rel=\"nofollow noopener\" target=\"_blank\"><\/a><a href=\"https:\/\/medicaltravel.at\/home\/berichte-von-patienten\/erfahrungsberichte\/erfahrungsbericht-zahnbehandlung-in-istanbul\/\" data-type=\"page\" data-id=\"981\" rel=\"nofollow noopener\" target=\"_blank\"><\/a><a href=\"https:\/\/swisslasik.ch\/tr\/yasli-hasta-raporlari-goez-klinigi-tuerkiye\/istanbuldan-goez-lazeri-deneyim-raporu-09-temmuz-2007-pazartesi-tarihli-rapor\/\" data-type=\"link\" data-id=\"https:\/\/swisslasik.ch\/altere-patientenberichte-augenklinik-tuerkei\/bericht-aus-istanbul-augenlasern-bericht-vom-montag-09-juli-2007\/\">Bir Sonraki Rapor<br\/><\/a><\/p>\n<\/div>\n","protected":false},"excerpt":{"rendered":"<p>T\u00fcrkiye\u2019de g\u00f6z lazeri deneyimi \u2013 27 Temmuz 2007 Cuma tarihli deneyim raporu Eyestar Klini\u011fi\u2019nde \u0130stanbul\u2019da g\u00f6zlerimi lazerle tedavi ettirmemin \u00fczerinden \u015fimdi bir hafta ge\u00e7ti. H\u00e2l\u00e2 ak\u015famlar\u0131 lenslerimi \u00e7\u0131karmam gerekmedi\u011fini, sadece yata\u011fa girip uyuyabildi\u011fimi tam olarak idrak edebilmi\u015f de\u011filim. Sabah uyand\u0131\u011f\u0131mda ise art\u0131k bir k\u00f6stebek gibi banyoya do\u011fru el yordam\u0131yla gitmiyorum; d\u00fcnya kar\u015f\u0131ma daha ilk anda cam gibi net \u00e7\u0131k\u0131yor. Bu ger\u00e7ekten harika! Nihayet tatile giderken valize g\u00f6zl\u00fck, dereceli g\u00fcne\u015f g\u00f6zl\u00fc\u011f\u00fc, lensler, lens kab\u0131, lens sol\u00fcsyonu ve ayr\u0131ca normal bir g\u00fcne\u015f g\u00f6zl\u00fc\u011f\u00fc koymak zorunda kalm\u0131yorum! Nihayet geceleri sivrisinek av\u0131na \u00e7\u0131k\u0131p, o yarat\u0131klar\u0131 sadece duymakla kalmay\u0131p ger\u00e7ekten g\u00f6rebiliyorum! \u0130nan\u0131lmaz bir his! Eyestar\u2019\u0131 ve Swisslasik\u2019i g\u00f6n\u00fcl rahatl\u0131\u011f\u0131yla tavsiye edebilirim. Profesyonellikleri beni daha en ba\u015fta ikna etmi\u015fti ve bu izlenim \u0130stanbul\u2019da da tamamen do\u011fruland\u0131. Ayn\u0131 zamanda \u0130svi\u00e7re\u2019deki bir klinikten de lazer ameliyat\u0131 hakk\u0131nda bilgi alm\u0131\u015ft\u0131m. Benim izlenimime g\u00f6re Eyestar ile \u0130svi\u00e7re\u2019deki klinik aras\u0131nda kalite a\u00e7\u0131s\u0131ndan hi\u00e7bir fark yoktu, ancak fiyat fark\u0131 ger\u00e7ekten \u00e7ok b\u00fcy\u00fckt\u00fc. Bu nedenle ameliyat\u0131 \u0130stanbul\u2019da yapt\u0131rmaya kesin olarak karar verdim. Swisslasik ayr\u0131ca beni \u015fu a\u00e7\u0131dan da cezbetti: her \u015fey ba\u015ftan sona organize ediliyor ve benim neredeyse hi\u00e7bir \u015feyle u\u011fra\u015fmam gerekmiyordu. \u00d6n muayeneyi \u0130svi\u00e7re\u2019de yapt\u0131rd\u0131m ve bunu da g\u00f6n\u00fcl rahatl\u0131\u011f\u0131yla tavsiye edebilirim. B\u00f6ylece \u0130stanbul\u2019a gitti\u011finizde, birden fazla lazer tekni\u011finin s\u00f6z konusu olmas\u0131 durumunda strese girmiyorsunuz ve e\u011fer lazer ameliyat\u0131na uygun de\u011filseniz bo\u015funa T\u00fcrkiye\u2019ye gitmemi\u015f oluyorsunuz. Benim i\u00e7in \u00f6zellikle \u00f6nemli olan nokta, yap\u0131lan de\u011ferlendirmelerin tamamen tarafs\u0131z olmas\u0131yd\u0131. Ne Swisslasik taraf\u0131ndan ne de Z\u00fcrih\u2019teki doktor taraf\u0131ndan hi\u00e7bir zaman ameliyata zorland\u0131m ya da gere\u011finden fazla cazip g\u00f6sterilmeye \u00e7al\u0131\u015f\u0131ld\u0131. \u0130stanbul\u2019da da her \u015fey sorunsuz ilerledi. Ben ve bana e\u015flik eden ki\u015fi havaliman\u0131ndan tam zaman\u0131nda al\u0131n\u0131p otele g\u00f6t\u00fcr\u00fcld\u00fck. Rezervasyon yapt\u0131rd\u0131\u011f\u0131m otelin dolu olmas\u0131 nedeniyle iki sokak \u00f6tede ba\u015fka bir otele yerle\u015ftirilmem benim i\u00e7in b\u00fcy\u00fck bir sorun olmad\u0131. Klinik yine de \u00e7ok yak\u0131nd\u0131, \u00f6zellikle ameliyattan sonra bu durum son derece rahatt\u0131. Klinikteki ortam \u00e7ok samimi ve \u00f6zellikle Fred insanla ger\u00e7ekten \u00e7ok yak\u0131ndan ilgileniyor. T\u00fcrk aksanl\u0131 Bern \u0130svi\u00e7re Almancas\u0131yla konu\u015fmas\u0131, insan\u0131n kendini hemen evinde hissetmesini sa\u011fl\u0131yor. S\u00fcre\u00e7 genel olarak olduk\u00e7a h\u0131zl\u0131 ilerliyor ve t\u00fcm evraklar\u0131 uzun uzun incelemeye pek vakit kalm\u0131yor. Tekrar yap\u0131lan \u00f6n muayene bende \u00e7ok fazla zaman almad\u0131. En uzun s\u00fcren k\u0131s\u0131m, g\u00f6z bebeklerini b\u00fcy\u00fcten ve sonras\u0131nda tekrar normale d\u00f6nd\u00fcren damlalar\u0131n etkisini g\u00f6stermesini beklemekti. \u00d6n muayeneden sonra bir \u015feyler yemek i\u00e7in zaman oluyor; bu arada klini\u011fin hemen alt\u0131ndaki \u0130talyan kafe bu i\u015f i\u00e7in olduk\u00e7a ideal. Sonra ameliyat yava\u015f yava\u015f yakla\u015f\u0131yor. Ameliyat \u00f6ncesinde k\u0131sa bir s\u00fcre de olsa rahatlamay\u0131 sa\u011flayan masaj koltu\u011fu ger\u00e7ekten i\u015fin en g\u00fczel k\u0131sm\u0131. Cihaz harika! Ard\u0131ndan hemen ameliyathaneye al\u0131n\u0131yorsunuz. Orada da her \u015fey \u00e7ok h\u0131zl\u0131 ilerliyor; ne oldu\u011funu tam anlayamadan i\u015flem bitmi\u015f oluyor. En rahats\u0131z edici k\u0131s\u0131m, kornea flebinin kesildi\u011fi an. Lazer i\u015fleminin kendisi ise \u00e7ok k\u0131sa s\u00fcr\u00fcyor. En \u00f6nemli \u015fey, m\u00fcmk\u00fcn oldu\u011funca rahat kalmak ve s\u00fcrekli ye\u015fil noktaya bakmak. Ameliyattan sonra k\u0131sa bir s\u00fcre dinlenmek i\u00e7in karanl\u0131k bir odaya al\u0131n\u0131yorsunuz ve Fred g\u00f6z damlalar\u0131n\u0131 veriyor. K\u0131sa bir kontrol muayenesinin ard\u0131ndan her \u015fey tamamlanm\u0131\u015f oluyor ve otele d\u00f6nmenize izin veriliyor. Orada nihayet uzan\u0131p g\u00f6zlerinizi kapatabiliyorsunuz. \u00c7\u00fcnk\u00fc yanma ve sulanma nedeniyle g\u00f6zleri a\u00e7\u0131k tutmak olduk\u00e7a zor oluyor. Hemen uzan\u0131p dinlenince en zor k\u0131s\u0131m da h\u0131zl\u0131ca ge\u00e7iyor. Yakla\u015f\u0131k iki saat sonra yanma hissi azald\u0131, kendimi \u00e7ok daha iyi hissetmeye ba\u015flad\u0131m ve tekrar net g\u00f6rmeye ba\u015flad\u0131m. Ertesi sabah bir kez daha kontrol muayenesi yap\u0131l\u0131yor ve her \u015fey yolundaysa \u0130stanbul\u2019un tad\u0131n\u0131 biraz daha \u00e7\u0131karabiliyorsunuz. Ben zaten ameliyattan bir g\u00fcn sonra bile \u00e7ok net g\u00f6rmeye ba\u015flam\u0131\u015ft\u0131m. D\u00fcn \u0130svi\u00e7re\u2019de ilk kontrol muayenem vard\u0131. Bu kontrolde sol g\u00f6z\u00fcn biraz fazla d\u00fczeltildi\u011fi ve bunun g\u00f6rme keskinli\u011fini az da olsa d\u00fc\u015f\u00fcrd\u00fc\u011f\u00fc tespit edildi. Bunun d\u0131\u015f\u0131nda her \u015fey yolundayd\u0131. Lazer ameliyat\u0131yla ilgili pi\u015fman oldu\u011fum tek bir \u015fey var: Allah a\u015fk\u0131na, bu fikre neden daha \u00f6nce gelmedim? \u00d6nceki rapor Bir Sonraki Rapor<\/p>\n","protected":false},"author":4,"featured_media":0,"parent":3355,"menu_order":0,"comment_status":"closed","ping_status":"closed","template":"","meta":{"_joinchat":[],"footnotes":""},"class_list":["post-3381","page","type-page","status-publish","hentry"],"acf":[],"_links":{"self":[{"href":"https:\/\/swisslasik.ch\/tr\/wp-json\/wp\/v2\/pages\/3381","targetHints":{"allow":["GET"]}}],"collection":[{"href":"https:\/\/swisslasik.ch\/tr\/wp-json\/wp\/v2\/pages"}],"about":[{"href":"https:\/\/swisslasik.ch\/tr\/wp-json\/wp\/v2\/types\/page"}],"author":[{"embeddable":true,"href":"https:\/\/swisslasik.ch\/tr\/wp-json\/wp\/v2\/users\/4"}],"replies":[{"embeddable":true,"href":"https:\/\/swisslasik.ch\/tr\/wp-json\/wp\/v2\/comments?post=3381"}],"version-history":[{"count":1,"href":"https:\/\/swisslasik.ch\/tr\/wp-json\/wp\/v2\/pages\/3381\/revisions"}],"predecessor-version":[{"id":3382,"href":"https:\/\/swisslasik.ch\/tr\/wp-json\/wp\/v2\/pages\/3381\/revisions\/3382"}],"up":[{"embeddable":true,"href":"https:\/\/swisslasik.ch\/tr\/wp-json\/wp\/v2\/pages\/3355"}],"wp:attachment":[{"href":"https:\/\/swisslasik.ch\/tr\/wp-json\/wp\/v2\/media?parent=3381"}],"curies":[{"name":"wp","href":"https:\/\/api.w.org\/{rel}","templated":true}]}}