{"id":3383,"date":"2025-09-24T15:01:17","date_gmt":"2025-09-24T14:01:17","guid":{"rendered":"https:\/\/swisslasik.ch\/yasli-hasta-raporlari-goez-klinigi-tuerkiye\/lasik-istanbul-deneyim-raporu-29-kasim-2006-carsamba-tarihli-rapor\/"},"modified":"2026-01-14T21:13:13","modified_gmt":"2026-01-14T20:13:13","slug":"lasik-istanbul-deneyim-raporu-29-kasim-2006-carsamba-tarihli-rapor","status":"publish","type":"page","link":"https:\/\/swisslasik.ch\/tr\/yasli-hasta-raporlari-goez-klinigi-tuerkiye\/lasik-istanbul-deneyim-raporu-29-kasim-2006-carsamba-tarihli-rapor\/","title":{"rendered":"LASIK \u0130stanbul deneyim raporu \u2013 29 Kas\u0131m 2006 \u00c7ar\u015famba tarihli rapor"},"content":{"rendered":"\n<h3 class=\"wp-block-heading\">LASIK \u0130stanbul deneyim raporu \u2013 29 Kas\u0131m 2006 \u00c7ar\u015famba tarihli rapor<\/h3>\n\n\n\n<p>Hastam\u0131z C. Eberli bize \u015fu \u015fekilde yazd\u0131:<\/p>\n\n\n\n<p>Alt\u0131 y\u0131l boyunca kontakt lens kulland\u0131m. Yakla\u015f\u0131k -1,5 diyoptri derecesinde g\u00f6rme bozuklu\u011fum vard\u0131. Pek \u00e7ok durumda kontakt lensler rahats\u0131z ediciydi; \u00f6zellikle r\u00fczg\u00e2rda, dumanda (\u00f6rne\u011fin diskolarda) ya da onlar\u0131 ak\u015fam ge\u00e7 saatlere kadar takt\u0131\u011f\u0131mda. Estetik nedenlerle g\u00f6zl\u00fck benim i\u00e7in hi\u00e7bir zaman bir se\u00e7enek olmad\u0131.   <\/p>\n\n\n\n<p>Bir g\u00f6z doktoru, kontakt lensleri bu kadar s\u0131k kullanmaya devam edersem bunun uzun vadede g\u00f6zlerim i\u00e7in iyi olmayabilece\u011fini s\u00f6yledi. Bunun \u00fczerine alternatifleri ara\u015ft\u0131rmaya ba\u015flad\u0131m ve g\u00f6z lazeri ameliyat\u0131na y\u00f6neldim. <\/p>\n\n\n\n<p>2006 y\u0131l\u0131nda bilgi almak amac\u0131yla Winterthur\u2019da k\u0131sa bir \u00f6n teste gittim. Yap\u0131lan de\u011ferlendirmede, ameliyat\u0131n benim i\u00e7in herhangi bir sorun te\u015fkil etmedi\u011fi ortaya \u00e7\u0131kt\u0131. Ancak fiyat kar\u015f\u0131s\u0131nda biraz \u015fok oldum. Her iki g\u00f6z i\u00e7in yakla\u015f\u0131k 8.000 \u0130svi\u00e7re Frang\u0131 \u00f6demem gerekiyordu ve bunu kar\u015f\u0131layacak durumum yoktu. Bunun \u00fczerine internette, ba\u015fka \u00fclkelerde daha uygun se\u00e7enekler olup olmad\u0131\u011f\u0131n\u0131 ara\u015ft\u0131rmaya ba\u015flad\u0131m.     <\/p>\n\n\n\n<p>Bu \u015fekilde www.swisslasik.ch internet sitesine ula\u015ft\u0131m. \u0130nternet sitesi \u00e7ok ho\u015fuma gitti, \u00e7\u00fcnk\u00fc her \u015fey \u00e7ok profesyonel ve detayl\u0131 bir \u015fekilde anlat\u0131lm\u0131\u015ft\u0131. Hemen Say\u0131n Karaagacli-Leoni ile ileti\u015fime ge\u00e7tim. Bana, g\u00f6z ameliyat\u0131 i\u00e7in \u0130stanbul\u2019a giden insanlar\u0131n say\u0131s\u0131n\u0131n giderek artt\u0131\u011f\u0131n\u0131, bu alanda \u00e7ok tan\u0131nm\u0131\u015f olduklar\u0131n\u0131 ve b\u00fcy\u00fck bir tecr\u00fcbeye sahip olduklar\u0131n\u0131 anlatt\u0131. Ben de birka\u00e7 T\u00fcrk\u2019e bu konudaki g\u00f6r\u00fc\u015flerini sordum ve sadece olumlu \u015feyler duydum. B\u00f6ylece Swisslasik\u2019i tercih etmeye karar verdim.<br>Say\u0131n Karaagacli-Leoni benim i\u00e7in her \u015feyi organize etti: Z\u00fcrih\u2019teki \u00f6n muayeneyi, u\u00e7u\u015flar\u0131, oteli, \u0130stanbul\u2019da bir \u015fehir turunu ve di\u011fer t\u00fcm detaylar\u0131. S\u00f6zle\u015fmeyi imzalad\u0131ktan sonra Swisslasik Pasaportu\u2019nu ald\u0131m. Bu pasaport, \u0130stanbul seyahati ve konaklamam s\u0131ras\u0131nda ihtiya\u00e7 duyaca\u011f\u0131m t\u00fcm bilgileri i\u00e7eriyordu.<br>Eyl\u00fcl 2006\u2019da bir refakat\u00e7iyle birlikte \u0130stanbul\u2019a u\u00e7tuk. Havaliman\u0131nda Almanca konu\u015fan bir T\u00fcrk han\u0131m taraf\u0131ndan kar\u015f\u0131land\u0131k; bizi \u00e7ok s\u0131cak bir \u015fekilde kar\u015f\u0131lad\u0131 ve otele g\u00f6t\u00fcrd\u00fc. Daha uygun fiyatl\u0131 olan G\u00fcl Oteli\u2019ni se\u00e7mi\u015ftik; sade ama ho\u015f bir oteldi ve Almanca konu\u015fan \u00e7ok nazik bir sahibi vard\u0131.<br>Ertesi g\u00fcn tekrar al\u0131nd\u0131k ve bir \u015fehir turuna kat\u0131ld\u0131k. \u0130stanbul\u2019un merkezinde Sultanahmet Camii\u2019ni, Yerebatan Sarn\u0131c\u0131\u2019n\u0131 ve di\u011fer \u00f6nemli turistik yerleri gezdik. Bir sonraki g\u00fcn ise as\u0131l s\u00fcre\u00e7 ba\u015flad\u0131. Taksiyle hastaneye g\u00f6t\u00fcr\u00fcld\u00fck. \u00d6n muayene yap\u0131ld\u0131 ve her \u015fey tekrar detayl\u0131 \u015fekilde kontrol edildi. Almanca ve T\u00fcrk\u00e7e bilen refakat\u00e7i sayesinde bana her \u015fey terc\u00fcme edildi ve doktorlarla rahat\u00e7a ileti\u015fim kurabildim. LASEK ameliyat\u0131 yapmaya karar verdik.<br>\u00d6n muayeneden sonra ameliyata ge\u00e7ildi. G\u00f6zlerimi ameliyat eden doktor son derece sakindi. Bu t\u00fcr ameliyatlar\u0131 defalarca yapt\u0131\u011f\u0131 \u00e7ok belliydi ve bu da beni olduk\u00e7a rahatlatt\u0131. \u00d6nce y\u00fcz\u00fcm steril bir \u00f6rt\u00fcyle kapat\u0131ld\u0131 ve g\u00f6zlerim dezenfekte edildi. Ard\u0131ndan k\u00fc\u00e7\u00fck bir aparat yard\u0131m\u0131yla g\u00f6z kapaklar\u0131m a\u00e7\u0131k ve sabit tutuldu, b\u00f6ylece ameliyat s\u0131ras\u0131nda kapatamamam sa\u011fland\u0131. Daha sonra korneadaki flap kald\u0131r\u0131l\u0131p yana do\u011fru al\u0131nd\u0131. Lazerle kornea dokusu al\u0131nd\u0131; bu i\u015flem sadece yakla\u015f\u0131k 10 saniye s\u00fcrd\u00fc. Her \u015fey tamamen a\u011fr\u0131s\u0131z ve sorunsuzdu. Hemen ard\u0131ndan ikinci g\u00f6z ameliyat edildi. Yakla\u015f\u0131k 20 dakika sonra ameliyathaneden \u00e7\u0131kabildim. K\u0131sa bir kontrol\u00fcn ard\u0131ndan tekrar otele g\u00f6t\u00fcr\u00fcld\u00fck.<br>Ertesi g\u00fcn ayn\u0131 hastanede ilk kontrol muayenesi yap\u0131ld\u0131. Bana g\u00f6z damlalar\u0131 ve a\u011fr\u0131 kesiciler verildi. \u0130lk birka\u00e7 g\u00fcn hafif batma ve sulanma oldu. Ayr\u0131ca ameliyattan sonraki ilk alt\u0131 g\u00fcn boyunca g\u00f6rme keskinli\u011fim d\u00fc\u015f\u00fckt\u00fc. Yakla\u015f\u0131k bir hafta sonra yava\u015f yava\u015f d\u00fczelmeye ba\u015flad\u0131. Daha sonra Z\u00fcrih\u2019te, ameliyattan bir hafta sonra ve d\u00f6rt hafta sonra olmak \u00fczere iki kez kontrol muayenesine gittim. Her \u015fey sorunsuz ve m\u00fckemmel bir \u015fekilde ilerlemi\u015fti. D\u00f6rt hafta sonunda art\u0131k \u00e7ok net g\u00f6r\u00fcyordum.                                  Sadece karanl\u0131kta kontrast hen\u00fcz ideal de\u011fildi, ancak bunun normal oldu\u011fu s\u00f6ylendi. Z\u00fcrih\u2019teki doktorum, nihai g\u00f6rme keskinli\u011fine ancak yakla\u015f\u0131k 3 ay sonra ula\u015f\u0131ld\u0131\u011f\u0131n\u0131 a\u00e7\u0131klad\u0131.<br>Geriye d\u00f6n\u00fcp bakt\u0131\u011f\u0131mda \u015funu s\u00f6yleyebilirim ki, bu ameliyat\u0131 hi\u00e7 d\u00fc\u015f\u00fcnmeden tekrar yapt\u0131r\u0131rd\u0131m. G\u00f6rme yard\u0131mc\u0131s\u0131na ba\u011f\u0131ml\u0131 olmadan ya\u015famak benim i\u00e7in \u00e7ok daha konforlu bir hayat\u0131n ba\u015flang\u0131c\u0131 oldu. Swisslasik etraf\u0131ndaki t\u00fcm organizasyon son derece iyiydi. Say\u0131n Karaagacli-Leoni b\u00fcy\u00fck bir \u00f6zveri g\u00f6sterdi ve her zaman benim i\u00e7in ula\u015f\u0131labilir oldu. Sonu\u00e7 olarak t\u00fcm bu s\u00fcre\u00e7 bana sadece 3000 \u0130svi\u00e7re Frang\u0131\u2019na mal oldu.     <\/p>\n\n\n\n<div class=\"wp-block-group is-layout-grid wp-container-core-group-is-layout-baef362d wp-block-group-is-layout-grid\">\n<p><a href=\"https:\/\/medicaltravel.at\/home\/agb\/\" data-type=\"page\" data-id=\"2191\" rel=\"nofollow noopener\" target=\"_blank\"><\/a><a href=\"https:\/\/swisslasik.ch\/tr\/yasli-hasta-raporlari-goez-klinigi-tuerkiye\/istanbulda-lasik-ameliyati-05-aralik-2006-sali-tarihli-deneyim-raporu\/\" data-type=\"link\" data-id=\"https:\/\/swisslasik.ch\/tr\/yasli-hasta-raporlari-goez-klinigi-tuerkiye\/istanbulda-lasik-ameliyati-05-aralik-2006-sali-tarihli-deneyim-raporu\/\">\u00d6nceki rapor<\/a><\/p>\n\n\n\n<p class=\"has-text-align-right wp-container-content-5e2576f9\"><\/p>\n<\/div>\n","protected":false},"excerpt":{"rendered":"<p>LASIK \u0130stanbul deneyim raporu \u2013 29 Kas\u0131m 2006 \u00c7ar\u015famba tarihli rapor Hastam\u0131z C. Eberli bize \u015fu \u015fekilde yazd\u0131: Alt\u0131 y\u0131l boyunca kontakt lens kulland\u0131m. Yakla\u015f\u0131k -1,5 diyoptri derecesinde g\u00f6rme bozuklu\u011fum vard\u0131. Pek \u00e7ok durumda kontakt lensler rahats\u0131z ediciydi; \u00f6zellikle r\u00fczg\u00e2rda, dumanda (\u00f6rne\u011fin diskolarda) ya da onlar\u0131 ak\u015fam ge\u00e7 saatlere kadar takt\u0131\u011f\u0131mda. Estetik nedenlerle g\u00f6zl\u00fck benim i\u00e7in hi\u00e7bir zaman bir se\u00e7enek olmad\u0131. Bir g\u00f6z doktoru, kontakt lensleri bu kadar s\u0131k kullanmaya devam edersem bunun uzun vadede g\u00f6zlerim i\u00e7in iyi olmayabilece\u011fini s\u00f6yledi. Bunun \u00fczerine alternatifleri ara\u015ft\u0131rmaya ba\u015flad\u0131m ve g\u00f6z lazeri ameliyat\u0131na y\u00f6neldim. 2006 y\u0131l\u0131nda bilgi almak amac\u0131yla Winterthur\u2019da k\u0131sa bir \u00f6n teste gittim. Yap\u0131lan de\u011ferlendirmede, ameliyat\u0131n benim i\u00e7in herhangi bir sorun te\u015fkil etmedi\u011fi ortaya \u00e7\u0131kt\u0131. Ancak fiyat kar\u015f\u0131s\u0131nda biraz \u015fok oldum. Her iki g\u00f6z i\u00e7in yakla\u015f\u0131k 8.000 \u0130svi\u00e7re Frang\u0131 \u00f6demem gerekiyordu ve bunu kar\u015f\u0131layacak durumum yoktu. Bunun \u00fczerine internette, ba\u015fka \u00fclkelerde daha uygun se\u00e7enekler olup olmad\u0131\u011f\u0131n\u0131 ara\u015ft\u0131rmaya ba\u015flad\u0131m. Bu \u015fekilde www.swisslasik.ch internet sitesine ula\u015ft\u0131m. \u0130nternet sitesi \u00e7ok ho\u015fuma gitti, \u00e7\u00fcnk\u00fc her \u015fey \u00e7ok profesyonel ve detayl\u0131 bir \u015fekilde anlat\u0131lm\u0131\u015ft\u0131. Hemen Say\u0131n Karaagacli-Leoni ile ileti\u015fime ge\u00e7tim. Bana, g\u00f6z ameliyat\u0131 i\u00e7in \u0130stanbul\u2019a giden insanlar\u0131n say\u0131s\u0131n\u0131n giderek artt\u0131\u011f\u0131n\u0131, bu alanda \u00e7ok tan\u0131nm\u0131\u015f olduklar\u0131n\u0131 ve b\u00fcy\u00fck bir tecr\u00fcbeye sahip olduklar\u0131n\u0131 anlatt\u0131. Ben de birka\u00e7 T\u00fcrk\u2019e bu konudaki g\u00f6r\u00fc\u015flerini sordum ve sadece olumlu \u015feyler duydum. B\u00f6ylece Swisslasik\u2019i tercih etmeye karar verdim.Say\u0131n Karaagacli-Leoni benim i\u00e7in her \u015feyi organize etti: Z\u00fcrih\u2019teki \u00f6n muayeneyi, u\u00e7u\u015flar\u0131, oteli, \u0130stanbul\u2019da bir \u015fehir turunu ve di\u011fer t\u00fcm detaylar\u0131. S\u00f6zle\u015fmeyi imzalad\u0131ktan sonra Swisslasik Pasaportu\u2019nu ald\u0131m. Bu pasaport, \u0130stanbul seyahati ve konaklamam s\u0131ras\u0131nda ihtiya\u00e7 duyaca\u011f\u0131m t\u00fcm bilgileri i\u00e7eriyordu.Eyl\u00fcl 2006\u2019da bir refakat\u00e7iyle birlikte \u0130stanbul\u2019a u\u00e7tuk. Havaliman\u0131nda Almanca konu\u015fan bir T\u00fcrk han\u0131m taraf\u0131ndan kar\u015f\u0131land\u0131k; bizi \u00e7ok s\u0131cak bir \u015fekilde kar\u015f\u0131lad\u0131 ve otele g\u00f6t\u00fcrd\u00fc. Daha uygun fiyatl\u0131 olan G\u00fcl Oteli\u2019ni se\u00e7mi\u015ftik; sade ama ho\u015f bir oteldi ve Almanca konu\u015fan \u00e7ok nazik bir sahibi vard\u0131.Ertesi g\u00fcn tekrar al\u0131nd\u0131k ve bir \u015fehir turuna kat\u0131ld\u0131k. \u0130stanbul\u2019un merkezinde Sultanahmet Camii\u2019ni, Yerebatan Sarn\u0131c\u0131\u2019n\u0131 ve di\u011fer \u00f6nemli turistik yerleri gezdik. Bir sonraki g\u00fcn ise as\u0131l s\u00fcre\u00e7 ba\u015flad\u0131. Taksiyle hastaneye g\u00f6t\u00fcr\u00fcld\u00fck. \u00d6n muayene yap\u0131ld\u0131 ve her \u015fey tekrar detayl\u0131 \u015fekilde kontrol edildi. Almanca ve T\u00fcrk\u00e7e bilen refakat\u00e7i sayesinde bana her \u015fey terc\u00fcme edildi ve doktorlarla rahat\u00e7a ileti\u015fim kurabildim. LASEK ameliyat\u0131 yapmaya karar verdik.\u00d6n muayeneden sonra ameliyata ge\u00e7ildi. G\u00f6zlerimi ameliyat eden doktor son derece sakindi. Bu t\u00fcr ameliyatlar\u0131 defalarca yapt\u0131\u011f\u0131 \u00e7ok belliydi ve bu da beni olduk\u00e7a rahatlatt\u0131. \u00d6nce y\u00fcz\u00fcm steril bir \u00f6rt\u00fcyle kapat\u0131ld\u0131 ve g\u00f6zlerim dezenfekte edildi. Ard\u0131ndan k\u00fc\u00e7\u00fck bir aparat yard\u0131m\u0131yla g\u00f6z kapaklar\u0131m a\u00e7\u0131k ve sabit tutuldu, b\u00f6ylece ameliyat s\u0131ras\u0131nda kapatamamam sa\u011fland\u0131. Daha sonra korneadaki flap kald\u0131r\u0131l\u0131p yana do\u011fru al\u0131nd\u0131. Lazerle kornea dokusu al\u0131nd\u0131; bu i\u015flem sadece yakla\u015f\u0131k 10 saniye s\u00fcrd\u00fc. Her \u015fey tamamen a\u011fr\u0131s\u0131z ve sorunsuzdu. Hemen ard\u0131ndan ikinci g\u00f6z ameliyat edildi. Yakla\u015f\u0131k 20 dakika sonra ameliyathaneden \u00e7\u0131kabildim. K\u0131sa bir kontrol\u00fcn ard\u0131ndan tekrar otele g\u00f6t\u00fcr\u00fcld\u00fck.Ertesi g\u00fcn ayn\u0131 hastanede ilk kontrol muayenesi yap\u0131ld\u0131. Bana g\u00f6z damlalar\u0131 ve a\u011fr\u0131 kesiciler verildi. \u0130lk birka\u00e7 g\u00fcn hafif batma ve sulanma oldu. Ayr\u0131ca ameliyattan sonraki ilk alt\u0131 g\u00fcn boyunca g\u00f6rme keskinli\u011fim d\u00fc\u015f\u00fckt\u00fc. Yakla\u015f\u0131k bir hafta sonra yava\u015f yava\u015f d\u00fczelmeye ba\u015flad\u0131. Daha sonra Z\u00fcrih\u2019te, ameliyattan bir hafta sonra ve d\u00f6rt hafta sonra olmak \u00fczere iki kez kontrol muayenesine gittim. Her \u015fey sorunsuz ve m\u00fckemmel bir \u015fekilde ilerlemi\u015fti. D\u00f6rt hafta sonunda art\u0131k \u00e7ok net g\u00f6r\u00fcyordum. Sadece karanl\u0131kta kontrast hen\u00fcz ideal de\u011fildi, ancak bunun normal oldu\u011fu s\u00f6ylendi. Z\u00fcrih\u2019teki doktorum, nihai g\u00f6rme keskinli\u011fine ancak yakla\u015f\u0131k 3 ay sonra ula\u015f\u0131ld\u0131\u011f\u0131n\u0131 a\u00e7\u0131klad\u0131.Geriye d\u00f6n\u00fcp bakt\u0131\u011f\u0131mda \u015funu s\u00f6yleyebilirim ki, bu ameliyat\u0131 hi\u00e7 d\u00fc\u015f\u00fcnmeden tekrar yapt\u0131r\u0131rd\u0131m. G\u00f6rme yard\u0131mc\u0131s\u0131na ba\u011f\u0131ml\u0131 olmadan ya\u015famak benim i\u00e7in \u00e7ok daha konforlu bir hayat\u0131n ba\u015flang\u0131c\u0131 oldu. Swisslasik etraf\u0131ndaki t\u00fcm organizasyon son derece iyiydi. Say\u0131n Karaagacli-Leoni b\u00fcy\u00fck bir \u00f6zveri g\u00f6sterdi ve her zaman benim i\u00e7in ula\u015f\u0131labilir oldu. Sonu\u00e7 olarak t\u00fcm bu s\u00fcre\u00e7 bana sadece 3000 \u0130svi\u00e7re Frang\u0131\u2019na mal oldu. \u00d6nceki rapor<\/p>\n","protected":false},"author":4,"featured_media":0,"parent":3355,"menu_order":0,"comment_status":"closed","ping_status":"closed","template":"","meta":{"_joinchat":[],"footnotes":""},"class_list":["post-3383","page","type-page","status-publish","hentry"],"acf":[],"_links":{"self":[{"href":"https:\/\/swisslasik.ch\/tr\/wp-json\/wp\/v2\/pages\/3383","targetHints":{"allow":["GET"]}}],"collection":[{"href":"https:\/\/swisslasik.ch\/tr\/wp-json\/wp\/v2\/pages"}],"about":[{"href":"https:\/\/swisslasik.ch\/tr\/wp-json\/wp\/v2\/types\/page"}],"author":[{"embeddable":true,"href":"https:\/\/swisslasik.ch\/tr\/wp-json\/wp\/v2\/users\/4"}],"replies":[{"embeddable":true,"href":"https:\/\/swisslasik.ch\/tr\/wp-json\/wp\/v2\/comments?post=3383"}],"version-history":[{"count":4,"href":"https:\/\/swisslasik.ch\/tr\/wp-json\/wp\/v2\/pages\/3383\/revisions"}],"predecessor-version":[{"id":4860,"href":"https:\/\/swisslasik.ch\/tr\/wp-json\/wp\/v2\/pages\/3383\/revisions\/4860"}],"up":[{"embeddable":true,"href":"https:\/\/swisslasik.ch\/tr\/wp-json\/wp\/v2\/pages\/3355"}],"wp:attachment":[{"href":"https:\/\/swisslasik.ch\/tr\/wp-json\/wp\/v2\/media?parent=3383"}],"curies":[{"name":"wp","href":"https:\/\/api.w.org\/{rel}","templated":true}]}}