{"id":3387,"date":"2025-09-24T15:08:13","date_gmt":"2025-09-24T14:08:13","guid":{"rendered":"https:\/\/swisslasik.ch\/yasli-hasta-raporlari-goez-klinigi-tuerkiye\/istanbuldaki-ameliyatima-dair-deneyim-raporu-04-temmuz-2008-cuma-tarihli-rapor\/"},"modified":"2026-01-14T20:48:09","modified_gmt":"2026-01-14T19:48:09","slug":"istanbuldaki-ameliyatima-dair-deneyim-raporu-04-temmuz-2008-cuma-tarihli-rapor","status":"publish","type":"page","link":"https:\/\/swisslasik.ch\/tr\/yasli-hasta-raporlari-goez-klinigi-tuerkiye\/istanbuldaki-ameliyatima-dair-deneyim-raporu-04-temmuz-2008-cuma-tarihli-rapor\/","title":{"rendered":"\u0130stanbul\u2019daki ameliyat\u0131ma dair deneyim raporu \u2013 04 Temmuz 2008 Cuma tarihli rapor"},"content":{"rendered":"\n<h3 class=\"wp-block-heading\">\u0130stanbul\u2019daki ameliyat\u0131ma dair deneyim raporu \u2013 04 Temmuz 2008 Cuma tarihli rapor<\/h3>\n\n\n\n<p>24 y\u0131l \u00f6nce her \u015fey ba\u015flad\u0131. \u0130lk g\u00f6zl\u00fc\u011f\u00fcme ihtiya\u00e7 duydum ve g\u00f6rme derecem her y\u0131l giderek k\u00f6t\u00fcle\u015fti; her iki g\u00f6z\u00fcmde de -7.00 diyoptriye kadar ula\u015ft\u0131. Sonra bir duraklama oldu. \u0130lk \u00e7\u0131rakl\u0131k maa\u015f\u0131mla ilk kontakt lenslerimi ald\u0131m. Ancak bir s\u00fcre sonra ne yaz\u0131k ki lensleri tolere edemez oldum ve tekrar g\u00f6zl\u00fck takmak zorunda kald\u0131m. Y\u0131llar sonra g\u00f6zlerimi lazerle tedavi ettirme d\u00fc\u015f\u00fcncesi akl\u0131ma gelmi\u015fti, fakat bana \u00e7ok pahal\u0131 gelmi\u015fti.<br>2 y\u0131l \u00f6nce karde\u015fim, birka\u00e7 i\u015f arkada\u015f\u0131n\u0131n \u0130stanbul\u2019da lazer ameliyat\u0131 yapt\u0131rd\u0131\u011f\u0131n\u0131 ve sonu\u00e7tan \u00e7ok memnun olduklar\u0131n\u0131 anlatt\u0131. K\u0131sa bir s\u00fcre sonra \u201cPuls\u201d program\u0131nda da bu konuyla ilgili bir yay\u0131n \u00e7\u0131kt\u0131 ve ben de bunu b\u00fcy\u00fck bir ilgiyle izledim. Tesad\u00fcfe bak\u0131n ki, ge\u00e7en y\u0131l bir i\u015f arkada\u015f\u0131m da \u0130stanbul\u2019a gidip g\u00f6zlerini lazerle tedavi ettirdi. Onun anlatt\u0131klar\u0131ndan sonra benim i\u00e7in de \u0130stanbul\u2019a gidece\u011fim kesinle\u015fti.         <\/p>\n\n\n\n<p>Z\u00fcrih\u2019te yap\u0131lan \u00f6n muayenede ameliyat i\u00e7in onay ald\u0131ktan sonra, 25 May\u0131s 2008 tarihinde zaman\u0131 gelmi\u015fti ve \u0130stanbul\u2019a u\u00e7tum. Havaliman\u0131nda Birol taraf\u0131ndan \u00e7ok s\u0131cak bir \u015fekilde ve Almanca olarak kar\u015f\u0131land\u0131m ve otele g\u00f6t\u00fcr\u00fcld\u00fcm. Ertesi sabah saat 11 civar\u0131nda Fred beni otelden ald\u0131 ve do\u011frudan klini\u011fe gittik. Orada da \u00e7ok samimi bir \u015fekilde kar\u015f\u0131land\u0131m ve bana her \u015fey Almanca olarak anlat\u0131ld\u0131. \u00d6n muayene \u00e7ok h\u0131zl\u0131 bir \u015fekilde tamamland\u0131 ve saat 13.00\u2019te ameliyat\u0131n \u00f6n\u00fcnde hi\u00e7bir engel olmad\u0131\u011f\u0131 s\u00f6ylendi. \u015eimdi bir \u015feyler yemem gerekti\u011fi ve ameliyat\u0131n saat 16.00\u2019ya planland\u0131\u011f\u0131 belirtildi.<br>G\u00f6z bebeklerimi b\u00fcy\u00fcten damlalar nedeniyle g\u00f6zlerim h\u00e2l\u00e2 \u0131\u015f\u0131\u011fa \u00e7ok hassas oldu\u011fu i\u00e7in, \u00f6nce otele gidip biraz uzanmaya karar verdim. Bir s\u00fcre sonra yemek yedim ve ard\u0131ndan do\u011frudan Eyestar Klini\u011fi\u2019ne gittim. \u0130\u015fte o anda ger\u00e7ekten heyecanlanmaya ba\u015flad\u0131m. Eyestar klini\u011findeki \u00e7al\u0131\u015fan\u0131n bana sakinle\u015ftirici bir tablet getirmesine ger\u00e7ekten \u00e7ok sevindim. K\u0131sa bir s\u00fcre sonra bir kat yukar\u0131 \u00e7\u0131kt\u0131k. Ancak o zaman fark ettim ki hi\u00e7 \u0131\u015f\u0131k yoktu, yani elektrik kesintisi vard\u0131. Fakat g\u00f6revli beni sakinle\u015ftirdi ve ameliyathanede bu t\u00fcr riskleri \u00f6nlemek i\u00e7in bir jenerat\u00f6r bulundu\u011funu s\u00f6yledi.<br>Yukar\u0131 \u00e7\u0131kt\u0131\u011f\u0131m\u0131zda bir bone ve \u00f6nl\u00fck giymem gerekti. Ard\u0131ndan bir masaj koltu\u011funa oturdum ve g\u00f6revli y\u00fcz\u00fcm\u00fc bir dezenfektanla temizledi. Sonra art\u0131k zaman\u0131 gelmi\u015fti. G\u00f6zl\u00fcks\u00fcz olarak lazer cihaz\u0131na y\u00f6nlendirildim ve uzand\u0131m. G\u00f6revli, doktorun yapt\u0131\u011f\u0131 her ad\u0131m\u0131 bana Almanca olarak a\u00e7\u0131klad\u0131. \u015ea\u015f\u0131rt\u0131c\u0131 bir \u015fekilde ameliyat s\u0131ras\u0131nda neredeyse hi\u00e7bir \u015fey hissetmedim. Tek rahats\u0131z edici k\u0131s\u0131m, g\u00f6z\u00fcn y\u0131kanmas\u0131 ve kurutulmas\u0131yd\u0131. Yani kesinlikle hi\u00e7 a\u011fr\u0131 yoktu. Ameliyat \u00e7ok h\u0131zl\u0131 ge\u00e7ti ve sedyeden do\u011fruldu\u011fumda her \u015feyi zaten \u00e7ok net g\u00f6rebildi\u011fime inanamad\u0131m.<br>Daha sonra karanl\u0131k bir ortamda b\u00fcy\u00fck bir uzanma koltu\u011funa al\u0131nd\u0131m; burada biraz m\u00fczik dinleyip rahatlayabildim. K\u0131sa bir s\u00fcre sonra beni tekrar al\u0131p alt kata g\u00f6t\u00fcrd\u00fcler. G\u00f6zlerim \u00e7ok \u0131\u015f\u0131\u011fa duyarl\u0131 oldu\u011fu i\u00e7in hemen g\u00fcne\u015f g\u00f6zl\u00fc\u011f\u00fcm\u00fc takt\u0131m. Ard\u0131ndan her \u015feyin yolunda oldu\u011funun g\u00f6r\u00fcld\u00fc\u011f\u00fc bir kontrol muayenesi yap\u0131ld\u0131. Sonras\u0131nda do\u011frudan otel odama gittim ve uyumak i\u00e7in uzand\u0131m. G\u00f6zlerimden ya\u015f gelmesi d\u0131\u015f\u0131nda kesinlikle hi\u00e7bir a\u011fr\u0131m yoktu.<br>Ertesi sabah uyand\u0131\u011f\u0131mda her \u015feyi bu kadar net ve berrak g\u00f6rebildi\u011fim i\u00e7in \u00e7ok mutluydum. Tekrar klini\u011fe giderek bir kontrol daha yap\u0131ld\u0131. Doktor g\u00f6zlerimden \u00e7ok memnundu. O anki de\u011ferlerim hatta art\u0131 (+) taraftayd\u0131. Ancak bunlar\u0131n zamanla de\u011fi\u015fece\u011fini ve sonu\u00e7ta -0.50 diyoptri civar\u0131nda olaca\u011f\u0131m\u0131 s\u00f6yledi. Yani art\u0131k g\u00f6zl\u00fc\u011fe hi\u00e7 ihtiyac\u0131m olmayacak! \ud83d\ude42<br>Sonras\u0131nda Birol taraf\u0131ndan al\u0131nd\u0131m ve havaliman\u0131na g\u00f6t\u00fcr\u00fcld\u00fcm.                                   <\/p>\n\n\n\n<p>Ameliyat\u0131m\u0131n \u00fczerinden art\u0131k 9 g\u00fcn ge\u00e7ti ve h\u00e2l\u00e2 kendimi \u00e7ok iyi hissediyorum. G\u00f6rme yard\u0131mc\u0131s\u0131 olmadan ge\u00e7irdi\u011fim bu yeni hayat\u0131n tad\u0131n\u0131 \u00e7\u0131kar\u0131yorum. \u0130stanbul\u2019da yap\u0131lan bu ameliyat\u0131 herkese g\u00f6n\u00fcl rahatl\u0131\u011f\u0131yla tavsiye edebilirim. \u0130stanbul\u2019dan ya da T\u00fcrkiye\u2019den kesinlikle korkman\u0131za gerek yok. Swisslasik.ch ve Eyestar Klini\u011fi\u2019nin sundu\u011fu ilgi ve bak\u0131m ger\u00e7ekten m\u00fckemmel!    <\/p>\n\n\n\n<p>\u0130stanbul\u2019daki ekibe ve Swisslasik.ch\u2019den Say\u0131n Serdar Karaagacli-Leoni\u2019ye \u00e7ok te\u015fekk\u00fcr ederim.<\/p>\n\n\n\n<p>Daniela M\u00e4chler-Broger<\/p>\n\n\n\n<div class=\"wp-block-group is-layout-grid wp-container-core-group-is-layout-baef362d wp-block-group-is-layout-grid\">\n<p><a href=\"https:\/\/medicaltravel.at\/home\/agb\/\" data-type=\"page\" data-id=\"2191\" rel=\"nofollow noopener\" target=\"_blank\"><\/a><a href=\"https:\/\/swisslasik.ch\/tr\/yasli-hasta-raporlari-goez-klinigi-tuerkiye\/goez-lazeri-paket-programi-09-agustos-2008-cumartesi-tarihli-deneyim-raporu\/\" data-type=\"link\" data-id=\"https:\/\/swisslasik.ch\/altere-patientenberichte-augenklinik-tuerkei\/das-augenlaser-pauschalarrangement-bericht-vom-samstag-09-august-2008\/\">\u00d6nceki rapor<\/a><\/p>\n\n\n\n<p class=\"has-text-align-right wp-container-content-5e2576f9\"><a href=\"https:\/\/medicaltravel.at\/home\/impressum\/\" data-type=\"page\" data-id=\"2193\" rel=\"nofollow noopener\" target=\"_blank\"><\/a><a href=\"https:\/\/medicaltravel.at\/home\/berichte-von-patienten\/erfahrungsberichte\/erfahrungsbericht-zahnbehandlung-in-istanbul\/\" data-type=\"page\" data-id=\"981\" rel=\"nofollow noopener\" target=\"_blank\"><\/a><a href=\"https:\/\/swisslasik.ch\/tr\/yasli-hasta-raporlari-goez-klinigi-tuerkiye\/lasik-istanbul-deneyim-raporum-28-mayis-2008-carsamba-tarihli-rapor\/\" data-type=\"link\" data-id=\"https:\/\/swisslasik.ch\/tr\/yasli-hasta-raporlari-goez-klinigi-tuerkiye\/lasik-istanbul-deneyim-raporum-28-mayis-2008-carsamba-tarihli-rapor\/\">Bir Sonraki Rapor<br><\/a><\/p>\n<\/div>\n","protected":false},"excerpt":{"rendered":"<p>\u0130stanbul\u2019daki ameliyat\u0131ma dair deneyim raporu \u2013 04 Temmuz 2008 Cuma tarihli rapor 24 y\u0131l \u00f6nce her \u015fey ba\u015flad\u0131. \u0130lk g\u00f6zl\u00fc\u011f\u00fcme ihtiya\u00e7 duydum ve g\u00f6rme derecem her y\u0131l giderek k\u00f6t\u00fcle\u015fti; her iki g\u00f6z\u00fcmde de -7.00 diyoptriye kadar ula\u015ft\u0131. Sonra bir duraklama oldu. \u0130lk \u00e7\u0131rakl\u0131k maa\u015f\u0131mla ilk kontakt lenslerimi ald\u0131m. Ancak bir s\u00fcre sonra ne yaz\u0131k ki lensleri tolere edemez oldum ve tekrar g\u00f6zl\u00fck takmak zorunda kald\u0131m. Y\u0131llar sonra g\u00f6zlerimi lazerle tedavi ettirme d\u00fc\u015f\u00fcncesi akl\u0131ma gelmi\u015fti, fakat bana \u00e7ok pahal\u0131 gelmi\u015fti.2 y\u0131l \u00f6nce karde\u015fim, birka\u00e7 i\u015f arkada\u015f\u0131n\u0131n \u0130stanbul\u2019da lazer ameliyat\u0131 yapt\u0131rd\u0131\u011f\u0131n\u0131 ve sonu\u00e7tan \u00e7ok memnun olduklar\u0131n\u0131 anlatt\u0131. K\u0131sa bir s\u00fcre sonra \u201cPuls\u201d program\u0131nda da bu konuyla ilgili bir yay\u0131n \u00e7\u0131kt\u0131 ve ben de bunu b\u00fcy\u00fck bir ilgiyle izledim. Tesad\u00fcfe bak\u0131n ki, ge\u00e7en y\u0131l bir i\u015f arkada\u015f\u0131m da \u0130stanbul\u2019a gidip g\u00f6zlerini lazerle tedavi ettirdi. Onun anlatt\u0131klar\u0131ndan sonra benim i\u00e7in de \u0130stanbul\u2019a gidece\u011fim kesinle\u015fti. Z\u00fcrih\u2019te yap\u0131lan \u00f6n muayenede ameliyat i\u00e7in onay ald\u0131ktan sonra, 25 May\u0131s 2008 tarihinde zaman\u0131 gelmi\u015fti ve \u0130stanbul\u2019a u\u00e7tum. Havaliman\u0131nda Birol taraf\u0131ndan \u00e7ok s\u0131cak bir \u015fekilde ve Almanca olarak kar\u015f\u0131land\u0131m ve otele g\u00f6t\u00fcr\u00fcld\u00fcm. Ertesi sabah saat 11 civar\u0131nda Fred beni otelden ald\u0131 ve do\u011frudan klini\u011fe gittik. Orada da \u00e7ok samimi bir \u015fekilde kar\u015f\u0131land\u0131m ve bana her \u015fey Almanca olarak anlat\u0131ld\u0131. \u00d6n muayene \u00e7ok h\u0131zl\u0131 bir \u015fekilde tamamland\u0131 ve saat 13.00\u2019te ameliyat\u0131n \u00f6n\u00fcnde hi\u00e7bir engel olmad\u0131\u011f\u0131 s\u00f6ylendi. \u015eimdi bir \u015feyler yemem gerekti\u011fi ve ameliyat\u0131n saat 16.00\u2019ya planland\u0131\u011f\u0131 belirtildi.G\u00f6z bebeklerimi b\u00fcy\u00fcten damlalar nedeniyle g\u00f6zlerim h\u00e2l\u00e2 \u0131\u015f\u0131\u011fa \u00e7ok hassas oldu\u011fu i\u00e7in, \u00f6nce otele gidip biraz uzanmaya karar verdim. Bir s\u00fcre sonra yemek yedim ve ard\u0131ndan do\u011frudan Eyestar Klini\u011fi\u2019ne gittim. \u0130\u015fte o anda ger\u00e7ekten heyecanlanmaya ba\u015flad\u0131m. Eyestar klini\u011findeki \u00e7al\u0131\u015fan\u0131n bana sakinle\u015ftirici bir tablet getirmesine ger\u00e7ekten \u00e7ok sevindim. K\u0131sa bir s\u00fcre sonra bir kat yukar\u0131 \u00e7\u0131kt\u0131k. Ancak o zaman fark ettim ki hi\u00e7 \u0131\u015f\u0131k yoktu, yani elektrik kesintisi vard\u0131. Fakat g\u00f6revli beni sakinle\u015ftirdi ve ameliyathanede bu t\u00fcr riskleri \u00f6nlemek i\u00e7in bir jenerat\u00f6r bulundu\u011funu s\u00f6yledi.Yukar\u0131 \u00e7\u0131kt\u0131\u011f\u0131m\u0131zda bir bone ve \u00f6nl\u00fck giymem gerekti. Ard\u0131ndan bir masaj koltu\u011funa oturdum ve g\u00f6revli y\u00fcz\u00fcm\u00fc bir dezenfektanla temizledi. Sonra art\u0131k zaman\u0131 gelmi\u015fti. G\u00f6zl\u00fcks\u00fcz olarak lazer cihaz\u0131na y\u00f6nlendirildim ve uzand\u0131m. G\u00f6revli, doktorun yapt\u0131\u011f\u0131 her ad\u0131m\u0131 bana Almanca olarak a\u00e7\u0131klad\u0131. \u015ea\u015f\u0131rt\u0131c\u0131 bir \u015fekilde ameliyat s\u0131ras\u0131nda neredeyse hi\u00e7bir \u015fey hissetmedim. Tek rahats\u0131z edici k\u0131s\u0131m, g\u00f6z\u00fcn y\u0131kanmas\u0131 ve kurutulmas\u0131yd\u0131. Yani kesinlikle hi\u00e7 a\u011fr\u0131 yoktu. Ameliyat \u00e7ok h\u0131zl\u0131 ge\u00e7ti ve sedyeden do\u011fruldu\u011fumda her \u015feyi zaten \u00e7ok net g\u00f6rebildi\u011fime inanamad\u0131m.Daha sonra karanl\u0131k bir ortamda b\u00fcy\u00fck bir uzanma koltu\u011funa al\u0131nd\u0131m; burada biraz m\u00fczik dinleyip rahatlayabildim. K\u0131sa bir s\u00fcre sonra beni tekrar al\u0131p alt kata g\u00f6t\u00fcrd\u00fcler. G\u00f6zlerim \u00e7ok \u0131\u015f\u0131\u011fa duyarl\u0131 oldu\u011fu i\u00e7in hemen g\u00fcne\u015f g\u00f6zl\u00fc\u011f\u00fcm\u00fc takt\u0131m. Ard\u0131ndan her \u015feyin yolunda oldu\u011funun g\u00f6r\u00fcld\u00fc\u011f\u00fc bir kontrol muayenesi yap\u0131ld\u0131. Sonras\u0131nda do\u011frudan otel odama gittim ve uyumak i\u00e7in uzand\u0131m. G\u00f6zlerimden ya\u015f gelmesi d\u0131\u015f\u0131nda kesinlikle hi\u00e7bir a\u011fr\u0131m yoktu.Ertesi sabah uyand\u0131\u011f\u0131mda her \u015feyi bu kadar net ve berrak g\u00f6rebildi\u011fim i\u00e7in \u00e7ok mutluydum. Tekrar klini\u011fe giderek bir kontrol daha yap\u0131ld\u0131. Doktor g\u00f6zlerimden \u00e7ok memnundu. O anki de\u011ferlerim hatta art\u0131 (+) taraftayd\u0131. Ancak bunlar\u0131n zamanla de\u011fi\u015fece\u011fini ve sonu\u00e7ta -0.50 diyoptri civar\u0131nda olaca\u011f\u0131m\u0131 s\u00f6yledi. Yani art\u0131k g\u00f6zl\u00fc\u011fe hi\u00e7 ihtiyac\u0131m olmayacak! \ud83d\ude42Sonras\u0131nda Birol taraf\u0131ndan al\u0131nd\u0131m ve havaliman\u0131na g\u00f6t\u00fcr\u00fcld\u00fcm. Ameliyat\u0131m\u0131n \u00fczerinden art\u0131k 9 g\u00fcn ge\u00e7ti ve h\u00e2l\u00e2 kendimi \u00e7ok iyi hissediyorum. G\u00f6rme yard\u0131mc\u0131s\u0131 olmadan ge\u00e7irdi\u011fim bu yeni hayat\u0131n tad\u0131n\u0131 \u00e7\u0131kar\u0131yorum. \u0130stanbul\u2019da yap\u0131lan bu ameliyat\u0131 herkese g\u00f6n\u00fcl rahatl\u0131\u011f\u0131yla tavsiye edebilirim. \u0130stanbul\u2019dan ya da T\u00fcrkiye\u2019den kesinlikle korkman\u0131za gerek yok. Swisslasik.ch ve Eyestar Klini\u011fi\u2019nin sundu\u011fu ilgi ve bak\u0131m ger\u00e7ekten m\u00fckemmel! \u0130stanbul\u2019daki ekibe ve Swisslasik.ch\u2019den Say\u0131n Serdar Karaagacli-Leoni\u2019ye \u00e7ok te\u015fekk\u00fcr ederim. Daniela M\u00e4chler-Broger \u00d6nceki rapor Bir Sonraki Rapor<\/p>\n","protected":false},"author":4,"featured_media":0,"parent":3355,"menu_order":0,"comment_status":"closed","ping_status":"closed","template":"","meta":{"_joinchat":[],"footnotes":""},"class_list":["post-3387","page","type-page","status-publish","hentry"],"acf":[],"_links":{"self":[{"href":"https:\/\/swisslasik.ch\/tr\/wp-json\/wp\/v2\/pages\/3387","targetHints":{"allow":["GET"]}}],"collection":[{"href":"https:\/\/swisslasik.ch\/tr\/wp-json\/wp\/v2\/pages"}],"about":[{"href":"https:\/\/swisslasik.ch\/tr\/wp-json\/wp\/v2\/types\/page"}],"author":[{"embeddable":true,"href":"https:\/\/swisslasik.ch\/tr\/wp-json\/wp\/v2\/users\/4"}],"replies":[{"embeddable":true,"href":"https:\/\/swisslasik.ch\/tr\/wp-json\/wp\/v2\/comments?post=3387"}],"version-history":[{"count":2,"href":"https:\/\/swisslasik.ch\/tr\/wp-json\/wp\/v2\/pages\/3387\/revisions"}],"predecessor-version":[{"id":4843,"href":"https:\/\/swisslasik.ch\/tr\/wp-json\/wp\/v2\/pages\/3387\/revisions\/4843"}],"up":[{"embeddable":true,"href":"https:\/\/swisslasik.ch\/tr\/wp-json\/wp\/v2\/pages\/3355"}],"wp:attachment":[{"href":"https:\/\/swisslasik.ch\/tr\/wp-json\/wp\/v2\/media?parent=3387"}],"curies":[{"name":"wp","href":"https:\/\/api.w.org\/{rel}","templated":true}]}}