{"id":3389,"date":"2025-09-24T15:16:22","date_gmt":"2025-09-24T14:16:22","guid":{"rendered":"https:\/\/swisslasik.ch\/yasli-hasta-raporlari-goez-klinigi-tuerkiye\/lasik-ameliyatima-dair-deneyim-raporu-05-ocak-2008-cumartesi-tarihli-deneyim-raporu\/"},"modified":"2026-01-14T20:56:31","modified_gmt":"2026-01-14T19:56:31","slug":"lasik-ameliyatima-dair-deneyim-raporu-05-ocak-2008-cumartesi-tarihli-deneyim-raporu","status":"publish","type":"page","link":"https:\/\/swisslasik.ch\/tr\/yasli-hasta-raporlari-goez-klinigi-tuerkiye\/lasik-ameliyatima-dair-deneyim-raporu-05-ocak-2008-cumartesi-tarihli-deneyim-raporu\/","title":{"rendered":"LASIK ameliyat\u0131ma dair deneyim raporu \u2013 05 Ocak 2008 Cumartesi tarihli deneyim raporu"},"content":{"rendered":"\n<h3 class=\"wp-block-heading\">LASIK ameliyat\u0131ma dair deneyim raporu \u2013 05 Ocak 2008 Cumartesi tarihli deneyim raporu<\/h3>\n\n\n\n<p>Say\u0131n Karaagacli-Leoni<\/p>\n\n\n\n<p>\u0130stanbul&#8217;daki EyeSTAR klini\u011finde her iki g\u00f6z\u00fcme de ba\u015far\u0131l\u0131 bir \u015fekilde yap\u0131lan LASIK ameliyat\u0131ndan yakla\u015f\u0131k 11 ay sonra, nihayet deneyim raporumu size g\u00f6nderiyorum.<\/p>\n\n\n\n<p>\u00d6ncelikle, ameliyat sonucundan son derece memnun oldu\u011fumu belirtmek isterim. Bir g\u00f6z\u00fcmdeki k\u0131rma kusuru %100, di\u011fer g\u00f6z\u00fcmdeki ise yakla\u015f\u0131k %99 oran\u0131nda d\u00fczeltildi. \u0130kinci g\u00f6zdeki %100&#8217;e yak\u0131n ba\u015far\u0131 oran\u0131, o g\u00f6zdeki k\u0131rma kusurunun do\u011fas\u0131ndan kaynaklanmaktad\u0131r. Ameliyat\u0131n sonucu beklentilerimin \u00e7ok \u00f6tesindeydi ve bug\u00fcn hem uzakta hem de yak\u0131nda g\u00f6zl\u00fcks\u00fcz m\u00fckemmel bir \u015fekilde g\u00f6rebiliyorum.   <\/p>\n\n\n\n<p>Ameliyat sonras\u0131 iyile\u015fme s\u00fcreci, swisslasik ve EyeSTAR Klini\u011fi&#8217;nin tarif etti\u011fi gibi kabaca ilerledi. Ameliyattan hemen sonra g\u00f6rme yetene\u011fim belirgin \u015fekilde iyile\u015fti ve g\u00f6zl\u00fcks\u00fcz idare edebildim. Bundan sonra, EyeSTAR Klini\u011fi&#8217;nin talimatlar\u0131n\u0131 titizlikle uygulad\u0131m, re\u00e7ete edilen ila\u00e7lar ve damlalarla g\u00f6zlerime iyi bakt\u0131m ve m\u00fcmk\u00fcn oldu\u011funca az y\u00fck bindirmeye \u00f6zen g\u00f6sterdim (ovma yok, su yok, toz yok, vb.). \u0130svi\u00e7re&#8217;ye d\u00f6nd\u00fckten sonra, swisslasik&#8217;in dan\u0131\u015fman g\u00f6z doktoruyla \u00f6nerilen d\u00f6rt takip muayenesine kat\u0131ld\u0131m ve bu muayeneler s\u0131ras\u0131nda herhangi bir komplikasyon ya\u015fanmad\u0131. \u015eu anda ara s\u0131ra g\u00f6z kurulu\u011fu i\u00e7in damla kullanmam gerekiyor, ancak bu bir sorun de\u011fil. Genel olarak, her \u015fey son derece memnun kald\u0131\u011f\u0131m \u015fekilde ger\u00e7ekle\u015fti. Swisslasik&#8217;e ve \u0130stanbul&#8217;daki EyeSTAR Klini\u011fi ekibine \u00e7ok te\u015fekk\u00fcr ederim.      <\/p>\n\n\n\n<p>2007 y\u0131l\u0131n\u0131n sonlar\u0131nda, gelecekte g\u00f6zl\u00fck takmadan ya\u015fayabilmek i\u00e7in g\u00f6zlerimi lazer ameliyat\u0131yla tedavi ettirmeyi d\u00fc\u015f\u00fcnd\u00fcm. \u0130lk olarak g\u00f6z doktoruma lazer ameliyat\u0131n\u0131n bir se\u00e7enek olup olmad\u0131\u011f\u0131n\u0131 sordum, ard\u0131ndan internette lazer tedavileri hakk\u0131nda ara\u015ft\u0131rma yapt\u0131m. Birka\u00e7 fiyat teklifi ald\u0131ktan sonra, \u0130stanbul&#8217;daki EyeSTAR Klini\u011fi&#8217;nde swisslasik ile ameliyat olmaya karar verdim. Benim i\u00e7in belirleyici fakt\u00f6rler, swisslasik&#8217;in (www.swisslasik.ch) sa\u011flad\u0131\u011f\u0131 yetkin bilgiler, referanslar, \u0130stanbul&#8217;daki EyeSTAR Klini\u011fi&#8217;nin (www.lasikinistanbul.com) profesyonel izlenimi, ameliyat ve seyahati birle\u015ftiren, e\u015f e\u015fli\u011finde seyahati de i\u00e7eren iyi organize edilmi\u015f paket ve nihayetinde fiyatt\u0131.    <\/p>\n\n\n\n<p>Swisslasik&#8217;in talebi \u00fczerine ve g\u00f6z doktorum taraf\u0131ndan yap\u0131lan \u00f6n muayenenin ard\u0131ndan, lazer operasyonunun m\u00fcmk\u00fcn oldu\u011fu teyit edildikten sonra, s\u00f6zle\u015fme Swisslasik arac\u0131l\u0131\u011f\u0131yla imzaland\u0131. Say\u0131n Karaagacli-Leoni&#8217;nin kusursuz organizasyonu sayesinde, e\u015fim ve ben Per\u015fembe sabah\u0131 Z\u00fcrih&#8217;ten \u0130stanbul&#8217;a do\u011fru yola \u00e7\u0131kt\u0131k. \u00d6\u011fleden sonra \u0130stanbul&#8217;a indikten sonra, havaalan\u0131nda Almanca konu\u015fan bir klinik personeli taraf\u0131ndan kar\u015f\u0131land\u0131k ve do\u011frudan EyeSTAR Klini\u011fi&#8217;ne g\u00f6t\u00fcr\u00fcld\u00fck. Yolculuk s\u0131ras\u0131nda \u0130stanbul&#8217;a dair ilk ilgin\u00e7 izlenimlerimizi edindik.<br>EyeSTAR Klini\u011fi&#8217;ne vard\u0131\u011f\u0131m\u0131zda, ekip taraf\u0131ndan s\u0131cak bir \u015fekilde kar\u015f\u0131land\u0131k ve lezzetli bir \u00e7ay ikram edildi. Klini\u011fin hastalarla en iyi \u015fekilde ileti\u015fim kurmaya b\u00fcy\u00fck \u00f6nem vermesi \u00f6zellikle dikkat \u00e7ekiciydi. Bizim durumumuzda, personelden bir ki\u015fi \u0130svi\u00e7re Almancas\u0131 bile konu\u015fuyordu \u2013 tebrikler. Kay\u0131t i\u015flemlerini tamamlad\u0131ktan sonra, sonraki s\u00fcre\u00e7 bize ayr\u0131nt\u0131l\u0131 olarak anlat\u0131ld\u0131. Ba\u015far\u0131l\u0131 bir \u015fekilde tamamlanan \u00f6n muayenelerin ard\u0131ndan, ameliyathanede hemen ameliyata haz\u0131rland\u0131m ve sonraki ad\u0131mlar hakk\u0131nda s\u00fcrekli bilgilendirildim. Tamamen haz\u0131rland\u0131ktan sonra, hava kilidi kap\u0131s\u0131ndan ge\u00e7erek aseptik ameliyathaneye girdim ve burada Dr. Cezmi Kahvecioglu&#8217;nun y\u00f6netimindeki cerrahi ekip taraf\u0131ndan i\u015flem profesyonelce ve a\u011fr\u0131s\u0131z bir \u015fekilde ger\u00e7ekle\u015ftirildi. E\u015fim ameliyat\u0131 bir pencereden ve bir monit\u00f6rden takip edebildi. \u0130\u015flemden hemen sonra yap\u0131lan ilk kontrol muayenesi olumlu sonucu do\u011frulad\u0131.            <\/p>\n\n\n\n<p>Gerekli ila\u00e7larla donat\u0131lm\u0131\u015f ve iyi bilgilendirilmi\u015f bir \u015fekilde, ak\u015fam 7:00&#8217;de yak\u0131ndaki bir otele g\u00f6t\u00fcr\u00fcld\u00fck. \u0130yi bir gece uykusu ve doyurucu bir kahvalt\u0131n\u0131n ard\u0131ndan, ilk kontrol muayenesi ertesi sabah 9:30&#8217;da yap\u0131ld\u0131. Muayene, ba\u015far\u0131l\u0131 bir ameliyat\u0131 do\u011frulad\u0131. Herhangi bir komplikasyon \u00e7\u0131kmas\u0131 durumunda hemen geri d\u00f6nmemiz tavsiye edildikten sonra taburcu edildik ve b\u00fcy\u00fcleyici \u0130stanbul&#8217;u y\u00fcr\u00fcyerek ve tramvayla ke\u015ffetmekte \u00f6zg\u00fcrd\u00fck. \u0130stanbul&#8217;da bir g\u00fcn daha ge\u00e7irdikten sonra, Pazar sabah\u0131 mutlu ve memnun bir \u015fekilde \u0130svi\u00e7re&#8217;ye geri d\u00f6nd\u00fck.    <\/p>\n\n\n\n<p>\u0130stanbul&#8217;daki EyeStar Klini\u011fi hakk\u0131ndaki izlenimimiz son derece profesyonel ve yetkin oldu. G\u00f6rd\u00fc\u011f\u00fcm\u00fcz kadar\u0131yla tesisler son teknolojiye sahip ve temizlik ve hijyen bir g\u00f6z klini\u011finin standartlar\u0131n\u0131 kar\u015f\u0131l\u0131yor. T\u00fcm doktorlar ve personel \u00e7ok yetkin, nazik ve g\u00fcler y\u00fczl\u00fc; ekibe tam g\u00fcven duyduk. EyeStar Klini\u011fini \u015fiddetle tavsiye ediyoruz.  <\/p>\n\n\n\n<p>Bu vesileyle, EyeStar Klini\u011fi&#8217;ndeki t\u00fcm ekibe m\u00fckemmel, son derece g\u00fcler y\u00fczl\u00fc ve nazik tedavi ve bak\u0131mlar\u0131 i\u00e7in bir kez daha te\u015fekk\u00fcr etmek isteriz.<\/p>\n\n\n\n<p>Te\u015fekk\u00fcr ederim.<\/p>\n\n\n\n<p>Geovanna ve Hanspeter Gsell-Arenas<\/p>\n\n\n\n<div class=\"wp-block-group is-layout-grid wp-container-core-group-is-layout-baef362d wp-block-group-is-layout-grid\">\n<p><a href=\"https:\/\/medicaltravel.at\/home\/agb\/\" data-type=\"page\" data-id=\"2191\" rel=\"nofollow noopener\" target=\"_blank\"><\/a><a href=\"https:\/\/swisslasik.ch\/tr\/yasli-hasta-raporlari-goez-klinigi-tuerkiye\/istanbuldaki-lasik-ameliyatimiz-06-mart-2008-persembe-tarihli-deneyim-raporu\/\" data-type=\"link\" data-id=\"https:\/\/swisslasik.ch\/tr\/yasli-hasta-raporlari-goez-klinigi-tuerkiye\/istanbuldaki-lasik-ameliyatimiz-06-mart-2008-persembe-tarihli-deneyim-raporu\/\">\u00d6nceki rapor<\/a><\/p>\n\n\n\n<p class=\"has-text-align-right wp-container-content-5e2576f9\"><a href=\"https:\/\/medicaltravel.at\/home\/impressum\/\" data-type=\"page\" data-id=\"2193\" rel=\"nofollow noopener\" target=\"_blank\"><\/a><a href=\"https:\/\/medicaltravel.at\/home\/berichte-von-patienten\/erfahrungsberichte\/erfahrungsbericht-zahnbehandlung-in-istanbul\/\" data-type=\"page\" data-id=\"981\" rel=\"nofollow noopener\" target=\"_blank\"><\/a><a href=\"https:\/\/swisslasik.ch\/tr\/yasli-hasta-raporlari-goez-klinigi-tuerkiye\/aralik-ayinda-tuerkiyede-gecirdigim-lasik-ameliyatim-04-ocak-2008-cuma-tarihli-deneyim-raporu\/\" data-type=\"link\" data-id=\"https:\/\/swisslasik.ch\/tr\/yasli-hasta-raporlari-goez-klinigi-tuerkiye\/aralik-ayinda-tuerkiyede-gecirdigim-lasik-ameliyatim-04-ocak-2008-cuma-tarihli-deneyim-raporu\/\">Bir Sonraki Rapor<br><\/a><\/p>\n<\/div>\n","protected":false},"excerpt":{"rendered":"<p>LASIK ameliyat\u0131ma dair deneyim raporu \u2013 05 Ocak 2008 Cumartesi tarihli deneyim raporu Say\u0131n Karaagacli-Leoni \u0130stanbul&#8217;daki EyeSTAR klini\u011finde her iki g\u00f6z\u00fcme de ba\u015far\u0131l\u0131 bir \u015fekilde yap\u0131lan LASIK ameliyat\u0131ndan yakla\u015f\u0131k 11 ay sonra, nihayet deneyim raporumu size g\u00f6nderiyorum. \u00d6ncelikle, ameliyat sonucundan son derece memnun oldu\u011fumu belirtmek isterim. Bir g\u00f6z\u00fcmdeki k\u0131rma kusuru %100, di\u011fer g\u00f6z\u00fcmdeki ise yakla\u015f\u0131k %99 oran\u0131nda d\u00fczeltildi. \u0130kinci g\u00f6zdeki %100&#8217;e yak\u0131n ba\u015far\u0131 oran\u0131, o g\u00f6zdeki k\u0131rma kusurunun do\u011fas\u0131ndan kaynaklanmaktad\u0131r. Ameliyat\u0131n sonucu beklentilerimin \u00e7ok \u00f6tesindeydi ve bug\u00fcn hem uzakta hem de yak\u0131nda g\u00f6zl\u00fcks\u00fcz m\u00fckemmel bir \u015fekilde g\u00f6rebiliyorum. Ameliyat sonras\u0131 iyile\u015fme s\u00fcreci, swisslasik ve EyeSTAR Klini\u011fi&#8217;nin tarif etti\u011fi gibi kabaca ilerledi. Ameliyattan hemen sonra g\u00f6rme yetene\u011fim belirgin \u015fekilde iyile\u015fti ve g\u00f6zl\u00fcks\u00fcz idare edebildim. Bundan sonra, EyeSTAR Klini\u011fi&#8217;nin talimatlar\u0131n\u0131 titizlikle uygulad\u0131m, re\u00e7ete edilen ila\u00e7lar ve damlalarla g\u00f6zlerime iyi bakt\u0131m ve m\u00fcmk\u00fcn oldu\u011funca az y\u00fck bindirmeye \u00f6zen g\u00f6sterdim (ovma yok, su yok, toz yok, vb.). \u0130svi\u00e7re&#8217;ye d\u00f6nd\u00fckten sonra, swisslasik&#8217;in dan\u0131\u015fman g\u00f6z doktoruyla \u00f6nerilen d\u00f6rt takip muayenesine kat\u0131ld\u0131m ve bu muayeneler s\u0131ras\u0131nda herhangi bir komplikasyon ya\u015fanmad\u0131. \u015eu anda ara s\u0131ra g\u00f6z kurulu\u011fu i\u00e7in damla kullanmam gerekiyor, ancak bu bir sorun de\u011fil. Genel olarak, her \u015fey son derece memnun kald\u0131\u011f\u0131m \u015fekilde ger\u00e7ekle\u015fti. Swisslasik&#8217;e ve \u0130stanbul&#8217;daki EyeSTAR Klini\u011fi ekibine \u00e7ok te\u015fekk\u00fcr ederim. 2007 y\u0131l\u0131n\u0131n sonlar\u0131nda, gelecekte g\u00f6zl\u00fck takmadan ya\u015fayabilmek i\u00e7in g\u00f6zlerimi lazer ameliyat\u0131yla tedavi ettirmeyi d\u00fc\u015f\u00fcnd\u00fcm. \u0130lk olarak g\u00f6z doktoruma lazer ameliyat\u0131n\u0131n bir se\u00e7enek olup olmad\u0131\u011f\u0131n\u0131 sordum, ard\u0131ndan internette lazer tedavileri hakk\u0131nda ara\u015ft\u0131rma yapt\u0131m. Birka\u00e7 fiyat teklifi ald\u0131ktan sonra, \u0130stanbul&#8217;daki EyeSTAR Klini\u011fi&#8217;nde swisslasik ile ameliyat olmaya karar verdim. Benim i\u00e7in belirleyici fakt\u00f6rler, swisslasik&#8217;in (www.swisslasik.ch) sa\u011flad\u0131\u011f\u0131 yetkin bilgiler, referanslar, \u0130stanbul&#8217;daki EyeSTAR Klini\u011fi&#8217;nin (www.lasikinistanbul.com) profesyonel izlenimi, ameliyat ve seyahati birle\u015ftiren, e\u015f e\u015fli\u011finde seyahati de i\u00e7eren iyi organize edilmi\u015f paket ve nihayetinde fiyatt\u0131. Swisslasik&#8217;in talebi \u00fczerine ve g\u00f6z doktorum taraf\u0131ndan yap\u0131lan \u00f6n muayenenin ard\u0131ndan, lazer operasyonunun m\u00fcmk\u00fcn oldu\u011fu teyit edildikten sonra, s\u00f6zle\u015fme Swisslasik arac\u0131l\u0131\u011f\u0131yla imzaland\u0131. Say\u0131n Karaagacli-Leoni&#8217;nin kusursuz organizasyonu sayesinde, e\u015fim ve ben Per\u015fembe sabah\u0131 Z\u00fcrih&#8217;ten \u0130stanbul&#8217;a do\u011fru yola \u00e7\u0131kt\u0131k. \u00d6\u011fleden sonra \u0130stanbul&#8217;a indikten sonra, havaalan\u0131nda Almanca konu\u015fan bir klinik personeli taraf\u0131ndan kar\u015f\u0131land\u0131k ve do\u011frudan EyeSTAR Klini\u011fi&#8217;ne g\u00f6t\u00fcr\u00fcld\u00fck. Yolculuk s\u0131ras\u0131nda \u0130stanbul&#8217;a dair ilk ilgin\u00e7 izlenimlerimizi edindik.EyeSTAR Klini\u011fi&#8217;ne vard\u0131\u011f\u0131m\u0131zda, ekip taraf\u0131ndan s\u0131cak bir \u015fekilde kar\u015f\u0131land\u0131k ve lezzetli bir \u00e7ay ikram edildi. Klini\u011fin hastalarla en iyi \u015fekilde ileti\u015fim kurmaya b\u00fcy\u00fck \u00f6nem vermesi \u00f6zellikle dikkat \u00e7ekiciydi. Bizim durumumuzda, personelden bir ki\u015fi \u0130svi\u00e7re Almancas\u0131 bile konu\u015fuyordu \u2013 tebrikler. Kay\u0131t i\u015flemlerini tamamlad\u0131ktan sonra, sonraki s\u00fcre\u00e7 bize ayr\u0131nt\u0131l\u0131 olarak anlat\u0131ld\u0131. Ba\u015far\u0131l\u0131 bir \u015fekilde tamamlanan \u00f6n muayenelerin ard\u0131ndan, ameliyathanede hemen ameliyata haz\u0131rland\u0131m ve sonraki ad\u0131mlar hakk\u0131nda s\u00fcrekli bilgilendirildim. Tamamen haz\u0131rland\u0131ktan sonra, hava kilidi kap\u0131s\u0131ndan ge\u00e7erek aseptik ameliyathaneye girdim ve burada Dr. Cezmi Kahvecioglu&#8217;nun y\u00f6netimindeki cerrahi ekip taraf\u0131ndan i\u015flem profesyonelce ve a\u011fr\u0131s\u0131z bir \u015fekilde ger\u00e7ekle\u015ftirildi. E\u015fim ameliyat\u0131 bir pencereden ve bir monit\u00f6rden takip edebildi. \u0130\u015flemden hemen sonra yap\u0131lan ilk kontrol muayenesi olumlu sonucu do\u011frulad\u0131. Gerekli ila\u00e7larla donat\u0131lm\u0131\u015f ve iyi bilgilendirilmi\u015f bir \u015fekilde, ak\u015fam 7:00&#8217;de yak\u0131ndaki bir otele g\u00f6t\u00fcr\u00fcld\u00fck. \u0130yi bir gece uykusu ve doyurucu bir kahvalt\u0131n\u0131n ard\u0131ndan, ilk kontrol muayenesi ertesi sabah 9:30&#8217;da yap\u0131ld\u0131. Muayene, ba\u015far\u0131l\u0131 bir ameliyat\u0131 do\u011frulad\u0131. Herhangi bir komplikasyon \u00e7\u0131kmas\u0131 durumunda hemen geri d\u00f6nmemiz tavsiye edildikten sonra taburcu edildik ve b\u00fcy\u00fcleyici \u0130stanbul&#8217;u y\u00fcr\u00fcyerek ve tramvayla ke\u015ffetmekte \u00f6zg\u00fcrd\u00fck. \u0130stanbul&#8217;da bir g\u00fcn daha ge\u00e7irdikten sonra, Pazar sabah\u0131 mutlu ve memnun bir \u015fekilde \u0130svi\u00e7re&#8217;ye geri d\u00f6nd\u00fck. \u0130stanbul&#8217;daki EyeStar Klini\u011fi hakk\u0131ndaki izlenimimiz son derece profesyonel ve yetkin oldu. G\u00f6rd\u00fc\u011f\u00fcm\u00fcz kadar\u0131yla tesisler son teknolojiye sahip ve temizlik ve hijyen bir g\u00f6z klini\u011finin standartlar\u0131n\u0131 kar\u015f\u0131l\u0131yor. T\u00fcm doktorlar ve personel \u00e7ok yetkin, nazik ve g\u00fcler y\u00fczl\u00fc; ekibe tam g\u00fcven duyduk. EyeStar Klini\u011fini \u015fiddetle tavsiye ediyoruz. Bu vesileyle, EyeStar Klini\u011fi&#8217;ndeki t\u00fcm ekibe m\u00fckemmel, son derece g\u00fcler y\u00fczl\u00fc ve nazik tedavi ve bak\u0131mlar\u0131 i\u00e7in bir kez daha te\u015fekk\u00fcr etmek isteriz. Te\u015fekk\u00fcr ederim. Geovanna ve Hanspeter Gsell-Arenas \u00d6nceki rapor Bir Sonraki Rapor<\/p>\n","protected":false},"author":4,"featured_media":0,"parent":3355,"menu_order":0,"comment_status":"closed","ping_status":"closed","template":"","meta":{"_joinchat":[],"footnotes":""},"class_list":["post-3389","page","type-page","status-publish","hentry"],"acf":[],"_links":{"self":[{"href":"https:\/\/swisslasik.ch\/tr\/wp-json\/wp\/v2\/pages\/3389","targetHints":{"allow":["GET"]}}],"collection":[{"href":"https:\/\/swisslasik.ch\/tr\/wp-json\/wp\/v2\/pages"}],"about":[{"href":"https:\/\/swisslasik.ch\/tr\/wp-json\/wp\/v2\/types\/page"}],"author":[{"embeddable":true,"href":"https:\/\/swisslasik.ch\/tr\/wp-json\/wp\/v2\/users\/4"}],"replies":[{"embeddable":true,"href":"https:\/\/swisslasik.ch\/tr\/wp-json\/wp\/v2\/comments?post=3389"}],"version-history":[{"count":2,"href":"https:\/\/swisslasik.ch\/tr\/wp-json\/wp\/v2\/pages\/3389\/revisions"}],"predecessor-version":[{"id":4850,"href":"https:\/\/swisslasik.ch\/tr\/wp-json\/wp\/v2\/pages\/3389\/revisions\/4850"}],"up":[{"embeddable":true,"href":"https:\/\/swisslasik.ch\/tr\/wp-json\/wp\/v2\/pages\/3355"}],"wp:attachment":[{"href":"https:\/\/swisslasik.ch\/tr\/wp-json\/wp\/v2\/media?parent=3389"}],"curies":[{"name":"wp","href":"https:\/\/api.w.org\/{rel}","templated":true}]}}