{"id":3391,"date":"2025-09-24T15:23:18","date_gmt":"2025-09-24T14:23:18","guid":{"rendered":"https:\/\/swisslasik.ch\/yasli-hasta-raporlari-goez-klinigi-tuerkiye\/lasik-istanbul-tuerkiye-deneyim-raporu-25-haziran-2007-pazartesi-tarihli-deneyim-raporu\/"},"modified":"2026-01-14T21:06:33","modified_gmt":"2026-01-14T20:06:33","slug":"lasik-istanbul-tuerkiye-deneyim-raporu-25-haziran-2007-pazartesi-tarihli-deneyim-raporu","status":"publish","type":"page","link":"https:\/\/swisslasik.ch\/tr\/yasli-hasta-raporlari-goez-klinigi-tuerkiye\/lasik-istanbul-tuerkiye-deneyim-raporu-25-haziran-2007-pazartesi-tarihli-deneyim-raporu\/","title":{"rendered":"LASIK \u0130stanbul \/ T\u00fcrkiye deneyim raporu \u2013 25 Haziran 2007 Pazartesi tarihli deneyim raporu"},"content":{"rendered":"\n<h3 class=\"wp-block-heading\">LASIK \u0130stanbul \/ T\u00fcrkiye deneyim raporu \u2013 25 Haziran 2007 Pazartesi tarihli deneyim raporu<\/h3>\n\n\n\n<p>Merhaba,<\/p>\n\n\n\n<p>BEN YEN\u0130 B\u0130R \u0130NSANIM!!! D\u00fcn (Cumartesi, 23 Haziran 2007) \u0130stanbul&#8217;dan d\u00f6nd\u00fcm ve s\u00f6ylemeliyim ki, hayat\u0131ma tamamen yeni bir ba\u015flang\u0131\u00e7 \u200b\u200byapt\u0131m! Yakla\u015f\u0131k 17 y\u0131l g\u00f6zl\u00fck veya kontakt lens takt\u0131ktan sonra, b\u0131km\u0131\u015ft\u0131m ve lazer g\u00f6z ameliyat\u0131 olmaya karar verdim. \u00c7ok arama ve ara\u015ft\u0131rma yapt\u0131ktan sonra SWISSLASIK.CH&#8217;ye rastlad\u0131m. Ve s\u00f6ylemeliyim ki, hayat\u0131m\u0131n en iyi karar\u0131yd\u0131!!! \u0130lk ileti\u015fimden ameliyata ve eve d\u00f6n\u00fc\u015f\u00fcme kadar her \u015fey o kadar m\u00fckemmel organize edilmi\u015fti ki\u2026 \u00c7ok b\u00fcy\u00fck bir destekti!!! Bak\u0131m o kadar harikayd\u0131 ki, asla yaln\u0131z hissetmedim.<\/p>\n\n\n\n<p>Say\u0131n Karaa\u011fac\u0131-Leoni \u0130svi\u00e7re&#8217;den her \u015feyi o kadar harika bir \u015fekilde organize etti ki, her \u015fey sorunsuz ilerledi (Z\u00fcrih&#8217;teki \u00f6n muayene, \u0130stanbul&#8217;a u\u00e7u\u015f, otel rezervasyonu, \u0130stanbul&#8217;daki ekibin deste\u011fi, ameliyat, ameliyat sonras\u0131 bak\u0131m ve son olarak d\u00f6n\u00fc\u015f u\u00e7u\u015fu). \u0130stanbul&#8217;daki Almanca konu\u015fan destek sayesinde H\u0130\u00c7B\u0130R zaman sorun ya\u015fanmad\u0131. <\/p>\n\n\n\n<p>Ameliyat g\u00fcn\u00fc, Bay Elik bizi saat 12:30&#8217;da otelden ald\u0131 ve sadece birka\u00e7 metre uzakl\u0131ktaki klini\u011fe g\u00f6t\u00fcrd\u00fc. \u00d6n muayenelerimiz i\u00e7in s\u0131rayla i\u00e7eri \u00e7a\u011fr\u0131ld\u0131k. Uzun bekleyi\u015f, bol miktarda \u00e7ay, kahve ve di\u011fer ikramlarla daha keyifli hale geldi. Ayr\u0131ca kendi diz\u00fcst\u00fc bilgisayarlar\u0131m\u0131zda (EYEStar taraf\u0131ndan sa\u011flanan) televizyon izleyebilir veya internette gezinebilirdik. \u00d6n muayenelerden sonra, bir \u015feyler yemek i\u00e7in yakla\u015f\u0131k bir saatimiz vard\u0131; bu, sonras\u0131nda bir\u00e7o\u011fumuz i\u00e7in m\u00fcmk\u00fcn olmayacakt\u0131.    <\/p>\n\n\n\n<p>Daha sonra hepimiz (\u00e7ok rahat) bekleme salonuna g\u00f6t\u00fcr\u00fcld\u00fck ve ameliyat\u0131m\u0131z\u0131 bekledik. K\u0131sa bir s\u00fcre sonra ad\u0131m \u00e7a\u011fr\u0131ld\u0131. \u00d6n odaya ge\u00e7tim ve harika bir masaj koltu\u011funa oturmama izin verildi. Muhte\u015fem! G\u00f6zlerim orada temizlendi ve dezenfekte edildi. K\u0131sa bir s\u00fcre sonra ameliyat masas\u0131na al\u0131nd\u0131m. Ve s\u00f6ylemeliyim ki, bu kadar h\u0131zl\u0131 olmas\u0131n\u0131 beklemiyordum. Hi\u00e7bir ac\u0131 hissetmedim. Daha \u00e7ok g\u00f6z\u00fcmde bir bask\u0131 hissettim. Benim i\u00e7in tek rahats\u0131z edici k\u0131s\u0131m, g\u00f6z kapa\u011f\u0131ma kelep\u00e7e tak\u0131lmas\u0131yd\u0131 (b\u00f6ylece g\u00f6z k\u0131rpmak imkans\u0131z hale geldi). Ama \u00e7ok da k\u00f6t\u00fc de\u011fildi. Lazer tedavisi sadece birka\u00e7 saniye s\u00fcrd\u00fc ve sonra her \u015fey bitti. Daha sonra t\u00fcm i\u015flem di\u011fer g\u00f6zde tekrarland\u0131. Yakla\u015f\u0131k 15 dakika sonra her \u015fey bitti! K\u0131sa bir s\u00fcre iyile\u015fme odas\u0131nda kald\u0131ktan sonra, beni bekleyen di\u011ferlerinin yan\u0131na geri g\u00f6t\u00fcr\u00fcld\u00fcm. Her \u015feyin nas\u0131l gitti\u011fini g\u00f6rmek i\u00e7in bir s\u00fcre g\u00f6zlem alt\u0131nda tutulduk. G\u00f6z damlas\u0131 ve daha fazla \u00e7ay verildi. Ve burada da s\u00f6ylemeliyim ki, hizmet B\u0130R\u0130NC\u0130 SINIFTI!!!                 <\/p>\n\n\n\n<p>G\u00f6zlerim sulanmas\u0131 ve hafif bir yanma hissi d\u0131\u015f\u0131nda hi\u00e7bir \u015fey hissetmedim. Doktorun k\u0131sa bir muayenesinden sonra dinlenmek veya uyumak i\u00e7in otel odas\u0131na gitmek zorunda kald\u0131k. <\/p>\n\n\n\n<p>\u0130\u015fte benim i\u00e7in tek olumsuz k\u0131s\u0131m burada ba\u015flad\u0131. Olduk\u00e7a \u015fiddetli bir ba\u015f a\u011fr\u0131m oldu, ama klinikten ald\u0131\u011f\u0131m etkili a\u011fr\u0131 kesiciler sayesinde h\u0131zla ge\u00e7ti. Sonunda uyuyabildim.  <\/p>\n\n\n\n<p>Ertesi sabah her \u015fey bitmi\u015fti. Uyand\u0131m ve g\u00f6rebiliyordum!!! VAY CANINA!!! Ne muhte\u015fem bir duygu. \u00c7ok mutluydum ve inanam\u0131yordum. Klinikteki k\u0131sa bir kontrol randevusundan sonra, hepimiz g\u00f6zl\u00fck veya kontakt lens olmadan yeni bir hayata ad\u0131m att\u0131k!!   <\/p>\n\n\n\n<p>G\u00fcn\u00fcn geri kalan\u0131n\u0131 \u0130stanbul&#8217;da gezip al\u0131\u015fveri\u015f yaparak ge\u00e7irdim, ertesi sabah Bay Elik beni al\u0131p havaalan\u0131na g\u00f6t\u00fcrd\u00fc.<\/p>\n\n\n\n<p>Otelimle ilgili birka\u00e7 \u015fey daha.<\/p>\n\n\n\n<p>CRYSTAL Otel&#8217;de kald\u0131m. Genel olarak memnun kald\u0131m. Sadece kahvalt\u0131 kesinlikle berbatt\u0131! Ama di\u011fer t\u00fcm ba\u015far\u0131lar\u0131 g\u00f6z \u00f6n\u00fcnde bulundurursak, bu g\u00f6z ard\u0131 edilebilecek bir \u015fey bence! Odalar temiz ve sessizdi. Servis de iyiydi.     <\/p>\n\n\n\n<p>\u00d6zetle, bu ad\u0131m\u0131 att\u0131\u011f\u0131ma \u00e7ok memnunum. Ve tekrar olsa yine yapard\u0131m!!! <\/p>\n\n\n\n<p>Te\u015fekk\u00fcr ederim, say\u0131n Karaagacli-Leoni.<\/p>\n\n\n\n<p>Muhte\u015fem hizmet ve destekleri i\u00e7in harika EYEStar ekibine (\u00f6zellikle Arif ve Fred&#8217;e) \u00e7ok te\u015fekk\u00fcr ederim. Ve \u0130stanbul&#8217;da ge\u00e7irdi\u011fimiz g\u00fczel zaman i\u00e7in de te\u015fekk\u00fcrler. <\/p>\n\n\n\n<p>Almanya&#8217;dan Sascha Andreas M\u00fcller<\/p>\n\n\n\n<div class=\"wp-block-group is-layout-grid wp-container-core-group-is-layout-baef362d wp-block-group-is-layout-grid\">\n<p><a href=\"https:\/\/medicaltravel.at\/home\/agb\/\" data-type=\"page\" data-id=\"2191\" rel=\"nofollow noopener\" target=\"_blank\"><\/a><a href=\"https:\/\/swisslasik.ch\/tr\/yasli-hasta-raporlari-goez-klinigi-tuerkiye\/istanbuldan-goez-lazeri-deneyim-raporu-09-temmuz-2007-pazartesi-tarihli-rapor\/\" data-type=\"link\" data-id=\"https:\/\/swisslasik.ch\/altere-patientenberichte-augenklinik-tuerkei\/bericht-aus-istanbul-augenlasern-bericht-vom-montag-09-juli-2007\/\">\u00d6nceki rapor<\/a><\/p>\n\n\n\n<p class=\"has-text-align-right wp-container-content-5e2576f9\"><a href=\"https:\/\/medicaltravel.at\/home\/impressum\/\" data-type=\"page\" data-id=\"2193\" rel=\"nofollow noopener\" target=\"_blank\"><\/a><a href=\"https:\/\/medicaltravel.at\/home\/berichte-von-patienten\/erfahrungsberichte\/erfahrungsbericht-zahnbehandlung-in-istanbul\/\" data-type=\"page\" data-id=\"981\" rel=\"nofollow noopener\" target=\"_blank\"><\/a><a href=\"https:\/\/swisslasik.ch\/tr\/yasli-hasta-raporlari-goez-klinigi-tuerkiye\/tuerkiyede-goez-lazeri-deneyimim-15-haziran-2007-cuma-tarihli-deneyim-raporu\/\" data-type=\"link\" data-id=\"https:\/\/swisslasik.ch\/tr\/yasli-hasta-raporlari-goez-klinigi-tuerkiye\/tuerkiyede-goez-lazeri-deneyimim-15-haziran-2007-cuma-tarihli-deneyim-raporu\/\">Bir Sonraki Rapor<br><\/a><\/p>\n<\/div>\n","protected":false},"excerpt":{"rendered":"<p>LASIK \u0130stanbul \/ T\u00fcrkiye deneyim raporu \u2013 25 Haziran 2007 Pazartesi tarihli deneyim raporu Merhaba, BEN YEN\u0130 B\u0130R \u0130NSANIM!!! D\u00fcn (Cumartesi, 23 Haziran 2007) \u0130stanbul&#8217;dan d\u00f6nd\u00fcm ve s\u00f6ylemeliyim ki, hayat\u0131ma tamamen yeni bir ba\u015flang\u0131\u00e7 \u200b\u200byapt\u0131m! Yakla\u015f\u0131k 17 y\u0131l g\u00f6zl\u00fck veya kontakt lens takt\u0131ktan sonra, b\u0131km\u0131\u015ft\u0131m ve lazer g\u00f6z ameliyat\u0131 olmaya karar verdim. \u00c7ok arama ve ara\u015ft\u0131rma yapt\u0131ktan sonra SWISSLASIK.CH&#8217;ye rastlad\u0131m. Ve s\u00f6ylemeliyim ki, hayat\u0131m\u0131n en iyi karar\u0131yd\u0131!!! \u0130lk ileti\u015fimden ameliyata ve eve d\u00f6n\u00fc\u015f\u00fcme kadar her \u015fey o kadar m\u00fckemmel organize edilmi\u015fti ki\u2026 \u00c7ok b\u00fcy\u00fck bir destekti!!! Bak\u0131m o kadar harikayd\u0131 ki, asla yaln\u0131z hissetmedim. Say\u0131n Karaa\u011fac\u0131-Leoni \u0130svi\u00e7re&#8217;den her \u015feyi o kadar harika bir \u015fekilde organize etti ki, her \u015fey sorunsuz ilerledi (Z\u00fcrih&#8217;teki \u00f6n muayene, \u0130stanbul&#8217;a u\u00e7u\u015f, otel rezervasyonu, \u0130stanbul&#8217;daki ekibin deste\u011fi, ameliyat, ameliyat sonras\u0131 bak\u0131m ve son olarak d\u00f6n\u00fc\u015f u\u00e7u\u015fu). \u0130stanbul&#8217;daki Almanca konu\u015fan destek sayesinde H\u0130\u00c7B\u0130R zaman sorun ya\u015fanmad\u0131. Ameliyat g\u00fcn\u00fc, Bay Elik bizi saat 12:30&#8217;da otelden ald\u0131 ve sadece birka\u00e7 metre uzakl\u0131ktaki klini\u011fe g\u00f6t\u00fcrd\u00fc. \u00d6n muayenelerimiz i\u00e7in s\u0131rayla i\u00e7eri \u00e7a\u011fr\u0131ld\u0131k. Uzun bekleyi\u015f, bol miktarda \u00e7ay, kahve ve di\u011fer ikramlarla daha keyifli hale geldi. Ayr\u0131ca kendi diz\u00fcst\u00fc bilgisayarlar\u0131m\u0131zda (EYEStar taraf\u0131ndan sa\u011flanan) televizyon izleyebilir veya internette gezinebilirdik. \u00d6n muayenelerden sonra, bir \u015feyler yemek i\u00e7in yakla\u015f\u0131k bir saatimiz vard\u0131; bu, sonras\u0131nda bir\u00e7o\u011fumuz i\u00e7in m\u00fcmk\u00fcn olmayacakt\u0131. Daha sonra hepimiz (\u00e7ok rahat) bekleme salonuna g\u00f6t\u00fcr\u00fcld\u00fck ve ameliyat\u0131m\u0131z\u0131 bekledik. K\u0131sa bir s\u00fcre sonra ad\u0131m \u00e7a\u011fr\u0131ld\u0131. \u00d6n odaya ge\u00e7tim ve harika bir masaj koltu\u011funa oturmama izin verildi. Muhte\u015fem! G\u00f6zlerim orada temizlendi ve dezenfekte edildi. K\u0131sa bir s\u00fcre sonra ameliyat masas\u0131na al\u0131nd\u0131m. Ve s\u00f6ylemeliyim ki, bu kadar h\u0131zl\u0131 olmas\u0131n\u0131 beklemiyordum. Hi\u00e7bir ac\u0131 hissetmedim. Daha \u00e7ok g\u00f6z\u00fcmde bir bask\u0131 hissettim. Benim i\u00e7in tek rahats\u0131z edici k\u0131s\u0131m, g\u00f6z kapa\u011f\u0131ma kelep\u00e7e tak\u0131lmas\u0131yd\u0131 (b\u00f6ylece g\u00f6z k\u0131rpmak imkans\u0131z hale geldi). Ama \u00e7ok da k\u00f6t\u00fc de\u011fildi. Lazer tedavisi sadece birka\u00e7 saniye s\u00fcrd\u00fc ve sonra her \u015fey bitti. Daha sonra t\u00fcm i\u015flem di\u011fer g\u00f6zde tekrarland\u0131. Yakla\u015f\u0131k 15 dakika sonra her \u015fey bitti! K\u0131sa bir s\u00fcre iyile\u015fme odas\u0131nda kald\u0131ktan sonra, beni bekleyen di\u011ferlerinin yan\u0131na geri g\u00f6t\u00fcr\u00fcld\u00fcm. Her \u015feyin nas\u0131l gitti\u011fini g\u00f6rmek i\u00e7in bir s\u00fcre g\u00f6zlem alt\u0131nda tutulduk. G\u00f6z damlas\u0131 ve daha fazla \u00e7ay verildi. Ve burada da s\u00f6ylemeliyim ki, hizmet B\u0130R\u0130NC\u0130 SINIFTI!!! G\u00f6zlerim sulanmas\u0131 ve hafif bir yanma hissi d\u0131\u015f\u0131nda hi\u00e7bir \u015fey hissetmedim. Doktorun k\u0131sa bir muayenesinden sonra dinlenmek veya uyumak i\u00e7in otel odas\u0131na gitmek zorunda kald\u0131k. \u0130\u015fte benim i\u00e7in tek olumsuz k\u0131s\u0131m burada ba\u015flad\u0131. Olduk\u00e7a \u015fiddetli bir ba\u015f a\u011fr\u0131m oldu, ama klinikten ald\u0131\u011f\u0131m etkili a\u011fr\u0131 kesiciler sayesinde h\u0131zla ge\u00e7ti. Sonunda uyuyabildim. Ertesi sabah her \u015fey bitmi\u015fti. Uyand\u0131m ve g\u00f6rebiliyordum!!! VAY CANINA!!! Ne muhte\u015fem bir duygu. \u00c7ok mutluydum ve inanam\u0131yordum. Klinikteki k\u0131sa bir kontrol randevusundan sonra, hepimiz g\u00f6zl\u00fck veya kontakt lens olmadan yeni bir hayata ad\u0131m att\u0131k!! G\u00fcn\u00fcn geri kalan\u0131n\u0131 \u0130stanbul&#8217;da gezip al\u0131\u015fveri\u015f yaparak ge\u00e7irdim, ertesi sabah Bay Elik beni al\u0131p havaalan\u0131na g\u00f6t\u00fcrd\u00fc. Otelimle ilgili birka\u00e7 \u015fey daha. CRYSTAL Otel&#8217;de kald\u0131m. Genel olarak memnun kald\u0131m. Sadece kahvalt\u0131 kesinlikle berbatt\u0131! Ama di\u011fer t\u00fcm ba\u015far\u0131lar\u0131 g\u00f6z \u00f6n\u00fcnde bulundurursak, bu g\u00f6z ard\u0131 edilebilecek bir \u015fey bence! Odalar temiz ve sessizdi. Servis de iyiydi. \u00d6zetle, bu ad\u0131m\u0131 att\u0131\u011f\u0131ma \u00e7ok memnunum. Ve tekrar olsa yine yapard\u0131m!!! Te\u015fekk\u00fcr ederim, say\u0131n Karaagacli-Leoni. Muhte\u015fem hizmet ve destekleri i\u00e7in harika EYEStar ekibine (\u00f6zellikle Arif ve Fred&#8217;e) \u00e7ok te\u015fekk\u00fcr ederim. Ve \u0130stanbul&#8217;da ge\u00e7irdi\u011fimiz g\u00fczel zaman i\u00e7in de te\u015fekk\u00fcrler. Almanya&#8217;dan Sascha Andreas M\u00fcller \u00d6nceki rapor Bir Sonraki Rapor<\/p>\n","protected":false},"author":4,"featured_media":0,"parent":3355,"menu_order":0,"comment_status":"closed","ping_status":"closed","template":"","meta":{"_joinchat":[],"footnotes":""},"class_list":["post-3391","page","type-page","status-publish","hentry"],"acf":[],"_links":{"self":[{"href":"https:\/\/swisslasik.ch\/tr\/wp-json\/wp\/v2\/pages\/3391","targetHints":{"allow":["GET"]}}],"collection":[{"href":"https:\/\/swisslasik.ch\/tr\/wp-json\/wp\/v2\/pages"}],"about":[{"href":"https:\/\/swisslasik.ch\/tr\/wp-json\/wp\/v2\/types\/page"}],"author":[{"embeddable":true,"href":"https:\/\/swisslasik.ch\/tr\/wp-json\/wp\/v2\/users\/4"}],"replies":[{"embeddable":true,"href":"https:\/\/swisslasik.ch\/tr\/wp-json\/wp\/v2\/comments?post=3391"}],"version-history":[{"count":2,"href":"https:\/\/swisslasik.ch\/tr\/wp-json\/wp\/v2\/pages\/3391\/revisions"}],"predecessor-version":[{"id":4857,"href":"https:\/\/swisslasik.ch\/tr\/wp-json\/wp\/v2\/pages\/3391\/revisions\/4857"}],"up":[{"embeddable":true,"href":"https:\/\/swisslasik.ch\/tr\/wp-json\/wp\/v2\/pages\/3355"}],"wp:attachment":[{"href":"https:\/\/swisslasik.ch\/tr\/wp-json\/wp\/v2\/media?parent=3391"}],"curies":[{"name":"wp","href":"https:\/\/api.w.org\/{rel}","templated":true}]}}