{"id":3393,"date":"2025-09-24T15:02:59","date_gmt":"2025-09-24T14:02:59","guid":{"rendered":"https:\/\/swisslasik.ch\/yasli-hasta-raporlari-goez-klinigi-tuerkiye\/istanbulda-goez-lazeri-deneyimi-22-aralik-2008-pazartesi-tarihli-deneyim-raporu\/"},"modified":"2026-01-14T20:40:06","modified_gmt":"2026-01-14T19:40:06","slug":"istanbulda-goez-lazeri-deneyimi-22-aralik-2008-pazartesi-tarihli-deneyim-raporu","status":"publish","type":"page","link":"https:\/\/swisslasik.ch\/tr\/yasli-hasta-raporlari-goez-klinigi-tuerkiye\/istanbulda-goez-lazeri-deneyimi-22-aralik-2008-pazartesi-tarihli-deneyim-raporu\/","title":{"rendered":"\u0130stanbul\u2019da g\u00f6z lazeri deneyimi \u2013 22 Aral\u0131k 2008 Pazartesi tarihli deneyim raporu"},"content":{"rendered":"\n<h3 class=\"wp-block-heading\">\u0130stanbul\u2019da g\u00f6z lazeri deneyimi \u2013 22 Aral\u0131k 2008 Pazartesi tarihli deneyim raporu<\/h3>\n\n\n\n<p>Karar alma s\u00fcreci:<\/p>\n\n\n\n<p>Bu konuda, Nisan 2008&#8217;de bu ameliyat\u0131 ge\u00e7iren ve sonu\u00e7tan \u00e7ok memnun olan bir tan\u0131d\u0131\u011f\u0131m sayesinde bilgi edindim.<\/p>\n\n\n\n<p>Swisslasik&#8217;i fark ettim ve \u00e7ocuklu\u011fumdan beri bir spor dal\u0131yla ilgilendi\u011fim i\u00e7in bu spora da ilgi duymaya ba\u015flad\u0131m.<\/p>\n\n\n\n<p>G\u00f6zl\u00fck tak\u0131yorum. Hipermetropi numaram y\u0131llard\u0131r +4.0 olarak sabit kald\u0131, ancak g\u00f6zl\u00fck takmak beni bir\u00e7ok y\u00f6nden k\u0131s\u0131tl\u0131yor. <\/p>\n\n\n\n<p>Bir\u00e7ok aktivite \u00f6nemli bir etkiye sahiptir ve e\u011fer g\u00f6zl\u00fck \u00e7er\u00e7evesi art\u0131k d\u00fczg\u00fcn oturmazsa, g\u00f6zl\u00fckler s\u0131k\u0131\u015f\u0131r ve kayar, bu da<\/p>\n\n\n\n<p>Ger\u00e7ekten sinir bozucu. Bu y\u00fczden \u00f6n muayeneyi bu yaz yapt\u0131rmaya karar verdim. Web sitesinde \u015f\u00f6yle yaz\u0131yor&#8230;  <\/p>\n\n\n\n<p>Yaz\u0131da, insanlar\u0131n %90&#8217;\u0131ndan fazlas\u0131n\u0131n bu t\u00fcr bir ameliyat i\u00e7in uygun oldu\u011fu belirtiliyordu, dolay\u0131s\u0131yla ben kesinlikle onlardan biri olmayaca\u011f\u0131m.<\/p>\n\n\n\n<p>D\u00fczeltme i\u015flemim \u00f6zel bir durum i\u00e7ermedi\u011fi ve \u00f6nceden herhangi bir hastal\u0131k veya ba\u015fka bir sorun ya\u015famad\u0131\u011f\u0131m i\u00e7in oran %10 olacak. <\/p>\n\n\n\n<p>G\u00f6z doktorunun bana d\u00fczeltme i\u015fleminin \u00e7ok g\u00fc\u00e7l\u00fc oldu\u011funu a\u00e7\u0131klamas\u0131yla sonu\u00e7 daha da hayal k\u0131r\u0131kl\u0131\u011f\u0131 yaratt\u0131.<\/p>\n\n\n\n<p>LASIK ameliyat\u0131n\u0131n ba\u015far\u0131l\u0131 olmas\u0131n\u0131 sa\u011flamak i\u00e7in. Birka\u00e7 g\u00fcn d\u00fc\u015f\u00fcnd\u00fckten sonra, \u0130svi\u00e7re&#8217;deki irtibat ki\u015fisini bilgilendirdim, <\/p>\n\n\n\n<p>Say\u0131n Karaa\u011fac\u0131l\u0131, klinikte bana kapsaml\u0131 bir muayene yapaca\u011f\u0131na s\u00f6z vermi\u015fti. Birka\u00e7 g\u00fcn sonra sonu\u00e7lar\u0131 ald\u0131m. <\/p>\n\n\n\n<p>Swisslasik bu t\u00fcr d\u00fczeltmeleri bir\u00e7ok kez ba\u015far\u0131yla ger\u00e7ekle\u015ftirmi\u015ftir ve bu ameliyat\u0131 yapman\u0131n herhangi bir sak\u0131ncas\u0131n\u0131 g\u00f6rmemektedir.<\/p>\n\n\n\n<p>\u0130stanbul gezisi i\u00e7in ayn\u0131 g\u00fcn kay\u0131t oldum.<\/p>\n\n\n\n<p>Seyahat ve var\u0131\u015f:<\/p>\n\n\n\n<p>Seyahat \u00fccretini \u00f6dedikten sonra, gerekli belgeler birka\u00e7 g\u00fcn i\u00e7inde elime ula\u015ft\u0131.<\/p>\n\n\n\n<p>Seyahat, konaklama ve bilmeniz gereken her \u015fey i\u00e7in gerekli belgeler.<\/p>\n\n\n\n<p>Biraz \u00e7alkant\u0131l\u0131 bir u\u00e7u\u015fun ard\u0131ndan \u0130stanbul&#8217;a vard\u0131k ve tur rehberimiz taraf\u0131ndan havaalan\u0131nda kar\u015f\u0131land\u0131k. <\/p>\n\n\n\n<p>\u0130stanbul&#8217;un merkezinde yer alan ancak sakin bir b\u00f6lgede bulunan otel, benim ve arkada\u015f\u0131m\u0131n beklentilerini kar\u015f\u0131lad\u0131.<\/p>\n\n\n\n<p>Operasyon g\u00fcn\u00fc:<\/p>\n\n\n\n<p>\u00d6\u011flen saatlerinde otelden al\u0131nd\u0131k ve hemen k\u00f6\u015fede bulunan ve y\u00fcr\u00fcyerek kolayca ula\u015f\u0131labilen klini\u011fe g\u00f6t\u00fcr\u00fcld\u00fck.<\/p>\n\n\n\n<p>Ula\u015f\u0131labilir durumday\u0131m. T\u00fcm veriler tekrar kontrol edildi ve sonunda ameliyat olmam gerekti\u011fi bilgisi verildi. <\/p>\n\n\n\n<p>Sorunsuz bir \u015fekilde ger\u00e7ekle\u015ftirilebilir. Her \u015feyin tekrar kontrol edildi\u011fini ve cerrah\u0131n&#8230; <\/p>\n\n\n\n<p>Hatta onay\u0131n\u0131 bile veriyor.<\/p>\n\n\n\n<p>S\u0131navlar\u0131n ard\u0131ndan, eski g\u00f6zl\u00fcklerinizi takarak yakla\u015f\u0131k 2 saat daha \u0130stanbul&#8217;da dola\u015fma f\u0131rsat\u0131n\u0131z olacak.<\/p>\n\n\n\n<p>\u00d6ne ge\u00e7in ve say\u0131s\u0131z restorandan birinde kadehlerinizle men\u00fcye son bir kez g\u00f6z at\u0131n ve birini se\u00e7in.<\/p>\n\n\n\n<p>Birbirinden lezzetli bir\u00e7ok yemek sipari\u015f edece\u011fiz. Bu ayn\u0131 zamanda bug\u00fcnl\u00fck son sipari\u015fimiz olacak. <\/p>\n\n\n\n<p>Ak\u015famleyin klinikte tekrar bulu\u015fuyorlar. Heyecan giderek art\u0131yor; huzursuz bir his var ama personel&#8230; <\/p>\n\n\n\n<p>Yayd\u0131klar\u0131 sakinlik hissi, insana g\u00fcvenlik duygusu veriyor. G\u00f6zler, muayeneden \u00f6nce son bir kez daha inceleniyor&#8230; <\/p>\n\n\n\n<p>Ameliyat haz\u0131rl\u0131k odas\u0131na gelir ve ameliyat i\u00e7in haz\u0131rlan\u0131r. Ondan sonra her \u015fey \u00e7ok h\u0131zl\u0131 ger\u00e7ekle\u015fir. <\/p>\n\n\n\n<p>G\u00f6zlerinizde i\u015flem yap\u0131ld\u0131\u011f\u0131n\u0131 hissedebilirsiniz, ancak ac\u0131 vermez. Yakla\u015f\u0131k 15 dakika sonra her \u015fey biter. Daha sonra&#8230;  <\/p>\n\n\n\n<p>Ameliyattan \u00e7\u0131kt\u0131m. Sonras\u0131nda g\u00f6zlerim g\u00fcne\u015f \u0131\u015f\u0131\u011f\u0131na kar\u015f\u0131 \u00e7ok hassast\u0131 ve neredeyse a\u00e7maya cesaret edemiyordum. Bir ba\u015fkas\u0131 da&#8230;  <\/p>\n\n\n\n<p>Hasta ameliyattan \u00e7\u0131kt\u0131 ve cep telefonundan mesajla\u015fmaya ba\u015flad\u0131. Tabii ki t\u00fcm bunlar\u0131 g\u00f6zl\u00fcks\u00fcz yapt\u0131. <\/p>\n\n\n\n<p>Kontrol muayenesinden sonra her \u015feyin yolunda oldu\u011fu anla\u015f\u0131ld\u0131 ve klinikten ayr\u0131labildik. Do\u011frudan oraya gittim. <\/p>\n\n\n\n<p>G\u00f6zlerime m\u00fcmk\u00fcn olan en iyi dinlenmeyi sa\u011flamak i\u00e7in otel odas\u0131na gidip uyuyaca\u011f\u0131m.<\/p>\n\n\n\n<p>G\u00f6zl\u00fcks\u00fcz ge\u00e7en ilk g\u00fcn:<\/p>\n\n\n\n<p>Sabah uyand\u0131\u011f\u0131mda olduk\u00e7a \u015fa\u015f\u0131rd\u0131m; ilk fark etti\u011fim \u015fey saatin elimde olmas\u0131yd\u0131.<\/p>\n\n\n\n<p>Televizyona entegre edilmi\u015f olan bu \u00f6zellik sayesinde g\u00f6zl\u00fck takmadan g\u00f6rebiliyor, hatta okuyabiliyordum. \u00c7ok mutlu oldum. Kahvalt\u0131dan sonra  <\/p>\n\n\n\n<p>Ard\u0131ndan ilk kontrol muayenesi i\u00e7in klini\u011fe gittim ve burada (iki g\u00f6z\u00fcm\u00fcn birlikte) g\u00f6rme yetimin %100 oldu\u011fu do\u011fruland\u0131.<\/p>\n\n\n\n<p>oldu.<\/p>\n\n\n\n<p>S\u0131navdan sonra, \u0130stanbul&#8217;da ilgi \u00e7ekici bir gezi turuna \u00e7\u0131kmaya ger\u00e7ekten haz\u0131rd\u0131m. \u00c7\u00fcnk\u00fc&#8230; <\/p>\n\n\n\n<p>G\u00fczel hava sayesinde, \u00f6zellikle bu seyahat i\u00e7in ald\u0131\u011f\u0131m (re\u00e7etesiz) g\u00fcne\u015f g\u00f6zl\u00fcklerimi kullanabildim.<\/p>\n\n\n\n<p>D\u00f6n\u00fc\u015f yolculu\u011fu:<\/p>\n\n\n\n<p>Burada anlatacak fazla bir \u015fey yok, maalesef \u0130stanbul&#8217;dan \u00e7ok erken ayr\u0131lmak zorunda kald\u0131k; g\u00f6r\u00fclecek ve yap\u0131lacak \u00e7ok \u015fey vard\u0131.<\/p>\n\n\n\n<p>G\u00f6rmek i\u00e7in. Rehberimiz bizi tam zaman\u0131nda ald\u0131 ve havaalan\u0131na g\u00f6t\u00fcrd\u00fc. <\/p>\n\n\n\n<p>Eve d\u00f6nd\u00fc\u011f\u00fcm\u00fcz ilk birka\u00e7 g\u00fcn:<\/p>\n\n\n\n<p>Art\u0131k hayata kar\u015f\u0131 yepyeni bir co\u015fku hissedebiliyorum. Ameliyat sonras\u0131 iyile\u015fme s\u00fcreci ilerliyor ve zihnim daha da berrakla\u015f\u0131yor&#8230; <\/p>\n\n\n\n<p>G\u00f6r\u00fc\u015f\u00fcmde ara s\u0131ra ufak de\u011fi\u015fiklikler oluyor, ama bu elbette normal. Yakla\u015f\u0131k 14 g\u00fcn sonra da \u015funu fark ettim&#8230; <\/p>\n\n\n\n<p>Evet, g\u00f6zl\u00fcks\u00fcz okumakta biraz zorlan\u0131yorum (ya\u015fa ba\u011fl\u0131 hipermetropi hen\u00fcz d\u00fczeltilemiyor).<\/p>\n\n\n\n<p>(Bunlar b\u00fcfelerde c\u00fczi bir \u00fccret kar\u015f\u0131l\u0131\u011f\u0131nda mevcuttur.) <\/p>\n\n\n\n<p>Yakla\u015f\u0131k d\u00f6rt hafta sonra, g\u00f6rme yetimin biraz k\u00f6t\u00fcle\u015fti\u011fini fark ettim, ancak daha sonra sabit kald\u0131. \u0130lk <\/p>\n\n\n\n<p>\u0130svi\u00e7re&#8217;deki bir g\u00f6z doktoru taraf\u0131ndan yap\u0131lan takip muayenesi \u015f\u00fcphelerimi do\u011frulad\u0131. G\u00f6zlerimin g\u00f6rme keskinli\u011fi art\u0131k %80. <\/p>\n\n\n\n<p>+70%). Bu, g\u00f6zl\u00fck takmadan hayat\u0131 s\u00fcrd\u00fcrmek i\u00e7in yine de yeterli ve yakla\u015f\u0131k olarak bir g\u00f6zl\u00fck d\u00fczeltmesine e\u015fde\u011fer.<\/p>\n\n\n\n<p>+1&#8217;den +1.25&#8217;e. Yani g\u00f6z doktorumun, g\u00f6rme d\u00fczeltmemin \u00e7ok y\u00fcksek oldu\u011fu konusunda hakl\u0131 oldu\u011fu ortaya \u00e7\u0131kt\u0131. Bir d\u00fczeltme  <\/p>\n\n\n\n<p>+3 diyoptri re\u00e7etesi kolayl\u0131kla al\u0131nabilir, ancak bunun \u00f6tesinde ba\u015far\u0131 garanti edilemez.<\/p>\n\n\n\n<p>Yine de ameliyattan pi\u015fman de\u011filim; belki 2-3 y\u0131l sonra 5 y\u0131ll\u0131k garantiden faydalan\u0131r\u0131m.<\/p>\n\n\n\n<p>Geriye kalan g\u00f6rme bozuklu\u011funu d\u00fczeltmeye \u00e7al\u0131\u015fmak.<\/p>\n\n\n\n<p>\u0130stanbul&#8217;daki Eyestar klini\u011fini g\u00f6n\u00fcl rahatl\u0131\u011f\u0131yla tavsiye ederim ve daha bir\u00e7ok mutsuz insan\u0131n acil \u015fifa bulmas\u0131n\u0131 dilerim.<\/p>\n\n\n\n<p>G\u00f6zl\u00fck takanlar bu ad\u0131m\u0131 atmaya yetecek cesarete sahipler.<\/p>\n\n\n\n<p>Ad\u0131m, referans amac\u0131yla ba\u015fkalar\u0131na verilebilir.<\/p>\n\n\n\n<p>Sayg\u0131lar\u0131mla<\/p>\n\n\n\n<p>K. Althoff<\/p>\n\n\n\n<div class=\"wp-block-group is-layout-grid wp-container-core-group-is-layout-baef362d wp-block-group-is-layout-grid\">\n<p><a href=\"https:\/\/medicaltravel.at\/home\/agb\/\" data-type=\"page\" data-id=\"2191\" rel=\"nofollow noopener\" target=\"_blank\"><\/a><a href=\"https:\/\/swisslasik.ch\/tr\/yasli-hasta-raporlari-goez-klinigi-tuerkiye\/istanbulda-lasik-ameliyatim-29-aralik-2008-pazartesi-tarihli-deneyim-raporu\/\" data-type=\"link\" data-id=\"https:\/\/swisslasik.ch\/tr\/yasli-hasta-raporlari-goez-klinigi-tuerkiye\/istanbulda-lasik-ameliyatim-29-aralik-2008-pazartesi-tarihli-deneyim-raporu\/\">\u00d6nceki rapor<\/a><\/p>\n\n\n\n<p class=\"has-text-align-right wp-container-content-5e2576f9\"><a href=\"https:\/\/medicaltravel.at\/home\/impressum\/\" data-type=\"page\" data-id=\"2193\" rel=\"nofollow noopener\" target=\"_blank\"><\/a><a href=\"https:\/\/medicaltravel.at\/home\/berichte-von-patienten\/erfahrungsberichte\/erfahrungsbericht-zahnbehandlung-in-istanbul\/\" data-type=\"page\" data-id=\"981\" rel=\"nofollow noopener\" target=\"_blank\"><\/a><a href=\"https:\/\/swisslasik.ch\/tr\/yasli-hasta-raporlari-goez-klinigi-tuerkiye\/istanbulda-goez-lazeri-deneyimi-03-aralik-2008-carsamba-tarihli-deneyim-raporu\/\" data-type=\"link\" data-id=\"https:\/\/swisslasik.ch\/altere-patientenberichte-augenklinik-tuerkei\/erfahrungsbericht-augen-laser-istanbul-bericht-vom-mittwoch-03-dezember-2008\/\">Bir Sonraki Rapor<br><\/a><\/p>\n<\/div>\n","protected":false},"excerpt":{"rendered":"<p>\u0130stanbul\u2019da g\u00f6z lazeri deneyimi \u2013 22 Aral\u0131k 2008 Pazartesi tarihli deneyim raporu Karar alma s\u00fcreci: Bu konuda, Nisan 2008&#8217;de bu ameliyat\u0131 ge\u00e7iren ve sonu\u00e7tan \u00e7ok memnun olan bir tan\u0131d\u0131\u011f\u0131m sayesinde bilgi edindim. Swisslasik&#8217;i fark ettim ve \u00e7ocuklu\u011fumdan beri bir spor dal\u0131yla ilgilendi\u011fim i\u00e7in bu spora da ilgi duymaya ba\u015flad\u0131m. G\u00f6zl\u00fck tak\u0131yorum. Hipermetropi numaram y\u0131llard\u0131r +4.0 olarak sabit kald\u0131, ancak g\u00f6zl\u00fck takmak beni bir\u00e7ok y\u00f6nden k\u0131s\u0131tl\u0131yor. Bir\u00e7ok aktivite \u00f6nemli bir etkiye sahiptir ve e\u011fer g\u00f6zl\u00fck \u00e7er\u00e7evesi art\u0131k d\u00fczg\u00fcn oturmazsa, g\u00f6zl\u00fckler s\u0131k\u0131\u015f\u0131r ve kayar, bu da Ger\u00e7ekten sinir bozucu. Bu y\u00fczden \u00f6n muayeneyi bu yaz yapt\u0131rmaya karar verdim. Web sitesinde \u015f\u00f6yle yaz\u0131yor&#8230; Yaz\u0131da, insanlar\u0131n %90&#8217;\u0131ndan fazlas\u0131n\u0131n bu t\u00fcr bir ameliyat i\u00e7in uygun oldu\u011fu belirtiliyordu, dolay\u0131s\u0131yla ben kesinlikle onlardan biri olmayaca\u011f\u0131m. D\u00fczeltme i\u015flemim \u00f6zel bir durum i\u00e7ermedi\u011fi ve \u00f6nceden herhangi bir hastal\u0131k veya ba\u015fka bir sorun ya\u015famad\u0131\u011f\u0131m i\u00e7in oran %10 olacak. G\u00f6z doktorunun bana d\u00fczeltme i\u015fleminin \u00e7ok g\u00fc\u00e7l\u00fc oldu\u011funu a\u00e7\u0131klamas\u0131yla sonu\u00e7 daha da hayal k\u0131r\u0131kl\u0131\u011f\u0131 yaratt\u0131. LASIK ameliyat\u0131n\u0131n ba\u015far\u0131l\u0131 olmas\u0131n\u0131 sa\u011flamak i\u00e7in. Birka\u00e7 g\u00fcn d\u00fc\u015f\u00fcnd\u00fckten sonra, \u0130svi\u00e7re&#8217;deki irtibat ki\u015fisini bilgilendirdim, Say\u0131n Karaa\u011fac\u0131l\u0131, klinikte bana kapsaml\u0131 bir muayene yapaca\u011f\u0131na s\u00f6z vermi\u015fti. Birka\u00e7 g\u00fcn sonra sonu\u00e7lar\u0131 ald\u0131m. Swisslasik bu t\u00fcr d\u00fczeltmeleri bir\u00e7ok kez ba\u015far\u0131yla ger\u00e7ekle\u015ftirmi\u015ftir ve bu ameliyat\u0131 yapman\u0131n herhangi bir sak\u0131ncas\u0131n\u0131 g\u00f6rmemektedir. \u0130stanbul gezisi i\u00e7in ayn\u0131 g\u00fcn kay\u0131t oldum. Seyahat ve var\u0131\u015f: Seyahat \u00fccretini \u00f6dedikten sonra, gerekli belgeler birka\u00e7 g\u00fcn i\u00e7inde elime ula\u015ft\u0131. Seyahat, konaklama ve bilmeniz gereken her \u015fey i\u00e7in gerekli belgeler. Biraz \u00e7alkant\u0131l\u0131 bir u\u00e7u\u015fun ard\u0131ndan \u0130stanbul&#8217;a vard\u0131k ve tur rehberimiz taraf\u0131ndan havaalan\u0131nda kar\u015f\u0131land\u0131k. \u0130stanbul&#8217;un merkezinde yer alan ancak sakin bir b\u00f6lgede bulunan otel, benim ve arkada\u015f\u0131m\u0131n beklentilerini kar\u015f\u0131lad\u0131. Operasyon g\u00fcn\u00fc: \u00d6\u011flen saatlerinde otelden al\u0131nd\u0131k ve hemen k\u00f6\u015fede bulunan ve y\u00fcr\u00fcyerek kolayca ula\u015f\u0131labilen klini\u011fe g\u00f6t\u00fcr\u00fcld\u00fck. Ula\u015f\u0131labilir durumday\u0131m. T\u00fcm veriler tekrar kontrol edildi ve sonunda ameliyat olmam gerekti\u011fi bilgisi verildi. Sorunsuz bir \u015fekilde ger\u00e7ekle\u015ftirilebilir. Her \u015feyin tekrar kontrol edildi\u011fini ve cerrah\u0131n&#8230; Hatta onay\u0131n\u0131 bile veriyor. S\u0131navlar\u0131n ard\u0131ndan, eski g\u00f6zl\u00fcklerinizi takarak yakla\u015f\u0131k 2 saat daha \u0130stanbul&#8217;da dola\u015fma f\u0131rsat\u0131n\u0131z olacak. \u00d6ne ge\u00e7in ve say\u0131s\u0131z restorandan birinde kadehlerinizle men\u00fcye son bir kez g\u00f6z at\u0131n ve birini se\u00e7in. Birbirinden lezzetli bir\u00e7ok yemek sipari\u015f edece\u011fiz. Bu ayn\u0131 zamanda bug\u00fcnl\u00fck son sipari\u015fimiz olacak. Ak\u015famleyin klinikte tekrar bulu\u015fuyorlar. Heyecan giderek art\u0131yor; huzursuz bir his var ama personel&#8230; Yayd\u0131klar\u0131 sakinlik hissi, insana g\u00fcvenlik duygusu veriyor. G\u00f6zler, muayeneden \u00f6nce son bir kez daha inceleniyor&#8230; Ameliyat haz\u0131rl\u0131k odas\u0131na gelir ve ameliyat i\u00e7in haz\u0131rlan\u0131r. Ondan sonra her \u015fey \u00e7ok h\u0131zl\u0131 ger\u00e7ekle\u015fir. G\u00f6zlerinizde i\u015flem yap\u0131ld\u0131\u011f\u0131n\u0131 hissedebilirsiniz, ancak ac\u0131 vermez. Yakla\u015f\u0131k 15 dakika sonra her \u015fey biter. Daha sonra&#8230; Ameliyattan \u00e7\u0131kt\u0131m. Sonras\u0131nda g\u00f6zlerim g\u00fcne\u015f \u0131\u015f\u0131\u011f\u0131na kar\u015f\u0131 \u00e7ok hassast\u0131 ve neredeyse a\u00e7maya cesaret edemiyordum. Bir ba\u015fkas\u0131 da&#8230; Hasta ameliyattan \u00e7\u0131kt\u0131 ve cep telefonundan mesajla\u015fmaya ba\u015flad\u0131. Tabii ki t\u00fcm bunlar\u0131 g\u00f6zl\u00fcks\u00fcz yapt\u0131. Kontrol muayenesinden sonra her \u015feyin yolunda oldu\u011fu anla\u015f\u0131ld\u0131 ve klinikten ayr\u0131labildik. Do\u011frudan oraya gittim. G\u00f6zlerime m\u00fcmk\u00fcn olan en iyi dinlenmeyi sa\u011flamak i\u00e7in otel odas\u0131na gidip uyuyaca\u011f\u0131m. G\u00f6zl\u00fcks\u00fcz ge\u00e7en ilk g\u00fcn: Sabah uyand\u0131\u011f\u0131mda olduk\u00e7a \u015fa\u015f\u0131rd\u0131m; ilk fark etti\u011fim \u015fey saatin elimde olmas\u0131yd\u0131. Televizyona entegre edilmi\u015f olan bu \u00f6zellik sayesinde g\u00f6zl\u00fck takmadan g\u00f6rebiliyor, hatta okuyabiliyordum. \u00c7ok mutlu oldum. Kahvalt\u0131dan sonra Ard\u0131ndan ilk kontrol muayenesi i\u00e7in klini\u011fe gittim ve burada (iki g\u00f6z\u00fcm\u00fcn birlikte) g\u00f6rme yetimin %100 oldu\u011fu do\u011fruland\u0131. oldu. S\u0131navdan sonra, \u0130stanbul&#8217;da ilgi \u00e7ekici bir gezi turuna \u00e7\u0131kmaya ger\u00e7ekten haz\u0131rd\u0131m. \u00c7\u00fcnk\u00fc&#8230; G\u00fczel hava sayesinde, \u00f6zellikle bu seyahat i\u00e7in ald\u0131\u011f\u0131m (re\u00e7etesiz) g\u00fcne\u015f g\u00f6zl\u00fcklerimi kullanabildim. D\u00f6n\u00fc\u015f yolculu\u011fu: Burada anlatacak fazla bir \u015fey yok, maalesef \u0130stanbul&#8217;dan \u00e7ok erken ayr\u0131lmak zorunda kald\u0131k; g\u00f6r\u00fclecek ve yap\u0131lacak \u00e7ok \u015fey vard\u0131. G\u00f6rmek i\u00e7in. Rehberimiz bizi tam zaman\u0131nda ald\u0131 ve havaalan\u0131na g\u00f6t\u00fcrd\u00fc. Eve d\u00f6nd\u00fc\u011f\u00fcm\u00fcz ilk birka\u00e7 g\u00fcn: Art\u0131k hayata kar\u015f\u0131 yepyeni bir co\u015fku hissedebiliyorum. Ameliyat sonras\u0131 iyile\u015fme s\u00fcreci ilerliyor ve zihnim daha da berrakla\u015f\u0131yor&#8230; G\u00f6r\u00fc\u015f\u00fcmde ara s\u0131ra ufak de\u011fi\u015fiklikler oluyor, ama bu elbette normal. Yakla\u015f\u0131k 14 g\u00fcn sonra da \u015funu fark ettim&#8230; Evet, g\u00f6zl\u00fcks\u00fcz okumakta biraz zorlan\u0131yorum (ya\u015fa ba\u011fl\u0131 hipermetropi hen\u00fcz d\u00fczeltilemiyor). (Bunlar b\u00fcfelerde c\u00fczi bir \u00fccret kar\u015f\u0131l\u0131\u011f\u0131nda mevcuttur.) Yakla\u015f\u0131k d\u00f6rt hafta sonra, g\u00f6rme yetimin biraz k\u00f6t\u00fcle\u015fti\u011fini fark ettim, ancak daha sonra sabit kald\u0131. \u0130lk \u0130svi\u00e7re&#8217;deki bir g\u00f6z doktoru taraf\u0131ndan yap\u0131lan takip muayenesi \u015f\u00fcphelerimi do\u011frulad\u0131. G\u00f6zlerimin g\u00f6rme keskinli\u011fi art\u0131k %80. +70%). Bu, g\u00f6zl\u00fck takmadan hayat\u0131 s\u00fcrd\u00fcrmek i\u00e7in yine de yeterli ve yakla\u015f\u0131k olarak bir g\u00f6zl\u00fck d\u00fczeltmesine e\u015fde\u011fer. +1&#8217;den +1.25&#8217;e. Yani g\u00f6z doktorumun, g\u00f6rme d\u00fczeltmemin \u00e7ok y\u00fcksek oldu\u011fu konusunda hakl\u0131 oldu\u011fu ortaya \u00e7\u0131kt\u0131. Bir d\u00fczeltme +3 diyoptri re\u00e7etesi kolayl\u0131kla al\u0131nabilir, ancak bunun \u00f6tesinde ba\u015far\u0131 garanti edilemez. Yine de ameliyattan pi\u015fman de\u011filim; belki 2-3 y\u0131l sonra 5 y\u0131ll\u0131k garantiden faydalan\u0131r\u0131m. Geriye kalan g\u00f6rme bozuklu\u011funu d\u00fczeltmeye \u00e7al\u0131\u015fmak. \u0130stanbul&#8217;daki Eyestar klini\u011fini g\u00f6n\u00fcl rahatl\u0131\u011f\u0131yla tavsiye ederim ve daha bir\u00e7ok mutsuz insan\u0131n acil \u015fifa bulmas\u0131n\u0131 dilerim. G\u00f6zl\u00fck takanlar bu ad\u0131m\u0131 atmaya yetecek cesarete sahipler. Ad\u0131m, referans amac\u0131yla ba\u015fkalar\u0131na verilebilir. Sayg\u0131lar\u0131mla K. Althoff \u00d6nceki rapor Bir Sonraki Rapor<\/p>\n","protected":false},"author":4,"featured_media":0,"parent":3355,"menu_order":0,"comment_status":"closed","ping_status":"closed","template":"","meta":{"_joinchat":[],"footnotes":""},"class_list":["post-3393","page","type-page","status-publish","hentry"],"acf":[],"_links":{"self":[{"href":"https:\/\/swisslasik.ch\/tr\/wp-json\/wp\/v2\/pages\/3393","targetHints":{"allow":["GET"]}}],"collection":[{"href":"https:\/\/swisslasik.ch\/tr\/wp-json\/wp\/v2\/pages"}],"about":[{"href":"https:\/\/swisslasik.ch\/tr\/wp-json\/wp\/v2\/types\/page"}],"author":[{"embeddable":true,"href":"https:\/\/swisslasik.ch\/tr\/wp-json\/wp\/v2\/users\/4"}],"replies":[{"embeddable":true,"href":"https:\/\/swisslasik.ch\/tr\/wp-json\/wp\/v2\/comments?post=3393"}],"version-history":[{"count":2,"href":"https:\/\/swisslasik.ch\/tr\/wp-json\/wp\/v2\/pages\/3393\/revisions"}],"predecessor-version":[{"id":4837,"href":"https:\/\/swisslasik.ch\/tr\/wp-json\/wp\/v2\/pages\/3393\/revisions\/4837"}],"up":[{"embeddable":true,"href":"https:\/\/swisslasik.ch\/tr\/wp-json\/wp\/v2\/pages\/3355"}],"wp:attachment":[{"href":"https:\/\/swisslasik.ch\/tr\/wp-json\/wp\/v2\/media?parent=3393"}],"curies":[{"name":"wp","href":"https:\/\/api.w.org\/{rel}","templated":true}]}}