{"id":3395,"date":"2025-09-24T15:06:57","date_gmt":"2025-09-24T14:06:57","guid":{"rendered":"https:\/\/swisslasik.ch\/yasli-hasta-raporlari-goez-klinigi-tuerkiye\/istanbulda-goez-lazeri-deneyimi-19-ekim-2008-pazar-tarihli-deneyim-raporu\/"},"modified":"2026-01-14T20:46:46","modified_gmt":"2026-01-14T19:46:46","slug":"istanbulda-goez-lazeri-deneyimi-19-ekim-2008-pazar-tarihli-deneyim-raporu","status":"publish","type":"page","link":"https:\/\/swisslasik.ch\/tr\/yasli-hasta-raporlari-goez-klinigi-tuerkiye\/istanbulda-goez-lazeri-deneyimi-19-ekim-2008-pazar-tarihli-deneyim-raporu\/","title":{"rendered":"\u0130stanbul\u2019da g\u00f6z lazeri deneyimi \u2013 19 Ekim 2008 Pazar tarihli deneyim raporu"},"content":{"rendered":"\n<h3 class=\"wp-block-heading\">\u0130stanbul\u2019da g\u00f6z lazeri deneyimi \u2013 19 Ekim 2008 Pazar tarihli deneyim raporu<\/h3>\n\n\n\n<p>Eve giderken posta otob\u00fcs\u00fcnde oturuyorum\u2026 Manzara g\u00f6z\u00fcm\u00fcn \u00f6n\u00fcnden ge\u00e7iyor\u2026 Her \u015feyi bu kadar net g\u00f6rebilmek harika!  <\/p>\n\n\n\n<p>K\u0131z\u0131m\u0131z art\u0131k bir ya\u015f\u0131nda ve benim i\u00e7in \u0130stanbul&#8217;a seyahat etmek i\u00e7in m\u00fckemmel bir zaman, b\u00f6ylece nihayet g\u00fcnd\u00fcz ve gece net bir manzara ve g\u00fczel bir genel g\u00f6r\u00fcn\u00fcm elde edebiliyorum. Annesinin g\u00f6zl\u00fc\u011f\u00fcn\u00fc y\u00fcz\u00fcnden \u00e7almak da art\u0131k bir se\u00e7enek de\u011fil! <\/p>\n\n\n\n<p>\u0130lk ba\u015fta e\u015fim ve k\u0131z\u0131mla birlikte seyahat etmeyi d\u00fc\u015f\u00fcnd\u00fcm. Ancak, ameliyata ve sonras\u0131ndaki ilk biraz zorlu g\u00fcnlere tamamen odaklanmak istedi\u011fim i\u00e7in bundan vazge\u00e7tim. <\/p>\n\n\n\n<p>Bir y\u0131ldan fazla bir s\u00fcre \u00f6nce yak\u0131n bir arkada\u015f\u0131m bana ge\u00e7irdi\u011fi ameliyat\u0131 anlatm\u0131\u015ft\u0131. Eski ameliyathane hem\u015firesi olan arkada\u015f\u0131m, arg\u00fcmanlar\u0131yla beni hemen ikna etti. T\u0131bbi a\u00e7\u0131dan bak\u0131ld\u0131\u011f\u0131nda, benim i\u00e7in ameliyat gerekli de\u011fildi (her iki g\u00f6z\u00fcm de yakla\u015f\u0131k -5,5 diyoptri hipermetrop), ancak ya\u015fam kalitemde muazzam bir iyile\u015fme sa\u011flayacakt\u0131, istedi\u011fim ve kar\u015f\u0131layabilece\u011fim bir \u015feydi. \u0130ki kere s\u00f6ylenmesine gerek yoktu. Yedi ya\u015f\u0131ndan beri g\u00f6zl\u00fck takt\u0131ktan sonra, d\u00fczeltici lenslerden ba\u011f\u0131ms\u0131z olmak m\u0131? Ameliyat olmaya \u00e7ok h\u0131zl\u0131 bir \u015fekilde karar verdim.     <\/p>\n\n\n\n<p>\u0130svi\u00e7re&#8217;deki sa\u011fl\u0131k hizmetleri d\u00fcnyan\u0131n ba\u015fka yerlerine g\u00f6re daha m\u0131 iyi? \u0130ki kez uzun s\u00fcre yurt d\u0131\u015f\u0131nda ya\u015fad\u0131\u011f\u0131m i\u00e7in, gerekli imkanlara sahip olundu\u011fu s\u00fcrece d\u00fcnyan\u0131n her yerinde iyi bir sa\u011fl\u0131k hizmetinin mevcut oldu\u011funu biliyorum. Ancak yerel halk i\u00e7in durum genellikle farkl\u0131d\u0131r, \u00e7\u00fcnk\u00fc tedavi masraflar\u0131n\u0131 kar\u015f\u0131layamazlar.  <\/p>\n\n\n\n<p>Bence \u0130stanbul&#8217;daki klinik, havaalan\u0131 kar\u015f\u0131lamas\u0131ndan ameliyat \u00f6ncesi bak\u0131ma, ameliyat\u0131n kendisinden ameliyat sonras\u0131 bak\u0131ma kadar ola\u011fan\u00fcst\u00fc bir hizmet sunuyor. Doktorlar ve personel profesyonel, ayn\u0131 zamanda s\u0131cak, arkada\u015f canl\u0131s\u0131 ve empatik. Ayr\u0131ca \u0130svi\u00e7re&#8217;de sa\u011flanan ameliyat \u00f6ncesi ve sonras\u0131 bak\u0131m\u0131 (g\u00f6z doktoru ve SwissLASIK) da takdir ediyorum. Bu, klini\u011fe olan g\u00fcveni art\u0131r\u0131yor ve bir g\u00fcvenlik hissi veriyor. Yak\u0131n zamanda \u0130svi\u00e7re&#8217;deki g\u00f6z doktorumla ilk kontrol randevumu ger\u00e7ekle\u015ftirdim. \u0130stanbul&#8217;daki cerrah ertesi g\u00fcn sonu\u00e7 hakk\u0131nda olumlu bir de\u011ferlendirme yapsa da, yakla\u015f\u0131k iki hafta sonra g\u00f6zlerimi tekrar kontrol ettirmekten memnuniyet duyuyorum. Her \u015feyin hala m\u00fckemmel oldu\u011funu g\u00f6rmek beni \u00e7ok rahatlatt\u0131.      <\/p>\n\n\n\n<p>G\u00f6zlerime tamamen odaklanmak i\u00e7in birka\u00e7 g\u00fcn izin almak idealdi (seyahat dahil toplam 6 g\u00fcnl\u00fck bir kal\u0131\u015f s\u00fcrem oldu). Ameliyat\u0131 \u0130svi\u00e7re&#8217;de olsayd\u0131m, k\u0131z\u0131m\u0131n bak\u0131m\u0131na ve ev i\u015flerine h\u0131zla geri d\u00f6nmem beklenirdi. Ara vermek \u00e7ok daha zor olurdu. \u0130stanbul, muhte\u015fem tarihi binalar\u0131, \u015firin sokak kafeleri ve m\u00fckemmel al\u0131\u015fveri\u015f olanaklar\u0131yla b\u00fcy\u00fcleyici, modern bir \u015fehir. \u0130stanbul&#8217;a tekrar gelece\u011fim ve bir dahaki sefere klini\u011fe u\u011fray\u0131p kahve i\u00e7meyi d\u00f6rt g\u00f6zle bekliyorum.     <\/p>\n\n\n\n<p>Annette L\u00fcthi, 3 Ekim 2008<\/p>\n\n\n\n<div class=\"wp-block-group is-layout-grid wp-container-core-group-is-layout-baef362d wp-block-group-is-layout-grid\">\n<p><a href=\"https:\/\/medicaltravel.at\/home\/agb\/\" data-type=\"page\" data-id=\"2191\" rel=\"nofollow noopener\" target=\"_blank\"><\/a><a href=\"https:\/\/swisslasik.ch\/tr\/yasli-hasta-raporlari-goez-klinigi-tuerkiye\/goez-lazeri-seyahatimle-ilgili-notlarim-19-ekim-2008-pazar-tarihli-deneyim-raporu\/\" data-type=\"link\" data-id=\"https:\/\/swisslasik.ch\/tr\/yasli-hasta-raporlari-goez-klinigi-tuerkiye\/goez-lazeri-seyahatimle-ilgili-notlarim-19-ekim-2008-pazar-tarihli-deneyim-raporu\/\">\u00d6nceki rapor<\/a><\/p>\n\n\n\n<p class=\"has-text-align-right wp-container-content-5e2576f9\"><a href=\"https:\/\/medicaltravel.at\/home\/impressum\/\" data-type=\"page\" data-id=\"2193\" rel=\"nofollow noopener\" target=\"_blank\"><\/a><a href=\"https:\/\/medicaltravel.at\/home\/berichte-von-patienten\/erfahrungsberichte\/erfahrungsbericht-zahnbehandlung-in-istanbul\/\" data-type=\"page\" data-id=\"981\" rel=\"nofollow noopener\" target=\"_blank\"><\/a><a href=\"https:\/\/swisslasik.ch\/tr\/yasli-hasta-raporlari-goez-klinigi-tuerkiye\/goez-lazeri-paket-programi-09-agustos-2008-cumartesi-tarihli-deneyim-raporu\/\" data-type=\"link\" data-id=\"https:\/\/swisslasik.ch\/altere-patientenberichte-augenklinik-tuerkei\/das-augenlaser-pauschalarrangement-bericht-vom-samstag-09-august-2008\/\">Bir Sonraki Rapor<br><\/a><\/p>\n<\/div>\n","protected":false},"excerpt":{"rendered":"<p>\u0130stanbul\u2019da g\u00f6z lazeri deneyimi \u2013 19 Ekim 2008 Pazar tarihli deneyim raporu Eve giderken posta otob\u00fcs\u00fcnde oturuyorum\u2026 Manzara g\u00f6z\u00fcm\u00fcn \u00f6n\u00fcnden ge\u00e7iyor\u2026 Her \u015feyi bu kadar net g\u00f6rebilmek harika! K\u0131z\u0131m\u0131z art\u0131k bir ya\u015f\u0131nda ve benim i\u00e7in \u0130stanbul&#8217;a seyahat etmek i\u00e7in m\u00fckemmel bir zaman, b\u00f6ylece nihayet g\u00fcnd\u00fcz ve gece net bir manzara ve g\u00fczel bir genel g\u00f6r\u00fcn\u00fcm elde edebiliyorum. Annesinin g\u00f6zl\u00fc\u011f\u00fcn\u00fc y\u00fcz\u00fcnden \u00e7almak da art\u0131k bir se\u00e7enek de\u011fil! \u0130lk ba\u015fta e\u015fim ve k\u0131z\u0131mla birlikte seyahat etmeyi d\u00fc\u015f\u00fcnd\u00fcm. Ancak, ameliyata ve sonras\u0131ndaki ilk biraz zorlu g\u00fcnlere tamamen odaklanmak istedi\u011fim i\u00e7in bundan vazge\u00e7tim. Bir y\u0131ldan fazla bir s\u00fcre \u00f6nce yak\u0131n bir arkada\u015f\u0131m bana ge\u00e7irdi\u011fi ameliyat\u0131 anlatm\u0131\u015ft\u0131. Eski ameliyathane hem\u015firesi olan arkada\u015f\u0131m, arg\u00fcmanlar\u0131yla beni hemen ikna etti. T\u0131bbi a\u00e7\u0131dan bak\u0131ld\u0131\u011f\u0131nda, benim i\u00e7in ameliyat gerekli de\u011fildi (her iki g\u00f6z\u00fcm de yakla\u015f\u0131k -5,5 diyoptri hipermetrop), ancak ya\u015fam kalitemde muazzam bir iyile\u015fme sa\u011flayacakt\u0131, istedi\u011fim ve kar\u015f\u0131layabilece\u011fim bir \u015feydi. \u0130ki kere s\u00f6ylenmesine gerek yoktu. Yedi ya\u015f\u0131ndan beri g\u00f6zl\u00fck takt\u0131ktan sonra, d\u00fczeltici lenslerden ba\u011f\u0131ms\u0131z olmak m\u0131? Ameliyat olmaya \u00e7ok h\u0131zl\u0131 bir \u015fekilde karar verdim. \u0130svi\u00e7re&#8217;deki sa\u011fl\u0131k hizmetleri d\u00fcnyan\u0131n ba\u015fka yerlerine g\u00f6re daha m\u0131 iyi? \u0130ki kez uzun s\u00fcre yurt d\u0131\u015f\u0131nda ya\u015fad\u0131\u011f\u0131m i\u00e7in, gerekli imkanlara sahip olundu\u011fu s\u00fcrece d\u00fcnyan\u0131n her yerinde iyi bir sa\u011fl\u0131k hizmetinin mevcut oldu\u011funu biliyorum. Ancak yerel halk i\u00e7in durum genellikle farkl\u0131d\u0131r, \u00e7\u00fcnk\u00fc tedavi masraflar\u0131n\u0131 kar\u015f\u0131layamazlar. Bence \u0130stanbul&#8217;daki klinik, havaalan\u0131 kar\u015f\u0131lamas\u0131ndan ameliyat \u00f6ncesi bak\u0131ma, ameliyat\u0131n kendisinden ameliyat sonras\u0131 bak\u0131ma kadar ola\u011fan\u00fcst\u00fc bir hizmet sunuyor. Doktorlar ve personel profesyonel, ayn\u0131 zamanda s\u0131cak, arkada\u015f canl\u0131s\u0131 ve empatik. Ayr\u0131ca \u0130svi\u00e7re&#8217;de sa\u011flanan ameliyat \u00f6ncesi ve sonras\u0131 bak\u0131m\u0131 (g\u00f6z doktoru ve SwissLASIK) da takdir ediyorum. Bu, klini\u011fe olan g\u00fcveni art\u0131r\u0131yor ve bir g\u00fcvenlik hissi veriyor. Yak\u0131n zamanda \u0130svi\u00e7re&#8217;deki g\u00f6z doktorumla ilk kontrol randevumu ger\u00e7ekle\u015ftirdim. \u0130stanbul&#8217;daki cerrah ertesi g\u00fcn sonu\u00e7 hakk\u0131nda olumlu bir de\u011ferlendirme yapsa da, yakla\u015f\u0131k iki hafta sonra g\u00f6zlerimi tekrar kontrol ettirmekten memnuniyet duyuyorum. Her \u015feyin hala m\u00fckemmel oldu\u011funu g\u00f6rmek beni \u00e7ok rahatlatt\u0131. G\u00f6zlerime tamamen odaklanmak i\u00e7in birka\u00e7 g\u00fcn izin almak idealdi (seyahat dahil toplam 6 g\u00fcnl\u00fck bir kal\u0131\u015f s\u00fcrem oldu). Ameliyat\u0131 \u0130svi\u00e7re&#8217;de olsayd\u0131m, k\u0131z\u0131m\u0131n bak\u0131m\u0131na ve ev i\u015flerine h\u0131zla geri d\u00f6nmem beklenirdi. Ara vermek \u00e7ok daha zor olurdu. \u0130stanbul, muhte\u015fem tarihi binalar\u0131, \u015firin sokak kafeleri ve m\u00fckemmel al\u0131\u015fveri\u015f olanaklar\u0131yla b\u00fcy\u00fcleyici, modern bir \u015fehir. \u0130stanbul&#8217;a tekrar gelece\u011fim ve bir dahaki sefere klini\u011fe u\u011fray\u0131p kahve i\u00e7meyi d\u00f6rt g\u00f6zle bekliyorum. Annette L\u00fcthi, 3 Ekim 2008 \u00d6nceki rapor Bir Sonraki Rapor<\/p>\n","protected":false},"author":4,"featured_media":0,"parent":3355,"menu_order":0,"comment_status":"closed","ping_status":"closed","template":"","meta":{"_joinchat":[],"footnotes":""},"class_list":["post-3395","page","type-page","status-publish","hentry"],"acf":[],"_links":{"self":[{"href":"https:\/\/swisslasik.ch\/tr\/wp-json\/wp\/v2\/pages\/3395","targetHints":{"allow":["GET"]}}],"collection":[{"href":"https:\/\/swisslasik.ch\/tr\/wp-json\/wp\/v2\/pages"}],"about":[{"href":"https:\/\/swisslasik.ch\/tr\/wp-json\/wp\/v2\/types\/page"}],"author":[{"embeddable":true,"href":"https:\/\/swisslasik.ch\/tr\/wp-json\/wp\/v2\/users\/4"}],"replies":[{"embeddable":true,"href":"https:\/\/swisslasik.ch\/tr\/wp-json\/wp\/v2\/comments?post=3395"}],"version-history":[{"count":2,"href":"https:\/\/swisslasik.ch\/tr\/wp-json\/wp\/v2\/pages\/3395\/revisions"}],"predecessor-version":[{"id":4841,"href":"https:\/\/swisslasik.ch\/tr\/wp-json\/wp\/v2\/pages\/3395\/revisions\/4841"}],"up":[{"embeddable":true,"href":"https:\/\/swisslasik.ch\/tr\/wp-json\/wp\/v2\/pages\/3355"}],"wp:attachment":[{"href":"https:\/\/swisslasik.ch\/tr\/wp-json\/wp\/v2\/media?parent=3395"}],"curies":[{"name":"wp","href":"https:\/\/api.w.org\/{rel}","templated":true}]}}