{"id":3397,"date":"2025-09-24T15:14:50","date_gmt":"2025-09-24T14:14:50","guid":{"rendered":"https:\/\/swisslasik.ch\/yasli-hasta-raporlari-goez-klinigi-tuerkiye\/yaptim-gitti-17-mart-2008-pazartesi-tarihli-deneyim-raporu\/"},"modified":"2026-01-14T20:55:13","modified_gmt":"2026-01-14T19:55:13","slug":"yaptim-gitti-17-mart-2008-pazartesi-tarihli-deneyim-raporu","status":"publish","type":"page","link":"https:\/\/swisslasik.ch\/tr\/yasli-hasta-raporlari-goez-klinigi-tuerkiye\/yaptim-gitti-17-mart-2008-pazartesi-tarihli-deneyim-raporu\/","title":{"rendered":"Yapt\u0131m gitti!!! \u2013 17 Mart 2008 Pazartesi tarihli deneyim raporu"},"content":{"rendered":"\n<h3 class=\"wp-block-heading\">Yapt\u0131m gitti!!! \u2013 17 Mart 2008 Pazartesi tarihli deneyim raporu<\/h3>\n\n\n\n<p>Aman Tanr\u0131m, T\u00fcrkiye&#8217;de lazer g\u00f6z ameliyat\u0131, delilik! O yaygaray\u0131 biliyor musunuz? Tamamen as\u0131ls\u0131z!!! Cesur ve \u00e7ekingen, teredd\u00fct eden ve karars\u0131z olan herkese: Ben yapt\u0131m ve sadece tavsiye edebilirim! LASIK ameliyat\u0131na karar vermem tam sekiz y\u0131l\u0131m\u0131 ald\u0131. Ve zaman daral\u0131yordu, sonu\u00e7ta neredeyse 45 ya\u015f\u0131nday\u0131m ve okuma g\u00f6zl\u00fckleri beni \u00e7a\u011f\u0131r\u0131yor. &#8220;\u015eimdi ya da asla,&#8221; dedim kendime ve \u0130stanbul&#8217;a u\u00e7tum. Bir g\u00fcn sonra, 5.5 veya 4.75 diyoptri de\u011ferim 0.0&#8217;a d\u00f6n\u00fc\u015ft\u00fc. Daha da iyisi, g\u00f6r\u00fc\u015f\u00fcm \u015fimdi %125! Yani kristal berrakl\u0131\u011f\u0131nda, neredeyse bir kartal gibi g\u00f6r\u00fcyorum. Ameliyattan \u00f6nce, gece ya\u011fmurda net g\u00f6rmekte zorlan\u0131yordum. Daha da k\u00f6t\u00fcle\u015fmesini bekliyordum, ama hi\u00e7 de \u00f6yle olmad\u0131! Bug\u00fcn tamamen parlamaya kar\u015f\u0131 dayan\u0131kl\u0131y\u0131m. Ameliyattan sonra \u00e7ok kuru g\u00f6zlerden muzdarip olma korkum sadece k\u0131smen ve \u00e7ok az bir \u00f6l\u00e7\u00fcde ger\u00e7ekle\u015fti. Ameliyat\u0131n \u00fczerinden sadece \u00fc\u00e7 hafta ge\u00e7ti\u011fi i\u00e7in bunun ge\u00e7ece\u011finden eminim.              <\/p>\n\n\n\n<p>\u0130stanbul&#8217;daki klinik hakk\u0131nda ne s\u00f6yleyebilirim? \u00c7ok cana yak\u0131n, \u00e7ok ilgili ve son derece yetkin ve titizlerdi (\u0130svi\u00e7reliyim ve belirli beklentilerim var). Personelden biri \u0130svi\u00e7re Almancas\u0131 konu\u015fuyordu, di\u011ferleri \u0130ngilizce konu\u015fuyordu. \u0130\u015flem bana birka\u00e7 kez a\u00e7\u0131kland\u0131 ve personel her zaman sorular\u0131ma cevap vermeye haz\u0131rd\u0131. Doktor -0,5 diyoptri d\u00fczeltme ve muhtemelen minimal d\u00fczeltilmi\u015f bir okuma g\u00f6zl\u00fc\u011f\u00fc \u00f6nerdi, ancak emin de\u011fildi. Ba\u015ftan s\u00f6yleyeyim: okuma g\u00f6zl\u00fckleri birka\u00e7 y\u0131l bekleyebilir ve miyop oldu\u011fumu zaten biliyorsunuz.      <\/p>\n\n\n\n<p>\u0130\u015flem: Bana 10 dakika gibi geldi ama kocama saatler gibi geldi. 30 dakika konusunda anla\u015ft\u0131k (anestezi damlalar\u0131, ameliyat \u00f6nl\u00fc\u011f\u00fc ve sevimli k\u00fc\u00e7\u00fck bone takma, s\u0131rt masaj\u0131 vb. haz\u0131rl\u0131klar dahil). Hi\u00e7 a\u011fr\u0131 yoktu ve garip kokular da yoktu. Makinenin v\u0131z\u0131lt\u0131s\u0131n\u0131 duyuyorsunuz ve g\u00f6z\u00fcn\u00fcze dokunuluyor. Kesinlikle ac\u0131s\u0131zd\u0131, yemin ederim! \u0130\u015flemden sonra hafif bir yanma hissi oldu. G\u00f6zlerimi hemen a\u00e7abildim ve makinenin arkas\u0131ndaki maskeli fig\u00fcrlere bir \u00f6rt\u00fcn\u00fcn arkas\u0131ndan bakt\u0131m. Her iki g\u00f6z\u00fcme de birer damla damlat\u0131ld\u0131ktan sonra yanma hissi hemen ge\u00e7ti ve i\u015flemden bir saat sonra h\u0131zl\u0131 bir g\u00f6z testi yap\u0131ld\u0131 ve g\u00f6r\u00fc\u015f\u00fcm zaten \u00e7ok netti. Sonra kal\u0131n g\u00fcne\u015f g\u00f6zl\u00fcklerimi tak\u0131p otele do\u011fru y\u00fcr\u00fcy\u00fc\u015fe \u00e7\u0131kt\u0131m, her saat ba\u015f\u0131 g\u00f6zlerime damla damlatt\u0131m ve uyudum, uyudum, uyudum. Ertesi sabah klinikte bir kontrol randevum vard\u0131 ve sonra \u0130stanbul \u015fehir hayat\u0131na dald\u0131m.         <\/p>\n\n\n\n<p>Ger\u00e7ekten \u00e7ok iyiyim, bu y\u00fczden bu rapor i\u00e7in para alm\u0131yorum, yemin ederim! Kocam olduk\u00e7a k\u0131skan\u0131yor; h\u00e2l\u00e2 g\u00f6zl\u00fck tak\u0131yor ama &#8220;maalesef&#8221; yeterince miyop de\u011fil ve doktor da bunu \u00f6nermedi. Bizim ya\u015f\u0131m\u0131zda g\u00fc\u00e7l\u00fc okuma g\u00f6zl\u00fc\u011f\u00fcne ihtiya\u00e7 duyma riski y\u00fcksek. Art\u0131lar\u0131 ve eksileri tartmak gerekiyor!   <\/p>\n\n\n\n<p>Ve son bir \u015fey daha, t\u00fcm a\u015f\u00e7\u0131lar ve amat\u00f6r \u015fefler (erkekler ve kad\u0131nlar) i\u00e7in k\u00fc\u00e7\u00fck bir kolayl\u0131k: so\u011fan do\u011framak art\u0131k g\u00f6z ya\u015fartm\u0131yor! Ancak bu ayn\u0131 zamanda bir dezavantaj da olabilir; ameliyattan \u00f6nce, kocam hep bunu yapard\u0131\u2026 <\/p>\n\n\n\n<div class=\"wp-block-group is-layout-grid wp-container-core-group-is-layout-baef362d wp-block-group-is-layout-grid\">\n<p><a href=\"https:\/\/medicaltravel.at\/home\/agb\/\" data-type=\"page\" data-id=\"2191\" rel=\"nofollow noopener\" target=\"_blank\"><\/a><a href=\"https:\/\/swisslasik.ch\/tr\/yasli-hasta-raporlari-goez-klinigi-tuerkiye\/kisa-ve-neredeyse-agrisiz-24-mart-2008-pazartesi-tarihli-deneyim-raporu\/\" data-type=\"link\" data-id=\"https:\/\/swisslasik.ch\/tr\/yasli-hasta-raporlari-goez-klinigi-tuerkiye\/kisa-ve-neredeyse-agrisiz-24-mart-2008-pazartesi-tarihli-deneyim-raporu\/\">\u00d6nceki rapor<\/a><\/p>\n\n\n\n<p class=\"has-text-align-right wp-container-content-5e2576f9\"><a href=\"https:\/\/medicaltravel.at\/home\/impressum\/\" data-type=\"page\" data-id=\"2193\" rel=\"nofollow noopener\" target=\"_blank\"><\/a><a href=\"https:\/\/medicaltravel.at\/home\/berichte-von-patienten\/erfahrungsberichte\/erfahrungsbericht-zahnbehandlung-in-istanbul\/\" data-type=\"page\" data-id=\"981\" rel=\"nofollow noopener\" target=\"_blank\"><\/a><a href=\"https:\/\/swisslasik.ch\/tr\/yasli-hasta-raporlari-goez-klinigi-tuerkiye\/istanbuldaki-lasik-ameliyatimiz-06-mart-2008-persembe-tarihli-deneyim-raporu\/\" data-type=\"link\" data-id=\"https:\/\/swisslasik.ch\/tr\/yasli-hasta-raporlari-goez-klinigi-tuerkiye\/istanbuldaki-lasik-ameliyatimiz-06-mart-2008-persembe-tarihli-deneyim-raporu\/\">Bir Sonraki Rapor<br><\/a><\/p>\n<\/div>\n","protected":false},"excerpt":{"rendered":"<p>Yapt\u0131m gitti!!! \u2013 17 Mart 2008 Pazartesi tarihli deneyim raporu Aman Tanr\u0131m, T\u00fcrkiye&#8217;de lazer g\u00f6z ameliyat\u0131, delilik! O yaygaray\u0131 biliyor musunuz? Tamamen as\u0131ls\u0131z!!! Cesur ve \u00e7ekingen, teredd\u00fct eden ve karars\u0131z olan herkese: Ben yapt\u0131m ve sadece tavsiye edebilirim! LASIK ameliyat\u0131na karar vermem tam sekiz y\u0131l\u0131m\u0131 ald\u0131. Ve zaman daral\u0131yordu, sonu\u00e7ta neredeyse 45 ya\u015f\u0131nday\u0131m ve okuma g\u00f6zl\u00fckleri beni \u00e7a\u011f\u0131r\u0131yor. &#8220;\u015eimdi ya da asla,&#8221; dedim kendime ve \u0130stanbul&#8217;a u\u00e7tum. Bir g\u00fcn sonra, 5.5 veya 4.75 diyoptri de\u011ferim 0.0&#8217;a d\u00f6n\u00fc\u015ft\u00fc. Daha da iyisi, g\u00f6r\u00fc\u015f\u00fcm \u015fimdi %125! Yani kristal berrakl\u0131\u011f\u0131nda, neredeyse bir kartal gibi g\u00f6r\u00fcyorum. Ameliyattan \u00f6nce, gece ya\u011fmurda net g\u00f6rmekte zorlan\u0131yordum. Daha da k\u00f6t\u00fcle\u015fmesini bekliyordum, ama hi\u00e7 de \u00f6yle olmad\u0131! Bug\u00fcn tamamen parlamaya kar\u015f\u0131 dayan\u0131kl\u0131y\u0131m. Ameliyattan sonra \u00e7ok kuru g\u00f6zlerden muzdarip olma korkum sadece k\u0131smen ve \u00e7ok az bir \u00f6l\u00e7\u00fcde ger\u00e7ekle\u015fti. Ameliyat\u0131n \u00fczerinden sadece \u00fc\u00e7 hafta ge\u00e7ti\u011fi i\u00e7in bunun ge\u00e7ece\u011finden eminim. \u0130stanbul&#8217;daki klinik hakk\u0131nda ne s\u00f6yleyebilirim? \u00c7ok cana yak\u0131n, \u00e7ok ilgili ve son derece yetkin ve titizlerdi (\u0130svi\u00e7reliyim ve belirli beklentilerim var). Personelden biri \u0130svi\u00e7re Almancas\u0131 konu\u015fuyordu, di\u011ferleri \u0130ngilizce konu\u015fuyordu. \u0130\u015flem bana birka\u00e7 kez a\u00e7\u0131kland\u0131 ve personel her zaman sorular\u0131ma cevap vermeye haz\u0131rd\u0131. Doktor -0,5 diyoptri d\u00fczeltme ve muhtemelen minimal d\u00fczeltilmi\u015f bir okuma g\u00f6zl\u00fc\u011f\u00fc \u00f6nerdi, ancak emin de\u011fildi. Ba\u015ftan s\u00f6yleyeyim: okuma g\u00f6zl\u00fckleri birka\u00e7 y\u0131l bekleyebilir ve miyop oldu\u011fumu zaten biliyorsunuz. \u0130\u015flem: Bana 10 dakika gibi geldi ama kocama saatler gibi geldi. 30 dakika konusunda anla\u015ft\u0131k (anestezi damlalar\u0131, ameliyat \u00f6nl\u00fc\u011f\u00fc ve sevimli k\u00fc\u00e7\u00fck bone takma, s\u0131rt masaj\u0131 vb. haz\u0131rl\u0131klar dahil). Hi\u00e7 a\u011fr\u0131 yoktu ve garip kokular da yoktu. Makinenin v\u0131z\u0131lt\u0131s\u0131n\u0131 duyuyorsunuz ve g\u00f6z\u00fcn\u00fcze dokunuluyor. Kesinlikle ac\u0131s\u0131zd\u0131, yemin ederim! \u0130\u015flemden sonra hafif bir yanma hissi oldu. G\u00f6zlerimi hemen a\u00e7abildim ve makinenin arkas\u0131ndaki maskeli fig\u00fcrlere bir \u00f6rt\u00fcn\u00fcn arkas\u0131ndan bakt\u0131m. Her iki g\u00f6z\u00fcme de birer damla damlat\u0131ld\u0131ktan sonra yanma hissi hemen ge\u00e7ti ve i\u015flemden bir saat sonra h\u0131zl\u0131 bir g\u00f6z testi yap\u0131ld\u0131 ve g\u00f6r\u00fc\u015f\u00fcm zaten \u00e7ok netti. Sonra kal\u0131n g\u00fcne\u015f g\u00f6zl\u00fcklerimi tak\u0131p otele do\u011fru y\u00fcr\u00fcy\u00fc\u015fe \u00e7\u0131kt\u0131m, her saat ba\u015f\u0131 g\u00f6zlerime damla damlatt\u0131m ve uyudum, uyudum, uyudum. Ertesi sabah klinikte bir kontrol randevum vard\u0131 ve sonra \u0130stanbul \u015fehir hayat\u0131na dald\u0131m. Ger\u00e7ekten \u00e7ok iyiyim, bu y\u00fczden bu rapor i\u00e7in para alm\u0131yorum, yemin ederim! Kocam olduk\u00e7a k\u0131skan\u0131yor; h\u00e2l\u00e2 g\u00f6zl\u00fck tak\u0131yor ama &#8220;maalesef&#8221; yeterince miyop de\u011fil ve doktor da bunu \u00f6nermedi. Bizim ya\u015f\u0131m\u0131zda g\u00fc\u00e7l\u00fc okuma g\u00f6zl\u00fc\u011f\u00fcne ihtiya\u00e7 duyma riski y\u00fcksek. Art\u0131lar\u0131 ve eksileri tartmak gerekiyor! Ve son bir \u015fey daha, t\u00fcm a\u015f\u00e7\u0131lar ve amat\u00f6r \u015fefler (erkekler ve kad\u0131nlar) i\u00e7in k\u00fc\u00e7\u00fck bir kolayl\u0131k: so\u011fan do\u011framak art\u0131k g\u00f6z ya\u015fartm\u0131yor! Ancak bu ayn\u0131 zamanda bir dezavantaj da olabilir; ameliyattan \u00f6nce, kocam hep bunu yapard\u0131\u2026 \u00d6nceki rapor Bir Sonraki Rapor<\/p>\n","protected":false},"author":4,"featured_media":0,"parent":3355,"menu_order":0,"comment_status":"closed","ping_status":"closed","template":"","meta":{"_joinchat":[],"footnotes":""},"class_list":["post-3397","page","type-page","status-publish","hentry"],"acf":[],"_links":{"self":[{"href":"https:\/\/swisslasik.ch\/tr\/wp-json\/wp\/v2\/pages\/3397","targetHints":{"allow":["GET"]}}],"collection":[{"href":"https:\/\/swisslasik.ch\/tr\/wp-json\/wp\/v2\/pages"}],"about":[{"href":"https:\/\/swisslasik.ch\/tr\/wp-json\/wp\/v2\/types\/page"}],"author":[{"embeddable":true,"href":"https:\/\/swisslasik.ch\/tr\/wp-json\/wp\/v2\/users\/4"}],"replies":[{"embeddable":true,"href":"https:\/\/swisslasik.ch\/tr\/wp-json\/wp\/v2\/comments?post=3397"}],"version-history":[{"count":2,"href":"https:\/\/swisslasik.ch\/tr\/wp-json\/wp\/v2\/pages\/3397\/revisions"}],"predecessor-version":[{"id":4849,"href":"https:\/\/swisslasik.ch\/tr\/wp-json\/wp\/v2\/pages\/3397\/revisions\/4849"}],"up":[{"embeddable":true,"href":"https:\/\/swisslasik.ch\/tr\/wp-json\/wp\/v2\/pages\/3355"}],"wp:attachment":[{"href":"https:\/\/swisslasik.ch\/tr\/wp-json\/wp\/v2\/media?parent=3397"}],"curies":[{"name":"wp","href":"https:\/\/api.w.org\/{rel}","templated":true}]}}