{"id":3399,"date":"2025-09-24T15:14:02","date_gmt":"2025-09-24T14:14:02","guid":{"rendered":"https:\/\/swisslasik.ch\/yasli-hasta-raporlari-goez-klinigi-tuerkiye\/kisa-ve-neredeyse-agrisiz-24-mart-2008-pazartesi-tarihli-deneyim-raporu\/"},"modified":"2026-01-14T20:54:32","modified_gmt":"2026-01-14T19:54:32","slug":"kisa-ve-neredeyse-agrisiz-24-mart-2008-pazartesi-tarihli-deneyim-raporu","status":"publish","type":"page","link":"https:\/\/swisslasik.ch\/tr\/yasli-hasta-raporlari-goez-klinigi-tuerkiye\/kisa-ve-neredeyse-agrisiz-24-mart-2008-pazartesi-tarihli-deneyim-raporu\/","title":{"rendered":"K\u0131sa ve (neredeyse) a\u011fr\u0131s\u0131z \u2013 24 Mart 2008 Pazartesi tarihli deneyim raporu"},"content":{"rendered":"\n<h3 class=\"wp-block-heading\">K\u0131sa ve (neredeyse) a\u011fr\u0131s\u0131z \u2013 24 Mart 2008 Pazartesi tarihli deneyim raporu<\/h3>\n\n\n\n<p>K\u0131sa ve (neredeyse) a\u011fr\u0131s\u0131z<\/p>\n\n\n\n<p>\u0130stanbul&#8217;daki &#8220;lazer g\u00f6z ameliyat\u0131&#8221; projemin \u00f6zeti i\u015fte b\u00f6yle olurdu! Ge\u00e7en Cumartesi \u0130stanbul&#8217;dan bir\u00e7ok yeni izlenim ve deneyimle, ve her \u015feyden \u00f6nemlisi, g\u00f6zl\u00fck veya kontakt lens olmadan kristal berrakl\u0131\u011f\u0131nda bir g\u00f6r\u00fc\u015fle d\u00f6nd\u00fcm! Deneyimimi sizinle payla\u015fmak isterim:  <\/p>\n\n\n\n<p>Bir s\u00fcredir lazer g\u00f6z ameliyat\u0131n\u0131 d\u00fc\u015f\u00fcn\u00fcyordum. Yakla\u015f\u0131k 15 y\u0131ld\u0131r g\u00f6zl\u00fck veya kontakt lens kullan\u0131yordum. Yakla\u015f\u0131k bir y\u0131l \u00f6nce, lenslerimi \u00e7ok uzun s\u00fcre kulland\u0131\u011f\u0131m i\u00e7in ciddi bir kornea enfeksiyonu ge\u00e7irdim. Ne yapal\u0131m, insan ya\u015fayarak \u00f6\u011freniyor! Her neyse, daha dikkatli oldum ve asl\u0131nda olduk\u00e7a rahats\u0131z edici olsalar bile g\u00f6zl\u00fcklerimi daha s\u0131k takmaya ba\u015flad\u0131m. Bu y\u00fczden, yakla\u015f\u0131k iki ay \u00f6nce Google&#8217;a &#8220;lazer g\u00f6z ameliyat\u0131&#8221; yazd\u0131m ve h\u0131zl\u0131ca Swisslasik web sitesini buldum ve Z\u00fcrih&#8217;te \u00f6n muayene i\u00e7in kay\u0131t oldum. Bay Karaagacli hemen benimle ileti\u015fime ge\u00e7ti ve Z\u00fcrih&#8217;e muayene i\u00e7in seyahat edebilece\u011fim baz\u0131 tarihleri \u200b\u200bkendisine verdim. Daha sonra beni g\u00f6z doktoruna kaydetti. \u00d6n muayene s\u0131ras\u0131nda, ger\u00e7ek tan\u0131 testlerine ek olarak, lazerin avantajlar\u0131 ve dezavantajlar\u0131 hakk\u0131nda da bilgilendirildim. \u015eimdi tekrar d\u00fc\u015f\u00fcnmek i\u00e7in zaman\u0131m vard\u0131. Kornea enfeksiyonu nedeniyle sa\u011f g\u00f6z\u00fcmde bir yara izi vard\u0131 ve bu belirli bir risk olu\u015fturuyordu. Ancak bunun d\u0131\u015f\u0131nda, komplikasyon riskinin neredeyse s\u0131f\u0131r oldu\u011funu s\u00f6ylediler. Birka\u00e7 g\u00fcn boyunca karars\u0131z kald\u0131m. Arkada\u015flar\u0131m ve ailem elbette bunu yapmamam\u0131 tavsiye ettiler. S\u00fcrekli &#8220;Ya bir \u015feyler ters giderse&#8230;!&#8221; gibi yorumlar duyuyordum!               <\/p>\n\n\n\n<p>Ama g\u00f6zl\u00fck veya kontakt lenssiz bir hayat d\u00fc\u015f\u00fcncesi akl\u0131mdan \u00e7\u0131km\u0131yordu. Ayr\u0131ca, ameliyat masraflar\u0131n\u0131 kar\u015f\u0131lamak i\u00e7in kullanabilece\u011fim bir miras paras\u0131 da alm\u0131\u015ft\u0131m. Swisslasik web sitesini biraz daha inceledim ve beni ikna eden baz\u0131 referanslar\u0131 okuduktan sonra nihayet karar\u0131m\u0131 verdim. Ve s\u00f6ylemeliyim ki, bir an bile pi\u015fman olmad\u0131m! Bay Karaagacli her \u015feyi m\u00fckemmel bir \u015fekilde organize etti: u\u00e7ak bileti, otel, ameliyat \u2013 her \u015feyi \u00e7ok k\u0131sa bir s\u00fcrede ayarlad\u0131! \u0130stanbul&#8217;daki kal\u0131\u015f\u0131m i\u00e7in gerekli ve faydal\u0131 t\u00fcm bilgileri i\u00e7eren ki\u015fiselle\u015ftirilmi\u015f bir Swisslasik pasaportu ald\u0131m. Bay Karaagacli&#8217;nin telefonda ve e-postalarda g\u00f6sterdi\u011fi i\u00e7ten samimiyet de ayr\u0131ca belirtilmeye de\u011fer!      <\/p>\n\n\n\n<p>Ge\u00e7en \u00c7ar\u015famba \u0130stanbul&#8217;a u\u00e7tum, d\u00fcr\u00fcst olmak gerekirse biraz endi\u015feliydim. Havaalan\u0131nda SwissLASIK ile lazer g\u00f6z ameliyat\u0131 yapt\u0131rmay\u0131 tercih eden iki \u0130svi\u00e7reliyle tan\u0131\u015f\u0131nca bu endi\u015fem biraz azald\u0131. Bizi de Bay Cayli kar\u015f\u0131lad\u0131 ve otele g\u00f6t\u00fcrd\u00fc. Ak\u0131c\u0131 Almanca konu\u015fuyordu ve bize &#8220;EyeStar&#8221; g\u00f6z klini\u011fi ve lazer g\u00f6z ameliyat\u0131m\u0131z\u0131 yapacak g\u00f6z doktoru hakk\u0131nda bilgi verdi. EyeStar&#8217;\u0131n d\u00fcnyan\u0131n en iyi kliniklerinden biri oldu\u011funu ve doktorun yakla\u015f\u0131k 20.000 ameliyat ger\u00e7ekle\u015ftirdi\u011fini s\u00f6yledi. Bu elbette son derece g\u00fcven vericiydi! Otelde s\u0131cak bir kar\u015f\u0131lama ald\u0131k ve ertesi g\u00fcn hemen al\u0131narak klini\u011fe g\u00f6t\u00fcr\u00fcld\u00fck, burada g\u00f6zlerimiz detayl\u0131 bir \u015fekilde muayene edildi. Ard\u0131ndan k\u0131sa bir \u00f6\u011fle yeme\u011fi molas\u0131 verildi ve \u00f6\u011fleden sonra ameliyat ger\u00e7ekle\u015fti! Her \u015fey, kesinlikle her \u015fey, sorunsuz ge\u00e7ti diyebilirim! Her zaman iyi bak\u0131ld\u0131k ve bilgilendirildik, ortam her zaman huzurlu ve dost canl\u0131s\u0131yd\u0131. Ameliyat s\u0131ras\u0131nda k\u0131sa bir s\u00fcre i\u00e7in biraz daha yo\u011fun bir a\u011fr\u0131 hissettim ve sonras\u0131nda g\u00f6zlerim biraz yand\u0131. Ancak, hemen g\u00f6z damlas\u0131 verildi ve bu da yanma hissini hafifletti. K\u0131sa bir s\u00fcre sonra, dinlenebilece\u011fimiz otele g\u00f6t\u00fcr\u00fcld\u00fck. \u00dc\u00e7 saat sonra kendimi \u00e7ok daha iyi hissediyordum ve k\u0131sa bir metni okuyabiliyordum bile. Lazer tedavisinden hemen sonra g\u00f6r\u00fc\u015f\u00fcm neredeyse an\u0131nda tekrar netle\u015fti. Sonu\u00e7tan \u00e7ok memnunum! Her \u015fey bitti; d\u00fczeltici lenslere ihtiya\u00e7 duymadan &#8220;yeni g\u00f6r\u00fc\u015f\u00fcmden&#8221; \u00e7ok mutluyum ve bunu herkese g\u00f6n\u00fcl rahatl\u0131\u011f\u0131yla tavsiye edebilirim!                <\/p>\n\n\n\n<p>Ama hikaye hen\u00fcz bitmedi: Ertesi g\u00fcn doktorla son bir kontrol\u00fcm\u00fcz oldu. Her \u015fey yolundayd\u0131! G\u00fcn\u00fcn geri kalan\u0131n\u0131 kendimize ay\u0131rd\u0131k, bu y\u00fczden ertesi g\u00fcn \u0130svi\u00e7re&#8217;ye u\u00e7madan \u00f6nce \u0130stanbul&#8217;u ke\u015ffetmek i\u00e7in biraz zaman\u0131m\u0131z oldu. Bir s\u00fcre g\u00f6z damlas\u0131 kullanmam gerekecek ama hi\u00e7bir sorunum yok ve g\u00f6r\u00fc\u015f\u00fcm son derece net. Yard\u0131mc\u0131 olan herkese \u00e7ok te\u015fekk\u00fcr ederim.    <\/p>\n\n\n\n<p>Ba\u011fl\u0131, 25.03.2008<\/p>\n\n\n\n<div class=\"wp-block-group is-layout-grid wp-container-core-group-is-layout-baef362d wp-block-group-is-layout-grid\">\n<p><a href=\"https:\/\/medicaltravel.at\/home\/agb\/\" data-type=\"page\" data-id=\"2191\" rel=\"nofollow noopener\" target=\"_blank\"><\/a><a href=\"https:\/\/swisslasik.ch\/tr\/yasli-hasta-raporlari-goez-klinigi-tuerkiye\/goez-lazeri-ameliyati-ile-ilgili-deneyimim-26-mart-2008-carsamba-tarihli-deneyim-raporu\/\" data-type=\"link\" data-id=\"https:\/\/swisslasik.ch\/tr\/yasli-hasta-raporlari-goez-klinigi-tuerkiye\/goez-lazeri-ameliyati-ile-ilgili-deneyimim-26-mart-2008-carsamba-tarihli-deneyim-raporu\/\">\u00d6nceki rapor<\/a><\/p>\n\n\n\n<p class=\"has-text-align-right wp-container-content-5e2576f9\"><a href=\"https:\/\/medicaltravel.at\/home\/impressum\/\" data-type=\"page\" data-id=\"2193\" rel=\"nofollow noopener\" target=\"_blank\"><\/a><a href=\"https:\/\/medicaltravel.at\/home\/berichte-von-patienten\/erfahrungsberichte\/erfahrungsbericht-zahnbehandlung-in-istanbul\/\" data-type=\"page\" data-id=\"981\" rel=\"nofollow noopener\" target=\"_blank\"><\/a><a href=\"https:\/\/swisslasik.ch\/tr\/yasli-hasta-raporlari-goez-klinigi-tuerkiye\/yaptim-gitti-17-mart-2008-pazartesi-tarihli-deneyim-raporu\/\" data-type=\"link\" data-id=\"https:\/\/swisslasik.ch\/altere-patientenberichte-augenklinik-tuerkei\/ich-habs-getan-bericht-vom-montag-17-marz-2008\/\">Bir Sonraki Rapor<br><\/a><\/p>\n<\/div>\n","protected":false},"excerpt":{"rendered":"<p>K\u0131sa ve (neredeyse) a\u011fr\u0131s\u0131z \u2013 24 Mart 2008 Pazartesi tarihli deneyim raporu K\u0131sa ve (neredeyse) a\u011fr\u0131s\u0131z \u0130stanbul&#8217;daki &#8220;lazer g\u00f6z ameliyat\u0131&#8221; projemin \u00f6zeti i\u015fte b\u00f6yle olurdu! Ge\u00e7en Cumartesi \u0130stanbul&#8217;dan bir\u00e7ok yeni izlenim ve deneyimle, ve her \u015feyden \u00f6nemlisi, g\u00f6zl\u00fck veya kontakt lens olmadan kristal berrakl\u0131\u011f\u0131nda bir g\u00f6r\u00fc\u015fle d\u00f6nd\u00fcm! Deneyimimi sizinle payla\u015fmak isterim: Bir s\u00fcredir lazer g\u00f6z ameliyat\u0131n\u0131 d\u00fc\u015f\u00fcn\u00fcyordum. Yakla\u015f\u0131k 15 y\u0131ld\u0131r g\u00f6zl\u00fck veya kontakt lens kullan\u0131yordum. Yakla\u015f\u0131k bir y\u0131l \u00f6nce, lenslerimi \u00e7ok uzun s\u00fcre kulland\u0131\u011f\u0131m i\u00e7in ciddi bir kornea enfeksiyonu ge\u00e7irdim. Ne yapal\u0131m, insan ya\u015fayarak \u00f6\u011freniyor! Her neyse, daha dikkatli oldum ve asl\u0131nda olduk\u00e7a rahats\u0131z edici olsalar bile g\u00f6zl\u00fcklerimi daha s\u0131k takmaya ba\u015flad\u0131m. Bu y\u00fczden, yakla\u015f\u0131k iki ay \u00f6nce Google&#8217;a &#8220;lazer g\u00f6z ameliyat\u0131&#8221; yazd\u0131m ve h\u0131zl\u0131ca Swisslasik web sitesini buldum ve Z\u00fcrih&#8217;te \u00f6n muayene i\u00e7in kay\u0131t oldum. Bay Karaagacli hemen benimle ileti\u015fime ge\u00e7ti ve Z\u00fcrih&#8217;e muayene i\u00e7in seyahat edebilece\u011fim baz\u0131 tarihleri \u200b\u200bkendisine verdim. Daha sonra beni g\u00f6z doktoruna kaydetti. \u00d6n muayene s\u0131ras\u0131nda, ger\u00e7ek tan\u0131 testlerine ek olarak, lazerin avantajlar\u0131 ve dezavantajlar\u0131 hakk\u0131nda da bilgilendirildim. \u015eimdi tekrar d\u00fc\u015f\u00fcnmek i\u00e7in zaman\u0131m vard\u0131. Kornea enfeksiyonu nedeniyle sa\u011f g\u00f6z\u00fcmde bir yara izi vard\u0131 ve bu belirli bir risk olu\u015fturuyordu. Ancak bunun d\u0131\u015f\u0131nda, komplikasyon riskinin neredeyse s\u0131f\u0131r oldu\u011funu s\u00f6ylediler. Birka\u00e7 g\u00fcn boyunca karars\u0131z kald\u0131m. Arkada\u015flar\u0131m ve ailem elbette bunu yapmamam\u0131 tavsiye ettiler. S\u00fcrekli &#8220;Ya bir \u015feyler ters giderse&#8230;!&#8221; gibi yorumlar duyuyordum! Ama g\u00f6zl\u00fck veya kontakt lenssiz bir hayat d\u00fc\u015f\u00fcncesi akl\u0131mdan \u00e7\u0131km\u0131yordu. Ayr\u0131ca, ameliyat masraflar\u0131n\u0131 kar\u015f\u0131lamak i\u00e7in kullanabilece\u011fim bir miras paras\u0131 da alm\u0131\u015ft\u0131m. Swisslasik web sitesini biraz daha inceledim ve beni ikna eden baz\u0131 referanslar\u0131 okuduktan sonra nihayet karar\u0131m\u0131 verdim. Ve s\u00f6ylemeliyim ki, bir an bile pi\u015fman olmad\u0131m! Bay Karaagacli her \u015feyi m\u00fckemmel bir \u015fekilde organize etti: u\u00e7ak bileti, otel, ameliyat \u2013 her \u015feyi \u00e7ok k\u0131sa bir s\u00fcrede ayarlad\u0131! \u0130stanbul&#8217;daki kal\u0131\u015f\u0131m i\u00e7in gerekli ve faydal\u0131 t\u00fcm bilgileri i\u00e7eren ki\u015fiselle\u015ftirilmi\u015f bir Swisslasik pasaportu ald\u0131m. Bay Karaagacli&#8217;nin telefonda ve e-postalarda g\u00f6sterdi\u011fi i\u00e7ten samimiyet de ayr\u0131ca belirtilmeye de\u011fer! Ge\u00e7en \u00c7ar\u015famba \u0130stanbul&#8217;a u\u00e7tum, d\u00fcr\u00fcst olmak gerekirse biraz endi\u015feliydim. Havaalan\u0131nda SwissLASIK ile lazer g\u00f6z ameliyat\u0131 yapt\u0131rmay\u0131 tercih eden iki \u0130svi\u00e7reliyle tan\u0131\u015f\u0131nca bu endi\u015fem biraz azald\u0131. Bizi de Bay Cayli kar\u015f\u0131lad\u0131 ve otele g\u00f6t\u00fcrd\u00fc. Ak\u0131c\u0131 Almanca konu\u015fuyordu ve bize &#8220;EyeStar&#8221; g\u00f6z klini\u011fi ve lazer g\u00f6z ameliyat\u0131m\u0131z\u0131 yapacak g\u00f6z doktoru hakk\u0131nda bilgi verdi. EyeStar&#8217;\u0131n d\u00fcnyan\u0131n en iyi kliniklerinden biri oldu\u011funu ve doktorun yakla\u015f\u0131k 20.000 ameliyat ger\u00e7ekle\u015ftirdi\u011fini s\u00f6yledi. Bu elbette son derece g\u00fcven vericiydi! Otelde s\u0131cak bir kar\u015f\u0131lama ald\u0131k ve ertesi g\u00fcn hemen al\u0131narak klini\u011fe g\u00f6t\u00fcr\u00fcld\u00fck, burada g\u00f6zlerimiz detayl\u0131 bir \u015fekilde muayene edildi. Ard\u0131ndan k\u0131sa bir \u00f6\u011fle yeme\u011fi molas\u0131 verildi ve \u00f6\u011fleden sonra ameliyat ger\u00e7ekle\u015fti! Her \u015fey, kesinlikle her \u015fey, sorunsuz ge\u00e7ti diyebilirim! Her zaman iyi bak\u0131ld\u0131k ve bilgilendirildik, ortam her zaman huzurlu ve dost canl\u0131s\u0131yd\u0131. Ameliyat s\u0131ras\u0131nda k\u0131sa bir s\u00fcre i\u00e7in biraz daha yo\u011fun bir a\u011fr\u0131 hissettim ve sonras\u0131nda g\u00f6zlerim biraz yand\u0131. Ancak, hemen g\u00f6z damlas\u0131 verildi ve bu da yanma hissini hafifletti. K\u0131sa bir s\u00fcre sonra, dinlenebilece\u011fimiz otele g\u00f6t\u00fcr\u00fcld\u00fck. \u00dc\u00e7 saat sonra kendimi \u00e7ok daha iyi hissediyordum ve k\u0131sa bir metni okuyabiliyordum bile. Lazer tedavisinden hemen sonra g\u00f6r\u00fc\u015f\u00fcm neredeyse an\u0131nda tekrar netle\u015fti. Sonu\u00e7tan \u00e7ok memnunum! Her \u015fey bitti; d\u00fczeltici lenslere ihtiya\u00e7 duymadan &#8220;yeni g\u00f6r\u00fc\u015f\u00fcmden&#8221; \u00e7ok mutluyum ve bunu herkese g\u00f6n\u00fcl rahatl\u0131\u011f\u0131yla tavsiye edebilirim! Ama hikaye hen\u00fcz bitmedi: Ertesi g\u00fcn doktorla son bir kontrol\u00fcm\u00fcz oldu. Her \u015fey yolundayd\u0131! G\u00fcn\u00fcn geri kalan\u0131n\u0131 kendimize ay\u0131rd\u0131k, bu y\u00fczden ertesi g\u00fcn \u0130svi\u00e7re&#8217;ye u\u00e7madan \u00f6nce \u0130stanbul&#8217;u ke\u015ffetmek i\u00e7in biraz zaman\u0131m\u0131z oldu. Bir s\u00fcre g\u00f6z damlas\u0131 kullanmam gerekecek ama hi\u00e7bir sorunum yok ve g\u00f6r\u00fc\u015f\u00fcm son derece net. Yard\u0131mc\u0131 olan herkese \u00e7ok te\u015fekk\u00fcr ederim. Ba\u011fl\u0131, 25.03.2008 \u00d6nceki rapor Bir Sonraki Rapor<\/p>\n","protected":false},"author":4,"featured_media":0,"parent":3355,"menu_order":0,"comment_status":"closed","ping_status":"closed","template":"","meta":{"_joinchat":[],"footnotes":""},"class_list":["post-3399","page","type-page","status-publish","hentry"],"acf":[],"_links":{"self":[{"href":"https:\/\/swisslasik.ch\/tr\/wp-json\/wp\/v2\/pages\/3399","targetHints":{"allow":["GET"]}}],"collection":[{"href":"https:\/\/swisslasik.ch\/tr\/wp-json\/wp\/v2\/pages"}],"about":[{"href":"https:\/\/swisslasik.ch\/tr\/wp-json\/wp\/v2\/types\/page"}],"author":[{"embeddable":true,"href":"https:\/\/swisslasik.ch\/tr\/wp-json\/wp\/v2\/users\/4"}],"replies":[{"embeddable":true,"href":"https:\/\/swisslasik.ch\/tr\/wp-json\/wp\/v2\/comments?post=3399"}],"version-history":[{"count":2,"href":"https:\/\/swisslasik.ch\/tr\/wp-json\/wp\/v2\/pages\/3399\/revisions"}],"predecessor-version":[{"id":4848,"href":"https:\/\/swisslasik.ch\/tr\/wp-json\/wp\/v2\/pages\/3399\/revisions\/4848"}],"up":[{"embeddable":true,"href":"https:\/\/swisslasik.ch\/tr\/wp-json\/wp\/v2\/pages\/3355"}],"wp:attachment":[{"href":"https:\/\/swisslasik.ch\/tr\/wp-json\/wp\/v2\/media?parent=3399"}],"curies":[{"name":"wp","href":"https:\/\/api.w.org\/{rel}","templated":true}]}}