{"id":3401,"date":"2025-09-24T14:59:58","date_gmt":"2025-09-24T13:59:58","guid":{"rendered":"https:\/\/swisslasik.ch\/yasli-hasta-raporlari-goez-klinigi-tuerkiye\/istanbulda-lasik-ameliyati-05-aralik-2006-sali-tarihli-deneyim-raporu\/"},"modified":"2026-01-14T21:12:38","modified_gmt":"2026-01-14T20:12:38","slug":"istanbulda-lasik-ameliyati-05-aralik-2006-sali-tarihli-deneyim-raporu","status":"publish","type":"page","link":"https:\/\/swisslasik.ch\/tr\/yasli-hasta-raporlari-goez-klinigi-tuerkiye\/istanbulda-lasik-ameliyati-05-aralik-2006-sali-tarihli-deneyim-raporu\/","title":{"rendered":"\u0130stanbul\u2019da LASIK ameliyat\u0131 \u2013 05 Aral\u0131k 2006 Sal\u0131 tarihli deneyim raporu"},"content":{"rendered":"\n<p id=\"breadcrumbs\">Buradas\u0131n\u0131z <a href=\"https:\/\/swisslasik.ch\/tr\/\" data-type=\"page\" data-id=\"6\">Ana Sayfa<\/a> \u00bb <a href=\"https:\/\/swisslasik.ch\/tr\/yasli-hasta-raporlari-goez-klinigi-tuerkiye\/\" data-type=\"link\" data-id=\"https:\/\/swisslasik.ch\/altere-patientenberichte-augenklinik-tuerkei\/\">Eski hasta deneyimleri \u2013 T\u00fcrkiye G\u00f6z Klini\u011fi<\/a> \u00bb \u0130stanbul\u2019da LASIK ameliyat\u0131 \u2013 05 Aral\u0131k 2006 Sal\u0131 g\u00fcn\u00fc hasta deneyimi<\/p>\n\n<h3 class=\"wp-block-heading\">\u0130stanbul\u2019da LASIK ameliyat\u0131 \u2013 05 Aral\u0131k 2006 Sal\u0131 tarihli deneyim raporu<\/h3>\n\n<p>sal\u00fc<\/p>\n\n<p>Eyl\u00fcl ay\u0131nda zaten \u0130stanbul&#8217;dayd\u0131m. swisslasik.ch benim i\u00e7in her \u015feyi \u00e7ok iyi organize etmi\u015fti. <\/p>\n\n<p>CH&#8217;de \u00f6n inceleme<\/p>\n\n<p>U\u00e7u\u015f<\/p>\n\n<p>Havaliman\u0131-otel-havaliman\u0131 transferleri<\/p>\n\n<p>otel<\/p>\n\n<p>klinik vb.<\/p>\n\n<p>Benim durumumda normal LASIK tercih edildi. Doktor, de\u011ferlerimin femto LASIK i\u00e7in tam olarak uygun olmad\u0131\u011f\u0131n\u0131 s\u00f6yledi. Femto LASIK ile daha fazla \u00fccret \u00f6demem gerekece\u011fi i\u00e7in buna inand\u0131m.  <\/p>\n\n<p>\u0130lk hafta zaman zaman baz\u0131 sorunlar ya\u015fad\u0131m. Ama \u015fimdi sonu\u00e7tan memnunum. Kontakt lens olmadan ya\u015fayabilmek benim i\u00e7in inan\u0131lmaz bir \u015fey!<\/p>\n\n<div class=\"wp-block-group is-layout-grid wp-container-core-group-is-layout-baef362d wp-block-group-is-layout-grid\">\n<p><a href=\"https:\/\/medicaltravel.at\/home\/agb\/\" data-type=\"page\" data-id=\"2191\" rel=\"nofollow noopener\" target=\"_blank\"><\/a><a href=\"https:\/\/swisslasik.ch\/tr\/yasli-hasta-raporlari-goez-klinigi-tuerkiye\/istanbulda-goez-lazeri-deneyimi-29-ocak-2007-pazartesi-tarihli-deneyim-raporu\/\" data-type=\"link\" data-id=\"https:\/\/swisslasik.ch\/altere-patientenberichte-augenklinik-tuerkei\/erfahrungsbericht-augenlaser-istanbul-bericht-vom-montag-29-januar-2007\/\">\u00d6nceki rapor<\/a><\/p>\n\n\n\n<p class=\"has-text-align-right wp-container-content-5e2576f9\"><a href=\"https:\/\/medicaltravel.at\/home\/impressum\/\" data-type=\"page\" data-id=\"2193\" rel=\"nofollow noopener\" target=\"_blank\"><\/a><a href=\"https:\/\/medicaltravel.at\/home\/berichte-von-patienten\/erfahrungsberichte\/erfahrungsbericht-zahnbehandlung-in-istanbul\/\" data-type=\"page\" data-id=\"981\" rel=\"nofollow noopener\" target=\"_blank\"><\/a><a href=\"https:\/\/swisslasik.ch\/tr\/yasli-hasta-raporlari-goez-klinigi-tuerkiye\/lasik-istanbul-deneyim-raporu-29-kasim-2006-carsamba-tarihli-rapor\/\" data-type=\"link\" data-id=\"https:\/\/swisslasik.ch\/altere-patientenberichte-augenklinik-tuerkei\/erfahrungsbericht-lasik-istanbul-bericht-vom-mittwoch-29-november-2006\/\">Bir Sonraki Rapor<br\/><\/a><\/p>\n<\/div>\n","protected":false},"excerpt":{"rendered":"<p>Buradas\u0131n\u0131z Ana Sayfa \u00bb Eski hasta deneyimleri \u2013 T\u00fcrkiye G\u00f6z Klini\u011fi \u00bb \u0130stanbul\u2019da LASIK ameliyat\u0131 \u2013 05 Aral\u0131k 2006 Sal\u0131 g\u00fcn\u00fc hasta deneyimi \u0130stanbul\u2019da LASIK ameliyat\u0131 \u2013 05 Aral\u0131k 2006 Sal\u0131 tarihli deneyim raporu sal\u00fc Eyl\u00fcl ay\u0131nda zaten \u0130stanbul&#8217;dayd\u0131m. swisslasik.ch benim i\u00e7in her \u015feyi \u00e7ok iyi organize etmi\u015fti. CH&#8217;de \u00f6n inceleme U\u00e7u\u015f Havaliman\u0131-otel-havaliman\u0131 transferleri otel klinik vb. Benim durumumda normal LASIK tercih edildi. Doktor, de\u011ferlerimin femto LASIK i\u00e7in tam olarak uygun olmad\u0131\u011f\u0131n\u0131 s\u00f6yledi. Femto LASIK ile daha fazla \u00fccret \u00f6demem gerekece\u011fi i\u00e7in buna inand\u0131m. \u0130lk hafta zaman zaman baz\u0131 sorunlar ya\u015fad\u0131m. Ama \u015fimdi sonu\u00e7tan memnunum. Kontakt lens olmadan ya\u015fayabilmek benim i\u00e7in inan\u0131lmaz bir \u015fey! \u00d6nceki rapor Bir Sonraki Rapor<\/p>\n","protected":false},"author":4,"featured_media":0,"parent":3355,"menu_order":0,"comment_status":"closed","ping_status":"closed","template":"","meta":{"_joinchat":[],"footnotes":""},"class_list":["post-3401","page","type-page","status-publish","hentry"],"acf":[],"_links":{"self":[{"href":"https:\/\/swisslasik.ch\/tr\/wp-json\/wp\/v2\/pages\/3401","targetHints":{"allow":["GET"]}}],"collection":[{"href":"https:\/\/swisslasik.ch\/tr\/wp-json\/wp\/v2\/pages"}],"about":[{"href":"https:\/\/swisslasik.ch\/tr\/wp-json\/wp\/v2\/types\/page"}],"author":[{"embeddable":true,"href":"https:\/\/swisslasik.ch\/tr\/wp-json\/wp\/v2\/users\/4"}],"replies":[{"embeddable":true,"href":"https:\/\/swisslasik.ch\/tr\/wp-json\/wp\/v2\/comments?post=3401"}],"version-history":[{"count":1,"href":"https:\/\/swisslasik.ch\/tr\/wp-json\/wp\/v2\/pages\/3401\/revisions"}],"predecessor-version":[{"id":3402,"href":"https:\/\/swisslasik.ch\/tr\/wp-json\/wp\/v2\/pages\/3401\/revisions\/3402"}],"up":[{"embeddable":true,"href":"https:\/\/swisslasik.ch\/tr\/wp-json\/wp\/v2\/pages\/3355"}],"wp:attachment":[{"href":"https:\/\/swisslasik.ch\/tr\/wp-json\/wp\/v2\/media?parent=3401"}],"curies":[{"name":"wp","href":"https:\/\/api.w.org\/{rel}","templated":true}]}}