{"id":3403,"date":"2025-09-24T15:08:45","date_gmt":"2025-09-24T14:08:45","guid":{"rendered":"https:\/\/swisslasik.ch\/yasli-hasta-raporlari-goez-klinigi-tuerkiye\/lasik-istanbul-deneyim-raporum-28-mayis-2008-carsamba-tarihli-rapor\/"},"modified":"2026-01-14T20:50:23","modified_gmt":"2026-01-14T19:50:23","slug":"lasik-istanbul-deneyim-raporum-28-mayis-2008-carsamba-tarihli-rapor","status":"publish","type":"page","link":"https:\/\/swisslasik.ch\/tr\/yasli-hasta-raporlari-goez-klinigi-tuerkiye\/lasik-istanbul-deneyim-raporum-28-mayis-2008-carsamba-tarihli-rapor\/","title":{"rendered":"LASIK \u0130stanbul deneyim raporum \u2013 28 May\u0131s 2008 \u00c7ar\u015famba tarihli rapor"},"content":{"rendered":"\n<h3 class=\"wp-block-heading\">LASIK \u0130stanbul deneyim raporum \u2013 28 May\u0131s 2008 \u00c7ar\u015famba tarihli rapor<\/h3>\n\n\n\n<p>G\u00f6z lazer ameliyat\u0131 deneyimim hakk\u0131nda hasta anlat\u0131m\u0131<\/p>\n\n\n\n<p>Ba\u015flang\u0131\u00e7<\/p>\n\n\n\n<p>Bu y\u0131l\u0131n nisan ay\u0131n\u0131n ba\u015f\u0131nda e\u015fimle birlikte Asya seyahatinden eve d\u00f6nd\u00fck. Orada di\u011fer \u015feylerin yan\u0131 s\u0131ra s\u00f6rf yapt\u0131m ve normalde s\u00fcrekli g\u00f6zl\u00fck kulland\u0131\u011f\u0131m i\u00e7in g\u00fcnl\u00fck kontakt lenslerle u\u011fra\u015fmak zorunda kald\u0131m (miyop, 1.25 diyoptri). Ak\u015famlar\u0131 ise, dal\u0131\u015flar s\u0131ras\u0131nda zaten kaybetmemi\u015fsem, lenslerimi aramakla u\u011fra\u015f\u0131yordum. D\u00f6n\u00fc\u015ften sonra \u00e7ok net bir iste\u011fim vard\u0131: Bundan sonra g\u00f6zl\u00fcks\u00fcz ya\u015famak.   <\/p>\n\n\n\n<p>D\u00f6nd\u00fckten sonra g\u00fcne\u015f g\u00f6zl\u00fc\u011f\u00fc i\u00e7in optik\u00e7iye gittik ve kendisine, benim g\u00f6rme bozuklu\u011fum i\u00e7in lazer ameliyat\u0131n\u0131n m\u00fcmk\u00fcn olup olmad\u0131\u011f\u0131n\u0131 sordum. Evet dedi, ancak \u00f6nce bir \u00f6n de\u011ferlendirme yap\u0131lmas\u0131 gerekti\u011fini s\u00f6yledi. Konu maliyetlere de geldi ve bana g\u00f6zlerini T\u00fcrkiye\u2019de ameliyat ettiren bir m\u00fc\u015fterisinden bahsetti. T\u00fcrkiye mi?! Daha \u00f6nce bunu hi\u00e7 d\u00fc\u015f\u00fcnmemi\u015ftim, \u00e7\u00fcnk\u00fc ameliyat ve T\u00fcrkiye kavramlar\u0131 benim i\u00e7in pek yan yana gelmiyordu. Ama merak\u0131m uyanm\u0131\u015ft\u0131. Bunun hakk\u0131nda daha fazla bilgi edinmek istedim.      <\/p>\n\n\n\n<p>Eve d\u00f6nd\u00fc\u011f\u00fcmde internette ara\u015ft\u0131rma yapmaya ba\u015flad\u0131m. K\u0131sa s\u00fcrede swisslasik.ch web sitesine rastlad\u0131m. T\u00fcm siteyi yazd\u0131rd\u0131m, ba\u015ftan sona okudum ve i\u00e7erikleri \u0130svi\u00e7re\u2019deki kliniklerin verdi\u011fi bilgilerle kar\u015f\u0131la\u015ft\u0131rd\u0131m. Okuduklar\u0131m\u0131n sonunda, bir ameliyat\u0131n ba\u015far\u0131l\u0131 olmas\u0131 i\u00e7in birden fazla fakt\u00f6r\u00fcn \u00f6nemli oldu\u011fu sonucuna vard\u0131m:   <\/p>\n\n\n\n<p>Lazer i\u00e7in yap\u0131lan \u00f6n muayene ve uygulanacak d\u00fczeltmenin belirlenmesi<br>Doktorun deneyimi<br>Lazer cihazlar\u0131n\u0131n teknolojik seviyesi<br>Ameliyat ortam\u0131n\u0131n steril olmas\u0131<\/p>\n\n\n\n<p>Forumlar\u0131, hasta deneyimlerini ve gazete yaz\u0131lar\u0131n\u0131 inceledikten sonra T\u00fcrkiye\u2019de ameliyat olman\u0131n bir alternatif oldu\u011fu sonucuna vard\u0131m. Ancak tan\u0131mad\u0131\u011f\u0131m kliniklere ve macera dolu belirsizliklere kesinlikle girmek istemiyordum. Genel olarak Swisslasik\u2019in sundu\u011fu hizmet bana olduk\u00e7a ikna edici geldi: \u0130svi\u00e7re\u2019de yap\u0131lan \u00f6n ve kontrol muayeneleri, seyahatin t\u00fcm organizasyonu, Almanca konu\u015fulan bir muhatap, uzun s\u00fcredir faaliyet g\u00f6steren ve en modern cihazlara sahip bir klinik ile \u00e7ok nitelikli ve deneyimli doktorlar. Karar\u0131m k\u0131sa s\u00fcrede netle\u015fti: bunu yapaca\u011f\u0131m. Zaman\u0131 do\u011fruydu ve art\u0131k harekete ge\u00e7mek istiyordum.    <\/p>\n\n\n\n<p>Bir sonraki ad\u0131m Swisslasik ile ileti\u015fime ge\u00e7mek oldu. Say\u0131n Karaagacli\u2019nin ilgisini \u00e7ok samimi, yard\u0131msever, pratik ve kesinlikle bask\u0131c\u0131 olmayan bir \u015fekilde deneyimledim. Sadece 3 g\u00fcn i\u00e7inde Z\u00fcrih\u2019te bir \u00f6n muayene yapt\u0131rabildim. Bu muayene, benim g\u00f6rme bozuklu\u011fumda lazer ameliyat\u0131n\u0131n m\u00fcmk\u00fcn oldu\u011funu g\u00f6sterdi. Ancak g\u00f6z doktoru risklere de dikkat \u00e7ekti ve ileride okuma g\u00f6zl\u00fc\u011f\u00fc kullanmam gerekebilece\u011fini s\u00f6yledi. Bu nedenle karar\u0131n iyi d\u00fc\u015f\u00fcn\u00fclmesi gerekti\u011fini belirtti. \u0130ki g\u00fcn sonra karar\u0131m\u0131 verdim: Evet, ameliyat olmak istiyordum. Hem de m\u00fcmk\u00fcn olan en k\u0131sa s\u00fcrede, yaz gelmeden \u00f6nce g\u00f6zler tamamen iyile\u015fmi\u015f olsun diye.       <\/p>\n\n\n\n<p>K\u0131sa s\u00fcrede Say\u0131n Karaagacli ile 1 May\u0131s\u2019tan sonraki hafta sonu i\u00e7in bir randevu ayarlayabildik. U\u00e7ak biletini kendim ald\u0131m, di\u011fer t\u00fcm i\u015flemleri ise o halletti. <\/p>\n\n\n\n<p>Ameliyat<\/p>\n\n\n\n<p>U\u00e7u\u015f (Swiss), otel ve benzeri detaylar\u0131 burada ge\u00e7iyorum ve do\u011frudan klinikteki g\u00fcne devam etmek istiyorum. \u0130stanbul\u2019da serbest ge\u00e7en bir per\u015fembenin ard\u0131ndan art\u0131k zaman\u0131 gelmi\u015fti. \u00d6\u011fleye do\u011fru bizi otelden ald\u0131lar ve Eyestar Klini\u011fi\u2019ne g\u00f6t\u00fcrd\u00fcler. Binan\u0131n d\u0131\u015f\u0131 ve merdivenleri \u00e7ok etkileyici de\u011fildi; ancak taksi \u015fof\u00f6r\u00fc, bina sahibinin yak\u0131n zamanda bir renovasyon planlad\u0131\u011f\u0131n\u0131 \u00f6nceden bize s\u00f6yledi. Klini\u011fin i\u00e7ine girince ise her \u015fey tamamen farkl\u0131yd\u0131. Bizi, m\u00fckemmel bir Bern Almancas\u0131yla konu\u015fan Fred kar\u015f\u0131lad\u0131. Her \u015feyi ayr\u0131nt\u0131l\u0131 \u015fekilde anlatt\u0131 ve hastalarla i\u00e7tenlikle ilgilendi. Fred adeta klini\u011fin ruhu gibiydi. Onun yan\u0131nda kendinizi g\u00fcvende hissediyorsunuz.<br>Bir s\u00fcre sonra optik cihazlarla \u00f6n muayene ba\u015flad\u0131. Ard\u0131ndan g\u00f6z bebeklerini b\u00fcy\u00fctmek ve detayl\u0131 inceleme yapmak i\u00e7in g\u00f6zlere damla damlat\u0131ld\u0131. Daha sonra, lazer ameliyat\u0131n\u0131 da ger\u00e7ekle\u015ftirecek olan doktorun muayenesi yap\u0131ld\u0131. \u0130ngilizce konu\u015ftuk ve Fred her zaman yan\u0131m\u0131zdayd\u0131, gerekti\u011finde terc\u00fcman olarak destek oldu. Doktora \u00e7ok h\u0131zl\u0131 \u015fekilde g\u00fcven duydum; son derece deneyimli, kendinden emin ve sakindi. Bug\u00fcne kadar 25.000\u2019den fazla lazer ameliyat\u0131 yapm\u0131\u015ft\u0131. Bu bilgi, yakla\u015fan operasyon i\u00e7in bana g\u00fcven ve sakinlik verdi.<br>Bekleme s\u00fcrelerinde s\u00fcrekli olarak \u00e7ay, kola ve benzeri i\u00e7ecekler ikram edildi. Yar\u0131m daire \u015feklindeki ayd\u0131nl\u0131k bekleme salonunda neredeyse aile ortam\u0131 vard\u0131. Birbirimizi k\u00fc\u00e7\u00fck \u015fakalarla motive ediyor, zaman zaman Fred\u2019le de \u015fakala\u015f\u0131yorduk. Bu da rahatlamam\u0131za yard\u0131mc\u0131 oluyordu.                <\/p>\n\n\n\n<p>\u00d6n muayene, Z\u00fcrih\u2019te yap\u0131lan muayenenin sonucunu do\u011frulad\u0131. Ameliyat yap\u0131labilirdi. \u00d6n muayeneden sonra bir \u015feyler yemek i\u00e7in biraz zaman\u0131m\u0131z oldu.  <\/p>\n\n\n\n<p>Saat 16.30\u2019da tekrar klini\u011fe d\u00f6nd\u00fck. Bir s\u00fcre sonra ameliyathanenin bulundu\u011fu \u00fcst kata \u00e7\u0131kt\u0131k. Ameliyat s\u0131ras\u0131 bana gelmi\u015fti. Fred beni steril k\u0131yafet, bone ile haz\u0131rlad\u0131, g\u00f6zlerime damla damlatt\u0131 ve biraz gergin olmama ra\u011fmen i\u00e7ten i\u00e7e sakindim. \u015eimdi neler olaca\u011f\u0131n\u0131 de anlatt\u0131. O ana kadar ya\u015fad\u0131klar\u0131mdan dolay\u0131 klini\u011fe ve \u00e7al\u0131\u015fanlar\u0131na tam bir g\u00fcvenim vard\u0131.<br>Ameliyathanede ilk olarak v\u00fccudum ve ba\u015f\u0131m ameliyat masas\u0131na do\u011fru \u015fekilde yerle\u015ftirildi. Daha sonra ba\u015f\u0131m\u0131n \u00fczerine bir \u00f6rt\u00fc maskesi kondu (ancak d\u0131\u015far\u0131y\u0131 g\u00f6rebiliyordum) ve g\u00f6z kapaklar\u0131 sabitlendi. Ard\u0131ndan g\u00f6ze bir halka ile vakum uygulanarak, keratom ad\u0131 verilen cihazla flap denilen kapak kald\u0131r\u0131ld\u0131. Vakum i\u015flemi, g\u00f6ze bask\u0131 uyguland\u0131\u011f\u0131 i\u00e7in biraz rahats\u0131z ediciydi.<br>Lazer do\u011fru konuma geldi\u011finde (g\u00f6z\u00fcn do\u011fru pozisyonda olmas\u0131 i\u00e7in s\u00fcrekli ye\u015fil \u0131\u015f\u0131klara bak\u0131yorsunuz) doktorun komutu geldi: \u015eimdi pozisyonu koruyun. Lazer \u00e7al\u0131\u015ft\u0131r\u0131ld\u0131, g\u00f6r\u00fc\u015f\u00fcm k\u0131sa s\u00fcreli\u011fine bulan\u0131kla\u015ft\u0131 ama ayn\u0131 y\u00f6ne bakmaya devam edip pozisyonu korudum. Benim d\u00fc\u015f\u00fck dereceli g\u00f6rme bozuklu\u011fum olan 1.25 diyoptri i\u00e7in lazer i\u015flemi yakla\u015f\u0131k 10 saniye sonra tamamland\u0131. Hi\u00e7 a\u011fr\u0131 hissetmedim. Daha sonra ayn\u0131 i\u015flem di\u011fer g\u00f6z i\u00e7in tekrarland\u0131.<br>Ameliyat masas\u0131nda en fazla 10 dakika kald\u0131ktan sonra i\u015flem sona erdi. Fred bana kalkmamda yard\u0131mc\u0131 oldu ve az \u0131\u015f\u0131kland\u0131r\u0131lm\u0131\u015f yan bir odaya g\u00f6t\u00fcrd\u00fc; burada uzanabildim. Sonraki yakla\u015f\u0131k 3 saat sab\u0131r gerektiriyordu: G\u00f6zler \u0131\u015f\u0131\u011fa hassas ve biraz yan\u0131yordu. Dayan\u0131labilir bir durumdu ama m\u00fcmk\u00fcn oldu\u011funca etrafta \u0131\u015f\u0131k olmamas\u0131n\u0131 istiyordum.<br>T\u00fcm ameliyatlar tamamland\u0131ktan sonra tekrar a\u015fa\u011f\u0131 kata indik. Burada ameliyat\u0131 yapan doktor taraf\u0131ndan bir kontrol muayenesi yap\u0131ld\u0131. Fred bize verilen g\u00f6z damlalar\u0131n\u0131n nas\u0131l kullan\u0131laca\u011f\u0131n\u0131 ayr\u0131nt\u0131l\u0131 \u015fekilde anlatt\u0131. Daha sonra tekrar otele g\u00f6t\u00fcr\u00fcld\u00fck. Uzand\u0131\u011f\u0131m i\u00e7in \u00e7ok mutluydum. \u0130lk gece g\u00f6zleri korumak i\u00e7in g\u00f6z bantlar\u0131 verildi. K\u0131sa s\u00fcrede uykuya dald\u0131m.<br>Sabah\u0131n erken saatlerinde merak edip g\u00f6z bantlar\u0131n\u0131 \u00e7\u0131kard\u0131m. Art\u0131k yanma yoktu ve g\u00f6r\u00fc\u015f\u00fcm netti. Otel odas\u0131ndaki duvar k\u00e2\u011f\u0131d\u0131n\u0131n liflerini bile g\u00f6rebiliyordum ve bu kadar net g\u00f6rebildi\u011fim i\u00e7in i\u00e7ten i\u00e7e b\u00fcy\u00fck bir sevin\u00e7 ya\u015f\u0131yordum.                            <\/p>\n\n\n\n<p>Sonras\u0131nda<\/p>\n\n\n\n<p>Ameliyat g\u00fcn\u00fcnden sonraki g\u00fcn \u00f6\u011fleye do\u011fru kontrol muayenesi i\u00e7in bizi almaya geldiler. Klinikte b\u00fcy\u00fck bir ne\u015fe vard\u0131 ve herkes sabah kendini nas\u0131l hissetti\u011fini, neler ya\u015fad\u0131\u011f\u0131n\u0131 anlat\u0131yordu. <\/p>\n\n\n\n<p>Ard\u0131ndan optik cihazlar yard\u0131m\u0131yla ve doktor taraf\u0131ndan yap\u0131lan muayene ger\u00e7ekle\u015fti. Her \u015fey yolundayd\u0131 ve iyile\u015fme s\u00fcreci iyi ilerliyordu. G\u00f6r\u00fc\u015f\u00fcm net ve keskinydi. Bundan sonra g\u00f6zlere iyi bakmak, damlalar\u0131 d\u00fczenli kullanmak ve kesinlikle g\u00f6zleri ovu\u015fturmamak gerekiyordu.<br>Ba\u015fta, fark\u0131nda olmadan g\u00f6zlerimi ovu\u015fturabilece\u011fim konusunda endi\u015felerim vard\u0131. Ancak ilk g\u00fcnlerden sonra ve birka\u00e7 \u201czihinsel egzersizle\u201d bu endi\u015fe b\u00fcy\u00fck \u00f6l\u00e7\u00fcde ortadan kalkt\u0131. Yine de ameliyattan sonraki ilk iki hafta boyunca son derece dikkatli olmaya \u00e7al\u0131\u015ft\u0131m. Ameliyat\u0131n iyi sonucunu dikkatsiz bir davran\u0131\u015fla kesinlikle riske atmak istemiyordum.       <\/p>\n\n\n\n<p>Ameliyat\u0131n \u00fczerinden \u015fimdi neredeyse d\u00f6rt hafta ge\u00e7ti. Sonraki iki g\u00fcn \u0130stanbul\u2019da dola\u015ft\u0131k ve keyfimize bakt\u0131k. \u00d6n\u00fcm\u00fczdeki hafta \u0130svi\u00e7re\u2019de yap\u0131lacak ilk kontrol muayenesi var. Her \u015feyin yolunda oldu\u011funa inan\u0131yorum. G\u00f6rme keskinli\u011fi bana g\u00f6re \u00e7ok iyi, sanki eskiden g\u00f6zl\u00fckle g\u00f6rd\u00fc\u011f\u00fcm gibi.<br>Ameliyattan sonraki ilk g\u00fcnlerde g\u00f6zlerim biraz \u0131\u015f\u0131\u011fa hassast\u0131, ancak bu durum k\u0131sa s\u00fcrede ge\u00e7ti. \u0130\u015fim gere\u011fi bilgisayar ba\u015f\u0131nda \u00e7al\u0131\u015fmak da ameliyattan \u00fc\u00e7 g\u00fcn sonra rahatl\u0131kla m\u00fcmk\u00fcnd\u00fc. Bu arada yeniden spor yapmaya da ba\u015flad\u0131m. G\u00f6zl\u00fcks\u00fcz \u015fekilde her \u015feyi net g\u00f6rebilmenin keyfini \u00e7\u0131kar\u0131yorum ve ameliyat\u0131n ve \u015fimdiye kadarki iyile\u015fme s\u00fcrecinin bu kadar sorunsuz ge\u00e7mesinden dolay\u0131 \u00e7ok mutluyum.        <\/p>\n\n\n\n<p>Swisslasik\u2019i ve Eyestar Klini\u011fi\u2019ni g\u00f6n\u00fcl rahatl\u0131\u011f\u0131yla tavsiye edebilirim. LASIK ameliyat\u0131 olmay\u0131 d\u00fc\u015f\u00fcnen herkes bu iki kuruma g\u00fcvenebilir. LASIK ameliyat\u0131 olup olmama karar\u0131 hastaya aittir. Bilinen t\u00fcm riskleriyle birlikte (bu riskler kendi \u00fclkesinde de vard\u0131r) b\u00f6yle bir ameliyata i\u00e7tenlikle \u201cevet\u201d diyebilenler i\u00e7in Eyestar Klini\u011fi iyi bir se\u00e7enek olabilir. Benim i\u00e7in bu karar, geriye d\u00f6n\u00fcp bakt\u0131\u011f\u0131mda da do\u011fru bir karard\u0131.   <\/p>\n\n\n\n<p>Ameliyat olmay\u0131 d\u00fc\u015f\u00fcnen herkese bol \u015fans ve net bir g\u00f6r\u00fc\u015f diliyorum!<\/p>\n\n\n\n<p>S. Grossen, 26 May\u0131s 2008<\/p>\n\n\n\n<div class=\"wp-block-group is-layout-grid wp-container-core-group-is-layout-baef362d wp-block-group-is-layout-grid\">\n<p><a href=\"https:\/\/medicaltravel.at\/home\/agb\/\" data-type=\"page\" data-id=\"2191\" rel=\"nofollow noopener\" target=\"_blank\"><\/a><a href=\"https:\/\/swisslasik.ch\/tr\/yasli-hasta-raporlari-goez-klinigi-tuerkiye\/istanbuldaki-ameliyatima-dair-deneyim-raporu-04-temmuz-2008-cuma-tarihli-rapor\/\" data-type=\"link\" data-id=\"https:\/\/swisslasik.ch\/altere-patientenberichte-augenklinik-tuerkei\/erfahrungsbericht-meiner-op-in-istanbul-bericht-vom-freitag-04-juli-2008\/\">\u00d6nceki rapor<\/a><\/p>\n\n\n\n<p class=\"has-text-align-right wp-container-content-5e2576f9\"><a href=\"https:\/\/medicaltravel.at\/home\/impressum\/\" data-type=\"page\" data-id=\"2193\" rel=\"nofollow noopener\" target=\"_blank\"><\/a><a href=\"https:\/\/medicaltravel.at\/home\/berichte-von-patienten\/erfahrungsberichte\/erfahrungsbericht-zahnbehandlung-in-istanbul\/\" data-type=\"page\" data-id=\"981\" rel=\"nofollow noopener\" target=\"_blank\"><\/a><a href=\"https:\/\/swisslasik.ch\/tr\/her-sey-lise-yillarinda-basladi-16-mayis-2008-cuma-tarihli-deneyim-raporu\/\" data-type=\"link\" data-id=\"https:\/\/swisslasik.ch\/tr\/her-sey-lise-yillarinda-basladi-16-mayis-2008-cuma-tarihli-deneyim-raporu\/\">Bir Sonraki Rapor<br><\/a><\/p>\n<\/div>\n","protected":false},"excerpt":{"rendered":"<p>LASIK \u0130stanbul deneyim raporum \u2013 28 May\u0131s 2008 \u00c7ar\u015famba tarihli rapor G\u00f6z lazer ameliyat\u0131 deneyimim hakk\u0131nda hasta anlat\u0131m\u0131 Ba\u015flang\u0131\u00e7 Bu y\u0131l\u0131n nisan ay\u0131n\u0131n ba\u015f\u0131nda e\u015fimle birlikte Asya seyahatinden eve d\u00f6nd\u00fck. Orada di\u011fer \u015feylerin yan\u0131 s\u0131ra s\u00f6rf yapt\u0131m ve normalde s\u00fcrekli g\u00f6zl\u00fck kulland\u0131\u011f\u0131m i\u00e7in g\u00fcnl\u00fck kontakt lenslerle u\u011fra\u015fmak zorunda kald\u0131m (miyop, 1.25 diyoptri). Ak\u015famlar\u0131 ise, dal\u0131\u015flar s\u0131ras\u0131nda zaten kaybetmemi\u015fsem, lenslerimi aramakla u\u011fra\u015f\u0131yordum. D\u00f6n\u00fc\u015ften sonra \u00e7ok net bir iste\u011fim vard\u0131: Bundan sonra g\u00f6zl\u00fcks\u00fcz ya\u015famak. D\u00f6nd\u00fckten sonra g\u00fcne\u015f g\u00f6zl\u00fc\u011f\u00fc i\u00e7in optik\u00e7iye gittik ve kendisine, benim g\u00f6rme bozuklu\u011fum i\u00e7in lazer ameliyat\u0131n\u0131n m\u00fcmk\u00fcn olup olmad\u0131\u011f\u0131n\u0131 sordum. Evet dedi, ancak \u00f6nce bir \u00f6n de\u011ferlendirme yap\u0131lmas\u0131 gerekti\u011fini s\u00f6yledi. Konu maliyetlere de geldi ve bana g\u00f6zlerini T\u00fcrkiye\u2019de ameliyat ettiren bir m\u00fc\u015fterisinden bahsetti. T\u00fcrkiye mi?! Daha \u00f6nce bunu hi\u00e7 d\u00fc\u015f\u00fcnmemi\u015ftim, \u00e7\u00fcnk\u00fc ameliyat ve T\u00fcrkiye kavramlar\u0131 benim i\u00e7in pek yan yana gelmiyordu. Ama merak\u0131m uyanm\u0131\u015ft\u0131. Bunun hakk\u0131nda daha fazla bilgi edinmek istedim. Eve d\u00f6nd\u00fc\u011f\u00fcmde internette ara\u015ft\u0131rma yapmaya ba\u015flad\u0131m. K\u0131sa s\u00fcrede swisslasik.ch web sitesine rastlad\u0131m. T\u00fcm siteyi yazd\u0131rd\u0131m, ba\u015ftan sona okudum ve i\u00e7erikleri \u0130svi\u00e7re\u2019deki kliniklerin verdi\u011fi bilgilerle kar\u015f\u0131la\u015ft\u0131rd\u0131m. Okuduklar\u0131m\u0131n sonunda, bir ameliyat\u0131n ba\u015far\u0131l\u0131 olmas\u0131 i\u00e7in birden fazla fakt\u00f6r\u00fcn \u00f6nemli oldu\u011fu sonucuna vard\u0131m: Lazer i\u00e7in yap\u0131lan \u00f6n muayene ve uygulanacak d\u00fczeltmenin belirlenmesiDoktorun deneyimiLazer cihazlar\u0131n\u0131n teknolojik seviyesiAmeliyat ortam\u0131n\u0131n steril olmas\u0131 Forumlar\u0131, hasta deneyimlerini ve gazete yaz\u0131lar\u0131n\u0131 inceledikten sonra T\u00fcrkiye\u2019de ameliyat olman\u0131n bir alternatif oldu\u011fu sonucuna vard\u0131m. Ancak tan\u0131mad\u0131\u011f\u0131m kliniklere ve macera dolu belirsizliklere kesinlikle girmek istemiyordum. Genel olarak Swisslasik\u2019in sundu\u011fu hizmet bana olduk\u00e7a ikna edici geldi: \u0130svi\u00e7re\u2019de yap\u0131lan \u00f6n ve kontrol muayeneleri, seyahatin t\u00fcm organizasyonu, Almanca konu\u015fulan bir muhatap, uzun s\u00fcredir faaliyet g\u00f6steren ve en modern cihazlara sahip bir klinik ile \u00e7ok nitelikli ve deneyimli doktorlar. Karar\u0131m k\u0131sa s\u00fcrede netle\u015fti: bunu yapaca\u011f\u0131m. Zaman\u0131 do\u011fruydu ve art\u0131k harekete ge\u00e7mek istiyordum. Bir sonraki ad\u0131m Swisslasik ile ileti\u015fime ge\u00e7mek oldu. Say\u0131n Karaagacli\u2019nin ilgisini \u00e7ok samimi, yard\u0131msever, pratik ve kesinlikle bask\u0131c\u0131 olmayan bir \u015fekilde deneyimledim. Sadece 3 g\u00fcn i\u00e7inde Z\u00fcrih\u2019te bir \u00f6n muayene yapt\u0131rabildim. Bu muayene, benim g\u00f6rme bozuklu\u011fumda lazer ameliyat\u0131n\u0131n m\u00fcmk\u00fcn oldu\u011funu g\u00f6sterdi. Ancak g\u00f6z doktoru risklere de dikkat \u00e7ekti ve ileride okuma g\u00f6zl\u00fc\u011f\u00fc kullanmam gerekebilece\u011fini s\u00f6yledi. Bu nedenle karar\u0131n iyi d\u00fc\u015f\u00fcn\u00fclmesi gerekti\u011fini belirtti. \u0130ki g\u00fcn sonra karar\u0131m\u0131 verdim: Evet, ameliyat olmak istiyordum. Hem de m\u00fcmk\u00fcn olan en k\u0131sa s\u00fcrede, yaz gelmeden \u00f6nce g\u00f6zler tamamen iyile\u015fmi\u015f olsun diye. K\u0131sa s\u00fcrede Say\u0131n Karaagacli ile 1 May\u0131s\u2019tan sonraki hafta sonu i\u00e7in bir randevu ayarlayabildik. U\u00e7ak biletini kendim ald\u0131m, di\u011fer t\u00fcm i\u015flemleri ise o halletti. Ameliyat U\u00e7u\u015f (Swiss), otel ve benzeri detaylar\u0131 burada ge\u00e7iyorum ve do\u011frudan klinikteki g\u00fcne devam etmek istiyorum. \u0130stanbul\u2019da serbest ge\u00e7en bir per\u015fembenin ard\u0131ndan art\u0131k zaman\u0131 gelmi\u015fti. \u00d6\u011fleye do\u011fru bizi otelden ald\u0131lar ve Eyestar Klini\u011fi\u2019ne g\u00f6t\u00fcrd\u00fcler. Binan\u0131n d\u0131\u015f\u0131 ve merdivenleri \u00e7ok etkileyici de\u011fildi; ancak taksi \u015fof\u00f6r\u00fc, bina sahibinin yak\u0131n zamanda bir renovasyon planlad\u0131\u011f\u0131n\u0131 \u00f6nceden bize s\u00f6yledi. Klini\u011fin i\u00e7ine girince ise her \u015fey tamamen farkl\u0131yd\u0131. Bizi, m\u00fckemmel bir Bern Almancas\u0131yla konu\u015fan Fred kar\u015f\u0131lad\u0131. Her \u015feyi ayr\u0131nt\u0131l\u0131 \u015fekilde anlatt\u0131 ve hastalarla i\u00e7tenlikle ilgilendi. Fred adeta klini\u011fin ruhu gibiydi. Onun yan\u0131nda kendinizi g\u00fcvende hissediyorsunuz.Bir s\u00fcre sonra optik cihazlarla \u00f6n muayene ba\u015flad\u0131. Ard\u0131ndan g\u00f6z bebeklerini b\u00fcy\u00fctmek ve detayl\u0131 inceleme yapmak i\u00e7in g\u00f6zlere damla damlat\u0131ld\u0131. Daha sonra, lazer ameliyat\u0131n\u0131 da ger\u00e7ekle\u015ftirecek olan doktorun muayenesi yap\u0131ld\u0131. \u0130ngilizce konu\u015ftuk ve Fred her zaman yan\u0131m\u0131zdayd\u0131, gerekti\u011finde terc\u00fcman olarak destek oldu. Doktora \u00e7ok h\u0131zl\u0131 \u015fekilde g\u00fcven duydum; son derece deneyimli, kendinden emin ve sakindi. Bug\u00fcne kadar 25.000\u2019den fazla lazer ameliyat\u0131 yapm\u0131\u015ft\u0131. Bu bilgi, yakla\u015fan operasyon i\u00e7in bana g\u00fcven ve sakinlik verdi.Bekleme s\u00fcrelerinde s\u00fcrekli olarak \u00e7ay, kola ve benzeri i\u00e7ecekler ikram edildi. Yar\u0131m daire \u015feklindeki ayd\u0131nl\u0131k bekleme salonunda neredeyse aile ortam\u0131 vard\u0131. Birbirimizi k\u00fc\u00e7\u00fck \u015fakalarla motive ediyor, zaman zaman Fred\u2019le de \u015fakala\u015f\u0131yorduk. Bu da rahatlamam\u0131za yard\u0131mc\u0131 oluyordu. \u00d6n muayene, Z\u00fcrih\u2019te yap\u0131lan muayenenin sonucunu do\u011frulad\u0131. Ameliyat yap\u0131labilirdi. \u00d6n muayeneden sonra bir \u015feyler yemek i\u00e7in biraz zaman\u0131m\u0131z oldu. Saat 16.30\u2019da tekrar klini\u011fe d\u00f6nd\u00fck. Bir s\u00fcre sonra ameliyathanenin bulundu\u011fu \u00fcst kata \u00e7\u0131kt\u0131k. Ameliyat s\u0131ras\u0131 bana gelmi\u015fti. Fred beni steril k\u0131yafet, bone ile haz\u0131rlad\u0131, g\u00f6zlerime damla damlatt\u0131 ve biraz gergin olmama ra\u011fmen i\u00e7ten i\u00e7e sakindim. \u015eimdi neler olaca\u011f\u0131n\u0131 de anlatt\u0131. O ana kadar ya\u015fad\u0131klar\u0131mdan dolay\u0131 klini\u011fe ve \u00e7al\u0131\u015fanlar\u0131na tam bir g\u00fcvenim vard\u0131.Ameliyathanede ilk olarak v\u00fccudum ve ba\u015f\u0131m ameliyat masas\u0131na do\u011fru \u015fekilde yerle\u015ftirildi. Daha sonra ba\u015f\u0131m\u0131n \u00fczerine bir \u00f6rt\u00fc maskesi kondu (ancak d\u0131\u015far\u0131y\u0131 g\u00f6rebiliyordum) ve g\u00f6z kapaklar\u0131 sabitlendi. Ard\u0131ndan g\u00f6ze bir halka ile vakum uygulanarak, keratom ad\u0131 verilen cihazla flap denilen kapak kald\u0131r\u0131ld\u0131. Vakum i\u015flemi, g\u00f6ze bask\u0131 uyguland\u0131\u011f\u0131 i\u00e7in biraz rahats\u0131z ediciydi.Lazer do\u011fru konuma geldi\u011finde (g\u00f6z\u00fcn do\u011fru pozisyonda olmas\u0131 i\u00e7in s\u00fcrekli ye\u015fil \u0131\u015f\u0131klara bak\u0131yorsunuz) doktorun komutu geldi: \u015eimdi pozisyonu koruyun. Lazer \u00e7al\u0131\u015ft\u0131r\u0131ld\u0131, g\u00f6r\u00fc\u015f\u00fcm k\u0131sa s\u00fcreli\u011fine bulan\u0131kla\u015ft\u0131 ama ayn\u0131 y\u00f6ne bakmaya devam edip pozisyonu korudum. Benim d\u00fc\u015f\u00fck dereceli g\u00f6rme bozuklu\u011fum olan 1.25 diyoptri i\u00e7in lazer i\u015flemi yakla\u015f\u0131k 10 saniye sonra tamamland\u0131. Hi\u00e7 a\u011fr\u0131 hissetmedim. Daha sonra ayn\u0131 i\u015flem di\u011fer g\u00f6z i\u00e7in tekrarland\u0131.Ameliyat masas\u0131nda en fazla 10 dakika kald\u0131ktan sonra i\u015flem sona erdi. Fred bana kalkmamda yard\u0131mc\u0131 oldu ve az \u0131\u015f\u0131kland\u0131r\u0131lm\u0131\u015f yan bir odaya g\u00f6t\u00fcrd\u00fc; burada uzanabildim. Sonraki yakla\u015f\u0131k 3 saat sab\u0131r gerektiriyordu: G\u00f6zler \u0131\u015f\u0131\u011fa hassas ve biraz yan\u0131yordu. Dayan\u0131labilir bir durumdu ama m\u00fcmk\u00fcn oldu\u011funca etrafta \u0131\u015f\u0131k olmamas\u0131n\u0131 istiyordum.T\u00fcm ameliyatlar tamamland\u0131ktan sonra tekrar a\u015fa\u011f\u0131 kata indik. Burada ameliyat\u0131 yapan doktor taraf\u0131ndan bir kontrol muayenesi yap\u0131ld\u0131. Fred bize verilen g\u00f6z damlalar\u0131n\u0131n nas\u0131l kullan\u0131laca\u011f\u0131n\u0131 ayr\u0131nt\u0131l\u0131 \u015fekilde anlatt\u0131. Daha sonra tekrar otele g\u00f6t\u00fcr\u00fcld\u00fck. Uzand\u0131\u011f\u0131m i\u00e7in \u00e7ok mutluydum. \u0130lk gece g\u00f6zleri korumak i\u00e7in g\u00f6z bantlar\u0131 verildi. K\u0131sa s\u00fcrede uykuya dald\u0131m.Sabah\u0131n erken saatlerinde merak edip g\u00f6z bantlar\u0131n\u0131 \u00e7\u0131kard\u0131m. Art\u0131k yanma yoktu ve g\u00f6r\u00fc\u015f\u00fcm netti. Otel odas\u0131ndaki duvar k\u00e2\u011f\u0131d\u0131n\u0131n liflerini bile g\u00f6rebiliyordum ve bu kadar net g\u00f6rebildi\u011fim i\u00e7in i\u00e7ten i\u00e7e b\u00fcy\u00fck bir sevin\u00e7 ya\u015f\u0131yordum. Sonras\u0131nda Ameliyat g\u00fcn\u00fcnden sonraki g\u00fcn \u00f6\u011fleye do\u011fru kontrol muayenesi i\u00e7in bizi almaya geldiler. Klinikte b\u00fcy\u00fck bir ne\u015fe vard\u0131 ve herkes sabah kendini nas\u0131l hissetti\u011fini, neler ya\u015fad\u0131\u011f\u0131n\u0131 anlat\u0131yordu. Ard\u0131ndan optik cihazlar yard\u0131m\u0131yla ve doktor taraf\u0131ndan yap\u0131lan muayene ger\u00e7ekle\u015fti. Her \u015fey yolundayd\u0131 ve iyile\u015fme s\u00fcreci iyi ilerliyordu. G\u00f6r\u00fc\u015f\u00fcm net ve keskinydi. Bundan sonra g\u00f6zlere iyi bakmak, damlalar\u0131 d\u00fczenli kullanmak ve kesinlikle g\u00f6zleri ovu\u015fturmamak gerekiyordu.Ba\u015fta, fark\u0131nda olmadan g\u00f6zlerimi ovu\u015fturabilece\u011fim konusunda endi\u015felerim vard\u0131. Ancak ilk g\u00fcnlerden sonra ve birka\u00e7 \u201czihinsel egzersizle\u201d bu endi\u015fe b\u00fcy\u00fck \u00f6l\u00e7\u00fcde ortadan kalkt\u0131. Yine de ameliyattan sonraki ilk iki hafta boyunca son derece dikkatli olmaya \u00e7al\u0131\u015ft\u0131m. Ameliyat\u0131n iyi sonucunu dikkatsiz bir davran\u0131\u015fla kesinlikle riske atmak istemiyordum. Ameliyat\u0131n \u00fczerinden \u015fimdi neredeyse d\u00f6rt hafta ge\u00e7ti. Sonraki<\/p>\n","protected":false},"author":4,"featured_media":0,"parent":3355,"menu_order":0,"comment_status":"closed","ping_status":"closed","template":"","meta":{"_joinchat":[],"footnotes":""},"class_list":["post-3403","page","type-page","status-publish","hentry"],"acf":[],"_links":{"self":[{"href":"https:\/\/swisslasik.ch\/tr\/wp-json\/wp\/v2\/pages\/3403","targetHints":{"allow":["GET"]}}],"collection":[{"href":"https:\/\/swisslasik.ch\/tr\/wp-json\/wp\/v2\/pages"}],"about":[{"href":"https:\/\/swisslasik.ch\/tr\/wp-json\/wp\/v2\/types\/page"}],"author":[{"embeddable":true,"href":"https:\/\/swisslasik.ch\/tr\/wp-json\/wp\/v2\/users\/4"}],"replies":[{"embeddable":true,"href":"https:\/\/swisslasik.ch\/tr\/wp-json\/wp\/v2\/comments?post=3403"}],"version-history":[{"count":2,"href":"https:\/\/swisslasik.ch\/tr\/wp-json\/wp\/v2\/pages\/3403\/revisions"}],"predecessor-version":[{"id":4844,"href":"https:\/\/swisslasik.ch\/tr\/wp-json\/wp\/v2\/pages\/3403\/revisions\/4844"}],"up":[{"embeddable":true,"href":"https:\/\/swisslasik.ch\/tr\/wp-json\/wp\/v2\/pages\/3355"}],"wp:attachment":[{"href":"https:\/\/swisslasik.ch\/tr\/wp-json\/wp\/v2\/media?parent=3403"}],"curies":[{"name":"wp","href":"https:\/\/api.w.org\/{rel}","templated":true}]}}