{"id":3405,"date":"2025-09-24T15:12:22","date_gmt":"2025-09-24T14:12:22","guid":{"rendered":"https:\/\/swisslasik.ch\/yasli-hasta-raporlari-goez-klinigi-tuerkiye\/ameliyatimla-ilgili-deneyim-raporum-15-nisan-2008-sali-tarihli-deneyim-raporu\/"},"modified":"2026-01-14T20:52:39","modified_gmt":"2026-01-14T19:52:39","slug":"ameliyatimla-ilgili-deneyim-raporum-15-nisan-2008-sali-tarihli-deneyim-raporu","status":"publish","type":"page","link":"https:\/\/swisslasik.ch\/tr\/yasli-hasta-raporlari-goez-klinigi-tuerkiye\/ameliyatimla-ilgili-deneyim-raporum-15-nisan-2008-sali-tarihli-deneyim-raporu\/","title":{"rendered":"Ameliyat\u0131mla ilgili deneyim raporum \u2013 15 Nisan 2008 Sal\u0131 tarihli deneyim raporu"},"content":{"rendered":"\n<h3 class=\"wp-block-heading\">Ameliyat\u0131mla ilgili deneyim raporum \u2013 15 Nisan 2008 Sal\u0131 tarihli deneyim raporu<\/h3>\n\n\n\n<p>9 ya\u015f\u0131mdan beri g\u00f6zl\u00fck takmak zorundayd\u0131m ve 15 ya\u015f\u0131mdan itibaren kontakt lens kullanmaya ba\u015flad\u0131m, ancak bu hem pratik de\u011fildi hem de zahmetliydi. G\u00f6zlerimi ameliyat ettirme d\u00fc\u015f\u00fcncesi vard\u0131 ama o zamanlar \u00e7ok gen\u00e7tim ve g\u00f6rme derecelerim hen\u00fcz sabit de\u011fildi, bu y\u00fczden biraz beklemem gerekiyordu. <\/p>\n\n\n\n<p>Ameliyat\u0131 \u0130svi\u00e7re\u2019de yapt\u0131rmak istiyordum ve \u0130svi\u00e7re\u2019de ya da Fransa\u2019da hangi imk\u00e2nlar\u0131n oldu\u011funu internetten ara\u015ft\u0131rmak istedim. Bu s\u0131rada swisslasik.ch sitesine rastlad\u0131m ve hemen ilgimi \u00e7ekti.<\/p>\n\n\n\n<p>Daha fazla bilgi talep ettim ve d\u00f6rt g\u00fcn sonra bro\u015f\u00fcr elime ula\u015ft\u0131. Ard\u0131ndan bu i\u015flem i\u00e7in uygun olup olmad\u0131\u011f\u0131m\u0131 \u00f6\u011frenmek istedim. Bunun \u00fczerine bir \u00f6n muayene randevusu ayarlad\u0131m ve her \u015fey sorunsuz ilerledi. <\/p>\n\n\n\n<p>\u00dc\u00e7 hafta sonra, hem \u00e7ok sevin\u00e7li bir \u015fekilde hem de bu g\u00fczel \u015fehri gezmek istedi\u011fim i\u00e7in \u0130stanbul\u2019a u\u00e7tum.<\/p>\n\n\n\n<p>Kar\u015f\u0131lama servisi tam zaman\u0131nda geldi ve beni otele g\u00f6t\u00fcrd\u00fcler. Annem beni orada bekliyordu, kendisi benden be\u015f saat \u00f6nce gelmi\u015fti. Oda \u00e7ok k\u00fc\u00e7\u00fckt\u00fc ama benim i\u00e7in \u00f6nemli olan, otelin klini\u011fin tam kar\u015f\u0131s\u0131nda olmas\u0131yd\u0131; ameliyattan sonra bu durum \u00e7ok rahat oldu. <\/p>\n\n\n\n<p>Ertesi g\u00fcn, klinik \u00e7al\u0131\u015fan\u0131 Birol ve bir g\u00fcn \u00f6nce ameliyat olmu\u015f ba\u015fka bir hasta ile birlikte eski \u015fehir turu yapt\u0131k.<\/p>\n\n\n\n<p>Ona ameliyatla ilgili akl\u0131mdaki t\u00fcm sorular\u0131 sordum ve bu kadar k\u0131sa s\u00fcrede kendini iyi hissetmesine \u015fa\u015f\u0131rd\u0131m. Bu durum beni rahatlatt\u0131.<\/p>\n\n\n\n<p>Ertesi g\u00fcn saat 10\u2019da \u00f6n muayenem, saat 12\u2019de ise ameliyat\u0131m vard\u0131.<\/p>\n\n\n\n<p>Ameliyattan \u00f6nce bana sakinle\u015ftirici bir tablet verdiler, ard\u0131ndan bir masaj koltu\u011funa oturdum (harika bir \u015feydi!). Orada g\u00f6zlerim dezenfekte edildi. K\u0131sa bir s\u00fcre sonra ameliyathane odas\u0131na al\u0131nd\u0131m ve bir yata\u011fa uzand\u0131m (orada biraz korktum \ud83d\ude42). G\u00f6zlerimi a\u00e7t\u0131lar ve lazer s\u0131ras\u0131nda istemsizce kapatmamak i\u00e7in bir cihazla sabitlediler. Bundan sonra kendimi rahatlatabildim, korkuyu yenmek i\u00e7in g\u00fczel \u015feyler d\u00fc\u015f\u00fcnmeye \u00e7al\u0131\u015ft\u0131m. Bu s\u0131rada ye\u015fil \u0131\u015f\u0131\u011fa odaklanmam gerekiyordu.<\/p>\n\n\n\n<p>Ameliyat \u00e7ok h\u0131zl\u0131 ge\u00e7ti ve hi\u00e7bir a\u011fr\u0131 hissetmedim. Doktorun k\u0131sa bir kontrol\u00fcnden sonra g\u00f6zlerimin dinlenmesi i\u00e7in otele d\u00f6nmem gerekiyordu.<\/p>\n\n\n\n<p>D\u00f6rt saat boyunca derin bir uyku uyudum. Sonra g\u00f6zlerimi a\u00e7t\u0131m ve hissetti\u011fim duygu tarif edilemezdi. \u00c7ok mutluydum, \u00e7\u00fcnk\u00fc \u015fimdiden \u00e7ok iyi g\u00f6rebiliyordum ama yine de g\u00f6zlerimi yormak istemedim.<\/p>\n\n\n\n<p>Ertesi g\u00fcn k\u0131sa bir kontrol muayenem vard\u0131 ve her \u015fey m\u00fckemmeldi.<\/p>\n\n\n\n<p>\u0130stanbul\u2019un tad\u0131n\u0131 d\u00f6rt g\u00fcn daha \u00e7\u0131karabildim, ancak hava ne yaz\u0131k ki \u00e7ok iyi de\u011fildi.<\/p>\n\n\n\n<p>D\u00f6rt g\u00fcn \u00f6nce Z\u00fcrih\u2019te ilk kontrol muayenem vard\u0131. Sa\u011f g\u00f6zde bir e\u011frilik oldu\u011fu tespit edildi, bu da g\u00f6rme keskinli\u011fini biraz azalt\u0131yordu. <\/p>\n\n\n\n<p>Ameliyat sonucundan \u00e7ok memnunum, g\u00f6zl\u00fck ya da lens olmadan hayat\u0131n tad\u0131n\u0131 \u00e7ok daha iyi \u00e7\u0131kar\u0131yorum.<\/p>\n\n\n\n<p>Swisslasik\u2019i ve Eyestar Klini\u011fi\u2019ni g\u00f6n\u00fcl rahatl\u0131\u011f\u0131yla tavsiye edebilirim. Ba\u015fta Say\u0131n Karaagacli olmak \u00fczere, Eyestar Klini\u011fi\u2019nin t\u00fcm destek ekibine, \u00f6zellikle Birol ve Fred\u2019e m\u00fckemmel hizmetleri i\u00e7in te\u015fekk\u00fcr ederim.<\/p>\n\n\n\n<p>H. \u015eok olmu\u015f<\/p>\n\n\n\n<div class=\"wp-block-group is-layout-grid wp-container-core-group-is-layout-baef362d wp-block-group-is-layout-grid\">\n<p><a href=\"https:\/\/medicaltravel.at\/home\/agb\/\" data-type=\"page\" data-id=\"2191\" rel=\"nofollow noopener\" target=\"_blank\"><\/a><a href=\"https:\/\/swisslasik.ch\/tr\/yasli-hasta-raporlari-goez-klinigi-tuerkiye\/08-04-2008-tarihinde-istanbulda-gecirdigim-goez-lasik-ameliyati-17-nisan-2008-persembe-tarihli-deneyim-raporu\/\" data-type=\"link\" data-id=\"https:\/\/swisslasik.ch\/tr\/yasli-hasta-raporlari-goez-klinigi-tuerkiye\/08-04-2008-tarihinde-istanbulda-gecirdigim-goez-lasik-ameliyati-17-nisan-2008-persembe-tarihli-deneyim-raporu\/\">\u00d6nceki rapor<\/a><\/p>\n\n\n\n<p class=\"has-text-align-right wp-container-content-5e2576f9\"><a href=\"https:\/\/medicaltravel.at\/home\/impressum\/\" data-type=\"page\" data-id=\"2193\" rel=\"nofollow noopener\" target=\"_blank\"><\/a><a href=\"https:\/\/medicaltravel.at\/home\/berichte-von-patienten\/erfahrungsberichte\/erfahrungsbericht-zahnbehandlung-in-istanbul\/\" data-type=\"page\" data-id=\"981\" rel=\"nofollow noopener\" target=\"_blank\"><\/a><a href=\"https:\/\/swisslasik.ch\/tr\/yasli-hasta-raporlari-goez-klinigi-tuerkiye\/istanbulda-lasik-ameliyatim-02-nisan-2008-carsamba-tarihli-deneyim-raporu\/\" data-type=\"link\" data-id=\"https:\/\/swisslasik.ch\/tr\/yasli-hasta-raporlari-goez-klinigi-tuerkiye\/istanbulda-lasik-ameliyatim-02-nisan-2008-carsamba-tarihli-deneyim-raporu\/\">Bir Sonraki Rapor<br><\/a><\/p>\n<\/div>\n","protected":false},"excerpt":{"rendered":"<p>Ameliyat\u0131mla ilgili deneyim raporum \u2013 15 Nisan 2008 Sal\u0131 tarihli deneyim raporu 9 ya\u015f\u0131mdan beri g\u00f6zl\u00fck takmak zorundayd\u0131m ve 15 ya\u015f\u0131mdan itibaren kontakt lens kullanmaya ba\u015flad\u0131m, ancak bu hem pratik de\u011fildi hem de zahmetliydi. G\u00f6zlerimi ameliyat ettirme d\u00fc\u015f\u00fcncesi vard\u0131 ama o zamanlar \u00e7ok gen\u00e7tim ve g\u00f6rme derecelerim hen\u00fcz sabit de\u011fildi, bu y\u00fczden biraz beklemem gerekiyordu. Ameliyat\u0131 \u0130svi\u00e7re\u2019de yapt\u0131rmak istiyordum ve \u0130svi\u00e7re\u2019de ya da Fransa\u2019da hangi imk\u00e2nlar\u0131n oldu\u011funu internetten ara\u015ft\u0131rmak istedim. Bu s\u0131rada swisslasik.ch sitesine rastlad\u0131m ve hemen ilgimi \u00e7ekti. Daha fazla bilgi talep ettim ve d\u00f6rt g\u00fcn sonra bro\u015f\u00fcr elime ula\u015ft\u0131. Ard\u0131ndan bu i\u015flem i\u00e7in uygun olup olmad\u0131\u011f\u0131m\u0131 \u00f6\u011frenmek istedim. Bunun \u00fczerine bir \u00f6n muayene randevusu ayarlad\u0131m ve her \u015fey sorunsuz ilerledi. \u00dc\u00e7 hafta sonra, hem \u00e7ok sevin\u00e7li bir \u015fekilde hem de bu g\u00fczel \u015fehri gezmek istedi\u011fim i\u00e7in \u0130stanbul\u2019a u\u00e7tum. Kar\u015f\u0131lama servisi tam zaman\u0131nda geldi ve beni otele g\u00f6t\u00fcrd\u00fcler. Annem beni orada bekliyordu, kendisi benden be\u015f saat \u00f6nce gelmi\u015fti. Oda \u00e7ok k\u00fc\u00e7\u00fckt\u00fc ama benim i\u00e7in \u00f6nemli olan, otelin klini\u011fin tam kar\u015f\u0131s\u0131nda olmas\u0131yd\u0131; ameliyattan sonra bu durum \u00e7ok rahat oldu. Ertesi g\u00fcn, klinik \u00e7al\u0131\u015fan\u0131 Birol ve bir g\u00fcn \u00f6nce ameliyat olmu\u015f ba\u015fka bir hasta ile birlikte eski \u015fehir turu yapt\u0131k. Ona ameliyatla ilgili akl\u0131mdaki t\u00fcm sorular\u0131 sordum ve bu kadar k\u0131sa s\u00fcrede kendini iyi hissetmesine \u015fa\u015f\u0131rd\u0131m. Bu durum beni rahatlatt\u0131. Ertesi g\u00fcn saat 10\u2019da \u00f6n muayenem, saat 12\u2019de ise ameliyat\u0131m vard\u0131. Ameliyattan \u00f6nce bana sakinle\u015ftirici bir tablet verdiler, ard\u0131ndan bir masaj koltu\u011funa oturdum (harika bir \u015feydi!). Orada g\u00f6zlerim dezenfekte edildi. K\u0131sa bir s\u00fcre sonra ameliyathane odas\u0131na al\u0131nd\u0131m ve bir yata\u011fa uzand\u0131m (orada biraz korktum \ud83d\ude42). G\u00f6zlerimi a\u00e7t\u0131lar ve lazer s\u0131ras\u0131nda istemsizce kapatmamak i\u00e7in bir cihazla sabitlediler. Bundan sonra kendimi rahatlatabildim, korkuyu yenmek i\u00e7in g\u00fczel \u015feyler d\u00fc\u015f\u00fcnmeye \u00e7al\u0131\u015ft\u0131m. Bu s\u0131rada ye\u015fil \u0131\u015f\u0131\u011fa odaklanmam gerekiyordu. Ameliyat \u00e7ok h\u0131zl\u0131 ge\u00e7ti ve hi\u00e7bir a\u011fr\u0131 hissetmedim. Doktorun k\u0131sa bir kontrol\u00fcnden sonra g\u00f6zlerimin dinlenmesi i\u00e7in otele d\u00f6nmem gerekiyordu. D\u00f6rt saat boyunca derin bir uyku uyudum. Sonra g\u00f6zlerimi a\u00e7t\u0131m ve hissetti\u011fim duygu tarif edilemezdi. \u00c7ok mutluydum, \u00e7\u00fcnk\u00fc \u015fimdiden \u00e7ok iyi g\u00f6rebiliyordum ama yine de g\u00f6zlerimi yormak istemedim. Ertesi g\u00fcn k\u0131sa bir kontrol muayenem vard\u0131 ve her \u015fey m\u00fckemmeldi. \u0130stanbul\u2019un tad\u0131n\u0131 d\u00f6rt g\u00fcn daha \u00e7\u0131karabildim, ancak hava ne yaz\u0131k ki \u00e7ok iyi de\u011fildi. D\u00f6rt g\u00fcn \u00f6nce Z\u00fcrih\u2019te ilk kontrol muayenem vard\u0131. Sa\u011f g\u00f6zde bir e\u011frilik oldu\u011fu tespit edildi, bu da g\u00f6rme keskinli\u011fini biraz azalt\u0131yordu. Ameliyat sonucundan \u00e7ok memnunum, g\u00f6zl\u00fck ya da lens olmadan hayat\u0131n tad\u0131n\u0131 \u00e7ok daha iyi \u00e7\u0131kar\u0131yorum. Swisslasik\u2019i ve Eyestar Klini\u011fi\u2019ni g\u00f6n\u00fcl rahatl\u0131\u011f\u0131yla tavsiye edebilirim. Ba\u015fta Say\u0131n Karaagacli olmak \u00fczere, Eyestar Klini\u011fi\u2019nin t\u00fcm destek ekibine, \u00f6zellikle Birol ve Fred\u2019e m\u00fckemmel hizmetleri i\u00e7in te\u015fekk\u00fcr ederim. H. \u015eok olmu\u015f \u00d6nceki rapor Bir Sonraki Rapor<\/p>\n","protected":false},"author":4,"featured_media":0,"parent":3355,"menu_order":0,"comment_status":"closed","ping_status":"closed","template":"","meta":{"_joinchat":[],"footnotes":""},"class_list":["post-3405","page","type-page","status-publish","hentry"],"acf":[],"_links":{"self":[{"href":"https:\/\/swisslasik.ch\/tr\/wp-json\/wp\/v2\/pages\/3405","targetHints":{"allow":["GET"]}}],"collection":[{"href":"https:\/\/swisslasik.ch\/tr\/wp-json\/wp\/v2\/pages"}],"about":[{"href":"https:\/\/swisslasik.ch\/tr\/wp-json\/wp\/v2\/types\/page"}],"author":[{"embeddable":true,"href":"https:\/\/swisslasik.ch\/tr\/wp-json\/wp\/v2\/users\/4"}],"replies":[{"embeddable":true,"href":"https:\/\/swisslasik.ch\/tr\/wp-json\/wp\/v2\/comments?post=3405"}],"version-history":[{"count":2,"href":"https:\/\/swisslasik.ch\/tr\/wp-json\/wp\/v2\/pages\/3405\/revisions"}],"predecessor-version":[{"id":4846,"href":"https:\/\/swisslasik.ch\/tr\/wp-json\/wp\/v2\/pages\/3405\/revisions\/4846"}],"up":[{"embeddable":true,"href":"https:\/\/swisslasik.ch\/tr\/wp-json\/wp\/v2\/pages\/3355"}],"wp:attachment":[{"href":"https:\/\/swisslasik.ch\/tr\/wp-json\/wp\/v2\/media?parent=3405"}],"curies":[{"name":"wp","href":"https:\/\/api.w.org\/{rel}","templated":true}]}}