{"id":3407,"date":"2025-09-24T15:17:44","date_gmt":"2025-09-24T14:17:44","guid":{"rendered":"https:\/\/swisslasik.ch\/yasli-hasta-raporlari-goez-klinigi-tuerkiye\/aralik-ayinda-tuerkiyede-gecirdigim-lasik-ameliyatim-04-ocak-2008-cuma-tarihli-deneyim-raporu\/"},"modified":"2026-01-14T20:57:02","modified_gmt":"2026-01-14T19:57:02","slug":"aralik-ayinda-tuerkiyede-gecirdigim-lasik-ameliyatim-04-ocak-2008-cuma-tarihli-deneyim-raporu","status":"publish","type":"page","link":"https:\/\/swisslasik.ch\/tr\/yasli-hasta-raporlari-goez-klinigi-tuerkiye\/aralik-ayinda-tuerkiyede-gecirdigim-lasik-ameliyatim-04-ocak-2008-cuma-tarihli-deneyim-raporu\/","title":{"rendered":"Aral\u0131k ay\u0131nda T\u00fcrkiye\u2019de ge\u00e7irdi\u011fim LASIK ameliyat\u0131m \u2013 04 Ocak 2008 Cuma tarihli deneyim raporu"},"content":{"rendered":"\n<h3 class=\"wp-block-heading\">Aral\u0131k ay\u0131nda T\u00fcrkiye\u2019de ge\u00e7irdi\u011fim LASIK ameliyat\u0131m \u2013 04 Ocak 2008 Cuma tarihli deneyim raporu<\/h3>\n\n\n\n<p>\u0130yi g\u00fcnler ve mutlu y\u0131llar!<\/p>\n\n\n\n<p>Her \u015fey m\u00fckemmel gitti.<\/p>\n\n\n\n<p>Kendimi iyi hissediyorum ve art\u0131k s\u00fcrekli g\u00f6zl\u00fcklerimi aramak zorunda kalmadan okuyabiliyorum.<\/p>\n\n\n\n<p>Sa\u011f g\u00f6z\u00fcn uzak g\u00f6r\u00fc\u015f\u00fc hen\u00fcz \u00e7ok iyi de\u011fil, ancak doktorun s\u00f6yledi\u011fine g\u00f6re bu durum d\u00fczelecek.<\/p>\n\n\n\n<p>Swisslasik ve Eyestar \u00e7ok iyi organize olmu\u015f \u015firketler; personel yetenekli, yard\u0131msever ve g\u00fcler y\u00fczl\u00fc.<\/p>\n\n\n\n<p>Hizmetlerden \u00e7ok memnun kald\u0131m, ancak Elite Hotel&#8217;i hafif uyuyan hastalar i\u00e7in tavsiye edemem; \u00e7ok g\u00fcr\u00fclt\u00fcl\u00fc ve s\u00fcrekli oda kap\u0131lar\u0131n\u0131n \u00e7arpmas\u0131yla uyan\u0131yorsunuz. Ancak a\u00e7\u0131k b\u00fcfe kahvalt\u0131 m\u00fckemmel. <\/p>\n\n\n\n<p>M\u00fckemmel organizasyon ve destek i\u00e7in size ve Eyestar \u00e7al\u0131\u015fanlar\u0131na i\u00e7tenlikle te\u015fekk\u00fcr etmek istiyorum. Beni referans listenize ekleyebilirsiniz. <\/p>\n\n\n\n<p>Sayg\u0131lar\u0131mla<\/p>\n\n\n\n<p>Hermann Steck<\/p>\n\n\n\n<div class=\"wp-block-group is-layout-grid wp-container-core-group-is-layout-baef362d wp-block-group-is-layout-grid\">\n<p><a href=\"https:\/\/medicaltravel.at\/home\/agb\/\" data-type=\"page\" data-id=\"2191\" rel=\"nofollow noopener\" target=\"_blank\"><\/a><a href=\"https:\/\/swisslasik.ch\/tr\/yasli-hasta-raporlari-goez-klinigi-tuerkiye\/lasik-ameliyatima-dair-deneyim-raporu-05-ocak-2008-cumartesi-tarihli-deneyim-raporu\/\" data-type=\"link\" data-id=\"https:\/\/swisslasik.ch\/altere-patientenberichte-augenklinik-tuerkei\/erfahrungsbericht-zu-meiner-lasik-op-bericht-vom-samstag-05-januar-2008\/\">\u00d6nceki rapor<\/a><\/p>\n\n\n\n<p class=\"has-text-align-right wp-container-content-5e2576f9\"><a href=\"https:\/\/medicaltravel.at\/home\/impressum\/\" data-type=\"page\" data-id=\"2193\" rel=\"nofollow noopener\" target=\"_blank\"><\/a><a href=\"https:\/\/medicaltravel.at\/home\/berichte-von-patienten\/erfahrungsberichte\/erfahrungsbericht-zahnbehandlung-in-istanbul\/\" data-type=\"page\" data-id=\"981\" rel=\"nofollow noopener\" target=\"_blank\"><\/a><a href=\"https:\/\/swisslasik.ch\/tr\/yasli-hasta-raporlari-goez-klinigi-tuerkiye\/lasik-istanbuldaki-deneyimim-21-aralik-2007-cuma-tarihli-deneyim-raporu\/\" data-type=\"link\" data-id=\"https:\/\/swisslasik.ch\/tr\/yasli-hasta-raporlari-goez-klinigi-tuerkiye\/lasik-istanbuldaki-deneyimim-21-aralik-2007-cuma-tarihli-deneyim-raporu\/\">Bir Sonraki Rapor<br><\/a><\/p>\n<\/div>\n","protected":false},"excerpt":{"rendered":"<p>Aral\u0131k ay\u0131nda T\u00fcrkiye\u2019de ge\u00e7irdi\u011fim LASIK ameliyat\u0131m \u2013 04 Ocak 2008 Cuma tarihli deneyim raporu \u0130yi g\u00fcnler ve mutlu y\u0131llar! Her \u015fey m\u00fckemmel gitti. Kendimi iyi hissediyorum ve art\u0131k s\u00fcrekli g\u00f6zl\u00fcklerimi aramak zorunda kalmadan okuyabiliyorum. Sa\u011f g\u00f6z\u00fcn uzak g\u00f6r\u00fc\u015f\u00fc hen\u00fcz \u00e7ok iyi de\u011fil, ancak doktorun s\u00f6yledi\u011fine g\u00f6re bu durum d\u00fczelecek. Swisslasik ve Eyestar \u00e7ok iyi organize olmu\u015f \u015firketler; personel yetenekli, yard\u0131msever ve g\u00fcler y\u00fczl\u00fc. Hizmetlerden \u00e7ok memnun kald\u0131m, ancak Elite Hotel&#8217;i hafif uyuyan hastalar i\u00e7in tavsiye edemem; \u00e7ok g\u00fcr\u00fclt\u00fcl\u00fc ve s\u00fcrekli oda kap\u0131lar\u0131n\u0131n \u00e7arpmas\u0131yla uyan\u0131yorsunuz. Ancak a\u00e7\u0131k b\u00fcfe kahvalt\u0131 m\u00fckemmel. M\u00fckemmel organizasyon ve destek i\u00e7in size ve Eyestar \u00e7al\u0131\u015fanlar\u0131na i\u00e7tenlikle te\u015fekk\u00fcr etmek istiyorum. Beni referans listenize ekleyebilirsiniz. Sayg\u0131lar\u0131mla Hermann Steck \u00d6nceki rapor Bir Sonraki Rapor<\/p>\n","protected":false},"author":4,"featured_media":0,"parent":3355,"menu_order":0,"comment_status":"closed","ping_status":"closed","template":"","meta":{"_joinchat":[],"footnotes":""},"class_list":["post-3407","page","type-page","status-publish","hentry"],"acf":[],"_links":{"self":[{"href":"https:\/\/swisslasik.ch\/tr\/wp-json\/wp\/v2\/pages\/3407","targetHints":{"allow":["GET"]}}],"collection":[{"href":"https:\/\/swisslasik.ch\/tr\/wp-json\/wp\/v2\/pages"}],"about":[{"href":"https:\/\/swisslasik.ch\/tr\/wp-json\/wp\/v2\/types\/page"}],"author":[{"embeddable":true,"href":"https:\/\/swisslasik.ch\/tr\/wp-json\/wp\/v2\/users\/4"}],"replies":[{"embeddable":true,"href":"https:\/\/swisslasik.ch\/tr\/wp-json\/wp\/v2\/comments?post=3407"}],"version-history":[{"count":2,"href":"https:\/\/swisslasik.ch\/tr\/wp-json\/wp\/v2\/pages\/3407\/revisions"}],"predecessor-version":[{"id":4851,"href":"https:\/\/swisslasik.ch\/tr\/wp-json\/wp\/v2\/pages\/3407\/revisions\/4851"}],"up":[{"embeddable":true,"href":"https:\/\/swisslasik.ch\/tr\/wp-json\/wp\/v2\/pages\/3355"}],"wp:attachment":[{"href":"https:\/\/swisslasik.ch\/tr\/wp-json\/wp\/v2\/media?parent=3407"}],"curies":[{"name":"wp","href":"https:\/\/api.w.org\/{rel}","templated":true}]}}