{"id":3409,"date":"2025-09-24T15:11:11","date_gmt":"2025-09-24T14:11:11","guid":{"rendered":"https:\/\/swisslasik.ch\/yasli-hasta-raporlari-goez-klinigi-tuerkiye\/08-04-2008-tarihinde-istanbulda-gecirdigim-goez-lasik-ameliyati-17-nisan-2008-persembe-tarihli-deneyim-raporu\/"},"modified":"2026-01-14T20:51:54","modified_gmt":"2026-01-14T19:51:54","slug":"08-04-2008-tarihinde-istanbulda-gecirdigim-goez-lasik-ameliyati-17-nisan-2008-persembe-tarihli-deneyim-raporu","status":"publish","type":"page","link":"https:\/\/swisslasik.ch\/tr\/yasli-hasta-raporlari-goez-klinigi-tuerkiye\/08-04-2008-tarihinde-istanbulda-gecirdigim-goez-lasik-ameliyati-17-nisan-2008-persembe-tarihli-deneyim-raporu\/","title":{"rendered":"08.04.2008 tarihinde \u0130stanbul\u2019da ge\u00e7irdi\u011fim g\u00f6z LASIK ameliyat\u0131 \u2013 17 Nisan 2008 Per\u015fembe tarihli deneyim raporu"},"content":{"rendered":"\n<h3 class=\"wp-block-heading\">08.04.2008 tarihinde \u0130stanbul\u2019da ge\u00e7irdi\u011fim g\u00f6z LASIK ameliyat\u0131 \u2013 17 Nisan 2008 Per\u015fembe tarihli deneyim raporu<\/h3>\n\n<p>8 Nisan 2008&#8217;de \u0130stanbul&#8217;da ge\u00e7irdi\u011fim LASIK g\u00f6z ameliyat\u0131m.<\/p>\n\n<p>Yakla\u015f\u0131k bir y\u0131l \u00f6nce, k\u0131z karde\u015fim bana \u0130stanbul&#8217;da lazer g\u00f6z ameliyat\u0131 olma plan\u0131ndan bahsetmi\u015fti. O zamanlar onu bu &#8220;sa\u00e7mal\u0131ktan&#8221; vazge\u00e7irmeye \u00e7al\u0131\u015fm\u0131\u015ft\u0131m, ancak 8 Nisan 2008&#8217;den beri ben de &#8220;\u0130stanbul&#8217;da lazer tedavisi g\u00f6renlerden&#8221; biriyim ve o zamandan beri g\u00f6zl\u00fck veya kontakt lens kullanmadan g\u00fcnl\u00fck hayat\u0131m\u0131 s\u00fcrd\u00fcr\u00fcyorum. <\/p>\n\n<p>Ablam\u0131n \u0130stanbul&#8217;daki Eyestar&#8217;da ya\u015fad\u0131\u011f\u0131 olumlu deneyimden sonra, g\u00f6rme bozuklu\u011fumu d\u00fczelttirme fikri akl\u0131mdan \u00e7\u0131km\u0131yordu (do\u011fu\u015ftan astigmat hastas\u0131y\u0131m ve ilk okul doktoru muayenesinden beri g\u00f6zl\u00fck tak\u0131yorum).<\/p>\n\n<p>&#8220;2008 y\u0131l\u0131 i\u00e7in yeni y\u0131l hedefim&#8221; olarak Swisslasik&#8217;te ameliyat olmaya karar verdim. T\u00fcm rezervasyon i\u015flemleri h\u0131zl\u0131ca tamamland\u0131 ve ameliyat\u0131 ger\u00e7ekten d\u00f6rt g\u00f6zle bekliyordum. Sadece bir \u015fey hevesimi k\u0131rd\u0131; o da ameliyattan \u00fc\u00e7 hafta \u00f6nce kontakt lens takamayacak olmam ve korktu\u011fum g\u00f6zl\u00fcklerimi takarak d\u0131\u015far\u0131 \u00e7\u0131kmak zorunda kalmamd\u0131.  <\/p>\n\n<p>E\u015fim bana \u0130stanbul&#8217;a kadar e\u015flik etti. Havaalan\u0131nda Birol \u00c7ayl\u0131 taraf\u0131ndan kar\u015f\u0131land\u0131k ve otele giderken, planland\u0131\u011f\u0131 gibi ertesi g\u00fcn de\u011fil, do\u011frudan klini\u011fe gidece\u011fimiz ve ameliyat\u0131n o g\u00fcn yap\u0131laca\u011f\u0131 haberiyle bizi \u015fa\u015f\u0131rtt\u0131. <\/p>\n\n<p>Klinik bizi zaten bekliyordu ve hemen \u00f6n muayenelere ba\u015flad\u0131. \u0130stanbul&#8217;a indikten d\u00f6rt saatten k\u0131sa bir s\u00fcre sonra ameliyat odas\u0131ndayd\u0131m. Ameliyat\u0131 ger\u00e7ekten d\u00f6rt g\u00f6zle bekliyordum ve her \u015fey heyecan verici ve ilgi \u00e7ekici g\u00f6r\u00fcn\u00fcyordu. E\u015fim ameliyat\u0131 b\u00fcy\u00fck bir cam pencereden b\u00fcy\u00fck bir ekranda izleyebildi ve hatta dijital kameram\u0131zla filme bile ald\u0131.  <\/p>\n\n<p>\u0130\u015flem a\u011fr\u0131s\u0131zd\u0131; sadece g\u00f6z sabitleyicisinin tak\u0131lmas\u0131 biraz rahats\u0131zl\u0131k verdi.<\/p>\n\n<p>Ameliyattan sonra g\u00f6zlerim biraz yan\u0131yordu. Otelimiz klini\u011fin tam kar\u015f\u0131s\u0131nda oldu\u011fu i\u00e7in (ak\u015fam olmu\u015ftu) hemen uyuma iste\u011fimi giderebildim ve g\u00f6zlerimi kapal\u0131 tutabildim. <\/p>\n\n<p>Ertesi sabah g\u00fcne\u015f g\u00f6zl\u00fc\u011f\u00fcm\u00fc takt\u0131m ve \u0130stanbul&#8217;un eski \u015fehrini ke\u015ffetmeye ba\u015flad\u0131m bile. Kontrol randevusu \u00f6\u011fleden sonra ger\u00e7ekle\u015fti ve ameliyat\u0131n ba\u015far\u0131l\u0131 ge\u00e7ti\u011fi do\u011fruland\u0131. Eyestar Klini\u011fi&#8217;ndeki bak\u0131m birinci s\u0131n\u0131ft\u0131; Fred \u00d6zakatan ve Cayli Birol gerekti\u011finde terc\u00fcmanl\u0131k yapt\u0131lar, ancak doktor ve asistan\u0131 da m\u00fckemmel \u0130ngilizce konu\u015fuyordu.  <\/p>\n\n<p>\u0130stanbul&#8217;da ge\u00e7irdi\u011fim 3 g\u00fcn\u00fcn daha tad\u0131n\u0131 \u00e7\u0131kard\u0131m \u2013 hasta olarak de\u011fil, g\u00f6ren bir turist olarak!<\/p>\n\n<p>G\u00f6zlerim hen\u00fcz tam olarak d\u00fczelmedi, bu normal. Bazen \u00e7ok k\u00fc\u00e7\u00fck yaz\u0131lar\u0131 bile m\u00fckemmel bir \u015fekilde g\u00f6rebiliyorum, bazen de her \u015fey biraz bulan\u0131k g\u00f6r\u00fcn\u00fcyor. Ama k\u0131z karde\u015fimden biliyorum ki sab\u0131rl\u0131 olmam gerekiyor ve g\u00f6zlerim birka\u00e7 hafta veya ay i\u00e7inde d\u00fczelecek.  <\/p>\n\n<p>Bu arada, son g\u00fcn g\u00f6zl\u00fcklerimi Bo\u011faz&#8217;a att\u0131m &#8211; 40 y\u0131l\u0131 a\u015fk\u0131n s\u00fcredir g\u00f6zl\u00fck takt\u0131ktan sonra bir nevi &#8220;ar\u0131nma&#8221; eylemi olarak!<\/p>\n\n<p>Irene Staub-Hofstetter<\/p>\n\n<p>G\u00fc\u00e7l\u00fc<\/p>\n\n<p>irene.staub@bwdbern.ch<\/p>\n\n<div class=\"wp-block-group is-layout-grid wp-container-core-group-is-layout-baef362d wp-block-group-is-layout-grid\">\n<p><a href=\"https:\/\/medicaltravel.at\/home\/agb\/\" data-type=\"page\" data-id=\"2191\" rel=\"nofollow noopener\" target=\"_blank\"><\/a><a href=\"https:\/\/swisslasik.ch\/tr\/yasli-hasta-raporlari-goez-klinigi-tuerkiye\/istanbulda-goez-lazeri-deneyimi-24-nisan-2008-persembe-tarihli-deneyim-raporu\/\" data-type=\"link\" data-id=\"https:\/\/swisslasik.ch\/altere-patientenberichte-augenklinik-tuerkei\/erfahrungsbericht-augenlaser-istanbul-bericht-vom-donnerstag-24-april-2008\/\">\u00d6nceki rapor<\/a><\/p>\n\n\n\n<p class=\"has-text-align-right wp-container-content-5e2576f9\"><a href=\"https:\/\/medicaltravel.at\/home\/impressum\/\" data-type=\"page\" data-id=\"2193\" rel=\"nofollow noopener\" target=\"_blank\"><\/a><a href=\"https:\/\/medicaltravel.at\/home\/berichte-von-patienten\/erfahrungsberichte\/erfahrungsbericht-zahnbehandlung-in-istanbul\/\" data-type=\"page\" data-id=\"981\" rel=\"nofollow noopener\" target=\"_blank\"><\/a><a href=\"https:\/\/swisslasik.ch\/tr\/yasli-hasta-raporlari-goez-klinigi-tuerkiye\/ameliyatimla-ilgili-deneyim-raporum-15-nisan-2008-sali-tarihli-deneyim-raporu\/\" data-type=\"link\" data-id=\"https:\/\/swisslasik.ch\/altere-patientenberichte-augenklinik-tuerkei\/mein-erfahrungsbericht-uber-meine-op-bericht-vom-dienstag-15-april-2008\/\">Bir Sonraki Rapor<br\/><\/a><\/p>\n<\/div>\n","protected":false},"excerpt":{"rendered":"<p>08.04.2008 tarihinde \u0130stanbul\u2019da ge\u00e7irdi\u011fim g\u00f6z LASIK ameliyat\u0131 \u2013 17 Nisan 2008 Per\u015fembe tarihli deneyim raporu 8 Nisan 2008&#8217;de \u0130stanbul&#8217;da ge\u00e7irdi\u011fim LASIK g\u00f6z ameliyat\u0131m. Yakla\u015f\u0131k bir y\u0131l \u00f6nce, k\u0131z karde\u015fim bana \u0130stanbul&#8217;da lazer g\u00f6z ameliyat\u0131 olma plan\u0131ndan bahsetmi\u015fti. O zamanlar onu bu &#8220;sa\u00e7mal\u0131ktan&#8221; vazge\u00e7irmeye \u00e7al\u0131\u015fm\u0131\u015ft\u0131m, ancak 8 Nisan 2008&#8217;den beri ben de &#8220;\u0130stanbul&#8217;da lazer tedavisi g\u00f6renlerden&#8221; biriyim ve o zamandan beri g\u00f6zl\u00fck veya kontakt lens kullanmadan g\u00fcnl\u00fck hayat\u0131m\u0131 s\u00fcrd\u00fcr\u00fcyorum. Ablam\u0131n \u0130stanbul&#8217;daki Eyestar&#8217;da ya\u015fad\u0131\u011f\u0131 olumlu deneyimden sonra, g\u00f6rme bozuklu\u011fumu d\u00fczelttirme fikri akl\u0131mdan \u00e7\u0131km\u0131yordu (do\u011fu\u015ftan astigmat hastas\u0131y\u0131m ve ilk okul doktoru muayenesinden beri g\u00f6zl\u00fck tak\u0131yorum). &#8220;2008 y\u0131l\u0131 i\u00e7in yeni y\u0131l hedefim&#8221; olarak Swisslasik&#8217;te ameliyat olmaya karar verdim. T\u00fcm rezervasyon i\u015flemleri h\u0131zl\u0131ca tamamland\u0131 ve ameliyat\u0131 ger\u00e7ekten d\u00f6rt g\u00f6zle bekliyordum. Sadece bir \u015fey hevesimi k\u0131rd\u0131; o da ameliyattan \u00fc\u00e7 hafta \u00f6nce kontakt lens takamayacak olmam ve korktu\u011fum g\u00f6zl\u00fcklerimi takarak d\u0131\u015far\u0131 \u00e7\u0131kmak zorunda kalmamd\u0131. E\u015fim bana \u0130stanbul&#8217;a kadar e\u015flik etti. Havaalan\u0131nda Birol \u00c7ayl\u0131 taraf\u0131ndan kar\u015f\u0131land\u0131k ve otele giderken, planland\u0131\u011f\u0131 gibi ertesi g\u00fcn de\u011fil, do\u011frudan klini\u011fe gidece\u011fimiz ve ameliyat\u0131n o g\u00fcn yap\u0131laca\u011f\u0131 haberiyle bizi \u015fa\u015f\u0131rtt\u0131. Klinik bizi zaten bekliyordu ve hemen \u00f6n muayenelere ba\u015flad\u0131. \u0130stanbul&#8217;a indikten d\u00f6rt saatten k\u0131sa bir s\u00fcre sonra ameliyat odas\u0131ndayd\u0131m. Ameliyat\u0131 ger\u00e7ekten d\u00f6rt g\u00f6zle bekliyordum ve her \u015fey heyecan verici ve ilgi \u00e7ekici g\u00f6r\u00fcn\u00fcyordu. E\u015fim ameliyat\u0131 b\u00fcy\u00fck bir cam pencereden b\u00fcy\u00fck bir ekranda izleyebildi ve hatta dijital kameram\u0131zla filme bile ald\u0131. \u0130\u015flem a\u011fr\u0131s\u0131zd\u0131; sadece g\u00f6z sabitleyicisinin tak\u0131lmas\u0131 biraz rahats\u0131zl\u0131k verdi. Ameliyattan sonra g\u00f6zlerim biraz yan\u0131yordu. Otelimiz klini\u011fin tam kar\u015f\u0131s\u0131nda oldu\u011fu i\u00e7in (ak\u015fam olmu\u015ftu) hemen uyuma iste\u011fimi giderebildim ve g\u00f6zlerimi kapal\u0131 tutabildim. Ertesi sabah g\u00fcne\u015f g\u00f6zl\u00fc\u011f\u00fcm\u00fc takt\u0131m ve \u0130stanbul&#8217;un eski \u015fehrini ke\u015ffetmeye ba\u015flad\u0131m bile. Kontrol randevusu \u00f6\u011fleden sonra ger\u00e7ekle\u015fti ve ameliyat\u0131n ba\u015far\u0131l\u0131 ge\u00e7ti\u011fi do\u011fruland\u0131. Eyestar Klini\u011fi&#8217;ndeki bak\u0131m birinci s\u0131n\u0131ft\u0131; Fred \u00d6zakatan ve Cayli Birol gerekti\u011finde terc\u00fcmanl\u0131k yapt\u0131lar, ancak doktor ve asistan\u0131 da m\u00fckemmel \u0130ngilizce konu\u015fuyordu. \u0130stanbul&#8217;da ge\u00e7irdi\u011fim 3 g\u00fcn\u00fcn daha tad\u0131n\u0131 \u00e7\u0131kard\u0131m \u2013 hasta olarak de\u011fil, g\u00f6ren bir turist olarak! G\u00f6zlerim hen\u00fcz tam olarak d\u00fczelmedi, bu normal. Bazen \u00e7ok k\u00fc\u00e7\u00fck yaz\u0131lar\u0131 bile m\u00fckemmel bir \u015fekilde g\u00f6rebiliyorum, bazen de her \u015fey biraz bulan\u0131k g\u00f6r\u00fcn\u00fcyor. Ama k\u0131z karde\u015fimden biliyorum ki sab\u0131rl\u0131 olmam gerekiyor ve g\u00f6zlerim birka\u00e7 hafta veya ay i\u00e7inde d\u00fczelecek. Bu arada, son g\u00fcn g\u00f6zl\u00fcklerimi Bo\u011faz&#8217;a att\u0131m &#8211; 40 y\u0131l\u0131 a\u015fk\u0131n s\u00fcredir g\u00f6zl\u00fck takt\u0131ktan sonra bir nevi &#8220;ar\u0131nma&#8221; eylemi olarak! Irene Staub-Hofstetter G\u00fc\u00e7l\u00fc irene.staub@bwdbern.ch \u00d6nceki rapor Bir Sonraki Rapor<\/p>\n","protected":false},"author":4,"featured_media":0,"parent":3355,"menu_order":0,"comment_status":"closed","ping_status":"closed","template":"","meta":{"_joinchat":[],"footnotes":""},"class_list":["post-3409","page","type-page","status-publish","hentry"],"acf":[],"_links":{"self":[{"href":"https:\/\/swisslasik.ch\/tr\/wp-json\/wp\/v2\/pages\/3409","targetHints":{"allow":["GET"]}}],"collection":[{"href":"https:\/\/swisslasik.ch\/tr\/wp-json\/wp\/v2\/pages"}],"about":[{"href":"https:\/\/swisslasik.ch\/tr\/wp-json\/wp\/v2\/types\/page"}],"author":[{"embeddable":true,"href":"https:\/\/swisslasik.ch\/tr\/wp-json\/wp\/v2\/users\/4"}],"replies":[{"embeddable":true,"href":"https:\/\/swisslasik.ch\/tr\/wp-json\/wp\/v2\/comments?post=3409"}],"version-history":[{"count":1,"href":"https:\/\/swisslasik.ch\/tr\/wp-json\/wp\/v2\/pages\/3409\/revisions"}],"predecessor-version":[{"id":3410,"href":"https:\/\/swisslasik.ch\/tr\/wp-json\/wp\/v2\/pages\/3409\/revisions\/3410"}],"up":[{"embeddable":true,"href":"https:\/\/swisslasik.ch\/tr\/wp-json\/wp\/v2\/pages\/3355"}],"wp:attachment":[{"href":"https:\/\/swisslasik.ch\/tr\/wp-json\/wp\/v2\/media?parent=3409"}],"curies":[{"name":"wp","href":"https:\/\/api.w.org\/{rel}","templated":true}]}}