{"id":3411,"date":"2025-09-24T15:20:18","date_gmt":"2025-09-24T14:20:18","guid":{"rendered":"https:\/\/swisslasik.ch\/yasli-hasta-raporlari-goez-klinigi-tuerkiye\/istanbulda-goez-lazeri-ameliyatim-29-ekim-2007-pazartesi-tarihli-deneyim-raporu\/"},"modified":"2026-01-14T21:02:48","modified_gmt":"2026-01-14T20:02:48","slug":"istanbulda-goez-lazeri-ameliyatim-29-ekim-2007-pazartesi-tarihli-deneyim-raporu","status":"publish","type":"page","link":"https:\/\/swisslasik.ch\/tr\/yasli-hasta-raporlari-goez-klinigi-tuerkiye\/istanbulda-goez-lazeri-ameliyatim-29-ekim-2007-pazartesi-tarihli-deneyim-raporu\/","title":{"rendered":"\u0130stanbul\u2019da g\u00f6z lazeri ameliyat\u0131m \u2013 29 Ekim 2007 Pazartesi tarihli deneyim raporu"},"content":{"rendered":"\n<h3 class=\"wp-block-heading\">\u0130stanbul\u2019da g\u00f6z lazeri ameliyat\u0131m \u2013 29 Ekim 2007 Pazartesi tarihli deneyim raporu<\/h3>\n\n\n\n<p>\u00d6ncelikle Eyestar ekibine en i\u00e7ten te\u015fekk\u00fcrlerimi sunmak istiyorum. Ayr\u0131ca t\u00fcm organizasyon i\u00e7in Say\u0131n Karaa\u011fac\u0131l\u0131&#8217;ya da \u00e7ok te\u015fekk\u00fcr ederim; onsuz bunlar\u0131n hi\u00e7biri m\u00fcmk\u00fcn olmazd\u0131. <\/p>\n\n\n\n<p>Planlama Z\u00fcrih&#8217;ten yap\u0131ld\u0131. \u0130lk olarak, g\u00f6zlerimin lazer ameliyat\u0131 i\u00e7in uygun olup olmad\u0131\u011f\u0131n\u0131 belirlemek \u00fczere \u00f6n muayene i\u00e7in g\u00f6z doktoruna gitmem gerekiyordu. (G\u00f6zl\u00fck \u00f6l\u00e7\u00fcmlerim -8.0 ve -9.5 idi.)  <\/p>\n\n\n\n<p>Bay Karaagac\u0131l\u0131 her \u015feyi benim i\u00e7in ayarlad\u0131\u011f\u0131 i\u00e7in (otel, u\u00e7ak bileti ve klinik randevular\u0131) organizasyona herhangi bir katk\u0131da bulunmama gerek kalmad\u0131. <\/p>\n\n\n\n<p>K\u0131z\u0131m ve ben \u0130stanbul&#8217;a indi\u011fimizde, \u00e7ok iyi Almanca konu\u015fan Birol taraf\u0131ndan s\u0131cak bir \u015fekilde kar\u015f\u0131land\u0131k. Ard\u0131ndan bizi havaalan\u0131ndan 20 kilometre uzakl\u0131ktaki otelimize g\u00f6t\u00fcrd\u00fc. <\/p>\n\n\n\n<p>Otelden klini\u011fe y\u00fcr\u00fcy\u00fc\u015f yakla\u015f\u0131k 1 dakika s\u00fcrer.<\/p>\n\n\n\n<p>Ertesi g\u00fcn, ak\u0131c\u0131 \u0130svi\u00e7re Almancas\u0131 konu\u015fan Fred bizi otelden ald\u0131. Bize klini\u011fi g\u00f6sterdi ve orada \u00e7ok s\u0131cak bir kar\u015f\u0131lama ile kar\u015f\u0131land\u0131k. Klinikteki atmosfer harikayd\u0131 ve personel \u00e7ok cana yak\u0131nd\u0131. Eyestar&#8217;da kendimi hemen g\u00fcvende hissettim.   <\/p>\n\n\n\n<p>\u00d6n muayene biraz uzun s\u00fcrd\u00fc ama sorunsuz ge\u00e7ti ve cerrah ameliyat\u0131 saat 14:00&#8217;e planlad\u0131.<\/p>\n\n\n\n<p>Sonunda o an geldi\u011finde hi\u00e7 de gergin de\u011fildim. Tam tersine, ameliyat\u0131 ger\u00e7ekten d\u00f6rt g\u00f6zle bekliyordum. Her zaman yan\u0131mda olan Fred, kendimi g\u00fcvende hissetmemi sa\u011flad\u0131.  <\/p>\n\n\n\n<p>Ameliyat \u00f6ncesi haz\u0131rl\u0131k s\u0131ras\u0131nda cerrah \u0130ngilizce olarak neler olaca\u011f\u0131n\u0131 a\u00e7\u0131klad\u0131 ve Fred s\u00f6ylediklerinin tamam\u0131n\u0131 terc\u00fcme etti. Ameliyat s\u0131ras\u0131nda hi\u00e7bir \u015fey hissetmedim ve sonras\u0131nda da hi\u00e7 a\u011fr\u0131m olmad\u0131. \u0130nan\u0131lmaz ama ger\u00e7ek!  <\/p>\n\n\n\n<p>Ameliyattan sonra cerrah g\u00f6zlerimi muayene etti ve g\u00f6rme keskinli\u011fimi kontrol etti. Buna zor inan\u0131yordum; g\u00f6zl\u00fck veya kontakt lens olmadan her \u015feyi g\u00f6rebiliyordum. <\/p>\n\n\n\n<p>Ertesi g\u00fcn kontrol muayenesi i\u00e7in klini\u011fe geri d\u00f6nmek zorunda kald\u0131k. Her \u015fey m\u00fckemmeldi; g\u00f6rme yetim %100&#8217;d\u00fc. <\/p>\n\n\n\n<p>Kontrol muayenesinden sonra Birol bizi klinikte bekliyordu. Bize \u015fehri ve baz\u0131 turistik yerleri g\u00f6sterdi ve \u00e7ar\u015f\u0131ya kadar e\u015flik etti. Ger\u00e7ekten m\u00fckemmel bir hizmet! <\/p>\n\n\n\n<p>Ertesi g\u00fcn Birol bizi otelden ald\u0131 ve sabah\u0131n erken saatlerinde havaalan\u0131na g\u00f6t\u00fcrd\u00fc. \u0130stanbul&#8217;dan ayr\u0131ld\u0131\u011f\u0131m\u0131z gibi, Z\u00fcrih&#8217;e de tam zaman\u0131nda indik. Ama bir fark vard\u0131: \u0130ki yeni g\u00f6z\u00fcm vard\u0131.  <\/p>\n\n\n\n<p>Sizi zaten bir\u00e7ok arkada\u015f\u0131ma ve tan\u0131d\u0131\u011f\u0131ma tavsiye ettim, \u00e7\u00fcnk\u00fc daha iyi bir hizmet veya daha fazla uzmanl\u0131k bulamazs\u0131n\u0131z! Ve t\u00fcm bunlar bu fiyata! \u0130lk e-postadan bug\u00fcne kadar sizden m\u00fckemmel tavsiyeler ald\u0131\u011f\u0131m\u0131 hissettim; her \u015fey m\u00fckemmel bir \u015fekilde organize edilmi\u015fti ve her zaman en iyi profesyonel ellerde oldu\u011fumdan emindim.  <\/p>\n\n\n\n<p>\u00c7ok te\u015fekk\u00fcrler, Kati Stettler, 20 Ekim 2007<\/p>\n\n\n\n<div class=\"wp-block-group is-layout-grid wp-container-core-group-is-layout-baef362d wp-block-group-is-layout-grid\">\n<p><a href=\"https:\/\/medicaltravel.at\/home\/agb\/\" data-type=\"page\" data-id=\"2191\" rel=\"nofollow noopener\" target=\"_blank\"><\/a><a href=\"https:\/\/swisslasik.ch\/tr\/yasli-hasta-raporlari-goez-klinigi-tuerkiye\/istanbulda-goez-ameliyati-19-kasim-2007-pazartesi-tarihli-deneyim-raporu\/\" data-type=\"link\" data-id=\"https:\/\/swisslasik.ch\/altere-patientenberichte-augenklinik-tuerkei\/augen-op-in-istanbul-bericht-vom-montag-19-november-2007\/\">\u00d6nceki rapor<\/a><\/p>\n\n\n\n<p class=\"has-text-align-right wp-container-content-5e2576f9\"><a href=\"https:\/\/medicaltravel.at\/home\/impressum\/\" data-type=\"page\" data-id=\"2193\" rel=\"nofollow noopener\" target=\"_blank\"><\/a><a href=\"https:\/\/medicaltravel.at\/home\/berichte-von-patienten\/erfahrungsberichte\/erfahrungsbericht-zahnbehandlung-in-istanbul\/\" data-type=\"page\" data-id=\"981\" rel=\"nofollow noopener\" target=\"_blank\"><\/a><a href=\"https:\/\/swisslasik.ch\/tr\/yasli-hasta-raporlari-goez-klinigi-tuerkiye\/lasik-ameliyati-icin-istanbuldaki-deneyimim-28-ekim-2007-pazar-tarihli-deneyim-raporu\/\" data-type=\"link\" data-id=\"https:\/\/swisslasik.ch\/tr\/yasli-hasta-raporlari-goez-klinigi-tuerkiye\/lasik-ameliyati-icin-istanbuldaki-deneyimim-28-ekim-2007-pazar-tarihli-deneyim-raporu\/\">Bir Sonraki Rapor<br><\/a><\/p>\n<\/div>\n","protected":false},"excerpt":{"rendered":"<p>\u0130stanbul\u2019da g\u00f6z lazeri ameliyat\u0131m \u2013 29 Ekim 2007 Pazartesi tarihli deneyim raporu \u00d6ncelikle Eyestar ekibine en i\u00e7ten te\u015fekk\u00fcrlerimi sunmak istiyorum. Ayr\u0131ca t\u00fcm organizasyon i\u00e7in Say\u0131n Karaa\u011fac\u0131l\u0131&#8217;ya da \u00e7ok te\u015fekk\u00fcr ederim; onsuz bunlar\u0131n hi\u00e7biri m\u00fcmk\u00fcn olmazd\u0131. Planlama Z\u00fcrih&#8217;ten yap\u0131ld\u0131. \u0130lk olarak, g\u00f6zlerimin lazer ameliyat\u0131 i\u00e7in uygun olup olmad\u0131\u011f\u0131n\u0131 belirlemek \u00fczere \u00f6n muayene i\u00e7in g\u00f6z doktoruna gitmem gerekiyordu. (G\u00f6zl\u00fck \u00f6l\u00e7\u00fcmlerim -8.0 ve -9.5 idi.) Bay Karaagac\u0131l\u0131 her \u015feyi benim i\u00e7in ayarlad\u0131\u011f\u0131 i\u00e7in (otel, u\u00e7ak bileti ve klinik randevular\u0131) organizasyona herhangi bir katk\u0131da bulunmama gerek kalmad\u0131. K\u0131z\u0131m ve ben \u0130stanbul&#8217;a indi\u011fimizde, \u00e7ok iyi Almanca konu\u015fan Birol taraf\u0131ndan s\u0131cak bir \u015fekilde kar\u015f\u0131land\u0131k. Ard\u0131ndan bizi havaalan\u0131ndan 20 kilometre uzakl\u0131ktaki otelimize g\u00f6t\u00fcrd\u00fc. Otelden klini\u011fe y\u00fcr\u00fcy\u00fc\u015f yakla\u015f\u0131k 1 dakika s\u00fcrer. Ertesi g\u00fcn, ak\u0131c\u0131 \u0130svi\u00e7re Almancas\u0131 konu\u015fan Fred bizi otelden ald\u0131. Bize klini\u011fi g\u00f6sterdi ve orada \u00e7ok s\u0131cak bir kar\u015f\u0131lama ile kar\u015f\u0131land\u0131k. Klinikteki atmosfer harikayd\u0131 ve personel \u00e7ok cana yak\u0131nd\u0131. Eyestar&#8217;da kendimi hemen g\u00fcvende hissettim. \u00d6n muayene biraz uzun s\u00fcrd\u00fc ama sorunsuz ge\u00e7ti ve cerrah ameliyat\u0131 saat 14:00&#8217;e planlad\u0131. Sonunda o an geldi\u011finde hi\u00e7 de gergin de\u011fildim. Tam tersine, ameliyat\u0131 ger\u00e7ekten d\u00f6rt g\u00f6zle bekliyordum. Her zaman yan\u0131mda olan Fred, kendimi g\u00fcvende hissetmemi sa\u011flad\u0131. Ameliyat \u00f6ncesi haz\u0131rl\u0131k s\u0131ras\u0131nda cerrah \u0130ngilizce olarak neler olaca\u011f\u0131n\u0131 a\u00e7\u0131klad\u0131 ve Fred s\u00f6ylediklerinin tamam\u0131n\u0131 terc\u00fcme etti. Ameliyat s\u0131ras\u0131nda hi\u00e7bir \u015fey hissetmedim ve sonras\u0131nda da hi\u00e7 a\u011fr\u0131m olmad\u0131. \u0130nan\u0131lmaz ama ger\u00e7ek! Ameliyattan sonra cerrah g\u00f6zlerimi muayene etti ve g\u00f6rme keskinli\u011fimi kontrol etti. Buna zor inan\u0131yordum; g\u00f6zl\u00fck veya kontakt lens olmadan her \u015feyi g\u00f6rebiliyordum. Ertesi g\u00fcn kontrol muayenesi i\u00e7in klini\u011fe geri d\u00f6nmek zorunda kald\u0131k. Her \u015fey m\u00fckemmeldi; g\u00f6rme yetim %100&#8217;d\u00fc. Kontrol muayenesinden sonra Birol bizi klinikte bekliyordu. Bize \u015fehri ve baz\u0131 turistik yerleri g\u00f6sterdi ve \u00e7ar\u015f\u0131ya kadar e\u015flik etti. Ger\u00e7ekten m\u00fckemmel bir hizmet! Ertesi g\u00fcn Birol bizi otelden ald\u0131 ve sabah\u0131n erken saatlerinde havaalan\u0131na g\u00f6t\u00fcrd\u00fc. \u0130stanbul&#8217;dan ayr\u0131ld\u0131\u011f\u0131m\u0131z gibi, Z\u00fcrih&#8217;e de tam zaman\u0131nda indik. Ama bir fark vard\u0131: \u0130ki yeni g\u00f6z\u00fcm vard\u0131. Sizi zaten bir\u00e7ok arkada\u015f\u0131ma ve tan\u0131d\u0131\u011f\u0131ma tavsiye ettim, \u00e7\u00fcnk\u00fc daha iyi bir hizmet veya daha fazla uzmanl\u0131k bulamazs\u0131n\u0131z! Ve t\u00fcm bunlar bu fiyata! \u0130lk e-postadan bug\u00fcne kadar sizden m\u00fckemmel tavsiyeler ald\u0131\u011f\u0131m\u0131 hissettim; her \u015fey m\u00fckemmel bir \u015fekilde organize edilmi\u015fti ve her zaman en iyi profesyonel ellerde oldu\u011fumdan emindim. \u00c7ok te\u015fekk\u00fcrler, Kati Stettler, 20 Ekim 2007 \u00d6nceki rapor Bir Sonraki Rapor<\/p>\n","protected":false},"author":4,"featured_media":0,"parent":3355,"menu_order":0,"comment_status":"closed","ping_status":"closed","template":"","meta":{"_joinchat":[],"footnotes":""},"class_list":["post-3411","page","type-page","status-publish","hentry"],"acf":[],"_links":{"self":[{"href":"https:\/\/swisslasik.ch\/tr\/wp-json\/wp\/v2\/pages\/3411","targetHints":{"allow":["GET"]}}],"collection":[{"href":"https:\/\/swisslasik.ch\/tr\/wp-json\/wp\/v2\/pages"}],"about":[{"href":"https:\/\/swisslasik.ch\/tr\/wp-json\/wp\/v2\/types\/page"}],"author":[{"embeddable":true,"href":"https:\/\/swisslasik.ch\/tr\/wp-json\/wp\/v2\/users\/4"}],"replies":[{"embeddable":true,"href":"https:\/\/swisslasik.ch\/tr\/wp-json\/wp\/v2\/comments?post=3411"}],"version-history":[{"count":2,"href":"https:\/\/swisslasik.ch\/tr\/wp-json\/wp\/v2\/pages\/3411\/revisions"}],"predecessor-version":[{"id":4854,"href":"https:\/\/swisslasik.ch\/tr\/wp-json\/wp\/v2\/pages\/3411\/revisions\/4854"}],"up":[{"embeddable":true,"href":"https:\/\/swisslasik.ch\/tr\/wp-json\/wp\/v2\/pages\/3355"}],"wp:attachment":[{"href":"https:\/\/swisslasik.ch\/tr\/wp-json\/wp\/v2\/media?parent=3411"}],"curies":[{"name":"wp","href":"https:\/\/api.w.org\/{rel}","templated":true}]}}