{"id":3413,"date":"2025-09-24T15:24:01","date_gmt":"2025-09-24T14:24:01","guid":{"rendered":"https:\/\/swisslasik.ch\/yasli-hasta-raporlari-goez-klinigi-tuerkiye\/tuerkiyede-goez-lazeri-deneyimim-15-haziran-2007-cuma-tarihli-deneyim-raporu\/"},"modified":"2026-01-14T21:07:28","modified_gmt":"2026-01-14T20:07:28","slug":"tuerkiyede-goez-lazeri-deneyimim-15-haziran-2007-cuma-tarihli-deneyim-raporu","status":"publish","type":"page","link":"https:\/\/swisslasik.ch\/tr\/yasli-hasta-raporlari-goez-klinigi-tuerkiye\/tuerkiyede-goez-lazeri-deneyimim-15-haziran-2007-cuma-tarihli-deneyim-raporu\/","title":{"rendered":"T\u00fcrkiye\u2019de g\u00f6z lazeri deneyimim \u2013 15 Haziran 2007 Cuma tarihli deneyim raporu"},"content":{"rendered":"\n<h3 class=\"wp-block-heading\">T\u00fcrkiye\u2019de g\u00f6z lazeri deneyimim \u2013 15 Haziran 2007 Cuma tarihli deneyim raporu<\/h3>\n\n<p>LASIK g\u00f6z ameliyat\u0131 ile ilgilenen de\u011ferli adaylar,<br\/>A\u015fa\u011f\u0131da kendi ki\u015fisel deneyimlerimden baz\u0131 ya\u015fad\u0131klar\u0131m\u0131 sizinle payla\u015fmak istiyorum.<br\/>\u015eunu s\u00f6ylemeliyim ki Swisslasik taraf\u0131nda her \u015fey \u00e7ok iyi i\u015fledi ve ilgi hem samimi hem de g\u00fcvenilirdi. Eyestar Klini\u011fi\u2019ndeki doktor ekibine gelince, en y\u00fcksek notu vermesem de \u00e7ok y\u00fcksek bir de\u011ferlendirme yapabilirim. En y\u00fcksek notu vermememin sebebi, birden fazla hastan\u0131n zamanlama a\u00e7\u0131s\u0131ndan iyi koordine edilmemesi nedeniyle bekleme s\u00fcrelerinin olduk\u00e7a uzun olmas\u0131yd\u0131. Ayr\u0131ca doktorlar ya da yard\u0131mc\u0131lar\u0131, bir\u00e7ok bilgiyi kendiliklerinden payla\u015fm\u0131yorlard\u0131; baz\u0131 konular\u0131 \u00f6zellikle sormak gerekiyordu, ancak soruldu\u011funda her zaman nazik\u00e7e cevap verdiler.<br\/>Ameliyattan sonra insan genelde pek iyi hissetmiyor ve karanl\u0131k bir odaya, uzanabilece\u011finiz bir sedyeye g\u00f6t\u00fcr\u00fcl\u00fcp yaln\u0131z b\u0131rak\u0131l\u0131yorsunuz. Yakla\u015f\u0131k be\u015f dakika sonra biri gelip g\u00f6zlerdeki yanmay\u0131 azaltan damlalar\u0131 getiriyor. Ben \u015fahsen yaln\u0131z b\u0131rak\u0131lmamay\u0131 ve ameliyat\u0131n nas\u0131l ge\u00e7ti\u011fi hakk\u0131nda hemen bilgilendirilmeyi isterdim. \u0130leti\u015fim a\u00e7\u0131s\u0131ndan ise asl\u0131nda bir sorun yok, \u00e7\u00fcnk\u00fc her zaman iyi Almanca ya da \u0130ngilizce konu\u015fan en az bir ki\u015fi bulunuyor.<br\/>Herkese ameliyattan \u00f6nce verilen sakinle\u015ftirici tableti almalar\u0131n\u0131 tavsiye ederim. Ameliyat \u00e7ok k\u0131sa s\u00fcr\u00fcyor ama o birka\u00e7 dakika olduk\u00e7a yo\u011fun ge\u00e7iyor; \u00e7\u00fcnk\u00fc her \u015feyi hissediyor ve a\u011fr\u0131ya ra\u011fmen sakin kalman\u0131z gerekiyor. \u015ea\u015f\u0131rt\u0131c\u0131 olan ise, ertesi g\u00fcn en az\u0131ndan uza\u011f\u0131 neredeyse m\u00fckemmel bir \u015fekilde g\u00f6rebilmeniz ve gerekli dikkatle \u201cnormal\u201d g\u00fcnl\u00fck aktivitelere d\u00f6nebilmeniz. O g\u00fcnden sonra art\u0131k hi\u00e7bir a\u011fr\u0131 hissetmedim.<br\/>Yap\u0131lan d\u00fczeltme sonucunda bir g\u00f6z\u00fcmde 0, di\u011fer g\u00f6z\u00fcmde 0.25 diyoptri kald\u0131. Bu sonu\u00e7 bana ameliyattan sonraki g\u00fcn doktor taraf\u0131ndan s\u00f6ylendi. Sol g\u00f6z\u00fcmle sa\u011f g\u00f6z\u00fcme k\u0131yasla biraz daha az net g\u00f6rd\u00fc\u011f\u00fcm\u00fc hissediyorum. Genel olarak \u015funu s\u00f6yleyebilirim ki, g\u00f6rme yard\u0131m\u0131 kullanmak zorunda olmaktan biraz olsun memnun olmayan herkese bu ameliyat\u0131 g\u00f6n\u00fclden tavsiye ederim, \u00f6zellikle de y\u00fcksek diyoptrisi olanlara.<br\/>\u0130stanbul\u2019daki klini\u011fin, t\u0131bbi m\u00fcdahale a\u00e7\u0131s\u0131ndan bir \u0130svi\u00e7re klini\u011finden hi\u00e7bir eksi\u011fi oldu\u011funu d\u00fc\u015f\u00fcnm\u00fcyorum. Yakla\u015f\u0131k 15.000\u201320.000 hastay\u0131 ameliyat etmi\u015fler ve bug\u00fcne kadar ciddi bir sorun ya\u015fanmam\u0131\u015f. Bu y\u00fczden k\u00f6r olma gibi korku hik\u00e2yelerine inanmay\u0131n ve bana g\u00f6re adeta bir mucize olan bu \u015feye cesaret edin. Ger\u00e7ekten de bir mucize. \u0130nsan neler yapabiliyor\u2026<br\/>Sonradan bak\u0131ld\u0131\u011f\u0131nda olduk\u00e7a affedilebilir olan baz\u0131 klinik eksikliklerle ilgili olarak \u015funu s\u00f6yleyebilirim: Bunlar kendilerine iletildi\u011finde mutlaka d\u00fczelteceklerini d\u00fc\u015f\u00fcn\u00fcyorum. Sonu\u00e7ta hastalar\u0131 m\u00fcmk\u00fcn oldu\u011funca memnun etmek i\u00e7in \u00e7aba g\u00f6steriyorlar.<br\/>Bu y\u00fczden bir kez daha s\u00f6yl\u00fcyorum: G\u00f6rme bozuklu\u011fumun d\u00fczeltilmesi i\u00e7in te\u015fekk\u00fcr ederim ve daha bir\u00e7ok hastan\u0131n da bu mutlulu\u011fu uzun s\u00fcre ya\u015famas\u0131n\u0131 dilerim. Ameliyat\u0131n kendisinden korkmay\u0131n; biraz s\u0131k\u0131nt\u0131 ya\u015fanan s\u00fcre \u00e7ok k\u0131sa ve elde edilen sonu\u00e7la k\u0131yasland\u0131\u011f\u0131nda kesinlikle \u00f6nemsizdir.<br\/>Sayg\u0131lar\u0131mla<br\/>Till de Ridder                      <\/p>\n\n<div class=\"wp-block-group is-layout-grid wp-container-core-group-is-layout-baef362d wp-block-group-is-layout-grid\">\n<p><a href=\"https:\/\/medicaltravel.at\/home\/agb\/\" data-type=\"page\" data-id=\"2191\" rel=\"nofollow noopener\" target=\"_blank\"><\/a><a href=\"https:\/\/swisslasik.ch\/tr\/yasli-hasta-raporlari-goez-klinigi-tuerkiye\/lasik-istanbul-tuerkiye-deneyim-raporu-25-haziran-2007-pazartesi-tarihli-deneyim-raporu\/\" data-type=\"link\" data-id=\"https:\/\/swisslasik.ch\/altere-patientenberichte-augenklinik-tuerkei\/erfahrungsbericht-lasik-istanbul-turkei-bericht-vom-montag-25-juni-2007\/\">\u00d6nceki rapor<\/a><\/p>\n\n\n\n<p class=\"has-text-align-right wp-container-content-5e2576f9\"><a href=\"https:\/\/medicaltravel.at\/home\/impressum\/\" data-type=\"page\" data-id=\"2193\" rel=\"nofollow noopener\" target=\"_blank\"><\/a><a href=\"https:\/\/medicaltravel.at\/home\/berichte-von-patienten\/erfahrungsberichte\/erfahrungsbericht-zahnbehandlung-in-istanbul\/\" data-type=\"page\" data-id=\"981\" rel=\"nofollow noopener\" target=\"_blank\"><\/a><a href=\"https:\/\/swisslasik.ch\/tr\/yasli-hasta-raporlari-goez-klinigi-tuerkiye\/tuerkiyede-goez-lazeri-anketi-24-mart-2007-cumartesi-tarihli-rapor\/\" data-type=\"link\" data-id=\"https:\/\/swisslasik.ch\/altere-patientenberichte-augenklinik-tuerkei\/augenlaser-turkei-umfrage-bericht-vom-samstag-24-marz-2007\/\">Bir Sonraki Rapor<br\/><\/a><\/p>\n<\/div>\n","protected":false},"excerpt":{"rendered":"<p>T\u00fcrkiye\u2019de g\u00f6z lazeri deneyimim \u2013 15 Haziran 2007 Cuma tarihli deneyim raporu LASIK g\u00f6z ameliyat\u0131 ile ilgilenen de\u011ferli adaylar,A\u015fa\u011f\u0131da kendi ki\u015fisel deneyimlerimden baz\u0131 ya\u015fad\u0131klar\u0131m\u0131 sizinle payla\u015fmak istiyorum.\u015eunu s\u00f6ylemeliyim ki Swisslasik taraf\u0131nda her \u015fey \u00e7ok iyi i\u015fledi ve ilgi hem samimi hem de g\u00fcvenilirdi. Eyestar Klini\u011fi\u2019ndeki doktor ekibine gelince, en y\u00fcksek notu vermesem de \u00e7ok y\u00fcksek bir de\u011ferlendirme yapabilirim. En y\u00fcksek notu vermememin sebebi, birden fazla hastan\u0131n zamanlama a\u00e7\u0131s\u0131ndan iyi koordine edilmemesi nedeniyle bekleme s\u00fcrelerinin olduk\u00e7a uzun olmas\u0131yd\u0131. Ayr\u0131ca doktorlar ya da yard\u0131mc\u0131lar\u0131, bir\u00e7ok bilgiyi kendiliklerinden payla\u015fm\u0131yorlard\u0131; baz\u0131 konular\u0131 \u00f6zellikle sormak gerekiyordu, ancak soruldu\u011funda her zaman nazik\u00e7e cevap verdiler.Ameliyattan sonra insan genelde pek iyi hissetmiyor ve karanl\u0131k bir odaya, uzanabilece\u011finiz bir sedyeye g\u00f6t\u00fcr\u00fcl\u00fcp yaln\u0131z b\u0131rak\u0131l\u0131yorsunuz. Yakla\u015f\u0131k be\u015f dakika sonra biri gelip g\u00f6zlerdeki yanmay\u0131 azaltan damlalar\u0131 getiriyor. Ben \u015fahsen yaln\u0131z b\u0131rak\u0131lmamay\u0131 ve ameliyat\u0131n nas\u0131l ge\u00e7ti\u011fi hakk\u0131nda hemen bilgilendirilmeyi isterdim. \u0130leti\u015fim a\u00e7\u0131s\u0131ndan ise asl\u0131nda bir sorun yok, \u00e7\u00fcnk\u00fc her zaman iyi Almanca ya da \u0130ngilizce konu\u015fan en az bir ki\u015fi bulunuyor.Herkese ameliyattan \u00f6nce verilen sakinle\u015ftirici tableti almalar\u0131n\u0131 tavsiye ederim. Ameliyat \u00e7ok k\u0131sa s\u00fcr\u00fcyor ama o birka\u00e7 dakika olduk\u00e7a yo\u011fun ge\u00e7iyor; \u00e7\u00fcnk\u00fc her \u015feyi hissediyor ve a\u011fr\u0131ya ra\u011fmen sakin kalman\u0131z gerekiyor. \u015ea\u015f\u0131rt\u0131c\u0131 olan ise, ertesi g\u00fcn en az\u0131ndan uza\u011f\u0131 neredeyse m\u00fckemmel bir \u015fekilde g\u00f6rebilmeniz ve gerekli dikkatle \u201cnormal\u201d g\u00fcnl\u00fck aktivitelere d\u00f6nebilmeniz. O g\u00fcnden sonra art\u0131k hi\u00e7bir a\u011fr\u0131 hissetmedim.Yap\u0131lan d\u00fczeltme sonucunda bir g\u00f6z\u00fcmde 0, di\u011fer g\u00f6z\u00fcmde 0.25 diyoptri kald\u0131. Bu sonu\u00e7 bana ameliyattan sonraki g\u00fcn doktor taraf\u0131ndan s\u00f6ylendi. Sol g\u00f6z\u00fcmle sa\u011f g\u00f6z\u00fcme k\u0131yasla biraz daha az net g\u00f6rd\u00fc\u011f\u00fcm\u00fc hissediyorum. Genel olarak \u015funu s\u00f6yleyebilirim ki, g\u00f6rme yard\u0131m\u0131 kullanmak zorunda olmaktan biraz olsun memnun olmayan herkese bu ameliyat\u0131 g\u00f6n\u00fclden tavsiye ederim, \u00f6zellikle de y\u00fcksek diyoptrisi olanlara.\u0130stanbul\u2019daki klini\u011fin, t\u0131bbi m\u00fcdahale a\u00e7\u0131s\u0131ndan bir \u0130svi\u00e7re klini\u011finden hi\u00e7bir eksi\u011fi oldu\u011funu d\u00fc\u015f\u00fcnm\u00fcyorum. Yakla\u015f\u0131k 15.000\u201320.000 hastay\u0131 ameliyat etmi\u015fler ve bug\u00fcne kadar ciddi bir sorun ya\u015fanmam\u0131\u015f. Bu y\u00fczden k\u00f6r olma gibi korku hik\u00e2yelerine inanmay\u0131n ve bana g\u00f6re adeta bir mucize olan bu \u015feye cesaret edin. Ger\u00e7ekten de bir mucize. \u0130nsan neler yapabiliyor\u2026Sonradan bak\u0131ld\u0131\u011f\u0131nda olduk\u00e7a affedilebilir olan baz\u0131 klinik eksikliklerle ilgili olarak \u015funu s\u00f6yleyebilirim: Bunlar kendilerine iletildi\u011finde mutlaka d\u00fczelteceklerini d\u00fc\u015f\u00fcn\u00fcyorum. Sonu\u00e7ta hastalar\u0131 m\u00fcmk\u00fcn oldu\u011funca memnun etmek i\u00e7in \u00e7aba g\u00f6steriyorlar.Bu y\u00fczden bir kez daha s\u00f6yl\u00fcyorum: G\u00f6rme bozuklu\u011fumun d\u00fczeltilmesi i\u00e7in te\u015fekk\u00fcr ederim ve daha bir\u00e7ok hastan\u0131n da bu mutlulu\u011fu uzun s\u00fcre ya\u015famas\u0131n\u0131 dilerim. Ameliyat\u0131n kendisinden korkmay\u0131n; biraz s\u0131k\u0131nt\u0131 ya\u015fanan s\u00fcre \u00e7ok k\u0131sa ve elde edilen sonu\u00e7la k\u0131yasland\u0131\u011f\u0131nda kesinlikle \u00f6nemsizdir.Sayg\u0131lar\u0131mlaTill de Ridder \u00d6nceki rapor Bir Sonraki Rapor<\/p>\n","protected":false},"author":4,"featured_media":0,"parent":3355,"menu_order":0,"comment_status":"closed","ping_status":"closed","template":"","meta":{"_joinchat":[],"footnotes":""},"class_list":["post-3413","page","type-page","status-publish","hentry"],"acf":[],"_links":{"self":[{"href":"https:\/\/swisslasik.ch\/tr\/wp-json\/wp\/v2\/pages\/3413","targetHints":{"allow":["GET"]}}],"collection":[{"href":"https:\/\/swisslasik.ch\/tr\/wp-json\/wp\/v2\/pages"}],"about":[{"href":"https:\/\/swisslasik.ch\/tr\/wp-json\/wp\/v2\/types\/page"}],"author":[{"embeddable":true,"href":"https:\/\/swisslasik.ch\/tr\/wp-json\/wp\/v2\/users\/4"}],"replies":[{"embeddable":true,"href":"https:\/\/swisslasik.ch\/tr\/wp-json\/wp\/v2\/comments?post=3413"}],"version-history":[{"count":1,"href":"https:\/\/swisslasik.ch\/tr\/wp-json\/wp\/v2\/pages\/3413\/revisions"}],"predecessor-version":[{"id":3414,"href":"https:\/\/swisslasik.ch\/tr\/wp-json\/wp\/v2\/pages\/3413\/revisions\/3414"}],"up":[{"embeddable":true,"href":"https:\/\/swisslasik.ch\/tr\/wp-json\/wp\/v2\/pages\/3355"}],"wp:attachment":[{"href":"https:\/\/swisslasik.ch\/tr\/wp-json\/wp\/v2\/media?parent=3413"}],"curies":[{"name":"wp","href":"https:\/\/api.w.org\/{rel}","templated":true}]}}