{"id":3415,"date":"2025-09-24T15:18:11","date_gmt":"2025-09-24T14:18:11","guid":{"rendered":"https:\/\/swisslasik.ch\/yasli-hasta-raporlari-goez-klinigi-tuerkiye\/lasik-istanbuldaki-deneyimim-21-aralik-2007-cuma-tarihli-deneyim-raporu\/"},"modified":"2026-01-14T20:57:55","modified_gmt":"2026-01-14T19:57:55","slug":"lasik-istanbuldaki-deneyimim-21-aralik-2007-cuma-tarihli-deneyim-raporu","status":"publish","type":"page","link":"https:\/\/swisslasik.ch\/tr\/yasli-hasta-raporlari-goez-klinigi-tuerkiye\/lasik-istanbuldaki-deneyimim-21-aralik-2007-cuma-tarihli-deneyim-raporu\/","title":{"rendered":"LASIK \u0130stanbul\u2019daki deneyimim \u2013 21 Aral\u0131k 2007 Cuma tarihli deneyim raporu"},"content":{"rendered":"\n<h3 class=\"wp-block-heading\">LASIK \u0130stanbul\u2019daki deneyimim \u2013 21 Aral\u0131k 2007 Cuma tarihli deneyim raporu<\/h3>\n\n<p>Say\u0131n Karaagacli-Leoni<\/p>\n\n<p>Ich war am Freitag noch beim Augenarzt es sieht alles gut aus.<\/p>\n\n<p>Hier noch die antworten zu Ihrer Umfrage.<\/p>\n\n<p>\u2013 Ihre Motivation zur Operation:<br\/>Immer wieder probleme mit Linsen und Brille.<\/p>\n\n<p>\u2013 Bizi nas\u0131l buldunuz:<br\/>\u0130nternet \u00fczerinden ve g\u00f6z doktorumun tavsiyesiyle.<\/p>\n\n<p>\u2013 Bizi nas\u0131l se\u00e7tiniz:<br\/>Kapsaml\u0131 \u00e7evrimi\u00e7i ara\u015ft\u0131rmadan sonra.<br\/>Z\u00fcrih&#8217;teki \u00f6n inceleme: \u0130yi ge\u00e7ti ve sorunsuz ilerledi.<\/p>\n\n<p>Swisslasik.ch dan\u0131\u015fmanl\u0131k ve organizasyon a\u00e7\u0131s\u0131ndan ne kadar iyi veya k\u00f6t\u00fc?<br\/>\u0130yi ve anla\u015f\u0131l\u0131r dan\u0131\u015fmanl\u0131k.<\/p>\n\n<p>\u2013 Swisslasikpass kullan\u0131\u015fl\u0131 m\u0131?<br\/>Pasaport \u0130stanbul&#8217;da \u00e7ok i\u015fime yarad\u0131.<\/p>\n\n<p>\u2013 u\u00e7u\u015f, otel, kar\u015f\u0131lama servisi, EyeSTAR klini\u011fi, personeli, ameliyat, ameliyat sonras\u0131 hisleriniz.<\/p>\n\n<p>Otel fiyat\u0131na g\u00f6re fena de\u011fildi, geri kalan her \u015fey m\u00fckemmeldi.<\/p>\n\n<p>Selamlar ve te\u015fekk\u00fcrler<\/p>\n\n<p>Hanspeter Zollinger<\/p>\n\n<div class=\"wp-block-group is-layout-grid wp-container-core-group-is-layout-baef362d wp-block-group-is-layout-grid\">\n<p><a href=\"https:\/\/medicaltravel.at\/home\/agb\/\" data-type=\"page\" data-id=\"2191\" rel=\"nofollow noopener\" target=\"_blank\"><\/a><a href=\"https:\/\/swisslasik.ch\/tr\/yasli-hasta-raporlari-goez-klinigi-tuerkiye\/aralik-ayinda-tuerkiyede-gecirdigim-lasik-ameliyatim-04-ocak-2008-cuma-tarihli-deneyim-raporu\/\" data-type=\"link\" data-id=\"https:\/\/swisslasik.ch\/altere-patientenberichte-augenklinik-tuerkei\/mein-lasik-op-im-dezember-in-der-turkei-bericht-vom-freitag-04-januar-2008\/\">\u00d6nceki rapor<\/a><\/p>\n\n\n\n<p class=\"has-text-align-right wp-container-content-5e2576f9\"><a href=\"https:\/\/medicaltravel.at\/home\/impressum\/\" data-type=\"page\" data-id=\"2193\" rel=\"nofollow noopener\" target=\"_blank\"><\/a><a href=\"https:\/\/medicaltravel.at\/home\/berichte-von-patienten\/erfahrungsberichte\/erfahrungsbericht-zahnbehandlung-in-istanbul\/\" data-type=\"page\" data-id=\"981\" rel=\"nofollow noopener\" target=\"_blank\"><\/a><a href=\"https:\/\/swisslasik.ch\/tr\/yasli-hasta-raporlari-goez-klinigi-tuerkiye\/goez-lazeri-14-aralik-2007-cuma-tarihli-deneyim-raporu\/\" data-type=\"link\" data-id=\"https:\/\/swisslasik.ch\/altere-patientenberichte-augenklinik-tuerkei\/augenlaser-bericht-vom-freitag-14-dezember-2007\/\">Bir Sonraki Rapor<br\/><\/a><\/p>\n<\/div>\n","protected":false},"excerpt":{"rendered":"<p>LASIK \u0130stanbul\u2019daki deneyimim \u2013 21 Aral\u0131k 2007 Cuma tarihli deneyim raporu Say\u0131n Karaagacli-Leoni Ich war am Freitag noch beim Augenarzt es sieht alles gut aus. Hier noch die antworten zu Ihrer Umfrage. \u2013 Ihre Motivation zur Operation:Immer wieder probleme mit Linsen und Brille. \u2013 Bizi nas\u0131l buldunuz:\u0130nternet \u00fczerinden ve g\u00f6z doktorumun tavsiyesiyle. \u2013 Bizi nas\u0131l se\u00e7tiniz:Kapsaml\u0131 \u00e7evrimi\u00e7i ara\u015ft\u0131rmadan sonra.Z\u00fcrih&#8217;teki \u00f6n inceleme: \u0130yi ge\u00e7ti ve sorunsuz ilerledi. Swisslasik.ch dan\u0131\u015fmanl\u0131k ve organizasyon a\u00e7\u0131s\u0131ndan ne kadar iyi veya k\u00f6t\u00fc?\u0130yi ve anla\u015f\u0131l\u0131r dan\u0131\u015fmanl\u0131k. \u2013 Swisslasikpass kullan\u0131\u015fl\u0131 m\u0131?Pasaport \u0130stanbul&#8217;da \u00e7ok i\u015fime yarad\u0131. \u2013 u\u00e7u\u015f, otel, kar\u015f\u0131lama servisi, EyeSTAR klini\u011fi, personeli, ameliyat, ameliyat sonras\u0131 hisleriniz. Otel fiyat\u0131na g\u00f6re fena de\u011fildi, geri kalan her \u015fey m\u00fckemmeldi. Selamlar ve te\u015fekk\u00fcrler Hanspeter Zollinger \u00d6nceki rapor Bir Sonraki Rapor<\/p>\n","protected":false},"author":4,"featured_media":0,"parent":3355,"menu_order":0,"comment_status":"closed","ping_status":"closed","template":"","meta":{"_joinchat":[],"footnotes":""},"class_list":["post-3415","page","type-page","status-publish","hentry"],"acf":[],"_links":{"self":[{"href":"https:\/\/swisslasik.ch\/tr\/wp-json\/wp\/v2\/pages\/3415","targetHints":{"allow":["GET"]}}],"collection":[{"href":"https:\/\/swisslasik.ch\/tr\/wp-json\/wp\/v2\/pages"}],"about":[{"href":"https:\/\/swisslasik.ch\/tr\/wp-json\/wp\/v2\/types\/page"}],"author":[{"embeddable":true,"href":"https:\/\/swisslasik.ch\/tr\/wp-json\/wp\/v2\/users\/4"}],"replies":[{"embeddable":true,"href":"https:\/\/swisslasik.ch\/tr\/wp-json\/wp\/v2\/comments?post=3415"}],"version-history":[{"count":1,"href":"https:\/\/swisslasik.ch\/tr\/wp-json\/wp\/v2\/pages\/3415\/revisions"}],"predecessor-version":[{"id":3416,"href":"https:\/\/swisslasik.ch\/tr\/wp-json\/wp\/v2\/pages\/3415\/revisions\/3416"}],"up":[{"embeddable":true,"href":"https:\/\/swisslasik.ch\/tr\/wp-json\/wp\/v2\/pages\/3355"}],"wp:attachment":[{"href":"https:\/\/swisslasik.ch\/tr\/wp-json\/wp\/v2\/media?parent=3415"}],"curies":[{"name":"wp","href":"https:\/\/api.w.org\/{rel}","templated":true}]}}