{"id":3419,"date":"2025-09-24T15:13:31","date_gmt":"2025-09-24T14:13:31","guid":{"rendered":"https:\/\/swisslasik.ch\/yasli-hasta-raporlari-goez-klinigi-tuerkiye\/goez-lazeri-ameliyati-ile-ilgili-deneyimim-26-mart-2008-carsamba-tarihli-deneyim-raporu\/"},"modified":"2026-01-14T20:53:45","modified_gmt":"2026-01-14T19:53:45","slug":"goez-lazeri-ameliyati-ile-ilgili-deneyimim-26-mart-2008-carsamba-tarihli-deneyim-raporu","status":"publish","type":"page","link":"https:\/\/swisslasik.ch\/tr\/yasli-hasta-raporlari-goez-klinigi-tuerkiye\/goez-lazeri-ameliyati-ile-ilgili-deneyimim-26-mart-2008-carsamba-tarihli-deneyim-raporu\/","title":{"rendered":"G\u00f6z lazeri ameliyat\u0131 ile ilgili deneyimim \u2013 26 Mart 2008 \u00c7ar\u015famba tarihli deneyim raporu"},"content":{"rendered":"\n<h3 class=\"wp-block-heading\">G\u00f6z lazeri ameliyat\u0131 ile ilgili deneyimim \u2013 26 Mart 2008 \u00c7ar\u015famba tarihli deneyim raporu<\/h3>\n\n\n\n<p>Herkese merhaba<\/p>\n\n\n\n<p>Ameliyattan sonra on bir saat ta\u015f gibi uyudum; bu sadece g\u00f6zlerime de\u011fil, bana da \u00e7ok iyi geldi. Duygular\u0131m olduk\u00e7a karma\u015f\u0131kt\u0131. Y\u00fcksek diyoptri de\u011ferlerim nedeniyle yap\u0131lan m\u00fcdahale, d\u00fc\u015f\u00fck miyopisi olanlara g\u00f6re daha etkileyiciydi. Yani lazer uygulamas\u0131 5 saniye de\u011fil, yakla\u015f\u0131k 10 saniye s\u00fcrd\u00fc (\u00f6rne\u011fin Manus\u2019un \u00e7ok memnun olan arkada\u015f\u0131 Natascha\u2019da oldu\u011fu gibi). Ac\u0131 yoktu. \u0130yi haz\u0131rlanm\u0131\u015ft\u0131m, mesele bu de\u011fildi. Belki de en rahats\u0131z edici olan, her \u015feyi g\u00f6rmek zorunda olmamd\u0131; \u00e7\u00fcnk\u00fc g\u00f6zleri tam olarak kapatam\u0131yorsunuz. Vakumla tutulan g\u00f6z k\u00fcresinin bask\u0131s\u0131n\u0131, g\u00f6z kapa\u011f\u0131n\u0131n yapay olarak a\u00e7\u0131k tutulmas\u0131n\u0131 hissediyorsunuz. Zaman zaman g\u00f6r\u00fc\u015f tamamen kayboluyor, sonra tekrar geri geliyor; sanki bulutlar\u0131n i\u00e7inden ge\u00e7en bir u\u00e7ak gibi. Ard\u0131ndan, LSD al\u0131nd\u0131\u011f\u0131nda ya\u015fand\u0131\u011f\u0131n\u0131 hayal etti\u011fim t\u00fcrden renkli, halka halka bir g\u00f6rsel yolculuk ba\u015fl\u0131yor. Lazer, korneaya bir kesik at\u0131yor, bu tabaka k\u00fc\u00e7\u00fck bir b\u0131\u00e7akla yukar\u0131 kald\u0131r\u0131l\u0131yor, ard\u0131ndan lazer alttaki kornea tabakas\u0131n\u0131 \u015fekillendiriyor. B\u00f6ylece i\u00e7eri giren \u0131\u015f\u0131k do\u011fru \u015fekilde odaklan\u0131yor ve bug\u00fcne kadar hayatta al\u0131\u015f\u0131k oldu\u011fum bulan\u0131k g\u00f6r\u00fcnt\u00fc yerine, retinada istenen net g\u00f6r\u00fcnt\u00fc olu\u015fuyor. Yakla\u015f\u0131k 15 dakika sonra her \u015fey bitiyor. Hasta aya\u011fa kalk\u0131yor, g\u00f6zlerini a\u00e7abiliyor ve her \u015feyi net g\u00f6r\u00fcyor. Ancak yine de g\u00f6zlerini d\u00f6rt saat kapal\u0131 tutmas\u0131 ve otelde dinlenmesi s\u00f6yleniyor. O da bunu yapt\u0131; \u00e7\u00fcnk\u00fc kendini, kendisine a\u00e7\u0131lan d\u00fcnyadan hen\u00fcz hi\u00e7bir \u015fey bilmek istemeyen yeni do\u011fmu\u015f bir bebek gibi hissediyordu.           <\/p>\n\n\n\n<p>Ertesi g\u00fcn: Kutsal Cuma. Kahvalt\u0131 salonunda Stille Nacht ve di\u011fer Noel ezgileri \u00e7al\u0131yordu. Belli ki bunun \u00f6nemli bir Hristiyan bayram\u0131 oldu\u011funu fark etmi\u015fler ve a\u011f\u0131rl\u0131kl\u0131 olarak Bat\u0131\u2019dan gelen misafirlere b\u00f6yle bir jest yapmak istemi\u015fler. T\u0131pk\u0131 bizim, belki de \u201coryantal m\u00fczik\u201d ile t\u00fcm Do\u011fu d\u00fcnyas\u0131n\u0131 tek bir kal\u0131ba sokmam\u0131z gibi. G\u00f6zlere saatte bir damla damlat\u0131lmas\u0131 gerekiyordu, onun d\u0131\u015f\u0131nda ise gezme vaktiydi.<br>\u00d6nce Mavi Camii ziyareti; di\u011fer bir\u00e7ok turist kalabal\u0131\u011f\u0131yla birlikte. Ayakkab\u0131lar plastik torbalara konuluyor, ba\u015f ise \u00f6rt\u00fclm\u00fcyordu. Ard\u0131ndan Bo\u011faz turu: Avrupa ile Asya aras\u0131nda, Karadeniz ile Marmara Denizi aras\u0131nda, y\u00fcksek dalgalar nedeniyle sallanarak ilerleyen bir tekne yolculu\u011fu. So\u011fuk ve ya\u011fmur alt\u0131nda, g\u00f6zlerimi g\u00fcne\u015f g\u00f6zl\u00fc\u011f\u00fcyle tedirgin \u015fekilde koruyarak Kapal\u0131\u00e7ar\u015f\u0131\u2019ya gittik.<br>Bunun d\u0131\u015f\u0131nda \u0130stanbul, tarih a\u00e7\u0131s\u0131ndan adeta bir hazine ve bug\u00fcn a\u015f\u0131r\u0131 kalabal\u0131k bir metropol (\u0130svi\u00e7re\u2019nin \u00fc\u00e7 kat\u0131 n\u00fcfus!). Cephelerin art\u0131k parlam\u0131yor olmas\u0131 ise \u015fehri sempatik ve d\u00fcr\u00fcst k\u0131l\u0131yor. Binalar\u0131n aras\u0131nda s\u0131k s\u0131k, patlat\u0131lsa yan\u0131ndaki binalar\u0131 da y\u0131kacak kadar i\u00e7 i\u00e7e ge\u00e7mi\u015f eski harabelerle kar\u015f\u0131la\u015f\u0131yorsunuz. Bir\u00e7ok insan Avrupa yakas\u0131nda \u00e7al\u0131\u015f\u0131p Asya yakas\u0131nda ya\u015f\u0131yor; Asya yakas\u0131 bu nedenle daha ya\u015fanabilir, daha ye\u015fil ve daha bak\u0131ml\u0131. K\u0131talar\u0131 birbirine ba\u011flayan iki asma k\u00f6pr\u00fc, yo\u011fun gidip gelmeler nedeniyle s\u00fcrekli t\u0131kal\u0131, yollar da \u00f6yle. Metro a\u011f\u0131 ise \u015fimdiye kadar sadece en hareketli semt olan Taksim\u2019de geli\u015ftirilebilmi\u015f. \u0130stanbul, milletlerin ve hatta farkl\u0131 inan\u00e7 topluluklar\u0131n\u0131n bir araya geldi\u011fi ger\u00e7ek bir k\u00fclt\u00fcr kazan\u0131.            <\/p>\n\n\n\n<p>Cumartesi g\u00fcn\u00fc sabah saat be\u015fte, her sabah oldu\u011fu gibi m\u00fcezzinin sesiyle uyand\u0131k. D\u00f6n\u00fc\u015f u\u00e7u\u015funda kabinin kuru havas\u0131 g\u00f6zlerime pek iyi gelmedi. Eve vard\u0131\u011f\u0131mda ise, tan\u0131d\u0131k e\u015fyalar\u0131 herhangi bir g\u00f6rme yard\u0131m\u0131 olmadan net bir \u015fekilde g\u00f6rebilmenin verdi\u011fi saf bir mutluluk duygusu ya\u015fad\u0131m. Ayr\u0131ca g\u00f6r\u00fc\u015f\u00fcn art\u0131k g\u00f6zl\u00fck \u00e7er\u00e7eveleriyle s\u0131n\u0131rl\u0131 olmamas\u0131 da \u00e7ok g\u00fczel.<br>En g\u00fczel an ise sabah uyand\u0131\u011f\u0131mda g\u00f6zlerimi a\u00e7ar a\u00e7maz net g\u00f6rebilmek, g\u00f6r\u00fc\u015f\u00fcm\u00fc toparlamak i\u00e7in \u00f6nce g\u00f6zl\u00fc\u011fe uzanmak zorunda kalmamak. Buna al\u0131\u015fman\u0131n ne kadar h\u0131zl\u0131 ve normal h\u00e2le gelmesi ise biraz tuhaf. Baz\u0131lar\u0131 art\u0131k eskisinden \u00e7ok daha fazla g\u00f6rd\u00fcklerini s\u00f6yl\u00fcyor. Benim i\u00e7in durum b\u00f6yle de\u011fil; ama \u015fimdi g\u00f6zl\u00fcks\u00fcz, eskiden g\u00f6zl\u00fckle g\u00f6rd\u00fc\u011f\u00fcm kadar iyi g\u00f6r\u00fcyorum. Miyopluk bilerek tamamen d\u00fczeltilmedi, \u00e7\u00fcnk\u00fc art\u0131k belli bir ya\u015ftay\u0131m ve aksi h\u00e2lde ya\u015fa ba\u011fl\u0131 yak\u0131n\u0131 g\u00f6rememe sorununun daha erken ba\u015flayaca\u011f\u0131 s\u00f6ylenmi\u015fti. Buna ra\u011fmen uza\u011f\u0131 g\u00f6zl\u00fcks\u00fcz gayet iyi g\u00f6rebiliyorum.<br>\u015eu anda eksik olan tek \u015fey yak\u0131n g\u00f6r\u00fc\u015f. Yani okurken her \u015fey bulan\u0131k g\u00f6r\u00fcn\u00fcyor ve hemen bir okuma g\u00f6zl\u00fc\u011f\u00fcne ihtiya\u00e7 duyup duymayaca\u011f\u0131m\u0131 d\u00fc\u015f\u00fcn\u00fcyorum. Ancak doktor bu konuda beni rahatlatt\u0131 ve bunun ilk g\u00fcnlerde normal oldu\u011funu s\u00f6yledi.           <\/p>\n\n\n\n<p>Bana olduk\u00e7a garip gelen bir di\u011fer \u015fey ise, g\u00f6zl\u00fcks\u00fcz aynaya bakt\u0131\u011f\u0131mda annemin y\u00fcz hatlar\u0131n\u0131 \u00e7ok daha belirgin bir \u015fekilde g\u00f6rmem. G\u00f6zl\u00fckler bunu o kadar belirgin hale getirmiyordu. Bu durum beni rahats\u0131z ediyor. Ama g\u00f6zlerim g\u00fczel, b\u00fcy\u00fck ve berrak.   <\/p>\n\n\n\n<p>Sayg\u0131lar\u0131mla, Petra Paul<\/p>\n\n\n\n<div class=\"wp-block-group is-layout-grid wp-container-core-group-is-layout-baef362d wp-block-group-is-layout-grid\">\n<p><a href=\"https:\/\/medicaltravel.at\/home\/agb\/\" data-type=\"page\" data-id=\"2191\" rel=\"nofollow noopener\" target=\"_blank\"><\/a><a href=\"https:\/\/swisslasik.ch\/tr\/yasli-hasta-raporlari-goez-klinigi-tuerkiye\/istanbulda-lasik-ameliyatim-02-nisan-2008-carsamba-tarihli-deneyim-raporu\/\" data-type=\"link\" data-id=\"https:\/\/swisslasik.ch\/tr\/yasli-hasta-raporlari-goez-klinigi-tuerkiye\/istanbulda-lasik-ameliyatim-02-nisan-2008-carsamba-tarihli-deneyim-raporu\/\">\u00d6nceki rapor<\/a><\/p>\n\n\n\n<p class=\"has-text-align-right wp-container-content-5e2576f9\"><a href=\"https:\/\/medicaltravel.at\/home\/impressum\/\" data-type=\"page\" data-id=\"2193\" rel=\"nofollow noopener\" target=\"_blank\"><\/a><a href=\"https:\/\/medicaltravel.at\/home\/berichte-von-patienten\/erfahrungsberichte\/erfahrungsbericht-zahnbehandlung-in-istanbul\/\" data-type=\"page\" data-id=\"981\" rel=\"nofollow noopener\" target=\"_blank\"><\/a><a href=\"https:\/\/swisslasik.ch\/tr\/yasli-hasta-raporlari-goez-klinigi-tuerkiye\/kisa-ve-neredeyse-agrisiz-24-mart-2008-pazartesi-tarihli-deneyim-raporu\/\" data-type=\"link\" data-id=\"https:\/\/swisslasik.ch\/altere-patientenberichte-augenklinik-tuerkei\/kurz-und-fast-schmerzlos-bericht-vom-montag-24-marz-2008\/\">Bir Sonraki Rapor<br><\/a><\/p>\n<\/div>\n","protected":false},"excerpt":{"rendered":"<p>G\u00f6z lazeri ameliyat\u0131 ile ilgili deneyimim \u2013 26 Mart 2008 \u00c7ar\u015famba tarihli deneyim raporu Herkese merhaba Ameliyattan sonra on bir saat ta\u015f gibi uyudum; bu sadece g\u00f6zlerime de\u011fil, bana da \u00e7ok iyi geldi. Duygular\u0131m olduk\u00e7a karma\u015f\u0131kt\u0131. Y\u00fcksek diyoptri de\u011ferlerim nedeniyle yap\u0131lan m\u00fcdahale, d\u00fc\u015f\u00fck miyopisi olanlara g\u00f6re daha etkileyiciydi. Yani lazer uygulamas\u0131 5 saniye de\u011fil, yakla\u015f\u0131k 10 saniye s\u00fcrd\u00fc (\u00f6rne\u011fin Manus\u2019un \u00e7ok memnun olan arkada\u015f\u0131 Natascha\u2019da oldu\u011fu gibi). Ac\u0131 yoktu. \u0130yi haz\u0131rlanm\u0131\u015ft\u0131m, mesele bu de\u011fildi. Belki de en rahats\u0131z edici olan, her \u015feyi g\u00f6rmek zorunda olmamd\u0131; \u00e7\u00fcnk\u00fc g\u00f6zleri tam olarak kapatam\u0131yorsunuz. Vakumla tutulan g\u00f6z k\u00fcresinin bask\u0131s\u0131n\u0131, g\u00f6z kapa\u011f\u0131n\u0131n yapay olarak a\u00e7\u0131k tutulmas\u0131n\u0131 hissediyorsunuz. Zaman zaman g\u00f6r\u00fc\u015f tamamen kayboluyor, sonra tekrar geri geliyor; sanki bulutlar\u0131n i\u00e7inden ge\u00e7en bir u\u00e7ak gibi. Ard\u0131ndan, LSD al\u0131nd\u0131\u011f\u0131nda ya\u015fand\u0131\u011f\u0131n\u0131 hayal etti\u011fim t\u00fcrden renkli, halka halka bir g\u00f6rsel yolculuk ba\u015fl\u0131yor. Lazer, korneaya bir kesik at\u0131yor, bu tabaka k\u00fc\u00e7\u00fck bir b\u0131\u00e7akla yukar\u0131 kald\u0131r\u0131l\u0131yor, ard\u0131ndan lazer alttaki kornea tabakas\u0131n\u0131 \u015fekillendiriyor. B\u00f6ylece i\u00e7eri giren \u0131\u015f\u0131k do\u011fru \u015fekilde odaklan\u0131yor ve bug\u00fcne kadar hayatta al\u0131\u015f\u0131k oldu\u011fum bulan\u0131k g\u00f6r\u00fcnt\u00fc yerine, retinada istenen net g\u00f6r\u00fcnt\u00fc olu\u015fuyor. Yakla\u015f\u0131k 15 dakika sonra her \u015fey bitiyor. Hasta aya\u011fa kalk\u0131yor, g\u00f6zlerini a\u00e7abiliyor ve her \u015feyi net g\u00f6r\u00fcyor. Ancak yine de g\u00f6zlerini d\u00f6rt saat kapal\u0131 tutmas\u0131 ve otelde dinlenmesi s\u00f6yleniyor. O da bunu yapt\u0131; \u00e7\u00fcnk\u00fc kendini, kendisine a\u00e7\u0131lan d\u00fcnyadan hen\u00fcz hi\u00e7bir \u015fey bilmek istemeyen yeni do\u011fmu\u015f bir bebek gibi hissediyordu. Ertesi g\u00fcn: Kutsal Cuma. Kahvalt\u0131 salonunda Stille Nacht ve di\u011fer Noel ezgileri \u00e7al\u0131yordu. Belli ki bunun \u00f6nemli bir Hristiyan bayram\u0131 oldu\u011funu fark etmi\u015fler ve a\u011f\u0131rl\u0131kl\u0131 olarak Bat\u0131\u2019dan gelen misafirlere b\u00f6yle bir jest yapmak istemi\u015fler. T\u0131pk\u0131 bizim, belki de \u201coryantal m\u00fczik\u201d ile t\u00fcm Do\u011fu d\u00fcnyas\u0131n\u0131 tek bir kal\u0131ba sokmam\u0131z gibi. G\u00f6zlere saatte bir damla damlat\u0131lmas\u0131 gerekiyordu, onun d\u0131\u015f\u0131nda ise gezme vaktiydi.\u00d6nce Mavi Camii ziyareti; di\u011fer bir\u00e7ok turist kalabal\u0131\u011f\u0131yla birlikte. Ayakkab\u0131lar plastik torbalara konuluyor, ba\u015f ise \u00f6rt\u00fclm\u00fcyordu. Ard\u0131ndan Bo\u011faz turu: Avrupa ile Asya aras\u0131nda, Karadeniz ile Marmara Denizi aras\u0131nda, y\u00fcksek dalgalar nedeniyle sallanarak ilerleyen bir tekne yolculu\u011fu. So\u011fuk ve ya\u011fmur alt\u0131nda, g\u00f6zlerimi g\u00fcne\u015f g\u00f6zl\u00fc\u011f\u00fcyle tedirgin \u015fekilde koruyarak Kapal\u0131\u00e7ar\u015f\u0131\u2019ya gittik.Bunun d\u0131\u015f\u0131nda \u0130stanbul, tarih a\u00e7\u0131s\u0131ndan adeta bir hazine ve bug\u00fcn a\u015f\u0131r\u0131 kalabal\u0131k bir metropol (\u0130svi\u00e7re\u2019nin \u00fc\u00e7 kat\u0131 n\u00fcfus!). Cephelerin art\u0131k parlam\u0131yor olmas\u0131 ise \u015fehri sempatik ve d\u00fcr\u00fcst k\u0131l\u0131yor. Binalar\u0131n aras\u0131nda s\u0131k s\u0131k, patlat\u0131lsa yan\u0131ndaki binalar\u0131 da y\u0131kacak kadar i\u00e7 i\u00e7e ge\u00e7mi\u015f eski harabelerle kar\u015f\u0131la\u015f\u0131yorsunuz. Bir\u00e7ok insan Avrupa yakas\u0131nda \u00e7al\u0131\u015f\u0131p Asya yakas\u0131nda ya\u015f\u0131yor; Asya yakas\u0131 bu nedenle daha ya\u015fanabilir, daha ye\u015fil ve daha bak\u0131ml\u0131. K\u0131talar\u0131 birbirine ba\u011flayan iki asma k\u00f6pr\u00fc, yo\u011fun gidip gelmeler nedeniyle s\u00fcrekli t\u0131kal\u0131, yollar da \u00f6yle. Metro a\u011f\u0131 ise \u015fimdiye kadar sadece en hareketli semt olan Taksim\u2019de geli\u015ftirilebilmi\u015f. \u0130stanbul, milletlerin ve hatta farkl\u0131 inan\u00e7 topluluklar\u0131n\u0131n bir araya geldi\u011fi ger\u00e7ek bir k\u00fclt\u00fcr kazan\u0131. Cumartesi g\u00fcn\u00fc sabah saat be\u015fte, her sabah oldu\u011fu gibi m\u00fcezzinin sesiyle uyand\u0131k. D\u00f6n\u00fc\u015f u\u00e7u\u015funda kabinin kuru havas\u0131 g\u00f6zlerime pek iyi gelmedi. Eve vard\u0131\u011f\u0131mda ise, tan\u0131d\u0131k e\u015fyalar\u0131 herhangi bir g\u00f6rme yard\u0131m\u0131 olmadan net bir \u015fekilde g\u00f6rebilmenin verdi\u011fi saf bir mutluluk duygusu ya\u015fad\u0131m. Ayr\u0131ca g\u00f6r\u00fc\u015f\u00fcn art\u0131k g\u00f6zl\u00fck \u00e7er\u00e7eveleriyle s\u0131n\u0131rl\u0131 olmamas\u0131 da \u00e7ok g\u00fczel.En g\u00fczel an ise sabah uyand\u0131\u011f\u0131mda g\u00f6zlerimi a\u00e7ar a\u00e7maz net g\u00f6rebilmek, g\u00f6r\u00fc\u015f\u00fcm\u00fc toparlamak i\u00e7in \u00f6nce g\u00f6zl\u00fc\u011fe uzanmak zorunda kalmamak. Buna al\u0131\u015fman\u0131n ne kadar h\u0131zl\u0131 ve normal h\u00e2le gelmesi ise biraz tuhaf. Baz\u0131lar\u0131 art\u0131k eskisinden \u00e7ok daha fazla g\u00f6rd\u00fcklerini s\u00f6yl\u00fcyor. Benim i\u00e7in durum b\u00f6yle de\u011fil; ama \u015fimdi g\u00f6zl\u00fcks\u00fcz, eskiden g\u00f6zl\u00fckle g\u00f6rd\u00fc\u011f\u00fcm kadar iyi g\u00f6r\u00fcyorum. Miyopluk bilerek tamamen d\u00fczeltilmedi, \u00e7\u00fcnk\u00fc art\u0131k belli bir ya\u015ftay\u0131m ve aksi h\u00e2lde ya\u015fa ba\u011fl\u0131 yak\u0131n\u0131 g\u00f6rememe sorununun daha erken ba\u015flayaca\u011f\u0131 s\u00f6ylenmi\u015fti. Buna ra\u011fmen uza\u011f\u0131 g\u00f6zl\u00fcks\u00fcz gayet iyi g\u00f6rebiliyorum.\u015eu anda eksik olan tek \u015fey yak\u0131n g\u00f6r\u00fc\u015f. Yani okurken her \u015fey bulan\u0131k g\u00f6r\u00fcn\u00fcyor ve hemen bir okuma g\u00f6zl\u00fc\u011f\u00fcne ihtiya\u00e7 duyup duymayaca\u011f\u0131m\u0131 d\u00fc\u015f\u00fcn\u00fcyorum. Ancak doktor bu konuda beni rahatlatt\u0131 ve bunun ilk g\u00fcnlerde normal oldu\u011funu s\u00f6yledi. Bana olduk\u00e7a garip gelen bir di\u011fer \u015fey ise, g\u00f6zl\u00fcks\u00fcz aynaya bakt\u0131\u011f\u0131mda annemin y\u00fcz hatlar\u0131n\u0131 \u00e7ok daha belirgin bir \u015fekilde g\u00f6rmem. G\u00f6zl\u00fckler bunu o kadar belirgin hale getirmiyordu. Bu durum beni rahats\u0131z ediyor. Ama g\u00f6zlerim g\u00fczel, b\u00fcy\u00fck ve berrak. Sayg\u0131lar\u0131mla, Petra Paul \u00d6nceki rapor Bir Sonraki Rapor<\/p>\n","protected":false},"author":4,"featured_media":0,"parent":3355,"menu_order":0,"comment_status":"closed","ping_status":"closed","template":"","meta":{"_joinchat":[],"footnotes":""},"class_list":["post-3419","page","type-page","status-publish","hentry"],"acf":[],"_links":{"self":[{"href":"https:\/\/swisslasik.ch\/tr\/wp-json\/wp\/v2\/pages\/3419","targetHints":{"allow":["GET"]}}],"collection":[{"href":"https:\/\/swisslasik.ch\/tr\/wp-json\/wp\/v2\/pages"}],"about":[{"href":"https:\/\/swisslasik.ch\/tr\/wp-json\/wp\/v2\/types\/page"}],"author":[{"embeddable":true,"href":"https:\/\/swisslasik.ch\/tr\/wp-json\/wp\/v2\/users\/4"}],"replies":[{"embeddable":true,"href":"https:\/\/swisslasik.ch\/tr\/wp-json\/wp\/v2\/comments?post=3419"}],"version-history":[{"count":2,"href":"https:\/\/swisslasik.ch\/tr\/wp-json\/wp\/v2\/pages\/3419\/revisions"}],"predecessor-version":[{"id":4847,"href":"https:\/\/swisslasik.ch\/tr\/wp-json\/wp\/v2\/pages\/3419\/revisions\/4847"}],"up":[{"embeddable":true,"href":"https:\/\/swisslasik.ch\/tr\/wp-json\/wp\/v2\/pages\/3355"}],"wp:attachment":[{"href":"https:\/\/swisslasik.ch\/tr\/wp-json\/wp\/v2\/media?parent=3419"}],"curies":[{"name":"wp","href":"https:\/\/api.w.org\/{rel}","templated":true}]}}