{"id":3421,"date":"2025-09-24T15:12:52","date_gmt":"2025-09-24T14:12:52","guid":{"rendered":"https:\/\/swisslasik.ch\/yasli-hasta-raporlari-goez-klinigi-tuerkiye\/istanbulda-lasik-ameliyatim-02-nisan-2008-carsamba-tarihli-deneyim-raporu\/"},"modified":"2026-01-14T20:53:14","modified_gmt":"2026-01-14T19:53:14","slug":"istanbulda-lasik-ameliyatim-02-nisan-2008-carsamba-tarihli-deneyim-raporu","status":"publish","type":"page","link":"https:\/\/swisslasik.ch\/tr\/yasli-hasta-raporlari-goez-klinigi-tuerkiye\/istanbulda-lasik-ameliyatim-02-nisan-2008-carsamba-tarihli-deneyim-raporu\/","title":{"rendered":"\u0130stanbul\u2019da LASIK ameliyat\u0131m \u2013 02 Nisan 2008 \u00c7ar\u015famba tarihli deneyim raporu"},"content":{"rendered":"\n<h3 class=\"wp-block-heading\">\u0130stanbul\u2019da LASIK ameliyat\u0131m \u2013 02 Nisan 2008 \u00c7ar\u015famba tarihli deneyim raporu<\/h3>\n\n<p>Say\u0131n Karaagacli-Leoni<\/p>\n\n<p>E-postan\u0131z i\u00e7in te\u015fekk\u00fcr ederim. Hasta anketini tamamlad\u0131m. <\/p>\n\n<p>\u00d6ncelikle \u00e7ok te\u015fekk\u00fcr ederim.<\/p>\n\n<p>\u0130stanbul&#8217;da sadece ikimizdik, Rolf B\u00fcchler ve ben. Orada ge\u00e7irdi\u011fimiz zamandan \u00e7ok keyif ald\u0131k ve ben \u015fahsen harika zaman ge\u00e7irdim. <\/p>\n\n<p>Tek pi\u015fmanl\u0131\u011f\u0131m \u0130stanbul&#8217;da 2-3 g\u00fcn daha kalmam\u0131\u015f olmam. Bu \u015fehir \u00e7ok canl\u0131. <\/p>\n\n<p>Bunu ger\u00e7ekten hayal edemezdim. K\u00f6t\u00fc bir \u015fey yemedik bile, her \u015feyden biraz denedik. <\/p>\n\n<p>Bal\u0131k restoranlar\u0131na gittik, \u00e7e\u015fitli kebaplar yedik ve T\u00fcrk misafirperverli\u011finin tad\u0131n\u0131 \u00e7\u0131kard\u0131k.<\/p>\n\n<p>Bence bunu web sitelerinde yay\u0131nlamaya tamamen haklar\u0131 var. Bizimle hemen ileti\u015fime ge\u00e7ildi ve her zaman \u00e7ok g\u00fcler y\u00fczl\u00fc hizmet ald\u0131k. <\/p>\n\n<p>M\u00fckemmel bir tatildi!<\/p>\n\n<p>Ayr\u0131ca \u00e7ar\u015f\u0131y\u0131 gezdik ve Sultanahmet Camii&#8217;ni ziyaret ettik. Bu k\u00fclt\u00fcr \u00e7ok b\u00fcy\u00fcleyiciydi! Birka\u00e7 g\u00fcn daha kalmay\u0131 \u00e7ok isterdim!  <\/p>\n\n<p>U\u00e7ak biletinden havaalan\u0131 transferine, otele ve ameliyat\u0131n kendisine kadar her \u015fey m\u00fckemmel bir \u015fekilde organize edilmi\u015fti! \u00c7ok te\u015fekk\u00fcr ederim! <\/p>\n\n<p>\u00d6zellikle ameliyat \u00f6ncesinde biraz gergin oldu\u011fumuzda (ki bu gayet normal&#8230;) m\u00fckemmel bir bak\u0131m ald\u0131k. ;-))<\/p>\n\n<p>Korku, daha do\u011frusu belirsizlik, \u00f6zellikle Fred&#8217;den gelen g\u00fcl\u00fcmsemeler ve g\u00fcvenceyle hafifledi. Bu dikkat da\u011f\u0131t\u0131c\u0131 unsur harikayd\u0131! <\/p>\n\n<p>Ameliyat\u0131n kendisi art\u0131k sadece &#8220;ikincil bir mesele&#8221;ydi. Ameliyat s\u0131ras\u0131nda hi\u00e7 a\u011fr\u0131 hissetmedim.<\/p>\n\n<p>Cumartesi g\u00fcn\u00fc kontrole gitti\u011fimizde her \u015fey harikayd\u0131! Hi\u00e7 a\u011fr\u0131m\u0131z yoktu ve kendimizi bamba\u015fka biri gibi hissediyorduk! <\/p>\n\n<p>Siz ve ekibiniz hayat\u0131m\u0131, \u00f6zellikle de olumlu y\u00f6nde, bir nebze de\u011fi\u015ftirdiniz; size ve ekibinize \u00e7ok minnettar\u0131m!<\/p>\n\n<p>Adresinizi ba\u015fkalar\u0131na da ilettim ve umar\u0131m onlar da sizi tercih ederler.<\/p>\n\n<p>Deste\u011finiz ve organizasyon i\u00e7in tekrar \u00e7ok te\u015fekk\u00fcr ederim!<\/p>\n\n<p>L\u00fctfen ekibinize de en i\u00e7ten selamlar\u0131m\u0131 ve te\u015fekk\u00fcrlerimi iletin!<\/p>\n\n<p>Sayg\u0131lar\u0131mla<\/p>\n\n<p>Bruggmann Stefan<\/p>\n\n<div class=\"wp-block-group is-layout-grid wp-container-core-group-is-layout-baef362d wp-block-group-is-layout-grid\">\n<p><a href=\"https:\/\/medicaltravel.at\/home\/agb\/\" data-type=\"page\" data-id=\"2191\" rel=\"nofollow noopener\" target=\"_blank\"><\/a><a href=\"https:\/\/swisslasik.ch\/tr\/yasli-hasta-raporlari-goez-klinigi-tuerkiye\/ameliyatimla-ilgili-deneyim-raporum-15-nisan-2008-sali-tarihli-deneyim-raporu\/\" data-type=\"link\" data-id=\"https:\/\/swisslasik.ch\/altere-patientenberichte-augenklinik-tuerkei\/mein-erfahrungsbericht-uber-meine-op-bericht-vom-dienstag-15-april-2008\/\">\u00d6nceki rapor<\/a><\/p>\n\n\n\n<p class=\"has-text-align-right wp-container-content-5e2576f9\"><a href=\"https:\/\/medicaltravel.at\/home\/impressum\/\" data-type=\"page\" data-id=\"2193\" rel=\"nofollow noopener\" target=\"_blank\"><\/a><a href=\"https:\/\/medicaltravel.at\/home\/berichte-von-patienten\/erfahrungsberichte\/erfahrungsbericht-zahnbehandlung-in-istanbul\/\" data-type=\"page\" data-id=\"981\" rel=\"nofollow noopener\" target=\"_blank\"><\/a><a href=\"https:\/\/swisslasik.ch\/tr\/yasli-hasta-raporlari-goez-klinigi-tuerkiye\/goez-lazeri-ameliyati-ile-ilgili-deneyimim-26-mart-2008-carsamba-tarihli-deneyim-raporu\/\" data-type=\"link\" data-id=\"https:\/\/swisslasik.ch\/altere-patientenberichte-augenklinik-tuerkei\/meine-erfahrung-uber-die-augenlaser-op-bericht-vom-mittwoch-26-marz-2008\/\">Bir Sonraki Rapor<br\/><\/a><\/p>\n<\/div>\n","protected":false},"excerpt":{"rendered":"<p>\u0130stanbul\u2019da LASIK ameliyat\u0131m \u2013 02 Nisan 2008 \u00c7ar\u015famba tarihli deneyim raporu Say\u0131n Karaagacli-Leoni E-postan\u0131z i\u00e7in te\u015fekk\u00fcr ederim. Hasta anketini tamamlad\u0131m. \u00d6ncelikle \u00e7ok te\u015fekk\u00fcr ederim. \u0130stanbul&#8217;da sadece ikimizdik, Rolf B\u00fcchler ve ben. Orada ge\u00e7irdi\u011fimiz zamandan \u00e7ok keyif ald\u0131k ve ben \u015fahsen harika zaman ge\u00e7irdim. Tek pi\u015fmanl\u0131\u011f\u0131m \u0130stanbul&#8217;da 2-3 g\u00fcn daha kalmam\u0131\u015f olmam. Bu \u015fehir \u00e7ok canl\u0131. Bunu ger\u00e7ekten hayal edemezdim. K\u00f6t\u00fc bir \u015fey yemedik bile, her \u015feyden biraz denedik. Bal\u0131k restoranlar\u0131na gittik, \u00e7e\u015fitli kebaplar yedik ve T\u00fcrk misafirperverli\u011finin tad\u0131n\u0131 \u00e7\u0131kard\u0131k. Bence bunu web sitelerinde yay\u0131nlamaya tamamen haklar\u0131 var. Bizimle hemen ileti\u015fime ge\u00e7ildi ve her zaman \u00e7ok g\u00fcler y\u00fczl\u00fc hizmet ald\u0131k. M\u00fckemmel bir tatildi! Ayr\u0131ca \u00e7ar\u015f\u0131y\u0131 gezdik ve Sultanahmet Camii&#8217;ni ziyaret ettik. Bu k\u00fclt\u00fcr \u00e7ok b\u00fcy\u00fcleyiciydi! Birka\u00e7 g\u00fcn daha kalmay\u0131 \u00e7ok isterdim! U\u00e7ak biletinden havaalan\u0131 transferine, otele ve ameliyat\u0131n kendisine kadar her \u015fey m\u00fckemmel bir \u015fekilde organize edilmi\u015fti! \u00c7ok te\u015fekk\u00fcr ederim! \u00d6zellikle ameliyat \u00f6ncesinde biraz gergin oldu\u011fumuzda (ki bu gayet normal&#8230;) m\u00fckemmel bir bak\u0131m ald\u0131k. ;-)) Korku, daha do\u011frusu belirsizlik, \u00f6zellikle Fred&#8217;den gelen g\u00fcl\u00fcmsemeler ve g\u00fcvenceyle hafifledi. Bu dikkat da\u011f\u0131t\u0131c\u0131 unsur harikayd\u0131! Ameliyat\u0131n kendisi art\u0131k sadece &#8220;ikincil bir mesele&#8221;ydi. Ameliyat s\u0131ras\u0131nda hi\u00e7 a\u011fr\u0131 hissetmedim. Cumartesi g\u00fcn\u00fc kontrole gitti\u011fimizde her \u015fey harikayd\u0131! Hi\u00e7 a\u011fr\u0131m\u0131z yoktu ve kendimizi bamba\u015fka biri gibi hissediyorduk! Siz ve ekibiniz hayat\u0131m\u0131, \u00f6zellikle de olumlu y\u00f6nde, bir nebze de\u011fi\u015ftirdiniz; size ve ekibinize \u00e7ok minnettar\u0131m! Adresinizi ba\u015fkalar\u0131na da ilettim ve umar\u0131m onlar da sizi tercih ederler. Deste\u011finiz ve organizasyon i\u00e7in tekrar \u00e7ok te\u015fekk\u00fcr ederim! L\u00fctfen ekibinize de en i\u00e7ten selamlar\u0131m\u0131 ve te\u015fekk\u00fcrlerimi iletin! Sayg\u0131lar\u0131mla Bruggmann Stefan \u00d6nceki rapor Bir Sonraki Rapor<\/p>\n","protected":false},"author":4,"featured_media":0,"parent":3355,"menu_order":0,"comment_status":"closed","ping_status":"closed","template":"","meta":{"_joinchat":[],"footnotes":""},"class_list":["post-3421","page","type-page","status-publish","hentry"],"acf":[],"_links":{"self":[{"href":"https:\/\/swisslasik.ch\/tr\/wp-json\/wp\/v2\/pages\/3421","targetHints":{"allow":["GET"]}}],"collection":[{"href":"https:\/\/swisslasik.ch\/tr\/wp-json\/wp\/v2\/pages"}],"about":[{"href":"https:\/\/swisslasik.ch\/tr\/wp-json\/wp\/v2\/types\/page"}],"author":[{"embeddable":true,"href":"https:\/\/swisslasik.ch\/tr\/wp-json\/wp\/v2\/users\/4"}],"replies":[{"embeddable":true,"href":"https:\/\/swisslasik.ch\/tr\/wp-json\/wp\/v2\/comments?post=3421"}],"version-history":[{"count":1,"href":"https:\/\/swisslasik.ch\/tr\/wp-json\/wp\/v2\/pages\/3421\/revisions"}],"predecessor-version":[{"id":3422,"href":"https:\/\/swisslasik.ch\/tr\/wp-json\/wp\/v2\/pages\/3421\/revisions\/3422"}],"up":[{"embeddable":true,"href":"https:\/\/swisslasik.ch\/tr\/wp-json\/wp\/v2\/pages\/3355"}],"wp:attachment":[{"href":"https:\/\/swisslasik.ch\/tr\/wp-json\/wp\/v2\/media?parent=3421"}],"curies":[{"name":"wp","href":"https:\/\/api.w.org\/{rel}","templated":true}]}}