{"id":3423,"date":"2025-09-24T15:02:26","date_gmt":"2025-09-24T14:02:26","guid":{"rendered":"https:\/\/swisslasik.ch\/yasli-hasta-raporlari-goez-klinigi-tuerkiye\/istanbulda-lasik-ameliyatim-29-aralik-2008-pazartesi-tarihli-deneyim-raporu\/"},"modified":"2026-01-14T20:39:37","modified_gmt":"2026-01-14T19:39:37","slug":"istanbulda-lasik-ameliyatim-29-aralik-2008-pazartesi-tarihli-deneyim-raporu","status":"publish","type":"page","link":"https:\/\/swisslasik.ch\/tr\/yasli-hasta-raporlari-goez-klinigi-tuerkiye\/istanbulda-lasik-ameliyatim-29-aralik-2008-pazartesi-tarihli-deneyim-raporu\/","title":{"rendered":"\u0130stanbul\u2019da LASIK ameliyat\u0131m \u2013 29 Aral\u0131k 2008 Pazartesi tarihli deneyim raporu"},"content":{"rendered":"\n<h3 class=\"wp-block-heading\">\u0130stanbul\u2019da LASIK ameliyat\u0131m \u2013 29 Aral\u0131k 2008 Pazartesi tarihli deneyim raporu<\/h3>\n\n<p>Sporu seven biriyim. Bo\u015f zamanlar\u0131mda kung fu antrenman\u0131 yapmaktan, y\u00fczmekten veya ormanda ko\u015fmaktan ho\u015flan\u0131r\u0131m. 3 ve 3,5 diyoptri numaral\u0131 g\u00f6zl\u00fcklerim nedeniyle maalesef her zaman g\u00f6zl\u00fck takmak zorundayd\u0131m. \u00d6zellikle kung fu antrenmanlar\u0131 s\u0131ras\u0131nda g\u00f6zl\u00fckler s\u0131k \u200b\u200bs\u0131k engel oluyordu. Bazen antrenman salonunun bir ucundan di\u011fer ucuna bile u\u00e7uyorlard\u0131. Ya\u011fmurda bile, t\u00fcm aktivitelerim k\u00f6t\u00fc g\u00f6r\u00fc\u015f\u00fcm y\u00fcz\u00fcnden engelleniyordu.<br\/>Bu nedenlerle lazer g\u00f6z ameliyat\u0131 hakk\u0131nda ara\u015ft\u0131rma yapt\u0131m ve \u00e7e\u015fitli teklifleri ve sa\u011flay\u0131c\u0131lar\u0131 inceledim. Ablam y\u0131llar \u00f6nce \u0130svi\u00e7re&#8217;de bu i\u015flemi yapt\u0131rd\u0131 ve sonu\u00e7tan hala \u00e7ok memnun. Arkada\u015f\u0131m da T\u00fcrkiye&#8217;de meslekta\u015flar\u0131yla g\u00f6z ameliyat\u0131 oldu ve o da m\u00fckemmel sonu\u00e7lardan \u00e7ok memnun kald\u0131. Ne yaz\u0131k ki, g\u00fcn\u00fcm\u00fczde sa\u011fl\u0131k sigorta \u015firketleri \u00e7ok az miktarda, hatta hi\u00e7 bir miktar kar\u015f\u0131lam\u0131yor. Bu y\u00fczden fiyatlar\u0131 kar\u015f\u0131la\u015ft\u0131rmak zorunda kald\u0131m ve aradaki fark beni \u015fa\u015f\u0131rtt\u0131. Fiyat-performans oran\u0131 a\u00e7\u0131k\u00e7a T\u00fcrkiye&#8217;de en iyisi.<br\/>Daha sonra SwissLASIK&#8217;in internet sitesindeki teklifini daha yak\u0131ndan inceledim ve k\u0131z arkada\u015f\u0131mla g\u00f6r\u00fc\u015ft\u00fcm. Bana \u00e7ok g\u00fcvenilir bir izlenim b\u0131rakt\u0131, bu y\u00fczden Z\u00fcrih&#8217;te bir g\u00f6z doktoruyla SwissLASIK hakk\u0131nda muayene olmaya karar verdim. Doktor bana g\u00f6z ameliyat\u0131 i\u00e7in onay verdi\u011finde ve t\u00fcm sorular\u0131m\u0131 yan\u0131tlad\u0131\u011f\u0131nda, ameliyat\u0131 olmam gerekti\u011fi benim i\u00e7in a\u00e7\u0131k\u00e7a ortaya \u00e7\u0131kt\u0131.<br\/>\u0130stanbul&#8217;a gitmeyi d\u00f6rt g\u00f6zle bekliyordum ve oteldeki m\u00fckemmel organizasyondan \u00e7ok memnun kald\u0131m. Otelin muhte\u015fem sa\u011fl\u0131kl\u0131 ya\u015fam alan\u0131, iyi konumu ve yak\u0131nlardaki turistik yerler, \u0130stanbul gezimizi bizim i\u00e7in unutulmaz k\u0131ld\u0131.<br\/>Ameliyat s\u0131ras\u0131nda \u0130svi\u00e7re Almancas\u0131 dilinde verilen destek benim i\u00e7in \u00e7ok b\u00fcy\u00fck bir yard\u0131md\u0131. T\u00fcm s\u00fcre\u00e7 boyunca iyi bak\u0131ld\u0131\u011f\u0131m\u0131 hissettim ve ameliyattan sonra g\u00f6zlerimin ne kadar \u00e7abuk iyile\u015fti\u011fine hayran kald\u0131m. Benim i\u00e7in neredeyse inan\u0131lmazd\u0131 \u2013 Cumartesi \u00f6\u011fleden sonra yap\u0131lan bu h\u0131zl\u0131 i\u015flem ve Pazartesi sabah\u0131 hastanede \u00e7al\u0131\u015fmaya ba\u015flamak.<br\/>Akl\u0131mda kalan bir \u015fey var \u2013 bizi alan servis g\u00f6revlisi bize \u015f\u00f6yle demi\u015fti: &#8220;Bu g\u00fcnlerin tad\u0131n\u0131 \u00e7\u0131kar\u0131n, bunu bir \u015fehir tatili gibi g\u00f6r\u00fcn, bu ameliyat yan i\u015f olarak yap\u0131l\u0131yor.&#8221; Bizim i\u00e7in de aynen \u00f6yle oldu\u2026<br\/>\u015eimdi g\u00f6zl\u00fcks\u00fcz, aktif bir hayata ba\u015flamay\u0131 d\u00f6rt g\u00f6zle bekliyorum.<\/p>\n\n<p>O, 23.12.2008<\/p>\n\n<div class=\"wp-block-group is-layout-grid wp-container-core-group-is-layout-baef362d wp-block-group-is-layout-grid\">\n<p><\/p>\n\n\n\n<p class=\"has-text-align-right wp-container-content-5e2576f9\"><a href=\"https:\/\/medicaltravel.at\/home\/impressum\/\" data-type=\"page\" data-id=\"2193\" rel=\"nofollow noopener\" target=\"_blank\"><\/a><a href=\"https:\/\/medicaltravel.at\/home\/berichte-von-patienten\/erfahrungsberichte\/erfahrungsbericht-zahnbehandlung-in-istanbul\/\" data-type=\"page\" data-id=\"981\" rel=\"nofollow noopener\" target=\"_blank\"><\/a><a href=\"https:\/\/swisslasik.ch\/tr\/yasli-hasta-raporlari-goez-klinigi-tuerkiye\/istanbulda-goez-lazeri-deneyimi-22-aralik-2008-pazartesi-tarihli-deneyim-raporu\/\" data-type=\"link\" data-id=\"https:\/\/swisslasik.ch\/altere-patientenberichte-augenklinik-tuerkei\/erlebnisbericht-auge-laser-istanbul-bericht-vom-montag-22-dezember-2008\/\">Bir Sonraki Rapor<br\/><\/a><\/p>\n<\/div>\n","protected":false},"excerpt":{"rendered":"<p>\u0130stanbul\u2019da LASIK ameliyat\u0131m \u2013 29 Aral\u0131k 2008 Pazartesi tarihli deneyim raporu Sporu seven biriyim. Bo\u015f zamanlar\u0131mda kung fu antrenman\u0131 yapmaktan, y\u00fczmekten veya ormanda ko\u015fmaktan ho\u015flan\u0131r\u0131m. 3 ve 3,5 diyoptri numaral\u0131 g\u00f6zl\u00fcklerim nedeniyle maalesef her zaman g\u00f6zl\u00fck takmak zorundayd\u0131m. \u00d6zellikle kung fu antrenmanlar\u0131 s\u0131ras\u0131nda g\u00f6zl\u00fckler s\u0131k \u200b\u200bs\u0131k engel oluyordu. Bazen antrenman salonunun bir ucundan di\u011fer ucuna bile u\u00e7uyorlard\u0131. Ya\u011fmurda bile, t\u00fcm aktivitelerim k\u00f6t\u00fc g\u00f6r\u00fc\u015f\u00fcm y\u00fcz\u00fcnden engelleniyordu.Bu nedenlerle lazer g\u00f6z ameliyat\u0131 hakk\u0131nda ara\u015ft\u0131rma yapt\u0131m ve \u00e7e\u015fitli teklifleri ve sa\u011flay\u0131c\u0131lar\u0131 inceledim. Ablam y\u0131llar \u00f6nce \u0130svi\u00e7re&#8217;de bu i\u015flemi yapt\u0131rd\u0131 ve sonu\u00e7tan hala \u00e7ok memnun. Arkada\u015f\u0131m da T\u00fcrkiye&#8217;de meslekta\u015flar\u0131yla g\u00f6z ameliyat\u0131 oldu ve o da m\u00fckemmel sonu\u00e7lardan \u00e7ok memnun kald\u0131. Ne yaz\u0131k ki, g\u00fcn\u00fcm\u00fczde sa\u011fl\u0131k sigorta \u015firketleri \u00e7ok az miktarda, hatta hi\u00e7 bir miktar kar\u015f\u0131lam\u0131yor. Bu y\u00fczden fiyatlar\u0131 kar\u015f\u0131la\u015ft\u0131rmak zorunda kald\u0131m ve aradaki fark beni \u015fa\u015f\u0131rtt\u0131. Fiyat-performans oran\u0131 a\u00e7\u0131k\u00e7a T\u00fcrkiye&#8217;de en iyisi.Daha sonra SwissLASIK&#8217;in internet sitesindeki teklifini daha yak\u0131ndan inceledim ve k\u0131z arkada\u015f\u0131mla g\u00f6r\u00fc\u015ft\u00fcm. Bana \u00e7ok g\u00fcvenilir bir izlenim b\u0131rakt\u0131, bu y\u00fczden Z\u00fcrih&#8217;te bir g\u00f6z doktoruyla SwissLASIK hakk\u0131nda muayene olmaya karar verdim. Doktor bana g\u00f6z ameliyat\u0131 i\u00e7in onay verdi\u011finde ve t\u00fcm sorular\u0131m\u0131 yan\u0131tlad\u0131\u011f\u0131nda, ameliyat\u0131 olmam gerekti\u011fi benim i\u00e7in a\u00e7\u0131k\u00e7a ortaya \u00e7\u0131kt\u0131.\u0130stanbul&#8217;a gitmeyi d\u00f6rt g\u00f6zle bekliyordum ve oteldeki m\u00fckemmel organizasyondan \u00e7ok memnun kald\u0131m. Otelin muhte\u015fem sa\u011fl\u0131kl\u0131 ya\u015fam alan\u0131, iyi konumu ve yak\u0131nlardaki turistik yerler, \u0130stanbul gezimizi bizim i\u00e7in unutulmaz k\u0131ld\u0131.Ameliyat s\u0131ras\u0131nda \u0130svi\u00e7re Almancas\u0131 dilinde verilen destek benim i\u00e7in \u00e7ok b\u00fcy\u00fck bir yard\u0131md\u0131. T\u00fcm s\u00fcre\u00e7 boyunca iyi bak\u0131ld\u0131\u011f\u0131m\u0131 hissettim ve ameliyattan sonra g\u00f6zlerimin ne kadar \u00e7abuk iyile\u015fti\u011fine hayran kald\u0131m. Benim i\u00e7in neredeyse inan\u0131lmazd\u0131 \u2013 Cumartesi \u00f6\u011fleden sonra yap\u0131lan bu h\u0131zl\u0131 i\u015flem ve Pazartesi sabah\u0131 hastanede \u00e7al\u0131\u015fmaya ba\u015flamak.Akl\u0131mda kalan bir \u015fey var \u2013 bizi alan servis g\u00f6revlisi bize \u015f\u00f6yle demi\u015fti: &#8220;Bu g\u00fcnlerin tad\u0131n\u0131 \u00e7\u0131kar\u0131n, bunu bir \u015fehir tatili gibi g\u00f6r\u00fcn, bu ameliyat yan i\u015f olarak yap\u0131l\u0131yor.&#8221; Bizim i\u00e7in de aynen \u00f6yle oldu\u2026\u015eimdi g\u00f6zl\u00fcks\u00fcz, aktif bir hayata ba\u015flamay\u0131 d\u00f6rt g\u00f6zle bekliyorum. O, 23.12.2008 Bir Sonraki Rapor<\/p>\n","protected":false},"author":4,"featured_media":0,"parent":3355,"menu_order":0,"comment_status":"closed","ping_status":"closed","template":"","meta":{"_joinchat":[],"footnotes":""},"class_list":["post-3423","page","type-page","status-publish","hentry"],"acf":[],"_links":{"self":[{"href":"https:\/\/swisslasik.ch\/tr\/wp-json\/wp\/v2\/pages\/3423","targetHints":{"allow":["GET"]}}],"collection":[{"href":"https:\/\/swisslasik.ch\/tr\/wp-json\/wp\/v2\/pages"}],"about":[{"href":"https:\/\/swisslasik.ch\/tr\/wp-json\/wp\/v2\/types\/page"}],"author":[{"embeddable":true,"href":"https:\/\/swisslasik.ch\/tr\/wp-json\/wp\/v2\/users\/4"}],"replies":[{"embeddable":true,"href":"https:\/\/swisslasik.ch\/tr\/wp-json\/wp\/v2\/comments?post=3423"}],"version-history":[{"count":1,"href":"https:\/\/swisslasik.ch\/tr\/wp-json\/wp\/v2\/pages\/3423\/revisions"}],"predecessor-version":[{"id":3424,"href":"https:\/\/swisslasik.ch\/tr\/wp-json\/wp\/v2\/pages\/3423\/revisions\/3424"}],"up":[{"embeddable":true,"href":"https:\/\/swisslasik.ch\/tr\/wp-json\/wp\/v2\/pages\/3355"}],"wp:attachment":[{"href":"https:\/\/swisslasik.ch\/tr\/wp-json\/wp\/v2\/media?parent=3423"}],"curies":[{"name":"wp","href":"https:\/\/api.w.org\/{rel}","templated":true}]}}