{"id":3425,"date":"2025-09-24T15:06:24","date_gmt":"2025-09-24T14:06:24","guid":{"rendered":"https:\/\/swisslasik.ch\/yasli-hasta-raporlari-goez-klinigi-tuerkiye\/goez-lazeri-seyahatimle-ilgili-notlarim-19-ekim-2008-pazar-tarihli-deneyim-raporu\/"},"modified":"2026-01-14T20:46:08","modified_gmt":"2026-01-14T19:46:08","slug":"goez-lazeri-seyahatimle-ilgili-notlarim-19-ekim-2008-pazar-tarihli-deneyim-raporu","status":"publish","type":"page","link":"https:\/\/swisslasik.ch\/tr\/yasli-hasta-raporlari-goez-klinigi-tuerkiye\/goez-lazeri-seyahatimle-ilgili-notlarim-19-ekim-2008-pazar-tarihli-deneyim-raporu\/","title":{"rendered":"G\u00f6z lazeri seyahatimle ilgili notlar\u0131m \u2013 19 Ekim 2008 Pazar tarihli deneyim raporu"},"content":{"rendered":"\n<h3 class=\"wp-block-heading\">G\u00f6z lazeri seyahatimle ilgili notlar\u0131m \u2013 19 Ekim 2008 Pazar tarihli deneyim raporu<\/h3>\n\n\n\n<p>Sebepler<\/p>\n\n\n\n<p>Bir s\u00fcredir g\u00f6zlerimi ameliyat ettirme d\u00fc\u015f\u00fcncesi akl\u0131mdayd\u0131. G\u00f6rme yard\u0131mc\u0131lar\u0131 olmadan ya\u015famak (\u00e7o\u011funlukla kontakt lens kullan\u0131yordum) benim i\u00e7in \u00e7ok daha konforlu olacakt\u0131. \u00c7ok spor yap\u0131yorum, g\u00fcnde birka\u00e7 saat bilgisayar ba\u015f\u0131nda \u00e7al\u0131\u015f\u0131yorum ve s\u0131k s\u0131k motosiklet kullan\u0131yorum. T\u00fcm bu aktivitelerde (ve daha bir\u00e7ok durumda) kontakt lenslerim ve g\u00f6zl\u00fc\u011f\u00fcm zaman zaman engel oluyordu. Ayr\u0131ca bir ameliyatla lens ve g\u00f6zl\u00fck camlar\u0131 i\u00e7in her y\u0131l yapt\u0131\u011f\u0131m sabit masraflardan da kurtulabilecektim. \u0130yice d\u00fc\u015f\u00fcnd\u00fckten ve \u00e7e\u015fitli ki\u015filerle konu\u015ftuktan sonra, baz\u0131 kar\u015f\u0131la\u015ft\u0131rmalar\u0131n ard\u0131ndan g\u00f6zlerimi \u0130stanbul\u2019daki EYE Star Klini\u011fi\u2019nde lazerle tedavi ettirmeye karar verdim.     <\/p>\n\n\n\n<p>\u0130svi\u00e7re&#8217;deki irtibat ki\u015fim<\/p>\n\n\n\n<p>Swisslasik\u2019ten Serdar Karaagacli-Leoni t\u00fcm s\u00fcre\u00e7 boyunca benim ana irtibat ki\u015fimdi. Son derece sab\u0131rl\u0131 biriydi ve akl\u0131ma gelen en son soruya kadar (ki ger\u00e7ekten epey soru vard\u0131) hepsini yan\u0131tlad\u0131. Ayn\u0131 zamanda Swisslasik arac\u0131l\u0131\u011f\u0131yla t\u00fcm ameliyat organizasyonunu benim i\u00e7in o ayarlad\u0131.  <\/p>\n\n\n\n<p>\u0130stanbul&#8217;a do\u011fru yola \u00e7\u0131k\u0131yoruz!<\/p>\n\n\n\n<p>Zaman h\u0131zla ge\u00e7ti ve \u00e7ok ge\u00e7meden 3 Ekim 2008 Cuma g\u00fcn\u00fc annem, erkek arkada\u015f\u0131m ve onun k\u0131z\u0131yla birlikte Turkish Airlines u\u00e7a\u011f\u0131na binip \u0130stanbul\u2019a do\u011fru yola \u00e7\u0131kt\u0131m. T\u00fcm yolculuk boyunca can\u0131m\u0131 s\u0131kan tek an, T\u00fcrkiye\u2019de pasaport kontrol\u00fcnde s\u0131ra beklemek oldu. Ancak \u0130stanbul\u2019daki irtibat ki\u015fim beni havaalan\u0131 \u00e7\u0131k\u0131\u015f\u0131nda bekliyordu ve bizi bir Mercedes minib\u00fcsle d\u00f6rt g\u00fcn kalaca\u011f\u0131m\u0131z yere g\u00f6t\u00fcrd\u00fcler. Sonraki iki g\u00fcn boyunca T\u00fcrk metropol\u00fcn\u00fcn \u00f6ne \u00e7\u0131kan yerlerini gezdik, birbirinden lezzetli yemekler yedik, etkileyici yap\u0131lara hayran kald\u0131k ve Kapal\u0131\u00e7ar\u015f\u0131\u2019da tam alt\u0131 saat s\u00fcren bir al\u0131\u015fveri\u015f yapt\u0131k.   <\/p>\n\n\n\n<p>Ameliyat<\/p>\n\n\n\n<p>Pazartesi g\u00fcn\u00fc saat 11 civar\u0131nda kald\u0131\u011f\u0131m\u0131z apartmandan al\u0131nd\u0131k ve klini\u011fe g\u00f6t\u00fcr\u00fcld\u00fck. Kar\u015f\u0131lama ve ilgi kusursuzdu. Samimi, stressiz ve \u00e7ok rahat bir ortam vard\u0131; bu da ameliyat \u00f6ncesinde beni tamamen sakinle\u015ftirdi. Birka\u00e7 \u00f6n muayene, doktorla yap\u0131lan bir g\u00f6r\u00fc\u015fme ve \u00f6\u011fle yeme\u011finden sonra ameliyat\u0131m ger\u00e7ekle\u015ftirildi. Hi\u00e7bir \u015fey hissetmedim, sadece doktorun sakin y\u00f6nlendirmelerini takip ettim. Ameliyattan sonra art\u0131k g\u00f6rme yard\u0131m\u0131 olmadan g\u00f6rebiliyordum. G\u00f6zler biraz yan\u0131yordu ama bu gayet dayan\u0131labilirdi. G\u00f6z damlalar\u0131 bu rahats\u0131z edici hissi yat\u0131\u015ft\u0131r\u0131yordu.       <\/p>\n\n\n\n<p>\u0130svi\u00e7re&#8217;ye geri d\u00f6nd\u00fcm.<\/p>\n\n\n\n<p>A\u011fr\u0131s\u0131z bir gecenin ard\u0131ndan, ertesi sabah ilk kontrol muayenem i\u00e7in al\u0131nd\u0131m. Daha sonra Sal\u0131 \u00f6\u011fleden sonra eve u\u00e7tuk. Bir hafta sonra, \u0130svi\u00e7re&#8217;ye d\u00f6nd\u00fckten sonra, Z\u00fcrih&#8217;te ikinci kontrol muayenemi oldum. Ba\u011f\u0131ms\u0131z doktor her \u015feyin yolunda oldu\u011funu s\u00f6yledi.   <\/p>\n\n\n\n<p>\u0130ki g\u00f6z\u00fcmde de %100 g\u00f6r\u00fc\u015f var ve bu ger\u00e7ekten harika. G\u00f6zl\u00fcklerimi kesinlikle \u0130stanbul&#8217;da b\u0131rakt\u0131m. <\/p>\n\n\n\n<p>V. Rohrer, 15 Ekim 2008<\/p>\n\n\n\n<div class=\"wp-block-group is-layout-grid wp-container-core-group-is-layout-baef362d wp-block-group-is-layout-grid\">\n<p><a href=\"https:\/\/medicaltravel.at\/home\/agb\/\" data-type=\"page\" data-id=\"2191\" rel=\"nofollow noopener\" target=\"_blank\"><\/a><a href=\"https:\/\/swisslasik.ch\/tr\/yasli-hasta-raporlari-goez-klinigi-tuerkiye\/sevincten-agladim-28-ekim-2008-sali-tarihli-deneyim-raporu\/\" data-type=\"link\" data-id=\"https:\/\/swisslasik.ch\/tr\/yasli-hasta-raporlari-goez-klinigi-tuerkiye\/sevincten-agladim-28-ekim-2008-sali-tarihli-deneyim-raporu\/\">\u00d6nceki rapor<\/a><\/p>\n\n\n\n<p class=\"has-text-align-right wp-container-content-5e2576f9\"><a href=\"https:\/\/medicaltravel.at\/home\/impressum\/\" data-type=\"page\" data-id=\"2193\" rel=\"nofollow noopener\" target=\"_blank\"><\/a><a href=\"https:\/\/medicaltravel.at\/home\/berichte-von-patienten\/erfahrungsberichte\/erfahrungsbericht-zahnbehandlung-in-istanbul\/\" data-type=\"page\" data-id=\"981\" rel=\"nofollow noopener\" target=\"_blank\"><\/a><a href=\"https:\/\/swisslasik.ch\/tr\/yasli-hasta-raporlari-goez-klinigi-tuerkiye\/istanbulda-goez-lazeri-deneyimi-19-ekim-2008-pazar-tarihli-deneyim-raporu\/\" data-type=\"link\" data-id=\"https:\/\/swisslasik.ch\/altere-patientenberichte-augenklinik-tuerkei\/erlebnisbericht-augen-laser-in-istanbul-bericht-vom-sonntag-19-oktober-2008\/\">Bir Sonraki Rapor<br><\/a><\/p>\n<\/div>\n","protected":false},"excerpt":{"rendered":"<p>G\u00f6z lazeri seyahatimle ilgili notlar\u0131m \u2013 19 Ekim 2008 Pazar tarihli deneyim raporu Sebepler Bir s\u00fcredir g\u00f6zlerimi ameliyat ettirme d\u00fc\u015f\u00fcncesi akl\u0131mdayd\u0131. G\u00f6rme yard\u0131mc\u0131lar\u0131 olmadan ya\u015famak (\u00e7o\u011funlukla kontakt lens kullan\u0131yordum) benim i\u00e7in \u00e7ok daha konforlu olacakt\u0131. \u00c7ok spor yap\u0131yorum, g\u00fcnde birka\u00e7 saat bilgisayar ba\u015f\u0131nda \u00e7al\u0131\u015f\u0131yorum ve s\u0131k s\u0131k motosiklet kullan\u0131yorum. T\u00fcm bu aktivitelerde (ve daha bir\u00e7ok durumda) kontakt lenslerim ve g\u00f6zl\u00fc\u011f\u00fcm zaman zaman engel oluyordu. Ayr\u0131ca bir ameliyatla lens ve g\u00f6zl\u00fck camlar\u0131 i\u00e7in her y\u0131l yapt\u0131\u011f\u0131m sabit masraflardan da kurtulabilecektim. \u0130yice d\u00fc\u015f\u00fcnd\u00fckten ve \u00e7e\u015fitli ki\u015filerle konu\u015ftuktan sonra, baz\u0131 kar\u015f\u0131la\u015ft\u0131rmalar\u0131n ard\u0131ndan g\u00f6zlerimi \u0130stanbul\u2019daki EYE Star Klini\u011fi\u2019nde lazerle tedavi ettirmeye karar verdim. \u0130svi\u00e7re&#8217;deki irtibat ki\u015fim Swisslasik\u2019ten Serdar Karaagacli-Leoni t\u00fcm s\u00fcre\u00e7 boyunca benim ana irtibat ki\u015fimdi. Son derece sab\u0131rl\u0131 biriydi ve akl\u0131ma gelen en son soruya kadar (ki ger\u00e7ekten epey soru vard\u0131) hepsini yan\u0131tlad\u0131. Ayn\u0131 zamanda Swisslasik arac\u0131l\u0131\u011f\u0131yla t\u00fcm ameliyat organizasyonunu benim i\u00e7in o ayarlad\u0131. \u0130stanbul&#8217;a do\u011fru yola \u00e7\u0131k\u0131yoruz! Zaman h\u0131zla ge\u00e7ti ve \u00e7ok ge\u00e7meden 3 Ekim 2008 Cuma g\u00fcn\u00fc annem, erkek arkada\u015f\u0131m ve onun k\u0131z\u0131yla birlikte Turkish Airlines u\u00e7a\u011f\u0131na binip \u0130stanbul\u2019a do\u011fru yola \u00e7\u0131kt\u0131m. T\u00fcm yolculuk boyunca can\u0131m\u0131 s\u0131kan tek an, T\u00fcrkiye\u2019de pasaport kontrol\u00fcnde s\u0131ra beklemek oldu. Ancak \u0130stanbul\u2019daki irtibat ki\u015fim beni havaalan\u0131 \u00e7\u0131k\u0131\u015f\u0131nda bekliyordu ve bizi bir Mercedes minib\u00fcsle d\u00f6rt g\u00fcn kalaca\u011f\u0131m\u0131z yere g\u00f6t\u00fcrd\u00fcler. Sonraki iki g\u00fcn boyunca T\u00fcrk metropol\u00fcn\u00fcn \u00f6ne \u00e7\u0131kan yerlerini gezdik, birbirinden lezzetli yemekler yedik, etkileyici yap\u0131lara hayran kald\u0131k ve Kapal\u0131\u00e7ar\u015f\u0131\u2019da tam alt\u0131 saat s\u00fcren bir al\u0131\u015fveri\u015f yapt\u0131k. Ameliyat Pazartesi g\u00fcn\u00fc saat 11 civar\u0131nda kald\u0131\u011f\u0131m\u0131z apartmandan al\u0131nd\u0131k ve klini\u011fe g\u00f6t\u00fcr\u00fcld\u00fck. Kar\u015f\u0131lama ve ilgi kusursuzdu. Samimi, stressiz ve \u00e7ok rahat bir ortam vard\u0131; bu da ameliyat \u00f6ncesinde beni tamamen sakinle\u015ftirdi. Birka\u00e7 \u00f6n muayene, doktorla yap\u0131lan bir g\u00f6r\u00fc\u015fme ve \u00f6\u011fle yeme\u011finden sonra ameliyat\u0131m ger\u00e7ekle\u015ftirildi. Hi\u00e7bir \u015fey hissetmedim, sadece doktorun sakin y\u00f6nlendirmelerini takip ettim. Ameliyattan sonra art\u0131k g\u00f6rme yard\u0131m\u0131 olmadan g\u00f6rebiliyordum. G\u00f6zler biraz yan\u0131yordu ama bu gayet dayan\u0131labilirdi. G\u00f6z damlalar\u0131 bu rahats\u0131z edici hissi yat\u0131\u015ft\u0131r\u0131yordu. \u0130svi\u00e7re&#8217;ye geri d\u00f6nd\u00fcm. A\u011fr\u0131s\u0131z bir gecenin ard\u0131ndan, ertesi sabah ilk kontrol muayenem i\u00e7in al\u0131nd\u0131m. Daha sonra Sal\u0131 \u00f6\u011fleden sonra eve u\u00e7tuk. Bir hafta sonra, \u0130svi\u00e7re&#8217;ye d\u00f6nd\u00fckten sonra, Z\u00fcrih&#8217;te ikinci kontrol muayenemi oldum. Ba\u011f\u0131ms\u0131z doktor her \u015feyin yolunda oldu\u011funu s\u00f6yledi. \u0130ki g\u00f6z\u00fcmde de %100 g\u00f6r\u00fc\u015f var ve bu ger\u00e7ekten harika. G\u00f6zl\u00fcklerimi kesinlikle \u0130stanbul&#8217;da b\u0131rakt\u0131m. V. Rohrer, 15 Ekim 2008 \u00d6nceki rapor Bir Sonraki Rapor<\/p>\n","protected":false},"author":4,"featured_media":0,"parent":3355,"menu_order":0,"comment_status":"closed","ping_status":"closed","template":"","meta":{"_joinchat":[],"footnotes":""},"class_list":["post-3425","page","type-page","status-publish","hentry"],"acf":[],"_links":{"self":[{"href":"https:\/\/swisslasik.ch\/tr\/wp-json\/wp\/v2\/pages\/3425","targetHints":{"allow":["GET"]}}],"collection":[{"href":"https:\/\/swisslasik.ch\/tr\/wp-json\/wp\/v2\/pages"}],"about":[{"href":"https:\/\/swisslasik.ch\/tr\/wp-json\/wp\/v2\/types\/page"}],"author":[{"embeddable":true,"href":"https:\/\/swisslasik.ch\/tr\/wp-json\/wp\/v2\/users\/4"}],"replies":[{"embeddable":true,"href":"https:\/\/swisslasik.ch\/tr\/wp-json\/wp\/v2\/comments?post=3425"}],"version-history":[{"count":2,"href":"https:\/\/swisslasik.ch\/tr\/wp-json\/wp\/v2\/pages\/3425\/revisions"}],"predecessor-version":[{"id":4840,"href":"https:\/\/swisslasik.ch\/tr\/wp-json\/wp\/v2\/pages\/3425\/revisions\/4840"}],"up":[{"embeddable":true,"href":"https:\/\/swisslasik.ch\/tr\/wp-json\/wp\/v2\/pages\/3355"}],"wp:attachment":[{"href":"https:\/\/swisslasik.ch\/tr\/wp-json\/wp\/v2\/media?parent=3425"}],"curies":[{"name":"wp","href":"https:\/\/api.w.org\/{rel}","templated":true}]}}