{"id":3427,"date":"2025-09-24T15:19:12","date_gmt":"2025-09-24T14:19:12","guid":{"rendered":"https:\/\/swisslasik.ch\/yasli-hasta-raporlari-goez-klinigi-tuerkiye\/istanbuldaki-goez-lazeri-ameliyatimiz-28-kasim-2007-carsamba-tarihli-deneyim-raporu\/"},"modified":"2026-01-14T20:59:04","modified_gmt":"2026-01-14T19:59:04","slug":"istanbuldaki-goez-lazeri-ameliyatimiz-28-kasim-2007-carsamba-tarihli-deneyim-raporu","status":"publish","type":"page","link":"https:\/\/swisslasik.ch\/tr\/yasli-hasta-raporlari-goez-klinigi-tuerkiye\/istanbuldaki-goez-lazeri-ameliyatimiz-28-kasim-2007-carsamba-tarihli-deneyim-raporu\/","title":{"rendered":"\u0130stanbul\u2019daki g\u00f6z lazeri ameliyat\u0131m\u0131z \u2013 28 Kas\u0131m 2007 \u00c7ar\u015famba tarihli deneyim raporu"},"content":{"rendered":"\n<h3 class=\"wp-block-heading\">\u0130stanbul\u2019daki g\u00f6z lazeri ameliyat\u0131m\u0131z \u2013 28 Kas\u0131m 2007 \u00c7ar\u015famba tarihli deneyim raporu<\/h3>\n\n<p>E\u015fimle birlikte bir s\u00fcredir g\u00f6zl\u00fckten kurtulmak i\u00e7in g\u00f6zlerimizi lazerle tedavi ettirme fikrini d\u00fc\u015f\u00fcn\u00fcyorduk. Ancak \u0130svi\u00e7re\u2019de bu i\u015flem \u00e7ok y\u00fcksek maliyetlerle ba\u011flant\u0131l\u0131yd\u0131, \u00f6zellikle de her iki e\u015fin de g\u00f6rme yard\u0131m\u0131 kullanmas\u0131 gerekti\u011finde. Bu s\u0131rada internette Swisslasik\u2019in web sitesine rastlad\u0131k ve bu bizi hemen \u00e7ok ilgilendirdi. Di\u011fer \u0130svi\u00e7relilerden referanslar ald\u0131k ve hepsi bu konuda tamamen ikna olmu\u015ftu. Bunun \u00fczerine e-posta yoluyla hemen detayl\u0131 bilgi ald\u0131k ve sordu\u011fumuz her soruya \u00e7ok h\u0131zl\u0131 cevaplar ald\u0131k. Sonunda ameliyat\u0131 25 Kas\u0131m\u2019da \u0130stanbul\u2019da yapt\u0131rd\u0131k. U\u00e7u\u015f, ameliyat, otel\u2026 Her \u015fey ba\u015ftan sona m\u00fckemmel \u015fekilde organize edilmi\u015fti. Her zaman yan\u0131m\u0131zda, bizimle kusursuz Hochdeutsch ya da \u0130svi\u00e7re Almancas\u0131 konu\u015fabilen biri vard\u0131. Bu \u00e7ok rahatlat\u0131c\u0131yd\u0131.<br\/>Ayr\u0131ca EyeStar Klini\u011fi\u2019nde ayn\u0131 g\u00fcn bizimle birlikte g\u00f6zlerini lazer ettiren \u00fc\u00e7 \u0130svi\u00e7reli hasta daha vard\u0131. Bu durum \u00e7ok motive ediciydi ve herkes karar\u0131nda birbirini destekliyordu. \u00d6n muayeneler \u00e7ok titizlikle yap\u0131ld\u0131 ve t\u00fcm \u00e7al\u0131\u015fanlar bizde \u00e7ok iyi bir izlenim b\u0131rakt\u0131. En \u00f6nemlisi ise hi\u00e7bir dil problemi ya\u015fanmamas\u0131yd\u0131. Havaalan\u0131ndan otele, otelden klini\u011fe ve sonras\u0131nda tekrar her yere yap\u0131lan transferler de kusursuzdu.             <\/p>\n\n<p>Bunu yapmaya cesaret etti\u011fimiz i\u00e7in kesinlikle \u00e7ok mutluyuz ve g\u00f6zlerimiz i\u00e7in elde etti\u011fimiz sonu\u00e7tan da son derece memnunuz.<\/p>\n\n<p>Nadja &amp; Sepp Arnold, Goldingen \/ Kas\u0131m 2007<\/p>\n\n<div class=\"wp-block-group is-layout-grid wp-container-core-group-is-layout-baef362d wp-block-group-is-layout-grid\">\n<p><a href=\"https:\/\/medicaltravel.at\/home\/agb\/\" data-type=\"page\" data-id=\"2191\" rel=\"nofollow noopener\" target=\"_blank\"><\/a><a href=\"https:\/\/swisslasik.ch\/tr\/yasli-hasta-raporlari-goez-klinigi-tuerkiye\/goez-lazeri-14-aralik-2007-cuma-tarihli-deneyim-raporu\/\" data-type=\"link\" data-id=\"https:\/\/swisslasik.ch\/altere-patientenberichte-augenklinik-tuerkei\/augenlaser-bericht-vom-freitag-14-dezember-2007\/\">\u00d6nceki rapor<\/a><\/p>\n\n\n\n<p class=\"has-text-align-right wp-container-content-5e2576f9\"><a href=\"https:\/\/medicaltravel.at\/home\/impressum\/\" data-type=\"page\" data-id=\"2193\" rel=\"nofollow noopener\" target=\"_blank\"><\/a><a href=\"https:\/\/medicaltravel.at\/home\/berichte-von-patienten\/erfahrungsberichte\/erfahrungsbericht-zahnbehandlung-in-istanbul\/\" data-type=\"page\" data-id=\"981\" rel=\"nofollow noopener\" target=\"_blank\"><\/a><a href=\"https:\/\/swisslasik.ch\/tr\/yasli-hasta-raporlari-goez-klinigi-tuerkiye\/istanbulda-goez-ameliyati-19-kasim-2007-pazartesi-tarihli-deneyim-raporu\/\" data-type=\"link\" data-id=\"https:\/\/swisslasik.ch\/altere-patientenberichte-augenklinik-tuerkei\/augen-op-in-istanbul-bericht-vom-montag-19-november-2007\/\">Bir Sonraki Rapor<br\/><\/a><\/p>\n<\/div>\n","protected":false},"excerpt":{"rendered":"<p>\u0130stanbul\u2019daki g\u00f6z lazeri ameliyat\u0131m\u0131z \u2013 28 Kas\u0131m 2007 \u00c7ar\u015famba tarihli deneyim raporu E\u015fimle birlikte bir s\u00fcredir g\u00f6zl\u00fckten kurtulmak i\u00e7in g\u00f6zlerimizi lazerle tedavi ettirme fikrini d\u00fc\u015f\u00fcn\u00fcyorduk. Ancak \u0130svi\u00e7re\u2019de bu i\u015flem \u00e7ok y\u00fcksek maliyetlerle ba\u011flant\u0131l\u0131yd\u0131, \u00f6zellikle de her iki e\u015fin de g\u00f6rme yard\u0131m\u0131 kullanmas\u0131 gerekti\u011finde. Bu s\u0131rada internette Swisslasik\u2019in web sitesine rastlad\u0131k ve bu bizi hemen \u00e7ok ilgilendirdi. Di\u011fer \u0130svi\u00e7relilerden referanslar ald\u0131k ve hepsi bu konuda tamamen ikna olmu\u015ftu. Bunun \u00fczerine e-posta yoluyla hemen detayl\u0131 bilgi ald\u0131k ve sordu\u011fumuz her soruya \u00e7ok h\u0131zl\u0131 cevaplar ald\u0131k. Sonunda ameliyat\u0131 25 Kas\u0131m\u2019da \u0130stanbul\u2019da yapt\u0131rd\u0131k. U\u00e7u\u015f, ameliyat, otel\u2026 Her \u015fey ba\u015ftan sona m\u00fckemmel \u015fekilde organize edilmi\u015fti. Her zaman yan\u0131m\u0131zda, bizimle kusursuz Hochdeutsch ya da \u0130svi\u00e7re Almancas\u0131 konu\u015fabilen biri vard\u0131. Bu \u00e7ok rahatlat\u0131c\u0131yd\u0131.Ayr\u0131ca EyeStar Klini\u011fi\u2019nde ayn\u0131 g\u00fcn bizimle birlikte g\u00f6zlerini lazer ettiren \u00fc\u00e7 \u0130svi\u00e7reli hasta daha vard\u0131. Bu durum \u00e7ok motive ediciydi ve herkes karar\u0131nda birbirini destekliyordu. \u00d6n muayeneler \u00e7ok titizlikle yap\u0131ld\u0131 ve t\u00fcm \u00e7al\u0131\u015fanlar bizde \u00e7ok iyi bir izlenim b\u0131rakt\u0131. En \u00f6nemlisi ise hi\u00e7bir dil problemi ya\u015fanmamas\u0131yd\u0131. Havaalan\u0131ndan otele, otelden klini\u011fe ve sonras\u0131nda tekrar her yere yap\u0131lan transferler de kusursuzdu. Bunu yapmaya cesaret etti\u011fimiz i\u00e7in kesinlikle \u00e7ok mutluyuz ve g\u00f6zlerimiz i\u00e7in elde etti\u011fimiz sonu\u00e7tan da son derece memnunuz. Nadja &amp; Sepp Arnold, Goldingen \/ Kas\u0131m 2007 \u00d6nceki rapor Bir Sonraki Rapor<\/p>\n","protected":false},"author":4,"featured_media":0,"parent":3355,"menu_order":0,"comment_status":"closed","ping_status":"closed","template":"","meta":{"_joinchat":[],"footnotes":""},"class_list":["post-3427","page","type-page","status-publish","hentry"],"acf":[],"_links":{"self":[{"href":"https:\/\/swisslasik.ch\/tr\/wp-json\/wp\/v2\/pages\/3427","targetHints":{"allow":["GET"]}}],"collection":[{"href":"https:\/\/swisslasik.ch\/tr\/wp-json\/wp\/v2\/pages"}],"about":[{"href":"https:\/\/swisslasik.ch\/tr\/wp-json\/wp\/v2\/types\/page"}],"author":[{"embeddable":true,"href":"https:\/\/swisslasik.ch\/tr\/wp-json\/wp\/v2\/users\/4"}],"replies":[{"embeddable":true,"href":"https:\/\/swisslasik.ch\/tr\/wp-json\/wp\/v2\/comments?post=3427"}],"version-history":[{"count":3,"href":"https:\/\/swisslasik.ch\/tr\/wp-json\/wp\/v2\/pages\/3427\/revisions"}],"predecessor-version":[{"id":3432,"href":"https:\/\/swisslasik.ch\/tr\/wp-json\/wp\/v2\/pages\/3427\/revisions\/3432"}],"up":[{"embeddable":true,"href":"https:\/\/swisslasik.ch\/tr\/wp-json\/wp\/v2\/pages\/3355"}],"wp:attachment":[{"href":"https:\/\/swisslasik.ch\/tr\/wp-json\/wp\/v2\/media?parent=3427"}],"curies":[{"name":"wp","href":"https:\/\/api.w.org\/{rel}","templated":true}]}}