{"id":3429,"date":"2025-09-24T14:57:40","date_gmt":"2025-09-24T13:57:40","guid":{"rendered":"https:\/\/swisslasik.ch\/yasli-hasta-raporlari-goez-klinigi-tuerkiye\/tuerkiyede-lasik-hasta-deneyim-raporu-20-mart-2007-sali-tarihli-rapor\/"},"modified":"2026-01-14T21:10:22","modified_gmt":"2026-01-14T20:10:22","slug":"tuerkiyede-lasik-hasta-deneyim-raporu-20-mart-2007-sali-tarihli-rapor","status":"publish","type":"page","link":"https:\/\/swisslasik.ch\/tr\/yasli-hasta-raporlari-goez-klinigi-tuerkiye\/tuerkiyede-lasik-hasta-deneyim-raporu-20-mart-2007-sali-tarihli-rapor\/","title":{"rendered":"T\u00fcrkiye\u2019de LASIK hasta deneyim raporu \u2013 20 Mart 2007 Sal\u0131 tarihli rapor"},"content":{"rendered":"\n<h3 class=\"wp-block-heading\">T\u00fcrkiye\u2019de LASIK hasta deneyim raporu \u2013 20 Mart 2007 Sal\u0131 tarihli rapor<\/h3>\n\n<p>Hastam\u0131z Bayan Pleschinger, 20 Mart&#8217;ta anketimizi \u015fu \u015fekilde doldurdu:<\/p>\n\n<p>Hasta say\u0131m\u0131<\/p>\n\n<p>Karar Verme S\u00fcreciniz<br\/>-1 Yurtd\u0131\u015f\u0131nda g\u00f6z lazeri yapt\u0131rmaya nas\u0131l karar verdiniz?<br\/>(Ger\u00e7ekler raporu, internetten bilgiler)<\/p>\n\n<p>2 Bizi nas\u0131l se\u00e7tiniz?<br\/>\u0130nternet<\/p>\n\n<p>3 Bizi en \u00e7ok ikna eden \u015fey ne oldu?<br\/>\u0130svi\u00e7re&#8217;de eksiksiz organizasyon, ameliyat \u00f6ncesi ve sonras\u0131 muayeneler garantilidir. Fiyat <\/p>\n\n<p>-4 swisslasik.ch gibi ba\u015fka sa\u011flay\u0131c\u0131lar buldunuz mu? swisslasik.ch&#8217;yi farkl\u0131 k\u0131lan nedir? <br\/>Ba\u015fka sa\u011flay\u0131c\u0131 aramad\u0131m.<\/p>\n\n<p>-5 \u0130stanbul&#8217;da bir\u00e7ok ki\u015fi hala lazerle g\u00f6z tedavisi yapt\u0131rmaktan \u00e7ekiniyor. swisslasik.ch bu insanlara nas\u0131l daha iyi ula\u015fabilir? <br\/>Belki de birka\u00e7 hasta referans\u0131yla birlikte.<\/p>\n\n<p>Otel<br\/>-6 Resepsiyonda Almanca veya \u0130ngilizce konu\u015fan biri var m\u0131yd\u0131?<br\/>Kimse Almanca konu\u015fmuyordu ve herkes \u0130ngilizceyi ak\u0131c\u0131 bir \u015fekilde konu\u015fmuyordu, ama yine de ileti\u015fim kurabildik!<\/p>\n\n<p>-7 Otel ve oda temiz miydi?<br\/>Ve<\/p>\n\n<p>-8 \u00c7al\u0131\u015fanlar yard\u0131msever ve g\u00fcler y\u00fczl\u00fc m\u00fcyd\u00fc?<br\/>Evet, sadece oda servisi \u00e7ok yetersizdi; sipari\u015f etti\u011fimiz yemekler \u00e7ok ge\u00e7 geldi ve so\u011fuktu!<\/p>\n\n<p>-9 Kahvalt\u0131 iyi miydi?<br\/>Ve<\/p>\n\n<p>-10 Rahat\u00e7a uyuyabildiniz mi?<br\/>Pazar g\u00fcn\u00fc restoranda bir parti vard\u0131, sesini odam\u0131zdan duyabiliyorduk, ama bunun d\u0131\u015f\u0131nda her yer \u00e7ok sessizdi.<\/p>\n\n<p>-11 Sizden ek para istendi mi?<br\/>HAYIR<\/p>\n\n<p>-12 Otelden genel olarak ne kadar memnunsunuz? (L\u00fctfen 1 ile 5 aras\u0131nda bir say\u0131 girin)<br\/>4 <\/p>\n\n<p>Servis arac\u0131<br\/>-13 Ki\u015fi ge\u00e7 mi kald\u0131? E\u011fer \u00f6yleyse, ne kadar?<br\/>Evet, yakla\u015f\u0131k 10 dakika. Ama beni aray\u0131p haber verdi, bu y\u00fczden biraz ge\u00e7 kalaca\u011f\u0131n\u0131 biliyorduk.  <\/p>\n\n<p>-14 Her zaman orada m\u0131yd\u0131, yard\u0131msever ve arkada\u015f canl\u0131s\u0131 m\u0131yd\u0131?<br\/>Ja, die Betreuung und der Servic war hervorragend<\/p>\n\n<p>-15 Otel ile hastane aras\u0131nda her seferinde size e\u015flik etti mi?<br\/>Ve<\/p>\n\n<p>-16 Arabay\u0131 iyi kulland\u0131 m\u0131?<br\/>Ve<\/p>\n\n<p>-17 Bagaj alan\u0131 konusunda sorun mu ya\u015f\u0131yorsunuz?<br\/>HAYIR<\/p>\n\n<p>-18 Genel olarak, kar\u015f\u0131lama hizmetinden ne kadar memnunsunuz? (L\u00fctfen 1 ile 5 aras\u0131nda bir say\u0131 girin)<br\/>5 <\/p>\n\n<p>Klinik<br\/>-19 Saatlerce nedenini bilmeden beklemek zorunda kald\u0131n\u0131z m\u0131?<br\/>Hay\u0131r<\/p>\n\n<p>-20 Personel ve doktor taraf\u0131ndan s\u0131cak bir \u015fekilde kar\u015f\u0131land\u0131n\u0131z m\u0131?<br\/>Evet, herkes \u00e7ok nazikti ve bize \u00e7ok iyi bakt\u0131.<\/p>\n\n<p>-21 Ameliyattan \u00f6nce size yeterli bilgi verildi mi?<br\/>Evet, anlamad\u0131\u011f\u0131n\u0131z bir \u015fey olursa her zaman soru sorabilirsiniz.<\/p>\n\n<p>-22 Ameliyat\u0131n sonucundan ne kadar memnunsunuz?<br\/>\u00c7ok memnunum.<\/p>\n\n<p>-23 Size Almanca m\u0131 bak\u0131ld\u0131?<br\/>Evet, orada her zaman biri vard\u0131, bu y\u00fczden hi\u00e7bir ileti\u015fim sorunu ya\u015famad\u0131k. Doktorla \u0130ngilizce konu\u015ftuk, ama her zaman terc\u00fcmanl\u0131k yapacak biri mevcuttu.<\/p>\n\n<p>-24 Herhangi bir ek \u00fccret \u00f6dediniz mi?<br\/>HAYIR<\/p>\n\n<p>-25 Genel olarak klinikten ne kadar memnunsunuz? (L\u00fctfen 1 ile 5 aras\u0131nda bir say\u0131 girin)<br\/>5+++ <\/p>\n\n<p>Swisslasik Pass<br\/>-26 Swisslasik Pass&#8217;teki hangi bilgileri faydal\u0131 buldunuz?<br\/>Swisslasik Pass&#8217;teki t\u00fcm bilgiler faydal\u0131yd\u0131, ne yaz\u0131k ki par\u00e7aland\u0131!<\/p>\n\n<p>-27 Swisslasikpass&#8217;taki hangi bilgileri gereksiz buluyorsunuz?<br\/>HAYIR<\/p>\n\n<p>-28 Herhangi bir yanl\u0131\u015f bilgi var m\u0131?<br\/>HAYIR<\/p>\n\n<p>-29 Daha iyi ne yapabiliriz?<br\/>Bence o, oldu\u011fu gibi \u00e7ok iyi.<\/p>\n\n<p>Swisslasik.ch<br\/>-30 \u00d6zellikle ne iyiydi?<br\/>Her \u015fey \u00e7ok iyi, h\u0131zl\u0131 ve sorunsuz bir \u015fekilde ilerledi. Her \u015feyden \u00e7ok memnun kald\u0131k. Sorular\u0131m\u0131z\u0131 yan\u0131tlamak i\u00e7in her zaman haz\u0131rd\u0131lar ve yan\u0131tlar her zaman \u00e7ok h\u0131zl\u0131yd\u0131.  <\/p>\n\n<p>-31 \u00d6zellikle k\u00f6t\u00fc olan neydi?<br\/>\u2014<\/p>\n\n<p>-32 Daha iyi ne yapabiliriz?<\/p>\n\n<p>-33 Genel olarak bizden ne kadar memnunsunuz? (L\u00fctfen 1 ile 5 aras\u0131nda bir say\u0131 girin)<br\/>5 <\/p>\n\n<p>-34 Bizi tavsiye eder misiniz?<br\/>Ve<\/p>\n\n<p>-35 Cevab\u0131n\u0131z\u0131 forum.swisslasik.ch adresinde yay\u0131nlayabilir miyiz?<br\/>Ve<\/p>\n\n<p>-36 Telefon numaran\u0131z\u0131\/e-posta adresinizi, swisslasik.ch hastalar\u0131yla g\u00f6r\u00fc\u015fmek isteyen ilgili taraflara verebilir miyiz?<br\/>Evet, ancak l\u00fctfen yaln\u0131zca XXXXXXX* e-posta adresini kullan\u0131n. Kesinlikle cevap verece\u011fim.<\/p>\n\n<p>*swisslasik.ch hastalar\u0131 i\u00e7in veri koruma. E-posta adresi talep \u00fczerine verilecektir.____Admin forum.swisslasik.ch <\/p>\n\n<div class=\"wp-block-group is-layout-grid wp-container-core-group-is-layout-baef362d wp-block-group-is-layout-grid\">\n<p><a href=\"https:\/\/medicaltravel.at\/home\/agb\/\" data-type=\"page\" data-id=\"2191\" rel=\"nofollow noopener\" target=\"_blank\"><\/a><a href=\"https:\/\/swisslasik.ch\/tr\/yasli-hasta-raporlari-goez-klinigi-tuerkiye\/tuerkiyede-goez-lazeri-anketi-24-mart-2007-cumartesi-tarihli-rapor\/\" data-type=\"link\" data-id=\"https:\/\/swisslasik.ch\/altere-patientenberichte-augenklinik-tuerkei\/augenlaser-turkei-umfrage-bericht-vom-samstag-24-marz-2007\/\">\u00d6nceki rapor<\/a><\/p>\n\n\n\n<p class=\"has-text-align-right wp-container-content-5e2576f9\"><a href=\"https:\/\/medicaltravel.at\/home\/impressum\/\" data-type=\"page\" data-id=\"2193\" rel=\"nofollow noopener\" target=\"_blank\"><\/a><a href=\"https:\/\/medicaltravel.at\/home\/berichte-von-patienten\/erfahrungsberichte\/erfahrungsbericht-zahnbehandlung-in-istanbul\/\" data-type=\"page\" data-id=\"981\" rel=\"nofollow noopener\" target=\"_blank\"><\/a><a href=\"https:\/\/swisslasik.ch\/tr\/yasli-hasta-raporlari-goez-klinigi-tuerkiye\/istanbulda-goez-lazeri-deneyimi-29-ocak-2007-pazartesi-tarihli-deneyim-raporu\/\" data-type=\"link\" data-id=\"https:\/\/swisslasik.ch\/altere-patientenberichte-augenklinik-tuerkei\/erfahrungsbericht-augenlaser-istanbul-bericht-vom-montag-29-januar-2007\/\">Bir Sonraki Rapor<br\/><\/a><\/p>\n<\/div>\n","protected":false},"excerpt":{"rendered":"<p>T\u00fcrkiye\u2019de LASIK hasta deneyim raporu \u2013 20 Mart 2007 Sal\u0131 tarihli rapor Hastam\u0131z Bayan Pleschinger, 20 Mart&#8217;ta anketimizi \u015fu \u015fekilde doldurdu: Hasta say\u0131m\u0131 Karar Verme S\u00fcreciniz-1 Yurtd\u0131\u015f\u0131nda g\u00f6z lazeri yapt\u0131rmaya nas\u0131l karar verdiniz?(Ger\u00e7ekler raporu, internetten bilgiler) 2 Bizi nas\u0131l se\u00e7tiniz?\u0130nternet 3 Bizi en \u00e7ok ikna eden \u015fey ne oldu?\u0130svi\u00e7re&#8217;de eksiksiz organizasyon, ameliyat \u00f6ncesi ve sonras\u0131 muayeneler garantilidir. Fiyat -4 swisslasik.ch gibi ba\u015fka sa\u011flay\u0131c\u0131lar buldunuz mu? swisslasik.ch&#8217;yi farkl\u0131 k\u0131lan nedir? Ba\u015fka sa\u011flay\u0131c\u0131 aramad\u0131m. -5 \u0130stanbul&#8217;da bir\u00e7ok ki\u015fi hala lazerle g\u00f6z tedavisi yapt\u0131rmaktan \u00e7ekiniyor. swisslasik.ch bu insanlara nas\u0131l daha iyi ula\u015fabilir? Belki de birka\u00e7 hasta referans\u0131yla birlikte. Otel-6 Resepsiyonda Almanca veya \u0130ngilizce konu\u015fan biri var m\u0131yd\u0131?Kimse Almanca konu\u015fmuyordu ve herkes \u0130ngilizceyi ak\u0131c\u0131 bir \u015fekilde konu\u015fmuyordu, ama yine de ileti\u015fim kurabildik! -7 Otel ve oda temiz miydi?Ve -8 \u00c7al\u0131\u015fanlar yard\u0131msever ve g\u00fcler y\u00fczl\u00fc m\u00fcyd\u00fc?Evet, sadece oda servisi \u00e7ok yetersizdi; sipari\u015f etti\u011fimiz yemekler \u00e7ok ge\u00e7 geldi ve so\u011fuktu! -9 Kahvalt\u0131 iyi miydi?Ve -10 Rahat\u00e7a uyuyabildiniz mi?Pazar g\u00fcn\u00fc restoranda bir parti vard\u0131, sesini odam\u0131zdan duyabiliyorduk, ama bunun d\u0131\u015f\u0131nda her yer \u00e7ok sessizdi. -11 Sizden ek para istendi mi?HAYIR -12 Otelden genel olarak ne kadar memnunsunuz? (L\u00fctfen 1 ile 5 aras\u0131nda bir say\u0131 girin)4 Servis arac\u0131-13 Ki\u015fi ge\u00e7 mi kald\u0131? E\u011fer \u00f6yleyse, ne kadar?Evet, yakla\u015f\u0131k 10 dakika. Ama beni aray\u0131p haber verdi, bu y\u00fczden biraz ge\u00e7 kalaca\u011f\u0131n\u0131 biliyorduk. -14 Her zaman orada m\u0131yd\u0131, yard\u0131msever ve arkada\u015f canl\u0131s\u0131 m\u0131yd\u0131?Ja, die Betreuung und der Servic war hervorragend -15 Otel ile hastane aras\u0131nda her seferinde size e\u015flik etti mi?Ve -16 Arabay\u0131 iyi kulland\u0131 m\u0131?Ve -17 Bagaj alan\u0131 konusunda sorun mu ya\u015f\u0131yorsunuz?HAYIR -18 Genel olarak, kar\u015f\u0131lama hizmetinden ne kadar memnunsunuz? (L\u00fctfen 1 ile 5 aras\u0131nda bir say\u0131 girin)5 Klinik-19 Saatlerce nedenini bilmeden beklemek zorunda kald\u0131n\u0131z m\u0131?Hay\u0131r -20 Personel ve doktor taraf\u0131ndan s\u0131cak bir \u015fekilde kar\u015f\u0131land\u0131n\u0131z m\u0131?Evet, herkes \u00e7ok nazikti ve bize \u00e7ok iyi bakt\u0131. -21 Ameliyattan \u00f6nce size yeterli bilgi verildi mi?Evet, anlamad\u0131\u011f\u0131n\u0131z bir \u015fey olursa her zaman soru sorabilirsiniz. -22 Ameliyat\u0131n sonucundan ne kadar memnunsunuz?\u00c7ok memnunum. -23 Size Almanca m\u0131 bak\u0131ld\u0131?Evet, orada her zaman biri vard\u0131, bu y\u00fczden hi\u00e7bir ileti\u015fim sorunu ya\u015famad\u0131k. Doktorla \u0130ngilizce konu\u015ftuk, ama her zaman terc\u00fcmanl\u0131k yapacak biri mevcuttu. -24 Herhangi bir ek \u00fccret \u00f6dediniz mi?HAYIR -25 Genel olarak klinikten ne kadar memnunsunuz? (L\u00fctfen 1 ile 5 aras\u0131nda bir say\u0131 girin)5+++ Swisslasik Pass-26 Swisslasik Pass&#8217;teki hangi bilgileri faydal\u0131 buldunuz?Swisslasik Pass&#8217;teki t\u00fcm bilgiler faydal\u0131yd\u0131, ne yaz\u0131k ki par\u00e7aland\u0131! -27 Swisslasikpass&#8217;taki hangi bilgileri gereksiz buluyorsunuz?HAYIR -28 Herhangi bir yanl\u0131\u015f bilgi var m\u0131?HAYIR -29 Daha iyi ne yapabiliriz?Bence o, oldu\u011fu gibi \u00e7ok iyi. Swisslasik.ch-30 \u00d6zellikle ne iyiydi?Her \u015fey \u00e7ok iyi, h\u0131zl\u0131 ve sorunsuz bir \u015fekilde ilerledi. Her \u015feyden \u00e7ok memnun kald\u0131k. Sorular\u0131m\u0131z\u0131 yan\u0131tlamak i\u00e7in her zaman haz\u0131rd\u0131lar ve yan\u0131tlar her zaman \u00e7ok h\u0131zl\u0131yd\u0131. -31 \u00d6zellikle k\u00f6t\u00fc olan neydi?\u2014 -32 Daha iyi ne yapabiliriz? -33 Genel olarak bizden ne kadar memnunsunuz? (L\u00fctfen 1 ile 5 aras\u0131nda bir say\u0131 girin)5 -34 Bizi tavsiye eder misiniz?Ve -35 Cevab\u0131n\u0131z\u0131 forum.swisslasik.ch adresinde yay\u0131nlayabilir miyiz?Ve -36 Telefon numaran\u0131z\u0131\/e-posta adresinizi, swisslasik.ch hastalar\u0131yla g\u00f6r\u00fc\u015fmek isteyen ilgili taraflara verebilir miyiz?Evet, ancak l\u00fctfen yaln\u0131zca XXXXXXX* e-posta adresini kullan\u0131n. Kesinlikle cevap verece\u011fim. *swisslasik.ch hastalar\u0131 i\u00e7in veri koruma. E-posta adresi talep \u00fczerine verilecektir.____Admin forum.swisslasik.ch \u00d6nceki rapor Bir Sonraki Rapor<\/p>\n","protected":false},"author":4,"featured_media":0,"parent":3355,"menu_order":0,"comment_status":"closed","ping_status":"closed","template":"","meta":{"_joinchat":[],"footnotes":""},"class_list":["post-3429","page","type-page","status-publish","hentry"],"acf":[],"_links":{"self":[{"href":"https:\/\/swisslasik.ch\/tr\/wp-json\/wp\/v2\/pages\/3429","targetHints":{"allow":["GET"]}}],"collection":[{"href":"https:\/\/swisslasik.ch\/tr\/wp-json\/wp\/v2\/pages"}],"about":[{"href":"https:\/\/swisslasik.ch\/tr\/wp-json\/wp\/v2\/types\/page"}],"author":[{"embeddable":true,"href":"https:\/\/swisslasik.ch\/tr\/wp-json\/wp\/v2\/users\/4"}],"replies":[{"embeddable":true,"href":"https:\/\/swisslasik.ch\/tr\/wp-json\/wp\/v2\/comments?post=3429"}],"version-history":[{"count":1,"href":"https:\/\/swisslasik.ch\/tr\/wp-json\/wp\/v2\/pages\/3429\/revisions"}],"predecessor-version":[{"id":3430,"href":"https:\/\/swisslasik.ch\/tr\/wp-json\/wp\/v2\/pages\/3429\/revisions\/3430"}],"up":[{"embeddable":true,"href":"https:\/\/swisslasik.ch\/tr\/wp-json\/wp\/v2\/pages\/3355"}],"wp:attachment":[{"href":"https:\/\/swisslasik.ch\/tr\/wp-json\/wp\/v2\/media?parent=3429"}],"curies":[{"name":"wp","href":"https:\/\/api.w.org\/{rel}","templated":true}]}}