{"id":3433,"date":"2025-09-24T15:15:43","date_gmt":"2025-09-24T14:15:43","guid":{"rendered":"https:\/\/swisslasik.ch\/yasli-hasta-raporlari-goez-klinigi-tuerkiye\/istanbuldaki-lasik-ameliyatimiz-06-mart-2008-persembe-tarihli-deneyim-raporu\/"},"modified":"2026-01-14T20:55:54","modified_gmt":"2026-01-14T19:55:54","slug":"istanbuldaki-lasik-ameliyatimiz-06-mart-2008-persembe-tarihli-deneyim-raporu","status":"publish","type":"page","link":"https:\/\/swisslasik.ch\/tr\/yasli-hasta-raporlari-goez-klinigi-tuerkiye\/istanbuldaki-lasik-ameliyatimiz-06-mart-2008-persembe-tarihli-deneyim-raporu\/","title":{"rendered":"\u0130stanbul\u2019daki LASIK ameliyat\u0131m\u0131z \u2013 06 Mart 2008 Per\u015fembe tarihli deneyim raporu"},"content":{"rendered":"\n<h3 class=\"wp-block-heading\">\u0130stanbul\u2019daki LASIK ameliyat\u0131m\u0131z \u2013 06 Mart 2008 Per\u015fembe tarihli deneyim raporu<\/h3>\n\n<p>E\u015fim, kay\u0131nbiraderim ve ben uzun zamand\u0131r LASIK ameliyat\u0131 fikriyle ilgileniyorduk. Uygun fiyatl\u0131 bir sa\u011flay\u0131c\u0131 bulmak i\u00e7in interneti defalarca tarad\u0131k, ancak ne yaz\u0131k ki ba\u015far\u0131l\u0131 olamad\u0131k. Eski optik\u00e7im bana \u0130stanbul\u2019da ameliyat olmay\u0131 \u00f6nerince, ba\u015flang\u0131\u00e7taki \u015f\u00fcphelerime ra\u011fmen merakland\u0131m ve ara\u015ft\u0131rmaya ba\u015flad\u0131m. K\u0131sa s\u00fcrede \u0130stanbul\u2019da LASIK yapt\u0131rm\u0131\u015f ki\u015filer bulduk ve hepsi son derece memnundu. Bu da bize \u0130stanbul\u2019a gitme konusunda g\u00fcven verdi. \u0130nternet \u00fczerinden h\u0131zl\u0131ca swisslasik.ch ba\u011flant\u0131s\u0131n\u0131 bulduk. Ayr\u0131ca do\u011frudan klini\u011fe de baz\u0131 sorular sorduk ve her zaman h\u0131zl\u0131 ve yetkin cevaplar ald\u0131k.<br\/>29.02.2008 tarihinde \u0130stanbul\u2019a u\u00e7tuk ve ayn\u0131 g\u00fcn ameliyat olduk. Her \u015fey m\u00fckemmel ge\u00e7ti, \u00e7ok memnun kald\u0131k. \u00d6ncesinde son derece gergindik, ancak klinikteki ekip bu gerginli\u011fi \u00fczerimizden almay\u0131 \u00e7ok iyi bildi. Sonu\u00e7ta bizi en \u00e7ok etkileyen \u015fey, klinikteki samimiyet ve insani yakla\u015f\u0131md\u0131. Orada bir seri \u00fcretim ya da aceleyle yap\u0131lan bir i\u015flem hissi kesinlikle yoktu.          <\/p>\n\n<p>\u0130\u015flemin kendisi, yakla\u015f\u0131k 15 dakikal\u0131k haz\u0131rl\u0131k s\u00fcresi de dahil olmak \u00fczere, yakla\u015f\u0131k 3 dakika s\u00fcr\u00fcyor. Tamamen a\u011fr\u0131s\u0131z. \u0130\u015flemden sonra g\u00f6zleriniz biraz yanacak ve 3-4 saat kapal\u0131 tutman\u0131z gerekecek. Ondan sonra: Vay can\u0131na!\u2026 G\u00fcl\u00fcmseyin<\/p>\n\n<p>\u015eirketteki ilgili ki\u015filere swisslasik linkini zaten bir d\u00fczine kez payla\u015ft\u0131m&#8230; ve daha \u00fc\u00e7 g\u00fcnd\u00fcr buraday\u0131m.<\/p>\n\n<div class=\"wp-block-group is-layout-grid wp-container-core-group-is-layout-baef362d wp-block-group-is-layout-grid\">\n<p><a href=\"https:\/\/medicaltravel.at\/home\/agb\/\" data-type=\"page\" data-id=\"2191\" rel=\"nofollow noopener\" target=\"_blank\"><\/a><a href=\"https:\/\/swisslasik.ch\/tr\/yasli-hasta-raporlari-goez-klinigi-tuerkiye\/yaptim-gitti-17-mart-2008-pazartesi-tarihli-deneyim-raporu\/\" data-type=\"link\" data-id=\"https:\/\/swisslasik.ch\/altere-patientenberichte-augenklinik-tuerkei\/ich-habs-getan-bericht-vom-montag-17-marz-2008\/\">\u00d6nceki rapor<\/a><\/p>\n\n\n\n<p class=\"has-text-align-right wp-container-content-5e2576f9\"><a href=\"https:\/\/medicaltravel.at\/home\/impressum\/\" data-type=\"page\" data-id=\"2193\" rel=\"nofollow noopener\" target=\"_blank\"><\/a><a href=\"https:\/\/medicaltravel.at\/home\/berichte-von-patienten\/erfahrungsberichte\/erfahrungsbericht-zahnbehandlung-in-istanbul\/\" data-type=\"page\" data-id=\"981\" rel=\"nofollow noopener\" target=\"_blank\"><\/a><a href=\"https:\/\/swisslasik.ch\/tr\/yasli-hasta-raporlari-goez-klinigi-tuerkiye\/lasik-ameliyatima-dair-deneyim-raporu-05-ocak-2008-cumartesi-tarihli-deneyim-raporu\/\" data-type=\"link\" data-id=\"https:\/\/swisslasik.ch\/altere-patientenberichte-augenklinik-tuerkei\/erfahrungsbericht-zu-meiner-lasik-op-bericht-vom-samstag-05-januar-2008\/\">Bir Sonraki Rapor<br\/><\/a><\/p>\n<\/div>\n","protected":false},"excerpt":{"rendered":"<p>\u0130stanbul\u2019daki LASIK ameliyat\u0131m\u0131z \u2013 06 Mart 2008 Per\u015fembe tarihli deneyim raporu E\u015fim, kay\u0131nbiraderim ve ben uzun zamand\u0131r LASIK ameliyat\u0131 fikriyle ilgileniyorduk. Uygun fiyatl\u0131 bir sa\u011flay\u0131c\u0131 bulmak i\u00e7in interneti defalarca tarad\u0131k, ancak ne yaz\u0131k ki ba\u015far\u0131l\u0131 olamad\u0131k. Eski optik\u00e7im bana \u0130stanbul\u2019da ameliyat olmay\u0131 \u00f6nerince, ba\u015flang\u0131\u00e7taki \u015f\u00fcphelerime ra\u011fmen merakland\u0131m ve ara\u015ft\u0131rmaya ba\u015flad\u0131m. K\u0131sa s\u00fcrede \u0130stanbul\u2019da LASIK yapt\u0131rm\u0131\u015f ki\u015filer bulduk ve hepsi son derece memnundu. Bu da bize \u0130stanbul\u2019a gitme konusunda g\u00fcven verdi. \u0130nternet \u00fczerinden h\u0131zl\u0131ca swisslasik.ch ba\u011flant\u0131s\u0131n\u0131 bulduk. Ayr\u0131ca do\u011frudan klini\u011fe de baz\u0131 sorular sorduk ve her zaman h\u0131zl\u0131 ve yetkin cevaplar ald\u0131k.29.02.2008 tarihinde \u0130stanbul\u2019a u\u00e7tuk ve ayn\u0131 g\u00fcn ameliyat olduk. Her \u015fey m\u00fckemmel ge\u00e7ti, \u00e7ok memnun kald\u0131k. \u00d6ncesinde son derece gergindik, ancak klinikteki ekip bu gerginli\u011fi \u00fczerimizden almay\u0131 \u00e7ok iyi bildi. Sonu\u00e7ta bizi en \u00e7ok etkileyen \u015fey, klinikteki samimiyet ve insani yakla\u015f\u0131md\u0131. Orada bir seri \u00fcretim ya da aceleyle yap\u0131lan bir i\u015flem hissi kesinlikle yoktu. \u0130\u015flemin kendisi, yakla\u015f\u0131k 15 dakikal\u0131k haz\u0131rl\u0131k s\u00fcresi de dahil olmak \u00fczere, yakla\u015f\u0131k 3 dakika s\u00fcr\u00fcyor. Tamamen a\u011fr\u0131s\u0131z. \u0130\u015flemden sonra g\u00f6zleriniz biraz yanacak ve 3-4 saat kapal\u0131 tutman\u0131z gerekecek. Ondan sonra: Vay can\u0131na!\u2026 G\u00fcl\u00fcmseyin \u015eirketteki ilgili ki\u015filere swisslasik linkini zaten bir d\u00fczine kez payla\u015ft\u0131m&#8230; ve daha \u00fc\u00e7 g\u00fcnd\u00fcr buraday\u0131m. \u00d6nceki rapor Bir Sonraki Rapor<\/p>\n","protected":false},"author":4,"featured_media":0,"parent":3355,"menu_order":0,"comment_status":"closed","ping_status":"closed","template":"","meta":{"_joinchat":[],"footnotes":""},"class_list":["post-3433","page","type-page","status-publish","hentry"],"acf":[],"_links":{"self":[{"href":"https:\/\/swisslasik.ch\/tr\/wp-json\/wp\/v2\/pages\/3433","targetHints":{"allow":["GET"]}}],"collection":[{"href":"https:\/\/swisslasik.ch\/tr\/wp-json\/wp\/v2\/pages"}],"about":[{"href":"https:\/\/swisslasik.ch\/tr\/wp-json\/wp\/v2\/types\/page"}],"author":[{"embeddable":true,"href":"https:\/\/swisslasik.ch\/tr\/wp-json\/wp\/v2\/users\/4"}],"replies":[{"embeddable":true,"href":"https:\/\/swisslasik.ch\/tr\/wp-json\/wp\/v2\/comments?post=3433"}],"version-history":[{"count":1,"href":"https:\/\/swisslasik.ch\/tr\/wp-json\/wp\/v2\/pages\/3433\/revisions"}],"predecessor-version":[{"id":3434,"href":"https:\/\/swisslasik.ch\/tr\/wp-json\/wp\/v2\/pages\/3433\/revisions\/3434"}],"up":[{"embeddable":true,"href":"https:\/\/swisslasik.ch\/tr\/wp-json\/wp\/v2\/pages\/3355"}],"wp:attachment":[{"href":"https:\/\/swisslasik.ch\/tr\/wp-json\/wp\/v2\/media?parent=3433"}],"curies":[{"name":"wp","href":"https:\/\/api.w.org\/{rel}","templated":true}]}}