{"id":3435,"date":"2025-09-24T15:05:51","date_gmt":"2025-09-24T14:05:51","guid":{"rendered":"https:\/\/swisslasik.ch\/yasli-hasta-raporlari-goez-klinigi-tuerkiye\/sevincten-agladim-28-ekim-2008-sali-tarihli-deneyim-raporu\/"},"modified":"2026-01-14T20:45:41","modified_gmt":"2026-01-14T19:45:41","slug":"sevincten-agladim-28-ekim-2008-sali-tarihli-deneyim-raporu","status":"publish","type":"page","link":"https:\/\/swisslasik.ch\/tr\/yasli-hasta-raporlari-goez-klinigi-tuerkiye\/sevincten-agladim-28-ekim-2008-sali-tarihli-deneyim-raporu\/","title":{"rendered":"Sevin\u00e7ten a\u011flad\u0131m \u2013 28 Ekim 2008 Sal\u0131 tarihli deneyim raporu"},"content":{"rendered":"\n<h3 class=\"wp-block-heading\">Sevin\u00e7ten a\u011flad\u0131m \u2013 28 Ekim 2008 Sal\u0131 tarihli deneyim raporu<\/h3>\n\n<p>Sevin\u00e7ten a\u011flad\u0131m!<\/p>\n\n<p>Die Entscheidung<\/p>\n\n<p>G\u00f6zlerimi yurt d\u0131\u015f\u0131nda lazerle tedavi ettirip ettirmemem gerekti\u011fi sorusu ile son iki y\u0131l boyunca detayl\u0131 \u015fekilde ilgilendim. Bunu ger\u00e7ekten yapmaya ve Swisslasik\/Eyestar\u2019\u0131 se\u00e7meye karar vermemde belirleyici olan, \u0130svi\u00e7re televizyonundaki sa\u011fl\u0131k program\u0131 Puls\u2019ta yay\u0131nlanan bir haber oldu. Bu sayede Swisslasik\u2019in web sitesine ula\u015ft\u0131m. Orada, \u00e7ok say\u0131daki sorumun neredeyse tamam\u0131na cevap buldum ya da en az\u0131ndan her \u015feyi sorabildi\u011fim Say\u0131n Karaagacli-Leoni\u2019nin ileti\u015fim bilgilerine ula\u015ft\u0131m.   <\/p>\n\n<p>Z\u00fcrih\u2019te yap\u0131lan bir \u00f6n muayene sonras\u0131nda g\u00f6zlerimin b\u00f6yle bir m\u00fcdahaleye uygun olup olmad\u0131\u011f\u0131 netle\u015ftirildi ve sonunda hem \u00f6zel hayat\u0131mdan hem de i\u015fimden kendime zaman ay\u0131rabildi\u011fim bir randevu bulabildim.<\/p>\n\n<p>U\u00e7u\u015fu ve oteli kendim ayarlad\u0131m, bu nedenle Swisslasik\u2019ten buna uygun olarak daha uygun bir fiyat ald\u0131m.<\/p>\n\n<p>\u0130stanbul\u2019a tek ba\u015f\u0131ma gitmeye karar verdim. Almanya\u2019da b\u00fcy\u00fcm\u00fc\u015f bir T\u00fcrk olan Birol, beni havaalan\u0131nda \u00e7ok s\u0131cak bir \u015fekilde kar\u015f\u0131lad\u0131 ve \u0130stanbul trafi\u011finde hi\u00e7 de kolay olmayan bir \u015fekilde beni g\u00fcvenle otelime g\u00f6t\u00fcrd\u00fc. <\/p>\n\n<p>Ameliyat<\/p>\n\n<p>Ameliyat g\u00fcn\u00fcmde Birol beni tekrar almaya geldi (otel klini\u011fin hemen k\u00f6\u015fesinde oldu\u011fu i\u00e7in y\u00fcr\u00fcyerek) ve Bern Almancas\u0131 konu\u015fan T\u00fcrk refakat\u00e7im Fred ile tan\u0131\u015ft\u0131rd\u0131. Ayr\u0131ca d\u00f6rd\u00fc \u0130svi\u00e7re\u2019den gelen toplam be\u015f ameliyat arkada\u015f\u0131m ile de tan\u0131\u015ft\u0131m.<\/p>\n\n<p>Sabah boyunca yaln\u0131zca ameliyat \u00f6ncesi muayeneler yap\u0131ld\u0131. Bu muayenelerde, g\u00f6zlerim i\u00e7in tam olarak do\u011fru diyoptri de\u011ferlerini belirlemek amac\u0131yla \u00e7ok \u00e7e\u015fitli teknik cihazlar kullan\u0131ld\u0131. Burada \u015funu \u00f6zellikle belirtmek gerekir ki, sadece herkesin bildi\u011fi, sat\u0131r sat\u0131r k\u00fc\u00e7\u00fclen harfleri okuyarak ki\u015finin kendi g\u00f6rme alg\u0131s\u0131n\u0131 \u00f6l\u00e7mekle yetinilmedi. Bunun yerine, son derece geli\u015fmi\u015f teknolojilerle g\u00f6zlerime ait t\u00fcm veriler \u00e7ok hassas bir \u015fekilde \u00f6l\u00e7\u00fcld\u00fc. B\u00f6ylece i\u015flem s\u0131ras\u0131nda herhangi bir hata yap\u0131lmamas\u0131, ne fazla ne de eksik lazer uygulanmamas\u0131 garanti alt\u0131na al\u0131nd\u0131.<br\/>\u015eunu da s\u00f6ylemeliyim ki, \u0130stanbul\u2019a gelirken kendi optisyenimin verdi\u011fi \u00f6l\u00e7\u00fcmler -1.75\/-1.5 diyoptri idi. Ancak Eyestar Klini\u011fi\u2019nde yap\u0131lan \u00f6l\u00e7\u00fcmlerde -2.5\/-1.75 diyoptri de\u011ferleri tespit edildi. Bu durum beni ger\u00e7ekten \u015fa\u015f\u0131rtt\u0131. Muayenelerin bu kadar ayr\u0131nt\u0131l\u0131 ve titiz yap\u0131lm\u0131\u015f olmas\u0131ndan elbette \u00e7ok memnunum. Ancak toplamda alt\u0131 ki\u015fi oldu\u011fumuz i\u00e7in, her bir ki\u015fi i\u00e7in bu s\u00fcre\u00e7 biraz uzun s\u00fcrd\u00fc. Bu nedenle herkese, bekleme s\u00fcrelerini daha rahat ge\u00e7irmek i\u00e7in yan\u0131na mutlaka bir kitap ya da bulmaca almas\u0131n\u0131 tavsiye ederim.    <\/p>\n\n<p>Ameliyat sonras\u0131 f\u0131rsat olmad\u0131\u011f\u0131 i\u00e7in \u00f6\u011fleden sonra ge\u00e7 saatlerde hepimiz d\u0131\u015far\u0131 \u00e7\u0131k\u0131p k\u00fc\u00e7\u00fck bir yemek yiyebildik.<\/p>\n\n<p>Saat 17.00\u2019de s\u00fcre\u00e7 ba\u015flad\u0131. \u00d6nce bize i\u015flemin nas\u0131l ilerleyece\u011fi bir kez daha anlat\u0131ld\u0131. Ameliyattan sonra ve evde kullanmam\u0131z i\u00e7in g\u00f6z damlalar\u0131 ve ila\u00e7lar verildi, bunlar\u0131n nas\u0131l uygulanaca\u011f\u0131 detayl\u0131 \u015fekilde a\u00e7\u0131kland\u0131. \u0130steyenlere sakinle\u015ftirici bir tablet de sunuldu (bende a\u00e7\u0131k\u00e7as\u0131 pek bir etkisi olmad\u0131).<br\/>Daha sonra s\u0131rayla herkes haz\u0131rland\u0131; her birimize klasik ye\u015fil ameliyat \u00f6nl\u00fc\u011f\u00fc ve koruyucu bone giydirildi. Ard\u0131ndan rahatlamak i\u00e7in masaj koltu\u011funa al\u0131nd\u0131k ve bu s\u0131rada g\u00f6zlere a\u011fr\u0131 hissini azaltan damlalar damlat\u0131ld\u0131. Sonras\u0131nda ameliyat masas\u0131na y\u00f6nlendirildik, ilk g\u00f6z lazer cihaz\u0131n\u0131n alt\u0131na yerle\u015ftirildi ve i\u015flem s\u0131ras\u0131nda s\u00fcrekli olarak o anda ne yap\u0131ld\u0131\u011f\u0131 anlat\u0131ld\u0131.<br\/>Ne yaz\u0131k ki bu anda ben panik ya\u015fad\u0131m; bir t\u00fcr klostrofobi, yani kapal\u0131 alan korkusu gibi bir durumdu. Durumu hemen fark eden Fred, hi\u00e7 teredd\u00fct etmeden elimi tuttu, s\u0131k\u0131ca s\u0131kt\u0131 ve beni sakinle\u015ftirici s\u00f6zlerle rahatlatt\u0131. Zavall\u0131 Fred, neredeyse elini ezmi\u015f olmal\u0131y\u0131m. \u0130kinci g\u00f6zde ise her \u015fey \u00e7ok daha iyi ge\u00e7ti. Her ne kadar panik fakt\u00f6r\u00fc nedeniyle olduk\u00e7a rahats\u0131z edici olsa da, hi\u00e7bir zaman a\u011fr\u0131 hissetmedim.<br\/>Yakla\u015f\u0131k 10 dakika i\u00e7inde her \u015fey bitmi\u015fti. \u00d6nce bir yata\u011fa al\u0131nd\u0131m, daha sonra da dinlenme ve karanl\u0131k odaya g\u00f6t\u00fcr\u00fcld\u00fcm.        <\/p>\n\n<p>G\u00f6zler biraz yan\u0131yor ve hafif a\u011fr\u0131yordu. Ancak hemen Fred geldi ve bize a\u011fr\u0131 kesici g\u00f6z damlalar\u0131 damlatt\u0131; bu damlalar saniyeler i\u00e7inde rahatlama sa\u011flad\u0131. \u00d6n\u00fcm\u00fczdeki saatlerde nelere dikkat etmemiz gerekti\u011fi ve ertesi g\u00fcn yap\u0131lacak ilk kontrol muayenesi hakk\u0131nda k\u0131sa bir bilgilendirmeden sonra taburcu edildik. Hemen tekrar g\u00f6rebiliyorduk, sadece g\u00f6r\u00fcnt\u00fc sulu bir perdenin arkas\u0131ndan bak\u0131yormu\u015f gibi bulan\u0131kt\u0131.   <\/p>\n\n<p>Otelde de tavsiye edildi\u011fi gibi hemen uzand\u0131m ve \u015funu s\u00f6ylemeliyim ki Swisslasik\/Eyestar\u2019\u0131n her zaman vaat etti\u011fi gibi, yava\u015f yava\u015f tekrar gelen a\u011fr\u0131 4 saat sonra tamamen ge\u00e7ti. Ayr\u0131ca neredeyse hi\u00e7 kum tanesi varm\u0131\u015f hissi de yoktu. Ancak bak\u0131\u015f\u0131m h\u00e2l\u00e2 b\u00f6yle perdeli, sisli gibiydi.  <\/p>\n\n<p>Sevin\u00e7 g\u00f6zya\u015flar\u0131<\/p>\n\n<p>Ertesi sabah\u0131 b\u00fcy\u00fck bir heyecanla bekliyordum. Sakin ve iyi bir uykunun ard\u0131ndan sabah g\u00f6zlerimi a\u00e7t\u0131m ve \u2026<br\/>flash! Her \u015fey netti! Kartal gibi keskin! Yata\u011f\u0131n kenar\u0131nda oturup hem g\u00fcld\u00fcm hem a\u011flad\u0131m. Sevin\u00e7ten ve b\u00fcy\u00fck bir rahatlamadan a\u011flad\u0131m. G\u00f6zlerimle yak\u0131n\u0131 da uza\u011f\u0131 da her \u015feyi denedim ve bu yeni ya\u015fam hissinin tad\u0131n\u0131 \u00e7\u0131kard\u0131m. <\/p>\n\n<p>Ayn\u0131 g\u00fcn\u00fcn ilerleyen saatlerinde, \u00f6\u011fleden \u00f6nce ilk kontrol\u00fcm yap\u0131ld\u0131 ve g\u00f6rme keskinli\u011fimin %120 oldu\u011fu tespit edildi. Bundan daha fazlas\u0131n\u0131 insan ne isteyebilir ki! <\/p>\n\n<p>Yeniden evde<\/p>\n\n<p>Ayn\u0131 ak\u015fam \u0130svi\u00e7re\u2019ye, bamba\u015fka bir ya\u015fam sevinciyle geri u\u00e7tum. Yeni g\u00f6zlerimden h\u00e2l\u00e2 son derece memnunum. Sadece bilgisayara bakman\u0131n ya da uzun bir metin okuman\u0131n benim i\u00e7in \u015fu an biraz yorucu oldu\u011funu fark ediyorum. G\u00f6zler \u00f6nce farkl\u0131 bir g\u00f6r\u00fc\u015f a\u00e7\u0131s\u0131na al\u0131\u015fmak ve bu s\u0131rada g\u00f6z kaslar\u0131n\u0131 yeniden e\u011fitmek zorunda. I\u015f\u0131\u011fa kar\u015f\u0131 herhangi bir hassasiyet hissetmedim. Hafif renkli g\u00fcne\u015f g\u00f6zl\u00fc\u011f\u00fcm\u00fc parlakl\u0131ktan dolay\u0131 de\u011fil, g\u00f6z\u00fcme bir \u015fey ka\u00e7mas\u0131n ya da \u00e7arpmas\u0131n diye koruma ama\u00e7l\u0131 takt\u0131m. Evde, yatakta da h\u00e2l\u00e2 bir uyku maskesi kullan\u0131yorum \u2013 tamamen kendimi korumak i\u00e7in, yar\u0131 uykuluyken g\u00f6zlerimi ovu\u015fturmayay\u0131m diye. Art\u0131k odamda sivrisinekleri sadece duymakla kalmay\u0131p g\u00f6rebildi\u011fim i\u00e7in \u00e7ok mutluyum.       <\/p>\n\n<p>S\u00f6ylemek istedi\u011fim bir di\u011fer \u015fey de \u015fuydu:<\/p>\n\n<p>G\u00f6zlerimi Swisslasik\/Eyestar\u2019a emanet etme konusunda beni ikna eden en \u00f6nemli unsur, \u0130svi\u00e7reli g\u00f6z doktorlar\u0131yla yap\u0131lan i\u015f birli\u011fi oldu. \u00d6n muayene ile birlikte 4 adet kontrol muayenesi \u0130svi\u00e7re\u2019de yap\u0131l\u0131yor; yani bu kontroller i\u00e7in tekrar T\u00fcrkiye\u2019ye gitmem gerekmiyor. Ayr\u0131ca cebimde 5 y\u0131ll\u0131k bir garantiyle (bu garanti yaz\u0131l\u0131 olarak yerinde teslim ediliyor) insan \u00e7ok daha rahat uyuyabiliyor.  <\/p>\n\n<p>Bana s\u00f6ylenenlere g\u00f6re \u0130stanbul\u2019da g\u00f6z lazeri yapan yakla\u015f\u0131k 10 klinik varm\u0131\u015f. Ancak bunlardan sadece 2 tanesi ger\u00e7ekten g\u00fcvenilir kabul ediliyormu\u015f ve bunlardan biri de Eyestar Klini\u011fi. <\/p>\n\n<p>H\u00e2l\u00e2 teredd\u00fct eden herkesi rahatlatabilirim: Bunu her zaman yeniden yapard\u0131m ve kendimi tek bir dakika bile yaln\u0131z ya da sahipsiz hissetmedim. Oradaki insanlar o kadar i\u00e7ten ve ilgili ki, biz \u0130svi\u00e7re\u2019de buna pek al\u0131\u015f\u0131k de\u011filiz. <\/p>\n\n<p>Bericht von:<br\/>A. Kobi, 28.10.2008<\/p>\n\n<div class=\"wp-block-group is-layout-grid wp-container-core-group-is-layout-baef362d wp-block-group-is-layout-grid\">\n<p><a href=\"https:\/\/medicaltravel.at\/home\/agb\/\" data-type=\"page\" data-id=\"2191\" rel=\"nofollow noopener\" target=\"_blank\"><\/a><a href=\"https:\/\/swisslasik.ch\/tr\/yasli-hasta-raporlari-goez-klinigi-tuerkiye\/bir-hayal-gercek-oldu-16-kasim-2008-pazar-tarihli-deneyim-raporu\/\" data-type=\"link\" data-id=\"https:\/\/swisslasik.ch\/altere-patientenberichte-augenklinik-tuerkei\/ein-traum-wurde-wahr-bericht-vom-sonntag-16-november-2008\/\">\u00d6nceki rapor<\/a><\/p>\n\n\n\n<p class=\"has-text-align-right wp-container-content-5e2576f9\"><a href=\"https:\/\/medicaltravel.at\/home\/impressum\/\" data-type=\"page\" data-id=\"2193\" rel=\"nofollow noopener\" target=\"_blank\"><\/a><a href=\"https:\/\/medicaltravel.at\/home\/berichte-von-patienten\/erfahrungsberichte\/erfahrungsbericht-zahnbehandlung-in-istanbul\/\" data-type=\"page\" data-id=\"981\" rel=\"nofollow noopener\" target=\"_blank\"><\/a><a href=\"https:\/\/swisslasik.ch\/tr\/yasli-hasta-raporlari-goez-klinigi-tuerkiye\/goez-lazeri-seyahatimle-ilgili-notlarim-19-ekim-2008-pazar-tarihli-deneyim-raporu\/\" data-type=\"link\" data-id=\"https:\/\/swisslasik.ch\/altere-patientenberichte-augenklinik-tuerkei\/meine-notizen-uber-meine-augenlaserreise-bericht-vom-sonntag-19-oktober-2008\/\">Bir Sonraki Rapor<br\/><\/a><\/p>\n<\/div>\n","protected":false},"excerpt":{"rendered":"<p>Sevin\u00e7ten a\u011flad\u0131m \u2013 28 Ekim 2008 Sal\u0131 tarihli deneyim raporu Sevin\u00e7ten a\u011flad\u0131m! Die Entscheidung G\u00f6zlerimi yurt d\u0131\u015f\u0131nda lazerle tedavi ettirip ettirmemem gerekti\u011fi sorusu ile son iki y\u0131l boyunca detayl\u0131 \u015fekilde ilgilendim. Bunu ger\u00e7ekten yapmaya ve Swisslasik\/Eyestar\u2019\u0131 se\u00e7meye karar vermemde belirleyici olan, \u0130svi\u00e7re televizyonundaki sa\u011fl\u0131k program\u0131 Puls\u2019ta yay\u0131nlanan bir haber oldu. Bu sayede Swisslasik\u2019in web sitesine ula\u015ft\u0131m. Orada, \u00e7ok say\u0131daki sorumun neredeyse tamam\u0131na cevap buldum ya da en az\u0131ndan her \u015feyi sorabildi\u011fim Say\u0131n Karaagacli-Leoni\u2019nin ileti\u015fim bilgilerine ula\u015ft\u0131m. Z\u00fcrih\u2019te yap\u0131lan bir \u00f6n muayene sonras\u0131nda g\u00f6zlerimin b\u00f6yle bir m\u00fcdahaleye uygun olup olmad\u0131\u011f\u0131 netle\u015ftirildi ve sonunda hem \u00f6zel hayat\u0131mdan hem de i\u015fimden kendime zaman ay\u0131rabildi\u011fim bir randevu bulabildim. U\u00e7u\u015fu ve oteli kendim ayarlad\u0131m, bu nedenle Swisslasik\u2019ten buna uygun olarak daha uygun bir fiyat ald\u0131m. \u0130stanbul\u2019a tek ba\u015f\u0131ma gitmeye karar verdim. Almanya\u2019da b\u00fcy\u00fcm\u00fc\u015f bir T\u00fcrk olan Birol, beni havaalan\u0131nda \u00e7ok s\u0131cak bir \u015fekilde kar\u015f\u0131lad\u0131 ve \u0130stanbul trafi\u011finde hi\u00e7 de kolay olmayan bir \u015fekilde beni g\u00fcvenle otelime g\u00f6t\u00fcrd\u00fc. Ameliyat Ameliyat g\u00fcn\u00fcmde Birol beni tekrar almaya geldi (otel klini\u011fin hemen k\u00f6\u015fesinde oldu\u011fu i\u00e7in y\u00fcr\u00fcyerek) ve Bern Almancas\u0131 konu\u015fan T\u00fcrk refakat\u00e7im Fred ile tan\u0131\u015ft\u0131rd\u0131. Ayr\u0131ca d\u00f6rd\u00fc \u0130svi\u00e7re\u2019den gelen toplam be\u015f ameliyat arkada\u015f\u0131m ile de tan\u0131\u015ft\u0131m. Sabah boyunca yaln\u0131zca ameliyat \u00f6ncesi muayeneler yap\u0131ld\u0131. Bu muayenelerde, g\u00f6zlerim i\u00e7in tam olarak do\u011fru diyoptri de\u011ferlerini belirlemek amac\u0131yla \u00e7ok \u00e7e\u015fitli teknik cihazlar kullan\u0131ld\u0131. Burada \u015funu \u00f6zellikle belirtmek gerekir ki, sadece herkesin bildi\u011fi, sat\u0131r sat\u0131r k\u00fc\u00e7\u00fclen harfleri okuyarak ki\u015finin kendi g\u00f6rme alg\u0131s\u0131n\u0131 \u00f6l\u00e7mekle yetinilmedi. Bunun yerine, son derece geli\u015fmi\u015f teknolojilerle g\u00f6zlerime ait t\u00fcm veriler \u00e7ok hassas bir \u015fekilde \u00f6l\u00e7\u00fcld\u00fc. B\u00f6ylece i\u015flem s\u0131ras\u0131nda herhangi bir hata yap\u0131lmamas\u0131, ne fazla ne de eksik lazer uygulanmamas\u0131 garanti alt\u0131na al\u0131nd\u0131.\u015eunu da s\u00f6ylemeliyim ki, \u0130stanbul\u2019a gelirken kendi optisyenimin verdi\u011fi \u00f6l\u00e7\u00fcmler -1.75\/-1.5 diyoptri idi. Ancak Eyestar Klini\u011fi\u2019nde yap\u0131lan \u00f6l\u00e7\u00fcmlerde -2.5\/-1.75 diyoptri de\u011ferleri tespit edildi. Bu durum beni ger\u00e7ekten \u015fa\u015f\u0131rtt\u0131. Muayenelerin bu kadar ayr\u0131nt\u0131l\u0131 ve titiz yap\u0131lm\u0131\u015f olmas\u0131ndan elbette \u00e7ok memnunum. Ancak toplamda alt\u0131 ki\u015fi oldu\u011fumuz i\u00e7in, her bir ki\u015fi i\u00e7in bu s\u00fcre\u00e7 biraz uzun s\u00fcrd\u00fc. Bu nedenle herkese, bekleme s\u00fcrelerini daha rahat ge\u00e7irmek i\u00e7in yan\u0131na mutlaka bir kitap ya da bulmaca almas\u0131n\u0131 tavsiye ederim. Ameliyat sonras\u0131 f\u0131rsat olmad\u0131\u011f\u0131 i\u00e7in \u00f6\u011fleden sonra ge\u00e7 saatlerde hepimiz d\u0131\u015far\u0131 \u00e7\u0131k\u0131p k\u00fc\u00e7\u00fck bir yemek yiyebildik. Saat 17.00\u2019de s\u00fcre\u00e7 ba\u015flad\u0131. \u00d6nce bize i\u015flemin nas\u0131l ilerleyece\u011fi bir kez daha anlat\u0131ld\u0131. Ameliyattan sonra ve evde kullanmam\u0131z i\u00e7in g\u00f6z damlalar\u0131 ve ila\u00e7lar verildi, bunlar\u0131n nas\u0131l uygulanaca\u011f\u0131 detayl\u0131 \u015fekilde a\u00e7\u0131kland\u0131. \u0130steyenlere sakinle\u015ftirici bir tablet de sunuldu (bende a\u00e7\u0131k\u00e7as\u0131 pek bir etkisi olmad\u0131).Daha sonra s\u0131rayla herkes haz\u0131rland\u0131; her birimize klasik ye\u015fil ameliyat \u00f6nl\u00fc\u011f\u00fc ve koruyucu bone giydirildi. Ard\u0131ndan rahatlamak i\u00e7in masaj koltu\u011funa al\u0131nd\u0131k ve bu s\u0131rada g\u00f6zlere a\u011fr\u0131 hissini azaltan damlalar damlat\u0131ld\u0131. Sonras\u0131nda ameliyat masas\u0131na y\u00f6nlendirildik, ilk g\u00f6z lazer cihaz\u0131n\u0131n alt\u0131na yerle\u015ftirildi ve i\u015flem s\u0131ras\u0131nda s\u00fcrekli olarak o anda ne yap\u0131ld\u0131\u011f\u0131 anlat\u0131ld\u0131.Ne yaz\u0131k ki bu anda ben panik ya\u015fad\u0131m; bir t\u00fcr klostrofobi, yani kapal\u0131 alan korkusu gibi bir durumdu. Durumu hemen fark eden Fred, hi\u00e7 teredd\u00fct etmeden elimi tuttu, s\u0131k\u0131ca s\u0131kt\u0131 ve beni sakinle\u015ftirici s\u00f6zlerle rahatlatt\u0131. Zavall\u0131 Fred, neredeyse elini ezmi\u015f olmal\u0131y\u0131m. \u0130kinci g\u00f6zde ise her \u015fey \u00e7ok daha iyi ge\u00e7ti. Her ne kadar panik fakt\u00f6r\u00fc nedeniyle olduk\u00e7a rahats\u0131z edici olsa da, hi\u00e7bir zaman a\u011fr\u0131 hissetmedim.Yakla\u015f\u0131k 10 dakika i\u00e7inde her \u015fey bitmi\u015fti. \u00d6nce bir yata\u011fa al\u0131nd\u0131m, daha sonra da dinlenme ve karanl\u0131k odaya g\u00f6t\u00fcr\u00fcld\u00fcm. G\u00f6zler biraz yan\u0131yor ve hafif a\u011fr\u0131yordu. Ancak hemen Fred geldi ve bize a\u011fr\u0131 kesici g\u00f6z damlalar\u0131 damlatt\u0131; bu damlalar saniyeler i\u00e7inde rahatlama sa\u011flad\u0131. \u00d6n\u00fcm\u00fczdeki saatlerde nelere dikkat etmemiz gerekti\u011fi ve ertesi g\u00fcn yap\u0131lacak ilk kontrol muayenesi hakk\u0131nda k\u0131sa bir bilgilendirmeden sonra taburcu edildik. Hemen tekrar g\u00f6rebiliyorduk, sadece g\u00f6r\u00fcnt\u00fc sulu bir perdenin arkas\u0131ndan bak\u0131yormu\u015f gibi bulan\u0131kt\u0131. Otelde de tavsiye edildi\u011fi gibi hemen uzand\u0131m ve \u015funu s\u00f6ylemeliyim ki Swisslasik\/Eyestar\u2019\u0131n her zaman vaat etti\u011fi gibi, yava\u015f yava\u015f tekrar gelen a\u011fr\u0131 4 saat sonra tamamen ge\u00e7ti. Ayr\u0131ca neredeyse hi\u00e7 kum tanesi varm\u0131\u015f hissi de yoktu. Ancak bak\u0131\u015f\u0131m h\u00e2l\u00e2 b\u00f6yle perdeli, sisli gibiydi. Sevin\u00e7 g\u00f6zya\u015flar\u0131 Ertesi sabah\u0131 b\u00fcy\u00fck bir heyecanla bekliyordum. Sakin ve iyi bir uykunun ard\u0131ndan sabah g\u00f6zlerimi a\u00e7t\u0131m ve \u2026flash! Her \u015fey netti! Kartal gibi keskin! Yata\u011f\u0131n kenar\u0131nda oturup hem g\u00fcld\u00fcm hem a\u011flad\u0131m. Sevin\u00e7ten ve b\u00fcy\u00fck bir rahatlamadan a\u011flad\u0131m. G\u00f6zlerimle yak\u0131n\u0131 da uza\u011f\u0131 da her \u015feyi denedim ve bu yeni ya\u015fam hissinin tad\u0131n\u0131 \u00e7\u0131kard\u0131m. Ayn\u0131 g\u00fcn\u00fcn ilerleyen saatlerinde, \u00f6\u011fleden \u00f6nce ilk kontrol\u00fcm yap\u0131ld\u0131 ve g\u00f6rme keskinli\u011fimin %120 oldu\u011fu tespit edildi. Bundan daha fazlas\u0131n\u0131 insan ne isteyebilir ki! Yeniden evde Ayn\u0131 ak\u015fam \u0130svi\u00e7re\u2019ye, bamba\u015fka bir ya\u015fam sevinciyle geri u\u00e7tum. Yeni g\u00f6zlerimden h\u00e2l\u00e2 son derece memnunum. Sadece bilgisayara bakman\u0131n ya da uzun bir metin okuman\u0131n benim i\u00e7in \u015fu an biraz yorucu oldu\u011funu fark ediyorum. G\u00f6zler \u00f6nce farkl\u0131 bir g\u00f6r\u00fc\u015f a\u00e7\u0131s\u0131na al\u0131\u015fmak ve bu s\u0131rada g\u00f6z kaslar\u0131n\u0131 yeniden e\u011fitmek zorunda. I\u015f\u0131\u011fa kar\u015f\u0131 herhangi bir hassasiyet hissetmedim. Hafif renkli g\u00fcne\u015f g\u00f6zl\u00fc\u011f\u00fcm\u00fc parlakl\u0131ktan dolay\u0131 de\u011fil, g\u00f6z\u00fcme bir \u015fey ka\u00e7mas\u0131n ya da \u00e7arpmas\u0131n diye koruma ama\u00e7l\u0131 takt\u0131m. Evde, yatakta da h\u00e2l\u00e2 bir uyku maskesi kullan\u0131yorum \u2013 tamamen kendimi korumak i\u00e7in, yar\u0131 uykuluyken g\u00f6zlerimi ovu\u015fturmayay\u0131m diye. Art\u0131k odamda sivrisinekleri sadece duymakla kalmay\u0131p g\u00f6rebildi\u011fim i\u00e7in \u00e7ok mutluyum. S\u00f6ylemek istedi\u011fim bir di\u011fer \u015fey de \u015fuydu: G\u00f6zlerimi Swisslasik\/Eyestar\u2019a emanet etme konusunda beni ikna eden en \u00f6nemli unsur, \u0130svi\u00e7reli g\u00f6z doktorlar\u0131yla yap\u0131lan i\u015f birli\u011fi oldu. \u00d6n muayene ile birlikte 4 adet kontrol muayenesi \u0130svi\u00e7re\u2019de yap\u0131l\u0131yor; yani bu kontroller i\u00e7in tekrar T\u00fcrkiye\u2019ye gitmem gerekmiyor. Ayr\u0131ca cebimde 5 y\u0131ll\u0131k bir garantiyle (bu garanti yaz\u0131l\u0131 olarak yerinde teslim ediliyor) insan \u00e7ok daha rahat uyuyabiliyor. Bana s\u00f6ylenenlere g\u00f6re \u0130stanbul\u2019da g\u00f6z lazeri yapan yakla\u015f\u0131k 10 klinik varm\u0131\u015f. Ancak bunlardan sadece 2 tanesi ger\u00e7ekten g\u00fcvenilir kabul ediliyormu\u015f ve bunlardan biri de Eyestar Klini\u011fi. H\u00e2l\u00e2 teredd\u00fct eden herkesi rahatlatabilirim: Bunu her zaman yeniden yapard\u0131m ve kendimi tek bir dakika bile yaln\u0131z ya da sahipsiz hissetmedim. Oradaki insanlar o kadar i\u00e7ten ve ilgili ki, biz \u0130svi\u00e7re\u2019de buna pek al\u0131\u015f\u0131k de\u011filiz. Bericht von:A. Kobi, 28.10.2008 \u00d6nceki rapor Bir Sonraki Rapor<\/p>\n","protected":false},"author":4,"featured_media":0,"parent":3355,"menu_order":0,"comment_status":"closed","ping_status":"closed","template":"","meta":{"_joinchat":[],"footnotes":""},"class_list":["post-3435","page","type-page","status-publish","hentry"],"acf":[],"_links":{"self":[{"href":"https:\/\/swisslasik.ch\/tr\/wp-json\/wp\/v2\/pages\/3435","targetHints":{"allow":["GET"]}}],"collection":[{"href":"https:\/\/swisslasik.ch\/tr\/wp-json\/wp\/v2\/pages"}],"about":[{"href":"https:\/\/swisslasik.ch\/tr\/wp-json\/wp\/v2\/types\/page"}],"author":[{"embeddable":true,"href":"https:\/\/swisslasik.ch\/tr\/wp-json\/wp\/v2\/users\/4"}],"replies":[{"embeddable":true,"href":"https:\/\/swisslasik.ch\/tr\/wp-json\/wp\/v2\/comments?post=3435"}],"version-history":[{"count":1,"href":"https:\/\/swisslasik.ch\/tr\/wp-json\/wp\/v2\/pages\/3435\/revisions"}],"predecessor-version":[{"id":3436,"href":"https:\/\/swisslasik.ch\/tr\/wp-json\/wp\/v2\/pages\/3435\/revisions\/3436"}],"up":[{"embeddable":true,"href":"https:\/\/swisslasik.ch\/tr\/wp-json\/wp\/v2\/pages\/3355"}],"wp:attachment":[{"href":"https:\/\/swisslasik.ch\/tr\/wp-json\/wp\/v2\/media?parent=3435"}],"curies":[{"name":"wp","href":"https:\/\/api.w.org\/{rel}","templated":true}]}}