{"id":3447,"date":"2025-09-17T13:12:10","date_gmt":"2025-09-17T12:12:10","guid":{"rendered":"https:\/\/swisslasik.ch\/lasik-teklifi\/izmirde-goez-lazeri-lasik-islemi\/izmirdeki-goez-klinigi\/"},"modified":"2026-01-08T13:44:20","modified_gmt":"2026-01-08T12:44:20","slug":"izmirdeki-goez-klinigi","status":"publish","type":"page","link":"https:\/\/swisslasik.ch\/tr\/lasik-teklifi\/izmirde-goez-lazeri-lasik-islemi\/izmirdeki-goez-klinigi\/","title":{"rendered":"\u0130zmir&#8217;deki g\u00f6z klini\u011fi"},"content":{"rendered":"\t\t<div data-elementor-type=\"wp-page\" data-elementor-id=\"3447\" class=\"elementor elementor-3447 elementor-31\" data-elementor-post-type=\"page\">\n\t\t\t\t<div class=\"elementor-element elementor-element-252fdeae e-flex e-con-boxed wpr-particle-no wpr-jarallax-no wpr-parallax-no wpr-sticky-section-no e-con e-parent\" data-id=\"252fdeae\" data-element_type=\"container\" data-e-type=\"container\">\n\t\t\t\t\t<div class=\"e-con-inner\">\n\t\t<div class=\"elementor-element elementor-element-68884ff e-con-full e-flex wpr-particle-no wpr-jarallax-no wpr-parallax-no wpr-sticky-section-no e-con e-child\" data-id=\"68884ff\" data-element_type=\"container\" data-e-type=\"container\">\n\t\t\t\t<div class=\"elementor-element elementor-element-720fcfa elementor-widget elementor-widget-button\" data-id=\"720fcfa\" data-element_type=\"widget\" data-e-type=\"widget\" data-widget_type=\"button.default\">\n\t\t\t\t\t\t\t\t\t\t<a class=\"elementor-button elementor-button-link elementor-size-sm\" href=\"https:\/\/swisslasik.ch\/tr\/lasik-teklifi\/izmirde-goez-lazeri-lasik-islemi\/\">\n\t\t\t\t\t\t<span class=\"elementor-button-content-wrapper\">\n\t\t\t\t\t\t\t\t\t<span class=\"elementor-button-text\">\u0130zmir\u2019de LASIK g\u00f6z lazeri tedavisi<\/span>\n\t\t\t\t\t<\/span>\n\t\t\t\t\t<\/a>\n\t\t\t\t\t\t\t\t<\/div>\n\t\t\t\t<div class=\"elementor-element elementor-element-e1de85f elementor-widget elementor-widget-button\" data-id=\"e1de85f\" data-element_type=\"widget\" data-e-type=\"widget\" data-widget_type=\"button.default\">\n\t\t\t\t\t\t\t\t\t\t<a class=\"elementor-button elementor-button-link elementor-size-sm\" href=\"https:\/\/swisslasik.ch\/angebot-lasik\/lasik-in-izmir\/kosten\/\">\n\t\t\t\t\t\t<span class=\"elementor-button-content-wrapper\">\n\t\t\t\t\t\t\t\t\t<span class=\"elementor-button-text\">Maliyetler<\/span>\n\t\t\t\t\t<\/span>\n\t\t\t\t\t<\/a>\n\t\t\t\t\t\t\t\t<\/div>\n\t\t\t\t<div class=\"elementor-element elementor-element-165e4b0 elementor-widget elementor-widget-button\" data-id=\"165e4b0\" data-element_type=\"widget\" data-e-type=\"widget\" data-widget_type=\"button.default\">\n\t\t\t\t\t\t\t\t\t\t<a class=\"elementor-button elementor-button-link elementor-size-sm\" href=\"https:\/\/swisslasik.ch\/tr\/lasik-teklifi\/izmirde-goez-lazeri-lasik-islemi\/izmirdeki-goez-klinigi\/\">\n\t\t\t\t\t\t<span class=\"elementor-button-content-wrapper\">\n\t\t\t\t\t\t\t\t\t<span class=\"elementor-button-text\">G\u00f6z Klini\u011fi<\/span>\n\t\t\t\t\t<\/span>\n\t\t\t\t\t<\/a>\n\t\t\t\t\t\t\t\t<\/div>\n\t\t\t\t<\/div>\n\t\t\t\t<div class=\"elementor-element elementor-element-5c04ec13 elementor-widget elementor-widget-text-editor\" data-id=\"5c04ec13\" data-element_type=\"widget\" data-e-type=\"widget\" data-widget_type=\"text-editor.default\">\n\t\t\t\t\t\t\t\t\t\n<h2 class=\"wp-block-heading\">BATI G\u00d6Z KL\u0130N\u0130\u011e\u0130 \u0130ZM\u0130R-T\u00fcrkiye<\/h2>\n\n<p><strong>\u0130zmir&#8217;deki g\u00f6z lazer klini\u011fi<\/strong><\/p>\n\n<p>Swisslasik.ch, d\u00fcnyan\u0131n en sayg\u0131n ve en iyi lazer g\u00f6z kliniklerinden biri olan Bati G\u00f6z Klini\u011fi&#8217;nde g\u00f6z ameliyat\u0131 olman\u0131z\u0131 sa\u011flar.<\/p>\n\n<p>Uluslararas\u0131 klinikler aras\u0131nda bir \u00f6l\u00e7\u00fct niteli\u011findedir ve \u00e7ok kapsaml\u0131 kriterlerin kar\u015f\u0131lanmas\u0131 gerekmektedir. Bu klinik bu kriterleri kar\u015f\u0131lamakta olup Avrupa&#8217;n\u0131n en b\u00fcy\u00fck ve en modern \u00f6zel lazer g\u00f6z kliniklerinden biridir. <\/p>\n\n<p>Birinci s\u0131n\u0131f ekipman, kusursuz hijyen ve son derece deneyimli refraktif cerrahlar\u0131n yan\u0131 s\u0131ra, bu klinik i-LASIK ve <a href=\"https:\/\/swisslasik.ch\/augen-lasern\/relex-smile-lasik\/\" data-type=\"page\" data-id=\"65\">ReLEx SMILE Pro<\/a> i\u00e7in en yeni lazer teknolojisine de sahiptir. Bu, kurumun teknolojik geli\u015fmelerin \u00f6n saflar\u0131nda yer almas\u0131n\u0131 sa\u011flar. <\/p>\n\n<p>Bati G\u00f6z Klini\u011fi, y\u0131llard\u0131r sundu\u011fu tedavilerle hastalar\u0131n\u0131n en y\u00fcksek beklentilerini kar\u015f\u0131lamakta ve her a\u00e7\u0131dan y\u00fcksek kaliteli tedavi garantisi vermektedir.<\/p>\n\n<p>G\u00f6z lazer klini\u011fi, son derece hijyenik bir ortamda steril lazer tedavisi sunmakta ve en modern tedavi odalar\u0131na sahiptir. \u00c7ift HEPA klima sistemi ve kesintisiz g\u00fc\u00e7 kayna\u011f\u0131 sayesinde hastalar kendilerini g\u00fcvende ve rahat hissederler. Maksimum g\u00fcvenlik garantilidir.  <\/p>\n\n<figure class=\"wp-block-image size-large\"><img fetchpriority=\"high\" decoding=\"async\" width=\"768\" height=\"1024\" class=\"wp-image-165\" src=\"https:\/\/swisslasik.ch\/wp-content\/uploads\/2025\/09\/DSCF2768_klein-768x1024.jpg\" alt=\"\" srcset=\"https:\/\/swisslasik.ch\/wp-content\/uploads\/2025\/09\/DSCF2768_klein-768x1024.jpg 768w, https:\/\/swisslasik.ch\/wp-content\/uploads\/2025\/09\/DSCF2768_klein-225x300.jpg 225w, https:\/\/swisslasik.ch\/wp-content\/uploads\/2025\/09\/DSCF2768_klein.jpg 800w\" sizes=\"(max-width: 768px) 100vw, 768px\" \/><\/figure>\n\n<p id=\"caption-attachment-8648\">Bat\u0131G\u00f6z G\u00f6z Klini\u011fi \u0130zmir<\/p>\n\n<p>\u0130zmir&#8217;deki Bati G\u00f6z Klini\u011fi<\/p>\n\n<p>Bati G\u00f6z Klini\u011fi&#8217;nde, yaln\u0131zca LASIK ameliyat\u0131 i\u00e7in kesinlikle uygun aday olan hastalar ameliyat edilir. Kapsaml\u0131 hasta e\u011fitimi, g\u00fcvenin devam\u0131 ve dolay\u0131s\u0131yla tedavinin ba\u015far\u0131s\u0131 i\u00e7in en \u00f6nemli \u00f6n ko\u015fuldur. <\/p>\n\n<p>G\u00f6rme bozukluklar\u0131n\u0131n tedavisinde yaln\u0131zca en son teknolojiye sahip ekipmanlar kullan\u0131lmaktad\u0131r.<\/p>\n\n<p>Hastalar\u0131n ihtiya\u00e7lar\u0131 her \u015feyden \u00f6nce gelir. Bu nedenle, en iyi tedavi y\u00f6ntemleri mali kriterlerden daha \u00f6nceliklidir. <\/p>\n\n<p><strong>\u00d6zenli tedaviniz i\u00e7in doktorlara te\u015fekk\u00fcr ederim.<\/strong><\/p>\n\n<p>Do\u00e7. Dr. Alper Yaz\u0131c\u0131 bug\u00fcne kadar binlerce ba\u015far\u0131l\u0131 uygulama ger\u00e7ekle\u015ftirmi\u015f olup bu alanda en iyilerden biridir.<\/p>\n\n<figure class=\"wp-block-image size-full\"><img decoding=\"async\" width=\"207\" height=\"243\" class=\"wp-image-167\" src=\"https:\/\/swisslasik.ch\/wp-content\/uploads\/2025\/09\/Ass.-Prof.-Alper-Yazici.jpg\" alt=\"\"><\/figure>\n\n<p id=\"caption-attachment-8572\">Do\u00e7. Dr. Alper Yaz\u0131c\u0131 <\/p>\n\t\t\t\t\t\t\t\t<\/div>\n\t\t\t\t\t<\/div>\n\t\t\t\t<\/div>\n\t\t\t\t<\/div>\n\t\t","protected":false},"excerpt":{"rendered":"<p>\u0130zmir\u2019de LASIK g\u00f6z lazeri tedavisi Maliyetler G\u00f6z Klini\u011fi BATI G\u00d6Z KL\u0130N\u0130\u011e\u0130 \u0130ZM\u0130R-T\u00fcrkiye \u0130zmir&#8217;deki g\u00f6z lazer klini\u011fi Swisslasik.ch, d\u00fcnyan\u0131n en sayg\u0131n ve en iyi lazer g\u00f6z kliniklerinden biri olan Bati G\u00f6z Klini\u011fi&#8217;nde g\u00f6z ameliyat\u0131 olman\u0131z\u0131 sa\u011flar. Uluslararas\u0131 klinikler aras\u0131nda bir \u00f6l\u00e7\u00fct niteli\u011findedir ve \u00e7ok kapsaml\u0131 kriterlerin kar\u015f\u0131lanmas\u0131 gerekmektedir. Bu klinik bu kriterleri kar\u015f\u0131lamakta olup Avrupa&#8217;n\u0131n en b\u00fcy\u00fck ve en modern \u00f6zel lazer g\u00f6z kliniklerinden biridir. Birinci s\u0131n\u0131f ekipman, kusursuz hijyen ve son derece deneyimli refraktif cerrahlar\u0131n yan\u0131 s\u0131ra, bu klinik i-LASIK ve ReLEx SMILE Pro i\u00e7in en yeni lazer teknolojisine de sahiptir. Bu, kurumun teknolojik geli\u015fmelerin \u00f6n saflar\u0131nda yer almas\u0131n\u0131 sa\u011flar. Bati G\u00f6z Klini\u011fi, y\u0131llard\u0131r sundu\u011fu tedavilerle hastalar\u0131n\u0131n en y\u00fcksek beklentilerini kar\u015f\u0131lamakta ve her a\u00e7\u0131dan y\u00fcksek kaliteli tedavi garantisi vermektedir. G\u00f6z lazer klini\u011fi, son derece hijyenik bir ortamda steril lazer tedavisi sunmakta ve en modern tedavi odalar\u0131na sahiptir. \u00c7ift HEPA klima sistemi ve kesintisiz g\u00fc\u00e7 kayna\u011f\u0131 sayesinde hastalar kendilerini g\u00fcvende ve rahat hissederler. Maksimum g\u00fcvenlik garantilidir. Bat\u0131G\u00f6z G\u00f6z Klini\u011fi \u0130zmir \u0130zmir&#8217;deki Bati G\u00f6z Klini\u011fi Bati G\u00f6z Klini\u011fi&#8217;nde, yaln\u0131zca LASIK ameliyat\u0131 i\u00e7in kesinlikle uygun aday olan hastalar ameliyat edilir. Kapsaml\u0131 hasta e\u011fitimi, g\u00fcvenin devam\u0131 ve dolay\u0131s\u0131yla tedavinin ba\u015far\u0131s\u0131 i\u00e7in en \u00f6nemli \u00f6n ko\u015fuldur. G\u00f6rme bozukluklar\u0131n\u0131n tedavisinde yaln\u0131zca en son teknolojiye sahip ekipmanlar kullan\u0131lmaktad\u0131r. Hastalar\u0131n ihtiya\u00e7lar\u0131 her \u015feyden \u00f6nce gelir. Bu nedenle, en iyi tedavi y\u00f6ntemleri mali kriterlerden daha \u00f6nceliklidir. \u00d6zenli tedaviniz i\u00e7in doktorlara te\u015fekk\u00fcr ederim. Do\u00e7. Dr. Alper Yaz\u0131c\u0131 bug\u00fcne kadar binlerce ba\u015far\u0131l\u0131 uygulama ger\u00e7ekle\u015ftirmi\u015f olup bu alanda en iyilerden biridir. Do\u00e7. Dr. Alper Yaz\u0131c\u0131<\/p>\n","protected":false},"author":4,"featured_media":0,"parent":3441,"menu_order":0,"comment_status":"closed","ping_status":"closed","template":"","meta":{"_joinchat":[],"footnotes":""},"class_list":["post-3447","page","type-page","status-publish","hentry"],"acf":[],"_links":{"self":[{"href":"https:\/\/swisslasik.ch\/tr\/wp-json\/wp\/v2\/pages\/3447","targetHints":{"allow":["GET"]}}],"collection":[{"href":"https:\/\/swisslasik.ch\/tr\/wp-json\/wp\/v2\/pages"}],"about":[{"href":"https:\/\/swisslasik.ch\/tr\/wp-json\/wp\/v2\/types\/page"}],"author":[{"embeddable":true,"href":"https:\/\/swisslasik.ch\/tr\/wp-json\/wp\/v2\/users\/4"}],"replies":[{"embeddable":true,"href":"https:\/\/swisslasik.ch\/tr\/wp-json\/wp\/v2\/comments?post=3447"}],"version-history":[{"count":3,"href":"https:\/\/swisslasik.ch\/tr\/wp-json\/wp\/v2\/pages\/3447\/revisions"}],"predecessor-version":[{"id":3450,"href":"https:\/\/swisslasik.ch\/tr\/wp-json\/wp\/v2\/pages\/3447\/revisions\/3450"}],"up":[{"embeddable":true,"href":"https:\/\/swisslasik.ch\/tr\/wp-json\/wp\/v2\/pages\/3441"}],"wp:attachment":[{"href":"https:\/\/swisslasik.ch\/tr\/wp-json\/wp\/v2\/media?parent=3447"}],"curies":[{"name":"wp","href":"https:\/\/api.w.org\/{rel}","templated":true}]}}