{"id":3451,"date":"2025-09-17T13:11:24","date_gmt":"2025-09-17T12:11:24","guid":{"rendered":"https:\/\/swisslasik.ch\/lasik-teklifi\/izmirde-goez-lazeri-lasik-islemi\/augenlaser-kosten-izmir\/"},"modified":"2026-01-08T13:59:57","modified_gmt":"2026-01-08T12:59:57","slug":"augenlaser-kosten-izmir","status":"publish","type":"page","link":"https:\/\/swisslasik.ch\/tr\/lasik-teklifi\/izmirde-goez-lazeri-lasik-islemi\/augenlaser-kosten-izmir\/","title":{"rendered":"AUGENLASER KOSTEN IZMIR"},"content":{"rendered":"\t\t<div data-elementor-type=\"wp-page\" data-elementor-id=\"3451\" class=\"elementor elementor-3451 elementor-29\" data-elementor-post-type=\"page\">\n\t\t\t\t<div class=\"elementor-element elementor-element-7ec62b30 e-flex e-con-boxed wpr-particle-no wpr-jarallax-no wpr-parallax-no wpr-sticky-section-no wpr-equal-height-no e-con e-parent\" data-id=\"7ec62b30\" data-element_type=\"container\" data-e-type=\"container\">\n\t\t\t\t\t<div class=\"e-con-inner\">\n\t\t<div class=\"elementor-element elementor-element-132ade4 e-con-full e-flex wpr-particle-no wpr-jarallax-no wpr-parallax-no wpr-sticky-section-no wpr-equal-height-no e-con e-child\" data-id=\"132ade4\" data-element_type=\"container\" data-e-type=\"container\">\n\t\t\t\t<div class=\"elementor-element elementor-element-299f2de elementor-widget elementor-widget-button\" data-id=\"299f2de\" data-element_type=\"widget\" data-e-type=\"widget\" data-widget_type=\"button.default\">\n\t\t\t\t\t\t\t\t\t\t<a class=\"elementor-button elementor-button-link elementor-size-sm\" href=\"https:\/\/swisslasik.ch\/tr\/lasik-teklifi\/izmirde-goez-lazeri-lasik-islemi\/\">\n\t\t\t\t\t\t<span class=\"elementor-button-content-wrapper\">\n\t\t\t\t\t\t\t\t\t<span class=\"elementor-button-text\">\u0130zmir\u2019de LASIK g\u00f6z lazeri tedavisi<\/span>\n\t\t\t\t\t<\/span>\n\t\t\t\t\t<\/a>\n\t\t\t\t\t\t\t\t<\/div>\n\t\t\t\t<div class=\"elementor-element elementor-element-a1be800 elementor-widget elementor-widget-button\" data-id=\"a1be800\" data-element_type=\"widget\" data-e-type=\"widget\" data-widget_type=\"button.default\">\n\t\t\t\t\t\t\t\t\t\t<a class=\"elementor-button elementor-button-link elementor-size-sm\" href=\"https:\/\/swisslasik.ch\/tr\/lasik-teklifi\/izmirde-goez-lazeri-lasik-islemi\/augenlaser-kosten-izmir\/\">\n\t\t\t\t\t\t<span class=\"elementor-button-content-wrapper\">\n\t\t\t\t\t\t\t\t\t<span class=\"elementor-button-text\">Maliyetler<\/span>\n\t\t\t\t\t<\/span>\n\t\t\t\t\t<\/a>\n\t\t\t\t\t\t\t\t<\/div>\n\t\t\t\t<div class=\"elementor-element elementor-element-a888299 elementor-widget elementor-widget-button\" data-id=\"a888299\" data-element_type=\"widget\" data-e-type=\"widget\" data-widget_type=\"button.default\">\n\t\t\t\t\t\t\t\t\t\t<a class=\"elementor-button elementor-button-link elementor-size-sm\" href=\"https:\/\/swisslasik.ch\/tr\/lasik-teklifi\/izmirde-goez-lazeri-lasik-islemi\/izmirdeki-goez-klinigi\/\">\n\t\t\t\t\t\t<span class=\"elementor-button-content-wrapper\">\n\t\t\t\t\t\t\t\t\t<span class=\"elementor-button-text\">G\u00f6z Klini\u011fi<\/span>\n\t\t\t\t\t<\/span>\n\t\t\t\t\t<\/a>\n\t\t\t\t\t\t\t\t<\/div>\n\t\t\t\t<\/div>\n\t\t\t\t<div class=\"elementor-element elementor-element-4caa42e elementor-widget elementor-widget-text-editor\" data-id=\"4caa42e\" data-element_type=\"widget\" data-e-type=\"widget\" data-widget_type=\"text-editor.default\">\n\t\t\t\t\t\t\t\t\t\n<p><strong>\u0130zmir&#8217;de lazer g\u00f6z ameliyat\u0131 fiyatlar\u0131<\/strong><\/p>\n\n<p>\u0130zmir&#8217;de LASIK ameliyat\u0131n\u0131z i\u00e7in cazip tekliflerimiz ve fiyatlar\u0131m\u0131z \u015funlard\u0131r: T\u00fcm fiyatlar iki g\u00f6z i\u00e7indir.<\/p>\n\n<p><strong>Teklif 1 \u2013 Standart teklif (Euro cinsinden)<\/strong><\/p>\n\n<figure class=\"wp-block-table\">\n<table class=\"has-fixed-layout\">\n<tbody>\n<tr>\n<th>Performans<\/th>\n<th>Teklifimiz (\u20ac)<\/th>\n<th>Avrupa&#8217;daki ortalama maliyetler (\u20ac)<\/th>\n<th>Ayn\u0131 kaliteyle tasarruf<\/th>\n<\/tr>\n<tr>\n<td>H\u0131zl\u0131 kontrol <\/td><td>(1)<\/td>\n<td>\u00fccretsiz<\/td>\n\n<td> <\/td> \n<\/tr>\n<tr>\n<td>Femto- I-Lasik (2)<\/td>\n<td>1\u2019390 \u20ac<\/td>\n<td>3\u2019800 \u20ac<\/td>\n<td>2\u2019410 \u20ac<\/td>\n<\/tr>\n<tr>\n<td>ReLEX Smile Lasik (2)<\/td>\n<td>2\u2019390 \u20ac<\/td>\n<td>5\u2019000 \u20ac<\/td>\n<td>2\u2019610 \u20ac<\/td>\n<\/tr>\n<tr>\n<td>Fakik G\u00f6z \u0130\u00e7i Lensler (2)<\/td>\n<td>ca. 3\u2019640 \u20ac<\/td>\n<td>8\u2019000 \u20ac<\/td>\n<td>4\u2019360 \u20ac<\/td>\n<\/tr>\n<tr>\n<td>Toric ICL Linsen (2)<\/td>\n<td>ca. 4\u2019250 \u20ac<\/td>\n<td>9\u2019000 \u20ac<\/td>\n<td>4\u2019750 \u20ac<\/td>\n<\/tr>\n<tr>\n<td>\u00c7ok odakl\u0131 lensler (2)<\/td>\n<td>ca. 3\u2019640 \u20ac<\/td>\n<td>8\u2019000 \u20ac<\/td>\n<td>4\u2019360 \u20ac<\/td>\n<\/tr>\n<tr>\n<td> <\/td>\n<td> <\/td>\n<td> <\/td>\n<td> <\/td>\n<\/tr>\n<\/tbody>\n<\/table>\n<\/figure>\n\n<p>(1) \u00dccretsiz h\u0131zl\u0131 kontroller Bern&#8217;deki ofisimizde veya dan\u0131\u015fma g\u00fcnlerimizde ger\u00e7ekle\u015ftirilir.<\/p>\n\n<p>(2) \u0130\u00e7erir:<br>+ Kons\u00fcltasyon<br>+ \u00d6n muayene, tedavi, takip muayenesi<br>+ Havaalan\u0131, otel ve klinik transferleri<br>+ SwissLASIK Pass<br>+ Kahvalt\u0131 dahil olmak \u00fczere ortak klinikte iki gece konaklama <\/p>\n\n<p>\u00d6deme<br>T\u00fcm hizmetlerin bedeli \u0130zmir&#8217;de \u00f6denmeli veya Swisslasik&#8217;e \u00f6nceden havale edilmelidir.<\/p>\n\n<p><strong>Teklif 2 \u2013 Premium teklif (CHF cinsinden)<\/strong><\/p>\n\n<figure class=\"wp-block-table\">\n<table class=\"has-fixed-layout\">\n<tbody>\n<tr>\n<th><strong>Performans<\/strong><\/th>\n<th>Teklifimiz (CHF cinsinden)<\/th>\n<th><strong>\u0130svi\u00e7re&#8217;deki ortalama maliyetler (CHF cinsinden)<\/strong><\/th>\n<th>Ayn\u0131 kalitede tasarruf<\/th>\n<\/tr>\n<tr>\n<td><\/td><td>H\u0131zl\u0131 <\/td>kontrol\n<td>\u00fccretsiz<\/td>\n<td> <\/td> \n<\/tr>\n<tr>\n<td>Femto-Lasik (2)<\/td>\n<td>ca. 2\u2019040<\/td>\n<td>3\u2019800<\/td>\n<td>1\u2019760<\/td>\n<\/tr>\n<tr>\n<td>Relex Smile Lasik (2)<\/td>\n<td>ca. 3\u2019040<\/td>\n<td>5\u2019000<\/td>\n<td>1\u2019960<\/td>\n<\/tr>\n<tr>\n<td>Fakik G\u00f6z \u0130\u00e7i Lensler (2)<\/td>\n<td>ca. 4\u2019450<\/td>\n<td>8\u2019000<\/td>\n<td>3\u2019550<\/td>\n<\/tr>\n<tr>\n<td>Torik ICL Lensler (2)<\/td>\n<td>ca. 5\u2019050<\/td>\n<td>9\u2019000<\/td>\n<td>3\u2019950<\/td>\n<\/tr>\n<tr>\n<td>\u00c7ok odakl\u0131 lensler (2)<\/td>\n<td>ca. 4\u2019450<\/td>\n<td>8\u2019000<\/td>\n<td>3\u2019550<\/td>\n<\/tr>\n<tr>\n<td>Takip muayeneleri<\/td>\n<td>Fiyata dahildir<\/td>\n<td>Fiyata k\u0131smen dahildir<\/td>\n<td>Daha fazla bak\u0131m<\/td>\n<\/tr>\n<tr>\n<td> <\/td>\n<td> <\/td>\n<td> <\/td>\n<td> <\/td>\n<\/tr>\n<\/tbody>\n<\/table>\n<\/figure>\n\n<p>(1) \u00dccretsiz k\u0131sa kontroller Bern&#8217;deki ofisimizde veya dan\u0131\u015fma g\u00fcnlerimizde ger\u00e7ekle\u015ftirilir.<\/p>\n\n<p>(2) Dahil Olanlar:<br>+ Kons\u00fcltasyon<br>+ U\u00e7u\u015f<br>+ Havaalan\u0131, otel ve klinik transferleri<br>+ Anla\u015fmal\u0131 bir otelde 2 gece konaklama<br>+ Ameliyat \u00f6ncesi muayene, tedavi ve takip muayenesi<br>+ Ameliyattan sonraki bir y\u0131l i\u00e7inde \u0130svi\u00e7re&#8217;de en fazla 4 takip muayenesi<br>+ SwissLASIK Pasaportu<br>+ Vergi indirimi veya sa\u011fl\u0131k sigortan\u0131zdan geri \u00f6deme i\u00e7in \u0130svi\u00e7re&#8217;de ge\u00e7erli \u00f6deme onay\u0131 (Bu, kanton ve sa\u011fl\u0131k sigorta sa\u011flay\u0131c\u0131s\u0131na ba\u011fl\u0131d\u0131r)<\/p>\n\n<p><strong>Weitere M\u00f6glichkeiten<\/strong><br>M\u00f6chten Sie lieber nicht alleine reisen? Kein Problem! Begleitperson lediglich ab 200 CHF.  <\/p>\n\n<p><strong>Daha fazla \u0130zmir mi istiyorsunuz?<\/strong><br>Gecelik ek \u00fccret 70 CHF&#8217;den ba\u015fl\u0131yor!<\/p>\n\n<p>\u00d6deme<br>T\u00fcm hizmetlerin bedeli Swisslasik&#8217;e \u00f6nceden \u00f6denmelidir. Bu nedenle \u0130zmir&#8217;e \u00e7ok fazla para g\u00f6t\u00fcrmenize gerek yoktur. <\/p>\n\n<p><strong>Wichtiger Hinweis<\/strong><br>Wenn gew\u00fcnscht k\u00f6nnen wir individuelle Angebote offerieren. Eine oder mehrere oben genannte Leistungen z.B. Flug oder Hotel k\u00f6nnen Sie selber organisieren. <\/p>\n\n<p><strong>Kar\u015f\u0131la\u015ft\u0131rma: Standart ve Premium Teklif<\/strong><\/p>\n\n<figure class=\"wp-block-table\">\n<table class=\"has-fixed-layout\">\n<tbody>\n<tr>\n<th> <\/th>\n<th><strong>ula\u015f\u0131m<\/strong><\/th>\n<th><strong>U\u00e7u\u015f<\/strong><\/th>\n<th><strong>Otel<\/strong><\/th>\n<th><strong>TR&#8217;de Kontrol<\/strong><\/th>\n<th><strong>operasyon<\/strong><\/th>\n<th><strong>CH&#8217;de Kontrol<\/strong><\/th>\n<th><strong>\u0130kinci ameliyat<\/strong><\/th>\n<th><strong>Swisslasik Ge\u00e7idi<\/strong><\/th>\n<th> <\/th>\n<th><strong>\u00d6deme onay\u0131<\/strong><\/th>\n<\/tr>\n<tr>\n<td><strong>standart<\/strong><\/td>\n<td>     <img decoding=\"async\" src=\"https:\/\/www.swisslasik.ch\/wp-content\/uploads\/sites\/13\/2019\/02\/RTEmagicC_icon_withframe.gif.gif\" alt=\"\" width=\"14\" height=\"12\"><\/td>\n<td> <\/td>\n<td> <\/td>\n<td>     <img decoding=\"async\" src=\"https:\/\/www.swisslasik.ch\/wp-content\/uploads\/sites\/13\/2019\/02\/RTEmagicC_icon_withframe.gif.gif\" alt=\"\" width=\"14\" height=\"12\"><\/td>\n<td>   <img decoding=\"async\" src=\"https:\/\/www.swisslasik.ch\/wp-content\/uploads\/sites\/13\/2019\/02\/RTEmagicC_icon_withframe.gif.gif\" alt=\"\" width=\"14\" height=\"12\"><\/td>\n<td> <\/td>\n<td>      <img decoding=\"async\" src=\"https:\/\/www.swisslasik.ch\/wp-content\/uploads\/sites\/13\/2019\/02\/RTEmagicC_icon_withframe.gif.gif\" alt=\"\" width=\"14\" height=\"12\"><\/td>\n<td>      <img decoding=\"async\" src=\"https:\/\/www.swisslasik.ch\/wp-content\/uploads\/sites\/13\/2019\/02\/RTEmagicC_icon_withframe.gif.gif\" alt=\"\" width=\"14\" height=\"12\"><\/td>\n<td> <\/td>\n<td> <\/td>\n<\/tr>\n<tr>\n<td><strong>Premium<\/strong><\/td>\n<td>     <img decoding=\"async\" src=\"https:\/\/www.swisslasik.ch\/wp-content\/uploads\/sites\/13\/2019\/02\/RTEmagicC_icon_withframe.gif.gif\" alt=\"\" width=\"14\" height=\"12\"><\/td>\n<td>   <img decoding=\"async\" src=\"https:\/\/www.swisslasik.ch\/wp-content\/uploads\/sites\/13\/2019\/02\/RTEmagicC_icon_withframe.gif.gif\" alt=\"\" width=\"14\" height=\"12\"><\/td>\n<td>  <img decoding=\"async\" src=\"https:\/\/www.swisslasik.ch\/wp-content\/uploads\/sites\/13\/2019\/02\/RTEmagicC_icon_withframe.gif.gif\" alt=\"\" width=\"14\" height=\"12\"><\/td>\n<td>     <img decoding=\"async\" src=\"https:\/\/www.swisslasik.ch\/wp-content\/uploads\/sites\/13\/2019\/02\/RTEmagicC_icon_withframe.gif.gif\" alt=\"\" width=\"14\" height=\"12\"><\/td>\n<td>   <img decoding=\"async\" src=\"https:\/\/www.swisslasik.ch\/wp-content\/uploads\/sites\/13\/2019\/02\/RTEmagicC_icon_withframe.gif.gif\" alt=\"\" width=\"14\" height=\"12\"><\/td>\n<td>     <img decoding=\"async\" src=\"https:\/\/www.swisslasik.ch\/wp-content\/uploads\/sites\/13\/2019\/02\/RTEmagicC_icon_withframe.gif.gif\" alt=\"\" width=\"14\" height=\"12\"><\/td>\n<td>      <img decoding=\"async\" src=\"https:\/\/www.swisslasik.ch\/wp-content\/uploads\/sites\/13\/2019\/02\/RTEmagicC_icon_withframe.gif.gif\" alt=\"\" width=\"14\" height=\"12\"><\/td>\n<td>      <img decoding=\"async\" src=\"https:\/\/www.swisslasik.ch\/wp-content\/uploads\/sites\/13\/2019\/02\/RTEmagicC_icon_withframe.gif.gif\" alt=\"\" width=\"14\" height=\"12\"><\/td>\n<td> <\/td>\n<td>          <img decoding=\"async\" src=\"https:\/\/www.swisslasik.ch\/wp-content\/uploads\/sites\/13\/2019\/02\/RTEmagicC_icon_withframe.gif.gif\" alt=\"\" width=\"14\" height=\"12\"><\/td>\n<\/tr>\n<\/tbody>\n<\/table>\n<\/figure>\n\n<p>T\u00fcm fiyatlar de\u011fi\u015febilir. \u00d6zellikle yo\u011fun sezonlarda u\u00e7u\u015f ve otel fiyatlar\u0131 daha y\u00fcksek olabilir. Swisslasik.ch, belirtilen havayollar\u0131 ve otellerin kalitesinden sorumlu de\u011fildir.  <\/p>\n\n<p>H\u00e2l\u00e2 sorular\u0131n\u0131z var m\u0131?<br><a href=\"https:\/\/swisslasik.ch\/kontakt\/\" data-type=\"page\" data-id=\"97\">Herhangi bir y\u00fck\u00fcml\u00fcl\u00fck alt\u0131na girmeden bizimle ileti\u015fime ge\u00e7mekten \u00e7ekinmeyin<\/a>. \u0130zmir&#8217;de keyifli bir konaklama ge\u00e7irmenizi dileriz. <\/p>\n\t\t\t\t\t\t\t\t<\/div>\n\t\t\t\t\t<\/div>\n\t\t\t\t<\/div>\n\t\t\t\t<\/div>\n\t\t","protected":false},"excerpt":{"rendered":"<p>\u0130zmir\u2019de LASIK g\u00f6z lazeri tedavisi Maliyetler G\u00f6z Klini\u011fi \u0130zmir&#8217;de lazer g\u00f6z ameliyat\u0131 fiyatlar\u0131 \u0130zmir&#8217;de LASIK ameliyat\u0131n\u0131z i\u00e7in cazip tekliflerimiz ve fiyatlar\u0131m\u0131z \u015funlard\u0131r: T\u00fcm fiyatlar iki g\u00f6z i\u00e7indir. Teklif 1 \u2013 Standart teklif (Euro cinsinden) Performans Teklifimiz (\u20ac) Avrupa&#8217;daki ortalama maliyetler (\u20ac) Ayn\u0131 kaliteyle tasarruf H\u0131zl\u0131 kontrol (1) \u00fccretsiz Femto- I-Lasik (2) 1\u2019390 \u20ac 3\u2019800 \u20ac 2\u2019410 \u20ac ReLEX Smile Lasik (2) 2\u2019390 \u20ac 5\u2019000 \u20ac 2\u2019610 \u20ac Fakik G\u00f6z \u0130\u00e7i Lensler (2) ca. 3\u2019640 \u20ac 8\u2019000 \u20ac 4\u2019360 \u20ac Toric ICL Linsen (2) ca. 4\u2019250 \u20ac 9\u2019000 \u20ac 4\u2019750 \u20ac \u00c7ok odakl\u0131 lensler (2) ca. 3\u2019640 \u20ac 8\u2019000 \u20ac 4\u2019360 \u20ac (1) \u00dccretsiz h\u0131zl\u0131 kontroller Bern&#8217;deki ofisimizde veya dan\u0131\u015fma g\u00fcnlerimizde ger\u00e7ekle\u015ftirilir. (2) \u0130\u00e7erir:+ Kons\u00fcltasyon+ \u00d6n muayene, tedavi, takip muayenesi+ Havaalan\u0131, otel ve klinik transferleri+ SwissLASIK Pass+ Kahvalt\u0131 dahil olmak \u00fczere ortak klinikte iki gece konaklama \u00d6demeT\u00fcm hizmetlerin bedeli \u0130zmir&#8217;de \u00f6denmeli veya Swisslasik&#8217;e \u00f6nceden havale edilmelidir. Teklif 2 \u2013 Premium teklif (CHF cinsinden) Performans Teklifimiz (CHF cinsinden) \u0130svi\u00e7re&#8217;deki ortalama maliyetler (CHF cinsinden) Ayn\u0131 kalitede tasarruf H\u0131zl\u0131 kontrol \u00fccretsiz Femto-Lasik (2) ca. 2\u2019040 3\u2019800 1\u2019760 Relex Smile Lasik (2) ca. 3\u2019040 5\u2019000 1\u2019960 Fakik G\u00f6z \u0130\u00e7i Lensler (2) ca. 4\u2019450 8\u2019000 3\u2019550 Torik ICL Lensler (2) ca. 5\u2019050 9\u2019000 3\u2019950 \u00c7ok odakl\u0131 lensler (2) ca. 4\u2019450 8\u2019000 3\u2019550 Takip muayeneleri Fiyata dahildir Fiyata k\u0131smen dahildir Daha fazla bak\u0131m (1) \u00dccretsiz k\u0131sa kontroller Bern&#8217;deki ofisimizde veya dan\u0131\u015fma g\u00fcnlerimizde ger\u00e7ekle\u015ftirilir. (2) Dahil Olanlar:+ Kons\u00fcltasyon+ U\u00e7u\u015f+ Havaalan\u0131, otel ve klinik transferleri+ Anla\u015fmal\u0131 bir otelde 2 gece konaklama+ Ameliyat \u00f6ncesi muayene, tedavi ve takip muayenesi+ Ameliyattan sonraki bir y\u0131l i\u00e7inde \u0130svi\u00e7re&#8217;de en fazla 4 takip muayenesi+ SwissLASIK Pasaportu+ Vergi indirimi veya sa\u011fl\u0131k sigortan\u0131zdan geri \u00f6deme i\u00e7in \u0130svi\u00e7re&#8217;de ge\u00e7erli \u00f6deme onay\u0131 (Bu, kanton ve sa\u011fl\u0131k sigorta sa\u011flay\u0131c\u0131s\u0131na ba\u011fl\u0131d\u0131r) Weitere M\u00f6glichkeitenM\u00f6chten Sie lieber nicht alleine reisen? Kein Problem! Begleitperson lediglich ab 200 CHF. Daha fazla \u0130zmir mi istiyorsunuz?Gecelik ek \u00fccret 70 CHF&#8217;den ba\u015fl\u0131yor! \u00d6demeT\u00fcm hizmetlerin bedeli Swisslasik&#8217;e \u00f6nceden \u00f6denmelidir. Bu nedenle \u0130zmir&#8217;e \u00e7ok fazla para g\u00f6t\u00fcrmenize gerek yoktur. Wichtiger HinweisWenn gew\u00fcnscht k\u00f6nnen wir individuelle Angebote offerieren. Eine oder mehrere oben genannte Leistungen z.B. Flug oder Hotel k\u00f6nnen Sie selber organisieren. Kar\u015f\u0131la\u015ft\u0131rma: Standart ve Premium Teklif ula\u015f\u0131m U\u00e7u\u015f Otel TR&#8217;de Kontrol operasyon CH&#8217;de Kontrol \u0130kinci ameliyat Swisslasik Ge\u00e7idi \u00d6deme onay\u0131 standart Premium T\u00fcm fiyatlar de\u011fi\u015febilir. \u00d6zellikle yo\u011fun sezonlarda u\u00e7u\u015f ve otel fiyatlar\u0131 daha y\u00fcksek olabilir. Swisslasik.ch, belirtilen havayollar\u0131 ve otellerin kalitesinden sorumlu de\u011fildir. H\u00e2l\u00e2 sorular\u0131n\u0131z var m\u0131?Herhangi bir y\u00fck\u00fcml\u00fcl\u00fck alt\u0131na girmeden bizimle ileti\u015fime ge\u00e7mekten \u00e7ekinmeyin. \u0130zmir&#8217;de keyifli bir konaklama ge\u00e7irmenizi dileriz.<\/p>\n","protected":false},"author":4,"featured_media":0,"parent":3441,"menu_order":0,"comment_status":"closed","ping_status":"closed","template":"","meta":{"_joinchat":[],"footnotes":""},"class_list":["post-3451","page","type-page","status-publish","hentry"],"acf":[],"_links":{"self":[{"href":"https:\/\/swisslasik.ch\/tr\/wp-json\/wp\/v2\/pages\/3451","targetHints":{"allow":["GET"]}}],"collection":[{"href":"https:\/\/swisslasik.ch\/tr\/wp-json\/wp\/v2\/pages"}],"about":[{"href":"https:\/\/swisslasik.ch\/tr\/wp-json\/wp\/v2\/types\/page"}],"author":[{"embeddable":true,"href":"https:\/\/swisslasik.ch\/tr\/wp-json\/wp\/v2\/users\/4"}],"replies":[{"embeddable":true,"href":"https:\/\/swisslasik.ch\/tr\/wp-json\/wp\/v2\/comments?post=3451"}],"version-history":[{"count":3,"href":"https:\/\/swisslasik.ch\/tr\/wp-json\/wp\/v2\/pages\/3451\/revisions"}],"predecessor-version":[{"id":3454,"href":"https:\/\/swisslasik.ch\/tr\/wp-json\/wp\/v2\/pages\/3451\/revisions\/3454"}],"up":[{"embeddable":true,"href":"https:\/\/swisslasik.ch\/tr\/wp-json\/wp\/v2\/pages\/3441"}],"wp:attachment":[{"href":"https:\/\/swisslasik.ch\/tr\/wp-json\/wp\/v2\/media?parent=3451"}],"curies":[{"name":"wp","href":"https:\/\/api.w.org\/{rel}","templated":true}]}}