{"id":3465,"date":"2025-09-17T13:14:42","date_gmt":"2025-09-17T12:14:42","guid":{"rendered":"https:\/\/swisslasik.ch\/lasik-teklifi\/antalyada-lasik-lazer-goez-ameliyati\/antalya-duenya-lazer-goez-klinigi\/"},"modified":"2026-01-08T14:12:21","modified_gmt":"2026-01-08T13:12:21","slug":"antalya-duenya-lazer-goez-klinigi","status":"publish","type":"page","link":"https:\/\/swisslasik.ch\/tr\/lasik-teklifi\/antalyada-lasik-lazer-goez-ameliyati\/antalya-duenya-lazer-goez-klinigi\/","title":{"rendered":"Antalya D\u00fcnya Lazer G\u00f6z Klini\u011fi"},"content":{"rendered":"\t\t<div data-elementor-type=\"wp-page\" data-elementor-id=\"3465\" class=\"elementor elementor-3465 elementor-37\" data-elementor-post-type=\"page\">\n\t\t\t\t<div class=\"elementor-element elementor-element-32fd58a0 e-flex e-con-boxed wpr-particle-no wpr-jarallax-no wpr-parallax-no wpr-sticky-section-no e-con e-parent\" data-id=\"32fd58a0\" data-element_type=\"container\" data-e-type=\"container\">\n\t\t\t\t\t<div class=\"e-con-inner\">\n\t\t<div class=\"elementor-element elementor-element-5a424f6 e-con-full e-flex wpr-particle-no wpr-jarallax-no wpr-parallax-no wpr-sticky-section-no e-con e-child\" data-id=\"5a424f6\" data-element_type=\"container\" data-e-type=\"container\">\n\t\t\t\t<div class=\"elementor-element elementor-element-3dcdfc1 elementor-widget elementor-widget-button\" data-id=\"3dcdfc1\" data-element_type=\"widget\" data-e-type=\"widget\" data-widget_type=\"button.default\">\n\t\t\t\t\t\t\t\t\t\t<a class=\"elementor-button elementor-button-link elementor-size-sm\" href=\"https:\/\/swisslasik.ch\/tr\/lasik-teklifi\/antalyada-lasik-lazer-goez-ameliyati\/\">\n\t\t\t\t\t\t<span class=\"elementor-button-content-wrapper\">\n\t\t\t\t\t\t\t\t\t<span class=\"elementor-button-text\">Antalya'da Lasik<\/span>\n\t\t\t\t\t<\/span>\n\t\t\t\t\t<\/a>\n\t\t\t\t\t\t\t\t<\/div>\n\t\t\t\t<div class=\"elementor-element elementor-element-976381e elementor-widget elementor-widget-button\" data-id=\"976381e\" data-element_type=\"widget\" data-e-type=\"widget\" data-widget_type=\"button.default\">\n\t\t\t\t\t\t\t\t\t\t<a class=\"elementor-button elementor-button-link elementor-size-sm\" href=\"https:\/\/swisslasik.ch\/angebot-lasik\/lasik-in-antalya\/kosten\/\">\n\t\t\t\t\t\t<span class=\"elementor-button-content-wrapper\">\n\t\t\t\t\t\t\t\t\t<span class=\"elementor-button-text\">Maliyetler<\/span>\n\t\t\t\t\t<\/span>\n\t\t\t\t\t<\/a>\n\t\t\t\t\t\t\t\t<\/div>\n\t\t\t\t<div class=\"elementor-element elementor-element-1dfb6d6 elementor-widget elementor-widget-button\" data-id=\"1dfb6d6\" data-element_type=\"widget\" data-e-type=\"widget\" data-widget_type=\"button.default\">\n\t\t\t\t\t\t\t\t\t\t<a class=\"elementor-button elementor-button-link elementor-size-sm\" href=\"https:\/\/swisslasik.ch\/tr\/lasik-teklifi\/antalyada-lasik-lazer-goez-ameliyati\/antalya-duenya-lazer-goez-klinigi\/\">\n\t\t\t\t\t\t<span class=\"elementor-button-content-wrapper\">\n\t\t\t\t\t\t\t\t\t<span class=\"elementor-button-text\">G\u00f6z lazer klini\u011fi<\/span>\n\t\t\t\t\t<\/span>\n\t\t\t\t\t<\/a>\n\t\t\t\t\t\t\t\t<\/div>\n\t\t\t\t<div class=\"elementor-element elementor-element-6cc7f1c elementor-widget elementor-widget-button\" data-id=\"6cc7f1c\" data-element_type=\"widget\" data-e-type=\"widget\" data-widget_type=\"button.default\">\n\t\t\t\t\t\t\t\t\t\t<a class=\"elementor-button elementor-button-link elementor-size-sm\" href=\"https:\/\/swisslasik.ch\/angebot-lasik\/lasik-in-antalya\/technologie\/\">\n\t\t\t\t\t\t<span class=\"elementor-button-content-wrapper\">\n\t\t\t\t\t\t\t\t\t<span class=\"elementor-button-text\">teknoloji<\/span>\n\t\t\t\t\t<\/span>\n\t\t\t\t\t<\/a>\n\t\t\t\t\t\t\t\t<\/div>\n\t\t\t\t<\/div>\n\t\t\t\t<div class=\"elementor-element elementor-element-585dc658 elementor-widget elementor-widget-text-editor\" data-id=\"585dc658\" data-element_type=\"widget\" data-e-type=\"widget\" data-widget_type=\"text-editor.default\">\n\t\t\t\t\t\t\t\t\t\n<h2 class=\"wp-block-heading\">D\u00dcNYA AUGENKLINIK ANTALYA &#8211; T\u00dcRKEI<\/h2>\n\n<p><strong>Antalya&#8217;daki g\u00f6z lazer klini\u011fi<\/strong><\/p>\n\n<p>Swisslasik.ch, d\u00fcnyan\u0131n en sayg\u0131n ve en iyi lazer g\u00f6z kliniklerinden biri olan D\u00fcnya G\u00f6z Klini\u011fi&#8217;nde g\u00f6z ameliyat\u0131 olman\u0131z\u0131 sa\u011flar.<\/p>\n\n<p>Uluslararas\u0131 klinikler aras\u0131nda bir \u00f6l\u00e7\u00fct niteli\u011findedir ve \u00e7ok kapsaml\u0131 kriterlerin kar\u015f\u0131lanmas\u0131 gerekmektedir. Bu klinik bu kriterleri kar\u015f\u0131lamakta olup Avrupa&#8217;n\u0131n en b\u00fcy\u00fck ve en modern \u00f6zel lazer g\u00f6z kliniklerinden biridir. <\/p>\n\n<p>D\u00fcnyag\u00f6z G\u00f6z Klini\u011fi, T\u00fcrkiye&#8217;nin pop\u00fcler tatil beldesi Antalya&#8217;da bulunmaktad\u0131r.<\/p>\n\n<p>G\u00f6z klini\u011fi, LASIK g\u00f6z ameliyat\u0131 konusunda uzmanla\u015fm\u0131\u015ft\u0131r ve k\u0131rma kusurlar\u0131n\u0131 d\u00fczeltmek i\u00e7in yaln\u0131zca en yeni ve en geli\u015fmi\u015f lazer teknolojisini kullanmaktad\u0131r. Bu, yaln\u0131zca y\u00f6ntemi de\u011fil, ayn\u0131 zamanda Almanya&#8217;dan <a href=\"https:\/\/www.swisslasik.ch\/augen-lasern\/relex-smile-lasik\/\">ReLex SMILE Pro<\/a> dahil olmak \u00fczere en yeni ve en geli\u015fmi\u015f lazer ekipmanlar\u0131n\u0131 da i\u00e7ermektedir. <\/p>\n\n<figure class=\"wp-block-image size-full\"><img fetchpriority=\"high\" decoding=\"async\" width=\"768\" height=\"444\" class=\"wp-image-175\" src=\"https:\/\/swisslasik.ch\/wp-content\/uploads\/2025\/09\/ANTALYA-ROTUS-1-768x444-1.jpg\" alt=\"\" srcset=\"https:\/\/swisslasik.ch\/wp-content\/uploads\/2025\/09\/ANTALYA-ROTUS-1-768x444-1.jpg 768w, https:\/\/swisslasik.ch\/wp-content\/uploads\/2025\/09\/ANTALYA-ROTUS-1-768x444-1-300x173.jpg 300w\" sizes=\"(max-width: 768px) 100vw, 768px\" \/><\/figure>\n\n<p id=\"caption-attachment-8618\">D\u00fcnya G\u00f6z Klini\u011fi Antalya<\/p>\n\n<p><strong>Antalya D\u00fcnya G\u00f6z Klini\u011fi<\/strong><\/p>\n\n<p>Dunya G\u00f6z Klini\u011fi uluslararas\u0131 sertifikal\u0131d\u0131r. Bu, hasta i\u00e7in \u00f6zellikle, son lazer teknolojisiyle \u00e7al\u0131\u015fan ve m\u00fckemmel e\u011fitim alm\u0131\u015f uzmanlar\u0131n ellerinde olduklar\u0131 anlam\u0131na gelir. <\/p>\n\n<p>Antalya G\u00f6z Klini\u011fi&#8217;nde LASIK tedavisi ile ya\u015fam kalitenizi art\u0131r\u0131n. Hastalar, klini\u011fin ba\u015fhekimleri taraf\u0131ndan tedavi edilmektedir. <\/p>\n\n<p>Antalya&#8217;da \u0130svi\u00e7re&#8217;dekiyle ayn\u0131 kalite standartlar\u0131nda g\u00f6z lazer tedavisi yapt\u0131r\u0131n ve bu s\u00fcre\u00e7te \u00f6nemli miktarda para tasarrufu sa\u011flay\u0131n.<\/p>\n\n<figure class=\"wp-block-image size-full\"><img decoding=\"async\" width=\"768\" height=\"512\" class=\"wp-image-178\" src=\"https:\/\/swisslasik.ch\/wp-content\/uploads\/2025\/09\/Innerraum_web-768x512-1.jpg\" alt=\"\" srcset=\"https:\/\/swisslasik.ch\/wp-content\/uploads\/2025\/09\/Innerraum_web-768x512-1.jpg 768w, https:\/\/swisslasik.ch\/wp-content\/uploads\/2025\/09\/Innerraum_web-768x512-1-300x200.jpg 300w\" sizes=\"(max-width: 768px) 100vw, 768px\" \/><\/figure>\n\n<p id=\"caption-attachment-8622\">Samimi i\u00e7 mekan &#8211; D\u00fcnya eyes Antalya<\/p>\n\n<figure class=\"wp-block-image size-full\"><img decoding=\"async\" width=\"1000\" height=\"667\" class=\"wp-image-177\" src=\"https:\/\/swisslasik.ch\/wp-content\/uploads\/2025\/09\/Empfang_web.jpg\" alt=\"\" srcset=\"https:\/\/swisslasik.ch\/wp-content\/uploads\/2025\/09\/Empfang_web.jpg 1000w, https:\/\/swisslasik.ch\/wp-content\/uploads\/2025\/09\/Empfang_web-300x200.jpg 300w, https:\/\/swisslasik.ch\/wp-content\/uploads\/2025\/09\/Empfang_web-768x512.jpg 768w\" sizes=\"(max-width: 1000px) 100vw, 1000px\" \/><\/figure>\n\n<p id=\"caption-attachment-8621\">Antalya G\u00f6z Lazer Klini\u011fi Resepsiyonu<\/p>\n\t\t\t\t\t\t\t\t<\/div>\n\t\t\t\t\t<\/div>\n\t\t\t\t<\/div>\n\t\t\t\t<\/div>\n\t\t","protected":false},"excerpt":{"rendered":"<p>Antalya&#8217;da Lasik Maliyetler G\u00f6z lazer klini\u011fi teknoloji D\u00dcNYA AUGENKLINIK ANTALYA &#8211; T\u00dcRKEI Antalya&#8217;daki g\u00f6z lazer klini\u011fi Swisslasik.ch, d\u00fcnyan\u0131n en sayg\u0131n ve en iyi lazer g\u00f6z kliniklerinden biri olan D\u00fcnya G\u00f6z Klini\u011fi&#8217;nde g\u00f6z ameliyat\u0131 olman\u0131z\u0131 sa\u011flar. Uluslararas\u0131 klinikler aras\u0131nda bir \u00f6l\u00e7\u00fct niteli\u011findedir ve \u00e7ok kapsaml\u0131 kriterlerin kar\u015f\u0131lanmas\u0131 gerekmektedir. Bu klinik bu kriterleri kar\u015f\u0131lamakta olup Avrupa&#8217;n\u0131n en b\u00fcy\u00fck ve en modern \u00f6zel lazer g\u00f6z kliniklerinden biridir. D\u00fcnyag\u00f6z G\u00f6z Klini\u011fi, T\u00fcrkiye&#8217;nin pop\u00fcler tatil beldesi Antalya&#8217;da bulunmaktad\u0131r. G\u00f6z klini\u011fi, LASIK g\u00f6z ameliyat\u0131 konusunda uzmanla\u015fm\u0131\u015ft\u0131r ve k\u0131rma kusurlar\u0131n\u0131 d\u00fczeltmek i\u00e7in yaln\u0131zca en yeni ve en geli\u015fmi\u015f lazer teknolojisini kullanmaktad\u0131r. Bu, yaln\u0131zca y\u00f6ntemi de\u011fil, ayn\u0131 zamanda Almanya&#8217;dan ReLex SMILE Pro dahil olmak \u00fczere en yeni ve en geli\u015fmi\u015f lazer ekipmanlar\u0131n\u0131 da i\u00e7ermektedir. D\u00fcnya G\u00f6z Klini\u011fi Antalya Antalya D\u00fcnya G\u00f6z Klini\u011fi Dunya G\u00f6z Klini\u011fi uluslararas\u0131 sertifikal\u0131d\u0131r. Bu, hasta i\u00e7in \u00f6zellikle, son lazer teknolojisiyle \u00e7al\u0131\u015fan ve m\u00fckemmel e\u011fitim alm\u0131\u015f uzmanlar\u0131n ellerinde olduklar\u0131 anlam\u0131na gelir. Antalya G\u00f6z Klini\u011fi&#8217;nde LASIK tedavisi ile ya\u015fam kalitenizi art\u0131r\u0131n. Hastalar, klini\u011fin ba\u015fhekimleri taraf\u0131ndan tedavi edilmektedir. Antalya&#8217;da \u0130svi\u00e7re&#8217;dekiyle ayn\u0131 kalite standartlar\u0131nda g\u00f6z lazer tedavisi yapt\u0131r\u0131n ve bu s\u00fcre\u00e7te \u00f6nemli miktarda para tasarrufu sa\u011flay\u0131n. Samimi i\u00e7 mekan &#8211; D\u00fcnya eyes Antalya Antalya G\u00f6z Lazer Klini\u011fi Resepsiyonu<\/p>\n","protected":false},"author":4,"featured_media":0,"parent":3458,"menu_order":0,"comment_status":"closed","ping_status":"closed","template":"","meta":{"_joinchat":[],"footnotes":""},"class_list":["post-3465","page","type-page","status-publish","hentry"],"acf":[],"_links":{"self":[{"href":"https:\/\/swisslasik.ch\/tr\/wp-json\/wp\/v2\/pages\/3465","targetHints":{"allow":["GET"]}}],"collection":[{"href":"https:\/\/swisslasik.ch\/tr\/wp-json\/wp\/v2\/pages"}],"about":[{"href":"https:\/\/swisslasik.ch\/tr\/wp-json\/wp\/v2\/types\/page"}],"author":[{"embeddable":true,"href":"https:\/\/swisslasik.ch\/tr\/wp-json\/wp\/v2\/users\/4"}],"replies":[{"embeddable":true,"href":"https:\/\/swisslasik.ch\/tr\/wp-json\/wp\/v2\/comments?post=3465"}],"version-history":[{"count":3,"href":"https:\/\/swisslasik.ch\/tr\/wp-json\/wp\/v2\/pages\/3465\/revisions"}],"predecessor-version":[{"id":3468,"href":"https:\/\/swisslasik.ch\/tr\/wp-json\/wp\/v2\/pages\/3465\/revisions\/3468"}],"up":[{"embeddable":true,"href":"https:\/\/swisslasik.ch\/tr\/wp-json\/wp\/v2\/pages\/3458"}],"wp:attachment":[{"href":"https:\/\/swisslasik.ch\/tr\/wp-json\/wp\/v2\/media?parent=3465"}],"curies":[{"name":"wp","href":"https:\/\/api.w.org\/{rel}","templated":true}]}}