{"id":3469,"date":"2025-09-17T13:13:48","date_gmt":"2025-09-17T12:13:48","guid":{"rendered":"https:\/\/swisslasik.ch\/lasik-teklifi\/antalyada-lasik-lazer-goez-ameliyati\/antalyada-lazer-goez-ameliyatinin-maliyetleri-ve-fiyatlari\/"},"modified":"2026-01-08T14:19:34","modified_gmt":"2026-01-08T13:19:34","slug":"antalyada-lazer-goez-ameliyatinin-maliyetleri-ve-fiyatlari","status":"publish","type":"page","link":"https:\/\/swisslasik.ch\/tr\/lasik-teklifi\/antalyada-lasik-lazer-goez-ameliyati\/antalyada-lazer-goez-ameliyatinin-maliyetleri-ve-fiyatlari\/","title":{"rendered":"Antalya&#8217;da lazer g\u00f6z ameliyat\u0131n\u0131n maliyetleri ve fiyatlar\u0131"},"content":{"rendered":"\t\t<div data-elementor-type=\"wp-page\" data-elementor-id=\"3469\" class=\"elementor elementor-3469 elementor-35\" data-elementor-post-type=\"page\">\n\t\t\t\t<div class=\"elementor-element elementor-element-19d38a7b e-flex e-con-boxed wpr-particle-no wpr-jarallax-no wpr-parallax-no wpr-sticky-section-no wpr-equal-height-no e-con e-parent\" data-id=\"19d38a7b\" data-element_type=\"container\" data-e-type=\"container\">\n\t\t\t\t\t<div class=\"e-con-inner\">\n\t\t<div class=\"elementor-element elementor-element-6deebfc e-con-full e-flex wpr-particle-no wpr-jarallax-no wpr-parallax-no wpr-sticky-section-no wpr-equal-height-no e-con e-child\" data-id=\"6deebfc\" data-element_type=\"container\" data-e-type=\"container\">\n\t\t\t\t<div class=\"elementor-element elementor-element-655be44 elementor-widget elementor-widget-button\" data-id=\"655be44\" data-element_type=\"widget\" data-e-type=\"widget\" data-widget_type=\"button.default\">\n\t\t\t\t\t\t\t\t\t\t<a class=\"elementor-button elementor-button-link elementor-size-sm\" href=\"https:\/\/swisslasik.ch\/tr\/lasik-teklifi\/antalyada-lasik-lazer-goez-ameliyati\/\">\n\t\t\t\t\t\t<span class=\"elementor-button-content-wrapper\">\n\t\t\t\t\t\t\t\t\t<span class=\"elementor-button-text\">Antalya'da Lasik<\/span>\n\t\t\t\t\t<\/span>\n\t\t\t\t\t<\/a>\n\t\t\t\t\t\t\t\t<\/div>\n\t\t\t\t<div class=\"elementor-element elementor-element-849fd11 elementor-widget elementor-widget-button\" data-id=\"849fd11\" data-element_type=\"widget\" data-e-type=\"widget\" data-widget_type=\"button.default\">\n\t\t\t\t\t\t\t\t\t\t<a class=\"elementor-button elementor-button-link elementor-size-sm\" href=\"https:\/\/swisslasik.ch\/tr\/lasik-teklifi\/antalyada-lasik-lazer-goez-ameliyati\/antalyada-lazer-goez-ameliyatinin-maliyetleri-ve-fiyatlari\/\">\n\t\t\t\t\t\t<span class=\"elementor-button-content-wrapper\">\n\t\t\t\t\t\t\t\t\t<span class=\"elementor-button-text\">Maliyetler<\/span>\n\t\t\t\t\t<\/span>\n\t\t\t\t\t<\/a>\n\t\t\t\t\t\t\t\t<\/div>\n\t\t\t\t<div class=\"elementor-element elementor-element-324515a elementor-widget elementor-widget-button\" data-id=\"324515a\" data-element_type=\"widget\" data-e-type=\"widget\" data-widget_type=\"button.default\">\n\t\t\t\t\t\t\t\t\t\t<a class=\"elementor-button elementor-button-link elementor-size-sm\" href=\"https:\/\/swisslasik.ch\/tr\/lasik-teklifi\/antalyada-lasik-lazer-goez-ameliyati\/antalya-duenya-lazer-goez-klinigi\/\">\n\t\t\t\t\t\t<span class=\"elementor-button-content-wrapper\">\n\t\t\t\t\t\t\t\t\t<span class=\"elementor-button-text\">G\u00f6z lazer klini\u011fi<\/span>\n\t\t\t\t\t<\/span>\n\t\t\t\t\t<\/a>\n\t\t\t\t\t\t\t\t<\/div>\n\t\t\t\t<div class=\"elementor-element elementor-element-a6f6142 elementor-widget elementor-widget-button\" data-id=\"a6f6142\" data-element_type=\"widget\" data-e-type=\"widget\" data-widget_type=\"button.default\">\n\t\t\t\t\t\t\t\t\t\t<a class=\"elementor-button elementor-button-link elementor-size-sm\" href=\"https:\/\/swisslasik.ch\/angebot-lasik\/lasik-in-antalya\/technologie\/\">\n\t\t\t\t\t\t<span class=\"elementor-button-content-wrapper\">\n\t\t\t\t\t\t\t\t\t<span class=\"elementor-button-text\">teknoloji<\/span>\n\t\t\t\t\t<\/span>\n\t\t\t\t\t<\/a>\n\t\t\t\t\t\t\t\t<\/div>\n\t\t\t\t<\/div>\n\t\t\t\t<div class=\"elementor-element elementor-element-6c86f727 elementor-widget elementor-widget-text-editor\" data-id=\"6c86f727\" data-element_type=\"widget\" data-e-type=\"widget\" data-widget_type=\"text-editor.default\">\n\t\t\t\t\t\t\t\t\t\n<h1 class=\"wp-block-heading\">Antalya&#8217;da lazer g\u00f6z ameliyat\u0131n\u0131n maliyeti<\/h1>\n\n<p>Antalya&#8217;da Lasik ameliyat\u0131n\u0131z i\u00e7in cazip tekliflerimiz ve fiyatlar\u0131m\u0131z \u015funlard\u0131r: T\u00fcm fiyatlar iki g\u00f6z i\u00e7indir.<\/p>\n\n<h3 class=\"wp-block-heading\"><strong>Teklif 1 \u2013 Standart teklif (Euro cinsinden)<\/strong><\/h3>\n\n<figure class=\"wp-block-table\">\n<table class=\"has-fixed-layout\">\n<tbody>\n<tr>\n<th>Performans<\/th>\n<th>Teklifimiz (\u20ac)<\/th>\n<th>Avrupa&#8217;daki ortalama maliyetler (\u20ac)<\/th>\n<th>Ayn\u0131 kaliteyle tasarruf<\/th>\n<\/tr>\n<tr>\n<td>H\u0131zl\u0131 Kontrol<\/td><td> (1)<\/td>\n\u00dccretsiz\n\n<td> <\/td><br><td> <\/td> \n<\/tr>\n<tr>\n<td> <\/td>\n<td> <\/td>\n<td> <\/td>\n<td> <\/td>\n<\/tr>\n<tr>\n<td>Femto- <strong>I- Lasik<\/strong> (2)<\/td>\n<td>1\u2019190 \u20ac<\/td>\n<td>3\u2019800 \u20ac<\/td>\n<td>2\u2019610 \u20ac<\/td>\n<\/tr>\n<tr>\n<td>ReLex Smile-Lasik (2)<\/td>\n<td>1\u2019990 \u20ac<\/td>\n<td>5\u2019000 \u20ac<\/td>\n<td>3\u2019010 \u20ac<\/td>\n<\/tr>\n<tr>\n<td>Fakik IOL lensler (2)<\/td>\n<td>ab 3\u2019640 \u20ac<\/td>\n<td>8\u2019000 \u20ac<\/td>\n<td>4\u2019360 \u20ac<\/td>\n<\/tr>\n<tr>\n<td>Torik ICL lensler (2)<\/td>\n<td>ab 4\u2019250 \u20ac<\/td>\n<td>9\u2019000 \u20ac<\/td>\n<td>4\u2019750 \u20ac<\/td>\n<\/tr>\n<tr>\n<td>\u00c7ok odakl\u0131 lensler (2)<\/td>\n<td>ab 3\u2019800 \u20ac<\/td>\n<td>8\u2019000 \u20ac<\/td>\n<td>4\u2019200 \u20ac<\/td>\n<\/tr>\n<tr>\n<td> <\/td>\n<td> <\/td>\n<td> <\/td>\n<td> <\/td>\n<\/tr>\n<\/tbody>\n<\/table>\n<\/figure>\n\n<p><em>1) \u00dccretsiz k\u0131sa kontroller, Bern&#8217;deki ofisimizde veya dan\u0131\u015fma g\u00fcnlerimizde yap\u0131lmaktad\u0131r.<\/em><\/p>\n\n<p>2) \u0130\u00e7indekiler:<\/p>\n\n<ul class=\"wp-block-list\">\n<li>Tavsiye<\/li>\n\n<li>\u00d6n muayeneler ve tedavi, ayr\u0131ca ertesi g\u00fcn yap\u0131lacak muayene.<\/li>\n\n<li>Klinikte 2 gece konaklama ve kahvalt\u0131 dahil. <\/li>\n\n<li>Havaliman\u0131 ve Klinik Transferleri<\/li>\n\n<li><em>Swisslasikpass<\/em><\/li>\n<\/ul>\n\n<p>\u00d6deme<br>\u00d6n \u00f6deme gerekmemektedir. T\u00fcm hizmetlerin bedeli Antalya&#8217;da \u00f6denmeli veya Swisslasik&#8217;e \u00f6nceden havale edilmelidir. <\/p>\n\n<h3 class=\"wp-block-heading\"><strong>Teklif 2 \u2013 Premium teklif (CHF cinsinden)<\/strong><\/h3>\n\n<figure class=\"wp-block-table\">\n<table class=\"has-fixed-layout\">\n<tbody>\n<tr>\n<th><strong>Performans<\/strong><\/th>\n<th>Teklifimiz (CHF cinsinden)<\/th>\n<th><strong>\u0130svi\u00e7re&#8217;deki ortalama maliyetler (CHF cinsinden)<\/strong><\/th>\n<th>Ayn\u0131 kalitede tasarruf<\/th>\n<\/tr>\n<tr>\n<td>H\u0131zl\u0131 Kontrol<\/td><td> (1)<\/td>\n\u00dccretsiz\n\n<td> <\/td><br><td> <\/td> \n<\/tr>\n<tr>\n<td> <\/td>\n<td> <\/td>\n<td> <\/td>\n<td> <\/td>\n<\/tr>\n<tr>\n<td>Femto- <strong>I- Lasik <\/strong>(2)<\/td>\n<td>ca. 1\u2019840<\/td>\n<td>3\u2019800<\/td>\n<td>1\u2019960<\/td>\n<\/tr>\n<tr>\n<td>ReLEX Smile Lasik (2)<\/td>\n<td>ca. 2\u2019640<\/td>\n<td>5\u2019000<\/td>\n<td>2\u2019360<\/td>\n<\/tr>\n<tr>\n<td>Fakik IOL lensler (2)<\/td>\n<td>ca. 4\u2019450<\/td>\n<td>8\u2019000<\/td>\n<td>3\u2019550<\/td>\n<\/tr>\n<tr>\n<td>Torik ICL lensler (2)<\/td>\n<td>ca. 5\u2019050<\/td>\n<td>9\u2019000<\/td>\n<td>3\u2019950<\/td>\n<\/tr>\n<tr>\n<td>\u00c7ok odakl\u0131 lensler (2)<\/td>\n<td>ca. 4\u2019450<\/td>\n<td>8\u2019000<\/td>\n<td>3\u2019550<\/td>\n<\/tr>\n<tr>\n<td>Takip muayeneleri<\/td>\n<td>Fiyata dahildir<\/td>\n<td>Fiyata k\u0131smen dahildir<\/td>\n<td>Daha fazla bak\u0131m<\/td>\n<\/tr>\n<tr>\n<td> <\/td>\n<td> <\/td>\n<td> <\/td>\n<td> <\/td>\n<\/tr>\n<\/tbody>\n<\/table>\n<\/figure>\n\n<ol class=\"wp-block-list\">\n<li>\u00dccretsiz k\u0131sa kontroller, Bern&#8217;deki ofisimizde veya dan\u0131\u015fma g\u00fcnlerimizde yap\u0131lmaktad\u0131r.<\/li>\n\n<li>\u0130\u00e7indekiler:\n<ul class=\"wp-block-list\">\n<li>Tavsiye<\/li>\n\n<li>U\u00e7u\u015f<\/li>\n\n<li>Havaliman\u0131 ve Klinik Transferleri<\/li>\n\n<li><em>Klinikte 2 gece konaklama ve kahvalt\u0131<\/em><\/li>\n\n<li><em>\u00d6n muayeneler ve tedavi, ayr\u0131ca ertesi g\u00fcn yap\u0131lacak muayene.<\/em><\/li>\n\n<li><em>Ameliyattan sonraki bir y\u0131l i\u00e7inde \u0130svi\u00e7re&#8217;de en fazla 4 takip muayenesi.<\/em><\/li>\n\n<li><em>Swisslasikpass<\/em><\/li>\n\n<li><em>\u0130svi\u00e7re&#8217;de vergi indiriminden veya sa\u011fl\u0131k sigortan\u0131zdan geri \u00f6deme almak i\u00e7in ge\u00e7erli bir \u00f6deme onay\u0131 (bu se\u00e7enek kanton ve sa\u011fl\u0131k sigorta \u015firketine ba\u011fl\u0131d\u0131r).<\/em><\/li>\n<\/ul>\n<\/li>\n<\/ol>\n\n<p>Di\u011fer se\u00e7enekler<br>Yaln\u0131z seyahat etmek istemiyor musunuz? Sorun de\u011fil! Refakat\u00e7i \u00fccreti sadece 200 CHF&#8217;den ba\u015fl\u0131yor.  <\/p>\n\n<p>Antalya&#8217;y\u0131 daha fazla ke\u015ffetmek mi istiyorsunuz?<br>Yak\u0131ndaki otellerde konaklaman\u0131z\u0131 gecelik 70 CHF&#8217;den ba\u015flayan fiyatlarla uzatabilirsiniz. \u0130stek \u00fczerine ba\u015fka oteller de se\u00e7ebilirsiniz. L\u00fctfen \u00e7ok ucuz otellerden ka\u00e7\u0131n\u0131n.<\/p>\n\n<p>\u00d6deme<br>T\u00fcm hizmetlerin bedeli SwissLasik&#8217;e \u00f6nceden \u00f6denmelidir. Bu nedenle Antalya&#8217;ya \u00e7ok fazla para g\u00f6t\u00fcrmenize gerek yoktur. <\/p>\n\n<p>\u00d6nemli not:<br>\u0130stenirse, \u00f6zelle\u015ftirilmi\u015f paketler sunabiliriz. Ayr\u0131ca yukar\u0131da belirtilen hizmetlerden bir veya daha fazlas\u0131n\u0131 (\u00f6rne\u011fin u\u00e7ak bileti veya otel rezervasyonu) kendiniz de ayarlayabilirsiniz. <\/p>\n\n<p><strong>Kar\u015f\u0131la\u015ft\u0131rma: Standart ve Premium Teklif<\/strong><\/p>\n\n<figure class=\"wp-block-table\">\n<table class=\"has-fixed-layout\">\n<tbody>\n<tr>\n<th> <\/th>\n<th>ula\u015f\u0131m<\/th>\n<th><strong>U\u00e7u\u015f<\/strong><\/th>\n<th><strong>Otel<\/strong><\/th>\n<th><strong>TR&#8217;de Kontrol<\/strong><\/th>\n<th><strong>operasyon<\/strong><\/th>\n<th><strong>CH&#8217;de Kontrol<\/strong><\/th>\n<th><strong>\u0130kinci ameliyat<\/strong><\/th>\n<th><strong>Swisslasik Ge\u00e7idi<\/strong><\/th>\n<th><strong>\u00d6deme onay\u0131<\/strong><\/th>\n<\/tr>\n<tr>\n<td><strong>standart<\/strong><\/td>\n<td><img decoding=\"async\" src=\"https:\/\/www.swisslasik.ch\/wp-content\/uploads\/sites\/13\/2019\/02\/RTEmagicC_icon_withframe.gif.gif\" alt=\"\" width=\"14\" height=\"12\"><\/td>\n<td> <\/td>\n<td> <\/td>\n<td><img decoding=\"async\" src=\"https:\/\/www.swisslasik.ch\/wp-content\/uploads\/sites\/13\/2019\/02\/RTEmagicC_icon_withframe.gif.gif\" alt=\"\" width=\"14\" height=\"12\"><\/td>\n<td><img decoding=\"async\" src=\"https:\/\/www.swisslasik.ch\/wp-content\/uploads\/sites\/13\/2019\/02\/RTEmagicC_icon_withframe.gif.gif\" alt=\"\" width=\"14\" height=\"12\"><\/td>\n<td> <\/td>\n<td><img decoding=\"async\" src=\"https:\/\/www.swisslasik.ch\/wp-content\/uploads\/sites\/13\/2019\/02\/RTEmagicC_icon_withframe.gif.gif\" alt=\"\" width=\"14\" height=\"12\"><\/td>\n<td><img decoding=\"async\" src=\"https:\/\/www.swisslasik.ch\/wp-content\/uploads\/sites\/13\/2019\/02\/RTEmagicC_icon_withframe.gif.gif\" alt=\"\" width=\"14\" height=\"12\"><\/td>\n<td> <\/td>\n<\/tr>\n<tr>\n<td><strong>Premium<\/strong><\/td>\n<td><img decoding=\"async\" src=\"https:\/\/www.swisslasik.ch\/wp-content\/uploads\/sites\/13\/2019\/02\/RTEmagicC_icon_withframe.gif.gif\" alt=\"\" width=\"14\" height=\"12\"><\/td>\n<td><img decoding=\"async\" src=\"https:\/\/www.swisslasik.ch\/wp-content\/uploads\/sites\/13\/2019\/02\/RTEmagicC_icon_withframe.gif.gif\" alt=\"\" width=\"14\" height=\"12\"><\/td>\n<td><img decoding=\"async\" src=\"https:\/\/www.swisslasik.ch\/wp-content\/uploads\/sites\/13\/2019\/02\/RTEmagicC_icon_withframe.gif.gif\" alt=\"\" width=\"14\" height=\"12\"><\/td>\n<td><img decoding=\"async\" src=\"https:\/\/www.swisslasik.ch\/wp-content\/uploads\/sites\/13\/2019\/02\/RTEmagicC_icon_withframe.gif.gif\" alt=\"\" width=\"14\" height=\"12\"><\/td>\n<td><img decoding=\"async\" src=\"https:\/\/www.swisslasik.ch\/wp-content\/uploads\/sites\/13\/2019\/02\/RTEmagicC_icon_withframe.gif.gif\" alt=\"\" width=\"14\" height=\"12\"><\/td>\n<td><img decoding=\"async\" src=\"https:\/\/www.swisslasik.ch\/wp-content\/uploads\/sites\/13\/2019\/02\/RTEmagicC_icon_withframe.gif.gif\" alt=\"\" width=\"14\" height=\"12\"><\/td>\n<td><img decoding=\"async\" src=\"https:\/\/www.swisslasik.ch\/wp-content\/uploads\/sites\/13\/2019\/02\/RTEmagicC_icon_withframe.gif.gif\" alt=\"\" width=\"14\" height=\"12\"><\/td>\n<td><img decoding=\"async\" src=\"https:\/\/www.swisslasik.ch\/wp-content\/uploads\/sites\/13\/2019\/02\/RTEmagicC_icon_withframe.gif.gif\" alt=\"\" width=\"14\" height=\"12\"><\/td>\n<td><img decoding=\"async\" src=\"https:\/\/www.swisslasik.ch\/wp-content\/uploads\/sites\/13\/2019\/02\/RTEmagicC_icon_withframe.gif.gif\" alt=\"\" width=\"14\" height=\"12\"><\/td>\n<\/tr>\n<\/tbody>\n<\/table>\n<\/figure>\n\n<p>T\u00fcm fiyatlar de\u011fi\u015febilir. \u00d6zellikle yo\u011fun sezonlarda u\u00e7u\u015f ve otel fiyatlar\u0131 daha y\u00fcksek olabilir. SwissLasik, belirtilen havayollar\u0131 ve otellerin kalitesinden sorumlu de\u011fildir.  <\/p>\n\n<p><strong>H\u00e2l\u00e2 sorular\u0131n\u0131z var m\u0131?<\/strong><br><a href=\"https:\/\/swisslasik.ch\/kontakt\/\" data-type=\"page\" data-id=\"97\">Herhangi bir y\u00fck\u00fcml\u00fcl\u00fck alt\u0131na girmeden bizimle ileti\u015fime ge\u00e7mekten \u00e7ekinmeyin.<\/a> Antalya&#8217;da keyifli bir konaklama ge\u00e7irmenizi dileriz. <\/p>\n\t\t\t\t\t\t\t\t<\/div>\n\t\t\t\t\t<\/div>\n\t\t\t\t<\/div>\n\t\t\t\t<\/div>\n\t\t","protected":false},"excerpt":{"rendered":"<p>Antalya&#8217;da Lasik Maliyetler G\u00f6z lazer klini\u011fi teknoloji Antalya&#8217;da lazer g\u00f6z ameliyat\u0131n\u0131n maliyeti Antalya&#8217;da Lasik ameliyat\u0131n\u0131z i\u00e7in cazip tekliflerimiz ve fiyatlar\u0131m\u0131z \u015funlard\u0131r: T\u00fcm fiyatlar iki g\u00f6z i\u00e7indir. Teklif 1 \u2013 Standart teklif (Euro cinsinden) Performans Teklifimiz (\u20ac) Avrupa&#8217;daki ortalama maliyetler (\u20ac) Ayn\u0131 kaliteyle tasarruf H\u0131zl\u0131 Kontrol (1) \u00dccretsiz Femto- I- Lasik (2) 1\u2019190 \u20ac 3\u2019800 \u20ac 2\u2019610 \u20ac ReLex Smile-Lasik (2) 1\u2019990 \u20ac 5\u2019000 \u20ac 3\u2019010 \u20ac Fakik IOL lensler (2) ab 3\u2019640 \u20ac 8\u2019000 \u20ac 4\u2019360 \u20ac Torik ICL lensler (2) ab 4\u2019250 \u20ac 9\u2019000 \u20ac 4\u2019750 \u20ac \u00c7ok odakl\u0131 lensler (2) ab 3\u2019800 \u20ac 8\u2019000 \u20ac 4\u2019200 \u20ac 1) \u00dccretsiz k\u0131sa kontroller, Bern&#8217;deki ofisimizde veya dan\u0131\u015fma g\u00fcnlerimizde yap\u0131lmaktad\u0131r. 2) \u0130\u00e7indekiler: Tavsiye \u00d6n muayeneler ve tedavi, ayr\u0131ca ertesi g\u00fcn yap\u0131lacak muayene. Klinikte 2 gece konaklama ve kahvalt\u0131 dahil. Havaliman\u0131 ve Klinik Transferleri Swisslasikpass \u00d6deme\u00d6n \u00f6deme gerekmemektedir. T\u00fcm hizmetlerin bedeli Antalya&#8217;da \u00f6denmeli veya Swisslasik&#8217;e \u00f6nceden havale edilmelidir. Teklif 2 \u2013 Premium teklif (CHF cinsinden) Performans Teklifimiz (CHF cinsinden) \u0130svi\u00e7re&#8217;deki ortalama maliyetler (CHF cinsinden) Ayn\u0131 kalitede tasarruf H\u0131zl\u0131 Kontrol (1) \u00dccretsiz Femto- I- Lasik (2) ca. 1\u2019840 3\u2019800 1\u2019960 ReLEX Smile Lasik (2) ca. 2\u2019640 5\u2019000 2\u2019360 Fakik IOL lensler (2) ca. 4\u2019450 8\u2019000 3\u2019550 Torik ICL lensler (2) ca. 5\u2019050 9\u2019000 3\u2019950 \u00c7ok odakl\u0131 lensler (2) ca. 4\u2019450 8\u2019000 3\u2019550 Takip muayeneleri Fiyata dahildir Fiyata k\u0131smen dahildir Daha fazla bak\u0131m \u00dccretsiz k\u0131sa kontroller, Bern&#8217;deki ofisimizde veya dan\u0131\u015fma g\u00fcnlerimizde yap\u0131lmaktad\u0131r. \u0130\u00e7indekiler: Tavsiye U\u00e7u\u015f Havaliman\u0131 ve Klinik Transferleri Klinikte 2 gece konaklama ve kahvalt\u0131 \u00d6n muayeneler ve tedavi, ayr\u0131ca ertesi g\u00fcn yap\u0131lacak muayene. Ameliyattan sonraki bir y\u0131l i\u00e7inde \u0130svi\u00e7re&#8217;de en fazla 4 takip muayenesi. Swisslasikpass \u0130svi\u00e7re&#8217;de vergi indiriminden veya sa\u011fl\u0131k sigortan\u0131zdan geri \u00f6deme almak i\u00e7in ge\u00e7erli bir \u00f6deme onay\u0131 (bu se\u00e7enek kanton ve sa\u011fl\u0131k sigorta \u015firketine ba\u011fl\u0131d\u0131r). Di\u011fer se\u00e7eneklerYaln\u0131z seyahat etmek istemiyor musunuz? Sorun de\u011fil! Refakat\u00e7i \u00fccreti sadece 200 CHF&#8217;den ba\u015fl\u0131yor. Antalya&#8217;y\u0131 daha fazla ke\u015ffetmek mi istiyorsunuz?Yak\u0131ndaki otellerde konaklaman\u0131z\u0131 gecelik 70 CHF&#8217;den ba\u015flayan fiyatlarla uzatabilirsiniz. \u0130stek \u00fczerine ba\u015fka oteller de se\u00e7ebilirsiniz. L\u00fctfen \u00e7ok ucuz otellerden ka\u00e7\u0131n\u0131n. \u00d6demeT\u00fcm hizmetlerin bedeli SwissLasik&#8217;e \u00f6nceden \u00f6denmelidir. Bu nedenle Antalya&#8217;ya \u00e7ok fazla para g\u00f6t\u00fcrmenize gerek yoktur. \u00d6nemli not:\u0130stenirse, \u00f6zelle\u015ftirilmi\u015f paketler sunabiliriz. Ayr\u0131ca yukar\u0131da belirtilen hizmetlerden bir veya daha fazlas\u0131n\u0131 (\u00f6rne\u011fin u\u00e7ak bileti veya otel rezervasyonu) kendiniz de ayarlayabilirsiniz. Kar\u015f\u0131la\u015ft\u0131rma: Standart ve Premium Teklif ula\u015f\u0131m U\u00e7u\u015f Otel TR&#8217;de Kontrol operasyon CH&#8217;de Kontrol \u0130kinci ameliyat Swisslasik Ge\u00e7idi \u00d6deme onay\u0131 standart Premium T\u00fcm fiyatlar de\u011fi\u015febilir. \u00d6zellikle yo\u011fun sezonlarda u\u00e7u\u015f ve otel fiyatlar\u0131 daha y\u00fcksek olabilir. SwissLasik, belirtilen havayollar\u0131 ve otellerin kalitesinden sorumlu de\u011fildir. H\u00e2l\u00e2 sorular\u0131n\u0131z var m\u0131?Herhangi bir y\u00fck\u00fcml\u00fcl\u00fck alt\u0131na girmeden bizimle ileti\u015fime ge\u00e7mekten \u00e7ekinmeyin. Antalya&#8217;da keyifli bir konaklama ge\u00e7irmenizi dileriz.<\/p>\n","protected":false},"author":4,"featured_media":0,"parent":3458,"menu_order":0,"comment_status":"closed","ping_status":"closed","template":"","meta":{"_joinchat":[],"footnotes":""},"class_list":["post-3469","page","type-page","status-publish","hentry"],"acf":[],"_links":{"self":[{"href":"https:\/\/swisslasik.ch\/tr\/wp-json\/wp\/v2\/pages\/3469","targetHints":{"allow":["GET"]}}],"collection":[{"href":"https:\/\/swisslasik.ch\/tr\/wp-json\/wp\/v2\/pages"}],"about":[{"href":"https:\/\/swisslasik.ch\/tr\/wp-json\/wp\/v2\/types\/page"}],"author":[{"embeddable":true,"href":"https:\/\/swisslasik.ch\/tr\/wp-json\/wp\/v2\/users\/4"}],"replies":[{"embeddable":true,"href":"https:\/\/swisslasik.ch\/tr\/wp-json\/wp\/v2\/comments?post=3469"}],"version-history":[{"count":3,"href":"https:\/\/swisslasik.ch\/tr\/wp-json\/wp\/v2\/pages\/3469\/revisions"}],"predecessor-version":[{"id":3472,"href":"https:\/\/swisslasik.ch\/tr\/wp-json\/wp\/v2\/pages\/3469\/revisions\/3472"}],"up":[{"embeddable":true,"href":"https:\/\/swisslasik.ch\/tr\/wp-json\/wp\/v2\/pages\/3458"}],"wp:attachment":[{"href":"https:\/\/swisslasik.ch\/tr\/wp-json\/wp\/v2\/media?parent=3469"}],"curies":[{"name":"wp","href":"https:\/\/api.w.org\/{rel}","templated":true}]}}