{"id":3476,"date":"2025-09-17T13:15:24","date_gmt":"2025-09-17T12:15:24","guid":{"rendered":"https:\/\/swisslasik.ch\/lasik-teklifi\/antalyada-lasik-lazer-goez-ameliyati\/teknoloji\/"},"modified":"2026-01-08T14:22:42","modified_gmt":"2026-01-08T13:22:42","slug":"teknoloji","status":"publish","type":"page","link":"https:\/\/swisslasik.ch\/tr\/lasik-teklifi\/antalyada-lasik-lazer-goez-ameliyati\/teknoloji\/","title":{"rendered":"teknoloji"},"content":{"rendered":"\t\t<div data-elementor-type=\"wp-page\" data-elementor-id=\"3476\" class=\"elementor elementor-3476 elementor-39\" data-elementor-post-type=\"page\">\n\t\t\t\t<div class=\"elementor-element elementor-element-2e892b87 e-flex e-con-boxed wpr-particle-no wpr-jarallax-no wpr-parallax-no wpr-sticky-section-no wpr-equal-height-no e-con e-parent\" data-id=\"2e892b87\" data-element_type=\"container\" data-e-type=\"container\">\n\t\t\t\t\t<div class=\"e-con-inner\">\n\t\t<div class=\"elementor-element elementor-element-260e8fa e-con-full e-flex wpr-particle-no wpr-jarallax-no wpr-parallax-no wpr-sticky-section-no wpr-equal-height-no e-con e-child\" data-id=\"260e8fa\" data-element_type=\"container\" data-e-type=\"container\">\n\t\t\t\t<div class=\"elementor-element elementor-element-9dd53d1 elementor-widget elementor-widget-button\" data-id=\"9dd53d1\" data-element_type=\"widget\" data-e-type=\"widget\" data-widget_type=\"button.default\">\n\t\t\t\t\t\t\t\t\t\t<a class=\"elementor-button elementor-button-link elementor-size-sm\" href=\"https:\/\/swisslasik.ch\/tr\/lasik-teklifi\/antalyada-lasik-lazer-goez-ameliyati\/\">\n\t\t\t\t\t\t<span class=\"elementor-button-content-wrapper\">\n\t\t\t\t\t\t\t\t\t<span class=\"elementor-button-text\">Antalya'da Lasik<\/span>\n\t\t\t\t\t<\/span>\n\t\t\t\t\t<\/a>\n\t\t\t\t\t\t\t\t<\/div>\n\t\t\t\t<div class=\"elementor-element elementor-element-c29b4ef elementor-widget elementor-widget-button\" data-id=\"c29b4ef\" data-element_type=\"widget\" data-e-type=\"widget\" data-widget_type=\"button.default\">\n\t\t\t\t\t\t\t\t\t\t<a class=\"elementor-button elementor-button-link elementor-size-sm\" href=\"https:\/\/swisslasik.ch\/tr\/lasik-teklifi\/antalyada-lasik-lazer-goez-ameliyati\/antalyada-lazer-goez-ameliyatinin-maliyetleri-ve-fiyatlari\/\">\n\t\t\t\t\t\t<span class=\"elementor-button-content-wrapper\">\n\t\t\t\t\t\t\t\t\t<span class=\"elementor-button-text\">Maliyetler<\/span>\n\t\t\t\t\t<\/span>\n\t\t\t\t\t<\/a>\n\t\t\t\t\t\t\t\t<\/div>\n\t\t\t\t<div class=\"elementor-element elementor-element-ecba356 elementor-widget elementor-widget-button\" data-id=\"ecba356\" data-element_type=\"widget\" data-e-type=\"widget\" data-widget_type=\"button.default\">\n\t\t\t\t\t\t\t\t\t\t<a class=\"elementor-button elementor-button-link elementor-size-sm\" href=\"https:\/\/swisslasik.ch\/tr\/lasik-teklifi\/antalyada-lasik-lazer-goez-ameliyati\/antalya-duenya-lazer-goez-klinigi\/\">\n\t\t\t\t\t\t<span class=\"elementor-button-content-wrapper\">\n\t\t\t\t\t\t\t\t\t<span class=\"elementor-button-text\">G\u00f6z lazer klini\u011fi<\/span>\n\t\t\t\t\t<\/span>\n\t\t\t\t\t<\/a>\n\t\t\t\t\t\t\t\t<\/div>\n\t\t\t\t<div class=\"elementor-element elementor-element-b1514d3 elementor-widget elementor-widget-button\" data-id=\"b1514d3\" data-element_type=\"widget\" data-e-type=\"widget\" data-widget_type=\"button.default\">\n\t\t\t\t\t\t\t\t\t\t<a class=\"elementor-button elementor-button-link elementor-size-sm\" href=\"https:\/\/swisslasik.ch\/tr\/lasik-teklifi\/antalyada-lasik-lazer-goez-ameliyati\/teknoloji\/\">\n\t\t\t\t\t\t<span class=\"elementor-button-content-wrapper\">\n\t\t\t\t\t\t\t\t\t<span class=\"elementor-button-text\">teknoloji<\/span>\n\t\t\t\t\t<\/span>\n\t\t\t\t\t<\/a>\n\t\t\t\t\t\t\t\t<\/div>\n\t\t\t\t<\/div>\n\t\t\t\t<div class=\"elementor-element elementor-element-3c3c5ad6 elementor-widget elementor-widget-text-editor\" data-id=\"3c3c5ad6\" data-element_type=\"widget\" data-e-type=\"widget\" data-widget_type=\"text-editor.default\">\n\t\t\t\t\t\t\t\t\t\n<h2 class=\"wp-block-heading\">ANTALYA&#8217;DAK\u0130 EN MODERN TEKNOLOJ\u0130<\/h2>\n\n<p>Talyag\u00f6z G\u00f6z Klini\u011fi, merkezi Almanya&#8217;da bulunan Carl Zeiss Meditec \u015firketinin en yeni lazer teknolojilerini, eksimer lazer MEL 80, femtosaniye lazer VisuMax ve CRS-Master&#8217;\u0131 kullanmaktad\u0131r.<\/p>\n\n<p>Carl Zeiss Meditec, refraktif lazer g\u00f6z cerrahisi i\u00e7in VisuMax, Excimer Laser MEL 80 ve CRS-Master sistemleriyle birbiriyle kusursuz \u015fekilde uyumlu \u00fc\u00e7 \u00fcst d\u00fczey teknolojik \u00e7\u00f6z\u00fcm sunmaktad\u0131r. Ameliyat \u00f6ncesi detayl\u0131 tan\u0131lama, ki\u015fiye \u00f6zel tedavi planlamas\u0131, son derece hassas flap olu\u015fturulmas\u0131, ard\u0131ndan en y\u00fcksek do\u011frulukta refraktif d\u00fczeltme ve d\u00fczenli kontroller sayesinde hem hasta konforu sa\u011flan\u0131r hem de tedavi s\u00fcreci verimli \u015fekilde y\u00f6netilerek en iyi sonu\u00e7lar elde edilir. <\/p>\n\n<p><strong>Excimer Lazer Mel 80<\/strong><\/p>\n\n<p>Carl Zeiss Meditec\u2019in Excimer Laser MEL 80 sistemi, g\u00f6z bozukluklar\u0131n\u0131n d\u00fczeltilmesini daha nazik, daha ki\u015fiye \u00f6zel ve daha g\u00fcvenli h\u00e2le getiren \u00fcst d\u00fczey bir teknolojidir. Bu son derece modern platformun t\u00fcm parametreleri; y\u00fcksek verimlilik, en iyi tedavi sonu\u00e7lar\u0131 ve h\u0131zl\u0131 g\u00f6rme keskinli\u011fi kazan\u0131m\u0131 hedeflenerek geli\u015ftirilmi\u015ftir. \u00d6zellikle \u00e7ok y\u00fcksek ablasyon h\u0131z\u0131, g\u00fc\u00e7l\u00fc eye-tracker sistemi, opsiyonel CRS-Master ile ki\u015fiye \u00f6zel tedavi planlamas\u0131 ve torsiyon dengelemesi (eye registration) bu ba\u015far\u0131ya \u00f6nemli katk\u0131 sa\u011flar. Excimer Laser MEL 80 sayesinde tedavi s\u00fcresi belirgin \u015fekilde k\u0131salt\u0131labilmektedir.   <\/p>\n\n<p>Das hat entscheidende Vorteile:<\/p>\n\n<ul class=\"wp-block-list\">\n<li>Stroma tabakas\u0131 yaln\u0131zca k\u0131sa bir s\u00fcre i\u00e7in a\u00e7\u0131kta b\u0131rak\u0131l\u0131r; bu, dehidrasyonu \u00f6nler ve yenilenmeyi h\u0131zland\u0131r\u0131r.<\/li>\n\n<li>Lazer at\u0131\u015f deseninin termal olarak optimize edilmi\u015f da\u011f\u0131l\u0131m\u0131, y\u00fcksek ablasyon h\u0131z\u0131na ra\u011fmen stromay\u0131 korur.<\/li>\n\n<li>Hastalar \u00fczerindeki y\u00fck\u00fcn bir k\u0131sm\u0131 hafifliyor; sadece birka\u00e7 saniye boyunca sabitleme \u0131\u015f\u0131\u011f\u0131na odaklanmalar\u0131 gerekiyor.<\/li>\n<\/ul>\n\n<figure class=\"wp-block-image size-full\"><img fetchpriority=\"high\" decoding=\"async\" width=\"300\" height=\"198\" class=\"wp-image-180\" src=\"https:\/\/swisslasik.ch\/wp-content\/uploads\/2025\/09\/RTEmagicC_visumax_1.jpg.jpg\" alt=\"\"><\/figure>\n\n<p>VisuMax Femtosaniye Lazer<br>Yeni VisuMax femtosaniye lazer sistemi, son derece hassas ve ayn\u0131 zamanda g\u00f6ze en az m\u00fcdahale ile ameliyat yap\u0131lmas\u0131na olanak tan\u0131r. En son lazer teknolojisi ve yenilik\u00e7i optik sistemi sayesinde kornea kesileri \u00e7ok daha kesin ve g\u00fcvenli \u015fekilde ger\u00e7ekle\u015ftirilebilir. VisuMax\u2019\u0131n 500 kHz y\u00fcksek lazer at\u0131m frekans\u0131, tedavi s\u00fcrelerinin k\u0131salmas\u0131n\u0131 sa\u011flar. Kesim s\u00fcresi belirgin bi\u00e7imde azalt\u0131l\u0131r.   <\/p>\n\n<p>VisuMax steht f\u00fcr Leistung:<\/p>\n\n<ul class=\"wp-block-list\">\n<li>500 kHz lazer darbe frekans\u0131<\/li>\n\n<li>Schnelle, pr\u00e4zise Hornhautschnitte<\/li>\n\n<li>En son teknolojiye sahip tedavi se\u00e7enekleri<\/li>\n\n<li>Klinik verimlili\u011fin art\u0131r\u0131lmas\u0131<\/li>\n\n<li>Y\u00fcksek hasta konforu<\/li>\n<\/ul>\n\n<figure class=\"wp-block-image size-full\"><img decoding=\"async\" width=\"300\" height=\"200\" class=\"wp-image-182\" src=\"https:\/\/swisslasik.ch\/wp-content\/uploads\/2025\/09\/RTEmagicC_visumax_front.jpg.jpg\" alt=\"\"><\/figure>\n\n<p>CRS-Master<br>Ger\u00e7ek anlamda ki\u015fiye \u00f6zel bir tedavi planlamas\u0131 i\u00e7in en modern ara\u00e7lardan biri olan CRS-Master, dalga cephesi (wavefront) \u00f6l\u00e7\u00fcmleri ve kornea topografisi verilerini MEL 80 sistemine entegre eder. Bu sayede tamamen ki\u015fiye \u00f6zel bir tedavi program\u0131 olu\u015fturulabilir. Ayr\u0131ca hastaya ait di\u011fer \u00f6nemli verilerin de dikkate al\u0131nmas\u0131yla, lazer uygulamas\u0131n\u0131n \u00f6l\u00e7\u00fcye g\u00f6re yap\u0131lmas\u0131n\u0131 sa\u011flayan eksiksiz ve bireysel bir g\u00f6z profili elde edilir. <\/p>\n\n<figure class=\"wp-block-image size-full\"><img decoding=\"async\" width=\"300\" height=\"215\" class=\"wp-image-183\" src=\"https:\/\/swisslasik.ch\/wp-content\/uploads\/2025\/09\/RTEmagicC_visumaxdoktor.jpg.jpg\" alt=\"\"><\/figure>\n\t\t\t\t\t\t\t\t<\/div>\n\t\t\t\t\t<\/div>\n\t\t\t\t<\/div>\n\t\t\t\t<\/div>\n\t\t","protected":false},"excerpt":{"rendered":"<p>Antalya&#8217;da Lasik Maliyetler G\u00f6z lazer klini\u011fi teknoloji ANTALYA&#8217;DAK\u0130 EN MODERN TEKNOLOJ\u0130 Talyag\u00f6z G\u00f6z Klini\u011fi, merkezi Almanya&#8217;da bulunan Carl Zeiss Meditec \u015firketinin en yeni lazer teknolojilerini, eksimer lazer MEL 80, femtosaniye lazer VisuMax ve CRS-Master&#8217;\u0131 kullanmaktad\u0131r. Carl Zeiss Meditec, refraktif lazer g\u00f6z cerrahisi i\u00e7in VisuMax, Excimer Laser MEL 80 ve CRS-Master sistemleriyle birbiriyle kusursuz \u015fekilde uyumlu \u00fc\u00e7 \u00fcst d\u00fczey teknolojik \u00e7\u00f6z\u00fcm sunmaktad\u0131r. Ameliyat \u00f6ncesi detayl\u0131 tan\u0131lama, ki\u015fiye \u00f6zel tedavi planlamas\u0131, son derece hassas flap olu\u015fturulmas\u0131, ard\u0131ndan en y\u00fcksek do\u011frulukta refraktif d\u00fczeltme ve d\u00fczenli kontroller sayesinde hem hasta konforu sa\u011flan\u0131r hem de tedavi s\u00fcreci verimli \u015fekilde y\u00f6netilerek en iyi sonu\u00e7lar elde edilir. Excimer Lazer Mel 80 Carl Zeiss Meditec\u2019in Excimer Laser MEL 80 sistemi, g\u00f6z bozukluklar\u0131n\u0131n d\u00fczeltilmesini daha nazik, daha ki\u015fiye \u00f6zel ve daha g\u00fcvenli h\u00e2le getiren \u00fcst d\u00fczey bir teknolojidir. Bu son derece modern platformun t\u00fcm parametreleri; y\u00fcksek verimlilik, en iyi tedavi sonu\u00e7lar\u0131 ve h\u0131zl\u0131 g\u00f6rme keskinli\u011fi kazan\u0131m\u0131 hedeflenerek geli\u015ftirilmi\u015ftir. \u00d6zellikle \u00e7ok y\u00fcksek ablasyon h\u0131z\u0131, g\u00fc\u00e7l\u00fc eye-tracker sistemi, opsiyonel CRS-Master ile ki\u015fiye \u00f6zel tedavi planlamas\u0131 ve torsiyon dengelemesi (eye registration) bu ba\u015far\u0131ya \u00f6nemli katk\u0131 sa\u011flar. Excimer Laser MEL 80 sayesinde tedavi s\u00fcresi belirgin \u015fekilde k\u0131salt\u0131labilmektedir. Das hat entscheidende Vorteile: Stroma tabakas\u0131 yaln\u0131zca k\u0131sa bir s\u00fcre i\u00e7in a\u00e7\u0131kta b\u0131rak\u0131l\u0131r; bu, dehidrasyonu \u00f6nler ve yenilenmeyi h\u0131zland\u0131r\u0131r. Lazer at\u0131\u015f deseninin termal olarak optimize edilmi\u015f da\u011f\u0131l\u0131m\u0131, y\u00fcksek ablasyon h\u0131z\u0131na ra\u011fmen stromay\u0131 korur. Hastalar \u00fczerindeki y\u00fck\u00fcn bir k\u0131sm\u0131 hafifliyor; sadece birka\u00e7 saniye boyunca sabitleme \u0131\u015f\u0131\u011f\u0131na odaklanmalar\u0131 gerekiyor. VisuMax Femtosaniye LazerYeni VisuMax femtosaniye lazer sistemi, son derece hassas ve ayn\u0131 zamanda g\u00f6ze en az m\u00fcdahale ile ameliyat yap\u0131lmas\u0131na olanak tan\u0131r. En son lazer teknolojisi ve yenilik\u00e7i optik sistemi sayesinde kornea kesileri \u00e7ok daha kesin ve g\u00fcvenli \u015fekilde ger\u00e7ekle\u015ftirilebilir. VisuMax\u2019\u0131n 500 kHz y\u00fcksek lazer at\u0131m frekans\u0131, tedavi s\u00fcrelerinin k\u0131salmas\u0131n\u0131 sa\u011flar. Kesim s\u00fcresi belirgin bi\u00e7imde azalt\u0131l\u0131r. VisuMax steht f\u00fcr Leistung: 500 kHz lazer darbe frekans\u0131 Schnelle, pr\u00e4zise Hornhautschnitte En son teknolojiye sahip tedavi se\u00e7enekleri Klinik verimlili\u011fin art\u0131r\u0131lmas\u0131 Y\u00fcksek hasta konforu CRS-MasterGer\u00e7ek anlamda ki\u015fiye \u00f6zel bir tedavi planlamas\u0131 i\u00e7in en modern ara\u00e7lardan biri olan CRS-Master, dalga cephesi (wavefront) \u00f6l\u00e7\u00fcmleri ve kornea topografisi verilerini MEL 80 sistemine entegre eder. Bu sayede tamamen ki\u015fiye \u00f6zel bir tedavi program\u0131 olu\u015fturulabilir. Ayr\u0131ca hastaya ait di\u011fer \u00f6nemli verilerin de dikkate al\u0131nmas\u0131yla, lazer uygulamas\u0131n\u0131n \u00f6l\u00e7\u00fcye g\u00f6re yap\u0131lmas\u0131n\u0131 sa\u011flayan eksiksiz ve bireysel bir g\u00f6z profili elde edilir.<\/p>\n","protected":false},"author":4,"featured_media":0,"parent":3458,"menu_order":0,"comment_status":"closed","ping_status":"closed","template":"","meta":{"_joinchat":[],"footnotes":""},"class_list":["post-3476","page","type-page","status-publish","hentry"],"acf":[],"_links":{"self":[{"href":"https:\/\/swisslasik.ch\/tr\/wp-json\/wp\/v2\/pages\/3476","targetHints":{"allow":["GET"]}}],"collection":[{"href":"https:\/\/swisslasik.ch\/tr\/wp-json\/wp\/v2\/pages"}],"about":[{"href":"https:\/\/swisslasik.ch\/tr\/wp-json\/wp\/v2\/types\/page"}],"author":[{"embeddable":true,"href":"https:\/\/swisslasik.ch\/tr\/wp-json\/wp\/v2\/users\/4"}],"replies":[{"embeddable":true,"href":"https:\/\/swisslasik.ch\/tr\/wp-json\/wp\/v2\/comments?post=3476"}],"version-history":[{"count":3,"href":"https:\/\/swisslasik.ch\/tr\/wp-json\/wp\/v2\/pages\/3476\/revisions"}],"predecessor-version":[{"id":3479,"href":"https:\/\/swisslasik.ch\/tr\/wp-json\/wp\/v2\/pages\/3476\/revisions\/3479"}],"up":[{"embeddable":true,"href":"https:\/\/swisslasik.ch\/tr\/wp-json\/wp\/v2\/pages\/3458"}],"wp:attachment":[{"href":"https:\/\/swisslasik.ch\/tr\/wp-json\/wp\/v2\/media?parent=3476"}],"curies":[{"name":"wp","href":"https:\/\/api.w.org\/{rel}","templated":true}]}}