{"id":3480,"date":"2025-09-17T13:16:01","date_gmt":"2025-09-17T12:16:01","guid":{"rendered":"https:\/\/swisslasik.ch\/lasik-teklifi\/seyahat-tarihleri\/"},"modified":"2026-01-08T14:24:59","modified_gmt":"2026-01-08T13:24:59","slug":"seyahat-tarihleri","status":"publish","type":"page","link":"https:\/\/swisslasik.ch\/tr\/lasik-teklifi\/seyahat-tarihleri\/","title":{"rendered":"Seyahat tarihleri"},"content":{"rendered":"\n<h2 class=\"wp-block-heading\">G\u00d6Z LAZER CERRAH\u0130S\u0130 VER\u0130LER\u0130<\/h2>\n\n<p><strong>\u0130stanbul&#8217;da LASIK (lazer g\u00f6z ameliyat\u0131) seyahatiniz i\u00e7in ameliyat detaylar\u0131:<\/strong><\/p>\n\n<p>Tedaviler Pazartesi&#8217;den Cumartesi&#8217;ye her g\u00fcn mevcuttur. Bizimle g\u00f6r\u00fc\u015ft\u00fckten sonra kendi tarihinizi se\u00e7ebilirsiniz. <\/p>\n\n<p>Seyahatinizi tam olarak isteklerinize g\u00f6re organize edebiliriz. <a href=\"https:\/\/swisslasik.ch\/kontakt\/\" data-type=\"link\" data-id=\"https:\/\/swisslasik.ch\/kontakt\/\">L\u00fctfen bizimle ileti\u015fime ge\u00e7in.<\/a><\/p>\n\n<p>Kliniklerimizin kapal\u0131 oldu\u011fu baz\u0131 resmi tatiller \u015funlard\u0131r:<\/p>\n\n<p>1 Ocak: Yeni Y\u0131l G\u00fcn\u00fc<br\/>23 Nisan: \u00c7ocuk Bayram\u0131<br\/>1 May\u0131s: \u0130\u015f\u00e7i Bayram\u0131<br\/>19 May\u0131s: Gen\u00e7lik Bayram\u0131<br\/>Ramazan Bayram\u0131<br\/>15 Temmuz: Resmi Tatil<br\/>Kurban Bayram\u0131<br\/>30 A\u011fustos: Zafer G\u00fcn\u00fc<br\/>29 Ekim: Cumhuriyet Bayram\u0131<\/p>\n\n<p>T\u00fcrkiye&#8217;de Paskalya, Y\u00fckseli\u015f G\u00fcn\u00fc, Pentekost bayram\u0131 veya Noel yoktur.<\/p>\n\n<p>Bize diledi\u011finiz zaman <a href=\"mailto:augen@swisslasik.ch\">augen@swisslasik.ch<\/a> adresinden e-posta yoluyla ula\u015fabilirsiniz.<\/p>\n\n<p>SwissLasik size &#8220;sa\u011fl\u0131kl\u0131&#8221; bir g\u00fcn diler.<\/p>\n","protected":false},"excerpt":{"rendered":"<p>G\u00d6Z LAZER CERRAH\u0130S\u0130 VER\u0130LER\u0130 \u0130stanbul&#8217;da LASIK (lazer g\u00f6z ameliyat\u0131) seyahatiniz i\u00e7in ameliyat detaylar\u0131: Tedaviler Pazartesi&#8217;den Cumartesi&#8217;ye her g\u00fcn mevcuttur. Bizimle g\u00f6r\u00fc\u015ft\u00fckten sonra kendi tarihinizi se\u00e7ebilirsiniz. Seyahatinizi tam olarak isteklerinize g\u00f6re organize edebiliriz. L\u00fctfen bizimle ileti\u015fime ge\u00e7in. Kliniklerimizin kapal\u0131 oldu\u011fu baz\u0131 resmi tatiller \u015funlard\u0131r: 1 Ocak: Yeni Y\u0131l G\u00fcn\u00fc23 Nisan: \u00c7ocuk Bayram\u01311 May\u0131s: \u0130\u015f\u00e7i Bayram\u013119 May\u0131s: Gen\u00e7lik Bayram\u0131Ramazan Bayram\u013115 Temmuz: Resmi TatilKurban Bayram\u013130 A\u011fustos: Zafer G\u00fcn\u00fc29 Ekim: Cumhuriyet Bayram\u0131 T\u00fcrkiye&#8217;de Paskalya, Y\u00fckseli\u015f G\u00fcn\u00fc, Pentekost bayram\u0131 veya Noel yoktur. Bize diledi\u011finiz zaman augen@swisslasik.ch adresinden e-posta yoluyla ula\u015fabilirsiniz. SwissLasik size &#8220;sa\u011fl\u0131kl\u0131&#8221; bir g\u00fcn diler.<\/p>\n","protected":false},"author":4,"featured_media":0,"parent":3437,"menu_order":0,"comment_status":"closed","ping_status":"closed","template":"","meta":{"_joinchat":[],"footnotes":""},"class_list":["post-3480","page","type-page","status-publish","hentry"],"acf":[],"_links":{"self":[{"href":"https:\/\/swisslasik.ch\/tr\/wp-json\/wp\/v2\/pages\/3480","targetHints":{"allow":["GET"]}}],"collection":[{"href":"https:\/\/swisslasik.ch\/tr\/wp-json\/wp\/v2\/pages"}],"about":[{"href":"https:\/\/swisslasik.ch\/tr\/wp-json\/wp\/v2\/types\/page"}],"author":[{"embeddable":true,"href":"https:\/\/swisslasik.ch\/tr\/wp-json\/wp\/v2\/users\/4"}],"replies":[{"embeddable":true,"href":"https:\/\/swisslasik.ch\/tr\/wp-json\/wp\/v2\/comments?post=3480"}],"version-history":[{"count":1,"href":"https:\/\/swisslasik.ch\/tr\/wp-json\/wp\/v2\/pages\/3480\/revisions"}],"predecessor-version":[{"id":3481,"href":"https:\/\/swisslasik.ch\/tr\/wp-json\/wp\/v2\/pages\/3480\/revisions\/3481"}],"up":[{"embeddable":true,"href":"https:\/\/swisslasik.ch\/tr\/wp-json\/wp\/v2\/pages\/3437"}],"wp:attachment":[{"href":"https:\/\/swisslasik.ch\/tr\/wp-json\/wp\/v2\/media?parent=3480"}],"curies":[{"name":"wp","href":"https:\/\/api.w.org\/{rel}","templated":true}]}}