{"id":3482,"date":"2025-09-17T13:26:10","date_gmt":"2025-09-17T12:26:10","guid":{"rendered":"https:\/\/swisslasik.ch\/lazer-goez-ameliyati-tuerkiye-istanbul\/"},"modified":"2026-01-08T14:38:13","modified_gmt":"2026-01-08T13:38:13","slug":"lazer-goez-ameliyati-tuerkiye-istanbul","status":"publish","type":"page","link":"https:\/\/swisslasik.ch\/tr\/lazer-goez-ameliyati-tuerkiye-istanbul\/","title":{"rendered":"Lazer g\u00f6z ameliyat\u0131 T\u00fcrkiye \u0130stanbul"},"content":{"rendered":"\t\t<div data-elementor-type=\"wp-page\" data-elementor-id=\"3482\" class=\"elementor elementor-3482 elementor-63\" data-elementor-post-type=\"page\">\n\t\t\t\t<div class=\"elementor-element elementor-element-1f81f8fe e-flex e-con-boxed wpr-particle-no wpr-jarallax-no wpr-parallax-no wpr-sticky-section-no wpr-equal-height-no e-con e-parent\" data-id=\"1f81f8fe\" data-element_type=\"container\" data-e-type=\"container\">\n\t\t\t\t\t<div class=\"e-con-inner\">\n\t\t<div class=\"elementor-element elementor-element-2fa32f2 e-con-full e-flex wpr-particle-no wpr-jarallax-no wpr-parallax-no wpr-sticky-section-no wpr-equal-height-no e-con e-child\" data-id=\"2fa32f2\" data-element_type=\"container\" data-e-type=\"container\">\n\t\t\t\t<div class=\"elementor-element elementor-element-def46d3 elementor-widget elementor-widget-button\" data-id=\"def46d3\" data-element_type=\"widget\" data-e-type=\"widget\" data-widget_type=\"button.default\">\n\t\t\t\t\t\t\t\t\t\t<a class=\"elementor-button elementor-button-link elementor-size-sm\" href=\"https:\/\/swisslasik.ch\/tr\/lazer-goez-ameliyati-tuerkiye-istanbul\/\">\n\t\t\t\t\t\t<span class=\"elementor-button-content-wrapper\">\n\t\t\t\t\t\t\t\t\t<span class=\"elementor-button-text\">Lazer g\u00f6z ameliyat\u0131<\/span>\n\t\t\t\t\t<\/span>\n\t\t\t\t\t<\/a>\n\t\t\t\t\t\t\t\t<\/div>\n\t\t\t\t<div class=\"elementor-element elementor-element-2f4c8bb elementor-widget elementor-widget-button\" data-id=\"2f4c8bb\" data-element_type=\"widget\" data-e-type=\"widget\" data-widget_type=\"button.default\">\n\t\t\t\t\t\t\t\t\t\t<a class=\"elementor-button elementor-button-link elementor-size-sm\" href=\"https:\/\/swisslasik.ch\/augen-lasern\/relex-smile-lasik\/\">\n\t\t\t\t\t\t<span class=\"elementor-button-content-wrapper\">\n\t\t\t\t\t\t\t\t\t<span class=\"elementor-button-text\">ReLex Smile Lasik<\/span>\n\t\t\t\t\t<\/span>\n\t\t\t\t\t<\/a>\n\t\t\t\t\t\t\t\t<\/div>\n\t\t\t\t<div class=\"elementor-element elementor-element-18cd44b elementor-widget elementor-widget-button\" data-id=\"18cd44b\" data-element_type=\"widget\" data-e-type=\"widget\" data-widget_type=\"button.default\">\n\t\t\t\t\t\t\t\t\t\t<a class=\"elementor-button elementor-button-link elementor-size-sm\" href=\"https:\/\/swisslasik.ch\/augen-lasern\/linsenimplantation\/\">\n\t\t\t\t\t\t<span class=\"elementor-button-content-wrapper\">\n\t\t\t\t\t\t\t\t\t<span class=\"elementor-button-text\">Lens implantasyonu<\/span>\n\t\t\t\t\t<\/span>\n\t\t\t\t\t<\/a>\n\t\t\t\t\t\t\t\t<\/div>\n\t\t\t\t<div class=\"elementor-element elementor-element-ffbb7c4 elementor-widget elementor-widget-button\" data-id=\"ffbb7c4\" data-element_type=\"widget\" data-e-type=\"widget\" data-widget_type=\"button.default\">\n\t\t\t\t\t\t\t\t\t\t<a class=\"elementor-button elementor-button-link elementor-size-sm\" href=\"https:\/\/swisslasik.ch\/augen-lasern\/multifokallinsen\/\">\n\t\t\t\t\t\t<span class=\"elementor-button-content-wrapper\">\n\t\t\t\t\t\t\t\t\t<span class=\"elementor-button-text\">\u00c7ok odakl\u0131 lensler<\/span>\n\t\t\t\t\t<\/span>\n\t\t\t\t\t<\/a>\n\t\t\t\t\t\t\t\t<\/div>\n\t\t\t\t<div class=\"elementor-element elementor-element-53710f3 elementor-widget elementor-widget-button\" data-id=\"53710f3\" data-element_type=\"widget\" data-e-type=\"widget\" data-widget_type=\"button.default\">\n\t\t\t\t\t\t\t\t\t\t<a class=\"elementor-button elementor-button-link elementor-size-sm\" href=\"https:\/\/swisslasik.ch\/augen-lasern\/wer-ist-geeignet\/\">\n\t\t\t\t\t\t<span class=\"elementor-button-content-wrapper\">\n\t\t\t\t\t\t\t\t\t<span class=\"elementor-button-text\">Kimler uygun?<\/span>\n\t\t\t\t\t<\/span>\n\t\t\t\t\t<\/a>\n\t\t\t\t\t\t\t\t<\/div>\n\t\t\t\t<div class=\"elementor-element elementor-element-ac7dbab elementor-widget elementor-widget-button\" data-id=\"ac7dbab\" data-element_type=\"widget\" data-e-type=\"widget\" data-widget_type=\"button.default\">\n\t\t\t\t\t\t\t\t\t\t<a class=\"elementor-button elementor-button-link elementor-size-sm\" href=\"https:\/\/swisslasik.ch\/augen-lasern\/operationsablauf\/\">\n\t\t\t\t\t\t<span class=\"elementor-button-content-wrapper\">\n\t\t\t\t\t\t\t\t\t<span class=\"elementor-button-text\">Operasyonel prosed\u00fcr<\/span>\n\t\t\t\t\t<\/span>\n\t\t\t\t\t<\/a>\n\t\t\t\t\t\t\t\t<\/div>\n\t\t\t\t<div class=\"elementor-element elementor-element-0f1e655 elementor-widget elementor-widget-button\" data-id=\"0f1e655\" data-element_type=\"widget\" data-e-type=\"widget\" data-widget_type=\"button.default\">\n\t\t\t\t\t\t\t\t\t\t<a class=\"elementor-button elementor-button-link elementor-size-sm\" href=\"https:\/\/swisslasik.ch\/augen-lasern\/risiken\/\">\n\t\t\t\t\t\t<span class=\"elementor-button-content-wrapper\">\n\t\t\t\t\t\t\t\t\t<span class=\"elementor-button-text\">Riskler<\/span>\n\t\t\t\t\t<\/span>\n\t\t\t\t\t<\/a>\n\t\t\t\t\t\t\t\t<\/div>\n\t\t\t\t<\/div>\n\t\t\t\t<div class=\"elementor-element elementor-element-2cb1484 elementor-widget elementor-widget-text-editor\" data-id=\"2cb1484\" data-element_type=\"widget\" data-e-type=\"widget\" data-widget_type=\"text-editor.default\">\n\t\t\t\t\t\t\t\t\t\n<h2 class=\"wp-block-heading\">G\u00d6Z LAZER AMEL\u0130YATI<\/h2>\n\n<p>Burada lazer g\u00f6z ameliyat\u0131 ve lens implantasyonu konusu hakk\u0131nda detayl\u0131 bilgi bulacaks\u0131n\u0131z.<\/p>\n\n<ul class=\"wp-block-list\">\n<li>\n<ul class=\"wp-block-list\">\n<li><strong>Lazer g\u00f6z ameliyat\u0131 (kornea prosed\u00fcr\u00fc):<\/strong><\/li>\n<\/ul>\n<\/li>\n<\/ul>\n\n<p>Pratikte iki farkl\u0131 kornea ameliyat\u0131 y\u00f6ntemi bulunmaktad\u0131r.<\/p>\n\n<ol class=\"wp-block-list\">\n<li>\n<ul class=\"wp-block-list\">\n<li>Lasik<\/li>\n\n<li>Lasek<\/li>\n<\/ul>\n<\/li>\n<\/ol>\n\n<ul class=\"wp-block-list\">\n<li>\n<ul class=\"wp-block-list\">\n<li>\n<ul class=\"wp-block-list\">\n<li>LASIK \u2013 Laser in situ Keratomileusis<br>LASIK kelimesi serbest\u00e7e \u00e7evrildi\u011finde, lazer y\u00f6ntemiyle kornean\u0131n i\u00e7 k\u0131sm\u0131nda \u015fekil de\u011fi\u015fikli\u011fi anlam\u0131na gelir. 1990 y\u0131l\u0131ndan bu yana bu y\u00f6ntemle yakla\u015f\u0131k 12 milyon g\u00f6z lazer tedavisi uygulanm\u0131\u015ft\u0131r. LASIK ile t\u00fcm g\u00f6rme bozukluklar\u0131n\u0131n yakla\u015f\u0131k y\u00fczde 90\u2019\u0131 d\u00fczeltilebilmektedir. Geni\u015f kullan\u0131m alan\u0131 ve h\u0131zl\u0131 iyile\u015fme s\u00fcreci sayesinde, a\u011fr\u0131s\u0131z, teknik olarak geli\u015fmi\u015f ve son derece hassas olan bu operasyon d\u00fcnya genelinde giderek daha fazla tercih edilmektedir. Genel olarak, g\u00f6rme bozuklu\u011fu ne kadar d\u00fc\u015f\u00fckse LASIK y\u00f6ntemi o kadar y\u00fcksek hassasiyetle sonu\u00e7 verir. Uygulamada LASIK; hafif ve orta dereceli miyopluk, hafif hipermetropi ve hafif astigmat\u0131n d\u00fczeltilmesinde kullan\u0131l\u0131r. LASIK i\u015flemi ayakta, yani hastanede yat\u0131\u015f gerektirmeden yap\u0131l\u0131r. Lazerle yap\u0131lan bu doku \u015fekillendirme i\u015flemi 30 ile 90 saniye aras\u0131nda s\u00fcrer. Eye-tracking yani bak\u0131\u015f takip sistemi, g\u00f6zlerin istemsiz hareket etmesi durumunda lazer \u0131\u015f\u0131n\u0131n\u0131n ayar\u0131n\u0131 saniyede y\u00fczlerce kez kontrol ederek s\u00fcrekli denetim sa\u011flar.<br>LASIK y\u00f6nteminin \u00f6nemli noktalar\u0131:      \n<ul>\n<li>Elde edilen etkinin hassasiyeti ve kararl\u0131l\u0131\u011f\u0131 son derece y\u00fcksektir. K\u0131r\u0131lma kusurunun d\u00fczeltilmesi kornea i\u00e7inde ger\u00e7ekle\u015fir. Ameliyat s\u0131ras\u0131nda ve sonras\u0131nda a\u011fr\u0131 olmaz.<\/li>\n<\/ul>\nPratikte, LASIK&#8217;in \u00fc\u00e7 farkl\u0131 uygulama y\u00f6ntemi vard\u0131r:\n<ul>\n<li>Standart LASIK (mikrokeratom ile) Femto LASIK (lazer keratom ile) <strong><a href=\"https:\/\/swisslasik.ch\/augen-lasern\/relex-smile-lasik\/\" data-type=\"page\" data-id=\"65\">ReLex Smile LASIK<\/a><\/strong>\n<ul>\n<li><strong>Standart Lasik (mikrokeratom ile)<\/strong><\/li>\n<\/ul>\n<\/li>\n<\/ul>\n\u0130lk olarak doktor g\u00f6z kapa\u011f\u0131n\u0131 temizler. Ard\u0131ndan g\u00f6z kapa\u011f\u0131n\u0131 sabitlemek i\u00e7in bir kapak tutucu yerle\u015ftirilir. Bu y\u00f6ntemde, mikrokeratom ad\u0131 verilen bilgisayar kontroll\u00fc bir b\u0131\u00e7akla kornean\u0131n \u00fcst y\u00fczeyinden ince bir tabaka kald\u0131r\u0131l\u0131r ve bu tabaka korneaya sadece dar bir ba\u011flant\u0131 noktas\u0131yla ba\u011fl\u0131 kal\u0131r. Bu y\u00f6ntem T\u00fcrkiye\u2019de art\u0131k neredeyse hi\u00e7 kullan\u0131lmamaktad\u0131r. Ne yaz\u0131k ki \u0130svi\u00e7re\u2019de bu y\u00f6ntemi h\u00e2l\u00e2 sunan ucuz g\u00f6z lazer merkezleri bulunmaktad\u0131r. Bu t\u00fcr merkezlerden kesinlikle uzak durman\u0131z\u0131 tavsiye ederiz.   \n<ul>\n<li style=\"list-style-type: none;\">\n<ul>\n<li><strong>Femto LASIK (Intralase prosed\u00fcr\u00fc &#8211; lazer keratom ile) &#8211; I LASIK<\/strong><\/li>\n<\/ul>\n<\/li>\n<\/ul>\nFemto-LASIK, di\u011fer ad\u0131yla Femtosaniye LASIK, Laser-LASIK veya Intra-LASIK (ILASIK), miyop, hipermetrop ve astigmat tedavisinde kullan\u0131lan yeni nesil bir g\u00f6z lazer y\u00f6ntemidir. Femto-LASIK\u2019te excimer lazere ek olarak femtosaniye lazeri kullan\u0131l\u0131r. Daha \u00f6nce LASIK uygulamalar\u0131nda, mikrokeratom ad\u0131 verilen \u00f6zel bir mekanik aletle korneadan ince bir tabaka yani flap kesilir ve kald\u0131r\u0131l\u0131rd\u0131. Modern Femto-LASIK y\u00f6nteminde ise femtosaniye lazeri mikrokeratomun yerini al\u0131r ve b\u00f6ylece LASIK i\u015flemi ilk kez tamamen mekanik alet kullan\u0131lmadan ger\u00e7ekle\u015ftirilebilir. Lazerle yap\u0131lan kesiden sonra kornean\u0131n \u00fcst tabakas\u0131 a\u00e7\u0131l\u0131r ve t\u0131pk\u0131 klasik LASIK\u2019te oldu\u011fu gibi excimer lazer ile kornea yeniden \u015fekillendirilerek g\u00f6rme bozuklu\u011fu d\u00fczeltilir.    \n<ul class=\"wp-block-list\">\n<li>ReLEx SMILE LASIK (\u00fc\u00e7\u00fcnc\u00fc nesil g\u00f6z lazeri)<br>ReLEx SMILE tedavisi, Femto-LASIK y\u00f6nteminin daha da geli\u015ftirilmi\u015f h\u00e2lidir ve g\u00f6rme bozukluklar\u0131n\u0131n son derece g\u00fcvenli ve nazik bir \u015fekilde d\u00fczeltilmesini sa\u011flar. En \u00f6nemli avantaj\u0131 \u015fudur: ReLEx SMILE ile g\u00f6z, flap olu\u015fturulmadan lazerlenir ve LASIK\u2019te oldu\u011fu gibi kornea geni\u015f bir alandan a\u00e7\u0131lmak zorunda kalmaz. \u00d6zel bir femtosaniye lazeri, kornean\u0131n i\u00e7 k\u0131sm\u0131nda ince ve \u00fc\u00e7 boyutlu bir doku par\u00e7as\u0131 haz\u0131rlar ve bu par\u00e7a korneada yaln\u0131zca yakla\u015f\u0131k 2 mm\u2019lik k\u00fc\u00e7\u00fck bir giri\u015ften \u00e7\u0131kar\u0131l\u0131r. Bu y\u00f6ntem g\u00f6z\u00fc korur, kornea yap\u0131s\u0131 stabil kal\u0131r ve flap kaynakl\u0131 komplikasyonlar tamamen ortadan kalkar. Minimal invaziv olan bu tedavi, miyopluk, astigmat ve \u00f6zellikle kuru g\u00f6z problemi olan hastalarda birinci tercihimizdir. Daha fazla bilgiyi <a href=\"https:\/\/swisslasik.ch\/augen-lasern\/relex-smile-lasik\/\" data-type=\"page\" data-id=\"65\"><strong>burada <\/strong><\/a>bulabilirsiniz.     <\/li>\n<\/ul>\n<\/li>\n<\/ul>\n<\/li>\n<\/ul>\n<\/li>\n<\/ul>\n\n<ul class=\"wp-block-list\">\n<li>LASEK (Laser Epitelyal Keratomileusis)<br>LASEK i\u015flemi, PRK ile LASIK y\u00f6ntemleri aras\u0131nda yer alan bir g\u00f6z lazer tekni\u011fidir. G\u00f6rece d\u00fc\u015f\u00fck dereceli g\u00f6rme bozuklu\u011fu olan ki\u015filerde uygulanabilir. Bu s\u0131n\u0131rlar; miyopluk ve astigmat i\u00e7in 4 diyoptriye kadar, hipermetrop i\u00e7in ise 3,5 diyoptriye kadar olan de\u011ferleri kapsar. Ayr\u0131ca korneas\u0131 LASIK i\u00e7in yeterince kal\u0131n olmayan hastalarda tercih edilir. LASIK ameliyat\u0131ndan farkl\u0131 olarak kornean\u0131n arka k\u0131sm\u0131 de\u011fil, \u00f6n y\u00fczeyi tedavi edilir. \u0130\u015flem \u00f6ncesinde alkol i\u00e7eren \u00f6zel bir sol\u00fcsyon yard\u0131m\u0131yla kornean\u0131n \u00fcst tabakas\u0131 kald\u0131r\u0131l\u0131r. Tedaviden sonra bu tabaka tekrar eski yerine yerle\u015ftirilir ve kendili\u011finden yeniden kayna\u015f\u0131r.   <\/li>\n<\/ul>\n\n<ul class=\"wp-block-list\">\n<li>\n<ul class=\"wp-block-list\">\n<li><strong>Lens prosed\u00fcr\u00fc<\/strong><\/li>\n<\/ul>\n<\/li>\n<\/ul>\n\n<p>Kornea y\u00fczey yenileme i\u015flemi, y\u00fcksek refraktif kusurlar i\u00e7in do\u011fal bir s\u0131n\u0131ra ula\u015f\u0131r ve bu s\u0131n\u0131r a\u015f\u0131lmamal\u0131d\u0131r. Miyopi i\u00e7in bu s\u0131n\u0131r yakla\u015f\u0131k -10 diyoptri, hiperopi i\u00e7in ise +4 diyoptri civar\u0131nda ba\u015flar. Bu i\u015flem presbiyopi tedavisinde de kullan\u0131l\u0131r.   Daha fazla bilgiyi burada bulabilirsiniz.<\/p>\n\t\t\t\t\t\t\t\t<\/div>\n\t\t\t\t\t<\/div>\n\t\t\t\t<\/div>\n\t\t\t\t<\/div>\n\t\t","protected":false},"excerpt":{"rendered":"<p>Lazer g\u00f6z ameliyat\u0131 ReLex Smile Lasik Lens implantasyonu \u00c7ok odakl\u0131 lensler Kimler uygun? Operasyonel prosed\u00fcr Riskler G\u00d6Z LAZER AMEL\u0130YATI Burada lazer g\u00f6z ameliyat\u0131 ve lens implantasyonu konusu hakk\u0131nda detayl\u0131 bilgi bulacaks\u0131n\u0131z. Lazer g\u00f6z ameliyat\u0131 (kornea prosed\u00fcr\u00fc): Pratikte iki farkl\u0131 kornea ameliyat\u0131 y\u00f6ntemi bulunmaktad\u0131r. Lasik Lasek LASIK \u2013 Laser in situ KeratomileusisLASIK kelimesi serbest\u00e7e \u00e7evrildi\u011finde, lazer y\u00f6ntemiyle kornean\u0131n i\u00e7 k\u0131sm\u0131nda \u015fekil de\u011fi\u015fikli\u011fi anlam\u0131na gelir. 1990 y\u0131l\u0131ndan bu yana bu y\u00f6ntemle yakla\u015f\u0131k 12 milyon g\u00f6z lazer tedavisi uygulanm\u0131\u015ft\u0131r. LASIK ile t\u00fcm g\u00f6rme bozukluklar\u0131n\u0131n yakla\u015f\u0131k y\u00fczde 90\u2019\u0131 d\u00fczeltilebilmektedir. Geni\u015f kullan\u0131m alan\u0131 ve h\u0131zl\u0131 iyile\u015fme s\u00fcreci sayesinde, a\u011fr\u0131s\u0131z, teknik olarak geli\u015fmi\u015f ve son derece hassas olan bu operasyon d\u00fcnya genelinde giderek daha fazla tercih edilmektedir. Genel olarak, g\u00f6rme bozuklu\u011fu ne kadar d\u00fc\u015f\u00fckse LASIK y\u00f6ntemi o kadar y\u00fcksek hassasiyetle sonu\u00e7 verir. Uygulamada LASIK; hafif ve orta dereceli miyopluk, hafif hipermetropi ve hafif astigmat\u0131n d\u00fczeltilmesinde kullan\u0131l\u0131r. LASIK i\u015flemi ayakta, yani hastanede yat\u0131\u015f gerektirmeden yap\u0131l\u0131r. Lazerle yap\u0131lan bu doku \u015fekillendirme i\u015flemi 30 ile 90 saniye aras\u0131nda s\u00fcrer. Eye-tracking yani bak\u0131\u015f takip sistemi, g\u00f6zlerin istemsiz hareket etmesi durumunda lazer \u0131\u015f\u0131n\u0131n\u0131n ayar\u0131n\u0131 saniyede y\u00fczlerce kez kontrol ederek s\u00fcrekli denetim sa\u011flar.LASIK y\u00f6nteminin \u00f6nemli noktalar\u0131: Elde edilen etkinin hassasiyeti ve kararl\u0131l\u0131\u011f\u0131 son derece y\u00fcksektir. K\u0131r\u0131lma kusurunun d\u00fczeltilmesi kornea i\u00e7inde ger\u00e7ekle\u015fir. Ameliyat s\u0131ras\u0131nda ve sonras\u0131nda a\u011fr\u0131 olmaz. Pratikte, LASIK&#8217;in \u00fc\u00e7 farkl\u0131 uygulama y\u00f6ntemi vard\u0131r: Standart LASIK (mikrokeratom ile) Femto LASIK (lazer keratom ile) ReLex Smile LASIK Standart Lasik (mikrokeratom ile) \u0130lk olarak doktor g\u00f6z kapa\u011f\u0131n\u0131 temizler. Ard\u0131ndan g\u00f6z kapa\u011f\u0131n\u0131 sabitlemek i\u00e7in bir kapak tutucu yerle\u015ftirilir. Bu y\u00f6ntemde, mikrokeratom ad\u0131 verilen bilgisayar kontroll\u00fc bir b\u0131\u00e7akla kornean\u0131n \u00fcst y\u00fczeyinden ince bir tabaka kald\u0131r\u0131l\u0131r ve bu tabaka korneaya sadece dar bir ba\u011flant\u0131 noktas\u0131yla ba\u011fl\u0131 kal\u0131r. Bu y\u00f6ntem T\u00fcrkiye\u2019de art\u0131k neredeyse hi\u00e7 kullan\u0131lmamaktad\u0131r. Ne yaz\u0131k ki \u0130svi\u00e7re\u2019de bu y\u00f6ntemi h\u00e2l\u00e2 sunan ucuz g\u00f6z lazer merkezleri bulunmaktad\u0131r. Bu t\u00fcr merkezlerden kesinlikle uzak durman\u0131z\u0131 tavsiye ederiz. Femto LASIK (Intralase prosed\u00fcr\u00fc &#8211; lazer keratom ile) &#8211; I LASIK Femto-LASIK, di\u011fer ad\u0131yla Femtosaniye LASIK, Laser-LASIK veya Intra-LASIK (ILASIK), miyop, hipermetrop ve astigmat tedavisinde kullan\u0131lan yeni nesil bir g\u00f6z lazer y\u00f6ntemidir. Femto-LASIK\u2019te excimer lazere ek olarak femtosaniye lazeri kullan\u0131l\u0131r. Daha \u00f6nce LASIK uygulamalar\u0131nda, mikrokeratom ad\u0131 verilen \u00f6zel bir mekanik aletle korneadan ince bir tabaka yani flap kesilir ve kald\u0131r\u0131l\u0131rd\u0131. Modern Femto-LASIK y\u00f6nteminde ise femtosaniye lazeri mikrokeratomun yerini al\u0131r ve b\u00f6ylece LASIK i\u015flemi ilk kez tamamen mekanik alet kullan\u0131lmadan ger\u00e7ekle\u015ftirilebilir. Lazerle yap\u0131lan kesiden sonra kornean\u0131n \u00fcst tabakas\u0131 a\u00e7\u0131l\u0131r ve t\u0131pk\u0131 klasik LASIK\u2019te oldu\u011fu gibi excimer lazer ile kornea yeniden \u015fekillendirilerek g\u00f6rme bozuklu\u011fu d\u00fczeltilir. ReLEx SMILE LASIK (\u00fc\u00e7\u00fcnc\u00fc nesil g\u00f6z lazeri)ReLEx SMILE tedavisi, Femto-LASIK y\u00f6nteminin daha da geli\u015ftirilmi\u015f h\u00e2lidir ve g\u00f6rme bozukluklar\u0131n\u0131n son derece g\u00fcvenli ve nazik bir \u015fekilde d\u00fczeltilmesini sa\u011flar. En \u00f6nemli avantaj\u0131 \u015fudur: ReLEx SMILE ile g\u00f6z, flap olu\u015fturulmadan lazerlenir ve LASIK\u2019te oldu\u011fu gibi kornea geni\u015f bir alandan a\u00e7\u0131lmak zorunda kalmaz. \u00d6zel bir femtosaniye lazeri, kornean\u0131n i\u00e7 k\u0131sm\u0131nda ince ve \u00fc\u00e7 boyutlu bir doku par\u00e7as\u0131 haz\u0131rlar ve bu par\u00e7a korneada yaln\u0131zca yakla\u015f\u0131k 2 mm\u2019lik k\u00fc\u00e7\u00fck bir giri\u015ften \u00e7\u0131kar\u0131l\u0131r. Bu y\u00f6ntem g\u00f6z\u00fc korur, kornea yap\u0131s\u0131 stabil kal\u0131r ve flap kaynakl\u0131 komplikasyonlar tamamen ortadan kalkar. Minimal invaziv olan bu tedavi, miyopluk, astigmat ve \u00f6zellikle kuru g\u00f6z problemi olan hastalarda birinci tercihimizdir. Daha fazla bilgiyi burada bulabilirsiniz. LASEK (Laser Epitelyal Keratomileusis)LASEK i\u015flemi, PRK ile LASIK y\u00f6ntemleri aras\u0131nda yer alan bir g\u00f6z lazer tekni\u011fidir. G\u00f6rece d\u00fc\u015f\u00fck dereceli g\u00f6rme bozuklu\u011fu olan ki\u015filerde uygulanabilir. Bu s\u0131n\u0131rlar; miyopluk ve astigmat i\u00e7in 4 diyoptriye kadar, hipermetrop i\u00e7in ise 3,5 diyoptriye kadar olan de\u011ferleri kapsar. Ayr\u0131ca korneas\u0131 LASIK i\u00e7in yeterince kal\u0131n olmayan hastalarda tercih edilir. LASIK ameliyat\u0131ndan farkl\u0131 olarak kornean\u0131n arka k\u0131sm\u0131 de\u011fil, \u00f6n y\u00fczeyi tedavi edilir. \u0130\u015flem \u00f6ncesinde alkol i\u00e7eren \u00f6zel bir sol\u00fcsyon yard\u0131m\u0131yla kornean\u0131n \u00fcst tabakas\u0131 kald\u0131r\u0131l\u0131r. Tedaviden sonra bu tabaka tekrar eski yerine yerle\u015ftirilir ve kendili\u011finden yeniden kayna\u015f\u0131r. Lens prosed\u00fcr\u00fc Kornea y\u00fczey yenileme i\u015flemi, y\u00fcksek refraktif kusurlar i\u00e7in do\u011fal bir s\u0131n\u0131ra ula\u015f\u0131r ve bu s\u0131n\u0131r a\u015f\u0131lmamal\u0131d\u0131r. Miyopi i\u00e7in bu s\u0131n\u0131r yakla\u015f\u0131k -10 diyoptri, hiperopi i\u00e7in ise +4 diyoptri civar\u0131nda ba\u015flar. Bu i\u015flem presbiyopi tedavisinde de kullan\u0131l\u0131r. Daha fazla bilgiyi burada bulabilirsiniz.<\/p>\n","protected":false},"author":4,"featured_media":0,"parent":0,"menu_order":0,"comment_status":"closed","ping_status":"closed","template":"","meta":{"_joinchat":[],"footnotes":""},"class_list":["post-3482","page","type-page","status-publish","hentry"],"acf":[],"_links":{"self":[{"href":"https:\/\/swisslasik.ch\/tr\/wp-json\/wp\/v2\/pages\/3482","targetHints":{"allow":["GET"]}}],"collection":[{"href":"https:\/\/swisslasik.ch\/tr\/wp-json\/wp\/v2\/pages"}],"about":[{"href":"https:\/\/swisslasik.ch\/tr\/wp-json\/wp\/v2\/types\/page"}],"author":[{"embeddable":true,"href":"https:\/\/swisslasik.ch\/tr\/wp-json\/wp\/v2\/users\/4"}],"replies":[{"embeddable":true,"href":"https:\/\/swisslasik.ch\/tr\/wp-json\/wp\/v2\/comments?post=3482"}],"version-history":[{"count":3,"href":"https:\/\/swisslasik.ch\/tr\/wp-json\/wp\/v2\/pages\/3482\/revisions"}],"predecessor-version":[{"id":3485,"href":"https:\/\/swisslasik.ch\/tr\/wp-json\/wp\/v2\/pages\/3482\/revisions\/3485"}],"wp:attachment":[{"href":"https:\/\/swisslasik.ch\/tr\/wp-json\/wp\/v2\/media?parent=3482"}],"curies":[{"name":"wp","href":"https:\/\/api.w.org\/{rel}","templated":true}]}}