{"id":3487,"date":"2025-09-17T13:29:03","date_gmt":"2025-09-17T12:29:03","guid":{"rendered":"https:\/\/swisslasik.ch\/lazer-goez-ameliyati-tuerkiye-istanbul\/tuerkiyede-goez-mercegi-implantasyonu-istanbul-antalya-izmir\/"},"modified":"2026-01-08T14:42:39","modified_gmt":"2026-01-08T13:42:39","slug":"tuerkiyede-goez-mercegi-implantasyonu-istanbul-antalya-izmir","status":"publish","type":"page","link":"https:\/\/swisslasik.ch\/tr\/lazer-goez-ameliyati-tuerkiye-istanbul\/tuerkiyede-goez-mercegi-implantasyonu-istanbul-antalya-izmir\/","title":{"rendered":"T\u00fcrkiye&#8217;de g\u00f6z merce\u011fi implantasyonu \u0130stanbul Antalya \u0130zmir"},"content":{"rendered":"\t\t<div data-elementor-type=\"wp-page\" data-elementor-id=\"3487\" class=\"elementor elementor-3487 elementor-67\" data-elementor-post-type=\"page\">\n\t\t\t\t<div class=\"elementor-element elementor-element-6718f6b e-flex e-con-boxed wpr-particle-no wpr-jarallax-no wpr-parallax-no wpr-sticky-section-no wpr-equal-height-no e-con e-parent\" data-id=\"6718f6b\" data-element_type=\"container\" data-e-type=\"container\">\n\t\t\t\t\t<div class=\"e-con-inner\">\n\t\t<div class=\"elementor-element elementor-element-ceebaed e-con-full e-flex wpr-particle-no wpr-jarallax-no wpr-parallax-no wpr-sticky-section-no wpr-equal-height-no e-con e-child\" data-id=\"ceebaed\" data-element_type=\"container\" data-e-type=\"container\">\n\t\t\t\t<div class=\"elementor-element elementor-element-730efcb elementor-widget elementor-widget-button\" data-id=\"730efcb\" data-element_type=\"widget\" data-e-type=\"widget\" data-widget_type=\"button.default\">\n\t\t\t\t\t\t\t\t\t\t<a class=\"elementor-button elementor-button-link elementor-size-sm\" href=\"https:\/\/swisslasik.ch\/tr\/lazer-goez-ameliyati-tuerkiye-istanbul\/\">\n\t\t\t\t\t\t<span class=\"elementor-button-content-wrapper\">\n\t\t\t\t\t\t\t\t\t<span class=\"elementor-button-text\">Lazer g\u00f6z ameliyat\u0131<\/span>\n\t\t\t\t\t<\/span>\n\t\t\t\t\t<\/a>\n\t\t\t\t\t\t\t\t<\/div>\n\t\t\t\t<div class=\"elementor-element elementor-element-6fb021a elementor-widget elementor-widget-button\" data-id=\"6fb021a\" data-element_type=\"widget\" data-e-type=\"widget\" data-widget_type=\"button.default\">\n\t\t\t\t\t\t\t\t\t\t<a class=\"elementor-button elementor-button-link elementor-size-sm\" href=\"https:\/\/swisslasik.ch\/augen-lasern\/relex-smile-lasik\/\">\n\t\t\t\t\t\t<span class=\"elementor-button-content-wrapper\">\n\t\t\t\t\t\t\t\t\t<span class=\"elementor-button-text\">ReLex Smile Lasik<\/span>\n\t\t\t\t\t<\/span>\n\t\t\t\t\t<\/a>\n\t\t\t\t\t\t\t\t<\/div>\n\t\t\t\t<div class=\"elementor-element elementor-element-f5545bd elementor-widget elementor-widget-button\" data-id=\"f5545bd\" data-element_type=\"widget\" data-e-type=\"widget\" data-widget_type=\"button.default\">\n\t\t\t\t\t\t\t\t\t\t<a class=\"elementor-button elementor-button-link elementor-size-sm\" href=\"https:\/\/swisslasik.ch\/tr\/lazer-goez-ameliyati-tuerkiye-istanbul\/tuerkiyede-goez-mercegi-implantasyonu-istanbul-antalya-izmir\/\">\n\t\t\t\t\t\t<span class=\"elementor-button-content-wrapper\">\n\t\t\t\t\t\t\t\t\t<span class=\"elementor-button-text\">Lens implantasyonu<\/span>\n\t\t\t\t\t<\/span>\n\t\t\t\t\t<\/a>\n\t\t\t\t\t\t\t\t<\/div>\n\t\t\t\t<div class=\"elementor-element elementor-element-6e3297e elementor-widget elementor-widget-button\" data-id=\"6e3297e\" data-element_type=\"widget\" data-e-type=\"widget\" data-widget_type=\"button.default\">\n\t\t\t\t\t\t\t\t\t\t<a class=\"elementor-button elementor-button-link elementor-size-sm\" href=\"https:\/\/swisslasik.ch\/augen-lasern\/multifokallinsen\/\">\n\t\t\t\t\t\t<span class=\"elementor-button-content-wrapper\">\n\t\t\t\t\t\t\t\t\t<span class=\"elementor-button-text\">\u00c7ok odakl\u0131 lensler<\/span>\n\t\t\t\t\t<\/span>\n\t\t\t\t\t<\/a>\n\t\t\t\t\t\t\t\t<\/div>\n\t\t\t\t<div class=\"elementor-element elementor-element-50d0df9 elementor-widget elementor-widget-button\" data-id=\"50d0df9\" data-element_type=\"widget\" data-e-type=\"widget\" data-widget_type=\"button.default\">\n\t\t\t\t\t\t\t\t\t\t<a class=\"elementor-button elementor-button-link elementor-size-sm\" href=\"https:\/\/swisslasik.ch\/augen-lasern\/wer-ist-geeignet\/\">\n\t\t\t\t\t\t<span class=\"elementor-button-content-wrapper\">\n\t\t\t\t\t\t\t\t\t<span class=\"elementor-button-text\">Kimler uygun?<\/span>\n\t\t\t\t\t<\/span>\n\t\t\t\t\t<\/a>\n\t\t\t\t\t\t\t\t<\/div>\n\t\t\t\t<div class=\"elementor-element elementor-element-5b9174c elementor-widget elementor-widget-button\" data-id=\"5b9174c\" data-element_type=\"widget\" data-e-type=\"widget\" data-widget_type=\"button.default\">\n\t\t\t\t\t\t\t\t\t\t<a class=\"elementor-button elementor-button-link elementor-size-sm\" href=\"https:\/\/swisslasik.ch\/augen-lasern\/operationsablauf\/\">\n\t\t\t\t\t\t<span class=\"elementor-button-content-wrapper\">\n\t\t\t\t\t\t\t\t\t<span class=\"elementor-button-text\">Operasyonel prosed\u00fcr<\/span>\n\t\t\t\t\t<\/span>\n\t\t\t\t\t<\/a>\n\t\t\t\t\t\t\t\t<\/div>\n\t\t\t\t<div class=\"elementor-element elementor-element-af79074 elementor-widget elementor-widget-button\" data-id=\"af79074\" data-element_type=\"widget\" data-e-type=\"widget\" data-widget_type=\"button.default\">\n\t\t\t\t\t\t\t\t\t\t<a class=\"elementor-button elementor-button-link elementor-size-sm\" href=\"https:\/\/swisslasik.ch\/augen-lasern\/risiken\/\">\n\t\t\t\t\t\t<span class=\"elementor-button-content-wrapper\">\n\t\t\t\t\t\t\t\t\t<span class=\"elementor-button-text\">Riskler<\/span>\n\t\t\t\t\t<\/span>\n\t\t\t\t\t<\/a>\n\t\t\t\t\t\t\t\t<\/div>\n\t\t\t\t<\/div>\n\t\t\t\t<div class=\"elementor-element elementor-element-70b892c elementor-widget elementor-widget-text-editor\" data-id=\"70b892c\" data-element_type=\"widget\" data-e-type=\"widget\" data-widget_type=\"text-editor.default\">\n\t\t\t\t\t\t\t\t\t\n<h3 class=\"wp-block-heading\">\u0130stanbul&#8217;da G\u00f6z Lensi \u0130mplantasyonu<\/h3>\n\n<p><strong>Lens implantlar\u0131<\/strong><\/p>\n\n<p>Kornea y\u00fczey yenileme i\u015flemi, y\u00fcksek refraktif kusurlar i\u00e7in do\u011fal bir s\u0131n\u0131ra ula\u015f\u0131r ve bu s\u0131n\u0131r a\u015f\u0131lmamal\u0131d\u0131r. Miyopi i\u00e7in bu s\u0131n\u0131r yakla\u015f\u0131k -10 diyoptri, hiperopi i\u00e7in ise +4 diyoptri civar\u0131nda ba\u015flar. Bu i\u015flem presbiyopi tedavisinde de kullan\u0131l\u0131r.  <\/p>\n\n<p>Bu y\u00f6ntem 2 alana ayr\u0131lm\u0131\u015ft\u0131r:<\/p>\n\n<ul class=\"wp-block-list\">\n<li>G\u00f6z i\u00e7i lensler (Fakik OIL)<\/li>\n\n<li>\u0130ntrakorneal halka segmentleri (INTACS)<\/li>\n\n<li>Presbiyopi i\u00e7in multifokal lensler<\/li>\n<\/ul>\n\n<figure class=\"wp-block-image size-full\"><img decoding=\"async\" width=\"123\" height=\"100\" class=\"wp-image-220\" src=\"https:\/\/swisslasik.ch\/wp-content\/uploads\/2025\/09\/interokularlinse.jpg\" alt=\"\"><\/figure>\n\n<ul class=\"wp-block-list\">\n<li>\n<ul class=\"wp-block-list\">\n<li>\n<ul class=\"wp-block-list\">\n<li>G\u00f6z \u0130\u00e7i Lensler<br>G\u00f6z i\u00e7ine yerle\u015ftirilen intraok\u00fcler lensler, y\u00fcksek dereceli miyop veya hipermetropu olan ancak korneas\u0131 ince oldu\u011fu i\u00e7in lazer tedavisine uygun olmayan ki\u015filerde g\u00f6rme bozuklu\u011funun d\u00fczeltilmesini sa\u011flar. Bu durumlarda FAKIK-IOL ameliyat\u0131 uygulanabilir. Y\u00fcksek dereceli astigmat\u0131 olan hastalarda ise torik ICL lens implantlar\u0131 tercih edilir. Korneadaki olas\u0131 d\u00fczensizliklerin giderilmesi i\u00e7in LASIK ile birlikte uyguland\u0131\u011f\u0131nda, miyopta 7 ile 25 diyoptri, hipermetropta ise 5 ile 13 diyoptri aras\u0131ndaki g\u00f6rme bozukluklar\u0131 d\u00fczeltilebilmektedir. \n<ul>\n<li style=\"list-style-type: none;\">\n<ul>\n<li><strong>kapsam<\/strong><\/li>\n<\/ul>\n<\/li>\n<\/ul>\nFAKIK-IOL ameliyat\u0131, 18 ya\u015f\u0131ndan b\u00fcy\u00fck hastalarda uygulanabilir ve glokom yani g\u00f6z tansiyonu, baz\u0131 retina hastal\u0131klar\u0131 ile katarakt ve ye\u015fil perde gibi g\u00f6z rahats\u0131zl\u0131klar\u0131 bulunan ki\u015filerde de tercih edilebilir. Bu operasyonun uygulan\u0131p uygulanamayaca\u011f\u0131na ancak detayl\u0131 \u00f6n muayenelerden sonra karar verilir. Bu muayenelerde g\u00f6rme bozuklu\u011funun derecesi, karanl\u0131kta g\u00f6z bebe\u011finin ne kadar geni\u015fledi\u011fi ve kornean\u0131n yap\u0131s\u0131 ayr\u0131nt\u0131l\u0131 olarak de\u011ferlendirilir. \n<ul>\n<li style=\"list-style-type: none;\">\n<ul>\n<li><strong>operasyon<\/strong><\/li>\n<\/ul>\n<\/li>\n<\/ul>\nFAKIK-IOL ameliyat\u0131, y\u00fcksek dereceli miyop ve hipermetropu olan hastalarda g\u00fcvenli ve ba\u015far\u0131l\u0131 sonu\u00e7lar sa\u011flar. G\u00f6z klini\u011fimizde bu i\u015flem i\u00e7in yaln\u0131zca en kaliteli yapay g\u00f6z i\u00e7i lensleri kullan\u0131lmaktad\u0131r. Ameliyat s\u0131ras\u0131nda g\u00f6ze yerle\u015ftirilen yapay lens, \u00f6m\u00fcr boyu uyumlulu\u011funu ve optik \u00f6zelliklerini korur. Bu lens, ameliyattan sonra d\u0131\u015far\u0131dan fark edilmez ve hasta taraf\u0131ndan da yabanc\u0131 bir cisim olarak hissedilmez.<br>T\u00fcrkiye\u2019de, \u0130stanbul ve Antalya\u2019da multi ve trifokal g\u00f6z i\u00e7i lenslerinin fiyat\u0131 nedir?<br>Her iki g\u00f6z i\u00e7in tedavi fiyat\u0131 4000 Euro\u2019dan ba\u015flamaktad\u0131r.<br>\u0130stanbul\u2019da ka\u00e7 g\u00fcn konaklamak gerekir?<br>\u0130stanbul\u2019da d\u00f6rt gece konaklama yeterlidir.<br>Ya\u015fa ba\u011fl\u0131 g\u00f6rme bozuklu\u011funda multifokal lensler<br>Bu yapay lensler temel olarak presbiyopi yani ya\u015fa ba\u011fl\u0131 yak\u0131n\u0131 g\u00f6rememe sorununu d\u00fczeltmek i\u00e7in kullan\u0131l\u0131r. Bu durumda g\u00f6z, yak\u0131n mesafelere odaklanma yetene\u011fini kaybeder. Multifokal lenslerde, farkl\u0131 geni\u015fliklerde konsantrik halkalar \u00fcst \u00fcste yerle\u015ftirilmi\u015ftir. B\u00f6ylece farkl\u0131 g\u00f6rme alanlar\u0131 ve odak noktalar\u0131 olu\u015fur ve g\u00f6z, fark\u0131nda olmadan do\u011fru g\u00f6r\u00fc\u015f alan\u0131n\u0131 se\u00e7er. Multifokal lensler uzun y\u0131llard\u0131r kullan\u0131lmaktad\u0131r. Son on y\u0131llarda bu alanda \u00f6nemli geli\u015fmeler sa\u011flanm\u0131\u015f ve bu t\u00fcr yapay lenslerle elde edilen g\u00f6rme kalitesi belirgin \u015fekilde art\u0131r\u0131lm\u0131\u015ft\u0131r.<br>Daha fazla bilgiye <a href=\"https:\/\/www.swisslasik.ch\/augen-lasern\/multifokallinsen\/\">buradan <\/a>ula\u015fabilirsiniz.<br>Sorular\u0131n\u0131z m\u0131 var? <a href=\"https:\/\/swisslasik.ch\/kontakt\/\" data-type=\"page\" data-id=\"97\">Daha fazla bilgi almak i\u00e7in hemen bizimle ileti\u015fime ge\u00e7in.<\/a>       <\/li>\n<\/ul>\n<\/li>\n<\/ul>\n<\/li>\n<\/ul>\n\t\t\t\t\t\t\t\t<\/div>\n\t\t\t\t\t<\/div>\n\t\t\t\t<\/div>\n\t\t\t\t<\/div>\n\t\t","protected":false},"excerpt":{"rendered":"<p>Lazer g\u00f6z ameliyat\u0131 ReLex Smile Lasik Lens implantasyonu \u00c7ok odakl\u0131 lensler Kimler uygun? Operasyonel prosed\u00fcr Riskler \u0130stanbul&#8217;da G\u00f6z Lensi \u0130mplantasyonu Lens implantlar\u0131 Kornea y\u00fczey yenileme i\u015flemi, y\u00fcksek refraktif kusurlar i\u00e7in do\u011fal bir s\u0131n\u0131ra ula\u015f\u0131r ve bu s\u0131n\u0131r a\u015f\u0131lmamal\u0131d\u0131r. Miyopi i\u00e7in bu s\u0131n\u0131r yakla\u015f\u0131k -10 diyoptri, hiperopi i\u00e7in ise +4 diyoptri civar\u0131nda ba\u015flar. Bu i\u015flem presbiyopi tedavisinde de kullan\u0131l\u0131r. Bu y\u00f6ntem 2 alana ayr\u0131lm\u0131\u015ft\u0131r: G\u00f6z i\u00e7i lensler (Fakik OIL) \u0130ntrakorneal halka segmentleri (INTACS) Presbiyopi i\u00e7in multifokal lensler G\u00f6z \u0130\u00e7i LenslerG\u00f6z i\u00e7ine yerle\u015ftirilen intraok\u00fcler lensler, y\u00fcksek dereceli miyop veya hipermetropu olan ancak korneas\u0131 ince oldu\u011fu i\u00e7in lazer tedavisine uygun olmayan ki\u015filerde g\u00f6rme bozuklu\u011funun d\u00fczeltilmesini sa\u011flar. Bu durumlarda FAKIK-IOL ameliyat\u0131 uygulanabilir. Y\u00fcksek dereceli astigmat\u0131 olan hastalarda ise torik ICL lens implantlar\u0131 tercih edilir. Korneadaki olas\u0131 d\u00fczensizliklerin giderilmesi i\u00e7in LASIK ile birlikte uyguland\u0131\u011f\u0131nda, miyopta 7 ile 25 diyoptri, hipermetropta ise 5 ile 13 diyoptri aras\u0131ndaki g\u00f6rme bozukluklar\u0131 d\u00fczeltilebilmektedir. kapsam FAKIK-IOL ameliyat\u0131, 18 ya\u015f\u0131ndan b\u00fcy\u00fck hastalarda uygulanabilir ve glokom yani g\u00f6z tansiyonu, baz\u0131 retina hastal\u0131klar\u0131 ile katarakt ve ye\u015fil perde gibi g\u00f6z rahats\u0131zl\u0131klar\u0131 bulunan ki\u015filerde de tercih edilebilir. Bu operasyonun uygulan\u0131p uygulanamayaca\u011f\u0131na ancak detayl\u0131 \u00f6n muayenelerden sonra karar verilir. Bu muayenelerde g\u00f6rme bozuklu\u011funun derecesi, karanl\u0131kta g\u00f6z bebe\u011finin ne kadar geni\u015fledi\u011fi ve kornean\u0131n yap\u0131s\u0131 ayr\u0131nt\u0131l\u0131 olarak de\u011ferlendirilir. operasyon FAKIK-IOL ameliyat\u0131, y\u00fcksek dereceli miyop ve hipermetropu olan hastalarda g\u00fcvenli ve ba\u015far\u0131l\u0131 sonu\u00e7lar sa\u011flar. G\u00f6z klini\u011fimizde bu i\u015flem i\u00e7in yaln\u0131zca en kaliteli yapay g\u00f6z i\u00e7i lensleri kullan\u0131lmaktad\u0131r. Ameliyat s\u0131ras\u0131nda g\u00f6ze yerle\u015ftirilen yapay lens, \u00f6m\u00fcr boyu uyumlulu\u011funu ve optik \u00f6zelliklerini korur. Bu lens, ameliyattan sonra d\u0131\u015far\u0131dan fark edilmez ve hasta taraf\u0131ndan da yabanc\u0131 bir cisim olarak hissedilmez.T\u00fcrkiye\u2019de, \u0130stanbul ve Antalya\u2019da multi ve trifokal g\u00f6z i\u00e7i lenslerinin fiyat\u0131 nedir?Her iki g\u00f6z i\u00e7in tedavi fiyat\u0131 4000 Euro\u2019dan ba\u015flamaktad\u0131r.\u0130stanbul\u2019da ka\u00e7 g\u00fcn konaklamak gerekir?\u0130stanbul\u2019da d\u00f6rt gece konaklama yeterlidir.Ya\u015fa ba\u011fl\u0131 g\u00f6rme bozuklu\u011funda multifokal lenslerBu yapay lensler temel olarak presbiyopi yani ya\u015fa ba\u011fl\u0131 yak\u0131n\u0131 g\u00f6rememe sorununu d\u00fczeltmek i\u00e7in kullan\u0131l\u0131r. Bu durumda g\u00f6z, yak\u0131n mesafelere odaklanma yetene\u011fini kaybeder. Multifokal lenslerde, farkl\u0131 geni\u015fliklerde konsantrik halkalar \u00fcst \u00fcste yerle\u015ftirilmi\u015ftir. B\u00f6ylece farkl\u0131 g\u00f6rme alanlar\u0131 ve odak noktalar\u0131 olu\u015fur ve g\u00f6z, fark\u0131nda olmadan do\u011fru g\u00f6r\u00fc\u015f alan\u0131n\u0131 se\u00e7er. Multifokal lensler uzun y\u0131llard\u0131r kullan\u0131lmaktad\u0131r. Son on y\u0131llarda bu alanda \u00f6nemli geli\u015fmeler sa\u011flanm\u0131\u015f ve bu t\u00fcr yapay lenslerle elde edilen g\u00f6rme kalitesi belirgin \u015fekilde art\u0131r\u0131lm\u0131\u015ft\u0131r.Daha fazla bilgiye buradan ula\u015fabilirsiniz.Sorular\u0131n\u0131z m\u0131 var? Daha fazla bilgi almak i\u00e7in hemen bizimle ileti\u015fime ge\u00e7in.<\/p>\n","protected":false},"author":4,"featured_media":0,"parent":3482,"menu_order":0,"comment_status":"closed","ping_status":"closed","template":"","meta":{"_joinchat":[],"footnotes":""},"class_list":["post-3487","page","type-page","status-publish","hentry"],"acf":[],"_links":{"self":[{"href":"https:\/\/swisslasik.ch\/tr\/wp-json\/wp\/v2\/pages\/3487","targetHints":{"allow":["GET"]}}],"collection":[{"href":"https:\/\/swisslasik.ch\/tr\/wp-json\/wp\/v2\/pages"}],"about":[{"href":"https:\/\/swisslasik.ch\/tr\/wp-json\/wp\/v2\/types\/page"}],"author":[{"embeddable":true,"href":"https:\/\/swisslasik.ch\/tr\/wp-json\/wp\/v2\/users\/4"}],"replies":[{"embeddable":true,"href":"https:\/\/swisslasik.ch\/tr\/wp-json\/wp\/v2\/comments?post=3487"}],"version-history":[{"count":3,"href":"https:\/\/swisslasik.ch\/tr\/wp-json\/wp\/v2\/pages\/3487\/revisions"}],"predecessor-version":[{"id":3490,"href":"https:\/\/swisslasik.ch\/tr\/wp-json\/wp\/v2\/pages\/3487\/revisions\/3490"}],"up":[{"embeddable":true,"href":"https:\/\/swisslasik.ch\/tr\/wp-json\/wp\/v2\/pages\/3482"}],"wp:attachment":[{"href":"https:\/\/swisslasik.ch\/tr\/wp-json\/wp\/v2\/media?parent=3487"}],"curies":[{"name":"wp","href":"https:\/\/api.w.org\/{rel}","templated":true}]}}