{"id":3492,"date":"2025-09-17T13:29:49","date_gmt":"2025-09-17T12:29:49","guid":{"rendered":"https:\/\/swisslasik.ch\/lazer-goez-ameliyati-tuerkiye-istanbul\/multifokallinsen-trifokallinsen-tuerkei-istanbul-antalya-izmir\/"},"modified":"2026-01-08T14:47:03","modified_gmt":"2026-01-08T13:47:03","slug":"multifokallinsen-trifokallinsen-tuerkei-istanbul-antalya-izmir","status":"publish","type":"page","link":"https:\/\/swisslasik.ch\/tr\/lazer-goez-ameliyati-tuerkiye-istanbul\/multifokallinsen-trifokallinsen-tuerkei-istanbul-antalya-izmir\/","title":{"rendered":"Multifokallinsen- Trifokallinsen T\u00fcrkei Istanbul Antalya Izmir"},"content":{"rendered":"\t\t<div data-elementor-type=\"wp-page\" data-elementor-id=\"3492\" class=\"elementor elementor-3492 elementor-69\" data-elementor-post-type=\"page\">\n\t\t\t\t<div class=\"elementor-element elementor-element-2bb04610 e-flex e-con-boxed wpr-particle-no wpr-jarallax-no wpr-parallax-no wpr-sticky-section-no wpr-equal-height-no e-con e-parent\" data-id=\"2bb04610\" data-element_type=\"container\" data-e-type=\"container\">\n\t\t\t\t\t<div class=\"e-con-inner\">\n\t\t<div class=\"elementor-element elementor-element-d2bc946 e-con-full e-flex wpr-particle-no wpr-jarallax-no wpr-parallax-no wpr-sticky-section-no wpr-equal-height-no e-con e-child\" data-id=\"d2bc946\" data-element_type=\"container\" data-e-type=\"container\">\n\t\t\t\t<div class=\"elementor-element elementor-element-c641685 elementor-widget elementor-widget-button\" data-id=\"c641685\" data-element_type=\"widget\" data-e-type=\"widget\" data-widget_type=\"button.default\">\n\t\t\t\t\t\t\t\t\t\t<a class=\"elementor-button elementor-button-link elementor-size-sm\" href=\"https:\/\/swisslasik.ch\/tr\/lazer-goez-ameliyati-tuerkiye-istanbul\/\">\n\t\t\t\t\t\t<span class=\"elementor-button-content-wrapper\">\n\t\t\t\t\t\t\t\t\t<span class=\"elementor-button-text\">Lazer g\u00f6z ameliyat\u0131<\/span>\n\t\t\t\t\t<\/span>\n\t\t\t\t\t<\/a>\n\t\t\t\t\t\t\t\t<\/div>\n\t\t\t\t<div class=\"elementor-element elementor-element-63ad04e elementor-widget elementor-widget-button\" data-id=\"63ad04e\" data-element_type=\"widget\" data-e-type=\"widget\" data-widget_type=\"button.default\">\n\t\t\t\t\t\t\t\t\t\t<a class=\"elementor-button elementor-button-link elementor-size-sm\" href=\"https:\/\/swisslasik.ch\/augen-lasern\/relex-smile-lasik\/\">\n\t\t\t\t\t\t<span class=\"elementor-button-content-wrapper\">\n\t\t\t\t\t\t\t\t\t<span class=\"elementor-button-text\">ReLex Smile Lasik<\/span>\n\t\t\t\t\t<\/span>\n\t\t\t\t\t<\/a>\n\t\t\t\t\t\t\t\t<\/div>\n\t\t\t\t<div class=\"elementor-element elementor-element-78ebcbb elementor-widget elementor-widget-button\" data-id=\"78ebcbb\" data-element_type=\"widget\" data-e-type=\"widget\" data-widget_type=\"button.default\">\n\t\t\t\t\t\t\t\t\t\t<a class=\"elementor-button elementor-button-link elementor-size-sm\" href=\"https:\/\/swisslasik.ch\/tr\/lazer-goez-ameliyati-tuerkiye-istanbul\/tuerkiyede-goez-mercegi-implantasyonu-istanbul-antalya-izmir\/\">\n\t\t\t\t\t\t<span class=\"elementor-button-content-wrapper\">\n\t\t\t\t\t\t\t\t\t<span class=\"elementor-button-text\">Lens implantasyonu<\/span>\n\t\t\t\t\t<\/span>\n\t\t\t\t\t<\/a>\n\t\t\t\t\t\t\t\t<\/div>\n\t\t\t\t<div class=\"elementor-element elementor-element-549b469 elementor-widget elementor-widget-button\" data-id=\"549b469\" data-element_type=\"widget\" data-e-type=\"widget\" data-widget_type=\"button.default\">\n\t\t\t\t\t\t\t\t\t\t<a class=\"elementor-button elementor-button-link elementor-size-sm\" href=\"https:\/\/swisslasik.ch\/tr\/lazer-goez-ameliyati-tuerkiye-istanbul\/multifokallinsen-trifokallinsen-tuerkei-istanbul-antalya-izmir\/\">\n\t\t\t\t\t\t<span class=\"elementor-button-content-wrapper\">\n\t\t\t\t\t\t\t\t\t<span class=\"elementor-button-text\">\u00c7ok odakl\u0131 lensler<\/span>\n\t\t\t\t\t<\/span>\n\t\t\t\t\t<\/a>\n\t\t\t\t\t\t\t\t<\/div>\n\t\t\t\t<div class=\"elementor-element elementor-element-1716c07 elementor-widget elementor-widget-button\" data-id=\"1716c07\" data-element_type=\"widget\" data-e-type=\"widget\" data-widget_type=\"button.default\">\n\t\t\t\t\t\t\t\t\t\t<a class=\"elementor-button elementor-button-link elementor-size-sm\" href=\"https:\/\/swisslasik.ch\/augen-lasern\/wer-ist-geeignet\/\">\n\t\t\t\t\t\t<span class=\"elementor-button-content-wrapper\">\n\t\t\t\t\t\t\t\t\t<span class=\"elementor-button-text\">Kimler uygun?<\/span>\n\t\t\t\t\t<\/span>\n\t\t\t\t\t<\/a>\n\t\t\t\t\t\t\t\t<\/div>\n\t\t\t\t<div class=\"elementor-element elementor-element-19cc2ab elementor-widget elementor-widget-button\" data-id=\"19cc2ab\" data-element_type=\"widget\" data-e-type=\"widget\" data-widget_type=\"button.default\">\n\t\t\t\t\t\t\t\t\t\t<a class=\"elementor-button elementor-button-link elementor-size-sm\" href=\"https:\/\/swisslasik.ch\/augen-lasern\/operationsablauf\/\">\n\t\t\t\t\t\t<span class=\"elementor-button-content-wrapper\">\n\t\t\t\t\t\t\t\t\t<span class=\"elementor-button-text\">Operasyonel prosed\u00fcr<\/span>\n\t\t\t\t\t<\/span>\n\t\t\t\t\t<\/a>\n\t\t\t\t\t\t\t\t<\/div>\n\t\t\t\t<div class=\"elementor-element elementor-element-2801544 elementor-widget elementor-widget-button\" data-id=\"2801544\" data-element_type=\"widget\" data-e-type=\"widget\" data-widget_type=\"button.default\">\n\t\t\t\t\t\t\t\t\t\t<a class=\"elementor-button elementor-button-link elementor-size-sm\" href=\"https:\/\/swisslasik.ch\/augen-lasern\/risiken\/\">\n\t\t\t\t\t\t<span class=\"elementor-button-content-wrapper\">\n\t\t\t\t\t\t\t\t\t<span class=\"elementor-button-text\">Riskler<\/span>\n\t\t\t\t\t<\/span>\n\t\t\t\t\t<\/a>\n\t\t\t\t\t\t\t\t<\/div>\n\t\t\t\t<\/div>\n\t\t\t\t<div class=\"elementor-element elementor-element-45f26ca4 elementor-widget elementor-widget-text-editor\" data-id=\"45f26ca4\" data-element_type=\"widget\" data-e-type=\"widget\" data-widget_type=\"text-editor.default\">\n\t\t\t\t\t\t\t\t\t\n<h3 class=\"wp-block-heading\"><strong>\u00c7ok odakl\u0131 lensler &#8211; \u00fc\u00e7 odakl\u0131 lensler &#8211; T\u00fcrkiye \u0130stanbul Antalya \u0130zmir<\/strong><\/h3>\n\n<p>Katarakt ameliyat\u0131na benzer \u015fekilde, g\u00f6z\u00fcn do\u011fal merce\u011fi cerrahi olarak \u00e7\u0131kar\u0131l\u0131r ve ayn\u0131 yere yapay bir g\u00f6z i\u00e7i merce\u011fi (IOL) yerle\u015ftirilir.<\/p>\n\n<p>Multifokal lens implantasyonu ile hastalar, \u00e7ok say\u0131da imk\u00e2n sunan ileri teknoloji bir \u00fcr\u00fcn\u00fc tercih etmi\u015f olurlar. \u0130nsan g\u00f6z\u00fc, g\u00fcnl\u00fck ya\u015fam\u0131n her t\u00fcrl\u00fc ko\u015fuluna ve ihtiyac\u0131na neredeyse kusursuz \u015fekilde uyum sa\u011flayabilen, do\u011fas\u0131 gere\u011fi son derece geli\u015fmi\u015f bir duyu organ\u0131d\u0131r. Ancak ya\u015fa ba\u011fl\u0131 g\u00f6rme bozuklu\u011fu ortaya \u00e7\u0131kt\u0131\u011f\u0131nda, yak\u0131n mesafede g\u00f6rme kapasitesinin s\u0131n\u0131r\u0131na kal\u0131c\u0131 olarak ula\u015f\u0131l\u0131r. Yak\u0131n ve uzak mesafede yeniden gen\u00e7likteki gibi g\u00f6rebilme iste\u011fi, do\u011fal g\u00f6z merce\u011finin bulundu\u011fu noktada en iyi \u015fekilde kar\u015f\u0131lanabilir. Multifokal g\u00f6z i\u00e7i lensi tak\u0131lan hastalar\u0131n y\u00fczde 80\u2019inden fazlas\u0131 herhangi bir g\u00f6rme yard\u0131mc\u0131s\u0131na ihtiya\u00e7 duymaz, i\u015f ve \u00f6zel ya\u015famlar\u0131n\u0131 rahatl\u0131kla s\u00fcrd\u00fcrebilir ve g\u00f6zl\u00fcks\u00fcz bir hayat ya\u015fayabilir.    <\/p>\n\n<figure class=\"wp-block-image size-full\"><img fetchpriority=\"high\" decoding=\"async\" width=\"327\" height=\"288\" class=\"wp-image-223\" src=\"https:\/\/swisslasik.ch\/wp-content\/uploads\/2025\/09\/multifokallinsen.jpg\" alt=\"\" srcset=\"https:\/\/swisslasik.ch\/wp-content\/uploads\/2025\/09\/multifokallinsen.jpg 327w, https:\/\/swisslasik.ch\/wp-content\/uploads\/2025\/09\/multifokallinsen-300x264.jpg 300w\" sizes=\"(max-width: 327px) 100vw, 327px\" \/><\/figure>\n\n<p id=\"caption-attachment-274\">\u00c7ok odakl\u0131 lensler<\/p>\n\n<p><strong>\u00c7ok odakl\u0131 g\u00f6z implant\u0131 ile g\u00f6rme nas\u0131l olur?<\/strong><\/p>\n\n<p>Sakin bir g\u00f6let hayal edin ve suya bir ta\u015f at\u0131n. Ta\u015f\u0131n d\u00fc\u015ft\u00fc\u011f\u00fc noktadan itibaren, merkezden d\u0131\u015fa do\u011fru yay\u0131lan birden fazla dairesel dalga olu\u015ftu\u011funu fark edersiniz. Multifokal lensin yap\u0131s\u0131 da bu uyumlu g\u00f6r\u00fcnt\u00fcye benzer \u015fekilde d\u00fczenlenmi\u015ftir. Dokuz ya da on iki halkadan olu\u015fan bu yap\u0131, 30 cm veya 40 cm okuma mesafesinde net g\u00f6r\u00fc\u015f sa\u011flar ki bu mesafeler en yayg\u0131n okuma uzakl\u0131klar\u0131d\u0131r. Lens y\u00fczeyindeki kalan optik da\u011f\u0131l\u0131m ise uzak mesafede iyi bir g\u00f6r\u00fc\u015fe hizmet eder. Lens opti\u011finin konsantrik yap\u0131s\u0131, her iki g\u00f6zden gelen iki ayr\u0131 g\u00f6r\u00fcnt\u00fcn\u00fcn tek bir b\u00fct\u00fcn g\u00f6r\u00fcnt\u00fc h\u00e2linde birle\u015fmesine olanak tan\u0131r. Bu g\u00f6r\u00fcnt\u00fclerin \u00fcst \u00fcste binmesinden kaynaklanan hafif bir bulan\u0131kl\u0131k, ba\u015flang\u0131\u00e7ta fark edilebilir. Ancak beynimizin gen\u00e7 ya\u015flardan itibaren belirli bulan\u0131kl\u0131klar\u0131 otomatik olarak d\u00fczeltmeyi \u00f6\u011frenmi\u015f olmas\u0131, bu prensibin ba\u015far\u0131l\u0131 \u015fekilde \u00e7al\u0131\u015fmas\u0131n\u0131 m\u00fcmk\u00fcn k\u0131lar.      <\/p>\n\n<p><strong>G\u00fcnd\u00fcz ve gece g\u00f6r\u00fc\u015f\u00fcn\u00fcn de\u011ferlendirilmesi<\/strong><\/p>\n\n<p>I\u015f\u0131\u011f\u0131n ge\u00e7mesi gereken farkl\u0131 optik y\u00fczeylerin say\u0131s\u0131 artt\u0131k\u00e7a, do\u011frudan bir kay\u0131p da ka\u00e7\u0131n\u0131lmaz olarak artar. Ayn\u0131 prensip farkl\u0131 odak d\u00fczlemleri i\u00e7in de ge\u00e7erlidir. \u0130nce ve konsantrik halka yap\u0131lar\u0131, \u0131\u015f\u0131\u011f\u0131n g\u00f6ze giri\u015fini yani enerji da\u011f\u0131l\u0131m\u0131n\u0131 d\u00fczenler ve farkl\u0131 g\u00f6rme alanlar\u0131 aras\u0131nda yumu\u015fak ge\u00e7i\u015f sa\u011flar. Gece ya da alacakaranl\u0131kta ortamda daha az \u0131\u015f\u0131k bulunur. Bu durumda g\u00f6z bebe\u011fi, daha az \u0131\u015f\u0131\u011fa ra\u011fmen yeterli bilginin retinaya ula\u015fabilmesi ve karanl\u0131kta da g\u00f6rmenin m\u00fcmk\u00fcn olabilmesi i\u00e7in geni\u015fler. Yapay multifokal lens, yakla\u015f\u0131k 2\u20133 mm \u00e7ap\u0131nda normal a\u00e7\u0131lm\u0131\u015f bir g\u00f6z bebe\u011finde, hem uzak hem de yak\u0131n odaklaman\u0131n ba\u015far\u0131l\u0131 \u015fekilde \u00e7al\u0131\u015fabilmesi i\u00e7in yeterli \u0131\u015f\u0131k uyar\u0131m\u0131 sa\u011flayacak bi\u00e7imde tasarlanm\u0131\u015ft\u0131r. Bu sayede g\u00fcnd\u00fczleri rahat\u00e7a okumak ve uza\u011f\u0131 net g\u00f6rmek m\u00fcmk\u00fcnd\u00fcr. G\u00f6z bebe\u011finin \u00e7ok geni\u015fledi\u011fi gece veya alacakaranl\u0131k ko\u015fullar\u0131nda ise \u0131\u015f\u0131k daha \u00e7ok uzak g\u00f6r\u00fc\u015f i\u00e7in kullan\u0131l\u0131r. G\u00fcnl\u00fck hayatta bunun anlam\u0131 \u015fudur: D\u00fc\u015f\u00fck \u0131\u015f\u0131kta yak\u0131n\u0131 okumak biraz daha zorla\u015fabilir, buna kar\u015f\u0131l\u0131k farlar veya trafik \u0131\u015f\u0131klar\u0131 gibi rahats\u0131z edici \u0131\u015f\u0131k kaynaklar\u0131 daha az rahats\u0131z edici alg\u0131lan\u0131r. G\u00fcnl\u00fck kullan\u0131m i\u00e7in sonu\u00e7 nettir: \u0130yi bir ayd\u0131nlatma, okuma kalitesini art\u0131r\u0131r.         <\/p>\n\n<p><strong>\u00c7ok odakl\u0131 implant i\u00e7in en uygun zaman ne zaman?<\/strong><\/p>\n\n<p>\u00c7ok odakl\u0131 bir mercekten tam olarak faydalanmak i\u00e7in, g\u00f6zde presbiyopi belirtilerinin zaten mevcut olmas\u0131 gerekir. Bu durum genellikle 50 ya\u015f\u0131ndan itibaren s\u00f6z konusudur. Dahas\u0131, bu zamana kadar g\u00f6z, do\u011fal merce\u011fe yap\u0131lacak cerrahi m\u00fcdahaleye g\u00f6re daha elveri\u015fli olan \u00f6nemli fizyolojik de\u011fi\u015fiklikler ge\u00e7irmi\u015f olur.  <\/p>\n\n<p><strong>\u00c7ok odakl\u0131 bir lens se\u00e7mek<\/strong><\/p>\n\n<p>Do\u011fay\u0131 hen\u00fcz m\u00fckemmel bir \u015fekilde taklit edemedik. \u00c7ok odakl\u0131 bir lens \u00e7ok iyi bir uzla\u015fmay\u0131 temsil eder. Ba\u015far\u0131l\u0131 bir sonu\u00e7 ve yeni edindi\u011finiz yak\u0131n ve uzak g\u00f6r\u00fc\u015f\u00fcn\u00fczden memnun kalman\u0131z i\u00e7in kapsaml\u0131 bir \u00f6n muayene, ard\u0131ndan bir kons\u00fcltasyon, beklentilerinizin anla\u015f\u0131lmas\u0131 ve ameliyat sonras\u0131 takip deste\u011fi \u015fartt\u0131r. Kendinize ve yeni g\u00f6r\u00fc\u015f\u00fcn\u00fcze ihtiya\u00e7lar\u0131n\u0131za uyum sa\u011flaman\u0131z ve yeni rutinlerinize adapte olman\u0131z i\u00e7in birka\u00e7 ay s\u00fcre tan\u0131y\u0131n.   <\/p>\n\n<p><strong>Femto Lazer Deste\u011fi<\/strong><\/p>\n\n<p>Yeni teknolojik geli\u015fmeler sayesinde art\u0131k yeni bir y\u00f6ntem mevcut. Bu yeni tedavi y\u00f6nteminde, femtosaniye lazer kullan\u0131larak g\u00f6zde k\u00fc\u00e7\u00fck bir kesi yap\u0131l\u0131r. Do\u011fal mercek daha sonra temas olmadan par\u00e7alan\u0131r. Haz\u0131rlanan mercek \u00e7ok kolay bir \u015fekilde ve \u00e7evredeki dokuya minimum etkiyle \u00e7\u0131kar\u0131labilir. Bu lazer destekli tedavi, maksimum g\u00fcvenlik ve en y\u00fcksek hassasiyeti sa\u011flar.    <\/p>\n\n<p><strong>T\u00fcrkiye&#8217;de, \u0130stanbul ve Antalya&#8217;da multifokal ve trifokal kontakt lenslerin fiyat\u0131 ne kadar?<\/strong><\/p>\n\n<p>\u0130ki g\u00f6z i\u00e7in tedavi \u00fccreti 4000 euro&#8217;dan ba\u015fl\u0131yor.<\/p>\n\n<p><strong>\u0130stanbul&#8217;da ka\u00e7 g\u00fcn kalmal\u0131y\u0131m?<\/strong><\/p>\n\n<p>\u0130stanbul&#8217;da d\u00f6rt gece yeterlidir.<\/p>\n\n<p><strong>Sorular\u0131n\u0131z m\u0131 var?<\/strong><br><a href=\"https:\/\/swisslasik.ch\/kontakt\/\" data-type=\"page\" data-id=\"97\">Kontaktieren Sie uns jetzt f\u00fcr mehr Infos.<\/a><\/p>\n\n<h3 class=\"wp-block-heading\"><a href=\"https:\/\/www.youtube.com\/watch?v=THvk8ZBP0eA\" target=\"_blank\" rel=\"noreferrer noopener nofollow\">\u00c7OK ODAKLI LENS AMEL\u0130YATLARI NASIL \u00c7ALI\u015eIR?<\/a><\/h3>\n\t\t\t\t\t\t\t\t<\/div>\n\t\t\t\t<div class=\"elementor-element elementor-element-d4721e4 elementor-widget elementor-widget-video\" data-id=\"d4721e4\" data-element_type=\"widget\" data-e-type=\"widget\" data-settings=\"{&quot;youtube_url&quot;:&quot;https:\\\/\\\/www.youtube.com\\\/watch?v=THvk8ZBP0eA&quot;,&quot;video_type&quot;:&quot;youtube&quot;,&quot;controls&quot;:&quot;yes&quot;}\" data-widget_type=\"video.default\">\n\t\t\t\t\t\t\t<div class=\"elementor-wrapper elementor-open-inline\">\n\t\t\t<div class=\"elementor-video\"><\/div>\t\t<\/div>\n\t\t\t\t\t\t<\/div>\n\t\t\t\t\t<\/div>\n\t\t\t\t<\/div>\n\t\t\t\t<\/div>\n\t\t","protected":false},"excerpt":{"rendered":"<p>Lazer g\u00f6z ameliyat\u0131 ReLex Smile Lasik Lens implantasyonu \u00c7ok odakl\u0131 lensler Kimler uygun? Operasyonel prosed\u00fcr Riskler \u00c7ok odakl\u0131 lensler &#8211; \u00fc\u00e7 odakl\u0131 lensler &#8211; T\u00fcrkiye \u0130stanbul Antalya \u0130zmir Katarakt ameliyat\u0131na benzer \u015fekilde, g\u00f6z\u00fcn do\u011fal merce\u011fi cerrahi olarak \u00e7\u0131kar\u0131l\u0131r ve ayn\u0131 yere yapay bir g\u00f6z i\u00e7i merce\u011fi (IOL) yerle\u015ftirilir. Multifokal lens implantasyonu ile hastalar, \u00e7ok say\u0131da imk\u00e2n sunan ileri teknoloji bir \u00fcr\u00fcn\u00fc tercih etmi\u015f olurlar. \u0130nsan g\u00f6z\u00fc, g\u00fcnl\u00fck ya\u015fam\u0131n her t\u00fcrl\u00fc ko\u015fuluna ve ihtiyac\u0131na neredeyse kusursuz \u015fekilde uyum sa\u011flayabilen, do\u011fas\u0131 gere\u011fi son derece geli\u015fmi\u015f bir duyu organ\u0131d\u0131r. Ancak ya\u015fa ba\u011fl\u0131 g\u00f6rme bozuklu\u011fu ortaya \u00e7\u0131kt\u0131\u011f\u0131nda, yak\u0131n mesafede g\u00f6rme kapasitesinin s\u0131n\u0131r\u0131na kal\u0131c\u0131 olarak ula\u015f\u0131l\u0131r. Yak\u0131n ve uzak mesafede yeniden gen\u00e7likteki gibi g\u00f6rebilme iste\u011fi, do\u011fal g\u00f6z merce\u011finin bulundu\u011fu noktada en iyi \u015fekilde kar\u015f\u0131lanabilir. Multifokal g\u00f6z i\u00e7i lensi tak\u0131lan hastalar\u0131n y\u00fczde 80\u2019inden fazlas\u0131 herhangi bir g\u00f6rme yard\u0131mc\u0131s\u0131na ihtiya\u00e7 duymaz, i\u015f ve \u00f6zel ya\u015famlar\u0131n\u0131 rahatl\u0131kla s\u00fcrd\u00fcrebilir ve g\u00f6zl\u00fcks\u00fcz bir hayat ya\u015fayabilir. \u00c7ok odakl\u0131 lensler \u00c7ok odakl\u0131 g\u00f6z implant\u0131 ile g\u00f6rme nas\u0131l olur? Sakin bir g\u00f6let hayal edin ve suya bir ta\u015f at\u0131n. Ta\u015f\u0131n d\u00fc\u015ft\u00fc\u011f\u00fc noktadan itibaren, merkezden d\u0131\u015fa do\u011fru yay\u0131lan birden fazla dairesel dalga olu\u015ftu\u011funu fark edersiniz. Multifokal lensin yap\u0131s\u0131 da bu uyumlu g\u00f6r\u00fcnt\u00fcye benzer \u015fekilde d\u00fczenlenmi\u015ftir. Dokuz ya da on iki halkadan olu\u015fan bu yap\u0131, 30 cm veya 40 cm okuma mesafesinde net g\u00f6r\u00fc\u015f sa\u011flar ki bu mesafeler en yayg\u0131n okuma uzakl\u0131klar\u0131d\u0131r. Lens y\u00fczeyindeki kalan optik da\u011f\u0131l\u0131m ise uzak mesafede iyi bir g\u00f6r\u00fc\u015fe hizmet eder. Lens opti\u011finin konsantrik yap\u0131s\u0131, her iki g\u00f6zden gelen iki ayr\u0131 g\u00f6r\u00fcnt\u00fcn\u00fcn tek bir b\u00fct\u00fcn g\u00f6r\u00fcnt\u00fc h\u00e2linde birle\u015fmesine olanak tan\u0131r. Bu g\u00f6r\u00fcnt\u00fclerin \u00fcst \u00fcste binmesinden kaynaklanan hafif bir bulan\u0131kl\u0131k, ba\u015flang\u0131\u00e7ta fark edilebilir. Ancak beynimizin gen\u00e7 ya\u015flardan itibaren belirli bulan\u0131kl\u0131klar\u0131 otomatik olarak d\u00fczeltmeyi \u00f6\u011frenmi\u015f olmas\u0131, bu prensibin ba\u015far\u0131l\u0131 \u015fekilde \u00e7al\u0131\u015fmas\u0131n\u0131 m\u00fcmk\u00fcn k\u0131lar. G\u00fcnd\u00fcz ve gece g\u00f6r\u00fc\u015f\u00fcn\u00fcn de\u011ferlendirilmesi I\u015f\u0131\u011f\u0131n ge\u00e7mesi gereken farkl\u0131 optik y\u00fczeylerin say\u0131s\u0131 artt\u0131k\u00e7a, do\u011frudan bir kay\u0131p da ka\u00e7\u0131n\u0131lmaz olarak artar. Ayn\u0131 prensip farkl\u0131 odak d\u00fczlemleri i\u00e7in de ge\u00e7erlidir. \u0130nce ve konsantrik halka yap\u0131lar\u0131, \u0131\u015f\u0131\u011f\u0131n g\u00f6ze giri\u015fini yani enerji da\u011f\u0131l\u0131m\u0131n\u0131 d\u00fczenler ve farkl\u0131 g\u00f6rme alanlar\u0131 aras\u0131nda yumu\u015fak ge\u00e7i\u015f sa\u011flar. Gece ya da alacakaranl\u0131kta ortamda daha az \u0131\u015f\u0131k bulunur. Bu durumda g\u00f6z bebe\u011fi, daha az \u0131\u015f\u0131\u011fa ra\u011fmen yeterli bilginin retinaya ula\u015fabilmesi ve karanl\u0131kta da g\u00f6rmenin m\u00fcmk\u00fcn olabilmesi i\u00e7in geni\u015fler. Yapay multifokal lens, yakla\u015f\u0131k 2\u20133 mm \u00e7ap\u0131nda normal a\u00e7\u0131lm\u0131\u015f bir g\u00f6z bebe\u011finde, hem uzak hem de yak\u0131n odaklaman\u0131n ba\u015far\u0131l\u0131 \u015fekilde \u00e7al\u0131\u015fabilmesi i\u00e7in yeterli \u0131\u015f\u0131k uyar\u0131m\u0131 sa\u011flayacak bi\u00e7imde tasarlanm\u0131\u015ft\u0131r. Bu sayede g\u00fcnd\u00fczleri rahat\u00e7a okumak ve uza\u011f\u0131 net g\u00f6rmek m\u00fcmk\u00fcnd\u00fcr. G\u00f6z bebe\u011finin \u00e7ok geni\u015fledi\u011fi gece veya alacakaranl\u0131k ko\u015fullar\u0131nda ise \u0131\u015f\u0131k daha \u00e7ok uzak g\u00f6r\u00fc\u015f i\u00e7in kullan\u0131l\u0131r. G\u00fcnl\u00fck hayatta bunun anlam\u0131 \u015fudur: D\u00fc\u015f\u00fck \u0131\u015f\u0131kta yak\u0131n\u0131 okumak biraz daha zorla\u015fabilir, buna kar\u015f\u0131l\u0131k farlar veya trafik \u0131\u015f\u0131klar\u0131 gibi rahats\u0131z edici \u0131\u015f\u0131k kaynaklar\u0131 daha az rahats\u0131z edici alg\u0131lan\u0131r. G\u00fcnl\u00fck kullan\u0131m i\u00e7in sonu\u00e7 nettir: \u0130yi bir ayd\u0131nlatma, okuma kalitesini art\u0131r\u0131r. \u00c7ok odakl\u0131 implant i\u00e7in en uygun zaman ne zaman? \u00c7ok odakl\u0131 bir mercekten tam olarak faydalanmak i\u00e7in, g\u00f6zde presbiyopi belirtilerinin zaten mevcut olmas\u0131 gerekir. Bu durum genellikle 50 ya\u015f\u0131ndan itibaren s\u00f6z konusudur. Dahas\u0131, bu zamana kadar g\u00f6z, do\u011fal merce\u011fe yap\u0131lacak cerrahi m\u00fcdahaleye g\u00f6re daha elveri\u015fli olan \u00f6nemli fizyolojik de\u011fi\u015fiklikler ge\u00e7irmi\u015f olur. \u00c7ok odakl\u0131 bir lens se\u00e7mek Do\u011fay\u0131 hen\u00fcz m\u00fckemmel bir \u015fekilde taklit edemedik. \u00c7ok odakl\u0131 bir lens \u00e7ok iyi bir uzla\u015fmay\u0131 temsil eder. Ba\u015far\u0131l\u0131 bir sonu\u00e7 ve yeni edindi\u011finiz yak\u0131n ve uzak g\u00f6r\u00fc\u015f\u00fcn\u00fczden memnun kalman\u0131z i\u00e7in kapsaml\u0131 bir \u00f6n muayene, ard\u0131ndan bir kons\u00fcltasyon, beklentilerinizin anla\u015f\u0131lmas\u0131 ve ameliyat sonras\u0131 takip deste\u011fi \u015fartt\u0131r. Kendinize ve yeni g\u00f6r\u00fc\u015f\u00fcn\u00fcze ihtiya\u00e7lar\u0131n\u0131za uyum sa\u011flaman\u0131z ve yeni rutinlerinize adapte olman\u0131z i\u00e7in birka\u00e7 ay s\u00fcre tan\u0131y\u0131n. Femto Lazer Deste\u011fi Yeni teknolojik geli\u015fmeler sayesinde art\u0131k yeni bir y\u00f6ntem mevcut. Bu yeni tedavi y\u00f6nteminde, femtosaniye lazer kullan\u0131larak g\u00f6zde k\u00fc\u00e7\u00fck bir kesi yap\u0131l\u0131r. Do\u011fal mercek daha sonra temas olmadan par\u00e7alan\u0131r. Haz\u0131rlanan mercek \u00e7ok kolay bir \u015fekilde ve \u00e7evredeki dokuya minimum etkiyle \u00e7\u0131kar\u0131labilir. Bu lazer destekli tedavi, maksimum g\u00fcvenlik ve en y\u00fcksek hassasiyeti sa\u011flar. T\u00fcrkiye&#8217;de, \u0130stanbul ve Antalya&#8217;da multifokal ve trifokal kontakt lenslerin fiyat\u0131 ne kadar? \u0130ki g\u00f6z i\u00e7in tedavi \u00fccreti 4000 euro&#8217;dan ba\u015fl\u0131yor. \u0130stanbul&#8217;da ka\u00e7 g\u00fcn kalmal\u0131y\u0131m? \u0130stanbul&#8217;da d\u00f6rt gece yeterlidir. Sorular\u0131n\u0131z m\u0131 var?Kontaktieren Sie uns jetzt f\u00fcr mehr Infos. \u00c7OK ODAKLI LENS AMEL\u0130YATLARI NASIL \u00c7ALI\u015eIR?<\/p>\n","protected":false},"author":4,"featured_media":0,"parent":3482,"menu_order":0,"comment_status":"closed","ping_status":"closed","template":"","meta":{"_joinchat":[],"footnotes":""},"class_list":["post-3492","page","type-page","status-publish","hentry"],"acf":[],"_links":{"self":[{"href":"https:\/\/swisslasik.ch\/tr\/wp-json\/wp\/v2\/pages\/3492","targetHints":{"allow":["GET"]}}],"collection":[{"href":"https:\/\/swisslasik.ch\/tr\/wp-json\/wp\/v2\/pages"}],"about":[{"href":"https:\/\/swisslasik.ch\/tr\/wp-json\/wp\/v2\/types\/page"}],"author":[{"embeddable":true,"href":"https:\/\/swisslasik.ch\/tr\/wp-json\/wp\/v2\/users\/4"}],"replies":[{"embeddable":true,"href":"https:\/\/swisslasik.ch\/tr\/wp-json\/wp\/v2\/comments?post=3492"}],"version-history":[{"count":3,"href":"https:\/\/swisslasik.ch\/tr\/wp-json\/wp\/v2\/pages\/3492\/revisions"}],"predecessor-version":[{"id":3495,"href":"https:\/\/swisslasik.ch\/tr\/wp-json\/wp\/v2\/pages\/3492\/revisions\/3495"}],"up":[{"embeddable":true,"href":"https:\/\/swisslasik.ch\/tr\/wp-json\/wp\/v2\/pages\/3482"}],"wp:attachment":[{"href":"https:\/\/swisslasik.ch\/tr\/wp-json\/wp\/v2\/media?parent=3492"}],"curies":[{"name":"wp","href":"https:\/\/api.w.org\/{rel}","templated":true}]}}