{"id":3496,"date":"2025-09-17T13:31:48","date_gmt":"2025-09-17T12:31:48","guid":{"rendered":"https:\/\/swisslasik.ch\/lazer-goez-ameliyati-tuerkiye-istanbul\/operasyonel-proseduer\/"},"modified":"2026-01-08T14:57:23","modified_gmt":"2026-01-08T13:57:23","slug":"operasyonel-proseduer","status":"publish","type":"page","link":"https:\/\/swisslasik.ch\/tr\/lazer-goez-ameliyati-tuerkiye-istanbul\/operasyonel-proseduer\/","title":{"rendered":"Operasyonel prosed\u00fcr"},"content":{"rendered":"\t\t<div data-elementor-type=\"wp-page\" data-elementor-id=\"3496\" class=\"elementor elementor-3496 elementor-74\" data-elementor-post-type=\"page\">\n\t\t\t\t<div class=\"elementor-element elementor-element-3c8d58fc e-flex e-con-boxed wpr-particle-no wpr-jarallax-no wpr-parallax-no wpr-sticky-section-no wpr-equal-height-no e-con e-parent\" data-id=\"3c8d58fc\" data-element_type=\"container\" data-e-type=\"container\">\n\t\t\t\t\t<div class=\"e-con-inner\">\n\t\t<div class=\"elementor-element elementor-element-63a541b e-con-full e-flex wpr-particle-no wpr-jarallax-no wpr-parallax-no wpr-sticky-section-no wpr-equal-height-no e-con e-child\" data-id=\"63a541b\" data-element_type=\"container\" data-e-type=\"container\">\n\t\t\t\t<div class=\"elementor-element elementor-element-78f3155 elementor-widget elementor-widget-button\" data-id=\"78f3155\" data-element_type=\"widget\" data-e-type=\"widget\" data-widget_type=\"button.default\">\n\t\t\t\t\t\t\t\t\t\t<a class=\"elementor-button elementor-button-link elementor-size-sm\" href=\"https:\/\/swisslasik.ch\/tr\/lazer-goez-ameliyati-tuerkiye-istanbul\/\">\n\t\t\t\t\t\t<span class=\"elementor-button-content-wrapper\">\n\t\t\t\t\t\t\t\t\t<span class=\"elementor-button-text\">Lazer g\u00f6z ameliyat\u0131<\/span>\n\t\t\t\t\t<\/span>\n\t\t\t\t\t<\/a>\n\t\t\t\t\t\t\t\t<\/div>\n\t\t\t\t<div class=\"elementor-element elementor-element-a8cc1d6 elementor-widget elementor-widget-button\" data-id=\"a8cc1d6\" data-element_type=\"widget\" data-e-type=\"widget\" data-widget_type=\"button.default\">\n\t\t\t\t\t\t\t\t\t\t<a class=\"elementor-button elementor-button-link elementor-size-sm\" href=\"https:\/\/swisslasik.ch\/augen-lasern\/relex-smile-lasik\/\">\n\t\t\t\t\t\t<span class=\"elementor-button-content-wrapper\">\n\t\t\t\t\t\t\t\t\t<span class=\"elementor-button-text\">ReLex Smile Lasik<\/span>\n\t\t\t\t\t<\/span>\n\t\t\t\t\t<\/a>\n\t\t\t\t\t\t\t\t<\/div>\n\t\t\t\t<div class=\"elementor-element elementor-element-eb01147 elementor-widget elementor-widget-button\" data-id=\"eb01147\" data-element_type=\"widget\" data-e-type=\"widget\" data-widget_type=\"button.default\">\n\t\t\t\t\t\t\t\t\t\t<a class=\"elementor-button elementor-button-link elementor-size-sm\" href=\"https:\/\/swisslasik.ch\/tr\/lazer-goez-ameliyati-tuerkiye-istanbul\/tuerkiyede-goez-mercegi-implantasyonu-istanbul-antalya-izmir\/\">\n\t\t\t\t\t\t<span class=\"elementor-button-content-wrapper\">\n\t\t\t\t\t\t\t\t\t<span class=\"elementor-button-text\">Lens implantasyonu<\/span>\n\t\t\t\t\t<\/span>\n\t\t\t\t\t<\/a>\n\t\t\t\t\t\t\t\t<\/div>\n\t\t\t\t<div class=\"elementor-element elementor-element-e000094 elementor-widget elementor-widget-button\" data-id=\"e000094\" data-element_type=\"widget\" data-e-type=\"widget\" data-widget_type=\"button.default\">\n\t\t\t\t\t\t\t\t\t\t<a class=\"elementor-button elementor-button-link elementor-size-sm\" href=\"https:\/\/swisslasik.ch\/tr\/lazer-goez-ameliyati-tuerkiye-istanbul\/multifokallinsen-trifokallinsen-tuerkei-istanbul-antalya-izmir\/\">\n\t\t\t\t\t\t<span class=\"elementor-button-content-wrapper\">\n\t\t\t\t\t\t\t\t\t<span class=\"elementor-button-text\">\u00c7ok odakl\u0131 lensler<\/span>\n\t\t\t\t\t<\/span>\n\t\t\t\t\t<\/a>\n\t\t\t\t\t\t\t\t<\/div>\n\t\t\t\t<div class=\"elementor-element elementor-element-0cc3ee0 elementor-widget elementor-widget-button\" data-id=\"0cc3ee0\" data-element_type=\"widget\" data-e-type=\"widget\" data-widget_type=\"button.default\">\n\t\t\t\t\t\t\t\t\t\t<a class=\"elementor-button elementor-button-link elementor-size-sm\" href=\"https:\/\/swisslasik.ch\/augen-lasern\/wer-ist-geeignet\/\">\n\t\t\t\t\t\t<span class=\"elementor-button-content-wrapper\">\n\t\t\t\t\t\t\t\t\t<span class=\"elementor-button-text\">Kimler uygun?<\/span>\n\t\t\t\t\t<\/span>\n\t\t\t\t\t<\/a>\n\t\t\t\t\t\t\t\t<\/div>\n\t\t\t\t<div class=\"elementor-element elementor-element-4384b15 elementor-widget elementor-widget-button\" data-id=\"4384b15\" data-element_type=\"widget\" data-e-type=\"widget\" data-widget_type=\"button.default\">\n\t\t\t\t\t\t\t\t\t\t<a class=\"elementor-button elementor-button-link elementor-size-sm\" href=\"https:\/\/swisslasik.ch\/tr\/lazer-goez-ameliyati-tuerkiye-istanbul\/operasyonel-proseduer\/\">\n\t\t\t\t\t\t<span class=\"elementor-button-content-wrapper\">\n\t\t\t\t\t\t\t\t\t<span class=\"elementor-button-text\">Operasyonel prosed\u00fcr<\/span>\n\t\t\t\t\t<\/span>\n\t\t\t\t\t<\/a>\n\t\t\t\t\t\t\t\t<\/div>\n\t\t\t\t<div class=\"elementor-element elementor-element-181980a elementor-widget elementor-widget-button\" data-id=\"181980a\" data-element_type=\"widget\" data-e-type=\"widget\" data-widget_type=\"button.default\">\n\t\t\t\t\t\t\t\t\t\t<a class=\"elementor-button elementor-button-link elementor-size-sm\" href=\"https:\/\/swisslasik.ch\/augen-lasern\/risiken\/\">\n\t\t\t\t\t\t<span class=\"elementor-button-content-wrapper\">\n\t\t\t\t\t\t\t\t\t<span class=\"elementor-button-text\">Riskler<\/span>\n\t\t\t\t\t<\/span>\n\t\t\t\t\t<\/a>\n\t\t\t\t\t\t\t\t<\/div>\n\t\t\t\t<\/div>\n\t\t\t\t<div class=\"elementor-element elementor-element-7370b257 elementor-widget elementor-widget-text-editor\" data-id=\"7370b257\" data-element_type=\"widget\" data-e-type=\"widget\" data-widget_type=\"text-editor.default\">\n\t\t\t\t\t\t\t\t\t\n<h2 class=\"wp-block-heading\">CERRAH\u0130 \u0130\u015eLEM &#8211; LASIK TEDAV\u0130S\u0130<\/h2>\n\n<p><strong>\u00d6n ara\u015ft\u0131rmalar<\/strong><\/p>\n\n<p>Her hasta lazer tedavisi i\u00e7in uygun de\u011fildir; bu nedenle refraktif cerrahinin ba\u015far\u0131s\u0131 hastan\u0131n bireysel g\u00f6z yap\u0131s\u0131na ba\u011fl\u0131d\u0131r.<\/p>\n\n<p>\u0130\u015flem \u00f6ncesinde yap\u0131lan detayl\u0131 \u00f6n muayeneler, i\u015flemin kendisi kadar \u00f6nemlidir.<\/p>\n\n<p>\u0130svi\u00e7re&#8217;de \u0130ste\u011fe Ba\u011fl\u0131 \u00d6n Muayene<br>Refraktif cerrahi i\u00e7in bize kay\u0131t yapt\u0131ran her hasta, g\u00f6zlerini \u00f6nceden \u0130svi\u00e7re&#8217;de muayene ettirme se\u00e7ene\u011fine sahiptir. L\u00fctfen g\u00f6zlerinizin her durumda T\u00fcrkiye&#8217;de kapsaml\u0131 bir \u015fekilde muayene edilece\u011fini unutmay\u0131n.  <a href=\"https:\/\/swisslasik.ch\/kontakt\/\" data-type=\"page\" data-id=\"97\">Buradan kay\u0131t olabilirsiniz.<\/a><\/p>\n\n<p>\u0130ki se\u00e7ene\u011fimiz var:<\/p>\n\n<ol class=\"wp-block-list\">\n<li>Z\u00fcrih, Bern veya Arbon TG\u2019de bulunan y\u00f6nlendirdi\u011fimiz g\u00f6z doktorlar\u0131 bu \u00f6n muayeneleri ger\u00e7ekle\u015ftirmektedir. Bunun \u00fccreti 275 CHF\u2019dir. Dilerseniz g\u00f6z muayenenizi elbette ba\u015fka bir yerde de yapt\u0131rabilirsiniz. Bu \u00f6n muayene zorunlu de\u011fildir. G\u00f6zlerinizi daha \u00f6nce muayene ettirdiyseniz, bu \u00f6n muayeneye gerek yoktur; \u00e7\u00fcnk\u00fc T\u00fcrkiye\u2019de her durumda detayl\u0131 bir \u00f6n de\u011ferlendirme yap\u0131lmaktad\u0131r.    <\/li>\n\n<li>Bern\u2019deki ofisimizde veya dan\u0131\u015fmanl\u0131k g\u00fcnlerimizde k\u0131sa g\u00f6z lazer kontrollerini bizzat biz sunuyoruz. Bunun i\u00e7in pazartesiden cumartesiye kadar randevu alabilirsiniz. Bu k\u0131sa kontrol a\u015fa\u011f\u0131daki \u00f6l\u00e7\u00fcmleri kapsamaktad\u0131r:  \n<ul class=\"wp-block-list\">\n<li>Diyoptri cinsinden refraksiyon hatalar\u0131 (g\u00f6zl\u00fck de\u011ferleri) <\/li>\n\n<li>G\u00f6z i\u00e7i bas\u0131nc\u0131<\/li>\n\n<li>kornea kal\u0131nl\u0131\u011f\u0131<\/li>\n\n<li>Kornea topografisi<\/li>\n<\/ul>\n<\/li>\n<\/ol>\n\n<p>Bu i\u015flem s\u0131ras\u0131nda bir g\u00f6z doktoru muayenesi yap\u0131lmayacakt\u0131r. Bu \u00f6l\u00e7\u00fcmler, T\u00fcrkiye\u2019de her durumda zorunlu olarak yap\u0131lan \u00f6n muayenenin yerine ge\u00e7mez. Ameliyat i\u00e7in kesin karar T\u00fcrkiye\u2019de verilir. Ama\u00e7, g\u00f6zlerin genel olarak lazer tedavisine uygun olup olmad\u0131\u011f\u0131n\u0131n tespit edilmesidir. Elde edilen sonu\u00e7lar T\u00fcrkiye\u2019deki g\u00f6z lazer cerrahlar\u0131 taraf\u0131ndan de\u011ferlendirilir.    <\/p>\n\n<p><strong>T\u00fcrkiye&#8217;de \u00f6n eleme s\u0131nav\u0131<\/strong><\/p>\n\n<p>Bu muayeneler ve ameliyat i\u00e7in kornean\u0131z\u0131n y\u00fczeyinin do\u011fal \u015feklini korumas\u0131 \u00f6nemlidir.<\/p>\n\n<p>Bu nedenle, \u0130stanbul\u2019da yap\u0131lacak \u00f6n muayeneden \u00f6nce yumu\u015fak kontakt lenslerin en az bir hafta, sert kontakt lenslerin ise en az iki hafta boyunca kesinlikle kullan\u0131lmamas\u0131 gerekmektedir. Bu s\u00fcre zarf\u0131nda ge\u00e7ici \u00e7\u00f6z\u00fcm olarak g\u00f6zl\u00fck kullan\u0131lmas\u0131 \u00f6nerilir.  <\/p>\n\n<p>E\u011fer son y\u0131llara ait g\u00f6zl\u00fck re\u00e7eteleriniz (veya g\u00f6zl\u00fckleriniz) ve\/veya kontakt lens re\u00e7eteleriniz varsa, l\u00fctfen bunlar\u0131 yan\u0131n\u0131zda getirin. Bu sayede g\u00f6rme bozuklu\u011funuzun zaman i\u00e7indeki de\u011fi\u015fimi daha iyi de\u011ferlendirilebilir.<\/p>\n\n<p><strong>T\u00fcrkiye&#8217;deki \u00f6n de\u011ferlendirme s\u0131ras\u0131nda tam olarak neler \u00f6l\u00e7\u00fcl\u00fcyor?<\/strong><\/p>\n\n<p>\u00d6n muayene yakla\u015f\u0131k 2 saate kadar s\u00fcrebilir. Bu s\u00fcre\u00e7te g\u00f6z\u00fcn\u00fcz ayr\u0131nt\u0131l\u0131 \u015fekilde incelenir ve g\u00f6rme bozuklu\u011funuz farkl\u0131 y\u00f6ntemlerle tespit edilip \u00f6l\u00e7\u00fcl\u00fcr. Ayr\u0131ca katarakt ve glokom gibi lazer tedavisine engel olabilecek durumlar da kontrol edilir. Bunun yan\u0131nda kornean\u0131z\u0131n ve g\u00f6z bebe\u011finizin boyutu hassas \u015fekilde \u00f6l\u00e7\u00fcl\u00fcr.   <\/p>\n\n<p>E\u011fer g\u00f6zleriniz ameliyat i\u00e7in uygunsa, size hangi y\u00f6ntemlerin uygun olaca\u011f\u0131 bildirilecektir. Baz\u0131 durumlarda tedavi \u00f6nerilmeyebilir. <\/p>\n\n<p><strong>Ameliyattan \u00f6nce<\/strong><\/p>\n\n<p><strong>Ba\u015far\u0131ya nas\u0131l katk\u0131da bulunabilirsiniz?<\/strong><\/p>\n\n<ul class=\"wp-block-list\">\n<li>Y\u00fcz\u00fcn\u00fcz\u00fc iyice y\u0131kay\u0131n.<\/li>\n\n<li>Schminken und parf\u00fcmieren Sie sich vor der Operation bitte nicht (Auch f\u00fcr M\u00e4nner keine Aftershavelotion).<\/li>\n\n<li>Rahat bir \u015feyler giyin.<\/li>\n\n<li>Unterlassen Sie koffeinreiche Getr\u00e4nke und Alkoholkonsum.<\/li>\n\n<li>\u0130yi uyku her zaman faydal\u0131d\u0131r.<\/li>\n\n<li>\u00c7ok gergin hissediyorsan\u0131z l\u00fctfen yakla\u015f\u0131k 30 dakika \u00f6nceden sakinle\u015ftirici isteyin. <\/li>\n\n<li>L\u00fctfen ameliyat g\u00fcn\u00fc yan\u0131n\u0131zda g\u00fcne\u015f g\u00f6zl\u00fc\u011f\u00fc getirin.<\/li>\n<\/ul>\n\n<p><strong>Lazer g\u00f6z ameliyat\u0131 s\u0131ras\u0131nda<\/strong><\/p>\n\n<p>T\u00fcm i\u015flemler ayakta tedavi \u015feklinde ger\u00e7ekle\u015ftirilir. \u0130\u015flemden iki hafta \u00f6nce yumu\u015fak kontakt lens, \u00fc\u00e7 hafta \u00f6nce ise sert kontakt lens takmaman\u0131z \u00e7ok \u00f6nemlidir. <\/p>\n\n<p>\u00d6ncelikle g\u00f6z \u00e7evreniz dezenfekte edilir, ard\u0131ndan g\u00f6zleriniz a\u00e7\u0131k kalacak \u015fekilde y\u00fcz\u00fcn\u00fcze steril bir \u00f6rt\u00fc yerle\u015ftirilir. Daha sonra k\u00fc\u00e7\u00fck bir aparat yard\u0131m\u0131yla g\u00f6z kapaklar\u0131n\u0131z a\u00e7\u0131l\u0131r ve sabitlenir; b\u00f6ylece operasyon s\u0131ras\u0131nda g\u00f6zlerinizi istemsiz olarak kapatman\u0131z engellenir. <\/p>\n\n<p>\u0130\u015flem s\u0131ras\u0131nda herhangi bir a\u011fr\u0131 hissetmeyeceksiniz, sadece g\u00f6z\u00fcn\u00fcze dokunuldu\u011funu hissedeceksiniz.<\/p>\n\n<p>Ba\u015far\u0131l\u0131 bir operasyon i\u00e7in hasta olarak sizden beklenen tek \u015fey, doktorun verdi\u011fi talimatlar\u0131 sakin bir \u015fekilde uygulaman\u0131zd\u0131r. Her iki g\u00f6z\u00fcn birlikte tedavi edilmesi durumunda operasyon 8 ila 10 dakika s\u00fcrer. <\/p>\n\n<p>Bekleme salonunda k\u0131sa bir dinlenme s\u00fcresi boyunca doktor taraf\u0131ndan son bir kontrol yap\u0131l\u0131r.<\/p>\n\n<p><strong>Ameliyattan sonra<\/strong><\/p>\n\n<ul class=\"wp-block-list\">\n<li>Y\u00fcksek \u0131\u015f\u0131k hassasiyeti nedeniyle g\u00fcne\u015f g\u00f6zl\u00fc\u011f\u00fc tak\u0131n.<\/li>\n\n<li>Otele geri d\u00f6nmek en iyisi.<\/li>\n\n<li>Kendinize dinlenmek i\u00e7in zaman tan\u0131y\u0131n ve m\u00fcmk\u00fcnse 4 saat daha g\u00f6zlerinizi kapal\u0131 tutun.<\/li>\n\n<li>Unterlassen Sie Fernsehen oder Lesen.<\/li>\n\n<li>\u0130\u015flem sonras\u0131 hafif bulan\u0131k g\u00f6rme ve hafif g\u00f6z ya\u015farmas\u0131 normaldir. Yeterli g\u00f6rme keskinli\u011fi birka\u00e7 saat i\u00e7inde sa\u011flan\u0131r, bu nedenle art\u0131k g\u00f6zl\u00fck veya kontakt lenslere ihtiyac\u0131n\u0131z kalmaz. G\u00f6rme yetene\u011finiz genellikle 4 ila 8 hafta sonra stabil hale gelir.  <\/li>\n<\/ul>\n\n<p><strong>Takip muayeneleri<\/strong><\/p>\n\n<p>Ameliyattan en iyi sonu\u00e7lar\u0131 almak i\u00e7in a\u015fa\u011f\u0131daki takip muayenesi program\u0131 \u00f6nerilir.<\/p>\n\n<ul class=\"wp-block-list\">\n<li>Ameliyat sonras\u0131 birinci g\u00fcn (\u0130stanbul&#8217;da ger\u00e7ekle\u015fir)<\/li>\n\n<li>Yakla\u015f\u0131k bir hafta sonra (gerekirse)<\/li>\n\n<li>4-6 hafta sonra (gerekirse)<\/li>\n\n<li>3 ay sonra (gerekirse)<\/li>\n\n<li>6 ay sonra veya (gerekirse) bir y\u0131l sonra.<\/li>\n<\/ul>\n\n<p>\u0130svi\u00e7re\u2019de yap\u0131lan ameliyat sonras\u0131 kontroller, Premium paket kapsam\u0131nda, \u00f6n muayenelerde oldu\u011fu gibi \u0130svi\u00e7re\u2019deki y\u00f6nlendirdi\u011fimiz g\u00f6z doktoru taraf\u0131ndan ger\u00e7ekle\u015ftirilir ve Premium pakete d\u00e2hildir. Ameliyat tarihinden itibaren bir y\u0131l i\u00e7inde en fazla d\u00f6rt adet kontrol muayenesi bu kapsama girer.<\/p>\n\n<p><strong>Daha iyi bir iyile\u015fme s\u00fcrecine nas\u0131l katk\u0131da bulunabilirsiniz?<\/strong><\/p>\n\n<p>G\u00f6zlerinizin deste\u011finize ihtiyac\u0131 var. Ameliyat\u0131n\u0131zdan sonra l\u00fctfen a\u015fa\u011f\u0131daki noktalara dikkat edin: <\/p>\n\n<ul class=\"wp-block-list\">\n<li>Re\u00e7ete edilen g\u00f6z damlalar\u0131n\u0131 d\u00fczenli olarak kullan\u0131n.<\/li>\n\n<li>Ameliyattan sonraki ilk birka\u00e7 g\u00fcn g\u00f6z\u00fcn\u00fcz\u00fc ovmay\u0131n.<\/li>\n\n<li>Y\u0131kama veya du\u015f alma s\u0131ras\u0131nda ameliyat edilen g\u00f6z\u00fcn\u00fcze su ka\u00e7mamas\u0131na dikkat edin.<\/li>\n\n<li>\u0130lk hafta boyunca g\u00f6z makyaj\u0131 yapmay\u0131n.<\/li>\n\n<li>G\u00f6z doktorunuz tekrar izin verene kadar yorucu fiziksel aktivitelerden, y\u00fczmekten ve sauna ziyaretlerinden ka\u00e7\u0131n\u0131n.<\/li>\n\n<li>Romatizmal bir hastal\u0131\u011f\u0131n\u0131z varsa g\u00f6z doktorunuza bildirin.<\/li>\n\n<li>Her iki g\u00f6z\u00fcn\u00fcze de uygulanan i\u015flem ba\u015far\u0131yla tamamland\u0131ktan ve g\u00f6z doktorunuz size a\u00e7\u0131k\u00e7a izin verdikten sonra tekrar ara\u00e7 kullanmal\u0131s\u0131n\u0131z.<\/li>\n\n<li>\u0130lk birka\u00e7 g\u00fcn boyunca a\u015f\u0131r\u0131 derecede g\u00f6z kama\u015fmas\u0131 ya\u015farsan\u0131z, g\u00fcne\u015f g\u00f6zl\u00fc\u011f\u00fc tak\u0131n. Ancak, \u0131\u015f\u0131\u011fa kar\u015f\u0131 artan hassasiyetiniz hakk\u0131nda g\u00f6z doktorunuzu da mutlaka bilgilendirin. <\/li>\n\n<li>Planlanan t\u00fcm randevular\u0131n\u0131za mutlaka kat\u0131l\u0131n.<\/li>\n\n<li>\u015eiddetli a\u011fr\u0131 ve ani g\u00f6rme kayb\u0131 ya\u015farsan\u0131z, derhal g\u00f6z doktorunuza ba\u015fvurun.<\/li>\n<\/ul>\n\n<p>Zudem treiben Sie bitte:<\/p>\n\n<ul class=\"wp-block-list\">\n<li>2 hafta boyunca tak\u0131m ve top sporlar\u0131 yap\u0131lmayacak.<\/li>\n\n<li>4 hafta boyunca d\u00f6v\u00fc\u015f sanatlar\u0131 yok.<\/li>\n\n<li>3 ay boyunca dal\u0131\u015f yapmay\u0131n.<\/li>\n\n<li>\u0130lk hafta boyunca sigara duman\u0131 olan odalardan ka\u00e7\u0131n\u0131n.<\/li>\n\n<li>G\u00fcne\u015f \u0131\u015f\u0131nlar\u0131n\u0131n \u00e7ok g\u00fc\u00e7l\u00fc olmas\u0131 nedeniyle, deniz kenar\u0131nda veya da\u011flarda g\u00f6zlerinizi a\u00e7\u0131kta b\u0131rakarak tatil yapmaktan ka\u00e7\u0131n\u0131n.<\/li>\n\n<li>4 hafta boyunca solaryuma gitmeyin.<\/li>\n<\/ul>\n\t\t\t\t\t\t\t\t<\/div>\n\t\t\t\t\t<\/div>\n\t\t\t\t<\/div>\n\t\t\t\t<\/div>\n\t\t","protected":false},"excerpt":{"rendered":"<p>Lazer g\u00f6z ameliyat\u0131 ReLex Smile Lasik Lens implantasyonu \u00c7ok odakl\u0131 lensler Kimler uygun? Operasyonel prosed\u00fcr Riskler CERRAH\u0130 \u0130\u015eLEM &#8211; LASIK TEDAV\u0130S\u0130 \u00d6n ara\u015ft\u0131rmalar Her hasta lazer tedavisi i\u00e7in uygun de\u011fildir; bu nedenle refraktif cerrahinin ba\u015far\u0131s\u0131 hastan\u0131n bireysel g\u00f6z yap\u0131s\u0131na ba\u011fl\u0131d\u0131r. \u0130\u015flem \u00f6ncesinde yap\u0131lan detayl\u0131 \u00f6n muayeneler, i\u015flemin kendisi kadar \u00f6nemlidir. \u0130svi\u00e7re&#8217;de \u0130ste\u011fe Ba\u011fl\u0131 \u00d6n MuayeneRefraktif cerrahi i\u00e7in bize kay\u0131t yapt\u0131ran her hasta, g\u00f6zlerini \u00f6nceden \u0130svi\u00e7re&#8217;de muayene ettirme se\u00e7ene\u011fine sahiptir. L\u00fctfen g\u00f6zlerinizin her durumda T\u00fcrkiye&#8217;de kapsaml\u0131 bir \u015fekilde muayene edilece\u011fini unutmay\u0131n. Buradan kay\u0131t olabilirsiniz. \u0130ki se\u00e7ene\u011fimiz var: Z\u00fcrih, Bern veya Arbon TG\u2019de bulunan y\u00f6nlendirdi\u011fimiz g\u00f6z doktorlar\u0131 bu \u00f6n muayeneleri ger\u00e7ekle\u015ftirmektedir. Bunun \u00fccreti 275 CHF\u2019dir. Dilerseniz g\u00f6z muayenenizi elbette ba\u015fka bir yerde de yapt\u0131rabilirsiniz. Bu \u00f6n muayene zorunlu de\u011fildir. G\u00f6zlerinizi daha \u00f6nce muayene ettirdiyseniz, bu \u00f6n muayeneye gerek yoktur; \u00e7\u00fcnk\u00fc T\u00fcrkiye\u2019de her durumda detayl\u0131 bir \u00f6n de\u011ferlendirme yap\u0131lmaktad\u0131r. Bern\u2019deki ofisimizde veya dan\u0131\u015fmanl\u0131k g\u00fcnlerimizde k\u0131sa g\u00f6z lazer kontrollerini bizzat biz sunuyoruz. Bunun i\u00e7in pazartesiden cumartesiye kadar randevu alabilirsiniz. Bu k\u0131sa kontrol a\u015fa\u011f\u0131daki \u00f6l\u00e7\u00fcmleri kapsamaktad\u0131r: Diyoptri cinsinden refraksiyon hatalar\u0131 (g\u00f6zl\u00fck de\u011ferleri) G\u00f6z i\u00e7i bas\u0131nc\u0131 kornea kal\u0131nl\u0131\u011f\u0131 Kornea topografisi Bu i\u015flem s\u0131ras\u0131nda bir g\u00f6z doktoru muayenesi yap\u0131lmayacakt\u0131r. Bu \u00f6l\u00e7\u00fcmler, T\u00fcrkiye\u2019de her durumda zorunlu olarak yap\u0131lan \u00f6n muayenenin yerine ge\u00e7mez. Ameliyat i\u00e7in kesin karar T\u00fcrkiye\u2019de verilir. Ama\u00e7, g\u00f6zlerin genel olarak lazer tedavisine uygun olup olmad\u0131\u011f\u0131n\u0131n tespit edilmesidir. Elde edilen sonu\u00e7lar T\u00fcrkiye\u2019deki g\u00f6z lazer cerrahlar\u0131 taraf\u0131ndan de\u011ferlendirilir. T\u00fcrkiye&#8217;de \u00f6n eleme s\u0131nav\u0131 Bu muayeneler ve ameliyat i\u00e7in kornean\u0131z\u0131n y\u00fczeyinin do\u011fal \u015feklini korumas\u0131 \u00f6nemlidir. Bu nedenle, \u0130stanbul\u2019da yap\u0131lacak \u00f6n muayeneden \u00f6nce yumu\u015fak kontakt lenslerin en az bir hafta, sert kontakt lenslerin ise en az iki hafta boyunca kesinlikle kullan\u0131lmamas\u0131 gerekmektedir. Bu s\u00fcre zarf\u0131nda ge\u00e7ici \u00e7\u00f6z\u00fcm olarak g\u00f6zl\u00fck kullan\u0131lmas\u0131 \u00f6nerilir. E\u011fer son y\u0131llara ait g\u00f6zl\u00fck re\u00e7eteleriniz (veya g\u00f6zl\u00fckleriniz) ve\/veya kontakt lens re\u00e7eteleriniz varsa, l\u00fctfen bunlar\u0131 yan\u0131n\u0131zda getirin. Bu sayede g\u00f6rme bozuklu\u011funuzun zaman i\u00e7indeki de\u011fi\u015fimi daha iyi de\u011ferlendirilebilir. T\u00fcrkiye&#8217;deki \u00f6n de\u011ferlendirme s\u0131ras\u0131nda tam olarak neler \u00f6l\u00e7\u00fcl\u00fcyor? \u00d6n muayene yakla\u015f\u0131k 2 saate kadar s\u00fcrebilir. Bu s\u00fcre\u00e7te g\u00f6z\u00fcn\u00fcz ayr\u0131nt\u0131l\u0131 \u015fekilde incelenir ve g\u00f6rme bozuklu\u011funuz farkl\u0131 y\u00f6ntemlerle tespit edilip \u00f6l\u00e7\u00fcl\u00fcr. Ayr\u0131ca katarakt ve glokom gibi lazer tedavisine engel olabilecek durumlar da kontrol edilir. Bunun yan\u0131nda kornean\u0131z\u0131n ve g\u00f6z bebe\u011finizin boyutu hassas \u015fekilde \u00f6l\u00e7\u00fcl\u00fcr. E\u011fer g\u00f6zleriniz ameliyat i\u00e7in uygunsa, size hangi y\u00f6ntemlerin uygun olaca\u011f\u0131 bildirilecektir. Baz\u0131 durumlarda tedavi \u00f6nerilmeyebilir. Ameliyattan \u00f6nce Ba\u015far\u0131ya nas\u0131l katk\u0131da bulunabilirsiniz? Y\u00fcz\u00fcn\u00fcz\u00fc iyice y\u0131kay\u0131n. Schminken und parf\u00fcmieren Sie sich vor der Operation bitte nicht (Auch f\u00fcr M\u00e4nner keine Aftershavelotion). Rahat bir \u015feyler giyin. Unterlassen Sie koffeinreiche Getr\u00e4nke und Alkoholkonsum. \u0130yi uyku her zaman faydal\u0131d\u0131r. \u00c7ok gergin hissediyorsan\u0131z l\u00fctfen yakla\u015f\u0131k 30 dakika \u00f6nceden sakinle\u015ftirici isteyin. L\u00fctfen ameliyat g\u00fcn\u00fc yan\u0131n\u0131zda g\u00fcne\u015f g\u00f6zl\u00fc\u011f\u00fc getirin. Lazer g\u00f6z ameliyat\u0131 s\u0131ras\u0131nda T\u00fcm i\u015flemler ayakta tedavi \u015feklinde ger\u00e7ekle\u015ftirilir. \u0130\u015flemden iki hafta \u00f6nce yumu\u015fak kontakt lens, \u00fc\u00e7 hafta \u00f6nce ise sert kontakt lens takmaman\u0131z \u00e7ok \u00f6nemlidir. \u00d6ncelikle g\u00f6z \u00e7evreniz dezenfekte edilir, ard\u0131ndan g\u00f6zleriniz a\u00e7\u0131k kalacak \u015fekilde y\u00fcz\u00fcn\u00fcze steril bir \u00f6rt\u00fc yerle\u015ftirilir. Daha sonra k\u00fc\u00e7\u00fck bir aparat yard\u0131m\u0131yla g\u00f6z kapaklar\u0131n\u0131z a\u00e7\u0131l\u0131r ve sabitlenir; b\u00f6ylece operasyon s\u0131ras\u0131nda g\u00f6zlerinizi istemsiz olarak kapatman\u0131z engellenir. \u0130\u015flem s\u0131ras\u0131nda herhangi bir a\u011fr\u0131 hissetmeyeceksiniz, sadece g\u00f6z\u00fcn\u00fcze dokunuldu\u011funu hissedeceksiniz. Ba\u015far\u0131l\u0131 bir operasyon i\u00e7in hasta olarak sizden beklenen tek \u015fey, doktorun verdi\u011fi talimatlar\u0131 sakin bir \u015fekilde uygulaman\u0131zd\u0131r. Her iki g\u00f6z\u00fcn birlikte tedavi edilmesi durumunda operasyon 8 ila 10 dakika s\u00fcrer. Bekleme salonunda k\u0131sa bir dinlenme s\u00fcresi boyunca doktor taraf\u0131ndan son bir kontrol yap\u0131l\u0131r. Ameliyattan sonra Y\u00fcksek \u0131\u015f\u0131k hassasiyeti nedeniyle g\u00fcne\u015f g\u00f6zl\u00fc\u011f\u00fc tak\u0131n. Otele geri d\u00f6nmek en iyisi. Kendinize dinlenmek i\u00e7in zaman tan\u0131y\u0131n ve m\u00fcmk\u00fcnse 4 saat daha g\u00f6zlerinizi kapal\u0131 tutun. Unterlassen Sie Fernsehen oder Lesen. \u0130\u015flem sonras\u0131 hafif bulan\u0131k g\u00f6rme ve hafif g\u00f6z ya\u015farmas\u0131 normaldir. Yeterli g\u00f6rme keskinli\u011fi birka\u00e7 saat i\u00e7inde sa\u011flan\u0131r, bu nedenle art\u0131k g\u00f6zl\u00fck veya kontakt lenslere ihtiyac\u0131n\u0131z kalmaz. G\u00f6rme yetene\u011finiz genellikle 4 ila 8 hafta sonra stabil hale gelir. Takip muayeneleri Ameliyattan en iyi sonu\u00e7lar\u0131 almak i\u00e7in a\u015fa\u011f\u0131daki takip muayenesi program\u0131 \u00f6nerilir. Ameliyat sonras\u0131 birinci g\u00fcn (\u0130stanbul&#8217;da ger\u00e7ekle\u015fir) Yakla\u015f\u0131k bir hafta sonra (gerekirse) 4-6 hafta sonra (gerekirse) 3 ay sonra (gerekirse) 6 ay sonra veya (gerekirse) bir y\u0131l sonra. \u0130svi\u00e7re\u2019de yap\u0131lan ameliyat sonras\u0131 kontroller, Premium paket kapsam\u0131nda, \u00f6n muayenelerde oldu\u011fu gibi \u0130svi\u00e7re\u2019deki y\u00f6nlendirdi\u011fimiz g\u00f6z doktoru taraf\u0131ndan ger\u00e7ekle\u015ftirilir ve Premium pakete d\u00e2hildir. Ameliyat tarihinden itibaren bir y\u0131l i\u00e7inde en fazla d\u00f6rt adet kontrol muayenesi bu kapsama girer. Daha iyi bir iyile\u015fme s\u00fcrecine nas\u0131l katk\u0131da bulunabilirsiniz? G\u00f6zlerinizin deste\u011finize ihtiyac\u0131 var. Ameliyat\u0131n\u0131zdan sonra l\u00fctfen a\u015fa\u011f\u0131daki noktalara dikkat edin: Re\u00e7ete edilen g\u00f6z damlalar\u0131n\u0131 d\u00fczenli olarak kullan\u0131n. Ameliyattan sonraki ilk birka\u00e7 g\u00fcn g\u00f6z\u00fcn\u00fcz\u00fc ovmay\u0131n. Y\u0131kama veya du\u015f alma s\u0131ras\u0131nda ameliyat edilen g\u00f6z\u00fcn\u00fcze su ka\u00e7mamas\u0131na dikkat edin. \u0130lk hafta boyunca g\u00f6z makyaj\u0131 yapmay\u0131n. G\u00f6z doktorunuz tekrar izin verene kadar yorucu fiziksel aktivitelerden, y\u00fczmekten ve sauna ziyaretlerinden ka\u00e7\u0131n\u0131n. Romatizmal bir hastal\u0131\u011f\u0131n\u0131z varsa g\u00f6z doktorunuza bildirin. Her iki g\u00f6z\u00fcn\u00fcze de uygulanan i\u015flem ba\u015far\u0131yla tamamland\u0131ktan ve g\u00f6z doktorunuz size a\u00e7\u0131k\u00e7a izin verdikten sonra tekrar ara\u00e7 kullanmal\u0131s\u0131n\u0131z. \u0130lk birka\u00e7 g\u00fcn boyunca a\u015f\u0131r\u0131 derecede g\u00f6z kama\u015fmas\u0131 ya\u015farsan\u0131z, g\u00fcne\u015f g\u00f6zl\u00fc\u011f\u00fc tak\u0131n. Ancak, \u0131\u015f\u0131\u011fa kar\u015f\u0131 artan hassasiyetiniz hakk\u0131nda g\u00f6z doktorunuzu da mutlaka bilgilendirin. Planlanan t\u00fcm randevular\u0131n\u0131za mutlaka kat\u0131l\u0131n. \u015eiddetli a\u011fr\u0131 ve ani g\u00f6rme kayb\u0131 ya\u015farsan\u0131z, derhal g\u00f6z doktorunuza ba\u015fvurun. Zudem treiben Sie bitte: 2 hafta boyunca tak\u0131m ve top sporlar\u0131 yap\u0131lmayacak. 4 hafta boyunca d\u00f6v\u00fc\u015f sanatlar\u0131 yok. 3 ay boyunca dal\u0131\u015f yapmay\u0131n. \u0130lk hafta boyunca sigara duman\u0131 olan odalardan ka\u00e7\u0131n\u0131n. G\u00fcne\u015f \u0131\u015f\u0131nlar\u0131n\u0131n \u00e7ok g\u00fc\u00e7l\u00fc olmas\u0131 nedeniyle, deniz kenar\u0131nda veya da\u011flarda g\u00f6zlerinizi a\u00e7\u0131kta b\u0131rakarak tatil yapmaktan ka\u00e7\u0131n\u0131n. 4 hafta boyunca solaryuma gitmeyin.<\/p>\n","protected":false},"author":4,"featured_media":0,"parent":3482,"menu_order":0,"comment_status":"closed","ping_status":"closed","template":"","meta":{"_joinchat":[],"footnotes":""},"class_list":["post-3496","page","type-page","status-publish","hentry"],"acf":[],"_links":{"self":[{"href":"https:\/\/swisslasik.ch\/tr\/wp-json\/wp\/v2\/pages\/3496","targetHints":{"allow":["GET"]}}],"collection":[{"href":"https:\/\/swisslasik.ch\/tr\/wp-json\/wp\/v2\/pages"}],"about":[{"href":"https:\/\/swisslasik.ch\/tr\/wp-json\/wp\/v2\/types\/page"}],"author":[{"embeddable":true,"href":"https:\/\/swisslasik.ch\/tr\/wp-json\/wp\/v2\/users\/4"}],"replies":[{"embeddable":true,"href":"https:\/\/swisslasik.ch\/tr\/wp-json\/wp\/v2\/comments?post=3496"}],"version-history":[{"count":3,"href":"https:\/\/swisslasik.ch\/tr\/wp-json\/wp\/v2\/pages\/3496\/revisions"}],"predecessor-version":[{"id":3499,"href":"https:\/\/swisslasik.ch\/tr\/wp-json\/wp\/v2\/pages\/3496\/revisions\/3499"}],"up":[{"embeddable":true,"href":"https:\/\/swisslasik.ch\/tr\/wp-json\/wp\/v2\/pages\/3482"}],"wp:attachment":[{"href":"https:\/\/swisslasik.ch\/tr\/wp-json\/wp\/v2\/media?parent=3496"}],"curies":[{"name":"wp","href":"https:\/\/api.w.org\/{rel}","templated":true}]}}