{"id":3501,"date":"2025-09-17T13:28:17","date_gmt":"2025-09-17T12:28:17","guid":{"rendered":"https:\/\/swisslasik.ch\/lazer-goez-ameliyati-tuerkiye-istanbul\/relex-smile-lasik-tuerkei-istanbul-antalya-izmir\/"},"modified":"2026-01-08T15:00:59","modified_gmt":"2026-01-08T14:00:59","slug":"relex-smile-lasik-tuerkei-istanbul-antalya-izmir","status":"publish","type":"page","link":"https:\/\/swisslasik.ch\/tr\/lazer-goez-ameliyati-tuerkiye-istanbul\/relex-smile-lasik-tuerkei-istanbul-antalya-izmir\/","title":{"rendered":"RELEX SMILE LASIK t\u00fcrkei Istanbul Antalya Izmir"},"content":{"rendered":"\t\t<div data-elementor-type=\"wp-page\" data-elementor-id=\"3501\" class=\"elementor elementor-3501 elementor-65\" data-elementor-post-type=\"page\">\n\t\t\t\t<div class=\"elementor-element elementor-element-2373f8f e-flex e-con-boxed wpr-particle-no wpr-jarallax-no wpr-parallax-no wpr-sticky-section-no e-con e-parent\" data-id=\"2373f8f\" data-element_type=\"container\" data-e-type=\"container\">\n\t\t\t\t\t<div class=\"e-con-inner\">\n\t\t<div class=\"elementor-element elementor-element-76b560e e-con-full e-flex wpr-particle-no wpr-jarallax-no wpr-parallax-no wpr-sticky-section-no e-con e-child\" data-id=\"76b560e\" data-element_type=\"container\" data-e-type=\"container\">\n\t\t\t\t<div class=\"elementor-element elementor-element-1acb6c1 elementor-widget elementor-widget-button\" data-id=\"1acb6c1\" data-element_type=\"widget\" data-e-type=\"widget\" data-widget_type=\"button.default\">\n\t\t\t\t\t\t\t\t\t\t<a class=\"elementor-button elementor-button-link elementor-size-sm\" href=\"https:\/\/swisslasik.ch\/tr\/lazer-goez-ameliyati-tuerkiye-istanbul\/\">\n\t\t\t\t\t\t<span class=\"elementor-button-content-wrapper\">\n\t\t\t\t\t\t\t\t\t<span class=\"elementor-button-text\">Lazer g\u00f6z ameliyat\u0131<\/span>\n\t\t\t\t\t<\/span>\n\t\t\t\t\t<\/a>\n\t\t\t\t\t\t\t\t<\/div>\n\t\t\t\t<div class=\"elementor-element elementor-element-65f80e1 elementor-widget elementor-widget-button\" data-id=\"65f80e1\" data-element_type=\"widget\" data-e-type=\"widget\" data-widget_type=\"button.default\">\n\t\t\t\t\t\t\t\t\t\t<a class=\"elementor-button elementor-button-link elementor-size-sm\" href=\"https:\/\/swisslasik.ch\/tr\/lazer-goez-ameliyati-tuerkiye-istanbul\/relex-smile-lasik-tuerkei-istanbul-antalya-izmir\/\">\n\t\t\t\t\t\t<span class=\"elementor-button-content-wrapper\">\n\t\t\t\t\t\t\t\t\t<span class=\"elementor-button-text\">ReLex Smile Lasik<\/span>\n\t\t\t\t\t<\/span>\n\t\t\t\t\t<\/a>\n\t\t\t\t\t\t\t\t<\/div>\n\t\t\t\t<div class=\"elementor-element elementor-element-dc28634 elementor-widget elementor-widget-button\" data-id=\"dc28634\" data-element_type=\"widget\" data-e-type=\"widget\" data-widget_type=\"button.default\">\n\t\t\t\t\t\t\t\t\t\t<a class=\"elementor-button elementor-button-link elementor-size-sm\" href=\"https:\/\/swisslasik.ch\/tr\/lazer-goez-ameliyati-tuerkiye-istanbul\/tuerkiyede-goez-mercegi-implantasyonu-istanbul-antalya-izmir\/\">\n\t\t\t\t\t\t<span class=\"elementor-button-content-wrapper\">\n\t\t\t\t\t\t\t\t\t<span class=\"elementor-button-text\">Lens implantasyonu<\/span>\n\t\t\t\t\t<\/span>\n\t\t\t\t\t<\/a>\n\t\t\t\t\t\t\t\t<\/div>\n\t\t\t\t<div class=\"elementor-element elementor-element-0641957 elementor-widget elementor-widget-button\" data-id=\"0641957\" data-element_type=\"widget\" data-e-type=\"widget\" data-widget_type=\"button.default\">\n\t\t\t\t\t\t\t\t\t\t<a class=\"elementor-button elementor-button-link elementor-size-sm\" href=\"https:\/\/swisslasik.ch\/tr\/lazer-goez-ameliyati-tuerkiye-istanbul\/multifokallinsen-trifokallinsen-tuerkei-istanbul-antalya-izmir\/\">\n\t\t\t\t\t\t<span class=\"elementor-button-content-wrapper\">\n\t\t\t\t\t\t\t\t\t<span class=\"elementor-button-text\">\u00c7ok odakl\u0131 lensler<\/span>\n\t\t\t\t\t<\/span>\n\t\t\t\t\t<\/a>\n\t\t\t\t\t\t\t\t<\/div>\n\t\t\t\t<div class=\"elementor-element elementor-element-9da2708 elementor-widget elementor-widget-button\" data-id=\"9da2708\" data-element_type=\"widget\" data-e-type=\"widget\" data-widget_type=\"button.default\">\n\t\t\t\t\t\t\t\t\t\t<a class=\"elementor-button elementor-button-link elementor-size-sm\" href=\"https:\/\/swisslasik.ch\/augen-lasern\/wer-ist-geeignet\/\">\n\t\t\t\t\t\t<span class=\"elementor-button-content-wrapper\">\n\t\t\t\t\t\t\t\t\t<span class=\"elementor-button-text\">Kimler uygun?<\/span>\n\t\t\t\t\t<\/span>\n\t\t\t\t\t<\/a>\n\t\t\t\t\t\t\t\t<\/div>\n\t\t\t\t<div class=\"elementor-element elementor-element-fa76a0c elementor-widget elementor-widget-button\" data-id=\"fa76a0c\" data-element_type=\"widget\" data-e-type=\"widget\" data-widget_type=\"button.default\">\n\t\t\t\t\t\t\t\t\t\t<a class=\"elementor-button elementor-button-link elementor-size-sm\" href=\"https:\/\/swisslasik.ch\/tr\/lazer-goez-ameliyati-tuerkiye-istanbul\/operasyonel-proseduer\/\">\n\t\t\t\t\t\t<span class=\"elementor-button-content-wrapper\">\n\t\t\t\t\t\t\t\t\t<span class=\"elementor-button-text\">Operasyonel prosed\u00fcr<\/span>\n\t\t\t\t\t<\/span>\n\t\t\t\t\t<\/a>\n\t\t\t\t\t\t\t\t<\/div>\n\t\t\t\t<div class=\"elementor-element elementor-element-1e8472f elementor-widget elementor-widget-button\" data-id=\"1e8472f\" data-element_type=\"widget\" data-e-type=\"widget\" data-widget_type=\"button.default\">\n\t\t\t\t\t\t\t\t\t\t<a class=\"elementor-button elementor-button-link elementor-size-sm\" href=\"https:\/\/swisslasik.ch\/augen-lasern\/risiken\/\">\n\t\t\t\t\t\t<span class=\"elementor-button-content-wrapper\">\n\t\t\t\t\t\t\t\t\t<span class=\"elementor-button-text\">Riskler<\/span>\n\t\t\t\t\t<\/span>\n\t\t\t\t\t<\/a>\n\t\t\t\t\t\t\t\t<\/div>\n\t\t\t\t<\/div>\n\t\t\t\t<div class=\"elementor-element elementor-element-4729dd16 elementor-widget elementor-widget-text-editor\" data-id=\"4729dd16\" data-element_type=\"widget\" data-e-type=\"widget\" data-widget_type=\"text-editor.default\">\n\t\t\t\t\t\t\t\t\t\n<h2 class=\"wp-block-heading\">RELEX SMILE LASIK<\/h2>\n\n<h3 class=\"wp-block-heading\">RELEX SMILE LAS\u0130K \u0130STANBUL- ANTALYA- \u0130ZM\u0130R- T\u00fcrkiye<\/h3>\n\n<p><strong>ReLEx SMILE LASIK nedir?<\/strong><\/p>\n\n<p>ReLEx\u00ae SMILE, yaln\u0131zca tek bir lazer kullan\u0131larak ger\u00e7ekle\u015ftirilen ilk lazer g\u00f6z ameliyat\u0131d\u0131r: VisuMax femtosaniye lazer. \u0130\u015flem a\u011fr\u0131s\u0131zd\u0131r ve LASIK&#8217;te oldu\u011fu gibi flep gerektirmez. <\/p>\n\n<p>\u00d6ncelikle kornean\u0131n i\u00e7 k\u0131sm\u0131nda yer alan doku par\u00e7as\u0131 yani lentik\u00fcl, VisuMax femtosaniye lazer ile haz\u0131rlan\u0131r. Bu s\u0131rada parlak bir \u0131\u015f\u0131k noktas\u0131 g\u00f6r\u00fcrs\u00fcn\u00fcz ancak neredeyse hi\u00e7bir \u015fey hissetmezsiniz. Lentik\u00fcl haz\u0131rland\u0131ktan hemen sonra, yine VisuMax ile 2\u20133 mm b\u00fcy\u00fckl\u00fc\u011f\u00fcnde k\u00fc\u00e7\u00fck bir giri\u015f a\u00e7\u0131l\u0131r. Cerrah bu a\u00e7\u0131kl\u0131ktan lentik\u00fcl\u00fc serbestle\u015ftirir ve dikkatlice d\u0131\u015far\u0131 al\u0131r. Ard\u0131ndan k\u00fc\u00e7\u00fck kesi yeri tekrar kontrol edilir. \u0130\u015flem sonras\u0131nda, \u00e7o\u011fu hastada oldu\u011fu gibi, s\u00fcrecin ne kadar h\u0131zl\u0131 ge\u00e7ti\u011fine ve neredeyse hi\u00e7bir \u015fey hissetmedi\u011finize \u015fa\u015f\u0131r\u0131rs\u0131n\u0131z. A\u00e7\u0131kl\u0131\u011f\u0131n \u00e7ok k\u00fc\u00e7\u00fck olmas\u0131 sayesinde ameliyat sonras\u0131 \u00f6zel bir k\u0131s\u0131tlama gerekmez; genellikle ertesi g\u00fcn spor yapabilir, sa\u00e7\u0131n\u0131z\u0131 y\u0131kayabilir veya du\u015f alabilirsiniz.      <\/p>\n\n<figure class=\"wp-block-image size-full\"><img fetchpriority=\"high\" decoding=\"async\" width=\"300\" height=\"225\" class=\"wp-image-217\" src=\"https:\/\/swisslasik.ch\/wp-content\/uploads\/2025\/09\/300e51696e.jpg\" alt=\"\"><\/figure>\n\n<p><strong>SMILE LASIK&#8217;TE YEN\u0130L\u0130KLER NELER?<\/strong><\/p>\n\n<p>ReLEx\u00ae smile lazer g\u00f6z ameliyat\u0131n\u0131n LASIK&#8217;e k\u0131yasla avantajlar\u0131ndan biri, kesi alan\u0131n\u0131n \u00e7ok daha k\u00fc\u00e7\u00fck olmas\u0131d\u0131r.<\/p>\n\n<p>ReLEx SMILE, lazer g\u00f6z ameliyat\u0131n\u0131n yeni nesli olarak kabul ediliyor. Bu &#8220;anahtar deli\u011fi&#8221; y\u00f6ntemiyle, kornea flebi olu\u015fturulup kald\u0131r\u0131lm\u0131yor; i\u015flem korneada k\u00fc\u00e7\u00fck bir kesi yoluyla ger\u00e7ekle\u015ftiriliyor, bu da onu minimal invaziv hale getiriyor. Bu, kornean\u0131n m\u00fcmk\u00fcn oldu\u011funca az k\u0131sm\u0131n\u0131n etkilendi\u011fi ve \u00e7ok k\u0131sa bir iyile\u015fme s\u00fcreciyle sonu\u00e7land\u0131\u011f\u0131 anlam\u0131na geliyor.  <\/p>\n\n<p>Carl Zeiss\u2019in VisuMax femtosaniye lazeri, daha iyi bir g\u00f6rme elde etmek i\u00e7in \u00e7\u0131kar\u0131lmas\u0131 gereken dokuyu hassas \u015fekilde i\u015faretler. Bu y\u00f6ntemde yaln\u0131zca femtosaniye lazer kullan\u0131l\u0131r. G\u00f6rece yeni olan bu teknik, d\u00fcnya genelinde sadece s\u0131n\u0131rl\u0131 say\u0131da g\u00f6z lazer klini\u011finde uygulanmaktad\u0131r. SwissLasik, teknolojide her zaman en g\u00fcncel seviyeyi sunabilmek i\u00e7in bu y\u00f6ntemi art\u0131k T\u00fcrkiye\u2019deki se\u00e7kin partner kliniklerinde sizlere sunmaktad\u0131r.   <\/p>\n\n<p>VisuMax 800 smile PRO kullan\u0131l\u0131yor.<\/p>\n\n<p>ReLex SMILE \u015fu anda yaln\u0131zca miyop (astigmatizma olmayan) hastalar i\u00e7in kullan\u0131lmaktad\u0131r. Bu kriterler kar\u015f\u0131lanmazsa, genellikle Femto-LASIK ameliyat\u0131 ile ayn\u0131 sonu\u00e7lar elde edilir. <\/p>\n\n<p><strong>T\u00dcRK\u0130YE&#8217;DE LASIK AMEL\u0130YATI NE KADAR?<\/strong><br>\u0130stanbul, Antalya ve \u0130zmir&#8217;de ReLex Smile tedavisi sunuyoruz. Klini\u011fe ba\u011fl\u0131 olarak, her iki g\u00f6z i\u00e7in fiyat 1990 \u20ac ile 2400 \u20ac aras\u0131nda de\u011fi\u015fmektedir. <\/p>\n\n<p>Daha fazla bilgi i\u00e7in bug\u00fcn bize <a href=\"mailto:augen@swisslasik.ch\">e-posta<\/a> veya WhatsApp (0041 787373541) \u00fczerinden yaz\u0131n.<\/p>\n\n<p>RELEX SMILE LASIK NASIL \u00c7ALI\u015eIR?<\/p>\n\t\t\t\t\t\t\t\t<\/div>\n\t\t\t\t<div class=\"elementor-element elementor-element-41a4f16 elementor-widget elementor-widget-video\" data-id=\"41a4f16\" data-element_type=\"widget\" data-e-type=\"widget\" data-settings=\"{&quot;youtube_url&quot;:&quot;https:\\\/\\\/www.youtube.com\\\/watch?v=Hjs4W3i1w4I&quot;,&quot;video_type&quot;:&quot;youtube&quot;,&quot;controls&quot;:&quot;yes&quot;}\" data-widget_type=\"video.default\">\n\t\t\t\t\t\t\t<div class=\"elementor-wrapper elementor-open-inline\">\n\t\t\t<div class=\"elementor-video\"><\/div>\t\t<\/div>\n\t\t\t\t\t\t<\/div>\n\t\t\t\t\t<\/div>\n\t\t\t\t<\/div>\n\t\t\t\t<\/div>\n\t\t","protected":false},"excerpt":{"rendered":"<p>Lazer g\u00f6z ameliyat\u0131 ReLex Smile Lasik Lens implantasyonu \u00c7ok odakl\u0131 lensler Kimler uygun? Operasyonel prosed\u00fcr Riskler RELEX SMILE LASIK RELEX SMILE LAS\u0130K \u0130STANBUL- ANTALYA- \u0130ZM\u0130R- T\u00fcrkiye ReLEx SMILE LASIK nedir? ReLEx\u00ae SMILE, yaln\u0131zca tek bir lazer kullan\u0131larak ger\u00e7ekle\u015ftirilen ilk lazer g\u00f6z ameliyat\u0131d\u0131r: VisuMax femtosaniye lazer. \u0130\u015flem a\u011fr\u0131s\u0131zd\u0131r ve LASIK&#8217;te oldu\u011fu gibi flep gerektirmez. \u00d6ncelikle kornean\u0131n i\u00e7 k\u0131sm\u0131nda yer alan doku par\u00e7as\u0131 yani lentik\u00fcl, VisuMax femtosaniye lazer ile haz\u0131rlan\u0131r. Bu s\u0131rada parlak bir \u0131\u015f\u0131k noktas\u0131 g\u00f6r\u00fcrs\u00fcn\u00fcz ancak neredeyse hi\u00e7bir \u015fey hissetmezsiniz. Lentik\u00fcl haz\u0131rland\u0131ktan hemen sonra, yine VisuMax ile 2\u20133 mm b\u00fcy\u00fckl\u00fc\u011f\u00fcnde k\u00fc\u00e7\u00fck bir giri\u015f a\u00e7\u0131l\u0131r. Cerrah bu a\u00e7\u0131kl\u0131ktan lentik\u00fcl\u00fc serbestle\u015ftirir ve dikkatlice d\u0131\u015far\u0131 al\u0131r. Ard\u0131ndan k\u00fc\u00e7\u00fck kesi yeri tekrar kontrol edilir. \u0130\u015flem sonras\u0131nda, \u00e7o\u011fu hastada oldu\u011fu gibi, s\u00fcrecin ne kadar h\u0131zl\u0131 ge\u00e7ti\u011fine ve neredeyse hi\u00e7bir \u015fey hissetmedi\u011finize \u015fa\u015f\u0131r\u0131rs\u0131n\u0131z. A\u00e7\u0131kl\u0131\u011f\u0131n \u00e7ok k\u00fc\u00e7\u00fck olmas\u0131 sayesinde ameliyat sonras\u0131 \u00f6zel bir k\u0131s\u0131tlama gerekmez; genellikle ertesi g\u00fcn spor yapabilir, sa\u00e7\u0131n\u0131z\u0131 y\u0131kayabilir veya du\u015f alabilirsiniz. SMILE LASIK&#8217;TE YEN\u0130L\u0130KLER NELER? ReLEx\u00ae smile lazer g\u00f6z ameliyat\u0131n\u0131n LASIK&#8217;e k\u0131yasla avantajlar\u0131ndan biri, kesi alan\u0131n\u0131n \u00e7ok daha k\u00fc\u00e7\u00fck olmas\u0131d\u0131r. ReLEx SMILE, lazer g\u00f6z ameliyat\u0131n\u0131n yeni nesli olarak kabul ediliyor. Bu &#8220;anahtar deli\u011fi&#8221; y\u00f6ntemiyle, kornea flebi olu\u015fturulup kald\u0131r\u0131lm\u0131yor; i\u015flem korneada k\u00fc\u00e7\u00fck bir kesi yoluyla ger\u00e7ekle\u015ftiriliyor, bu da onu minimal invaziv hale getiriyor. Bu, kornean\u0131n m\u00fcmk\u00fcn oldu\u011funca az k\u0131sm\u0131n\u0131n etkilendi\u011fi ve \u00e7ok k\u0131sa bir iyile\u015fme s\u00fcreciyle sonu\u00e7land\u0131\u011f\u0131 anlam\u0131na geliyor. Carl Zeiss\u2019in VisuMax femtosaniye lazeri, daha iyi bir g\u00f6rme elde etmek i\u00e7in \u00e7\u0131kar\u0131lmas\u0131 gereken dokuyu hassas \u015fekilde i\u015faretler. Bu y\u00f6ntemde yaln\u0131zca femtosaniye lazer kullan\u0131l\u0131r. G\u00f6rece yeni olan bu teknik, d\u00fcnya genelinde sadece s\u0131n\u0131rl\u0131 say\u0131da g\u00f6z lazer klini\u011finde uygulanmaktad\u0131r. SwissLasik, teknolojide her zaman en g\u00fcncel seviyeyi sunabilmek i\u00e7in bu y\u00f6ntemi art\u0131k T\u00fcrkiye\u2019deki se\u00e7kin partner kliniklerinde sizlere sunmaktad\u0131r. VisuMax 800 smile PRO kullan\u0131l\u0131yor. ReLex SMILE \u015fu anda yaln\u0131zca miyop (astigmatizma olmayan) hastalar i\u00e7in kullan\u0131lmaktad\u0131r. Bu kriterler kar\u015f\u0131lanmazsa, genellikle Femto-LASIK ameliyat\u0131 ile ayn\u0131 sonu\u00e7lar elde edilir. T\u00dcRK\u0130YE&#8217;DE LASIK AMEL\u0130YATI NE KADAR?\u0130stanbul, Antalya ve \u0130zmir&#8217;de ReLex Smile tedavisi sunuyoruz. Klini\u011fe ba\u011fl\u0131 olarak, her iki g\u00f6z i\u00e7in fiyat 1990 \u20ac ile 2400 \u20ac aras\u0131nda de\u011fi\u015fmektedir. Daha fazla bilgi i\u00e7in bug\u00fcn bize e-posta veya WhatsApp (0041 787373541) \u00fczerinden yaz\u0131n. RELEX SMILE LASIK NASIL \u00c7ALI\u015eIR?<\/p>\n","protected":false},"author":4,"featured_media":0,"parent":3482,"menu_order":0,"comment_status":"closed","ping_status":"closed","template":"","meta":{"_joinchat":[],"footnotes":""},"class_list":["post-3501","page","type-page","status-publish","hentry"],"acf":[],"_links":{"self":[{"href":"https:\/\/swisslasik.ch\/tr\/wp-json\/wp\/v2\/pages\/3501","targetHints":{"allow":["GET"]}}],"collection":[{"href":"https:\/\/swisslasik.ch\/tr\/wp-json\/wp\/v2\/pages"}],"about":[{"href":"https:\/\/swisslasik.ch\/tr\/wp-json\/wp\/v2\/types\/page"}],"author":[{"embeddable":true,"href":"https:\/\/swisslasik.ch\/tr\/wp-json\/wp\/v2\/users\/4"}],"replies":[{"embeddable":true,"href":"https:\/\/swisslasik.ch\/tr\/wp-json\/wp\/v2\/comments?post=3501"}],"version-history":[{"count":3,"href":"https:\/\/swisslasik.ch\/tr\/wp-json\/wp\/v2\/pages\/3501\/revisions"}],"predecessor-version":[{"id":3504,"href":"https:\/\/swisslasik.ch\/tr\/wp-json\/wp\/v2\/pages\/3501\/revisions\/3504"}],"up":[{"embeddable":true,"href":"https:\/\/swisslasik.ch\/tr\/wp-json\/wp\/v2\/pages\/3482"}],"wp:attachment":[{"href":"https:\/\/swisslasik.ch\/tr\/wp-json\/wp\/v2\/media?parent=3501"}],"curies":[{"name":"wp","href":"https:\/\/api.w.org\/{rel}","templated":true}]}}