{"id":3505,"date":"2025-09-17T13:32:46","date_gmt":"2025-09-17T12:32:46","guid":{"rendered":"https:\/\/swisslasik.ch\/lazer-goez-ameliyati-tuerkiye-istanbul\/riskler\/"},"modified":"2026-01-08T15:08:01","modified_gmt":"2026-01-08T14:08:01","slug":"riskler","status":"publish","type":"page","link":"https:\/\/swisslasik.ch\/tr\/lazer-goez-ameliyati-tuerkiye-istanbul\/riskler\/","title":{"rendered":"Riskler"},"content":{"rendered":"\t\t<div data-elementor-type=\"wp-page\" data-elementor-id=\"3505\" class=\"elementor elementor-3505 elementor-76\" data-elementor-post-type=\"page\">\n\t\t\t\t<div class=\"elementor-element elementor-element-16013eb9 e-flex e-con-boxed wpr-particle-no wpr-jarallax-no wpr-parallax-no wpr-sticky-section-no wpr-equal-height-no e-con e-parent\" data-id=\"16013eb9\" data-element_type=\"container\" data-e-type=\"container\">\n\t\t\t\t\t<div class=\"e-con-inner\">\n\t\t<div class=\"elementor-element elementor-element-b8db5ae e-con-full e-flex wpr-particle-no wpr-jarallax-no wpr-parallax-no wpr-sticky-section-no wpr-equal-height-no e-con e-child\" data-id=\"b8db5ae\" data-element_type=\"container\" data-e-type=\"container\">\n\t\t\t\t<div class=\"elementor-element elementor-element-c7711c0 elementor-widget elementor-widget-button\" data-id=\"c7711c0\" data-element_type=\"widget\" data-e-type=\"widget\" data-widget_type=\"button.default\">\n\t\t\t\t\t\t\t\t\t\t<a class=\"elementor-button elementor-button-link elementor-size-sm\" href=\"https:\/\/swisslasik.ch\/tr\/lazer-goez-ameliyati-tuerkiye-istanbul\/\">\n\t\t\t\t\t\t<span class=\"elementor-button-content-wrapper\">\n\t\t\t\t\t\t\t\t\t<span class=\"elementor-button-text\">Lazer g\u00f6z ameliyat\u0131<\/span>\n\t\t\t\t\t<\/span>\n\t\t\t\t\t<\/a>\n\t\t\t\t\t\t\t\t<\/div>\n\t\t\t\t<div class=\"elementor-element elementor-element-d4651b5 elementor-widget elementor-widget-button\" data-id=\"d4651b5\" data-element_type=\"widget\" data-e-type=\"widget\" data-widget_type=\"button.default\">\n\t\t\t\t\t\t\t\t\t\t<a class=\"elementor-button elementor-button-link elementor-size-sm\" href=\"https:\/\/swisslasik.ch\/tr\/lazer-goez-ameliyati-tuerkiye-istanbul\/relex-smile-lasik-tuerkei-istanbul-antalya-izmir\/\">\n\t\t\t\t\t\t<span class=\"elementor-button-content-wrapper\">\n\t\t\t\t\t\t\t\t\t<span class=\"elementor-button-text\">ReLex Smile Lasik<\/span>\n\t\t\t\t\t<\/span>\n\t\t\t\t\t<\/a>\n\t\t\t\t\t\t\t\t<\/div>\n\t\t\t\t<div class=\"elementor-element elementor-element-b1a8f74 elementor-widget elementor-widget-button\" data-id=\"b1a8f74\" data-element_type=\"widget\" data-e-type=\"widget\" data-widget_type=\"button.default\">\n\t\t\t\t\t\t\t\t\t\t<a class=\"elementor-button elementor-button-link elementor-size-sm\" href=\"https:\/\/swisslasik.ch\/tr\/lazer-goez-ameliyati-tuerkiye-istanbul\/tuerkiyede-goez-mercegi-implantasyonu-istanbul-antalya-izmir\/\">\n\t\t\t\t\t\t<span class=\"elementor-button-content-wrapper\">\n\t\t\t\t\t\t\t\t\t<span class=\"elementor-button-text\">Lens implantasyonu<\/span>\n\t\t\t\t\t<\/span>\n\t\t\t\t\t<\/a>\n\t\t\t\t\t\t\t\t<\/div>\n\t\t\t\t<div class=\"elementor-element elementor-element-8dffedd elementor-widget elementor-widget-button\" data-id=\"8dffedd\" data-element_type=\"widget\" data-e-type=\"widget\" data-widget_type=\"button.default\">\n\t\t\t\t\t\t\t\t\t\t<a class=\"elementor-button elementor-button-link elementor-size-sm\" href=\"https:\/\/swisslasik.ch\/tr\/lazer-goez-ameliyati-tuerkiye-istanbul\/multifokallinsen-trifokallinsen-tuerkei-istanbul-antalya-izmir\/\">\n\t\t\t\t\t\t<span class=\"elementor-button-content-wrapper\">\n\t\t\t\t\t\t\t\t\t<span class=\"elementor-button-text\">\u00c7ok odakl\u0131 lensler<\/span>\n\t\t\t\t\t<\/span>\n\t\t\t\t\t<\/a>\n\t\t\t\t\t\t\t\t<\/div>\n\t\t\t\t<div class=\"elementor-element elementor-element-427e94f elementor-widget elementor-widget-button\" data-id=\"427e94f\" data-element_type=\"widget\" data-e-type=\"widget\" data-widget_type=\"button.default\">\n\t\t\t\t\t\t\t\t\t\t<a class=\"elementor-button elementor-button-link elementor-size-sm\" href=\"https:\/\/swisslasik.ch\/augen-lasern\/wer-ist-geeignet\/\">\n\t\t\t\t\t\t<span class=\"elementor-button-content-wrapper\">\n\t\t\t\t\t\t\t\t\t<span class=\"elementor-button-text\">Kimler uygun?<\/span>\n\t\t\t\t\t<\/span>\n\t\t\t\t\t<\/a>\n\t\t\t\t\t\t\t\t<\/div>\n\t\t\t\t<div class=\"elementor-element elementor-element-ce7ed00 elementor-widget elementor-widget-button\" data-id=\"ce7ed00\" data-element_type=\"widget\" data-e-type=\"widget\" data-widget_type=\"button.default\">\n\t\t\t\t\t\t\t\t\t\t<a class=\"elementor-button elementor-button-link elementor-size-sm\" href=\"https:\/\/swisslasik.ch\/tr\/lazer-goez-ameliyati-tuerkiye-istanbul\/operasyonel-proseduer\/\">\n\t\t\t\t\t\t<span class=\"elementor-button-content-wrapper\">\n\t\t\t\t\t\t\t\t\t<span class=\"elementor-button-text\">Operasyonel prosed\u00fcr<\/span>\n\t\t\t\t\t<\/span>\n\t\t\t\t\t<\/a>\n\t\t\t\t\t\t\t\t<\/div>\n\t\t\t\t<div class=\"elementor-element elementor-element-235eb55 elementor-widget elementor-widget-button\" data-id=\"235eb55\" data-element_type=\"widget\" data-e-type=\"widget\" data-widget_type=\"button.default\">\n\t\t\t\t\t\t\t\t\t\t<a class=\"elementor-button elementor-button-link elementor-size-sm\" href=\"https:\/\/swisslasik.ch\/tr\/lazer-goez-ameliyati-tuerkiye-istanbul\/riskler\/\">\n\t\t\t\t\t\t<span class=\"elementor-button-content-wrapper\">\n\t\t\t\t\t\t\t\t\t<span class=\"elementor-button-text\">Riskler<\/span>\n\t\t\t\t\t<\/span>\n\t\t\t\t\t<\/a>\n\t\t\t\t\t\t\t\t<\/div>\n\t\t\t\t<\/div>\n\t\t\t\t<div class=\"elementor-element elementor-element-4d1f9837 elementor-widget elementor-widget-text-editor\" data-id=\"4d1f9837\" data-element_type=\"widget\" data-e-type=\"widget\" data-widget_type=\"text-editor.default\">\n\t\t\t\t\t\t\t\t\t\n<ul class=\"wp-block-list\"><\/ul>\n<h2 class=\"wp-block-heading\">R\u0130SKLER &#8211; LASIK G\u00d6Z LAZER AMEL\u0130YATI<\/h2>\n\n<p>Ameliyat olmaya karar vermeden \u00f6nce, olas\u0131 komplikasyonlar hakk\u0131nda mutlaka bilgi edinmelisiniz.<\/p>\n\n<p>LASIK ameliyat\u0131ndan sonra g\u00f6rme yetene\u011finin \u00f6ncesine g\u00f6re daha k\u00f6t\u00fcye gitme riski \u00e7ok d\u00fc\u015f\u00fckt\u00fcr.<\/p>\n\n<p>Ancak, t\u00fcm t\u0131bbi prosed\u00fcrlerde oldu\u011fu gibi, kalan risk tamamen ortadan kald\u0131r\u0131lamaz. LASIK i\u00e7in komplikasyon oran\u0131 %1&#8217;den azd\u0131r. Olas\u0131 komplikasyonlar \u015funlard\u0131r:  <\/p>\n\n<p>G\u00f6z kurulu\u011fu<br>LASIK ameliyat\u0131nda LASEK ameliyat\u0131na g\u00f6re daha s\u0131k g\u00f6r\u00fclen bir sorun g\u00f6z kurulu\u011fudur. Bu durum alt\u0131 aya (bir y\u0131la kadar) kadar s\u00fcrebilir ve s\u0131k s\u0131k yapay g\u00f6z damlas\u0131 kullan\u0131m\u0131n\u0131 gerektirir. Hemen hemen t\u00fcm hastalar bu sorunu ya\u015far.  <\/p>\n\n<p>Kama\u015fma<br>LASIK i\u015fleminde kornean\u0131n yaln\u0131zca bir k\u0131sm\u0131, yani adeta y\u00fczeyi yeniden \u015fekillendirilir. Bu alan, g\u00f6rme bozuklu\u011funun derecesi ne kadar y\u00fcksekse o kadar k\u00fc\u00e7\u00fck olur. Kornean\u0131n geri kalan k\u0131sm\u0131nda ise g\u00f6rme bozuklu\u011fu devam eder. G\u00fcn \u0131\u015f\u0131\u011f\u0131nda ve ayd\u0131nl\u0131k ortamlarda bu durum genellikle sorun yaratmaz, \u00e7\u00fcnk\u00fc parlak \u0131\u015f\u0131kta g\u00f6z bebe\u011fi k\u00fc\u00e7\u00fcl\u00fcr ve \u0131\u015f\u0131k yaln\u0131zca tedavi edilen kornea b\u00f6lgesinden g\u00f6ze girer. Ancak alacakaranl\u0131kta veya karanl\u0131kta g\u00f6z bebe\u011fi b\u00fcy\u00fcd\u00fc\u011f\u00fcnde, artan kama\u015fma ile birlikte \u0131\u015f\u0131k halkalar\u0131 (halo) ve \u00e7ift g\u00f6r\u00fcnt\u00fc alg\u0131s\u0131 ortaya \u00e7\u0131kabilir. Bu durum \u00f6zellikle gece ara\u00e7 kullan\u0131rken sorunlara yol a\u00e7abilir. Ancak bu t\u00fcr de\u011fi\u015fiklikler genellikle \u22125 diyoptrinin \u00fczerindeki miyopluklarda ve hipermetropide g\u00f6r\u00fcl\u00fcr.      <\/p>\n\n<p><strong>\u0130yile\u015fme gecikmesi<\/strong><\/p>\n\n<p>Romatizmal hastal\u0131klar\u0131n\u0131z varsa iyile\u015fme gecikebilir. Bu s\u00fcre zarf\u0131nda g\u00f6z doktorunuzla d\u00fczenli kontroller yapt\u0131rman\u0131z gerekir. <\/p>\n\n<p>Kornea flebinin yer de\u011fi\u015ftirmesi<br>Nadir durumlarda, kornea flebi LASIK ameliyat\u0131ndan sonra birka\u00e7 g\u00fcn i\u00e7inde, \u00f6rne\u011fin g\u00f6z\u00fcn ovulmas\u0131 nedeniyle yer de\u011fi\u015ftirebilir ve ek bir ameliyat gerektirebilir. Bu nedenle, l\u00fctfen i\u015flemden sonraki ilk 48 saat boyunca g\u00f6zlerinizi ovmay\u0131n! <\/p>\n\n<p>Ameliyat Sonras\u0131 Kalan K\u0131r\u0131lma Kusuru<br>Ameliyat \u00f6ncesi k\u0131r\u0131lma kusurunun derecesine ba\u011fl\u0131 olarak, az say\u0131da hastada ameliyat sonras\u0131 hafif bir k\u0131r\u0131lma kusuru kalabilir. Bu gibi durumlarda, stabil bir d\u00fczeltme varsay\u0131larak, bu kalan k\u0131r\u0131lma kusurunu lazerle d\u00fczeltmek i\u00e7in yeniden LASIK prosed\u00fcr\u00fc uygulanabilir. <\/p>\n\n<p>Gerileme<br>Ameliyat sonras\u0131 g\u00f6rme bozuklu\u011fu riski \u00e7ok d\u00fc\u015f\u00fckt\u00fcr. Bununla birlikte, i\u015flem s\u0131ras\u0131nda stabil de\u011filse veya yara iyile\u015fme s\u00fcre\u00e7leri nedeniyle refraktif hata tedaviden sonra tekrar artabilir. Bu durumlarda, ince ayar i\u00e7in bazen takip ameliyat\u0131 gerekli olabilir, ancak kalan refraktif hata hafif g\u00f6zl\u00fckler veya kontakt lenslerle de d\u00fczeltilebilir.  <\/p>\n\n<p><strong>Flep komplikasyonlar\u0131<\/strong><\/p>\n\n<p>LASIK ameliyat\u0131 s\u0131ras\u0131nda, otomatik keratom ad\u0131 verilen bir cihaz kullan\u0131larak kornea flebi olu\u015fturulur: 0,16 mm kal\u0131nl\u0131\u011f\u0131nda bir kornea flebi olu\u015fturmak i\u00e7in titre\u015fen bir b\u0131\u00e7ak kullan\u0131l\u0131r ve bu flep daha sonra mente\u015fe gibi yukar\u0131 do\u011fru katlan\u0131r. Nadir durumlarda (%1&#8217;den az), bu flebin olu\u015fturulmas\u0131 s\u0131ras\u0131nda komplikasyonlar meydana gelebilir. <\/p>\n\n<p>D\u00fcnner Flap: Beim Schneiden kann der Flap sehr d\u00fcnn geraten, was zu einer Faltenbildung der Hornhaut f\u00fchren kann. In solchen F\u00e4llen muss das Auge gleich nach der Operation mit einer Kontaktlinse versorgt und regelm\u00e4ssig kontrolliert werden. Falls dies sorgf\u00e4ltig geschieht, entstehen keine weiteren Probleme.  <\/p>\n\n<p>&#8220;D\u00fc\u011fme deli\u011fi&#8221; \u015feklinde kornea flebi olarak adland\u0131r\u0131lan durum, merkezinde bir delik bulunan \u00e7ok ince bir kornea flebidir. Bu gibi durumlarda lazer tedavisi uygulanmamal\u0131d\u0131r; bunun yerine flep yeniden konumland\u0131r\u0131lmal\u0131 ve kontakt lens tak\u0131lmal\u0131d\u0131r. Yakla\u015f\u0131k 3-4 ay sonra, biraz daha derin bir kesi yap\u0131labilir ve lazer ameliyat\u0131 ger\u00e7ekle\u015ftirilebilir.  <\/p>\n\n<p>Serbest Flep: Son derece nadir durumlarda, kornea flebi tamamen ayr\u0131labilir. Bu gibi durumlarda, kornea flebi veya lentik\u00fcl yeniden konumland\u0131r\u0131lmal\u0131, ge\u00e7ici bir diki\u015fle sabitlenmeli ve\/veya kontakt lens tak\u0131lmal\u0131d\u0131r. Yakla\u015f\u0131k 3-4 ay sonra yeni bir kesi yap\u0131labilir ve LASIK prosed\u00fcr\u00fc komplikasyonsuz bir \u015fekilde ger\u00e7ekle\u015ftirilebilir.  <\/p>\n\n<p>Yeni Femto-LASIK y\u00f6nteminde, kesme i\u015flemi i\u00e7in kullan\u0131lan mikrokeratomun yerine \u00f6zel bir lazer kullan\u0131ld\u0131\u011f\u0131 i\u00e7in, kesiyle ilgili komplikasyonlar neredeyse tamamen \u00f6nlenebilir.<\/p>\n\n<p><strong>Epitel b\u00fcy\u00fcmesi<\/strong><\/p>\n\n<p>Als weitere seltene Komplikation kann es in den ersten Wochen zu einem Einwachsen der oberfl\u00e4chlichen Hornhautschicht, des sog. Epithels, unter das Hornhautdeckelchen kommen, die eventuell durch eine weitere Operation entfernt werden muss. Diese Nebenwirkung ist erst 4 \u2013 6 Wochen nach der LASIK erkennbar. Kommen Sie daher unbedingt zu den geplanten Nachkontrollen.  <\/p>\n\n<p><strong>\u00c7\u0131k\u0131nt\u0131l\u0131 kornea<\/strong><\/p>\n\n<p>Son derece nadir durumlarda, kornean\u0131n a\u015f\u0131r\u0131 zay\u0131flamas\u0131, \u015fi\u015fmesi (keratektazi) ve \u00f6nemli g\u00f6rme bozuklu\u011fu meydana gelebilir. \u0130stisnai durumlarda, bu komplikasyonlar\u0131 tedavi etmek i\u00e7in kornea nakli gerekli olabilir. <\/p>\n\n<p>Enfeksiyonlar<br>Son derece nadir durumlarda, yara izine neden olan bir enfeksiyon meydana gelebilir. Enfeksiyon durumunda etkili antibiyotik ila\u00e7lar mevcuttur. <\/p>\n\n<p><strong>LASEK\/PRK ile ili\u015fkili di\u011fer riskler<\/strong><\/p>\n\n<p>LASEK\/PRK ameliyat\u0131ndan sonra hafif, geri d\u00f6n\u00fc\u015f\u00fcml\u00fc kornea opakl\u0131klar\u0131 olu\u015fabilir. Bunlar ila\u00e7larla d\u00fczeltilebilir. Uzun vadede genellikle kendili\u011finden (1 ila 2 y\u0131l i\u00e7inde) kaybolurlar.  <\/p>\n\n<p><strong>Ameliyattan sonra iyi g\u00f6rebilmek i\u00e7in neler yapabilirsiniz?<\/strong><\/p>\n\n<ul class=\"wp-block-list\">\n<li>Romatizmal bir hastal\u0131\u011f\u0131n\u0131z olup olmad\u0131\u011f\u0131n\u0131 l\u00fctfen belirtin.<\/li>\n\n<li>Ameliyattan sonraki ilk birka\u00e7 g\u00fcn g\u00f6zlerinizi ovmay\u0131n!<\/li>\n\n<li>Verilen g\u00f6z damlalar\u0131n\u0131 d\u00fczenli olarak kullan\u0131n; ancak, g\u00f6z damlalar\u0131n\u0131 yaln\u0131zca doktorunuzun re\u00e7ete etti\u011fi s\u00fcre boyunca kullan\u0131n; bu olduk\u00e7a etkili ila\u00e7lar\u0131n uzun s\u00fcreli kullan\u0131m\u0131 g\u00f6zlerinize zarar verebilir.<\/li>\n\n<li>L\u00fctfen planlanan t\u00fcm takip randevular\u0131na kat\u0131l\u0131n.<\/li>\n\n<li>\u015eiddetli a\u011fr\u0131 veya g\u00f6rme yetinizde ani bir bozulma ya\u015farsan\u0131z, derhal g\u00f6z doktorunuza dan\u0131\u015f\u0131n.<\/li>\n<\/ul>\n\t\t\t\t\t\t\t\t<\/div>\n\t\t\t\t\t<\/div>\n\t\t\t\t<\/div>\n\t\t\t\t<\/div>\n\t\t","protected":false},"excerpt":{"rendered":"<p>Lazer g\u00f6z ameliyat\u0131 ReLex Smile Lasik Lens implantasyonu \u00c7ok odakl\u0131 lensler Kimler uygun? Operasyonel prosed\u00fcr Riskler R\u0130SKLER &#8211; LASIK G\u00d6Z LAZER AMEL\u0130YATI Ameliyat olmaya karar vermeden \u00f6nce, olas\u0131 komplikasyonlar hakk\u0131nda mutlaka bilgi edinmelisiniz. LASIK ameliyat\u0131ndan sonra g\u00f6rme yetene\u011finin \u00f6ncesine g\u00f6re daha k\u00f6t\u00fcye gitme riski \u00e7ok d\u00fc\u015f\u00fckt\u00fcr. Ancak, t\u00fcm t\u0131bbi prosed\u00fcrlerde oldu\u011fu gibi, kalan risk tamamen ortadan kald\u0131r\u0131lamaz. LASIK i\u00e7in komplikasyon oran\u0131 %1&#8217;den azd\u0131r. Olas\u0131 komplikasyonlar \u015funlard\u0131r: G\u00f6z kurulu\u011fuLASIK ameliyat\u0131nda LASEK ameliyat\u0131na g\u00f6re daha s\u0131k g\u00f6r\u00fclen bir sorun g\u00f6z kurulu\u011fudur. Bu durum alt\u0131 aya (bir y\u0131la kadar) kadar s\u00fcrebilir ve s\u0131k s\u0131k yapay g\u00f6z damlas\u0131 kullan\u0131m\u0131n\u0131 gerektirir. Hemen hemen t\u00fcm hastalar bu sorunu ya\u015far. Kama\u015fmaLASIK i\u015fleminde kornean\u0131n yaln\u0131zca bir k\u0131sm\u0131, yani adeta y\u00fczeyi yeniden \u015fekillendirilir. Bu alan, g\u00f6rme bozuklu\u011funun derecesi ne kadar y\u00fcksekse o kadar k\u00fc\u00e7\u00fck olur. Kornean\u0131n geri kalan k\u0131sm\u0131nda ise g\u00f6rme bozuklu\u011fu devam eder. G\u00fcn \u0131\u015f\u0131\u011f\u0131nda ve ayd\u0131nl\u0131k ortamlarda bu durum genellikle sorun yaratmaz, \u00e7\u00fcnk\u00fc parlak \u0131\u015f\u0131kta g\u00f6z bebe\u011fi k\u00fc\u00e7\u00fcl\u00fcr ve \u0131\u015f\u0131k yaln\u0131zca tedavi edilen kornea b\u00f6lgesinden g\u00f6ze girer. Ancak alacakaranl\u0131kta veya karanl\u0131kta g\u00f6z bebe\u011fi b\u00fcy\u00fcd\u00fc\u011f\u00fcnde, artan kama\u015fma ile birlikte \u0131\u015f\u0131k halkalar\u0131 (halo) ve \u00e7ift g\u00f6r\u00fcnt\u00fc alg\u0131s\u0131 ortaya \u00e7\u0131kabilir. Bu durum \u00f6zellikle gece ara\u00e7 kullan\u0131rken sorunlara yol a\u00e7abilir. Ancak bu t\u00fcr de\u011fi\u015fiklikler genellikle \u22125 diyoptrinin \u00fczerindeki miyopluklarda ve hipermetropide g\u00f6r\u00fcl\u00fcr. \u0130yile\u015fme gecikmesi Romatizmal hastal\u0131klar\u0131n\u0131z varsa iyile\u015fme gecikebilir. Bu s\u00fcre zarf\u0131nda g\u00f6z doktorunuzla d\u00fczenli kontroller yapt\u0131rman\u0131z gerekir. Kornea flebinin yer de\u011fi\u015ftirmesiNadir durumlarda, kornea flebi LASIK ameliyat\u0131ndan sonra birka\u00e7 g\u00fcn i\u00e7inde, \u00f6rne\u011fin g\u00f6z\u00fcn ovulmas\u0131 nedeniyle yer de\u011fi\u015ftirebilir ve ek bir ameliyat gerektirebilir. Bu nedenle, l\u00fctfen i\u015flemden sonraki ilk 48 saat boyunca g\u00f6zlerinizi ovmay\u0131n! Ameliyat Sonras\u0131 Kalan K\u0131r\u0131lma KusuruAmeliyat \u00f6ncesi k\u0131r\u0131lma kusurunun derecesine ba\u011fl\u0131 olarak, az say\u0131da hastada ameliyat sonras\u0131 hafif bir k\u0131r\u0131lma kusuru kalabilir. Bu gibi durumlarda, stabil bir d\u00fczeltme varsay\u0131larak, bu kalan k\u0131r\u0131lma kusurunu lazerle d\u00fczeltmek i\u00e7in yeniden LASIK prosed\u00fcr\u00fc uygulanabilir. GerilemeAmeliyat sonras\u0131 g\u00f6rme bozuklu\u011fu riski \u00e7ok d\u00fc\u015f\u00fckt\u00fcr. Bununla birlikte, i\u015flem s\u0131ras\u0131nda stabil de\u011filse veya yara iyile\u015fme s\u00fcre\u00e7leri nedeniyle refraktif hata tedaviden sonra tekrar artabilir. Bu durumlarda, ince ayar i\u00e7in bazen takip ameliyat\u0131 gerekli olabilir, ancak kalan refraktif hata hafif g\u00f6zl\u00fckler veya kontakt lenslerle de d\u00fczeltilebilir. Flep komplikasyonlar\u0131 LASIK ameliyat\u0131 s\u0131ras\u0131nda, otomatik keratom ad\u0131 verilen bir cihaz kullan\u0131larak kornea flebi olu\u015fturulur: 0,16 mm kal\u0131nl\u0131\u011f\u0131nda bir kornea flebi olu\u015fturmak i\u00e7in titre\u015fen bir b\u0131\u00e7ak kullan\u0131l\u0131r ve bu flep daha sonra mente\u015fe gibi yukar\u0131 do\u011fru katlan\u0131r. Nadir durumlarda (%1&#8217;den az), bu flebin olu\u015fturulmas\u0131 s\u0131ras\u0131nda komplikasyonlar meydana gelebilir. D\u00fcnner Flap: Beim Schneiden kann der Flap sehr d\u00fcnn geraten, was zu einer Faltenbildung der Hornhaut f\u00fchren kann. In solchen F\u00e4llen muss das Auge gleich nach der Operation mit einer Kontaktlinse versorgt und regelm\u00e4ssig kontrolliert werden. Falls dies sorgf\u00e4ltig geschieht, entstehen keine weiteren Probleme. &#8220;D\u00fc\u011fme deli\u011fi&#8221; \u015feklinde kornea flebi olarak adland\u0131r\u0131lan durum, merkezinde bir delik bulunan \u00e7ok ince bir kornea flebidir. Bu gibi durumlarda lazer tedavisi uygulanmamal\u0131d\u0131r; bunun yerine flep yeniden konumland\u0131r\u0131lmal\u0131 ve kontakt lens tak\u0131lmal\u0131d\u0131r. Yakla\u015f\u0131k 3-4 ay sonra, biraz daha derin bir kesi yap\u0131labilir ve lazer ameliyat\u0131 ger\u00e7ekle\u015ftirilebilir. Serbest Flep: Son derece nadir durumlarda, kornea flebi tamamen ayr\u0131labilir. Bu gibi durumlarda, kornea flebi veya lentik\u00fcl yeniden konumland\u0131r\u0131lmal\u0131, ge\u00e7ici bir diki\u015fle sabitlenmeli ve\/veya kontakt lens tak\u0131lmal\u0131d\u0131r. Yakla\u015f\u0131k 3-4 ay sonra yeni bir kesi yap\u0131labilir ve LASIK prosed\u00fcr\u00fc komplikasyonsuz bir \u015fekilde ger\u00e7ekle\u015ftirilebilir. Yeni Femto-LASIK y\u00f6nteminde, kesme i\u015flemi i\u00e7in kullan\u0131lan mikrokeratomun yerine \u00f6zel bir lazer kullan\u0131ld\u0131\u011f\u0131 i\u00e7in, kesiyle ilgili komplikasyonlar neredeyse tamamen \u00f6nlenebilir. Epitel b\u00fcy\u00fcmesi Als weitere seltene Komplikation kann es in den ersten Wochen zu einem Einwachsen der oberfl\u00e4chlichen Hornhautschicht, des sog. Epithels, unter das Hornhautdeckelchen kommen, die eventuell durch eine weitere Operation entfernt werden muss. Diese Nebenwirkung ist erst 4 \u2013 6 Wochen nach der LASIK erkennbar. Kommen Sie daher unbedingt zu den geplanten Nachkontrollen. \u00c7\u0131k\u0131nt\u0131l\u0131 kornea Son derece nadir durumlarda, kornean\u0131n a\u015f\u0131r\u0131 zay\u0131flamas\u0131, \u015fi\u015fmesi (keratektazi) ve \u00f6nemli g\u00f6rme bozuklu\u011fu meydana gelebilir. \u0130stisnai durumlarda, bu komplikasyonlar\u0131 tedavi etmek i\u00e7in kornea nakli gerekli olabilir. EnfeksiyonlarSon derece nadir durumlarda, yara izine neden olan bir enfeksiyon meydana gelebilir. Enfeksiyon durumunda etkili antibiyotik ila\u00e7lar mevcuttur. LASEK\/PRK ile ili\u015fkili di\u011fer riskler LASEK\/PRK ameliyat\u0131ndan sonra hafif, geri d\u00f6n\u00fc\u015f\u00fcml\u00fc kornea opakl\u0131klar\u0131 olu\u015fabilir. Bunlar ila\u00e7larla d\u00fczeltilebilir. Uzun vadede genellikle kendili\u011finden (1 ila 2 y\u0131l i\u00e7inde) kaybolurlar. Ameliyattan sonra iyi g\u00f6rebilmek i\u00e7in neler yapabilirsiniz? Romatizmal bir hastal\u0131\u011f\u0131n\u0131z olup olmad\u0131\u011f\u0131n\u0131 l\u00fctfen belirtin. Ameliyattan sonraki ilk birka\u00e7 g\u00fcn g\u00f6zlerinizi ovmay\u0131n! Verilen g\u00f6z damlalar\u0131n\u0131 d\u00fczenli olarak kullan\u0131n; ancak, g\u00f6z damlalar\u0131n\u0131 yaln\u0131zca doktorunuzun re\u00e7ete etti\u011fi s\u00fcre boyunca kullan\u0131n; bu olduk\u00e7a etkili ila\u00e7lar\u0131n uzun s\u00fcreli kullan\u0131m\u0131 g\u00f6zlerinize zarar verebilir. L\u00fctfen planlanan t\u00fcm takip randevular\u0131na kat\u0131l\u0131n. \u015eiddetli a\u011fr\u0131 veya g\u00f6rme yetinizde ani bir bozulma ya\u015farsan\u0131z, derhal g\u00f6z doktorunuza dan\u0131\u015f\u0131n.<\/p>\n","protected":false},"author":4,"featured_media":0,"parent":3482,"menu_order":0,"comment_status":"closed","ping_status":"closed","template":"","meta":{"_joinchat":[],"footnotes":""},"class_list":["post-3505","page","type-page","status-publish","hentry"],"acf":[],"_links":{"self":[{"href":"https:\/\/swisslasik.ch\/tr\/wp-json\/wp\/v2\/pages\/3505","targetHints":{"allow":["GET"]}}],"collection":[{"href":"https:\/\/swisslasik.ch\/tr\/wp-json\/wp\/v2\/pages"}],"about":[{"href":"https:\/\/swisslasik.ch\/tr\/wp-json\/wp\/v2\/types\/page"}],"author":[{"embeddable":true,"href":"https:\/\/swisslasik.ch\/tr\/wp-json\/wp\/v2\/users\/4"}],"replies":[{"embeddable":true,"href":"https:\/\/swisslasik.ch\/tr\/wp-json\/wp\/v2\/comments?post=3505"}],"version-history":[{"count":3,"href":"https:\/\/swisslasik.ch\/tr\/wp-json\/wp\/v2\/pages\/3505\/revisions"}],"predecessor-version":[{"id":3508,"href":"https:\/\/swisslasik.ch\/tr\/wp-json\/wp\/v2\/pages\/3505\/revisions\/3508"}],"up":[{"embeddable":true,"href":"https:\/\/swisslasik.ch\/tr\/wp-json\/wp\/v2\/pages\/3482"}],"wp:attachment":[{"href":"https:\/\/swisslasik.ch\/tr\/wp-json\/wp\/v2\/media?parent=3505"}],"curies":[{"name":"wp","href":"https:\/\/api.w.org\/{rel}","templated":true}]}}