{"id":3515,"date":"2025-09-17T13:24:12","date_gmt":"2025-09-17T12:24:12","guid":{"rendered":"https:\/\/swisslasik.ch\/lazer-goez-ameliyati-lasik\/"},"modified":"2026-01-08T15:20:55","modified_gmt":"2026-01-08T14:20:55","slug":"lazer-goez-ameliyati-lasik","status":"publish","type":"page","link":"https:\/\/swisslasik.ch\/tr\/lazer-goez-ameliyati-lasik\/","title":{"rendered":"Lazer g\u00f6z ameliyat\u0131 \u2013 LASIK"},"content":{"rendered":"\t\t<div data-elementor-type=\"wp-page\" data-elementor-id=\"3515\" class=\"elementor elementor-3515 elementor-58\" data-elementor-post-type=\"page\">\n\t\t\t\t<div class=\"elementor-element elementor-element-38e02624 e-flex e-con-boxed wpr-particle-no wpr-jarallax-no wpr-parallax-no wpr-sticky-section-no e-con e-parent\" data-id=\"38e02624\" data-element_type=\"container\" data-e-type=\"container\">\n\t\t\t\t\t<div class=\"e-con-inner\">\n\t\t<div class=\"elementor-element elementor-element-c41e55b e-con-full e-flex wpr-particle-no wpr-jarallax-no wpr-parallax-no wpr-sticky-section-no e-con e-child\" data-id=\"c41e55b\" data-element_type=\"container\" data-e-type=\"container\">\n\t\t\t\t<div class=\"elementor-element elementor-element-f777b1b elementor-widget elementor-widget-button\" data-id=\"f777b1b\" data-element_type=\"widget\" data-e-type=\"widget\" data-widget_type=\"button.default\">\n\t\t\t\t\t\t\t\t\t\t<a class=\"elementor-button elementor-button-link elementor-size-sm\" href=\"https:\/\/swisslasik.ch\/home\/augenlaser-lasik\/rund-ums-auge\/\">\n\t\t\t\t\t\t<span class=\"elementor-button-content-wrapper\">\n\t\t\t\t\t\t\t\t\t<span class=\"elementor-button-text\">G\u00f6z \u00e7evresi<\/span>\n\t\t\t\t\t<\/span>\n\t\t\t\t\t<\/a>\n\t\t\t\t\t\t\t\t<\/div>\n\t\t\t\t<div class=\"elementor-element elementor-element-4d2c10f elementor-widget elementor-widget-button\" data-id=\"4d2c10f\" data-element_type=\"widget\" data-e-type=\"widget\" data-widget_type=\"button.default\">\n\t\t\t\t\t\t\t\t\t\t<a class=\"elementor-button elementor-button-link elementor-size-sm\" href=\"https:\/\/swisslasik.ch\/https-www-swisslasik-ch\/augen-lasern\/\">\n\t\t\t\t\t\t<span class=\"elementor-button-content-wrapper\">\n\t\t\t\t\t\t\t\t\t<span class=\"elementor-button-text\">Lazer g\u00f6z ameliyat\u0131<\/span>\n\t\t\t\t\t<\/span>\n\t\t\t\t\t<\/a>\n\t\t\t\t\t\t\t\t<\/div>\n\t\t\t\t<\/div>\n\t\t\t\t<div class=\"elementor-element elementor-element-755bf693 elementor-widget elementor-widget-text-editor\" data-id=\"755bf693\" data-element_type=\"widget\" data-e-type=\"widget\" data-widget_type=\"text-editor.default\">\n\t\t\t\t\t\t\t\t\t\n<h2 class=\"wp-block-heading\">LASIK G\u00d6Z LAZER TEDAV\u0130S\u0130 &#8211;<\/h2>\n\n<p>Refraktif Cerrahi<br>Refraktif cerrahinin amac\u0131, refraktif kusurlar\u0131n cerrahi olarak d\u00fczeltilmesidir.<\/p>\n\n<p>G\u00f6z hastal\u0131klar\u0131 uzmanl\u0131\u011f\u0131n\u0131n bu dal\u0131, geleneksel g\u00f6rme yard\u0131mc\u0131lar\u0131yla sorun ya\u015fayan karma\u015f\u0131k g\u00f6rme bozukluklar\u0131na sahip ki\u015filere yard\u0131mc\u0131 olmak konusunda uzmanla\u015fm\u0131\u015ft\u0131r.<\/p>\n\n<p>Kornea veya merce\u011fe yap\u0131lan cerrahi m\u00fcdahalenin amac\u0131, \u0131\u015f\u0131k \u0131\u015f\u0131nlar\u0131n\u0131n veya g\u00f6r\u00fcnt\u00fclerin ek optik yard\u0131mc\u0131 ara\u00e7lara gerek kalmadan retinaya net bir \u015fekilde odaklanabilmesi i\u00e7in k\u0131r\u0131lma kusurunu d\u00fczeltmektir.<\/p>\n\n<p><strong>\u0130\u015flemlere genel bak\u0131\u015f<\/strong><\/p>\n\n<p>Refraktif cerrahinin yenilik\u00e7i y\u00f6ntemleri uzun y\u0131llard\u0131r kullan\u0131lmakta ve oftalmolojide yeni ufuklar a\u00e7maktad\u0131r.<\/p>\n\n<p>Lens ve kornea ameliyatlar\u0131 aras\u0131nda bir ayr\u0131m yap\u0131l\u0131r:<\/p>\n\n<figure class=\"wp-block-image aligncenter\"><img decoding=\"async\" class=\"wp-image-254\" title=\"LASIK tedavi prosed\u00fcr\u00fc\" src=\"https:\/\/www.swisslasik.ch\/wp-content\/uploads\/sites\/13\/2019\/02\/tabelle_verfahren.gif\" alt=\"\"><\/figure>\n\n<p><strong>Tedavi y\u00f6ntemlerine genel bak\u0131\u015f<\/strong><\/p>\n\n<figure class=\"wp-block-table\">\n<table class=\"has-fixed-layout\">\n<tbody>\n<tr>\n<th>Uygulama Alanlar\u0131<\/th>\n<th>Miyopi<\/th>\n<th>Hipermetropi<\/th>\n<th>Astigmatizma<\/th>\n<th>Presbiyopi<\/th>\n<\/tr>\n<tr>\n<td><em>kornea uygulamas\u0131<\/em><\/td>\n<td> <\/td>\n<td> <\/td>\n<td> <\/td>\n<td> <\/td>\n<\/tr>\n<tr>\n<td>Femto\/I-LASIK<\/td>\n<td>Yakla\u015f\u0131k -12 dpt&#8217;ye kadar*<\/td>\n<td>Yakla\u015f\u0131k +5 dpt&#8217;ye kadar<\/td>\n<td>Yakla\u015f\u0131k 4,5 dpt&#8217;ye kadar<\/td>\n<td>\u2013<\/td>\n<\/tr>\n<tr>\n<td>LASEK\/PRK<\/td>\n<td>Yakla\u015f\u0131k -8 diyoptriye kadar<\/td>\n<td>Yakla\u015f\u0131k +3 diyoptriye kadar<\/td>\n<td>Yakla\u015f\u0131k 3 diyoptriye kadar<\/td>\n<td>\u2013<\/td>\n<\/tr>\n<tr>\n<td>ReLex SMILE LASIK<\/td>\n<td>Yakla\u015f\u0131k -10 diyoptriye kadar<\/td>\n<td>m\u00fcmk\u00fcn de\u011fil<\/td>\n<td>Yakla\u015f\u0131k -5 diyoptriye kadar<\/td>\n<td>\u2013<\/td>\n<\/tr>\n<tr>\n<td> <\/td>\n<td> <\/td>\n<td> <\/td>\n<td> <\/td>\n<td> <\/td>\n<\/tr>\n<tr>\n<td><em>Lens uygulamas\u0131<\/em><\/td>\n<td> <\/td>\n<td> <\/td>\n<td> <\/td>\n<td> <\/td>\n<td> <\/td>\n<\/tr>\n<tr>\n<td>G\u00f6z \u0130\u00e7i Lens (IOL)<\/td>\n<td>-25 diyoptriye kadar<\/td>\n<td>+13 diyoptriye kadar<\/td>\n<td>T\u00fcm de\u011ferler<\/td>\n<td>\u2013<\/td>\n<\/tr>\n<tr>\n<td>\u00c7ok odakl\u0131 lensler<\/td>\n<td>-25 diyoptriye kadar<\/td>\n<td>+13 diyoptriye kadar<\/td>\n<td>T\u00fcm de\u011ferler<\/td>\n<td>Evet<\/td>\n<\/tr>\n<\/tbody>\n<\/table>\n<\/figure>\n\n<p><strong>Kornea prosed\u00fcr\u00fc (eksimer lazer teknolojisi)<\/strong><\/p>\n\n<p>&#8220;Eksimer&#8221; terimi, \u0130ngilizce &#8220;excited dimer&#8221; (uyar\u0131lm\u0131\u015f molek\u00fcl) kelimesinden t\u00fcremi\u015ftir. Bu, so\u011fuk lazerlerin h\u00fccreler \u00fczerindeki etkisini ifade eder. T\u0131pta lazerler \u00e7ok \u00e7e\u015fitli alanlarda kullan\u0131lmaktad\u0131r.  <\/p>\n\n<p>Eksimer lazerler, 1980&#8217;lerin ba\u015f\u0131ndan beri g\u00f6z cerrahisinde kullan\u0131lmaktad\u0131r. Miyopi, hipermetropi ve astigmatizmay\u0131 tedavi etmek i\u00e7in kullan\u0131l\u0131rlar. Bu, tedavi s\u00fcresini en aza indirme avantaj\u0131na sahiptir.  <\/p>\n\n<p>Eksimer lazerlerde iki farkl\u0131 y\u00f6ntem kullan\u0131l\u0131r:<\/p>\n\n<ol class=\"wp-block-list\">\n<li><a href=\"https:\/\/swisslasik.ch\/https-www-swisslasik-ch\/augen-lasern\/\" data-type=\"page\" data-id=\"63\">LASIK <\/a>= Lazer yerinde keratomileusis (Standart\/ Femto-Intralase\/ <a href=\"https:\/\/swisslasik.ch\/home\/augen-lasern\/relex-smile-lasik\/\" data-type=\"page\" data-id=\"65\">ReLex Smile<\/a>)<\/li>\n\n<li>LASEK \/ PRK = Lazer (Sub)epitelyal Keratektomi<\/li>\n<\/ol>\n\n<p><strong>G\u00fcn\u00fcm\u00fczde neredeyse t\u00fcm tedaviler I-LASIK veya ReLex Smile LASIK y\u00f6ntemiyle ger\u00e7ekle\u015ftirilmektedir.<\/strong><\/p>\n\n<p><a href=\"https:\/\/swisslasik.ch\/https-www-swisslasik-ch\/augen-lasern\/\" data-type=\"page\" data-id=\"63\">Daha fazla bilgiyi burada bulabilirsiniz.<\/a><\/p>\n\n<p>Lens Ameliyat\u0131<br>Lens ameliyat\u0131, kornean\u0131n k\u0131r\u0131lma g\u00fcc\u00fcn\u00fc de\u011fi\u015ftirerek tam d\u00fczeltmenin m\u00fcmk\u00fcn olmad\u0131\u011f\u0131 \u00e7ok y\u00fcksek k\u0131r\u0131lma kusurlar\u0131 i\u00e7in \u00f6ncelikle kullan\u0131l\u0131r. Bu i\u015flem ayr\u0131ca presbiyopiyi (ya\u015fa ba\u011fl\u0131 hipermetropi) d\u00fczeltmek i\u00e7in de kullan\u0131l\u0131r. <\/p>\n\n<p>Lens implantasyonu alan\u0131ndaki deneyimimiz neredeyse 50 y\u0131la dayan\u0131yor: K\u0131r\u0131lma kusurlar\u0131n\u0131 d\u00fczeltmek i\u00e7in ilk yapay lensler 1950&#8217;lerde implante edildi.<\/p>\n\n<p><a href=\"https:\/\/swisslasik.ch\/https-www-swisslasik-ch\/augen-lasern\/linsenimplantation\/\" data-type=\"page\" data-id=\"67\">Daha fazla bilgiyi burada bulabilirsiniz.<\/a><\/p>\n\t\t\t\t\t\t\t\t<\/div>\n\t\t\t\t\t<\/div>\n\t\t\t\t<\/div>\n\t\t\t\t<\/div>\n\t\t","protected":false},"excerpt":{"rendered":"<p>G\u00f6z \u00e7evresi Lazer g\u00f6z ameliyat\u0131 LASIK G\u00d6Z LAZER TEDAV\u0130S\u0130 &#8211; Refraktif CerrahiRefraktif cerrahinin amac\u0131, refraktif kusurlar\u0131n cerrahi olarak d\u00fczeltilmesidir. G\u00f6z hastal\u0131klar\u0131 uzmanl\u0131\u011f\u0131n\u0131n bu dal\u0131, geleneksel g\u00f6rme yard\u0131mc\u0131lar\u0131yla sorun ya\u015fayan karma\u015f\u0131k g\u00f6rme bozukluklar\u0131na sahip ki\u015filere yard\u0131mc\u0131 olmak konusunda uzmanla\u015fm\u0131\u015ft\u0131r. Kornea veya merce\u011fe yap\u0131lan cerrahi m\u00fcdahalenin amac\u0131, \u0131\u015f\u0131k \u0131\u015f\u0131nlar\u0131n\u0131n veya g\u00f6r\u00fcnt\u00fclerin ek optik yard\u0131mc\u0131 ara\u00e7lara gerek kalmadan retinaya net bir \u015fekilde odaklanabilmesi i\u00e7in k\u0131r\u0131lma kusurunu d\u00fczeltmektir. \u0130\u015flemlere genel bak\u0131\u015f Refraktif cerrahinin yenilik\u00e7i y\u00f6ntemleri uzun y\u0131llard\u0131r kullan\u0131lmakta ve oftalmolojide yeni ufuklar a\u00e7maktad\u0131r. Lens ve kornea ameliyatlar\u0131 aras\u0131nda bir ayr\u0131m yap\u0131l\u0131r: Tedavi y\u00f6ntemlerine genel bak\u0131\u015f Uygulama Alanlar\u0131 Miyopi Hipermetropi Astigmatizma Presbiyopi kornea uygulamas\u0131 Femto\/I-LASIK Yakla\u015f\u0131k -12 dpt&#8217;ye kadar* Yakla\u015f\u0131k +5 dpt&#8217;ye kadar Yakla\u015f\u0131k 4,5 dpt&#8217;ye kadar \u2013 LASEK\/PRK Yakla\u015f\u0131k -8 diyoptriye kadar Yakla\u015f\u0131k +3 diyoptriye kadar Yakla\u015f\u0131k 3 diyoptriye kadar \u2013 ReLex SMILE LASIK Yakla\u015f\u0131k -10 diyoptriye kadar m\u00fcmk\u00fcn de\u011fil Yakla\u015f\u0131k -5 diyoptriye kadar \u2013 Lens uygulamas\u0131 G\u00f6z \u0130\u00e7i Lens (IOL) -25 diyoptriye kadar +13 diyoptriye kadar T\u00fcm de\u011ferler \u2013 \u00c7ok odakl\u0131 lensler -25 diyoptriye kadar +13 diyoptriye kadar T\u00fcm de\u011ferler Evet Kornea prosed\u00fcr\u00fc (eksimer lazer teknolojisi) &#8220;Eksimer&#8221; terimi, \u0130ngilizce &#8220;excited dimer&#8221; (uyar\u0131lm\u0131\u015f molek\u00fcl) kelimesinden t\u00fcremi\u015ftir. Bu, so\u011fuk lazerlerin h\u00fccreler \u00fczerindeki etkisini ifade eder. T\u0131pta lazerler \u00e7ok \u00e7e\u015fitli alanlarda kullan\u0131lmaktad\u0131r. Eksimer lazerler, 1980&#8217;lerin ba\u015f\u0131ndan beri g\u00f6z cerrahisinde kullan\u0131lmaktad\u0131r. Miyopi, hipermetropi ve astigmatizmay\u0131 tedavi etmek i\u00e7in kullan\u0131l\u0131rlar. Bu, tedavi s\u00fcresini en aza indirme avantaj\u0131na sahiptir. Eksimer lazerlerde iki farkl\u0131 y\u00f6ntem kullan\u0131l\u0131r: LASIK = Lazer yerinde keratomileusis (Standart\/ Femto-Intralase\/ ReLex Smile) LASEK \/ PRK = Lazer (Sub)epitelyal Keratektomi G\u00fcn\u00fcm\u00fczde neredeyse t\u00fcm tedaviler I-LASIK veya ReLex Smile LASIK y\u00f6ntemiyle ger\u00e7ekle\u015ftirilmektedir. Daha fazla bilgiyi burada bulabilirsiniz. Lens Ameliyat\u0131Lens ameliyat\u0131, kornean\u0131n k\u0131r\u0131lma g\u00fcc\u00fcn\u00fc de\u011fi\u015ftirerek tam d\u00fczeltmenin m\u00fcmk\u00fcn olmad\u0131\u011f\u0131 \u00e7ok y\u00fcksek k\u0131r\u0131lma kusurlar\u0131 i\u00e7in \u00f6ncelikle kullan\u0131l\u0131r. Bu i\u015flem ayr\u0131ca presbiyopiyi (ya\u015fa ba\u011fl\u0131 hipermetropi) d\u00fczeltmek i\u00e7in de kullan\u0131l\u0131r. Lens implantasyonu alan\u0131ndaki deneyimimiz neredeyse 50 y\u0131la dayan\u0131yor: K\u0131r\u0131lma kusurlar\u0131n\u0131 d\u00fczeltmek i\u00e7in ilk yapay lensler 1950&#8217;lerde implante edildi. Daha fazla bilgiyi burada bulabilirsiniz.<\/p>\n","protected":false},"author":4,"featured_media":0,"parent":0,"menu_order":0,"comment_status":"closed","ping_status":"closed","template":"","meta":{"_joinchat":[],"footnotes":""},"class_list":["post-3515","page","type-page","status-publish","hentry"],"acf":[],"_links":{"self":[{"href":"https:\/\/swisslasik.ch\/tr\/wp-json\/wp\/v2\/pages\/3515","targetHints":{"allow":["GET"]}}],"collection":[{"href":"https:\/\/swisslasik.ch\/tr\/wp-json\/wp\/v2\/pages"}],"about":[{"href":"https:\/\/swisslasik.ch\/tr\/wp-json\/wp\/v2\/types\/page"}],"author":[{"embeddable":true,"href":"https:\/\/swisslasik.ch\/tr\/wp-json\/wp\/v2\/users\/4"}],"replies":[{"embeddable":true,"href":"https:\/\/swisslasik.ch\/tr\/wp-json\/wp\/v2\/comments?post=3515"}],"version-history":[{"count":3,"href":"https:\/\/swisslasik.ch\/tr\/wp-json\/wp\/v2\/pages\/3515\/revisions"}],"predecessor-version":[{"id":3518,"href":"https:\/\/swisslasik.ch\/tr\/wp-json\/wp\/v2\/pages\/3515\/revisions\/3518"}],"wp:attachment":[{"href":"https:\/\/swisslasik.ch\/tr\/wp-json\/wp\/v2\/media?parent=3515"}],"curies":[{"name":"wp","href":"https:\/\/api.w.org\/{rel}","templated":true}]}}